{"id":25930,"date":"2023-02-09T19:32:56","date_gmt":"2023-02-09T18:32:56","guid":{"rendered":"https:\/\/www.maitri.pl\/?post_type=product&#038;p=25930"},"modified":"2024-02-07T12:53:04","modified_gmt":"2024-02-07T11:53:04","slug":"pomoc-dla-ofiar-trzesienia-ziemi-w-aleppo","status":"publish","type":"product","link":"https:\/\/www.maitri.pl\/fr\/projekt\/pomoc-dla-ofiar-trzesienia-ziemi-w-aleppo\/","title":{"rendered":"Pomoc dla ofiar trz\u0119sienia ziemi w Aleppo"},"content":{"rendered":"<h3>Pomoc dla ofiar trz\u0119sienia ziemi w Aleppo<\/h3>\n<p><strong>6 lutego o 4:17 nad ranem pogranicze Turcji oraz Syrii nawiedzi\u0142o pot\u0119\u017cne trz\u0119sienie ziemi o sile 7,9 w skali Richtera. Kataklizm szczeg\u00f3lnie dotkn\u0105\u0142 Aleppo, kt\u00f3re dodatkowo od 12 lat zmaga si\u0119 z wyniszczaj\u0105cymi skutkami wojny domowej w Syrii. W wyniku trz\u0119sienia ziemi zgin\u0119\u0142o co najmniej 600 os\u00f3b, 1500 zosta\u0142o rannych, a tysi\u0105ce os\u00f3b pozostaje uznanych za zaginionych. Sytuacja humanitarna w mie\u015bcie jest dramatyczna. W Aleppo prowadzimy program Adopcji Medycznej, w ramach kt\u00f3rego wsparciem obj\u0119tych jest 111 niepe\u0142nosprawnych podopiecznych. P<\/strong><strong>rosimy w ich imieniu o\u00a0 pomoc finansow\u0105, kt\u00f3ra zostanie przeznaczona na do\u017cywianie poszkodowanych i zapewnienie im godnych warunk\u00f3w przetrwania najbli\u017cszych tygodni. Wielu z nich schroni\u0142o si\u0119 we wsp\u00f3\u0142pracuj\u0105cej z nami od lat <a href=\"https:\/\/www.facebook.com\/latinparish.aleppo\/?fref=ts\">parafii \u015bw. Franciszka z Asy\u017cu<\/a>, prowadzonej przez Ojc\u00f3w Franciszkan\u00f3w. Poni\u017cej prezentujemy wstrz\u0105saj\u0105c\u0105 relacj\u0119 na temat aktualnej sytuacji, kt\u00f3r\u0105 otrzymali\u015bmy od koordynatorki programu Adopcji Serca w Aleppo Rouli Mistrich.<\/strong><\/p>\n<h3>Ludzie wybiegli na ulice w strugach deszczu<\/h3>\n<p>W 2023 roku mieszka\u0144cy Aleppo wci\u0105\u017c znosz\u0105 wiele cierpienia i strachu, a teraz rozpoczyna si\u0119 nowy rozdzia\u0142 ich trudno\u015bci. W poniedzia\u0142ek, 6 lutego, dok\u0142adnie o 4:17 nad ranem, nasze miasto nawiedzi\u0142o pot\u0119\u017cne trz\u0119sienie ziemi o sile 7,9 w skali Richtera. Ludzie wybiegli na ulice w strugach deszczu, w ch\u0142odn\u0105 noc, bez odpowiedniej odzie\u017cy i obuwia chroni\u0105cego przed \u017cywio\u0142ami. By\u0142o te\u017c du\u017co paniki, strachu i p\u0142aczu dzieci, a rodzice nie byli w stanie zapewni\u0107 swoim dzieciom bezpiecze\u0144stwa. W odpowiedzi na t\u0119 tragedi\u0119 zadeklarowali\u015bmy, \u017ce w naszym ko\u015bciele b\u0119dziemy wita\u0107 go\u015bci i oferowa\u0107 im ochron\u0119 przed deszczem i burz\u0105. Nast\u0119pnie zacz\u0119\u0142y do nas sp\u0142ywa\u0107 okropne wie\u015bci, w tym historie o budynkach mieszkalnych zawalaj\u0105cych si\u0119 na ich mieszka\u0144c\u00f3w. Mi\u0119dzy innymi dotar\u0142a do nas w\u00f3wczas informacja, \u017ce pod gruzami zmar\u0142 ksi\u0105dz katolicki.<\/p>\n<h3><strong>Nasz sale parafialne s\u0105 obecnie wype\u0142nione setkami os\u00f3b<\/strong><\/h3>\n<p>Aktualnie bilans strat obejmuje 50 zawalonych budynk\u00f3w, 600 ofiar \u015bmiertelnych, ponad 1500 rannych i wiele os\u00f3b zaginionych. Nasz ko\u015bci\u00f3\u0142 r\u00f3wnie\u017c nie by\u0142 odporny na uszkodzenia. Du\u017cy dzwon ko\u015bcielny spad\u0142 z dachu na ulic\u0119 i s\u0105siednie dziedzi\u0144ce. Grozi nam r\u00f3wnie\u017c zawalenie si\u0119 budynk\u00f3w po drugiej stronie ulicy z powodu p\u0119kni\u0119\u0107 w konstrukcji. Stanowi to wielkie niebezpiecze\u0144stwo, z kt\u00f3rym mo\u017cemy si\u0119 spotka\u0107 w niedalekiej przysz\u0142o\u015bci. Nasz sale parafialne s\u0105 obecnie wype\u0142nione setkami os\u00f3b. W mie\u015bcie znajduj\u0105 si\u0119 trzy franciszka\u0144skie klasztory i wszystkie przyjmuj\u0105 ludzi na miar\u0119 swoich mo\u017cliwo\u015bci. W naszym klasztorze w centrum miasta udzielamy obecnie schronienia nie mniej ni\u017c 500 osobom. Drugi klasztor, kt\u00f3ry znajduje si\u0119 na obrze\u017cach miasta i ma otwarte przestrzenie, przyj\u0105\u0142 oko\u0142o 2000 os\u00f3b, natomiast\u00a0 trzecim najmniejszych schronienie znalaz\u0142o 35 os\u00f3b. Wszystkim serwujemy trzy posi\u0142ki dziennie.<\/p>\n<p>Ludzie boj\u0105 si\u0119 powrotu do swoich dom\u00f3w (je\u015bli jakie\u015b zosta\u0142y). Czuj\u0105 strach przed mo\u017cliwo\u015bci\u0105 wyst\u0105pienia silniejszego trz\u0119sienia ziemi, albo z powodu niebezpiecznego stanu konstrukcji ich dom\u00f3w. Podczas gdy temperatury nadal spadaj\u0105, walczymy o to, aby w pomieszczeniach by\u0142o wystarczaj\u0105co ciep\u0142o dla dzieci i os\u00f3b starszych. Wszystkie serwowane posi\u0142ki przygotowywane s\u0105 przez nasz\u0105 charytatywn\u0105 kuchni\u0119 w ramach projektu \u201ePi\u0119\u0107 chleb\u00f3w i dwie ryby\u201d.<\/p>\n<h3><strong>Wasze wsparcie jest znakiem Bo\u017cej mi\u0142o\u015bci i troski<\/strong><\/h3>\n<p>Obserwujemy masowy przep\u0142yw pomocy wysy\u0142anej do naszego dotkni\u0119tego tragedi\u0105 s\u0105siada, Turcji. Tymczasem Syria nie mo\u017ce otrzyma\u0107 \u017cadnego wsparcia ani pomocy. Jednym z powa\u017cnych problem\u00f3w, przed kt\u00f3rymi stoimy, s\u0105 trudno\u015bci w uzyskaniu \u015brodk\u00f3w do przygotowania \u017cywno\u015bci w zwi\u0105zku z sankcjami na\u0142o\u017conymi na Syri\u0119. Z drugiej strony, aby poradzi\u0107 sobie z kryzysem, do Aleppo przyby\u0142 nuncjusz papieski Mario Zenari i zwo\u0142a\u0142 nadzwyczajne spotkanie biskup\u00f3w, aby znale\u017a\u0107 najlepsze sposoby na niesienie pomocy.<\/p>\n<p>Aleppo to miasto w ruinie. Jednak ilo\u015b\u0107 mi\u0142o\u015bci i wsp\u00f3\u0142czucia, kt\u00f3re otrzymujemy, wystarczy\u0142a, aby pom\u00f3c nam przezwyci\u0119\u017cy\u0107 niekt\u00f3re trudno\u015bci i przynie\u015b\u0107 ukojenie naszym sercom&#8230; Wasze wsparcie jest znakiem Bo\u017cej mi\u0142o\u015bci i troski. Dzi\u0119kujemy. M\u00f3dlmy si\u0119 razem za wszystkie dotkni\u0119te kataklizmem rodziny, kt\u00f3re straci\u0142y bliskich i za te, kt\u00f3re straci\u0142y domy.<\/p>\n<p>Odpowiedzialna za projekt: Roula Mistrich, Wsp\u00f3lnota ruchu \u201cWiara i \u015awiat\u0142o\u201d przy <a href=\"https:\/\/www.facebook.com\/latinparish.aleppo\/?fref=ts\">Parafii \u015aw. Franciszka Aleppo, Syria<\/a><\/p>\n<p style=\"text-align: justify;\" align=\"JUSTIFY\"><span style=\"color: #ff0000;\"><span style=\"font-size: large;\"><b>Kwota projektu: 5000 \u20ac<br \/>\n<\/b><\/span><\/span><\/p>\n<p style=\"text-align: justify;\"><strong>Numer projektu: 14\/FRACH<\/strong><\/p>\n<p style=\"text-align: justify;\" align=\"JUSTIFY\"><span style=\"color: #808080;\">Stowarzyszenie Ruchu\u00a0<em>Maitri<\/em>\u00a0przeznacza do 10% otrzymanych \u015brodk\u00f3w na koszty funkcjonowania biura i pozyskiwanie funduszy pomocowych.<\/span><\/p>\n<h3 style=\"text-align: justify;\" align=\"JUSTIFY\"><span style=\"color: #808080;\">Pomoc dla ofiar trz\u0119sienia ziemi w <a href=\"https:\/\/www.maitri.pl\/pomoc-dla-aleppo-koszmar-w-cieniu-globalnej-pandemii\/\">Aleppo<\/a><\/span><\/h3>\n","protected":false},"excerpt":{"rendered":"<div class=\"woocommerce-product-details__short-description\">\n<p><strong>Projekt:<\/strong> Roula Mistrich &#8211; koordynatorka pomocy humanitarnej<br \/>\n<strong>Misja:\u00a0<\/strong><a href=\"https:\/\/www.facebook.com\/latinparish.aleppo\/?fref=ts\">Parafia \u015aw. Franciszka Aleppo, Syria<\/a><\/p>\n<p class=\"maitri-project-nr\"><strong>Kwota projektu:<\/strong> <span style=\"color: #ff0000;\"><strong>5.000 \u20ac\u00a0 <\/strong><\/span><\/p>\n<p class=\"maitri-project-nr\">Nazwa projektu: <strong>14\/FRACH<\/strong><\/p>\n<\/div>\n","protected":false},"featured_media":25935,"template":"","meta":[],"product_brand":[],"product_cat":[656],"product_tag":[725,676,802,956,728,955],"class_list":{"0":"post-25930","1":"product","2":"type-product","3":"status-publish","4":"has-post-thumbnail","6":"product_cat-bez-kategorii","7":"product_tag-aleppo","8":"product_tag-dozywianie","9":"product_tag-maitri","10":"product_tag-pomoc-ubogim","11":"product_tag-syria","12":"product_tag-trzesienie-ziemi","14":"first","15":"instock","16":"virtual","17":"purchasable","18":"product-type-simple"},"yoast_head":"<!-- This site is optimized with the Yoast SEO plugin v27.2 - https:\/\/yoast.com\/product\/yoast-seo-wordpress\/ -->\n<title>Pomoc dla ofiar trz\u0119sienia ziemi w Aleppo<\/title>\n<meta name=\"description\" content=\"Prosimy o wsparcie projektu pomocy dla ofiar trz\u0119sienia ziemi w Aleppo, schronionych we wsp\u00f3\u0142pracuj\u0105cej z nami od lat parafii \u015bw. Franciszka z Asy\u017cu.\" \/>\n<meta name=\"robots\" content=\"index, follow, max-snippet:-1, max-image-preview:large, max-video-preview:-1\" \/>\n<link rel=\"canonical\" href=\"https:\/\/www.maitri.pl\/projekt\/pomoc-dla-ofiar-trzesienia-ziemi-w-aleppo\/\" \/>\n<meta property=\"og:locale\" content=\"fr_FR\" \/>\n<meta property=\"og:type\" content=\"article\" \/>\n<meta property=\"og:title\" content=\"Pomoc dla ofiar trz\u0119sienia ziemi w Aleppo\" \/>\n<meta property=\"og:description\" content=\"Prosimy o wsparcie projektu pomocy dla ofiar trz\u0119sienia ziemi w Aleppo, schronionych we wsp\u00f3\u0142pracuj\u0105cej z nami od lat parafii \u015bw. Franciszka z Asy\u017cu.\" \/>\n<meta property=\"og:url\" content=\"https:\/\/www.maitri.pl\/projekt\/pomoc-dla-ofiar-trzesienia-ziemi-w-aleppo\/\" \/>\n<meta property=\"og:site_name\" content=\"Ruch Maitri - Adopcja Serca pomoc Afryce\" \/>\n<meta property=\"article:publisher\" content=\"https:\/\/www.facebook.com\/MAITRI.Adopcja.Serca.dzieci.Afryki\/\" \/>\n<meta property=\"article:modified_time\" content=\"2024-02-07T11:53:04+00:00\" \/>\n<meta property=\"og:image\" content=\"https:\/\/www.maitri.pl\/wp-content\/uploads\/2023\/02\/Aleppo-3.png\" \/>\n\t<meta property=\"og:image:width\" content=\"910\" \/>\n\t<meta property=\"og:image:height\" content=\"531\" \/>\n\t<meta property=\"og:image:type\" content=\"image\/png\" \/>\n<meta name=\"twitter:card\" content=\"summary_large_image\" \/>\n<meta name=\"twitter:label1\" content=\"Dur\u00e9e de lecture estim\u00e9e\" \/>\n\t<meta name=\"twitter:data1\" content=\"4 minutes\" \/>\n<script type=\"application\/ld+json\" class=\"yoast-schema-graph\">{\"@context\":\"https:\/\/schema.org\",\"@graph\":[{\"@type\":\"WebPage\",\"@id\":\"https:\/\/www.maitri.pl\/projekt\/pomoc-dla-ofiar-trzesienia-ziemi-w-aleppo\/\",\"url\":\"https:\/\/www.maitri.pl\/projekt\/pomoc-dla-ofiar-trzesienia-ziemi-w-aleppo\/\",\"name\":\"Pomoc dla ofiar trz\u0119sienia ziemi w Aleppo\",\"isPartOf\":{\"@id\":\"https:\/\/www.maitri.pl\/#website\"},\"primaryImageOfPage\":{\"@id\":\"https:\/\/www.maitri.pl\/projekt\/pomoc-dla-ofiar-trzesienia-ziemi-w-aleppo\/#primaryimage\"},\"image\":{\"@id\":\"https:\/\/www.maitri.pl\/projekt\/pomoc-dla-ofiar-trzesienia-ziemi-w-aleppo\/#primaryimage\"},\"thumbnailUrl\":\"https:\/\/www.maitri.pl\/wp-content\/uploads\/2023\/02\/Aleppo-3.png\",\"datePublished\":\"2023-02-09T18:32:56+00:00\",\"dateModified\":\"2024-02-07T11:53:04+00:00\",\"description\":\"Prosimy o wsparcie projektu pomocy dla ofiar trz\u0119sienia ziemi w Aleppo, schronionych we wsp\u00f3\u0142pracuj\u0105cej z nami od lat parafii \u015bw. Franciszka z Asy\u017cu.\",\"breadcrumb\":{\"@id\":\"https:\/\/www.maitri.pl\/projekt\/pomoc-dla-ofiar-trzesienia-ziemi-w-aleppo\/#breadcrumb\"},\"inLanguage\":\"fr-FR\",\"potentialAction\":[{\"@type\":\"ReadAction\",\"target\":[\"https:\/\/www.maitri.pl\/projekt\/pomoc-dla-ofiar-trzesienia-ziemi-w-aleppo\/\"]}]},{\"@type\":\"ImageObject\",\"inLanguage\":\"fr-FR\",\"@id\":\"https:\/\/www.maitri.pl\/projekt\/pomoc-dla-ofiar-trzesienia-ziemi-w-aleppo\/#primaryimage\",\"url\":\"https:\/\/www.maitri.pl\/wp-content\/uploads\/2023\/02\/Aleppo-3.png\",\"contentUrl\":\"https:\/\/www.maitri.pl\/wp-content\/uploads\/2023\/02\/Aleppo-3.png\",\"width\":910,\"height\":531},{\"@type\":\"BreadcrumbList\",\"@id\":\"https:\/\/www.maitri.pl\/projekt\/pomoc-dla-ofiar-trzesienia-ziemi-w-aleppo\/#breadcrumb\",\"itemListElement\":[{\"@type\":\"ListItem\",\"position\":1,\"name\":\"Strona g\u0142\u00f3wna\",\"item\":\"https:\/\/www.maitri.pl\/\"},{\"@type\":\"ListItem\",\"position\":2,\"name\":\"Sklep\",\"item\":\"https:\/\/www.maitri.pl\/sklep\/\"},{\"@type\":\"ListItem\",\"position\":3,\"name\":\"Pomoc dla ofiar trz\u0119sienia ziemi w Aleppo\"}]},{\"@type\":\"WebSite\",\"@id\":\"https:\/\/www.maitri.pl\/#website\",\"url\":\"https:\/\/www.maitri.pl\/\",\"name\":\"Adopcja Serca Maitri \u2013 pomoc dzieciom w Afryce\",\"description\":\"Adopcja Serca \u2013 adopcja na odleg\u0142o\u015b\u0107, pomoc Afryce, do\u017cywianie i edukacja w Afryce\",\"publisher\":{\"@id\":\"https:\/\/www.maitri.pl\/#organization\"},\"potentialAction\":[{\"@type\":\"SearchAction\",\"target\":{\"@type\":\"EntryPoint\",\"urlTemplate\":\"https:\/\/www.maitri.pl\/?s={search_term_string}\"},\"query-input\":{\"@type\":\"PropertyValueSpecification\",\"valueRequired\":true,\"valueName\":\"search_term_string\"}}],\"inLanguage\":\"fr-FR\"},{\"@type\":\"Organization\",\"@id\":\"https:\/\/www.maitri.pl\/#organization\",\"name\":\"Stowarzyszenie Ruchu Maitri\",\"url\":\"https:\/\/www.maitri.pl\/\",\"logo\":{\"@type\":\"ImageObject\",\"inLanguage\":\"fr-FR\",\"@id\":\"https:\/\/www.maitri.pl\/#\/schema\/logo\/image\/\",\"url\":\"https:\/\/www.maitri.pl\/wp-content\/uploads\/2020\/04\/duze_logo-81.png\",\"contentUrl\":\"https:\/\/www.maitri.pl\/wp-content\/uploads\/2020\/04\/duze_logo-81.png\",\"width\":339,\"height\":321,\"caption\":\"Stowarzyszenie Ruchu Maitri\"},\"image\":{\"@id\":\"https:\/\/www.maitri.pl\/#\/schema\/logo\/image\/\"},\"sameAs\":[\"https:\/\/www.facebook.com\/MAITRI.Adopcja.Serca.dzieci.Afryki\/\"]}]}<\/script>\n<!-- \/ Yoast SEO plugin. -->","yoast_head_json":{"title":"Pomoc dla ofiar trz\u0119sienia ziemi w Aleppo","description":"Prosimy o wsparcie projektu pomocy dla ofiar trz\u0119sienia ziemi w Aleppo, schronionych we wsp\u00f3\u0142pracuj\u0105cej z nami od lat parafii \u015bw. Franciszka z Asy\u017cu.","robots":{"index":"index","follow":"follow","max-snippet":"max-snippet:-1","max-image-preview":"max-image-preview:large","max-video-preview":"max-video-preview:-1"},"canonical":"https:\/\/www.maitri.pl\/projekt\/pomoc-dla-ofiar-trzesienia-ziemi-w-aleppo\/","og_locale":"fr_FR","og_type":"article","og_title":"Pomoc dla ofiar trz\u0119sienia ziemi w Aleppo","og_description":"Prosimy o wsparcie projektu pomocy dla ofiar trz\u0119sienia ziemi w Aleppo, schronionych we wsp\u00f3\u0142pracuj\u0105cej z nami od lat parafii \u015bw. Franciszka z Asy\u017cu.","og_url":"https:\/\/www.maitri.pl\/projekt\/pomoc-dla-ofiar-trzesienia-ziemi-w-aleppo\/","og_site_name":"Ruch Maitri - Adopcja Serca pomoc Afryce","article_publisher":"https:\/\/www.facebook.com\/MAITRI.Adopcja.Serca.dzieci.Afryki\/","article_modified_time":"2024-02-07T11:53:04+00:00","og_image":[{"width":910,"height":531,"url":"https:\/\/www.maitri.pl\/wp-content\/uploads\/2023\/02\/Aleppo-3.png","type":"image\/png"}],"twitter_card":"summary_large_image","twitter_misc":{"Dur\u00e9e de lecture estim\u00e9e":"4 minutes"},"schema":{"@context":"https:\/\/schema.org","@graph":[{"@type":"WebPage","@id":"https:\/\/www.maitri.pl\/projekt\/pomoc-dla-ofiar-trzesienia-ziemi-w-aleppo\/","url":"https:\/\/www.maitri.pl\/projekt\/pomoc-dla-ofiar-trzesienia-ziemi-w-aleppo\/","name":"Pomoc dla ofiar trz\u0119sienia ziemi w Aleppo","isPartOf":{"@id":"https:\/\/www.maitri.pl\/#website"},"primaryImageOfPage":{"@id":"https:\/\/www.maitri.pl\/projekt\/pomoc-dla-ofiar-trzesienia-ziemi-w-aleppo\/#primaryimage"},"image":{"@id":"https:\/\/www.maitri.pl\/projekt\/pomoc-dla-ofiar-trzesienia-ziemi-w-aleppo\/#primaryimage"},"thumbnailUrl":"https:\/\/www.maitri.pl\/wp-content\/uploads\/2023\/02\/Aleppo-3.png","datePublished":"2023-02-09T18:32:56+00:00","dateModified":"2024-02-07T11:53:04+00:00","description":"Prosimy o wsparcie projektu pomocy dla ofiar trz\u0119sienia ziemi w Aleppo, schronionych we wsp\u00f3\u0142pracuj\u0105cej z nami od lat parafii \u015bw. Franciszka z Asy\u017cu.","breadcrumb":{"@id":"https:\/\/www.maitri.pl\/projekt\/pomoc-dla-ofiar-trzesienia-ziemi-w-aleppo\/#breadcrumb"},"inLanguage":"fr-FR","potentialAction":[{"@type":"ReadAction","target":["https:\/\/www.maitri.pl\/projekt\/pomoc-dla-ofiar-trzesienia-ziemi-w-aleppo\/"]}]},{"@type":"ImageObject","inLanguage":"fr-FR","@id":"https:\/\/www.maitri.pl\/projekt\/pomoc-dla-ofiar-trzesienia-ziemi-w-aleppo\/#primaryimage","url":"https:\/\/www.maitri.pl\/wp-content\/uploads\/2023\/02\/Aleppo-3.png","contentUrl":"https:\/\/www.maitri.pl\/wp-content\/uploads\/2023\/02\/Aleppo-3.png","width":910,"height":531},{"@type":"BreadcrumbList","@id":"https:\/\/www.maitri.pl\/projekt\/pomoc-dla-ofiar-trzesienia-ziemi-w-aleppo\/#breadcrumb","itemListElement":[{"@type":"ListItem","position":1,"name":"Strona g\u0142\u00f3wna","item":"https:\/\/www.maitri.pl\/"},{"@type":"ListItem","position":2,"name":"Sklep","item":"https:\/\/www.maitri.pl\/sklep\/"},{"@type":"ListItem","position":3,"name":"Pomoc dla ofiar trz\u0119sienia ziemi w Aleppo"}]},{"@type":"WebSite","@id":"https:\/\/www.maitri.pl\/#website","url":"https:\/\/www.maitri.pl\/","name":"Adopcja Serca Maitri \u2013 pomoc dzieciom w Afryce","description":"Adopcja Serca \u2013 adopcja na odleg\u0142o\u015b\u0107, pomoc Afryce, do\u017cywianie i edukacja w Afryce","publisher":{"@id":"https:\/\/www.maitri.pl\/#organization"},"potentialAction":[{"@type":"SearchAction","target":{"@type":"EntryPoint","urlTemplate":"https:\/\/www.maitri.pl\/?s={search_term_string}"},"query-input":{"@type":"PropertyValueSpecification","valueRequired":true,"valueName":"search_term_string"}}],"inLanguage":"fr-FR"},{"@type":"Organization","@id":"https:\/\/www.maitri.pl\/#organization","name":"Stowarzyszenie Ruchu Maitri","url":"https:\/\/www.maitri.pl\/","logo":{"@type":"ImageObject","inLanguage":"fr-FR","@id":"https:\/\/www.maitri.pl\/#\/schema\/logo\/image\/","url":"https:\/\/www.maitri.pl\/wp-content\/uploads\/2020\/04\/duze_logo-81.png","contentUrl":"https:\/\/www.maitri.pl\/wp-content\/uploads\/2020\/04\/duze_logo-81.png","width":339,"height":321,"caption":"Stowarzyszenie Ruchu Maitri"},"image":{"@id":"https:\/\/www.maitri.pl\/#\/schema\/logo\/image\/"},"sameAs":["https:\/\/www.facebook.com\/MAITRI.Adopcja.Serca.dzieci.Afryki\/"]}]}},"_links":{"self":[{"href":"https:\/\/www.maitri.pl\/fr\/wp-json\/wp\/v2\/product\/25930","targetHints":{"allow":["GET"]}}],"collection":[{"href":"https:\/\/www.maitri.pl\/fr\/wp-json\/wp\/v2\/product"}],"about":[{"href":"https:\/\/www.maitri.pl\/fr\/wp-json\/wp\/v2\/types\/product"}],"wp:featuredmedia":[{"embeddable":true,"href":"https:\/\/www.maitri.pl\/fr\/wp-json\/wp\/v2\/media\/25935"}],"wp:attachment":[{"href":"https:\/\/www.maitri.pl\/fr\/wp-json\/wp\/v2\/media?parent=25930"}],"wp:term":[{"taxonomy":"product_brand","embeddable":true,"href":"https:\/\/www.maitri.pl\/fr\/wp-json\/wp\/v2\/product_brand?post=25930"},{"taxonomy":"product_cat","embeddable":true,"href":"https:\/\/www.maitri.pl\/fr\/wp-json\/wp\/v2\/product_cat?post=25930"},{"taxonomy":"product_tag","embeddable":true,"href":"https:\/\/www.maitri.pl\/fr\/wp-json\/wp\/v2\/product_tag?post=25930"}],"curies":[{"name":"wp","href":"https:\/\/api.w.org\/{rel}","templated":true}]}}