{"id":25898,"date":"2023-02-08T12:17:35","date_gmt":"2023-02-08T11:17:35","guid":{"rendered":"https:\/\/www.maitri.pl\/?post_type=product&#038;p=25898"},"modified":"2024-02-07T12:52:51","modified_gmt":"2024-02-07T11:52:51","slug":"maszyna-do-szycia-burundi","status":"publish","type":"product","link":"https:\/\/www.maitri.pl\/fr\/projekt\/maszyna-do-szycia-burundi\/","title":{"rendered":"Maszyny do szycia dla utalentowanych dziewcz\u0105t z Musongati w Burundi"},"content":{"rendered":"<h4>Krawcowe maj\u0105 wzi\u0119cie<\/h4>\n<p>Od prawie 50 lat przy misji w Musongati zdolna m\u0142odzie\u017c zdobywa niezb\u0119dne kwalifikacje i uczy si\u0119 zawodu. Tamtejsza Szko\u0142a Centrum Nauczania Zawodu w Musongati powsta\u0142a w latach 1973-1975. Jednym z najcz\u0119\u015bciej wybieranych zaj\u0119\u0107 przez absolwentki i absolwent\u00f3w szko\u0142y jest krawiectwo. W regionie krawcowe i krawcy maj\u0105 spore wzi\u0119cie. Bez nich ci\u0119\u017cko by\u0142oby my\u015ble\u0107 o naprawach odzie\u017cy, czy przygotowaniu od\u015bwi\u0119tnych stroj\u00f3w. Osoby z umiej\u0119tno\u015bciami szycia maj\u0105 zapewnion\u0105 prac\u0119, bo popyt na ich us\u0142ugi nie spada. Dzi\u0119ki kwalifikacjom zdobytym w szkole przy misji mog\u0105 wyj\u015b\u0107 z biedy. To o czym marz\u0105 po zako\u0144czeniu nauki to w\u0142asna maszyna do szycia. chcemy podarowa\u0107 urz\u0105dzenia dla 31 uczni\u00f3w ze Szko\u0142y Zawodowej Kroju i Szycia w Musongati. W tym celu niezb\u0119dna jest pomoc ze strony <a href=\"https:\/\/www.maitri.pl\/projekty-pomocowe\/\" target=\"_blank\" rel=\"noopener\">darczy\u0144c\u00f3w Maitri<\/a> z Polski.<\/p>\n<p>Drodzy darczy\u0144cy! Zwracam si\u0119 z pro\u015bba o pomoc w zakupieniu maszyn do szycia dla 31 uczni\u00f3w ze Szko\u0142y Zawodowej Kroju i Szycia w Musongati. Zbli\u017ca si\u0119 zako\u0144czenie 2-letniej nauki w szkole zawodowej dla jednej z klas. Maszyna do szycia to marzenie wielu z naszych uczni\u00f3w. Urz\u0105dzenie pozwoli im samodzielnie wystartowa\u0107 w doros\u0142e \u017cycie i jednocze\u015bnie zapewni\u0107 sobie i rodzinie \u017ar\u00f3d\u0142o utrzymania. Niestety, zakup u\u017cywanej maszyny przekracza mo\u017cliwo\u015bci ich rodzin. T o suma, jakiej nie potrafi\u0105 sobie nawet wyobrazi\u0107. Maszyna do szycia to jedno, a trzeba jeszcze zakupi\u0107 materia\u0142y, nici, no\u017cyczki, centymetr i inne przybory niezb\u0119dne na pocz\u0105tek w\u0142asnej dzia\u0142alno\u015bci.\u00a0Ufam, \u017ce te dzieci nie zawiod\u0105 si\u0119 na ofiarno\u015bci darczy\u0144c\u00f3w z Polski. One czekaj\u0105 na te maszyny przez 2 lata nauki, licz\u0105c na wsparcie dobrych ludzi.<\/p>\n<p>\u0141\u0105cz\u0119 serdeczne pozdrowienia, pami\u0119taj\u0105c w modlitwie.<\/p>\n<h4>Kosztorys:<\/h4>\n<p>Maszyny do szycia &#8211; 167 \u20ac x 31 uczni\u00f3w = 5.177 euro<\/p>\n<p><em>s. Krystyna Pop\u0142awska<\/em>, <a href=\"https:\/\/www.karmel.pl\/rodzina-karmelu\/zgromadzenie-siostr-karmelitanek-dzieciatka-jezus\/\" target=\"_blank\" rel=\"noopener noreferrer\">Zgromadzenie Si\u00f3str Karmelitanek Dzieci\u0105tka Jezus<\/a>, Musongati, <a href=\"https:\/\/www.maitri.pl\/gdzie-pomagamy\/\" target=\"_blank\" rel=\"noopener\">Burundi<\/a><\/p>\n<p style=\"text-align: justify;\"><span style=\"color: #ff0000;\"><span style=\"font-size: large;\"><b>Kwota projektu: 5 177 \u20ac<\/b><\/span><\/span><\/p>\n<p><strong>Kwota zebrana w ca\u0142o\u015bci<\/strong><\/p>\n<p style=\"text-align: justify;\"><span style=\"font-size: large;\"><em><span style=\"color: #999999;\"><span style=\"font-size: medium;\">Stowarzyszenie Ruchu Maitri przeznacza do 10% otrzymanych \u015brodk\u00f3w na koszty funkcjonowania biura i pozyskiwanie funduszy pomocowych.<\/span><\/span><\/em><\/span><\/p>\n<h3 style=\"text-align: justify;\" align=\"JUSTIFY\"><span style=\"color: #808080;\">Maszyna do szycia dla utalentowanych dziewcz\u0105t z Musongati w Burundi<\/span><\/h3>\n","protected":false},"excerpt":{"rendered":"<p><strong>Projekt:<\/strong> <em>s. Krystyna Pop\u0142awska<\/em>, <a href=\"https:\/\/www.karmel.pl\/rodzina-karmelu\/zgromadzenie-siostr-karmelitanek-dzieciatka-jezus\/\" target=\"_blank\" rel=\"noopener noreferrer\">Zgromadzenie Si\u00f3str Karmelitanek Dzieci\u0105tka Jezus<\/a><br \/>\n<strong>Misja:<\/strong> Musongati, <a href=\"https:\/\/www.maitri.pl\/gdzie-pomagamy\/\" target=\"_blank\" rel=\"noopener\">Burundi<\/a><br \/>\n<strong>Zbierana kwota: <span style=\"color: #ff0000;\">5 177 \u20ac<\/span><\/strong><\/p>\n<p>&nbsp;<\/p>\n","protected":false},"featured_media":25913,"template":"","meta":[],"product_brand":[],"product_cat":[656],"product_tag":[667,712,866,677],"class_list":{"0":"post-25898","1":"product","2":"type-product","3":"status-publish","4":"has-post-thumbnail","6":"product_cat-bez-kategorii","7":"product_tag-burundi","8":"product_tag-musongati","9":"product_tag-siostra-krystyna-poplawska","10":"product_tag-zgromadzenie-siostr-karmelitanek-dzieciatka-jezus","12":"first","13":"instock","14":"virtual","15":"purchasable","16":"product-type-simple"},"yoast_head":"<!-- This site is optimized with the Yoast SEO plugin v27.2 - https:\/\/yoast.com\/product\/yoast-seo-wordpress\/ -->\n<title>Maszyna do szycia dla utalentowanych dziewcz\u0105t z Musongati<\/title>\n<meta name=\"description\" content=\"Maszyna do szycia dla utalentowanych dziewcz\u0105t z Musongati w Burundi. Pomoc obejmie 31 os\u00f3b. O wsparcie w zakupie maszyn prosz\u0105 Siostry Karmelitanki.\" \/>\n<meta name=\"robots\" content=\"index, follow, max-snippet:-1, max-image-preview:large, max-video-preview:-1\" \/>\n<link rel=\"canonical\" href=\"https:\/\/www.maitri.pl\/projekt\/maszyna-do-szycia-burundi\/\" \/>\n<meta property=\"og:locale\" content=\"fr_FR\" \/>\n<meta property=\"og:type\" content=\"article\" \/>\n<meta property=\"og:title\" content=\"Maszyna do szycia dla utalentowanych dziewcz\u0105t z Musongati\" \/>\n<meta property=\"og:description\" content=\"Maszyna do szycia dla utalentowanych dziewcz\u0105t z Musongati w Burundi. Pomoc obejmie 31 os\u00f3b. O wsparcie w zakupie maszyn prosz\u0105 Siostry Karmelitanki.\" \/>\n<meta property=\"og:url\" content=\"https:\/\/www.maitri.pl\/projekt\/maszyna-do-szycia-burundi\/\" \/>\n<meta property=\"og:site_name\" content=\"Ruch Maitri - Adopcja Serca pomoc Afryce\" \/>\n<meta property=\"article:publisher\" content=\"https:\/\/www.facebook.com\/MAITRI.Adopcja.Serca.dzieci.Afryki\/\" \/>\n<meta property=\"article:modified_time\" content=\"2024-02-07T11:52:51+00:00\" \/>\n<meta property=\"og:image\" content=\"https:\/\/www.maitri.pl\/wp-content\/uploads\/2023\/02\/IMG_0945.jpg\" \/>\n\t<meta property=\"og:image:width\" content=\"2187\" \/>\n\t<meta property=\"og:image:height\" content=\"1641\" \/>\n\t<meta property=\"og:image:type\" content=\"image\/jpeg\" \/>\n<meta name=\"twitter:card\" content=\"summary_large_image\" \/>\n<meta name=\"twitter:label1\" content=\"Dur\u00e9e de lecture estim\u00e9e\" \/>\n\t<meta name=\"twitter:data1\" content=\"2 minutes\" \/>\n<script type=\"application\/ld+json\" class=\"yoast-schema-graph\">{\"@context\":\"https:\/\/schema.org\",\"@graph\":[{\"@type\":\"WebPage\",\"@id\":\"https:\/\/www.maitri.pl\/projekt\/maszyna-do-szycia-burundi\/\",\"url\":\"https:\/\/www.maitri.pl\/projekt\/maszyna-do-szycia-burundi\/\",\"name\":\"Maszyna do szycia dla utalentowanych dziewcz\u0105t z Musongati\",\"isPartOf\":{\"@id\":\"https:\/\/www.maitri.pl\/#website\"},\"primaryImageOfPage\":{\"@id\":\"https:\/\/www.maitri.pl\/projekt\/maszyna-do-szycia-burundi\/#primaryimage\"},\"image\":{\"@id\":\"https:\/\/www.maitri.pl\/projekt\/maszyna-do-szycia-burundi\/#primaryimage\"},\"thumbnailUrl\":\"https:\/\/www.maitri.pl\/wp-content\/uploads\/2023\/02\/IMG_0945.jpg\",\"datePublished\":\"2023-02-08T11:17:35+00:00\",\"dateModified\":\"2024-02-07T11:52:51+00:00\",\"description\":\"Maszyna do szycia dla utalentowanych dziewcz\u0105t z Musongati w Burundi. Pomoc obejmie 31 os\u00f3b. O wsparcie w zakupie maszyn prosz\u0105 Siostry Karmelitanki.\",\"breadcrumb\":{\"@id\":\"https:\/\/www.maitri.pl\/projekt\/maszyna-do-szycia-burundi\/#breadcrumb\"},\"inLanguage\":\"fr-FR\",\"potentialAction\":[{\"@type\":\"ReadAction\",\"target\":[\"https:\/\/www.maitri.pl\/projekt\/maszyna-do-szycia-burundi\/\"]}]},{\"@type\":\"ImageObject\",\"inLanguage\":\"fr-FR\",\"@id\":\"https:\/\/www.maitri.pl\/projekt\/maszyna-do-szycia-burundi\/#primaryimage\",\"url\":\"https:\/\/www.maitri.pl\/wp-content\/uploads\/2023\/02\/IMG_0945.jpg\",\"contentUrl\":\"https:\/\/www.maitri.pl\/wp-content\/uploads\/2023\/02\/IMG_0945.jpg\",\"width\":2187,\"height\":1641,\"caption\":\"Maszyna do szycia dla utalentowanych dziewcz\u0105t z Musongati w Burundi Ruch Maitri pomoc Afryce Adopcja Serca 01\"},{\"@type\":\"BreadcrumbList\",\"@id\":\"https:\/\/www.maitri.pl\/projekt\/maszyna-do-szycia-burundi\/#breadcrumb\",\"itemListElement\":[{\"@type\":\"ListItem\",\"position\":1,\"name\":\"Strona g\u0142\u00f3wna\",\"item\":\"https:\/\/www.maitri.pl\/\"},{\"@type\":\"ListItem\",\"position\":2,\"name\":\"Sklep\",\"item\":\"https:\/\/www.maitri.pl\/sklep\/\"},{\"@type\":\"ListItem\",\"position\":3,\"name\":\"Maszyny do szycia dla utalentowanych dziewcz\u0105t z Musongati w Burundi\"}]},{\"@type\":\"WebSite\",\"@id\":\"https:\/\/www.maitri.pl\/#website\",\"url\":\"https:\/\/www.maitri.pl\/\",\"name\":\"Adopcja Serca Maitri \u2013 pomoc dzieciom w Afryce\",\"description\":\"Adopcja Serca \u2013 adopcja na odleg\u0142o\u015b\u0107, pomoc Afryce, do\u017cywianie i edukacja w Afryce\",\"publisher\":{\"@id\":\"https:\/\/www.maitri.pl\/#organization\"},\"potentialAction\":[{\"@type\":\"SearchAction\",\"target\":{\"@type\":\"EntryPoint\",\"urlTemplate\":\"https:\/\/www.maitri.pl\/?s={search_term_string}\"},\"query-input\":{\"@type\":\"PropertyValueSpecification\",\"valueRequired\":true,\"valueName\":\"search_term_string\"}}],\"inLanguage\":\"fr-FR\"},{\"@type\":\"Organization\",\"@id\":\"https:\/\/www.maitri.pl\/#organization\",\"name\":\"Stowarzyszenie Ruchu Maitri\",\"url\":\"https:\/\/www.maitri.pl\/\",\"logo\":{\"@type\":\"ImageObject\",\"inLanguage\":\"fr-FR\",\"@id\":\"https:\/\/www.maitri.pl\/#\/schema\/logo\/image\/\",\"url\":\"https:\/\/www.maitri.pl\/wp-content\/uploads\/2020\/04\/duze_logo-81.png\",\"contentUrl\":\"https:\/\/www.maitri.pl\/wp-content\/uploads\/2020\/04\/duze_logo-81.png\",\"width\":339,\"height\":321,\"caption\":\"Stowarzyszenie Ruchu Maitri\"},\"image\":{\"@id\":\"https:\/\/www.maitri.pl\/#\/schema\/logo\/image\/\"},\"sameAs\":[\"https:\/\/www.facebook.com\/MAITRI.Adopcja.Serca.dzieci.Afryki\/\"]}]}<\/script>\n<!-- \/ Yoast SEO plugin. -->","yoast_head_json":{"title":"Maszyna do szycia dla utalentowanych dziewcz\u0105t z Musongati","description":"Maszyna do szycia dla utalentowanych dziewcz\u0105t z Musongati w Burundi. Pomoc obejmie 31 os\u00f3b. O wsparcie w zakupie maszyn prosz\u0105 Siostry Karmelitanki.","robots":{"index":"index","follow":"follow","max-snippet":"max-snippet:-1","max-image-preview":"max-image-preview:large","max-video-preview":"max-video-preview:-1"},"canonical":"https:\/\/www.maitri.pl\/projekt\/maszyna-do-szycia-burundi\/","og_locale":"fr_FR","og_type":"article","og_title":"Maszyna do szycia dla utalentowanych dziewcz\u0105t z Musongati","og_description":"Maszyna do szycia dla utalentowanych dziewcz\u0105t z Musongati w Burundi. Pomoc obejmie 31 os\u00f3b. O wsparcie w zakupie maszyn prosz\u0105 Siostry Karmelitanki.","og_url":"https:\/\/www.maitri.pl\/projekt\/maszyna-do-szycia-burundi\/","og_site_name":"Ruch Maitri - Adopcja Serca pomoc Afryce","article_publisher":"https:\/\/www.facebook.com\/MAITRI.Adopcja.Serca.dzieci.Afryki\/","article_modified_time":"2024-02-07T11:52:51+00:00","og_image":[{"width":2187,"height":1641,"url":"https:\/\/www.maitri.pl\/wp-content\/uploads\/2023\/02\/IMG_0945.jpg","type":"image\/jpeg"}],"twitter_card":"summary_large_image","twitter_misc":{"Dur\u00e9e de lecture estim\u00e9e":"2 minutes"},"schema":{"@context":"https:\/\/schema.org","@graph":[{"@type":"WebPage","@id":"https:\/\/www.maitri.pl\/projekt\/maszyna-do-szycia-burundi\/","url":"https:\/\/www.maitri.pl\/projekt\/maszyna-do-szycia-burundi\/","name":"Maszyna do szycia dla utalentowanych dziewcz\u0105t z Musongati","isPartOf":{"@id":"https:\/\/www.maitri.pl\/#website"},"primaryImageOfPage":{"@id":"https:\/\/www.maitri.pl\/projekt\/maszyna-do-szycia-burundi\/#primaryimage"},"image":{"@id":"https:\/\/www.maitri.pl\/projekt\/maszyna-do-szycia-burundi\/#primaryimage"},"thumbnailUrl":"https:\/\/www.maitri.pl\/wp-content\/uploads\/2023\/02\/IMG_0945.jpg","datePublished":"2023-02-08T11:17:35+00:00","dateModified":"2024-02-07T11:52:51+00:00","description":"Maszyna do szycia dla utalentowanych dziewcz\u0105t z Musongati w Burundi. Pomoc obejmie 31 os\u00f3b. O wsparcie w zakupie maszyn prosz\u0105 Siostry Karmelitanki.","breadcrumb":{"@id":"https:\/\/www.maitri.pl\/projekt\/maszyna-do-szycia-burundi\/#breadcrumb"},"inLanguage":"fr-FR","potentialAction":[{"@type":"ReadAction","target":["https:\/\/www.maitri.pl\/projekt\/maszyna-do-szycia-burundi\/"]}]},{"@type":"ImageObject","inLanguage":"fr-FR","@id":"https:\/\/www.maitri.pl\/projekt\/maszyna-do-szycia-burundi\/#primaryimage","url":"https:\/\/www.maitri.pl\/wp-content\/uploads\/2023\/02\/IMG_0945.jpg","contentUrl":"https:\/\/www.maitri.pl\/wp-content\/uploads\/2023\/02\/IMG_0945.jpg","width":2187,"height":1641,"caption":"Maszyna do szycia dla utalentowanych dziewcz\u0105t z Musongati w Burundi Ruch Maitri pomoc Afryce Adopcja Serca 01"},{"@type":"BreadcrumbList","@id":"https:\/\/www.maitri.pl\/projekt\/maszyna-do-szycia-burundi\/#breadcrumb","itemListElement":[{"@type":"ListItem","position":1,"name":"Strona g\u0142\u00f3wna","item":"https:\/\/www.maitri.pl\/"},{"@type":"ListItem","position":2,"name":"Sklep","item":"https:\/\/www.maitri.pl\/sklep\/"},{"@type":"ListItem","position":3,"name":"Maszyny do szycia dla utalentowanych dziewcz\u0105t z Musongati w Burundi"}]},{"@type":"WebSite","@id":"https:\/\/www.maitri.pl\/#website","url":"https:\/\/www.maitri.pl\/","name":"Adopcja Serca Maitri \u2013 pomoc dzieciom w Afryce","description":"Adopcja Serca \u2013 adopcja na odleg\u0142o\u015b\u0107, pomoc Afryce, do\u017cywianie i edukacja w Afryce","publisher":{"@id":"https:\/\/www.maitri.pl\/#organization"},"potentialAction":[{"@type":"SearchAction","target":{"@type":"EntryPoint","urlTemplate":"https:\/\/www.maitri.pl\/?s={search_term_string}"},"query-input":{"@type":"PropertyValueSpecification","valueRequired":true,"valueName":"search_term_string"}}],"inLanguage":"fr-FR"},{"@type":"Organization","@id":"https:\/\/www.maitri.pl\/#organization","name":"Stowarzyszenie Ruchu Maitri","url":"https:\/\/www.maitri.pl\/","logo":{"@type":"ImageObject","inLanguage":"fr-FR","@id":"https:\/\/www.maitri.pl\/#\/schema\/logo\/image\/","url":"https:\/\/www.maitri.pl\/wp-content\/uploads\/2020\/04\/duze_logo-81.png","contentUrl":"https:\/\/www.maitri.pl\/wp-content\/uploads\/2020\/04\/duze_logo-81.png","width":339,"height":321,"caption":"Stowarzyszenie Ruchu Maitri"},"image":{"@id":"https:\/\/www.maitri.pl\/#\/schema\/logo\/image\/"},"sameAs":["https:\/\/www.facebook.com\/MAITRI.Adopcja.Serca.dzieci.Afryki\/"]}]}},"_links":{"self":[{"href":"https:\/\/www.maitri.pl\/fr\/wp-json\/wp\/v2\/product\/25898","targetHints":{"allow":["GET"]}}],"collection":[{"href":"https:\/\/www.maitri.pl\/fr\/wp-json\/wp\/v2\/product"}],"about":[{"href":"https:\/\/www.maitri.pl\/fr\/wp-json\/wp\/v2\/types\/product"}],"wp:featuredmedia":[{"embeddable":true,"href":"https:\/\/www.maitri.pl\/fr\/wp-json\/wp\/v2\/media\/25913"}],"wp:attachment":[{"href":"https:\/\/www.maitri.pl\/fr\/wp-json\/wp\/v2\/media?parent=25898"}],"wp:term":[{"taxonomy":"product_brand","embeddable":true,"href":"https:\/\/www.maitri.pl\/fr\/wp-json\/wp\/v2\/product_brand?post=25898"},{"taxonomy":"product_cat","embeddable":true,"href":"https:\/\/www.maitri.pl\/fr\/wp-json\/wp\/v2\/product_cat?post=25898"},{"taxonomy":"product_tag","embeddable":true,"href":"https:\/\/www.maitri.pl\/fr\/wp-json\/wp\/v2\/product_tag?post=25898"}],"curies":[{"name":"wp","href":"https:\/\/api.w.org\/{rel}","templated":true}]}}