{"id":25891,"date":"2023-02-08T12:16:53","date_gmt":"2023-02-08T11:16:53","guid":{"rendered":"https:\/\/www.maitri.pl\/?post_type=product&#038;p=25891"},"modified":"2024-02-07T12:52:44","modified_gmt":"2024-02-07T11:52:44","slug":"pomoc-dla-zdolnych-burundi","status":"publish","type":"product","link":"https:\/\/www.maitri.pl\/fr\/projekt\/pomoc-dla-zdolnych-burundi\/","title":{"rendered":"Pomoc dla zdolnych &#8211; maszyny do szycia dla 28 uczni\u00f3w z Gitega-Songa"},"content":{"rendered":"<h3>Umiej\u0119tno\u015bci s\u0105, sprz\u0119tu brak<\/h3>\n<p>A\u017c jedna trzecia mieszka\u0144c\u00f3w Burundi nie potrafi czyta\u0107 ani pisa\u0107. Edukacja to jedno z najwa\u017cniejszych zada\u0144, jakie stoj\u0105 przed Afryk\u0105. Bez wykszta\u0142cenia m\u0142ode pokolenia nie b\u0119d\u0105 w stanie wyrwa\u0107 si\u0119 z biedy. Od lat kszta\u0142cenie podstawowe i \u015brednie organizuj\u0105 tam Karmelitanki. Pomagamy im od pocz\u0105tku. Teraz zwracamy si\u0119 z pro\u015bb\u0105 o pomoc dla zdolnych uczni\u00f3w Szko\u0142y Zawodowej Kroju i Szycia w Gitega-Songa. M\u0142odzie\u017c garnie si\u0119 tam do nauki, bo wiedz\u0105, \u017ce umiej\u0119tno\u015b\u0107 obs\u0142ugi maszyny do szycia i krawiectwa znakomicie przyda si\u0119 w doros\u0142ym \u017cyciu. Maj\u0105 nadziej\u0119 na zmian\u0119 na lepsze \u017cycie. Jednak start bywa trudny, zw\u0142aszcza, gdy nie ma \u017cadnego wsparcia. Nie jeste\u015bmy w stanie wyci\u0105gn\u0105\u0107 z biedy ca\u0142ej ubogiej ludno\u015bci, ale mo\u017cemy wsp\u00f3lnie pom\u00f3c tym dziewczynom wej\u015b\u0107 mocnym krokiem w doros\u0142o\u015b\u0107.<\/p>\n<h4>U\u017cywana maszyna to luksus<\/h4>\n<p>Drodzy darczy\u0144cy! Zwracam si\u0119 z pro\u015bba o pomoc w zakupieniu maszyn do szycia dla 28 uczni\u00f3w ze Szko\u0142y Zawodowej Kroju i Szycia w Gitega- Songa. Ka\u017cdy z uczni\u00f3w pragnie dosta\u0107 na zako\u0144czenie 2-letniej nauki w szkole zawodowej maszyn\u0119 do szycia na w\u0142asno\u015b\u0107. Wszystkim dziewcz\u0119tom, kt\u00f3re uko\u0144czy\u0142y nauk\u0119 kroju i szycia, chcemy zakupi\u0107 upragnione maszyny do szycia i troch\u0119 materia\u0142\u00f3w krawieckich na pocz\u0105tek doros\u0142ego \u017cycia. Pozwoli im to w przysz\u0142o\u015bci zapewni\u0107 sobie i rodzinie \u017ar\u00f3d\u0142o utrzymania oraz sta\u0107 si\u0119 osobami samodzielnymi i niezale\u017cnymi. Pomoc dla zdolnych m\u0142odym ludziom b\u0119dzie stanowi\u0142a wspania\u0142y dar na pocz\u0105tek ich doros\u0142ego \u017cycia. Ich nie sta\u0107 na taki zakup. Mimo to nie trac\u0105 nadziei. Ufam, \u017ce nie zawiod\u0105 si\u0119.<\/p>\n<h4>Kosztorys:<\/h4>\n<p>Maszyny do szycia &#8211; 167 \u20ac x 28 uczni\u00f3w = 4.676 Euro<\/p>\n<p>\u0141\u0105cz\u0119 serdeczne pozdrowienia, pami\u0119taj\u0105c w modlitwie.<\/p>\n<p><em>s. Zuzanna Mas\u0142o\u0144<\/em>, <a href=\"https:\/\/www.karmel.pl\/rodzina-karmelu\/zgromadzenie-siostr-karmelitanek-dzieciatka-jezus\/\" target=\"_blank\" rel=\"noopener noreferrer\">Zgromadzenie Si\u00f3str Karmelitanek Dzieci\u0105tka Jezus<\/a>, Gitega Songa, <a href=\"https:\/\/www.maitri.pl\/gdzie-pomagamy\/\" target=\"_blank\" rel=\"noopener\">Burundi<\/a>.<\/p>\n<p style=\"text-align: justify;\"><span style=\"color: #ff0000;\"><span style=\"font-size: large;\"><b>Kwota projektu : 4 676 \u20ac<\/b><\/span><\/span><\/p>\n<p style=\"text-align: justify;\"><span style=\"font-size: large;\"><em><span style=\"color: #999999;\"><span style=\"font-size: medium;\">Stowarzyszenie Ruchu Maitri przeznacza do 10% otrzymanych \u015brodk\u00f3w na koszty funkcjonowania biura i pozyskiwanie funduszy pomocowych.<\/span><\/span><\/em><\/span><\/p>\n<h3 style=\"text-align: justify;\" align=\"JUSTIFY\"><span style=\"color: #808080;\">Pomoc dla zdolnych &#8211; maszyny do szycia dla 28 uczni\u00f3w z Gitega-Songa w Burundi<\/span><\/h3>\n","protected":false},"excerpt":{"rendered":"<p><strong>Projekt:<\/strong> <em>s. Zuzanna Mas\u0142o\u0144<\/em>, <a href=\"https:\/\/www.karmel.pl\/rodzina-karmelu\/zgromadzenie-siostr-karmelitanek-dzieciatka-jezus\/\" target=\"_blank\" rel=\"noopener noreferrer\">Zgromadzenie Si\u00f3str Karmelitanek Dzieci\u0105tka Jezus<\/a><br \/>\n<strong>Misja:<\/strong> Gitega Songa, <a href=\"https:\/\/www.maitri.pl\/gdzie-pomagamy\/\" target=\"_blank\" rel=\"noopener\">Burundi<\/a>.<br \/>\n<strong>Kwota projektu: <span style=\"color: #ff0000;\">4 676 \u20ac<\/span><\/strong><\/p>\n","protected":false},"featured_media":25917,"template":"","meta":[],"product_brand":[],"product_cat":[656],"product_tag":[667,714,715,677],"class_list":{"0":"post-25891","1":"product","2":"type-product","3":"status-publish","4":"has-post-thumbnail","6":"product_cat-bez-kategorii","7":"product_tag-burundi","8":"product_tag-gitega-songa","9":"product_tag-siostra-zuzanna-maslon","10":"product_tag-zgromadzenie-siostr-karmelitanek-dzieciatka-jezus","12":"first","13":"instock","14":"virtual","15":"purchasable","16":"product-type-simple"},"yoast_head":"<!-- This site is optimized with the Yoast SEO plugin v27.2 - https:\/\/yoast.com\/product\/yoast-seo-wordpress\/ -->\n<title>Pomoc dla zdolnych - maszyny do szycia dla uczni\u00f3w z Burundi<\/title>\n<meta name=\"description\" content=\"Pomoc dla zdolnych - maszyny do szycia dla 28 uczni\u00f3w z Gitega-Songa. Wesprzyj w zakupie u\u017cywanego sprz\u0119tu. O pomoc prosz\u0105 Siostry Karmelitanki.\" \/>\n<meta name=\"robots\" content=\"index, follow, max-snippet:-1, max-image-preview:large, max-video-preview:-1\" \/>\n<link rel=\"canonical\" href=\"https:\/\/www.maitri.pl\/projekt\/pomoc-dla-zdolnych-burundi\/\" \/>\n<meta property=\"og:locale\" content=\"fr_FR\" \/>\n<meta property=\"og:type\" content=\"article\" \/>\n<meta property=\"og:title\" content=\"Pomoc dla zdolnych - maszyny do szycia dla uczni\u00f3w z Burundi\" \/>\n<meta property=\"og:description\" content=\"Pomoc dla zdolnych - maszyny do szycia dla 28 uczni\u00f3w z Gitega-Songa. Wesprzyj w zakupie u\u017cywanego sprz\u0119tu. O pomoc prosz\u0105 Siostry Karmelitanki.\" \/>\n<meta property=\"og:url\" content=\"https:\/\/www.maitri.pl\/projekt\/pomoc-dla-zdolnych-burundi\/\" \/>\n<meta property=\"og:site_name\" content=\"Ruch Maitri - Adopcja Serca pomoc Afryce\" \/>\n<meta property=\"article:publisher\" content=\"https:\/\/www.facebook.com\/MAITRI.Adopcja.Serca.dzieci.Afryki\/\" \/>\n<meta property=\"article:modified_time\" content=\"2024-02-07T11:52:44+00:00\" \/>\n<meta property=\"og:image\" content=\"https:\/\/www.maitri.pl\/wp-content\/uploads\/2023\/02\/IMG_20180223_154644-scaled.jpg\" \/>\n\t<meta property=\"og:image:width\" content=\"2560\" \/>\n\t<meta property=\"og:image:height\" content=\"1441\" \/>\n\t<meta property=\"og:image:type\" content=\"image\/jpeg\" \/>\n<meta name=\"twitter:card\" content=\"summary_large_image\" \/>\n<meta name=\"twitter:label1\" content=\"Dur\u00e9e de lecture estim\u00e9e\" \/>\n\t<meta name=\"twitter:data1\" content=\"2 minutes\" \/>\n<script type=\"application\/ld+json\" class=\"yoast-schema-graph\">{\"@context\":\"https:\/\/schema.org\",\"@graph\":[{\"@type\":\"WebPage\",\"@id\":\"https:\/\/www.maitri.pl\/projekt\/pomoc-dla-zdolnych-burundi\/\",\"url\":\"https:\/\/www.maitri.pl\/projekt\/pomoc-dla-zdolnych-burundi\/\",\"name\":\"Pomoc dla zdolnych - maszyny do szycia dla uczni\u00f3w z Burundi\",\"isPartOf\":{\"@id\":\"https:\/\/www.maitri.pl\/#website\"},\"primaryImageOfPage\":{\"@id\":\"https:\/\/www.maitri.pl\/projekt\/pomoc-dla-zdolnych-burundi\/#primaryimage\"},\"image\":{\"@id\":\"https:\/\/www.maitri.pl\/projekt\/pomoc-dla-zdolnych-burundi\/#primaryimage\"},\"thumbnailUrl\":\"https:\/\/www.maitri.pl\/wp-content\/uploads\/2023\/02\/IMG_20180223_154644-scaled.jpg\",\"datePublished\":\"2023-02-08T11:16:53+00:00\",\"dateModified\":\"2024-02-07T11:52:44+00:00\",\"description\":\"Pomoc dla zdolnych - maszyny do szycia dla 28 uczni\u00f3w z Gitega-Songa. Wesprzyj w zakupie u\u017cywanego sprz\u0119tu. O pomoc prosz\u0105 Siostry Karmelitanki.\",\"breadcrumb\":{\"@id\":\"https:\/\/www.maitri.pl\/projekt\/pomoc-dla-zdolnych-burundi\/#breadcrumb\"},\"inLanguage\":\"fr-FR\",\"potentialAction\":[{\"@type\":\"ReadAction\",\"target\":[\"https:\/\/www.maitri.pl\/projekt\/pomoc-dla-zdolnych-burundi\/\"]}]},{\"@type\":\"ImageObject\",\"inLanguage\":\"fr-FR\",\"@id\":\"https:\/\/www.maitri.pl\/projekt\/pomoc-dla-zdolnych-burundi\/#primaryimage\",\"url\":\"https:\/\/www.maitri.pl\/wp-content\/uploads\/2023\/02\/IMG_20180223_154644-scaled.jpg\",\"contentUrl\":\"https:\/\/www.maitri.pl\/wp-content\/uploads\/2023\/02\/IMG_20180223_154644-scaled.jpg\",\"width\":2560,\"height\":1441,\"caption\":\"Pomoc dla zdolnych - maszyny do szycia dla 28 uczni\u00f3w z Gitega-Songa Maitri Adopcja Serca 01\"},{\"@type\":\"BreadcrumbList\",\"@id\":\"https:\/\/www.maitri.pl\/projekt\/pomoc-dla-zdolnych-burundi\/#breadcrumb\",\"itemListElement\":[{\"@type\":\"ListItem\",\"position\":1,\"name\":\"Strona g\u0142\u00f3wna\",\"item\":\"https:\/\/www.maitri.pl\/\"},{\"@type\":\"ListItem\",\"position\":2,\"name\":\"Sklep\",\"item\":\"https:\/\/www.maitri.pl\/sklep\/\"},{\"@type\":\"ListItem\",\"position\":3,\"name\":\"Pomoc dla zdolnych &#8211; maszyny do szycia dla 28 uczni\u00f3w z Gitega-Songa\"}]},{\"@type\":\"WebSite\",\"@id\":\"https:\/\/www.maitri.pl\/#website\",\"url\":\"https:\/\/www.maitri.pl\/\",\"name\":\"Adopcja Serca Maitri \u2013 pomoc dzieciom w Afryce\",\"description\":\"Adopcja Serca \u2013 adopcja na odleg\u0142o\u015b\u0107, pomoc Afryce, do\u017cywianie i edukacja w Afryce\",\"publisher\":{\"@id\":\"https:\/\/www.maitri.pl\/#organization\"},\"potentialAction\":[{\"@type\":\"SearchAction\",\"target\":{\"@type\":\"EntryPoint\",\"urlTemplate\":\"https:\/\/www.maitri.pl\/?s={search_term_string}\"},\"query-input\":{\"@type\":\"PropertyValueSpecification\",\"valueRequired\":true,\"valueName\":\"search_term_string\"}}],\"inLanguage\":\"fr-FR\"},{\"@type\":\"Organization\",\"@id\":\"https:\/\/www.maitri.pl\/#organization\",\"name\":\"Stowarzyszenie Ruchu Maitri\",\"url\":\"https:\/\/www.maitri.pl\/\",\"logo\":{\"@type\":\"ImageObject\",\"inLanguage\":\"fr-FR\",\"@id\":\"https:\/\/www.maitri.pl\/#\/schema\/logo\/image\/\",\"url\":\"https:\/\/www.maitri.pl\/wp-content\/uploads\/2020\/04\/duze_logo-81.png\",\"contentUrl\":\"https:\/\/www.maitri.pl\/wp-content\/uploads\/2020\/04\/duze_logo-81.png\",\"width\":339,\"height\":321,\"caption\":\"Stowarzyszenie Ruchu Maitri\"},\"image\":{\"@id\":\"https:\/\/www.maitri.pl\/#\/schema\/logo\/image\/\"},\"sameAs\":[\"https:\/\/www.facebook.com\/MAITRI.Adopcja.Serca.dzieci.Afryki\/\"]}]}<\/script>\n<!-- \/ Yoast SEO plugin. -->","yoast_head_json":{"title":"Pomoc dla zdolnych - maszyny do szycia dla uczni\u00f3w z Burundi","description":"Pomoc dla zdolnych - maszyny do szycia dla 28 uczni\u00f3w z Gitega-Songa. Wesprzyj w zakupie u\u017cywanego sprz\u0119tu. O pomoc prosz\u0105 Siostry Karmelitanki.","robots":{"index":"index","follow":"follow","max-snippet":"max-snippet:-1","max-image-preview":"max-image-preview:large","max-video-preview":"max-video-preview:-1"},"canonical":"https:\/\/www.maitri.pl\/projekt\/pomoc-dla-zdolnych-burundi\/","og_locale":"fr_FR","og_type":"article","og_title":"Pomoc dla zdolnych - maszyny do szycia dla uczni\u00f3w z Burundi","og_description":"Pomoc dla zdolnych - maszyny do szycia dla 28 uczni\u00f3w z Gitega-Songa. Wesprzyj w zakupie u\u017cywanego sprz\u0119tu. O pomoc prosz\u0105 Siostry Karmelitanki.","og_url":"https:\/\/www.maitri.pl\/projekt\/pomoc-dla-zdolnych-burundi\/","og_site_name":"Ruch Maitri - Adopcja Serca pomoc Afryce","article_publisher":"https:\/\/www.facebook.com\/MAITRI.Adopcja.Serca.dzieci.Afryki\/","article_modified_time":"2024-02-07T11:52:44+00:00","og_image":[{"width":2560,"height":1441,"url":"https:\/\/www.maitri.pl\/wp-content\/uploads\/2023\/02\/IMG_20180223_154644-scaled.jpg","type":"image\/jpeg"}],"twitter_card":"summary_large_image","twitter_misc":{"Dur\u00e9e de lecture estim\u00e9e":"2 minutes"},"schema":{"@context":"https:\/\/schema.org","@graph":[{"@type":"WebPage","@id":"https:\/\/www.maitri.pl\/projekt\/pomoc-dla-zdolnych-burundi\/","url":"https:\/\/www.maitri.pl\/projekt\/pomoc-dla-zdolnych-burundi\/","name":"Pomoc dla zdolnych - maszyny do szycia dla uczni\u00f3w z Burundi","isPartOf":{"@id":"https:\/\/www.maitri.pl\/#website"},"primaryImageOfPage":{"@id":"https:\/\/www.maitri.pl\/projekt\/pomoc-dla-zdolnych-burundi\/#primaryimage"},"image":{"@id":"https:\/\/www.maitri.pl\/projekt\/pomoc-dla-zdolnych-burundi\/#primaryimage"},"thumbnailUrl":"https:\/\/www.maitri.pl\/wp-content\/uploads\/2023\/02\/IMG_20180223_154644-scaled.jpg","datePublished":"2023-02-08T11:16:53+00:00","dateModified":"2024-02-07T11:52:44+00:00","description":"Pomoc dla zdolnych - maszyny do szycia dla 28 uczni\u00f3w z Gitega-Songa. Wesprzyj w zakupie u\u017cywanego sprz\u0119tu. O pomoc prosz\u0105 Siostry Karmelitanki.","breadcrumb":{"@id":"https:\/\/www.maitri.pl\/projekt\/pomoc-dla-zdolnych-burundi\/#breadcrumb"},"inLanguage":"fr-FR","potentialAction":[{"@type":"ReadAction","target":["https:\/\/www.maitri.pl\/projekt\/pomoc-dla-zdolnych-burundi\/"]}]},{"@type":"ImageObject","inLanguage":"fr-FR","@id":"https:\/\/www.maitri.pl\/projekt\/pomoc-dla-zdolnych-burundi\/#primaryimage","url":"https:\/\/www.maitri.pl\/wp-content\/uploads\/2023\/02\/IMG_20180223_154644-scaled.jpg","contentUrl":"https:\/\/www.maitri.pl\/wp-content\/uploads\/2023\/02\/IMG_20180223_154644-scaled.jpg","width":2560,"height":1441,"caption":"Pomoc dla zdolnych - maszyny do szycia dla 28 uczni\u00f3w z Gitega-Songa Maitri Adopcja Serca 01"},{"@type":"BreadcrumbList","@id":"https:\/\/www.maitri.pl\/projekt\/pomoc-dla-zdolnych-burundi\/#breadcrumb","itemListElement":[{"@type":"ListItem","position":1,"name":"Strona g\u0142\u00f3wna","item":"https:\/\/www.maitri.pl\/"},{"@type":"ListItem","position":2,"name":"Sklep","item":"https:\/\/www.maitri.pl\/sklep\/"},{"@type":"ListItem","position":3,"name":"Pomoc dla zdolnych &#8211; maszyny do szycia dla 28 uczni\u00f3w z Gitega-Songa"}]},{"@type":"WebSite","@id":"https:\/\/www.maitri.pl\/#website","url":"https:\/\/www.maitri.pl\/","name":"Adopcja Serca Maitri \u2013 pomoc dzieciom w Afryce","description":"Adopcja Serca \u2013 adopcja na odleg\u0142o\u015b\u0107, pomoc Afryce, do\u017cywianie i edukacja w Afryce","publisher":{"@id":"https:\/\/www.maitri.pl\/#organization"},"potentialAction":[{"@type":"SearchAction","target":{"@type":"EntryPoint","urlTemplate":"https:\/\/www.maitri.pl\/?s={search_term_string}"},"query-input":{"@type":"PropertyValueSpecification","valueRequired":true,"valueName":"search_term_string"}}],"inLanguage":"fr-FR"},{"@type":"Organization","@id":"https:\/\/www.maitri.pl\/#organization","name":"Stowarzyszenie Ruchu Maitri","url":"https:\/\/www.maitri.pl\/","logo":{"@type":"ImageObject","inLanguage":"fr-FR","@id":"https:\/\/www.maitri.pl\/#\/schema\/logo\/image\/","url":"https:\/\/www.maitri.pl\/wp-content\/uploads\/2020\/04\/duze_logo-81.png","contentUrl":"https:\/\/www.maitri.pl\/wp-content\/uploads\/2020\/04\/duze_logo-81.png","width":339,"height":321,"caption":"Stowarzyszenie Ruchu Maitri"},"image":{"@id":"https:\/\/www.maitri.pl\/#\/schema\/logo\/image\/"},"sameAs":["https:\/\/www.facebook.com\/MAITRI.Adopcja.Serca.dzieci.Afryki\/"]}]}},"_links":{"self":[{"href":"https:\/\/www.maitri.pl\/fr\/wp-json\/wp\/v2\/product\/25891","targetHints":{"allow":["GET"]}}],"collection":[{"href":"https:\/\/www.maitri.pl\/fr\/wp-json\/wp\/v2\/product"}],"about":[{"href":"https:\/\/www.maitri.pl\/fr\/wp-json\/wp\/v2\/types\/product"}],"wp:featuredmedia":[{"embeddable":true,"href":"https:\/\/www.maitri.pl\/fr\/wp-json\/wp\/v2\/media\/25917"}],"wp:attachment":[{"href":"https:\/\/www.maitri.pl\/fr\/wp-json\/wp\/v2\/media?parent=25891"}],"wp:term":[{"taxonomy":"product_brand","embeddable":true,"href":"https:\/\/www.maitri.pl\/fr\/wp-json\/wp\/v2\/product_brand?post=25891"},{"taxonomy":"product_cat","embeddable":true,"href":"https:\/\/www.maitri.pl\/fr\/wp-json\/wp\/v2\/product_cat?post=25891"},{"taxonomy":"product_tag","embeddable":true,"href":"https:\/\/www.maitri.pl\/fr\/wp-json\/wp\/v2\/product_tag?post=25891"}],"curies":[{"name":"wp","href":"https:\/\/api.w.org\/{rel}","templated":true}]}}