{"id":25872,"date":"2023-02-08T12:18:13","date_gmt":"2023-02-08T11:18:13","guid":{"rendered":"https:\/\/www.maitri.pl\/?post_type=product&#038;p=25872"},"modified":"2025-03-31T14:15:01","modified_gmt":"2025-03-31T12:15:01","slug":"wyposazenie-internatu-dla-studentow-w-kayanza-w-burundi","status":"publish","type":"product","link":"https:\/\/www.maitri.pl\/fr\/projekt\/wyposazenie-internatu-dla-studentow-w-kayanza-w-burundi\/","title":{"rendered":"Wyposa\u017cenie internatu dla student\u00f3w w Kayanza w Burundi"},"content":{"rendered":"<h4>Tam ci\u0119\u017cko wynaj\u0105\u0107 pok\u00f3j<\/h4>\n<p>Zdolna m\u0142odzie\u017c, kt\u00f3r\u0105 wspieramy wsp\u00f3lnie z darczy\u0144cami z Polski w programie <a href=\"https:\/\/www.maitri.pl\/adopcja-serca\/\" target=\"_blank\" rel=\"noopener\">Adopcja Serca<\/a>, nie ko\u0144czy edukacji na szkole \u015bredniej lub zawodowej. Od stycznia 2019 roku niekt\u00f3re dzieci z Buraniro, kt\u00f3re s\u0105 obj\u0119te programem Adopcji Serca, kszta\u0142c\u0105 si\u0119 ju\u017c na poziomie uniwersyteckim. Rodzice adopcyjni pomagaj\u0105 im dalej, aby mogli op\u0142aci\u0107 szko\u0142\u0119 wy\u017csz\u0105. Bardzo to nas cieszy, jednak m\u0142odzie\u017c ma ogromny problem z wynaj\u0119ciem pokoi. Nasi uczniowie albo mieszkaj\u0105 zbyt daleko od szko\u0142y albo cena wynajmu jest dla nich zbyt wysoka. Dochodzi te\u017c do sytuacji, \u017ce dostaj\u0105 wypowiedzenie, bo w\u0142a\u015bciciel domu, w kt\u00f3rym mieszkaj\u0105, pozna\u0142 innego ucznia, kt\u00f3ry jest w stanie zap\u0142aci\u0107 za wynajem troch\u0119 wi\u0119cej. Wyposa\u017cenie internatu dla student\u00f3w w Kayanza pomo\u017ce rozwi\u0105za\u0107 problem wynajmu.<\/p>\n<h4>Budujemy internat<\/h4>\n<p>Od dw\u00f3ch lat w mie\u015bcie Kayanza, oddalonym od nas o 25 km, funkcjonuje szko\u0142a wy\u017csza. Nasze Zgromadzenie zakupi\u0142o w tej miejscowo\u015bci dzia\u0142k\u0119 budowlan\u0105. Jeste\u015bmy w trakcie budowy domu-internatu. Przewidujemy tam powstanie 8 pokoi przeznaczonych dla naszych student\u00f3w. Brakuje jednak \u015brodk\u00f3w na wyposa\u017cenie internatu dla student\u00f3w. O tym, jak potrzebny to projekt najlepiej \u015bwiadczy to, \u017ce dzi\u0119ki internatowi rodziny b\u0119d\u0105 mog\u0142y uczestniczy\u0107 w dostawie jedzenia dla student\u00f3w. Jak dot\u0105d pokonywali ponad 100 km, co by\u0142o du\u017c\u0105 przeszkod\u0105.<\/p>\n<h4>Brakuje wszystkiego<\/h4>\n<p>Dom jest ju\u017c podci\u0105gni\u0119ty pod dach, jednak brak paliwa na rynku bardzo podni\u00f3s\u0142 koszty budowy. Prosimy wi\u0119c o pomoc w wyposa\u017ceniu pokoi dla student\u00f3w. To dla nich wa\u017cne. Najbardziej potrzeba \u0142\u00f3\u017cek, koc\u00f3w, materac\u00f3w, po\u015bcieli, poduszek, r\u0119cznik\u00f3w i podobnych element\u00f3w wyposa\u017cenia.\u00a0 Kszta\u0142cenie na poziomie uniwersyteckim da im w przysz\u0142o\u015bci mo\u017cliwo\u015b\u0107 znalezienia lepszej pracy. Wesprzyj wyposa\u017cenie internatu dla student\u00f3w w Kayanza w Burundi.<\/p>\n<p>&nbsp;<\/p>\n<h4>Kosztorys:<\/h4>\n<p><img loading=\"lazy\" decoding=\"async\" class=\"alignnone wp-image-30238 size-full\" src=\"https:\/\/www.maitri.pl\/wp-content\/uploads\/2023\/02\/215-ducha.png\" alt=\"\" width=\"891\" height=\"612\" srcset=\"https:\/\/www.maitri.pl\/wp-content\/uploads\/2023\/02\/215-ducha.png 891w, https:\/\/www.maitri.pl\/wp-content\/uploads\/2023\/02\/215-ducha-300x206.png 300w, https:\/\/www.maitri.pl\/wp-content\/uploads\/2023\/02\/215-ducha-768x528.png 768w, https:\/\/www.maitri.pl\/wp-content\/uploads\/2023\/02\/215-ducha-600x412.png 600w\" sizes=\"auto, (max-width: 891px) 100vw, 891px\" \/><\/p>\n<p><em><strong>Podsumowanie w miejscowej walucie: 10 500 000 frank\u00f3w burundyjskich<\/strong><\/em><\/p>\n<p><em>Siostra Ezechiela Pyszka<\/em>, <a href=\"http:\/\/kanoniczki.pl\/index.php\/pojdz-za-mna\/moje-powolanie\/260-jestem-afrykanka\"> Zgromadzenie Si\u00f3str Kanoniczek Ducha \u015awi\u0119tego de Saxia<\/a>, Buraniro, <a href=\"https:\/\/www.maitri.pl\/gdzie-pomagamy\/\" target=\"_blank\" rel=\"noopener noreferrer\">Burundi<\/a><\/p>\n<p style=\"text-align: justify;\" align=\"JUSTIFY\"><span style=\"color: #ff0000;\"><span style=\"font-size: large;\"><b>Kwota projektu: 3 330 \u20ac<br \/>\n<\/b><\/span><\/span><\/p>\n<p style=\"text-align: justify;\"><strong>Numer projektu: 215\/DUCHA<\/strong><\/p>\n<p style=\"text-align: justify;\" align=\"JUSTIFY\"><span style=\"color: #808080;\">Stowarzyszenie Ruchu\u00a0<em>Maitri<\/em>\u00a0przeznacza do 10% otrzymanych \u015brodk\u00f3w na koszty funkcjonowania biura i pozyskiwanie funduszy pomocowych.<\/span><\/p>\n<h3 style=\"text-align: justify;\" align=\"JUSTIFY\"><span style=\"color: #808080;\">Wyposa\u017cenie internatu dla student\u00f3w w Kayanza w Burundi. O pomoc prosz\u0105 Siostry Kanoniczki<\/span><\/h3>\n","protected":false},"excerpt":{"rendered":"<p><strong>Projekt:<\/strong> <em>Siostra Ezechiela Pyszka<\/em>, <a href=\"http:\/\/kanoniczki.pl\/index.php\/pojdz-za-mna\/moje-powolanie\/260-jestem-afrykanka\"> Zgromadzenie Si\u00f3str Kanoniczek Ducha \u015awi\u0119tego de Saxia<\/a><br \/>\n<strong>Misja:<\/strong> Buraniro, <a href=\"https:\/\/www.maitri.pl\/gdzie-pomagamy\/\" target=\"_blank\" rel=\"noopener noreferrer\">Burundi<\/a><br \/>\n<strong>Zbierana kwota: <span style=\"color: #ff0000;\">3 330\u20ac<\/span><\/strong><\/p>\n","protected":false},"featured_media":25878,"template":"","meta":[],"product_brand":[],"product_cat":[656],"product_tag":[666,667,668,845],"class_list":{"0":"post-25872","1":"product","2":"type-product","3":"status-publish","4":"has-post-thumbnail","6":"product_cat-bez-kategorii","7":"product_tag-buraniro","8":"product_tag-burundi","9":"product_tag-siostra-ezechiela-pyszka","10":"product_tag-zgromadzenie-siostr-kanoniczek-ducha-swietego","12":"first","13":"instock","14":"virtual","15":"purchasable","16":"product-type-simple"},"yoast_head":"<!-- This site is optimized with the Yoast SEO plugin v27.2 - https:\/\/yoast.com\/product\/yoast-seo-wordpress\/ -->\n<title>Wyposa\u017cenie internatu dla student\u00f3w w Kayanza w Burundi<\/title>\n<meta name=\"description\" content=\"Wyposa\u017cenie internatu dla student\u00f3w w Kayanza w Burundi. Brakuje koc\u00f3w, materac\u00f3w, po\u015bcieli, \u0142\u00f3\u017cek. O pomoc prosz\u0105 siostry Kanoniczki Ducha \u015aw.\" \/>\n<meta name=\"robots\" content=\"index, follow, max-snippet:-1, max-image-preview:large, max-video-preview:-1\" \/>\n<link rel=\"canonical\" href=\"https:\/\/www.maitri.pl\/projekt\/wyposazenie-internatu-dla-studentow-w-kayanza-w-burundi\/\" \/>\n<meta property=\"og:locale\" content=\"fr_FR\" \/>\n<meta property=\"og:type\" content=\"article\" \/>\n<meta property=\"og:title\" content=\"Wyposa\u017cenie internatu dla student\u00f3w w Kayanza w Burundi\" \/>\n<meta property=\"og:description\" content=\"Wyposa\u017cenie internatu dla student\u00f3w w Kayanza w Burundi. Brakuje koc\u00f3w, materac\u00f3w, po\u015bcieli, \u0142\u00f3\u017cek. O pomoc prosz\u0105 siostry Kanoniczki Ducha \u015aw.\" \/>\n<meta property=\"og:url\" content=\"https:\/\/www.maitri.pl\/projekt\/wyposazenie-internatu-dla-studentow-w-kayanza-w-burundi\/\" \/>\n<meta property=\"og:site_name\" content=\"Ruch Maitri - Adopcja Serca pomoc Afryce\" \/>\n<meta property=\"article:publisher\" content=\"https:\/\/www.facebook.com\/MAITRI.Adopcja.Serca.dzieci.Afryki\/\" \/>\n<meta property=\"article:modified_time\" content=\"2025-03-31T12:15:01+00:00\" \/>\n<meta property=\"og:image\" content=\"https:\/\/www.maitri.pl\/wp-content\/uploads\/2023\/02\/IMG-20210814-WA0000.jpg\" \/>\n\t<meta property=\"og:image:width\" content=\"1032\" \/>\n\t<meta property=\"og:image:height\" content=\"774\" \/>\n\t<meta property=\"og:image:type\" content=\"image\/jpeg\" \/>\n<meta name=\"twitter:card\" content=\"summary_large_image\" \/>\n<meta name=\"twitter:label1\" content=\"Dur\u00e9e de lecture estim\u00e9e\" \/>\n\t<meta name=\"twitter:data1\" content=\"3 minutes\" \/>\n<script type=\"application\/ld+json\" class=\"yoast-schema-graph\">{\"@context\":\"https:\/\/schema.org\",\"@graph\":[{\"@type\":\"WebPage\",\"@id\":\"https:\/\/www.maitri.pl\/projekt\/wyposazenie-internatu-dla-studentow-w-kayanza-w-burundi\/\",\"url\":\"https:\/\/www.maitri.pl\/projekt\/wyposazenie-internatu-dla-studentow-w-kayanza-w-burundi\/\",\"name\":\"Wyposa\u017cenie internatu dla student\u00f3w w Kayanza w Burundi\",\"isPartOf\":{\"@id\":\"https:\/\/www.maitri.pl\/#website\"},\"primaryImageOfPage\":{\"@id\":\"https:\/\/www.maitri.pl\/projekt\/wyposazenie-internatu-dla-studentow-w-kayanza-w-burundi\/#primaryimage\"},\"image\":{\"@id\":\"https:\/\/www.maitri.pl\/projekt\/wyposazenie-internatu-dla-studentow-w-kayanza-w-burundi\/#primaryimage\"},\"thumbnailUrl\":\"https:\/\/www.maitri.pl\/wp-content\/uploads\/2023\/02\/IMG-20210814-WA0000.jpg\",\"datePublished\":\"2023-02-08T11:18:13+00:00\",\"dateModified\":\"2025-03-31T12:15:01+00:00\",\"description\":\"Wyposa\u017cenie internatu dla student\u00f3w w Kayanza w Burundi. Brakuje koc\u00f3w, materac\u00f3w, po\u015bcieli, \u0142\u00f3\u017cek. O pomoc prosz\u0105 siostry Kanoniczki Ducha \u015aw.\",\"breadcrumb\":{\"@id\":\"https:\/\/www.maitri.pl\/projekt\/wyposazenie-internatu-dla-studentow-w-kayanza-w-burundi\/#breadcrumb\"},\"inLanguage\":\"fr-FR\",\"potentialAction\":[{\"@type\":\"ReadAction\",\"target\":[\"https:\/\/www.maitri.pl\/projekt\/wyposazenie-internatu-dla-studentow-w-kayanza-w-burundi\/\"]}]},{\"@type\":\"ImageObject\",\"inLanguage\":\"fr-FR\",\"@id\":\"https:\/\/www.maitri.pl\/projekt\/wyposazenie-internatu-dla-studentow-w-kayanza-w-burundi\/#primaryimage\",\"url\":\"https:\/\/www.maitri.pl\/wp-content\/uploads\/2023\/02\/IMG-20210814-WA0000.jpg\",\"contentUrl\":\"https:\/\/www.maitri.pl\/wp-content\/uploads\/2023\/02\/IMG-20210814-WA0000.jpg\",\"width\":1032,\"height\":774,\"caption\":\"Wyposa\u017cenie internatu dla student\u00f3w w Kayanza w Burundi Adopcja Serca Ruch Maitri 03\"},{\"@type\":\"BreadcrumbList\",\"@id\":\"https:\/\/www.maitri.pl\/projekt\/wyposazenie-internatu-dla-studentow-w-kayanza-w-burundi\/#breadcrumb\",\"itemListElement\":[{\"@type\":\"ListItem\",\"position\":1,\"name\":\"Strona g\u0142\u00f3wna\",\"item\":\"https:\/\/www.maitri.pl\/\"},{\"@type\":\"ListItem\",\"position\":2,\"name\":\"Sklep\",\"item\":\"https:\/\/www.maitri.pl\/sklep\/\"},{\"@type\":\"ListItem\",\"position\":3,\"name\":\"Wyposa\u017cenie internatu dla student\u00f3w w Kayanza w Burundi\"}]},{\"@type\":\"WebSite\",\"@id\":\"https:\/\/www.maitri.pl\/#website\",\"url\":\"https:\/\/www.maitri.pl\/\",\"name\":\"Adopcja Serca Maitri \u2013 pomoc dzieciom w Afryce\",\"description\":\"Adopcja Serca \u2013 adopcja na odleg\u0142o\u015b\u0107, pomoc Afryce, do\u017cywianie i edukacja w Afryce\",\"publisher\":{\"@id\":\"https:\/\/www.maitri.pl\/#organization\"},\"potentialAction\":[{\"@type\":\"SearchAction\",\"target\":{\"@type\":\"EntryPoint\",\"urlTemplate\":\"https:\/\/www.maitri.pl\/?s={search_term_string}\"},\"query-input\":{\"@type\":\"PropertyValueSpecification\",\"valueRequired\":true,\"valueName\":\"search_term_string\"}}],\"inLanguage\":\"fr-FR\"},{\"@type\":\"Organization\",\"@id\":\"https:\/\/www.maitri.pl\/#organization\",\"name\":\"Stowarzyszenie Ruchu Maitri\",\"url\":\"https:\/\/www.maitri.pl\/\",\"logo\":{\"@type\":\"ImageObject\",\"inLanguage\":\"fr-FR\",\"@id\":\"https:\/\/www.maitri.pl\/#\/schema\/logo\/image\/\",\"url\":\"https:\/\/www.maitri.pl\/wp-content\/uploads\/2020\/04\/duze_logo-81.png\",\"contentUrl\":\"https:\/\/www.maitri.pl\/wp-content\/uploads\/2020\/04\/duze_logo-81.png\",\"width\":339,\"height\":321,\"caption\":\"Stowarzyszenie Ruchu Maitri\"},\"image\":{\"@id\":\"https:\/\/www.maitri.pl\/#\/schema\/logo\/image\/\"},\"sameAs\":[\"https:\/\/www.facebook.com\/MAITRI.Adopcja.Serca.dzieci.Afryki\/\"]}]}<\/script>\n<!-- \/ Yoast SEO plugin. -->","yoast_head_json":{"title":"Wyposa\u017cenie internatu dla student\u00f3w w Kayanza w Burundi","description":"Wyposa\u017cenie internatu dla student\u00f3w w Kayanza w Burundi. Brakuje koc\u00f3w, materac\u00f3w, po\u015bcieli, \u0142\u00f3\u017cek. O pomoc prosz\u0105 siostry Kanoniczki Ducha \u015aw.","robots":{"index":"index","follow":"follow","max-snippet":"max-snippet:-1","max-image-preview":"max-image-preview:large","max-video-preview":"max-video-preview:-1"},"canonical":"https:\/\/www.maitri.pl\/projekt\/wyposazenie-internatu-dla-studentow-w-kayanza-w-burundi\/","og_locale":"fr_FR","og_type":"article","og_title":"Wyposa\u017cenie internatu dla student\u00f3w w Kayanza w Burundi","og_description":"Wyposa\u017cenie internatu dla student\u00f3w w Kayanza w Burundi. Brakuje koc\u00f3w, materac\u00f3w, po\u015bcieli, \u0142\u00f3\u017cek. O pomoc prosz\u0105 siostry Kanoniczki Ducha \u015aw.","og_url":"https:\/\/www.maitri.pl\/projekt\/wyposazenie-internatu-dla-studentow-w-kayanza-w-burundi\/","og_site_name":"Ruch Maitri - Adopcja Serca pomoc Afryce","article_publisher":"https:\/\/www.facebook.com\/MAITRI.Adopcja.Serca.dzieci.Afryki\/","article_modified_time":"2025-03-31T12:15:01+00:00","og_image":[{"width":1032,"height":774,"url":"https:\/\/www.maitri.pl\/wp-content\/uploads\/2023\/02\/IMG-20210814-WA0000.jpg","type":"image\/jpeg"}],"twitter_card":"summary_large_image","twitter_misc":{"Dur\u00e9e de lecture estim\u00e9e":"3 minutes"},"schema":{"@context":"https:\/\/schema.org","@graph":[{"@type":"WebPage","@id":"https:\/\/www.maitri.pl\/projekt\/wyposazenie-internatu-dla-studentow-w-kayanza-w-burundi\/","url":"https:\/\/www.maitri.pl\/projekt\/wyposazenie-internatu-dla-studentow-w-kayanza-w-burundi\/","name":"Wyposa\u017cenie internatu dla student\u00f3w w Kayanza w Burundi","isPartOf":{"@id":"https:\/\/www.maitri.pl\/#website"},"primaryImageOfPage":{"@id":"https:\/\/www.maitri.pl\/projekt\/wyposazenie-internatu-dla-studentow-w-kayanza-w-burundi\/#primaryimage"},"image":{"@id":"https:\/\/www.maitri.pl\/projekt\/wyposazenie-internatu-dla-studentow-w-kayanza-w-burundi\/#primaryimage"},"thumbnailUrl":"https:\/\/www.maitri.pl\/wp-content\/uploads\/2023\/02\/IMG-20210814-WA0000.jpg","datePublished":"2023-02-08T11:18:13+00:00","dateModified":"2025-03-31T12:15:01+00:00","description":"Wyposa\u017cenie internatu dla student\u00f3w w Kayanza w Burundi. Brakuje koc\u00f3w, materac\u00f3w, po\u015bcieli, \u0142\u00f3\u017cek. O pomoc prosz\u0105 siostry Kanoniczki Ducha \u015aw.","breadcrumb":{"@id":"https:\/\/www.maitri.pl\/projekt\/wyposazenie-internatu-dla-studentow-w-kayanza-w-burundi\/#breadcrumb"},"inLanguage":"fr-FR","potentialAction":[{"@type":"ReadAction","target":["https:\/\/www.maitri.pl\/projekt\/wyposazenie-internatu-dla-studentow-w-kayanza-w-burundi\/"]}]},{"@type":"ImageObject","inLanguage":"fr-FR","@id":"https:\/\/www.maitri.pl\/projekt\/wyposazenie-internatu-dla-studentow-w-kayanza-w-burundi\/#primaryimage","url":"https:\/\/www.maitri.pl\/wp-content\/uploads\/2023\/02\/IMG-20210814-WA0000.jpg","contentUrl":"https:\/\/www.maitri.pl\/wp-content\/uploads\/2023\/02\/IMG-20210814-WA0000.jpg","width":1032,"height":774,"caption":"Wyposa\u017cenie internatu dla student\u00f3w w Kayanza w Burundi Adopcja Serca Ruch Maitri 03"},{"@type":"BreadcrumbList","@id":"https:\/\/www.maitri.pl\/projekt\/wyposazenie-internatu-dla-studentow-w-kayanza-w-burundi\/#breadcrumb","itemListElement":[{"@type":"ListItem","position":1,"name":"Strona g\u0142\u00f3wna","item":"https:\/\/www.maitri.pl\/"},{"@type":"ListItem","position":2,"name":"Sklep","item":"https:\/\/www.maitri.pl\/sklep\/"},{"@type":"ListItem","position":3,"name":"Wyposa\u017cenie internatu dla student\u00f3w w Kayanza w Burundi"}]},{"@type":"WebSite","@id":"https:\/\/www.maitri.pl\/#website","url":"https:\/\/www.maitri.pl\/","name":"Adopcja Serca Maitri \u2013 pomoc dzieciom w Afryce","description":"Adopcja Serca \u2013 adopcja na odleg\u0142o\u015b\u0107, pomoc Afryce, do\u017cywianie i edukacja w Afryce","publisher":{"@id":"https:\/\/www.maitri.pl\/#organization"},"potentialAction":[{"@type":"SearchAction","target":{"@type":"EntryPoint","urlTemplate":"https:\/\/www.maitri.pl\/?s={search_term_string}"},"query-input":{"@type":"PropertyValueSpecification","valueRequired":true,"valueName":"search_term_string"}}],"inLanguage":"fr-FR"},{"@type":"Organization","@id":"https:\/\/www.maitri.pl\/#organization","name":"Stowarzyszenie Ruchu Maitri","url":"https:\/\/www.maitri.pl\/","logo":{"@type":"ImageObject","inLanguage":"fr-FR","@id":"https:\/\/www.maitri.pl\/#\/schema\/logo\/image\/","url":"https:\/\/www.maitri.pl\/wp-content\/uploads\/2020\/04\/duze_logo-81.png","contentUrl":"https:\/\/www.maitri.pl\/wp-content\/uploads\/2020\/04\/duze_logo-81.png","width":339,"height":321,"caption":"Stowarzyszenie Ruchu Maitri"},"image":{"@id":"https:\/\/www.maitri.pl\/#\/schema\/logo\/image\/"},"sameAs":["https:\/\/www.facebook.com\/MAITRI.Adopcja.Serca.dzieci.Afryki\/"]}]}},"_links":{"self":[{"href":"https:\/\/www.maitri.pl\/fr\/wp-json\/wp\/v2\/product\/25872","targetHints":{"allow":["GET"]}}],"collection":[{"href":"https:\/\/www.maitri.pl\/fr\/wp-json\/wp\/v2\/product"}],"about":[{"href":"https:\/\/www.maitri.pl\/fr\/wp-json\/wp\/v2\/types\/product"}],"wp:featuredmedia":[{"embeddable":true,"href":"https:\/\/www.maitri.pl\/fr\/wp-json\/wp\/v2\/media\/25878"}],"wp:attachment":[{"href":"https:\/\/www.maitri.pl\/fr\/wp-json\/wp\/v2\/media?parent=25872"}],"wp:term":[{"taxonomy":"product_brand","embeddable":true,"href":"https:\/\/www.maitri.pl\/fr\/wp-json\/wp\/v2\/product_brand?post=25872"},{"taxonomy":"product_cat","embeddable":true,"href":"https:\/\/www.maitri.pl\/fr\/wp-json\/wp\/v2\/product_cat?post=25872"},{"taxonomy":"product_tag","embeddable":true,"href":"https:\/\/www.maitri.pl\/fr\/wp-json\/wp\/v2\/product_tag?post=25872"}],"curies":[{"name":"wp","href":"https:\/\/api.w.org\/{rel}","templated":true}]}}