{"id":25865,"date":"2023-02-08T12:18:24","date_gmt":"2023-02-08T11:18:24","guid":{"rendered":"https:\/\/www.maitri.pl\/?post_type=product&#038;p=25865"},"modified":"2024-02-07T12:52:56","modified_gmt":"2024-02-07T11:52:56","slug":"nowe-protezy-rwanda","status":"publish","type":"product","link":"https:\/\/www.maitri.pl\/fr\/projekt\/nowe-protezy-rwanda\/","title":{"rendered":"Nowe protezy n\u00f3g dla podopiecznego Adopcji Serca z Rwandy"},"content":{"rendered":"<h4>Gangrena zabra\u0142a mu nogi<\/h4>\n<p>Niyonizeye Laurien przyszed\u0142 na \u015bwiat w 2002 roku. Jest najm\u0142odszym dzieckiem w dziewi\u0119cioosobowej rodzinie. Ch\u0142opiec ma trzech braci, cztery siostry i oboje rodzic\u00f3w. Nieszcz\u0119\u015bcie dotkn\u0119\u0142o go ju\u017c we wczesnym dzieci\u0144stwie. Z powodu gangreny w wieku zaledwie 2 lat amputowano mu obie nogi poni\u017cej kolana. Obecnie Laurien porusza si\u0119 za pomoc\u0105 starych, zniszczonych protez i kul, kt\u00f3re przestaj\u0105 ju\u017c wype\u0142nia\u0107 swoje zadanie. Ch\u0142opiec pozostaje w domu pod opiek\u0105 rodzic\u00f3w. Tata i mama utrzymuj\u0105 siebie i dzieci z pracy w polu. Niestety nie sta\u0107 ich na nowe protezy dla Lauriena. Taki wydatek jest dla nich nieosi\u0105galnym luksusem.<\/p>\n<h4>Uszkodzone kule<\/h4>\n<p>Aktualnie Laurien ucz\u0119szcza do pierwszej klasy szko\u0142y \u015bredniej w ASPADE Ngororero. Do szko\u0142y chodzi pieszo, posi\u0142kuj\u0105c si\u0119 w tym celu starymi protezami oraz kulami. Bez protez nie jest w stanie si\u0119 porusza\u0107. Ca\u0142y czas u\u017cywa starych protez, kt\u00f3re otrzyma\u0142 jako nastolatek. Od tego czasu znacznie ur\u00f3s\u0142. Protezy s\u0105 ju\u017c mocno zu\u017cyte, a ich konstrukcja znacznie uszkodzona. Nie wytrzymuj\u0105 obci\u0105\u017cenia, bo dostosowane by\u0142y do potrzeb dziecka, a teraz Laurien ma ju\u017c ponad 20 lat. Dzieci\u0119ce kule r\u00f3wnie\u017c s\u0105 ju\u017c zbyt kr\u00f3tkie. Nowe protezy, dostosowane do obecnych potrzeb Lauriena, stworzy\u0142yby mu mo\u017cliwo\u015b\u0107 swobodnego poruszania si\u0119. Pom\u00f3\u017cmy mu zdoby\u0107 \u201enowe nogi\u201d i podarujmy mu lepsz\u0105 jako\u015b\u0107 \u017cycia. Interwencja darczy\u0144c\u00f3w <a href=\"https:\/\/www.maitri.pl\/projekty-pomocowe\/\" target=\"_blank\" rel=\"noopener\">Stowarzyszenia Ruchu Maitri<\/a> jest niezb\u0119dna. Dochody rodzic\u00f3w wystarczaj\u0105 na zapewnienie po\u017cywienia, ale nie s\u0105 w stanie ud\u017awign\u0105\u0107 koszt\u00f3w nowych protez obu n\u00f3g, kt\u00f3re s\u0105 niezb\u0119dne dla ich syna.<\/p>\n<h4><strong>Kosztorys:<\/strong><\/h4>\n<table>\n<tbody>\n<tr>\n<td width=\"34\"><strong>LP<\/strong><\/td>\n<td width=\"311\"><strong>OPIS <\/strong><\/td>\n<td width=\"85\"><strong>Jednostki miary<\/strong><\/td>\n<td width=\"115\">&nbsp;<\/p>\n<p><strong>Cena<\/strong><\/p>\n<p>&nbsp;<\/td>\n<td width=\"115\"><strong>\u0141\u0105czna kwota\u00a0\u00a0\u00a0\u00a0\u00a0\u00a0\u00a0\u00a0\u00a0\u00a0\u00a0\u00a0\u00a0\u00a0\u00a0\u00a0\u00a0\u00a0\u00a0\u00a0\u00a0 <\/strong><\/td>\n<\/tr>\n<tr>\n<td width=\"34\">1<\/td>\n<td width=\"311\">Protezy obu n\u00f3g<\/td>\n<td width=\"85\">1 para<\/td>\n<td width=\"115\">1 283 700<\/td>\n<td width=\"115\">1 283 700 frank\u00f3w rwandyjskich<\/td>\n<\/tr>\n<tr>\n<td width=\"34\">2<\/td>\n<td width=\"311\">Kule \u0142okciowe<\/td>\n<td width=\"85\">1 para<\/td>\n<td width=\"115\">128 400<\/td>\n<td width=\"115\">128 400 frank\u00f3w rwandyjskich<\/td>\n<\/tr>\n<tr>\n<td width=\"34\"><\/td>\n<td width=\"311\"><strong>Razem<\/strong><\/td>\n<td width=\"85\"><\/td>\n<td width=\"115\"><\/td>\n<td width=\"115\">1 412 070 frank\u00f3w rwandyjskich<\/td>\n<\/tr>\n<\/tbody>\n<\/table>\n<p>Siostra Agnieszka Czajkowska, <a href=\"https:\/\/www.siostryodaniolow.pl\/\" target=\"_blank\" rel=\"noopener noreferrer\">Zgromadzenie Si\u00f3str od Anio\u0142\u00f3w<\/a>,\u00a0Nyakinama, <a href=\"https:\/\/www.maitri.pl\/gdzie-pomagamy\/\" target=\"_blank\" rel=\"noopener noreferrer\">Rwanda<\/a><\/p>\n<p><strong>Podsumowanie w miejscowej walucie: 1 412 070 frank\u00f3w rwandyjskich<\/strong><\/p>\n<p style=\"text-align: justify;\" align=\"JUSTIFY\"><span style=\"color: #ff0000;\"><span style=\"font-size: large;\"><b>Kwota projektu: 1220 \u20ac<br \/>\n<\/b><\/span><\/span><\/p>\n<p style=\"text-align: justify;\"><strong>Numer projektu: 157\/ANIOL <\/strong><\/p>\n<p style=\"text-align: justify;\" align=\"JUSTIFY\"><span style=\"color: #808080;\">Stowarzyszenie Ruchu\u00a0<em>Maitri<\/em>\u00a0przeznacza do 10% otrzymanych \u015brodk\u00f3w na koszty funkcjonowania biura i pozyskiwanie funduszy pomocowych.<\/span><\/p>\n<h3 style=\"text-align: justify;\" align=\"JUSTIFY\"><span style=\"color: #808080;\">Nowe protezy n\u00f3g dla podopiecznego Adopcji Serca z Rwandy<\/span><\/h3>\n","protected":false},"excerpt":{"rendered":"<p><strong>Projekt:<\/strong> Siostra Agnieszka Czajkowska, <a href=\"https:\/\/www.siostryodaniolow.pl\/\" target=\"_blank\" rel=\"noopener noreferrer\">Zgromadzenie Si\u00f3str od Anio\u0142\u00f3w<\/a><br \/>\n<strong>Misja:<\/strong> Nyakinama, <a href=\"https:\/\/www.maitri.pl\/gdzie-pomagamy\/\" target=\"_blank\" rel=\"noopener noreferrer\">Rwanda<\/a><br \/>\n<strong>Kwota projektu:<\/strong> <span style=\"color: #ff0000;\"><strong>1 220 \u20ac<\/strong><\/span><\/p>\n","protected":false},"featured_media":25870,"template":"","meta":[],"product_brand":[],"product_cat":[656],"product_tag":[704,707,708,665],"class_list":{"0":"post-25865","1":"product","2":"type-product","3":"status-publish","4":"has-post-thumbnail","6":"product_cat-bez-kategorii","7":"product_tag-niepelnosprawni","8":"product_tag-rwanda","9":"product_tag-siostra-agnieszka-czajkowska","10":"product_tag-zgromadzenie-siostr-od-aniolow","12":"first","13":"instock","14":"virtual","15":"purchasable","16":"product-type-simple"},"yoast_head":"<!-- This site is optimized with the Yoast SEO plugin v27.2 - https:\/\/yoast.com\/product\/yoast-seo-wordpress\/ -->\n<title>Nowe protezy n\u00f3g dla podopiecznego Adopcji Serca z Rwandy<\/title>\n<meta name=\"description\" content=\"Nowe protezy n\u00f3g dla podopiecznego Adopcji Serca z Rwandy. Niyonizeye Laurien potrzebuje protez obu n\u00f3g. O wsparcie prosz\u0105 Siostry od Anio\u0142\u00f3w.\" \/>\n<meta name=\"robots\" content=\"index, follow, max-snippet:-1, max-image-preview:large, max-video-preview:-1\" \/>\n<link rel=\"canonical\" href=\"https:\/\/www.maitri.pl\/projekt\/nowe-protezy-rwanda\/\" \/>\n<meta property=\"og:locale\" content=\"fr_FR\" \/>\n<meta property=\"og:type\" content=\"article\" \/>\n<meta property=\"og:title\" content=\"Nowe protezy n\u00f3g dla podopiecznego Adopcji Serca z Rwandy\" \/>\n<meta property=\"og:description\" content=\"Nowe protezy n\u00f3g dla podopiecznego Adopcji Serca z Rwandy. Niyonizeye Laurien potrzebuje protez obu n\u00f3g. O wsparcie prosz\u0105 Siostry od Anio\u0142\u00f3w.\" \/>\n<meta property=\"og:url\" content=\"https:\/\/www.maitri.pl\/projekt\/nowe-protezy-rwanda\/\" \/>\n<meta property=\"og:site_name\" content=\"Ruch Maitri - Adopcja Serca pomoc Afryce\" \/>\n<meta property=\"article:publisher\" content=\"https:\/\/www.facebook.com\/MAITRI.Adopcja.Serca.dzieci.Afryki\/\" \/>\n<meta property=\"article:modified_time\" content=\"2024-02-07T11:52:56+00:00\" \/>\n<meta property=\"og:image\" content=\"https:\/\/www.maitri.pl\/wp-content\/uploads\/2023\/02\/Nowy-projekt-9.png\" \/>\n\t<meta property=\"og:image:width\" content=\"540\" \/>\n\t<meta property=\"og:image:height\" content=\"540\" \/>\n\t<meta property=\"og:image:type\" content=\"image\/png\" \/>\n<meta name=\"twitter:card\" content=\"summary_large_image\" \/>\n<meta name=\"twitter:label1\" content=\"Dur\u00e9e de lecture estim\u00e9e\" \/>\n\t<meta name=\"twitter:data1\" content=\"2 minutes\" \/>\n<script type=\"application\/ld+json\" class=\"yoast-schema-graph\">{\"@context\":\"https:\/\/schema.org\",\"@graph\":[{\"@type\":\"WebPage\",\"@id\":\"https:\/\/www.maitri.pl\/projekt\/nowe-protezy-rwanda\/\",\"url\":\"https:\/\/www.maitri.pl\/projekt\/nowe-protezy-rwanda\/\",\"name\":\"Nowe protezy n\u00f3g dla podopiecznego Adopcji Serca z Rwandy\",\"isPartOf\":{\"@id\":\"https:\/\/www.maitri.pl\/#website\"},\"primaryImageOfPage\":{\"@id\":\"https:\/\/www.maitri.pl\/projekt\/nowe-protezy-rwanda\/#primaryimage\"},\"image\":{\"@id\":\"https:\/\/www.maitri.pl\/projekt\/nowe-protezy-rwanda\/#primaryimage\"},\"thumbnailUrl\":\"https:\/\/www.maitri.pl\/wp-content\/uploads\/2023\/02\/Nowy-projekt-9.png\",\"datePublished\":\"2023-02-08T11:18:24+00:00\",\"dateModified\":\"2024-02-07T11:52:56+00:00\",\"description\":\"Nowe protezy n\u00f3g dla podopiecznego Adopcji Serca z Rwandy. Niyonizeye Laurien potrzebuje protez obu n\u00f3g. O wsparcie prosz\u0105 Siostry od Anio\u0142\u00f3w.\",\"breadcrumb\":{\"@id\":\"https:\/\/www.maitri.pl\/projekt\/nowe-protezy-rwanda\/#breadcrumb\"},\"inLanguage\":\"fr-FR\",\"potentialAction\":[{\"@type\":\"ReadAction\",\"target\":[\"https:\/\/www.maitri.pl\/projekt\/nowe-protezy-rwanda\/\"]}]},{\"@type\":\"ImageObject\",\"inLanguage\":\"fr-FR\",\"@id\":\"https:\/\/www.maitri.pl\/projekt\/nowe-protezy-rwanda\/#primaryimage\",\"url\":\"https:\/\/www.maitri.pl\/wp-content\/uploads\/2023\/02\/Nowy-projekt-9.png\",\"contentUrl\":\"https:\/\/www.maitri.pl\/wp-content\/uploads\/2023\/02\/Nowy-projekt-9.png\",\"width\":540,\"height\":540,\"caption\":\"Nowe protezy n\u00f3g dla podopiecznego Adopcji Serca z Rwandy pomoc Afryce program Adopcja Serca Adopcja Duchowa Ruch Maitri 01\"},{\"@type\":\"BreadcrumbList\",\"@id\":\"https:\/\/www.maitri.pl\/projekt\/nowe-protezy-rwanda\/#breadcrumb\",\"itemListElement\":[{\"@type\":\"ListItem\",\"position\":1,\"name\":\"Strona g\u0142\u00f3wna\",\"item\":\"https:\/\/www.maitri.pl\/\"},{\"@type\":\"ListItem\",\"position\":2,\"name\":\"Sklep\",\"item\":\"https:\/\/www.maitri.pl\/sklep\/\"},{\"@type\":\"ListItem\",\"position\":3,\"name\":\"Nowe protezy n\u00f3g dla podopiecznego Adopcji Serca z Rwandy\"}]},{\"@type\":\"WebSite\",\"@id\":\"https:\/\/www.maitri.pl\/#website\",\"url\":\"https:\/\/www.maitri.pl\/\",\"name\":\"Adopcja Serca Maitri \u2013 pomoc dzieciom w Afryce\",\"description\":\"Adopcja Serca \u2013 adopcja na odleg\u0142o\u015b\u0107, pomoc Afryce, do\u017cywianie i edukacja w Afryce\",\"publisher\":{\"@id\":\"https:\/\/www.maitri.pl\/#organization\"},\"potentialAction\":[{\"@type\":\"SearchAction\",\"target\":{\"@type\":\"EntryPoint\",\"urlTemplate\":\"https:\/\/www.maitri.pl\/?s={search_term_string}\"},\"query-input\":{\"@type\":\"PropertyValueSpecification\",\"valueRequired\":true,\"valueName\":\"search_term_string\"}}],\"inLanguage\":\"fr-FR\"},{\"@type\":\"Organization\",\"@id\":\"https:\/\/www.maitri.pl\/#organization\",\"name\":\"Stowarzyszenie Ruchu Maitri\",\"url\":\"https:\/\/www.maitri.pl\/\",\"logo\":{\"@type\":\"ImageObject\",\"inLanguage\":\"fr-FR\",\"@id\":\"https:\/\/www.maitri.pl\/#\/schema\/logo\/image\/\",\"url\":\"https:\/\/www.maitri.pl\/wp-content\/uploads\/2020\/04\/duze_logo-81.png\",\"contentUrl\":\"https:\/\/www.maitri.pl\/wp-content\/uploads\/2020\/04\/duze_logo-81.png\",\"width\":339,\"height\":321,\"caption\":\"Stowarzyszenie Ruchu Maitri\"},\"image\":{\"@id\":\"https:\/\/www.maitri.pl\/#\/schema\/logo\/image\/\"},\"sameAs\":[\"https:\/\/www.facebook.com\/MAITRI.Adopcja.Serca.dzieci.Afryki\/\"]}]}<\/script>\n<!-- \/ Yoast SEO plugin. -->","yoast_head_json":{"title":"Nowe protezy n\u00f3g dla podopiecznego Adopcji Serca z Rwandy","description":"Nowe protezy n\u00f3g dla podopiecznego Adopcji Serca z Rwandy. Niyonizeye Laurien potrzebuje protez obu n\u00f3g. O wsparcie prosz\u0105 Siostry od Anio\u0142\u00f3w.","robots":{"index":"index","follow":"follow","max-snippet":"max-snippet:-1","max-image-preview":"max-image-preview:large","max-video-preview":"max-video-preview:-1"},"canonical":"https:\/\/www.maitri.pl\/projekt\/nowe-protezy-rwanda\/","og_locale":"fr_FR","og_type":"article","og_title":"Nowe protezy n\u00f3g dla podopiecznego Adopcji Serca z Rwandy","og_description":"Nowe protezy n\u00f3g dla podopiecznego Adopcji Serca z Rwandy. Niyonizeye Laurien potrzebuje protez obu n\u00f3g. O wsparcie prosz\u0105 Siostry od Anio\u0142\u00f3w.","og_url":"https:\/\/www.maitri.pl\/projekt\/nowe-protezy-rwanda\/","og_site_name":"Ruch Maitri - Adopcja Serca pomoc Afryce","article_publisher":"https:\/\/www.facebook.com\/MAITRI.Adopcja.Serca.dzieci.Afryki\/","article_modified_time":"2024-02-07T11:52:56+00:00","og_image":[{"width":540,"height":540,"url":"https:\/\/www.maitri.pl\/wp-content\/uploads\/2023\/02\/Nowy-projekt-9.png","type":"image\/png"}],"twitter_card":"summary_large_image","twitter_misc":{"Dur\u00e9e de lecture estim\u00e9e":"2 minutes"},"schema":{"@context":"https:\/\/schema.org","@graph":[{"@type":"WebPage","@id":"https:\/\/www.maitri.pl\/projekt\/nowe-protezy-rwanda\/","url":"https:\/\/www.maitri.pl\/projekt\/nowe-protezy-rwanda\/","name":"Nowe protezy n\u00f3g dla podopiecznego Adopcji Serca z Rwandy","isPartOf":{"@id":"https:\/\/www.maitri.pl\/#website"},"primaryImageOfPage":{"@id":"https:\/\/www.maitri.pl\/projekt\/nowe-protezy-rwanda\/#primaryimage"},"image":{"@id":"https:\/\/www.maitri.pl\/projekt\/nowe-protezy-rwanda\/#primaryimage"},"thumbnailUrl":"https:\/\/www.maitri.pl\/wp-content\/uploads\/2023\/02\/Nowy-projekt-9.png","datePublished":"2023-02-08T11:18:24+00:00","dateModified":"2024-02-07T11:52:56+00:00","description":"Nowe protezy n\u00f3g dla podopiecznego Adopcji Serca z Rwandy. Niyonizeye Laurien potrzebuje protez obu n\u00f3g. O wsparcie prosz\u0105 Siostry od Anio\u0142\u00f3w.","breadcrumb":{"@id":"https:\/\/www.maitri.pl\/projekt\/nowe-protezy-rwanda\/#breadcrumb"},"inLanguage":"fr-FR","potentialAction":[{"@type":"ReadAction","target":["https:\/\/www.maitri.pl\/projekt\/nowe-protezy-rwanda\/"]}]},{"@type":"ImageObject","inLanguage":"fr-FR","@id":"https:\/\/www.maitri.pl\/projekt\/nowe-protezy-rwanda\/#primaryimage","url":"https:\/\/www.maitri.pl\/wp-content\/uploads\/2023\/02\/Nowy-projekt-9.png","contentUrl":"https:\/\/www.maitri.pl\/wp-content\/uploads\/2023\/02\/Nowy-projekt-9.png","width":540,"height":540,"caption":"Nowe protezy n\u00f3g dla podopiecznego Adopcji Serca z Rwandy pomoc Afryce program Adopcja Serca Adopcja Duchowa Ruch Maitri 01"},{"@type":"BreadcrumbList","@id":"https:\/\/www.maitri.pl\/projekt\/nowe-protezy-rwanda\/#breadcrumb","itemListElement":[{"@type":"ListItem","position":1,"name":"Strona g\u0142\u00f3wna","item":"https:\/\/www.maitri.pl\/"},{"@type":"ListItem","position":2,"name":"Sklep","item":"https:\/\/www.maitri.pl\/sklep\/"},{"@type":"ListItem","position":3,"name":"Nowe protezy n\u00f3g dla podopiecznego Adopcji Serca z Rwandy"}]},{"@type":"WebSite","@id":"https:\/\/www.maitri.pl\/#website","url":"https:\/\/www.maitri.pl\/","name":"Adopcja Serca Maitri \u2013 pomoc dzieciom w Afryce","description":"Adopcja Serca \u2013 adopcja na odleg\u0142o\u015b\u0107, pomoc Afryce, do\u017cywianie i edukacja w Afryce","publisher":{"@id":"https:\/\/www.maitri.pl\/#organization"},"potentialAction":[{"@type":"SearchAction","target":{"@type":"EntryPoint","urlTemplate":"https:\/\/www.maitri.pl\/?s={search_term_string}"},"query-input":{"@type":"PropertyValueSpecification","valueRequired":true,"valueName":"search_term_string"}}],"inLanguage":"fr-FR"},{"@type":"Organization","@id":"https:\/\/www.maitri.pl\/#organization","name":"Stowarzyszenie Ruchu Maitri","url":"https:\/\/www.maitri.pl\/","logo":{"@type":"ImageObject","inLanguage":"fr-FR","@id":"https:\/\/www.maitri.pl\/#\/schema\/logo\/image\/","url":"https:\/\/www.maitri.pl\/wp-content\/uploads\/2020\/04\/duze_logo-81.png","contentUrl":"https:\/\/www.maitri.pl\/wp-content\/uploads\/2020\/04\/duze_logo-81.png","width":339,"height":321,"caption":"Stowarzyszenie Ruchu Maitri"},"image":{"@id":"https:\/\/www.maitri.pl\/#\/schema\/logo\/image\/"},"sameAs":["https:\/\/www.facebook.com\/MAITRI.Adopcja.Serca.dzieci.Afryki\/"]}]}},"_links":{"self":[{"href":"https:\/\/www.maitri.pl\/fr\/wp-json\/wp\/v2\/product\/25865","targetHints":{"allow":["GET"]}}],"collection":[{"href":"https:\/\/www.maitri.pl\/fr\/wp-json\/wp\/v2\/product"}],"about":[{"href":"https:\/\/www.maitri.pl\/fr\/wp-json\/wp\/v2\/types\/product"}],"wp:featuredmedia":[{"embeddable":true,"href":"https:\/\/www.maitri.pl\/fr\/wp-json\/wp\/v2\/media\/25870"}],"wp:attachment":[{"href":"https:\/\/www.maitri.pl\/fr\/wp-json\/wp\/v2\/media?parent=25865"}],"wp:term":[{"taxonomy":"product_brand","embeddable":true,"href":"https:\/\/www.maitri.pl\/fr\/wp-json\/wp\/v2\/product_brand?post=25865"},{"taxonomy":"product_cat","embeddable":true,"href":"https:\/\/www.maitri.pl\/fr\/wp-json\/wp\/v2\/product_cat?post=25865"},{"taxonomy":"product_tag","embeddable":true,"href":"https:\/\/www.maitri.pl\/fr\/wp-json\/wp\/v2\/product_tag?post=25865"}],"curies":[{"name":"wp","href":"https:\/\/api.w.org\/{rel}","templated":true}]}}