{"id":25810,"date":"2023-01-30T10:53:19","date_gmt":"2023-01-30T09:53:19","guid":{"rendered":"https:\/\/www.maitri.pl\/?post_type=product&#038;p=25810"},"modified":"2024-02-07T12:52:20","modified_gmt":"2024-02-07T11:52:20","slug":"adopcja-duchowa-kamerun","status":"publish","type":"product","link":"https:\/\/www.maitri.pl\/fr\/projekt\/adopcja-duchowa-kamerun\/","title":{"rendered":"Adopcja Duchowa &#8211; szkolenia dla m\u0142odzie\u017cy w Atok w Kamerunie"},"content":{"rendered":"<h4>Nauka odpowiedzialno\u015bci<\/h4>\n<p>Nasz region Bebend w g\u00f3rnym dorzeczu Nyongu na Wschodzie Kamerunu, gdzie le\u017cy misja Atok, jest ma\u0142o rozwini\u0119ty. Zaledwie par\u0119 lat temu zbudowano drog\u0119 asfaltow\u0105. Nie ma jeszcze elektryczno\u015bci i ma\u0142o jest studni i \u017ar\u00f3de\u0142 wodnych. To s\u0105 znaki ub\u00f3stwa i niedorozwoju. Dlatego\u00a0 katolicka misja podejmuje opr\u00f3cz duszpasterstwa dodatkowe szkolenia i wsparcie, zw\u0142aszcza dla m\u0142odzie\u017cy. M\u0142odzie\u017c wspomagana jest przez OO.Marian\u00f3w w szkole i na studiach. Razem z nami tworzy misje, pomaga przy budowie, w zagospodarowaniu p\u00f3l, tworzeniu nowych uj\u0119\u0107 wodnych itp. My za\u015b wed\u0142ug naszych mo\u017cliwo\u015bci op\u0142acamy szko\u0142y, studia, a przez r\u00f3\u017cne formy kszta\u0142cenia uczymy odpowiedzialno\u015bci i zaanga\u017cowania w \u017cycie spo\u0142eczne. To adopcja duchowa.<\/p>\n<h4>Gro\u017aba analfabetyzmu<\/h4>\n<p>Ten projekt szkolenia i wsparcia m\u0142odzie\u017cy ma na celu unikni\u0119cie wielu niebezpiecze\u0144stw, kt\u00f3re m\u0142odzi ludzie napotykaj\u0105 dzisiaj w zwi\u0105zku z obecnym rozwojem spo\u0142ecze\u0144stwa. Widzimy, \u017ce m\u0142odzi ludzie s\u0105 nara\u017ceni na brak edukacji, brak im r\u00f3wnie\u017c formacji, a nawet towarzyszenia w rozeznawaniu warto\u015bci. Ten projekt umo\u017cliwi nam dotarcie do dzieci i m\u0142odzie\u017cy z wiosek. Adopcja duchowa to cz\u0119\u015b\u0107 naszego apostolatu, kt\u00f3ry ma na celu towarzyszenie m\u0142odym ludziom, aby mogli lepiej odnale\u017a\u0107 si\u0119 w spo\u0142ecze\u0144stwie i by\u0107 zr\u00f3wnowa\u017conymi i dobrze ukszta\u0142towanymi m\u0119\u017cczyznami i kobietami, nie tylko duchowo, po ludzku, ale tak\u017ce intelektualnie. Aby osi\u0105gn\u0105\u0107 ten cel organizujemy 4 sesje w ci\u0105gu roku i du\u017ce forum dla wszystkich m\u0142odych ludzi z naszych r\u00f3\u017cnych parafii w Kamerunie.<\/p>\n<h4><strong>Kosztorys:<\/strong><\/h4>\n<p>1) 4 sesje formacyjne w wioskach (na jednej sesji oko\u0142o 70 os\u00f3b) &#8211; koszt 1.032.000 frank\u00f3w CFA:<\/p>\n<p>&#8211; transport &#8211; 432.000 frank\u00f3w CFA<\/p>\n<p>&#8211; ma\u0142y posi\u0142ek &#8211; 192.000 frank\u00f3w CFA<\/p>\n<p>&#8211; du\u017cy posi\u0142ek &#8211; 288.000 frank\u00f3w CFA<\/p>\n<p>&#8211; modlitewniki &#8211; 80.000 frank\u00f3w CFA<\/p>\n<p>&#8211; opieka zdrowotna &#8211; 40.000 frank\u00f3w CFA<\/p>\n<p>2) forum m\u0142odych\u00a0 (liczba uczestnik\u00f3w ok. 200-250 os\u00f3b) &#8211; koszt frank\u00f3w CFA:<\/p>\n<p>&#8211; transport &#8211; 216.000 frank\u00f3w CFA<\/p>\n<p>&#8211; ma\u0142y posi\u0142ek &#8211; 96.000 frank\u00f3w CFA<\/p>\n<p>&#8211; du\u017cy posi\u0142ek &#8211; 144.000 frank\u00f3w CFA<\/p>\n<p>&#8211; modlitewniki i in. &#8211; 40.000 frank\u00f3w CFA<\/p>\n<p>&#8211; opieka zdrowotna &#8211; 20.000 frank\u00f3w CFA<\/p>\n<p><strong>Og\u00f3\u0142em koszty: 1.548.000 frank\u00f3w CFA<\/strong><\/p>\n<p>Maj\u0105c na uwadze realizacj\u0119 tych cel\u00f3w, o\u015bmielam si\u0119 prosi\u0107 je\u015bli mo\u017cecie, o wsparcie w tym dziele formacji dla dzieci i m\u0142odzie\u017cy w Kamerunie.<\/p>\n<p>ks. Franciszek Filipiec, <a href=\"http:\/\/www.marianie.pl\/\" target=\"_blank\" rel=\"noopener noreferrer\">Zgromadzenie Ksi\u0119\u017cy Marian\u00f3w<\/a>, Atok, <a href=\"https:\/\/www.maitri.pl\/mapy-adopcji-kamerun\/\">Kamerun<\/a><\/p>\n<p style=\"text-align: justify;\" align=\"JUSTIFY\"><span style=\"color: #ff0000;\"><span style=\"font-size: large;\"><b>Kwota projektu: 2<strong>670 \u20ac<\/strong><br \/>\n<\/b><\/span><\/span><\/p>\n<p style=\"text-align: justify;\"><strong>Numer projektu: 32\/MARIA<\/strong><\/p>\n<p style=\"text-align: justify;\" align=\"JUSTIFY\"><span style=\"color: #808080;\">Stowarzyszenie Ruchu\u00a0<em>Maitri<\/em>\u00a0przeznacza do 10% otrzymanych \u015brodk\u00f3w na koszty funkcjonowania biura i pozyskiwanie funduszy pomocowych.<\/span><\/p>\n<h3 style=\"text-align: justify;\" align=\"JUSTIFY\"><span style=\"color: #808080;\">Adopcja Duchowa &#8211; szkolenia dla m\u0142odzie\u017cy w Atok w Kamerunie<\/span><\/h3>\n","protected":false},"excerpt":{"rendered":"<p><strong>Projekt: <\/strong>ks. Franciszek Filipiec, <a href=\"http:\/\/www.marianie.pl\/\" target=\"_blank\" rel=\"noopener noreferrer\">Zgromadzenie Ksi\u0119\u017cy Marian\u00f3w<\/a><br \/>\n<strong>Misja:<\/strong> Atok, <a href=\"https:\/\/www.maitri.pl\/mapy-adopcji-kamerun\/\">Kamerun<\/a><br \/>\n<strong>Kwota projektu: <span style=\"color: #ff0000;\">2670 \u20ac<\/span><\/strong><\/p>\n","protected":false},"featured_media":25817,"template":"","meta":[],"product_brand":[],"product_cat":[656],"product_tag":[723,658,828,827],"class_list":{"0":"post-25810","1":"product","2":"type-product","3":"status-publish","4":"has-post-thumbnail","6":"product_cat-bez-kategorii","7":"product_tag-atok","8":"product_tag-kamerun","9":"product_tag-ks-franciszek-filipiec","10":"product_tag-marianie","12":"first","13":"instock","14":"virtual","15":"purchasable","16":"product-type-simple"},"yoast_head":"<!-- This site is optimized with the Yoast SEO plugin v27.2 - https:\/\/yoast.com\/product\/yoast-seo-wordpress\/ -->\n<title>Adopcja Duchowa - wsparcie dla m\u0142odzie\u017cy w Atok w Kamerunie<\/title>\n<meta name=\"description\" content=\"Adopcja Duchowa - wsparcie dla m\u0142odzie\u017cy w Atok w Kamerunie. Przez r\u00f3\u017cne formy kszta\u0142cenia uczymy odpowiedzialno\u015bci i zaanga\u017cowania w \u017cycie spo\u0142eczne.\" \/>\n<meta name=\"robots\" content=\"index, follow, max-snippet:-1, max-image-preview:large, max-video-preview:-1\" \/>\n<link rel=\"canonical\" href=\"https:\/\/www.maitri.pl\/projekt\/adopcja-duchowa-kamerun\/\" \/>\n<meta property=\"og:locale\" content=\"fr_FR\" \/>\n<meta property=\"og:type\" content=\"article\" \/>\n<meta property=\"og:title\" content=\"Adopcja Duchowa - wsparcie dla m\u0142odzie\u017cy w Atok w Kamerunie\" \/>\n<meta property=\"og:description\" content=\"Adopcja Duchowa - wsparcie dla m\u0142odzie\u017cy w Atok w Kamerunie. Przez r\u00f3\u017cne formy kszta\u0142cenia uczymy odpowiedzialno\u015bci i zaanga\u017cowania w \u017cycie spo\u0142eczne.\" \/>\n<meta property=\"og:url\" content=\"https:\/\/www.maitri.pl\/projekt\/adopcja-duchowa-kamerun\/\" \/>\n<meta property=\"og:site_name\" content=\"Ruch Maitri - Adopcja Serca pomoc Afryce\" \/>\n<meta property=\"article:publisher\" content=\"https:\/\/www.facebook.com\/MAITRI.Adopcja.Serca.dzieci.Afryki\/\" \/>\n<meta property=\"article:modified_time\" content=\"2024-02-07T11:52:20+00:00\" \/>\n<meta property=\"og:image\" content=\"https:\/\/www.maitri.pl\/wp-content\/uploads\/2023\/01\/Bertoua-Atok-224.jpg\" \/>\n\t<meta property=\"og:image:width\" content=\"1714\" \/>\n\t<meta property=\"og:image:height\" content=\"1143\" \/>\n\t<meta property=\"og:image:type\" content=\"image\/jpeg\" \/>\n<meta name=\"twitter:card\" content=\"summary_large_image\" \/>\n<meta name=\"twitter:label1\" content=\"Dur\u00e9e de lecture estim\u00e9e\" \/>\n\t<meta name=\"twitter:data1\" content=\"3 minutes\" \/>\n<script type=\"application\/ld+json\" class=\"yoast-schema-graph\">{\"@context\":\"https:\/\/schema.org\",\"@graph\":[{\"@type\":\"WebPage\",\"@id\":\"https:\/\/www.maitri.pl\/projekt\/adopcja-duchowa-kamerun\/\",\"url\":\"https:\/\/www.maitri.pl\/projekt\/adopcja-duchowa-kamerun\/\",\"name\":\"Adopcja Duchowa - wsparcie dla m\u0142odzie\u017cy w Atok w Kamerunie\",\"isPartOf\":{\"@id\":\"https:\/\/www.maitri.pl\/#website\"},\"primaryImageOfPage\":{\"@id\":\"https:\/\/www.maitri.pl\/projekt\/adopcja-duchowa-kamerun\/#primaryimage\"},\"image\":{\"@id\":\"https:\/\/www.maitri.pl\/projekt\/adopcja-duchowa-kamerun\/#primaryimage\"},\"thumbnailUrl\":\"https:\/\/www.maitri.pl\/wp-content\/uploads\/2023\/01\/Bertoua-Atok-224.jpg\",\"datePublished\":\"2023-01-30T09:53:19+00:00\",\"dateModified\":\"2024-02-07T11:52:20+00:00\",\"description\":\"Adopcja Duchowa - wsparcie dla m\u0142odzie\u017cy w Atok w Kamerunie. Przez r\u00f3\u017cne formy kszta\u0142cenia uczymy odpowiedzialno\u015bci i zaanga\u017cowania w \u017cycie spo\u0142eczne.\",\"breadcrumb\":{\"@id\":\"https:\/\/www.maitri.pl\/projekt\/adopcja-duchowa-kamerun\/#breadcrumb\"},\"inLanguage\":\"fr-FR\",\"potentialAction\":[{\"@type\":\"ReadAction\",\"target\":[\"https:\/\/www.maitri.pl\/projekt\/adopcja-duchowa-kamerun\/\"]}]},{\"@type\":\"ImageObject\",\"inLanguage\":\"fr-FR\",\"@id\":\"https:\/\/www.maitri.pl\/projekt\/adopcja-duchowa-kamerun\/#primaryimage\",\"url\":\"https:\/\/www.maitri.pl\/wp-content\/uploads\/2023\/01\/Bertoua-Atok-224.jpg\",\"contentUrl\":\"https:\/\/www.maitri.pl\/wp-content\/uploads\/2023\/01\/Bertoua-Atok-224.jpg\",\"width\":1714,\"height\":1143,\"caption\":\"Adopcja Duchowa - szkolenia dla m\u0142odzie\u017cy w Atok w Kamerunie pomoc ubogim Adopcja Serca pomoc Afryce Stowarzyszenie Maitri 01\"},{\"@type\":\"BreadcrumbList\",\"@id\":\"https:\/\/www.maitri.pl\/projekt\/adopcja-duchowa-kamerun\/#breadcrumb\",\"itemListElement\":[{\"@type\":\"ListItem\",\"position\":1,\"name\":\"Strona g\u0142\u00f3wna\",\"item\":\"https:\/\/www.maitri.pl\/\"},{\"@type\":\"ListItem\",\"position\":2,\"name\":\"Sklep\",\"item\":\"https:\/\/www.maitri.pl\/sklep\/\"},{\"@type\":\"ListItem\",\"position\":3,\"name\":\"Adopcja Duchowa &#8211; szkolenia dla m\u0142odzie\u017cy w Atok w Kamerunie\"}]},{\"@type\":\"WebSite\",\"@id\":\"https:\/\/www.maitri.pl\/#website\",\"url\":\"https:\/\/www.maitri.pl\/\",\"name\":\"Adopcja Serca Maitri \u2013 pomoc dzieciom w Afryce\",\"description\":\"Adopcja Serca \u2013 adopcja na odleg\u0142o\u015b\u0107, pomoc Afryce, do\u017cywianie i edukacja w Afryce\",\"publisher\":{\"@id\":\"https:\/\/www.maitri.pl\/#organization\"},\"potentialAction\":[{\"@type\":\"SearchAction\",\"target\":{\"@type\":\"EntryPoint\",\"urlTemplate\":\"https:\/\/www.maitri.pl\/?s={search_term_string}\"},\"query-input\":{\"@type\":\"PropertyValueSpecification\",\"valueRequired\":true,\"valueName\":\"search_term_string\"}}],\"inLanguage\":\"fr-FR\"},{\"@type\":\"Organization\",\"@id\":\"https:\/\/www.maitri.pl\/#organization\",\"name\":\"Stowarzyszenie Ruchu Maitri\",\"url\":\"https:\/\/www.maitri.pl\/\",\"logo\":{\"@type\":\"ImageObject\",\"inLanguage\":\"fr-FR\",\"@id\":\"https:\/\/www.maitri.pl\/#\/schema\/logo\/image\/\",\"url\":\"https:\/\/www.maitri.pl\/wp-content\/uploads\/2020\/04\/duze_logo-81.png\",\"contentUrl\":\"https:\/\/www.maitri.pl\/wp-content\/uploads\/2020\/04\/duze_logo-81.png\",\"width\":339,\"height\":321,\"caption\":\"Stowarzyszenie Ruchu Maitri\"},\"image\":{\"@id\":\"https:\/\/www.maitri.pl\/#\/schema\/logo\/image\/\"},\"sameAs\":[\"https:\/\/www.facebook.com\/MAITRI.Adopcja.Serca.dzieci.Afryki\/\"]}]}<\/script>\n<!-- \/ Yoast SEO plugin. -->","yoast_head_json":{"title":"Adopcja Duchowa - wsparcie dla m\u0142odzie\u017cy w Atok w Kamerunie","description":"Adopcja Duchowa - wsparcie dla m\u0142odzie\u017cy w Atok w Kamerunie. Przez r\u00f3\u017cne formy kszta\u0142cenia uczymy odpowiedzialno\u015bci i zaanga\u017cowania w \u017cycie spo\u0142eczne.","robots":{"index":"index","follow":"follow","max-snippet":"max-snippet:-1","max-image-preview":"max-image-preview:large","max-video-preview":"max-video-preview:-1"},"canonical":"https:\/\/www.maitri.pl\/projekt\/adopcja-duchowa-kamerun\/","og_locale":"fr_FR","og_type":"article","og_title":"Adopcja Duchowa - wsparcie dla m\u0142odzie\u017cy w Atok w Kamerunie","og_description":"Adopcja Duchowa - wsparcie dla m\u0142odzie\u017cy w Atok w Kamerunie. Przez r\u00f3\u017cne formy kszta\u0142cenia uczymy odpowiedzialno\u015bci i zaanga\u017cowania w \u017cycie spo\u0142eczne.","og_url":"https:\/\/www.maitri.pl\/projekt\/adopcja-duchowa-kamerun\/","og_site_name":"Ruch Maitri - Adopcja Serca pomoc Afryce","article_publisher":"https:\/\/www.facebook.com\/MAITRI.Adopcja.Serca.dzieci.Afryki\/","article_modified_time":"2024-02-07T11:52:20+00:00","og_image":[{"width":1714,"height":1143,"url":"https:\/\/www.maitri.pl\/wp-content\/uploads\/2023\/01\/Bertoua-Atok-224.jpg","type":"image\/jpeg"}],"twitter_card":"summary_large_image","twitter_misc":{"Dur\u00e9e de lecture estim\u00e9e":"3 minutes"},"schema":{"@context":"https:\/\/schema.org","@graph":[{"@type":"WebPage","@id":"https:\/\/www.maitri.pl\/projekt\/adopcja-duchowa-kamerun\/","url":"https:\/\/www.maitri.pl\/projekt\/adopcja-duchowa-kamerun\/","name":"Adopcja Duchowa - wsparcie dla m\u0142odzie\u017cy w Atok w Kamerunie","isPartOf":{"@id":"https:\/\/www.maitri.pl\/#website"},"primaryImageOfPage":{"@id":"https:\/\/www.maitri.pl\/projekt\/adopcja-duchowa-kamerun\/#primaryimage"},"image":{"@id":"https:\/\/www.maitri.pl\/projekt\/adopcja-duchowa-kamerun\/#primaryimage"},"thumbnailUrl":"https:\/\/www.maitri.pl\/wp-content\/uploads\/2023\/01\/Bertoua-Atok-224.jpg","datePublished":"2023-01-30T09:53:19+00:00","dateModified":"2024-02-07T11:52:20+00:00","description":"Adopcja Duchowa - wsparcie dla m\u0142odzie\u017cy w Atok w Kamerunie. Przez r\u00f3\u017cne formy kszta\u0142cenia uczymy odpowiedzialno\u015bci i zaanga\u017cowania w \u017cycie spo\u0142eczne.","breadcrumb":{"@id":"https:\/\/www.maitri.pl\/projekt\/adopcja-duchowa-kamerun\/#breadcrumb"},"inLanguage":"fr-FR","potentialAction":[{"@type":"ReadAction","target":["https:\/\/www.maitri.pl\/projekt\/adopcja-duchowa-kamerun\/"]}]},{"@type":"ImageObject","inLanguage":"fr-FR","@id":"https:\/\/www.maitri.pl\/projekt\/adopcja-duchowa-kamerun\/#primaryimage","url":"https:\/\/www.maitri.pl\/wp-content\/uploads\/2023\/01\/Bertoua-Atok-224.jpg","contentUrl":"https:\/\/www.maitri.pl\/wp-content\/uploads\/2023\/01\/Bertoua-Atok-224.jpg","width":1714,"height":1143,"caption":"Adopcja Duchowa - szkolenia dla m\u0142odzie\u017cy w Atok w Kamerunie pomoc ubogim Adopcja Serca pomoc Afryce Stowarzyszenie Maitri 01"},{"@type":"BreadcrumbList","@id":"https:\/\/www.maitri.pl\/projekt\/adopcja-duchowa-kamerun\/#breadcrumb","itemListElement":[{"@type":"ListItem","position":1,"name":"Strona g\u0142\u00f3wna","item":"https:\/\/www.maitri.pl\/"},{"@type":"ListItem","position":2,"name":"Sklep","item":"https:\/\/www.maitri.pl\/sklep\/"},{"@type":"ListItem","position":3,"name":"Adopcja Duchowa &#8211; szkolenia dla m\u0142odzie\u017cy w Atok w Kamerunie"}]},{"@type":"WebSite","@id":"https:\/\/www.maitri.pl\/#website","url":"https:\/\/www.maitri.pl\/","name":"Adopcja Serca Maitri \u2013 pomoc dzieciom w Afryce","description":"Adopcja Serca \u2013 adopcja na odleg\u0142o\u015b\u0107, pomoc Afryce, do\u017cywianie i edukacja w Afryce","publisher":{"@id":"https:\/\/www.maitri.pl\/#organization"},"potentialAction":[{"@type":"SearchAction","target":{"@type":"EntryPoint","urlTemplate":"https:\/\/www.maitri.pl\/?s={search_term_string}"},"query-input":{"@type":"PropertyValueSpecification","valueRequired":true,"valueName":"search_term_string"}}],"inLanguage":"fr-FR"},{"@type":"Organization","@id":"https:\/\/www.maitri.pl\/#organization","name":"Stowarzyszenie Ruchu Maitri","url":"https:\/\/www.maitri.pl\/","logo":{"@type":"ImageObject","inLanguage":"fr-FR","@id":"https:\/\/www.maitri.pl\/#\/schema\/logo\/image\/","url":"https:\/\/www.maitri.pl\/wp-content\/uploads\/2020\/04\/duze_logo-81.png","contentUrl":"https:\/\/www.maitri.pl\/wp-content\/uploads\/2020\/04\/duze_logo-81.png","width":339,"height":321,"caption":"Stowarzyszenie Ruchu Maitri"},"image":{"@id":"https:\/\/www.maitri.pl\/#\/schema\/logo\/image\/"},"sameAs":["https:\/\/www.facebook.com\/MAITRI.Adopcja.Serca.dzieci.Afryki\/"]}]}},"_links":{"self":[{"href":"https:\/\/www.maitri.pl\/fr\/wp-json\/wp\/v2\/product\/25810","targetHints":{"allow":["GET"]}}],"collection":[{"href":"https:\/\/www.maitri.pl\/fr\/wp-json\/wp\/v2\/product"}],"about":[{"href":"https:\/\/www.maitri.pl\/fr\/wp-json\/wp\/v2\/types\/product"}],"wp:featuredmedia":[{"embeddable":true,"href":"https:\/\/www.maitri.pl\/fr\/wp-json\/wp\/v2\/media\/25817"}],"wp:attachment":[{"href":"https:\/\/www.maitri.pl\/fr\/wp-json\/wp\/v2\/media?parent=25810"}],"wp:term":[{"taxonomy":"product_brand","embeddable":true,"href":"https:\/\/www.maitri.pl\/fr\/wp-json\/wp\/v2\/product_brand?post=25810"},{"taxonomy":"product_cat","embeddable":true,"href":"https:\/\/www.maitri.pl\/fr\/wp-json\/wp\/v2\/product_cat?post=25810"},{"taxonomy":"product_tag","embeddable":true,"href":"https:\/\/www.maitri.pl\/fr\/wp-json\/wp\/v2\/product_tag?post=25810"}],"curies":[{"name":"wp","href":"https:\/\/api.w.org\/{rel}","templated":true}]}}