{"id":25778,"date":"2023-01-30T10:52:50","date_gmt":"2023-01-30T09:52:50","guid":{"rendered":"https:\/\/www.maitri.pl\/?post_type=product&#038;p=25778"},"modified":"2025-03-31T14:14:55","modified_gmt":"2025-03-31T12:14:55","slug":"wyposazenie-kuchni-nepal-2","status":"publish","type":"product","link":"https:\/\/www.maitri.pl\/fr\/projekt\/wyposazenie-kuchni-nepal-2\/","title":{"rendered":"Wyposa\u017cenie kuchni dla akcji do\u017cywiania dzieci w Nepalu"},"content":{"rendered":"<h4>Marzenia o pe\u0142nym talerzu<\/h4>\n<p>Akcja do\u017cywiania w g\u00f3rskich osadach w Nepalu pomaga przed\u0142u\u017cy\u0107 \u017cycie wielu dzieciom z ekstremalnie biednych dom\u00f3w. Wydawane za darmo ciep\u0142e obiady trafiaj\u0105 codziennie do kilkuset dzieci. Istnieje pilna konieczno\u015b\u0107 wsparcia tych dzia\u0142a\u0144 poprzez wyposa\u017cenie kuchni w Kulekhani oraz zorganizowania od podstaw kuchni wydaj\u0105cych posi\u0142ki w osadach Shaktikhor i w Gorkha. Do tej pory byli\u015bmy tam obecni tylko tymczasowo, jako kuchnie polowe w zaadaptowanych pomieszczeniach. Chcemy zorganizowa\u0107 tam kuchnie z prawdziwego zdarzenia, bo mn\u00f3stwo dzieci nadal marzy o pe\u0142nym talerzu. Dla wielu codzienny posi\u0142ek to luksus.<\/p>\n<h4>Coraz wi\u0119cej ch\u0119tnych<\/h4>\n<p>Kuchnia w Kulekhani dzia\u0142a od 2 lat. Na pocz\u0105tku posi\u0142ki dostawa\u0142o tu 57 dzieci, teraz ich liczba podwoi\u0142a si\u0119.\u00a0 Z tego powodu zachodzi konieczno\u015b\u0107 dokupienia naczy\u0144, talerzy, kubk\u00f3w i \u0142y\u017cek, dodatkowych garnk\u00f3w, a tak\u017ce piecyka gazowego i \u015brodk\u00f3w higieny. Trzeba tak\u017ce op\u0142aci\u0107 prac\u0119 kucharza. Nowe miejsca, w kt\u00f3rych podj\u0119li\u015bmy si\u0119 do\u017cywiania dzieci to Sakthikhor (105 dzieci) i Gorkha (70 dzieci). Tam napr\u0119dce zainicjowali\u015bmy prymitywne kuchnie w korytarzach szkolnych, w k\u0105cie pod schodami. Warunki s\u0105 fatalne i niehigieniczne, brak podstawowego wyposa\u017cenia. Dlatego potrzebne s\u0105 garnki, palnik, szybkowar, regularnie dostarczany gaz, pojemniki na \u017cywno\u015b\u0107, chochle, tarki, talerze, \u0142y\u017cki, urz\u0105dzenia do obr\u00f3bki \u017cywno\u015bci oraz kucharz.<\/p>\n<h4>Nakarm z nami potrzebuj\u0105cych<\/h4>\n<p>Wyposa\u017cenie kuchni w osadach w g\u00f3rach stanowi wa\u017cny element w organizacji do\u017cywiania tych dzieci. Doje\u017cd\u017canie z kuchni\u0105 polow\u0105 jest trudne i kosztowne, a zaoszcz\u0119dzone w ten spos\u00f3b \u015brodki przeznaczymy na nakarmienie kolejnych potrzebuj\u0105cych. Nasza pomoc trafia do najbiedniejszych z biednych. Dzieci cz\u0119sto g\u0142oduj\u0105 w swoich rodzinnych domach, bo rodzic\u00f3w nie sta\u0107 na zakupy jedzenia. Je si\u0119 wtedy, gdy jest co. Natomiast dzi\u0119ki naszej akcji do\u017cywiania dzieci maj\u0105 pewno\u015b\u0107, \u017ce ka\u017cdego dnia w szkole dostan\u0105 posi\u0142ek. Jeste\u015bmy niezmiernie wdzi\u0119czni za pomoc i wielkie serca, kt\u00f3re okazuj\u0105 nam ofiarodawcy Maitri.<\/p>\n<p><em>A<\/em><em>leksandra<\/em><em>\u00a0Kurnicka, <a href=\"https:\/\/www.facebook.com\/karunikatuitioncenterNEPAL\" target=\"_blank\" rel=\"noopener\">Karunika Foundation<\/a>, <\/em>Kathmandu, <a href=\"https:\/\/www.maitri.pl\/gdzie-pomagamy\/\" target=\"_blank\" rel=\"noopener\">Nepal<\/a><\/p>\n<p><img loading=\"lazy\" decoding=\"async\" class=\"alignnone wp-image-30244 size-full\" src=\"https:\/\/www.maitri.pl\/wp-content\/uploads\/2023\/01\/32-34-kartv.png\" alt=\"\" width=\"983\" height=\"681\" srcset=\"https:\/\/www.maitri.pl\/wp-content\/uploads\/2023\/01\/32-34-kartv.png 983w, https:\/\/www.maitri.pl\/wp-content\/uploads\/2023\/01\/32-34-kartv-300x208.png 300w, https:\/\/www.maitri.pl\/wp-content\/uploads\/2023\/01\/32-34-kartv-768x532.png 768w, https:\/\/www.maitri.pl\/wp-content\/uploads\/2023\/01\/32-34-kartv-600x416.png 600w\" sizes=\"auto, (max-width: 983px) 100vw, 983px\" \/><\/p>\n<p><b style=\"font-size: large; color: #ff0000;\">Wnioskowana kwota: 4340 \u20ac<\/b><\/p>\n<p><span style=\"color: #999999;\">Stowarzyszenie Ruchu\u00a0<em>Maitri<\/em>\u00a0przeznacza do 10% otrzymanych \u015brodk\u00f3w na koszty funkcjonowania biura i pozyskiwanie funduszy pomocowych.<\/span><\/p>\n<h3><strong><span style=\"color: #999999;\">Wyposa\u017cenie kuchni dla akcji do\u017cywiania dzieci w Nepalu<\/span><\/strong><\/h3>\n","protected":false},"excerpt":{"rendered":"<p><strong>Projekt: <\/strong><em>Aleksandra<\/em><em>\u00a0Kurnicka, <a href=\"https:\/\/www.facebook.com\/karunikatuitioncenterNEPAL\" target=\"_blank\" rel=\"noopener\">Karunika Foundation<\/a><\/em><br \/>\n<strong>Miejsce:<\/strong> Kathmandu, <a href=\"https:\/\/www.maitri.pl\/gdzie-pomagamy\/\" target=\"_blank\" rel=\"noopener\">Nepal<\/a><br \/>\n<strong>Kwota projektu: <span style=\"color: #ff0000;\">4.340\u20ac<\/span><\/strong><\/p>\n","protected":false},"featured_media":25798,"template":"","meta":[],"product_brand":[],"product_cat":[656],"product_tag":[670,676,928,673,672],"class_list":{"0":"post-25778","1":"product","2":"type-product","3":"status-publish","4":"has-post-thumbnail","6":"product_cat-bez-kategorii","7":"product_tag-aleksandra-kurnicka","8":"product_tag-dozywianie","9":"product_tag-karunika-foundation","10":"product_tag-kathmandu","11":"product_tag-nepal","13":"first","14":"instock","15":"virtual","16":"purchasable","17":"product-type-simple"},"yoast_head":"<!-- This site is optimized with the Yoast SEO plugin v27.2 - https:\/\/yoast.com\/product\/yoast-seo-wordpress\/ -->\n<title>Wyposa\u017cenie kuchni dla akcji do\u017cywiania dzieci w Nepalu<\/title>\n<meta name=\"description\" content=\"Wyposa\u017cenie kuchni dla akcji do\u017cywiania dzieci w Nepalu. Chcemy zorganizowa\u0107 sta\u0142e kuchnie w osadach Shaktikhor oraz Gorkha i doposa\u017cy\u0107 t\u0105 w Kulekhani.\" \/>\n<meta name=\"robots\" content=\"index, follow, max-snippet:-1, max-image-preview:large, max-video-preview:-1\" \/>\n<link rel=\"canonical\" href=\"https:\/\/www.maitri.pl\/projekt\/wyposazenie-kuchni-nepal-2\/\" \/>\n<meta property=\"og:locale\" content=\"fr_FR\" \/>\n<meta property=\"og:type\" content=\"article\" \/>\n<meta property=\"og:title\" content=\"Wyposa\u017cenie kuchni dla akcji do\u017cywiania dzieci w Nepalu\" \/>\n<meta property=\"og:description\" content=\"Wyposa\u017cenie kuchni dla akcji do\u017cywiania dzieci w Nepalu. Chcemy zorganizowa\u0107 sta\u0142e kuchnie w osadach Shaktikhor oraz Gorkha i doposa\u017cy\u0107 t\u0105 w Kulekhani.\" \/>\n<meta property=\"og:url\" content=\"https:\/\/www.maitri.pl\/projekt\/wyposazenie-kuchni-nepal-2\/\" \/>\n<meta property=\"og:site_name\" content=\"Ruch Maitri - Adopcja Serca pomoc Afryce\" \/>\n<meta property=\"article:publisher\" content=\"https:\/\/www.facebook.com\/MAITRI.Adopcja.Serca.dzieci.Afryki\/\" \/>\n<meta property=\"article:modified_time\" content=\"2025-03-31T12:14:55+00:00\" \/>\n<meta property=\"og:image\" content=\"https:\/\/www.maitri.pl\/wp-content\/uploads\/2023\/01\/IMG-20220609-WA0002.jpg\" \/>\n\t<meta property=\"og:image:width\" content=\"1024\" \/>\n\t<meta property=\"og:image:height\" content=\"768\" \/>\n\t<meta property=\"og:image:type\" content=\"image\/jpeg\" \/>\n<meta name=\"twitter:card\" content=\"summary_large_image\" \/>\n<meta name=\"twitter:label1\" content=\"Dur\u00e9e de lecture estim\u00e9e\" \/>\n\t<meta name=\"twitter:data1\" content=\"3 minutes\" \/>\n<script type=\"application\/ld+json\" class=\"yoast-schema-graph\">{\"@context\":\"https:\/\/schema.org\",\"@graph\":[{\"@type\":\"WebPage\",\"@id\":\"https:\/\/www.maitri.pl\/projekt\/wyposazenie-kuchni-nepal-2\/\",\"url\":\"https:\/\/www.maitri.pl\/projekt\/wyposazenie-kuchni-nepal-2\/\",\"name\":\"Wyposa\u017cenie kuchni dla akcji do\u017cywiania dzieci w Nepalu\",\"isPartOf\":{\"@id\":\"https:\/\/www.maitri.pl\/#website\"},\"primaryImageOfPage\":{\"@id\":\"https:\/\/www.maitri.pl\/projekt\/wyposazenie-kuchni-nepal-2\/#primaryimage\"},\"image\":{\"@id\":\"https:\/\/www.maitri.pl\/projekt\/wyposazenie-kuchni-nepal-2\/#primaryimage\"},\"thumbnailUrl\":\"https:\/\/www.maitri.pl\/wp-content\/uploads\/2023\/01\/IMG-20220609-WA0002.jpg\",\"datePublished\":\"2023-01-30T09:52:50+00:00\",\"dateModified\":\"2025-03-31T12:14:55+00:00\",\"description\":\"Wyposa\u017cenie kuchni dla akcji do\u017cywiania dzieci w Nepalu. Chcemy zorganizowa\u0107 sta\u0142e kuchnie w osadach Shaktikhor oraz Gorkha i doposa\u017cy\u0107 t\u0105 w Kulekhani.\",\"breadcrumb\":{\"@id\":\"https:\/\/www.maitri.pl\/projekt\/wyposazenie-kuchni-nepal-2\/#breadcrumb\"},\"inLanguage\":\"fr-FR\",\"potentialAction\":[{\"@type\":\"ReadAction\",\"target\":[\"https:\/\/www.maitri.pl\/projekt\/wyposazenie-kuchni-nepal-2\/\"]}]},{\"@type\":\"ImageObject\",\"inLanguage\":\"fr-FR\",\"@id\":\"https:\/\/www.maitri.pl\/projekt\/wyposazenie-kuchni-nepal-2\/#primaryimage\",\"url\":\"https:\/\/www.maitri.pl\/wp-content\/uploads\/2023\/01\/IMG-20220609-WA0002.jpg\",\"contentUrl\":\"https:\/\/www.maitri.pl\/wp-content\/uploads\/2023\/01\/IMG-20220609-WA0002.jpg\",\"width\":1024,\"height\":768,\"caption\":\"Wyposa\u017cenie kuchni dla akcji do\u017cywiania dzieci w Nepalu pomoc ubogim Adopcja Serca Maitri 09\"},{\"@type\":\"BreadcrumbList\",\"@id\":\"https:\/\/www.maitri.pl\/projekt\/wyposazenie-kuchni-nepal-2\/#breadcrumb\",\"itemListElement\":[{\"@type\":\"ListItem\",\"position\":1,\"name\":\"Strona g\u0142\u00f3wna\",\"item\":\"https:\/\/www.maitri.pl\/\"},{\"@type\":\"ListItem\",\"position\":2,\"name\":\"Sklep\",\"item\":\"https:\/\/www.maitri.pl\/sklep\/\"},{\"@type\":\"ListItem\",\"position\":3,\"name\":\"Wyposa\u017cenie kuchni dla akcji do\u017cywiania dzieci w Nepalu\"}]},{\"@type\":\"WebSite\",\"@id\":\"https:\/\/www.maitri.pl\/#website\",\"url\":\"https:\/\/www.maitri.pl\/\",\"name\":\"Adopcja Serca Maitri \u2013 pomoc dzieciom w Afryce\",\"description\":\"Adopcja Serca \u2013 adopcja na odleg\u0142o\u015b\u0107, pomoc Afryce, do\u017cywianie i edukacja w Afryce\",\"publisher\":{\"@id\":\"https:\/\/www.maitri.pl\/#organization\"},\"potentialAction\":[{\"@type\":\"SearchAction\",\"target\":{\"@type\":\"EntryPoint\",\"urlTemplate\":\"https:\/\/www.maitri.pl\/?s={search_term_string}\"},\"query-input\":{\"@type\":\"PropertyValueSpecification\",\"valueRequired\":true,\"valueName\":\"search_term_string\"}}],\"inLanguage\":\"fr-FR\"},{\"@type\":\"Organization\",\"@id\":\"https:\/\/www.maitri.pl\/#organization\",\"name\":\"Stowarzyszenie Ruchu Maitri\",\"url\":\"https:\/\/www.maitri.pl\/\",\"logo\":{\"@type\":\"ImageObject\",\"inLanguage\":\"fr-FR\",\"@id\":\"https:\/\/www.maitri.pl\/#\/schema\/logo\/image\/\",\"url\":\"https:\/\/www.maitri.pl\/wp-content\/uploads\/2020\/04\/duze_logo-81.png\",\"contentUrl\":\"https:\/\/www.maitri.pl\/wp-content\/uploads\/2020\/04\/duze_logo-81.png\",\"width\":339,\"height\":321,\"caption\":\"Stowarzyszenie Ruchu Maitri\"},\"image\":{\"@id\":\"https:\/\/www.maitri.pl\/#\/schema\/logo\/image\/\"},\"sameAs\":[\"https:\/\/www.facebook.com\/MAITRI.Adopcja.Serca.dzieci.Afryki\/\"]}]}<\/script>\n<!-- \/ Yoast SEO plugin. -->","yoast_head_json":{"title":"Wyposa\u017cenie kuchni dla akcji do\u017cywiania dzieci w Nepalu","description":"Wyposa\u017cenie kuchni dla akcji do\u017cywiania dzieci w Nepalu. Chcemy zorganizowa\u0107 sta\u0142e kuchnie w osadach Shaktikhor oraz Gorkha i doposa\u017cy\u0107 t\u0105 w Kulekhani.","robots":{"index":"index","follow":"follow","max-snippet":"max-snippet:-1","max-image-preview":"max-image-preview:large","max-video-preview":"max-video-preview:-1"},"canonical":"https:\/\/www.maitri.pl\/projekt\/wyposazenie-kuchni-nepal-2\/","og_locale":"fr_FR","og_type":"article","og_title":"Wyposa\u017cenie kuchni dla akcji do\u017cywiania dzieci w Nepalu","og_description":"Wyposa\u017cenie kuchni dla akcji do\u017cywiania dzieci w Nepalu. Chcemy zorganizowa\u0107 sta\u0142e kuchnie w osadach Shaktikhor oraz Gorkha i doposa\u017cy\u0107 t\u0105 w Kulekhani.","og_url":"https:\/\/www.maitri.pl\/projekt\/wyposazenie-kuchni-nepal-2\/","og_site_name":"Ruch Maitri - Adopcja Serca pomoc Afryce","article_publisher":"https:\/\/www.facebook.com\/MAITRI.Adopcja.Serca.dzieci.Afryki\/","article_modified_time":"2025-03-31T12:14:55+00:00","og_image":[{"width":1024,"height":768,"url":"https:\/\/www.maitri.pl\/wp-content\/uploads\/2023\/01\/IMG-20220609-WA0002.jpg","type":"image\/jpeg"}],"twitter_card":"summary_large_image","twitter_misc":{"Dur\u00e9e de lecture estim\u00e9e":"3 minutes"},"schema":{"@context":"https:\/\/schema.org","@graph":[{"@type":"WebPage","@id":"https:\/\/www.maitri.pl\/projekt\/wyposazenie-kuchni-nepal-2\/","url":"https:\/\/www.maitri.pl\/projekt\/wyposazenie-kuchni-nepal-2\/","name":"Wyposa\u017cenie kuchni dla akcji do\u017cywiania dzieci w Nepalu","isPartOf":{"@id":"https:\/\/www.maitri.pl\/#website"},"primaryImageOfPage":{"@id":"https:\/\/www.maitri.pl\/projekt\/wyposazenie-kuchni-nepal-2\/#primaryimage"},"image":{"@id":"https:\/\/www.maitri.pl\/projekt\/wyposazenie-kuchni-nepal-2\/#primaryimage"},"thumbnailUrl":"https:\/\/www.maitri.pl\/wp-content\/uploads\/2023\/01\/IMG-20220609-WA0002.jpg","datePublished":"2023-01-30T09:52:50+00:00","dateModified":"2025-03-31T12:14:55+00:00","description":"Wyposa\u017cenie kuchni dla akcji do\u017cywiania dzieci w Nepalu. Chcemy zorganizowa\u0107 sta\u0142e kuchnie w osadach Shaktikhor oraz Gorkha i doposa\u017cy\u0107 t\u0105 w Kulekhani.","breadcrumb":{"@id":"https:\/\/www.maitri.pl\/projekt\/wyposazenie-kuchni-nepal-2\/#breadcrumb"},"inLanguage":"fr-FR","potentialAction":[{"@type":"ReadAction","target":["https:\/\/www.maitri.pl\/projekt\/wyposazenie-kuchni-nepal-2\/"]}]},{"@type":"ImageObject","inLanguage":"fr-FR","@id":"https:\/\/www.maitri.pl\/projekt\/wyposazenie-kuchni-nepal-2\/#primaryimage","url":"https:\/\/www.maitri.pl\/wp-content\/uploads\/2023\/01\/IMG-20220609-WA0002.jpg","contentUrl":"https:\/\/www.maitri.pl\/wp-content\/uploads\/2023\/01\/IMG-20220609-WA0002.jpg","width":1024,"height":768,"caption":"Wyposa\u017cenie kuchni dla akcji do\u017cywiania dzieci w Nepalu pomoc ubogim Adopcja Serca Maitri 09"},{"@type":"BreadcrumbList","@id":"https:\/\/www.maitri.pl\/projekt\/wyposazenie-kuchni-nepal-2\/#breadcrumb","itemListElement":[{"@type":"ListItem","position":1,"name":"Strona g\u0142\u00f3wna","item":"https:\/\/www.maitri.pl\/"},{"@type":"ListItem","position":2,"name":"Sklep","item":"https:\/\/www.maitri.pl\/sklep\/"},{"@type":"ListItem","position":3,"name":"Wyposa\u017cenie kuchni dla akcji do\u017cywiania dzieci w Nepalu"}]},{"@type":"WebSite","@id":"https:\/\/www.maitri.pl\/#website","url":"https:\/\/www.maitri.pl\/","name":"Adopcja Serca Maitri \u2013 pomoc dzieciom w Afryce","description":"Adopcja Serca \u2013 adopcja na odleg\u0142o\u015b\u0107, pomoc Afryce, do\u017cywianie i edukacja w Afryce","publisher":{"@id":"https:\/\/www.maitri.pl\/#organization"},"potentialAction":[{"@type":"SearchAction","target":{"@type":"EntryPoint","urlTemplate":"https:\/\/www.maitri.pl\/?s={search_term_string}"},"query-input":{"@type":"PropertyValueSpecification","valueRequired":true,"valueName":"search_term_string"}}],"inLanguage":"fr-FR"},{"@type":"Organization","@id":"https:\/\/www.maitri.pl\/#organization","name":"Stowarzyszenie Ruchu Maitri","url":"https:\/\/www.maitri.pl\/","logo":{"@type":"ImageObject","inLanguage":"fr-FR","@id":"https:\/\/www.maitri.pl\/#\/schema\/logo\/image\/","url":"https:\/\/www.maitri.pl\/wp-content\/uploads\/2020\/04\/duze_logo-81.png","contentUrl":"https:\/\/www.maitri.pl\/wp-content\/uploads\/2020\/04\/duze_logo-81.png","width":339,"height":321,"caption":"Stowarzyszenie Ruchu Maitri"},"image":{"@id":"https:\/\/www.maitri.pl\/#\/schema\/logo\/image\/"},"sameAs":["https:\/\/www.facebook.com\/MAITRI.Adopcja.Serca.dzieci.Afryki\/"]}]}},"_links":{"self":[{"href":"https:\/\/www.maitri.pl\/fr\/wp-json\/wp\/v2\/product\/25778","targetHints":{"allow":["GET"]}}],"collection":[{"href":"https:\/\/www.maitri.pl\/fr\/wp-json\/wp\/v2\/product"}],"about":[{"href":"https:\/\/www.maitri.pl\/fr\/wp-json\/wp\/v2\/types\/product"}],"wp:featuredmedia":[{"embeddable":true,"href":"https:\/\/www.maitri.pl\/fr\/wp-json\/wp\/v2\/media\/25798"}],"wp:attachment":[{"href":"https:\/\/www.maitri.pl\/fr\/wp-json\/wp\/v2\/media?parent=25778"}],"wp:term":[{"taxonomy":"product_brand","embeddable":true,"href":"https:\/\/www.maitri.pl\/fr\/wp-json\/wp\/v2\/product_brand?post=25778"},{"taxonomy":"product_cat","embeddable":true,"href":"https:\/\/www.maitri.pl\/fr\/wp-json\/wp\/v2\/product_cat?post=25778"},{"taxonomy":"product_tag","embeddable":true,"href":"https:\/\/www.maitri.pl\/fr\/wp-json\/wp\/v2\/product_tag?post=25778"}],"curies":[{"name":"wp","href":"https:\/\/api.w.org\/{rel}","templated":true}]}}