{"id":25765,"date":"2023-01-30T10:53:54","date_gmt":"2023-01-30T09:53:54","guid":{"rendered":"https:\/\/www.maitri.pl\/?post_type=product&#038;p=25765"},"modified":"2024-02-07T12:52:30","modified_gmt":"2024-02-07T11:52:30","slug":"brak-wody-kongo","status":"publish","type":"product","link":"https:\/\/www.maitri.pl\/fr\/projekt\/brak-wody-kongo\/","title":{"rendered":"Brak wody pitnej &#8211; budujemy studni\u0119 dla sieroci\u0144ca AFEOA w DR Kongo"},"content":{"rendered":"<h4>Sieroty bez wody<\/h4>\n<p>Otrzymali\u015bmy poruszaj\u0105cy list z sieroci\u0144ca AFEOA w Lubumbashi w DR Kongo. Brak wody pitnej nie pozwala na normalne funkcjonowanie plac\u00f3wki. Pod opiek\u0105 o\u015brodka znajduje si\u0119 nie tylko osierocona m\u0142odzie\u017c, ale tak\u017ce niemowl\u0119ta i maluchy. Z powodu braku dost\u0119pu do wody ro\u015bnie szansa zaka\u017ceniami i wyst\u0105pieniem epidemii. Projekt wywiercenia studni dla sieroci\u0144ca pomo\u017ce usprawni\u0107 dzia\u0142anie AFEOA. Przekazujemy list pani dyrektor Therese Manyingu z nadziej\u0105 na pomoc w jego sfinansowaniu.<\/p>\n<h4>Woda droga i niepewna<\/h4>\n<p>Od wrze\u015bnia 2022 roku mamy naprawd\u0119 du\u017ce problemy z wod\u0105. Sytuacja ta zwi\u0105zana jest g\u0142\u00f3wnie ze z\u0142ym dzia\u0142aniem sieci dystrybucji wody pitnej (REGIDES0) oraz problemem energii elektrycznej w regionie Lubumbashi, kt\u00f3ry pog\u0142\u0119bia si\u0119 wraz ze wzrostem liczby ludno\u015bci. Stara instalacja wodoci\u0105gowa, zbudowana w 1957 roku dla znacznie mniejszej liczby ludzi przesta\u0142a ju\u017c funkcjonowa\u0107. S\u0142yszymy wok\u00f3\u0142 ostrze\u017cenia przed zagro\u017ceniami zwi\u0105zanymi z niedoborem wody pitnej, kt\u00f3ry mo\u017ce generowa\u0107 nowe przypadki zaka\u017cenia COVID-19 i powodowa\u0107 inne choroby. Nikt nie kontroluje pochodzenia wody, kt\u00f3r\u0105 jeste\u015bmy zmuszeni kupowa\u0107 z r\u00f3\u017cnych \u017ar\u00f3de\u0142. Dla sieroci\u0144ca z ma\u0142ymi dzie\u0107mi i niemowl\u0119tami to bardzo niebezpieczne. R\u00f3wnie\u017c ekonomicznie koszt wody jest bardzo wysoki dla nas. Obecnie to 100 frank\u00f3w kongijskich za 25 litr\u00f3w wody dziennie. W tej chwili w sieroci\u0144cu jest 39 dzieci, 10 pracownik\u00f3w i oko\u0142o 11 wolontariuszy. Musimy my\u015ble\u0107 jak zaspokoi\u0107 g\u0142\u00f3wne potrzeby Domu Dziecka \u2013 woda potrzebna jest na pranie, gotowanie, sprz\u0105tanie, k\u0105piele i toalety.<\/p>\n<h4>Nowa studnia pomo\u017ce dzielnicy<\/h4>\n<p>Zaspokojenie prawa dost\u0119pu do wody pitnej pozostaje bardzo istotne dla przetrwania ludzi na ziemi. Niedob\u00f3r wyst\u0119puje we wszystkich miastach i wsiach DR Kongo, w Lubumbashi r\u00f3wnie\u017c. W szczeg\u00f3lno\u015bci do\u015bwiadczaj\u0105 ogromnych trudno\u015bci tereny takie, jak dzielnica Katuba, gdzie znajduje si\u0119 sierociniec. Brak wody pitnej sprawia, \u017ce ludzie s\u0105 w niezwykle trudnej sytuacji. AFEOA w swoich wysi\u0142kach na rzecz ratowania \u017cycia sierot i porzuconych dzieci przedstawia ich cierpienie i p\u0142acz ofiarodawcom Maitri, aby pom\u00f3c zagwarantowa\u0107 dla nich wod\u0119 pitn\u0105 ze studni. Nowe urz\u0105dzenie pomo\u017ce r\u00f3wnie\u017c rodzinom mieszkaj\u0105cym w pobli\u017cu sieroci\u0144ca. Ca\u0142y sierociniec AFEOA jest niezmiernie wdzi\u0119czny Maitri za nieustaj\u0105ce wysi\u0142ki na rzecz <a href=\"https:\/\/www.maitri.pl\/adopcja-serca\/\" target=\"_blank\" rel=\"noopener\">wspierania sierot<\/a> i porzuconych dzieci. Z ca\u0142ego serca dzi\u0119kujemy!<\/p>\n<table>\n<tbody>\n<tr>\n<td colspan=\"6\" width=\"643\"><strong>KOSZTORYS <\/strong><\/td>\n<td width=\"2\"><\/td>\n<\/tr>\n<tr>\n<td width=\"30\">LP<\/td>\n<td width=\"291\"><strong>OPIS<\/strong><\/td>\n<td width=\"68\">Jednostki miary<\/td>\n<td width=\"49\">ilo\u015b\u0107<\/td>\n<td width=\"106\"><strong>Cena<\/strong> <strong>jednostkowa <\/strong>\u00a0\u00a0\u00a0\u00a0\u00a0\u00a0\u00a0\u00a0\u00a0\u00a0\u00a0\u00a0(w miejscowej walucie)<\/td>\n<td width=\"99\"><strong>Kwota\u00a0\u00a0\u00a0\u00a0\u00a0\u00a0\u00a0\u00a0\u00a0\u00a0\u00a0\u00a0\u00a0\u00a0\u00a0\u00a0\u00a0\u00a0\u00a0\u00a0\u00a0 <\/strong>(w miejscowej walucie)<\/p>\n<p><strong>CDF (FC) <\/strong><\/td>\n<td width=\"2\"><\/td>\n<\/tr>\n<tr>\n<td width=\"30\">I<\/td>\n<td width=\"291\"><strong>Prace przy terenie<\/strong><\/td>\n<td width=\"68\"><strong>\u00a0<\/strong><\/td>\n<td width=\"49\"><strong>\u00a0<\/strong><\/td>\n<td width=\"106\"><strong>\u00a0<\/strong><\/td>\n<td width=\"99\"><strong>\u00a0<\/strong><\/td>\n<td width=\"2\"><strong>\u00a0<\/strong><\/td>\n<\/tr>\n<tr>\n<td width=\"30\">1<\/td>\n<td width=\"291\">Robocizna\u00a0 wykopanie studni<\/p>\n<p>&nbsp;<\/td>\n<td width=\"68\">\u00a0m<\/td>\n<td width=\"49\">70<\/td>\n<td width=\"106\">87.840<\/td>\n<td width=\"99\">6.148.800<\/td>\n<td width=\"2\"><\/td>\n<\/tr>\n<tr>\n<td width=\"30\">2<\/td>\n<td width=\"291\">Pompa zanurzeniowa + instalacja<\/p>\n<p>&nbsp;<\/td>\n<td width=\"68\">szt<\/td>\n<td width=\"49\">1<\/td>\n<td width=\"106\">3.294.000<\/td>\n<td width=\"99\">3.294.000<\/td>\n<td width=\"2\"><\/td>\n<\/tr>\n<tr>\n<td width=\"30\">3<\/td>\n<td width=\"291\">Zbiornik 5000 l + transport + instalacja<\/p>\n<p>&nbsp;<\/td>\n<td width=\"68\">szt<\/td>\n<td width=\"49\">1<\/td>\n<td width=\"106\">3.074.400<\/td>\n<td width=\"99\">3.074.400<\/td>\n<td width=\"2\"><\/td>\n<\/tr>\n<tr>\n<td width=\"30\">4<\/td>\n<td width=\"291\">Hydrofor + instalacja<\/p>\n<p>&nbsp;<\/td>\n<td width=\"68\">kpl<\/td>\n<td width=\"49\">1<\/td>\n<td width=\"106\">1.098.000<\/td>\n<td width=\"99\">1.098.000<\/td>\n<td width=\"2\"><\/td>\n<\/tr>\n<tr>\n<td width=\"30\">5<\/td>\n<td width=\"291\">Zbiornik pomocniczy + transport + instalacja<\/p>\n<p>&nbsp;<\/td>\n<td width=\"68\">szt<\/td>\n<td width=\"49\">1<\/td>\n<td width=\"106\">3.952.800<\/td>\n<td width=\"99\">3.952.800<\/td>\n<td width=\"2\"><\/td>\n<\/tr>\n<tr>\n<td width=\"30\"><strong>\u00a0<\/strong><\/td>\n<td width=\"291\"><strong>PODSUMOWANIE <\/strong>(w miejscowej walucie)<\/td>\n<td width=\"68\"><\/td>\n<td width=\"49\">&nbsp;<\/p>\n<p>&nbsp;<\/td>\n<td width=\"106\"><\/td>\n<td width=\"99\"><strong>17.568.000<\/strong><strong> FC<\/strong><\/td>\n<td width=\"1\"><\/td>\n<\/tr>\n<\/tbody>\n<\/table>\n<p><strong> Therese Manyingu, dyrektorka sieroci\u0144ca AFEOA, parafia \u015bw. Andrzeja Kima,<a href=\"https:\/\/www.maitri.pl\/gdzie-pomagamy\/\" target=\"_blank\" rel=\"noopener noreferrer\">Lubumbashi, DR Kongo<\/a><\/strong><\/p>\n<p>Dzi\u0119kuj\u0119 za ca\u0142\u0105 wasz\u0105 wsp\u00f3\u0142prac\u0119, kt\u00f3ra bez mi\u0142o\u015bci i po\u015bwi\u0119cenia nie mog\u0142aby si\u0119 spe\u0142ni\u0107.<\/p>\n<p>Z ca\u0142ego serca dzi\u0119kujemy ofiarodawcom. Liczymy na Wasze wsparcie i tym razem<strong>.<\/strong><\/p>\n<p><b style=\"font-size: large; color: #ff0000;\">Kwota: 8670 \u20ac <\/b><\/p>\n<p style=\"text-align: justify;\"><strong>Podsumowanie w miejscowej walucie &#8211; 17.568.000 FC<\/strong><\/p>\n<p style=\"text-align: justify;\" align=\"JUSTIFY\">Numer projektu: <strong>12\/PARAK<\/strong><\/p>\n<p style=\"text-align: justify;\" align=\"JUSTIFY\"><span style=\"color: #808080;\">Stowarzyszenie Ruchu\u00a0<em>Maitri<\/em> przeznacza do 10% otrzymanych \u015brodk\u00f3w na koszty funkcjonowania biura i pozyskiwanie funduszy pomocowych. <\/span><\/p>\n<h3 style=\"text-align: justify;\" align=\"JUSTIFY\"><span style=\"color: #808080;\">Brak wody pitnej &#8211; budujemy studni\u0119 dla sieroci\u0144ca AFEOA w DR Kongo<\/span><\/h3>\n","protected":false},"excerpt":{"rendered":"<p><strong>Projekt:<\/strong> Therese Manyingu, Parafia \u015bw. Andrzeja Kima<br \/>\n<strong>Misja:<\/strong> <a href=\"https:\/\/www.maitri.pl\/gdzie-pomagamy\/\" target=\"_blank\" rel=\"noopener noreferrer\">Lubumbashi, DR Kongo<\/a><br \/>\n<strong>Kwota projektu:<\/strong> <span style=\"color: #ff0000;\"><strong>8670 \u20ac<\/strong><\/span><\/p>\n","protected":false},"featured_media":25823,"template":"","meta":[],"product_brand":[],"product_cat":[656],"product_tag":[812,690,692,892],"class_list":{"0":"post-25765","1":"product","2":"type-product","3":"status-publish","4":"has-post-thumbnail","6":"product_cat-bez-kategorii","7":"product_tag-afeoa","8":"product_tag-dr-kongo","9":"product_tag-lubumbashi","10":"product_tag-therese-manyingu","12":"first","13":"instock","14":"virtual","15":"purchasable","16":"product-type-simple"},"yoast_head":"<!-- This site is optimized with the Yoast SEO plugin v27.2 - https:\/\/yoast.com\/product\/yoast-seo-wordpress\/ -->\n<title>Brak wody pitnej - budujemy studni\u0119 dla sieroci\u0144ca AFEOA<\/title>\n<meta name=\"description\" content=\"Brak wody pitnej - budujemy studni\u0119 dla sieroci\u0144ca AFEOA w DR Kongo. Odwiert zapewni \u015bwie\u017c\u0105 wod\u0119 dla kilkudziesi\u0119ciu sierot oraz okolicznych rodzin.\" \/>\n<meta name=\"robots\" content=\"index, follow, max-snippet:-1, max-image-preview:large, max-video-preview:-1\" \/>\n<link rel=\"canonical\" href=\"https:\/\/www.maitri.pl\/projekt\/brak-wody-kongo\/\" \/>\n<meta property=\"og:locale\" content=\"fr_FR\" \/>\n<meta property=\"og:type\" content=\"article\" \/>\n<meta property=\"og:title\" content=\"Brak wody pitnej - budujemy studni\u0119 dla sieroci\u0144ca AFEOA\" \/>\n<meta property=\"og:description\" content=\"Brak wody pitnej - budujemy studni\u0119 dla sieroci\u0144ca AFEOA w DR Kongo. Odwiert zapewni \u015bwie\u017c\u0105 wod\u0119 dla kilkudziesi\u0119ciu sierot oraz okolicznych rodzin.\" \/>\n<meta property=\"og:url\" content=\"https:\/\/www.maitri.pl\/projekt\/brak-wody-kongo\/\" \/>\n<meta property=\"og:site_name\" content=\"Ruch Maitri - Adopcja Serca pomoc Afryce\" \/>\n<meta property=\"article:publisher\" content=\"https:\/\/www.facebook.com\/MAITRI.Adopcja.Serca.dzieci.Afryki\/\" \/>\n<meta property=\"article:modified_time\" content=\"2024-02-07T11:52:30+00:00\" \/>\n<meta property=\"og:image\" content=\"https:\/\/www.maitri.pl\/wp-content\/uploads\/2023\/01\/12-parak-1.jpg\" \/>\n\t<meta property=\"og:image:width\" content=\"1520\" \/>\n\t<meta property=\"og:image:height\" content=\"2040\" \/>\n\t<meta property=\"og:image:type\" content=\"image\/jpeg\" \/>\n<meta name=\"twitter:card\" content=\"summary_large_image\" \/>\n<meta name=\"twitter:label1\" content=\"Dur\u00e9e de lecture estim\u00e9e\" \/>\n\t<meta name=\"twitter:data1\" content=\"3 minutes\" \/>\n<script type=\"application\/ld+json\" class=\"yoast-schema-graph\">{\"@context\":\"https:\/\/schema.org\",\"@graph\":[{\"@type\":\"WebPage\",\"@id\":\"https:\/\/www.maitri.pl\/projekt\/brak-wody-kongo\/\",\"url\":\"https:\/\/www.maitri.pl\/projekt\/brak-wody-kongo\/\",\"name\":\"Brak wody pitnej - budujemy studni\u0119 dla sieroci\u0144ca AFEOA\",\"isPartOf\":{\"@id\":\"https:\/\/www.maitri.pl\/#website\"},\"primaryImageOfPage\":{\"@id\":\"https:\/\/www.maitri.pl\/projekt\/brak-wody-kongo\/#primaryimage\"},\"image\":{\"@id\":\"https:\/\/www.maitri.pl\/projekt\/brak-wody-kongo\/#primaryimage\"},\"thumbnailUrl\":\"https:\/\/www.maitri.pl\/wp-content\/uploads\/2023\/01\/12-parak-1.jpg\",\"datePublished\":\"2023-01-30T09:53:54+00:00\",\"dateModified\":\"2024-02-07T11:52:30+00:00\",\"description\":\"Brak wody pitnej - budujemy studni\u0119 dla sieroci\u0144ca AFEOA w DR Kongo. Odwiert zapewni \u015bwie\u017c\u0105 wod\u0119 dla kilkudziesi\u0119ciu sierot oraz okolicznych rodzin.\",\"breadcrumb\":{\"@id\":\"https:\/\/www.maitri.pl\/projekt\/brak-wody-kongo\/#breadcrumb\"},\"inLanguage\":\"fr-FR\",\"potentialAction\":[{\"@type\":\"ReadAction\",\"target\":[\"https:\/\/www.maitri.pl\/projekt\/brak-wody-kongo\/\"]}]},{\"@type\":\"ImageObject\",\"inLanguage\":\"fr-FR\",\"@id\":\"https:\/\/www.maitri.pl\/projekt\/brak-wody-kongo\/#primaryimage\",\"url\":\"https:\/\/www.maitri.pl\/wp-content\/uploads\/2023\/01\/12-parak-1.jpg\",\"contentUrl\":\"https:\/\/www.maitri.pl\/wp-content\/uploads\/2023\/01\/12-parak-1.jpg\",\"width\":1520,\"height\":2040,\"caption\":\"Brak wody pitnej sierociniec pom\u00f3\u017c sierotom pomoc Afryce pomoc ubogim Adopcja Serca Maitri 06\"},{\"@type\":\"BreadcrumbList\",\"@id\":\"https:\/\/www.maitri.pl\/projekt\/brak-wody-kongo\/#breadcrumb\",\"itemListElement\":[{\"@type\":\"ListItem\",\"position\":1,\"name\":\"Strona g\u0142\u00f3wna\",\"item\":\"https:\/\/www.maitri.pl\/\"},{\"@type\":\"ListItem\",\"position\":2,\"name\":\"Sklep\",\"item\":\"https:\/\/www.maitri.pl\/sklep\/\"},{\"@type\":\"ListItem\",\"position\":3,\"name\":\"Brak wody pitnej &#8211; budujemy studni\u0119 dla sieroci\u0144ca AFEOA w DR Kongo\"}]},{\"@type\":\"WebSite\",\"@id\":\"https:\/\/www.maitri.pl\/#website\",\"url\":\"https:\/\/www.maitri.pl\/\",\"name\":\"Adopcja Serca Maitri \u2013 pomoc dzieciom w Afryce\",\"description\":\"Adopcja Serca \u2013 adopcja na odleg\u0142o\u015b\u0107, pomoc Afryce, do\u017cywianie i edukacja w Afryce\",\"publisher\":{\"@id\":\"https:\/\/www.maitri.pl\/#organization\"},\"potentialAction\":[{\"@type\":\"SearchAction\",\"target\":{\"@type\":\"EntryPoint\",\"urlTemplate\":\"https:\/\/www.maitri.pl\/?s={search_term_string}\"},\"query-input\":{\"@type\":\"PropertyValueSpecification\",\"valueRequired\":true,\"valueName\":\"search_term_string\"}}],\"inLanguage\":\"fr-FR\"},{\"@type\":\"Organization\",\"@id\":\"https:\/\/www.maitri.pl\/#organization\",\"name\":\"Stowarzyszenie Ruchu Maitri\",\"url\":\"https:\/\/www.maitri.pl\/\",\"logo\":{\"@type\":\"ImageObject\",\"inLanguage\":\"fr-FR\",\"@id\":\"https:\/\/www.maitri.pl\/#\/schema\/logo\/image\/\",\"url\":\"https:\/\/www.maitri.pl\/wp-content\/uploads\/2020\/04\/duze_logo-81.png\",\"contentUrl\":\"https:\/\/www.maitri.pl\/wp-content\/uploads\/2020\/04\/duze_logo-81.png\",\"width\":339,\"height\":321,\"caption\":\"Stowarzyszenie Ruchu Maitri\"},\"image\":{\"@id\":\"https:\/\/www.maitri.pl\/#\/schema\/logo\/image\/\"},\"sameAs\":[\"https:\/\/www.facebook.com\/MAITRI.Adopcja.Serca.dzieci.Afryki\/\"]}]}<\/script>\n<!-- \/ Yoast SEO plugin. -->","yoast_head_json":{"title":"Brak wody pitnej - budujemy studni\u0119 dla sieroci\u0144ca AFEOA","description":"Brak wody pitnej - budujemy studni\u0119 dla sieroci\u0144ca AFEOA w DR Kongo. Odwiert zapewni \u015bwie\u017c\u0105 wod\u0119 dla kilkudziesi\u0119ciu sierot oraz okolicznych rodzin.","robots":{"index":"index","follow":"follow","max-snippet":"max-snippet:-1","max-image-preview":"max-image-preview:large","max-video-preview":"max-video-preview:-1"},"canonical":"https:\/\/www.maitri.pl\/projekt\/brak-wody-kongo\/","og_locale":"fr_FR","og_type":"article","og_title":"Brak wody pitnej - budujemy studni\u0119 dla sieroci\u0144ca AFEOA","og_description":"Brak wody pitnej - budujemy studni\u0119 dla sieroci\u0144ca AFEOA w DR Kongo. Odwiert zapewni \u015bwie\u017c\u0105 wod\u0119 dla kilkudziesi\u0119ciu sierot oraz okolicznych rodzin.","og_url":"https:\/\/www.maitri.pl\/projekt\/brak-wody-kongo\/","og_site_name":"Ruch Maitri - Adopcja Serca pomoc Afryce","article_publisher":"https:\/\/www.facebook.com\/MAITRI.Adopcja.Serca.dzieci.Afryki\/","article_modified_time":"2024-02-07T11:52:30+00:00","og_image":[{"width":1520,"height":2040,"url":"https:\/\/www.maitri.pl\/wp-content\/uploads\/2023\/01\/12-parak-1.jpg","type":"image\/jpeg"}],"twitter_card":"summary_large_image","twitter_misc":{"Dur\u00e9e de lecture estim\u00e9e":"3 minutes"},"schema":{"@context":"https:\/\/schema.org","@graph":[{"@type":"WebPage","@id":"https:\/\/www.maitri.pl\/projekt\/brak-wody-kongo\/","url":"https:\/\/www.maitri.pl\/projekt\/brak-wody-kongo\/","name":"Brak wody pitnej - budujemy studni\u0119 dla sieroci\u0144ca AFEOA","isPartOf":{"@id":"https:\/\/www.maitri.pl\/#website"},"primaryImageOfPage":{"@id":"https:\/\/www.maitri.pl\/projekt\/brak-wody-kongo\/#primaryimage"},"image":{"@id":"https:\/\/www.maitri.pl\/projekt\/brak-wody-kongo\/#primaryimage"},"thumbnailUrl":"https:\/\/www.maitri.pl\/wp-content\/uploads\/2023\/01\/12-parak-1.jpg","datePublished":"2023-01-30T09:53:54+00:00","dateModified":"2024-02-07T11:52:30+00:00","description":"Brak wody pitnej - budujemy studni\u0119 dla sieroci\u0144ca AFEOA w DR Kongo. Odwiert zapewni \u015bwie\u017c\u0105 wod\u0119 dla kilkudziesi\u0119ciu sierot oraz okolicznych rodzin.","breadcrumb":{"@id":"https:\/\/www.maitri.pl\/projekt\/brak-wody-kongo\/#breadcrumb"},"inLanguage":"fr-FR","potentialAction":[{"@type":"ReadAction","target":["https:\/\/www.maitri.pl\/projekt\/brak-wody-kongo\/"]}]},{"@type":"ImageObject","inLanguage":"fr-FR","@id":"https:\/\/www.maitri.pl\/projekt\/brak-wody-kongo\/#primaryimage","url":"https:\/\/www.maitri.pl\/wp-content\/uploads\/2023\/01\/12-parak-1.jpg","contentUrl":"https:\/\/www.maitri.pl\/wp-content\/uploads\/2023\/01\/12-parak-1.jpg","width":1520,"height":2040,"caption":"Brak wody pitnej sierociniec pom\u00f3\u017c sierotom pomoc Afryce pomoc ubogim Adopcja Serca Maitri 06"},{"@type":"BreadcrumbList","@id":"https:\/\/www.maitri.pl\/projekt\/brak-wody-kongo\/#breadcrumb","itemListElement":[{"@type":"ListItem","position":1,"name":"Strona g\u0142\u00f3wna","item":"https:\/\/www.maitri.pl\/"},{"@type":"ListItem","position":2,"name":"Sklep","item":"https:\/\/www.maitri.pl\/sklep\/"},{"@type":"ListItem","position":3,"name":"Brak wody pitnej &#8211; budujemy studni\u0119 dla sieroci\u0144ca AFEOA w DR Kongo"}]},{"@type":"WebSite","@id":"https:\/\/www.maitri.pl\/#website","url":"https:\/\/www.maitri.pl\/","name":"Adopcja Serca Maitri \u2013 pomoc dzieciom w Afryce","description":"Adopcja Serca \u2013 adopcja na odleg\u0142o\u015b\u0107, pomoc Afryce, do\u017cywianie i edukacja w Afryce","publisher":{"@id":"https:\/\/www.maitri.pl\/#organization"},"potentialAction":[{"@type":"SearchAction","target":{"@type":"EntryPoint","urlTemplate":"https:\/\/www.maitri.pl\/?s={search_term_string}"},"query-input":{"@type":"PropertyValueSpecification","valueRequired":true,"valueName":"search_term_string"}}],"inLanguage":"fr-FR"},{"@type":"Organization","@id":"https:\/\/www.maitri.pl\/#organization","name":"Stowarzyszenie Ruchu Maitri","url":"https:\/\/www.maitri.pl\/","logo":{"@type":"ImageObject","inLanguage":"fr-FR","@id":"https:\/\/www.maitri.pl\/#\/schema\/logo\/image\/","url":"https:\/\/www.maitri.pl\/wp-content\/uploads\/2020\/04\/duze_logo-81.png","contentUrl":"https:\/\/www.maitri.pl\/wp-content\/uploads\/2020\/04\/duze_logo-81.png","width":339,"height":321,"caption":"Stowarzyszenie Ruchu Maitri"},"image":{"@id":"https:\/\/www.maitri.pl\/#\/schema\/logo\/image\/"},"sameAs":["https:\/\/www.facebook.com\/MAITRI.Adopcja.Serca.dzieci.Afryki\/"]}]}},"_links":{"self":[{"href":"https:\/\/www.maitri.pl\/fr\/wp-json\/wp\/v2\/product\/25765","targetHints":{"allow":["GET"]}}],"collection":[{"href":"https:\/\/www.maitri.pl\/fr\/wp-json\/wp\/v2\/product"}],"about":[{"href":"https:\/\/www.maitri.pl\/fr\/wp-json\/wp\/v2\/types\/product"}],"wp:featuredmedia":[{"embeddable":true,"href":"https:\/\/www.maitri.pl\/fr\/wp-json\/wp\/v2\/media\/25823"}],"wp:attachment":[{"href":"https:\/\/www.maitri.pl\/fr\/wp-json\/wp\/v2\/media?parent=25765"}],"wp:term":[{"taxonomy":"product_brand","embeddable":true,"href":"https:\/\/www.maitri.pl\/fr\/wp-json\/wp\/v2\/product_brand?post=25765"},{"taxonomy":"product_cat","embeddable":true,"href":"https:\/\/www.maitri.pl\/fr\/wp-json\/wp\/v2\/product_cat?post=25765"},{"taxonomy":"product_tag","embeddable":true,"href":"https:\/\/www.maitri.pl\/fr\/wp-json\/wp\/v2\/product_tag?post=25765"}],"curies":[{"name":"wp","href":"https:\/\/api.w.org\/{rel}","templated":true}]}}