{"id":25370,"date":"2022-10-24T20:33:38","date_gmt":"2022-10-24T18:33:38","guid":{"rendered":"https:\/\/www.maitri.pl\/?post_type=product&#038;p=25370"},"modified":"2023-02-10T12:16:27","modified_gmt":"2023-02-10T11:16:27","slug":"pomoc-uchodzcom-ntamugenga","status":"publish","type":"product","link":"https:\/\/www.maitri.pl\/fr\/projekt\/pomoc-uchodzcom-ntamugenga\/","title":{"rendered":"Pomoc uchod\u017acom wojennym z misji Ntamugenga w DR Kongo"},"content":{"rendered":"<h4>Uciekaj\u0105 przed wojn\u0105<\/h4>\n<p>Od kilku miesi\u0119cy w naszym regionie trwaj\u0105 walki pomi\u0119dzy rebeli\u0105 M23 a wojskiem narodowym. Rozlew krwi spowodowa\u0142 masow\u0105 ucieczk\u0119 ludno\u015bci z terenu Bunagany, Jomby, Mbuzi, Bwezy i innych. W naszej wiosce Ntamugendze aktualnie koczuje ok. 15-20 tys. uchod\u017ac\u00f3w. Cz\u0119\u015b\u0107 wsi jest niedost\u0119pna dla ludno\u015bci, gdy\u017c znajduj\u0105 si\u0119 tam pozycje wojskowe. Rebelianci s\u0105 ok. 800 m od nas. Ludzie zaj\u0119li teren szpitala, domy lekarzy, szko\u0142y, s\u0105 te\u017c na naszej posesji i w domu. Nie maj\u0105 dok\u0105d p\u00f3j\u015b\u0107. M\u00f3wi\u0105, \u017ce je\u015bli maj\u0105 umrze\u0107, to u siebie. Wi\u0119kszo\u015b\u0107 mieszka w skleconych z ga\u0142\u0119zi sza\u0142asach, przeciekaj\u0105cych w czasie deszczu. Ich g\u0142\u00f3wnym po\u017cywieniem s\u0105 gotowane banany, gdy\u017c dost\u0119p do p\u00f3l uprawnych jest ograniczony. W tej sytuacji apeluj\u0119 o jak najpilniejsz\u0105 pomoc uchod\u017acom wojennym z misji Ntamugenga.<\/p>\n<h4>Znik\u0105d pomocy<\/h4>\n<p>Sytuacja zdrowotna ludno\u015bci bardzo si\u0119 pogarsza. Brakuje \u017cywno\u015bci, a nawet drzewa na opa\u0142. Ludzie nie maj\u0105 \u017cadnych dochod\u00f3w, bo wi\u0119kszo\u015b\u0107 \u017cyje z uprawy p\u00f3l. Pomoc organizacji humanitarnych jest bardzo ma\u0142a lub \u017cadna. W ci\u0105gu ostatnich 2 miesi\u0119cy mieszka\u0144cy otrzymali ok. 1 kg m\u0105ki i 0.5 kg fasoli oraz 150 ml oleju na osob\u0119. By\u0142a to pomoc humanitarna rz\u0105du. Nie da si\u0119 na tym prze\u017cy\u0107 nawet przez tydzie\u0144, a co dopiero przez 2 miesi\u0105ce. Dlatego chcemy rozda\u0107 \u017cywno\u015b\u0107 najbardziej potrzebuj\u0105cym (ok. 200 os\u00f3b), zakupi\u0107 w\u0119giel drzewny dla matek z niemowl\u0119tami i rozda\u0107 ubranka dla dzieci i \u015brodki higieniczne (myd\u0142o i miski).<\/p>\n<h4>Potrzeba schronienia<\/h4>\n<p>To nie wszystko. Widzimy konieczno\u015b\u0107 wybudowania hangaru z plandeki, kt\u00f3ry pomie\u015bci\u0142by 20 kobiet z ma\u0142ymi dzie\u0107mi. W tej chwili t\u0142ocz\u0105 si\u0119 u nas w domu. Chcemy tak\u017ce wybudowa\u0107 3 zadaszenia, gdzie ludzie mogliby przygotowa\u0107 posi\u0142ek podczas ulewnych obecnie deszczy. chcemy r\u00f3wnie rozda\u0107 plandeki tym, kt\u00f3rzy mieszkaj\u0105 w najgorszych warunkach. Obecnie sytuacja jest straszna. Dlatego apeluj\u0119 o piln\u0105 pomoc uchod\u017acom wojennym z Ntamugenga. Projekt zapewni poprawi warunki bytowe i \u017cywieniowe ok. 700 uchod\u017ac\u00f3w na ternie Ntamugengi. S\u0105 to kobiety z dzie\u0107mi, chronicznie chorzy i niepe\u0142nosprawni oraz osoby starsze. B\u00f3g zap\u0142a\u0107!<\/p>\n<p>&nbsp;<\/p>\n<table width=\"729\">\n<tbody>\n<tr>\n<td colspan=\"8\" width=\"729\">\n<h4><strong>KOSZTORYS <\/strong><\/h4>\n<\/td>\n<\/tr>\n<tr>\n<td colspan=\"2\" width=\"39\">LP<\/td>\n<td width=\"344\"><strong>OPIS<\/strong><\/td>\n<td colspan=\"2\" width=\"94\">Jednostki miary<\/td>\n<td colspan=\"2\" width=\"106\"><strong>Cena<\/strong><\/p>\n<p>(w miejscowej walucie)<\/td>\n<td width=\"146\"><strong>Kwota\u00a0\u00a0\u00a0\u00a0\u00a0\u00a0\u00a0\u00a0\u00a0\u00a0\u00a0\u00a0\u00a0\u00a0\u00a0\u00a0\u00a0\u00a0\u00a0\u00a0\u00a0 <\/strong>(w miejscowej walucie)<\/td>\n<\/tr>\n<tr>\n<td width=\"38\">1.<\/td>\n<td colspan=\"3\" width=\"345\">50 plandek<\/td>\n<td colspan=\"2\" width=\"94\">\u00a0 sztuka<\/td>\n<td width=\"105\">\u00a0 16 USD<\/td>\n<td width=\"146\">\u00a0 800 USD<\/td>\n<\/tr>\n<tr>\n<td width=\"38\">2.<\/td>\n<td colspan=\"3\" width=\"345\">Konstrukcja hangaru dla 20 kobiet z dzie\u0107mi i 3 zadasze\u0144 na kuchnie dla uchod\u017ac\u00f3w- zakup drewna, gwo\u017adzi i robocizna<\/td>\n<td colspan=\"2\" width=\"94\"><\/td>\n<td width=\"105\"><\/td>\n<td width=\"146\">\u00a0 400 USD<\/td>\n<\/tr>\n<tr>\n<td width=\"38\">3.<\/td>\n<td colspan=\"3\" width=\"345\">2 bale ubranek dla dzieci<\/td>\n<td colspan=\"2\" width=\"94\">\u00a0sztuka<\/td>\n<td width=\"105\">\u00a0240 USD<\/td>\n<td width=\"146\">\u00a0\u00a0480 USD<\/td>\n<\/tr>\n<tr>\n<td width=\"38\">4.<\/td>\n<td colspan=\"3\" width=\"345\">100 misek<\/td>\n<td colspan=\"2\" width=\"94\">\u00a0sztuka<\/td>\n<td width=\"105\">\u00a0\u00a0 \u00a02 USD<\/td>\n<td width=\"146\">\u00a0\u00a0200 USD<\/td>\n<\/tr>\n<tr>\n<td width=\"38\">5.<\/td>\n<td colspan=\"3\" width=\"345\">15 pude\u0142 myd\u0142a<\/td>\n<td colspan=\"2\" width=\"94\">\u00a0karton<\/td>\n<td width=\"105\">\u00a0 20 USD<\/td>\n<td width=\"146\">\u00a0\u00a0300 USD<\/td>\n<\/tr>\n<tr>\n<td width=\"38\">6.<\/td>\n<td colspan=\"3\" width=\"345\">400 kg fasoli<\/td>\n<td colspan=\"2\" width=\"94\">\u00a0 kg<\/td>\n<td width=\"105\">\u00a0\u00a0 \u00a01 USD<\/td>\n<td width=\"146\">\u00a0 400 USD<\/td>\n<\/tr>\n<tr>\n<td width=\"38\">7.<\/td>\n<td colspan=\"3\" width=\"345\">40 work\u00f3w ry\u017cu<\/td>\n<td colspan=\"2\" width=\"94\">\u00a0worek 25 kg<\/td>\n<td width=\"105\">\u00a0 22 USD<\/td>\n<td width=\"146\">\u00a0 880 USD<\/td>\n<\/tr>\n<tr>\n<td width=\"38\">8.<\/td>\n<td colspan=\"3\" width=\"345\">20 work\u00f3w w\u0119gla drzewnego oraz ich transport<\/td>\n<td colspan=\"2\" width=\"94\">\u00a0worek<\/td>\n<td width=\"105\">\u00a0 15 USD<\/td>\n<td width=\"146\">\u00a0 300 USD<\/td>\n<\/tr>\n<tr>\n<td width=\"38\">9.<\/td>\n<td colspan=\"3\" width=\"345\">20 kanistr\u00f3w oleju palmowego rafinowanego<\/td>\n<td colspan=\"2\" width=\"94\">kanister<\/td>\n<td width=\"105\">\u00a0 32 USD<\/td>\n<td width=\"146\">\u00a0 640 USD<\/td>\n<\/tr>\n<tr>\n<td width=\"38\">10.<\/td>\n<td colspan=\"3\" width=\"345\">20 butelek oleju s\u0142onecznikowego 5l<\/td>\n<td colspan=\"2\" width=\"94\">butelka<\/td>\n<td width=\"105\">\u00a0 13,5 USD<\/td>\n<td width=\"146\">\u00a0 270 USD<\/td>\n<\/tr>\n<tr>\n<td width=\"38\">11.<\/td>\n<td colspan=\"3\" width=\"345\">200 flanelowych komplet\u00f3w dla niemowl\u0105t (okrycie i pieluchy)<\/td>\n<td colspan=\"2\" width=\"94\">komplet<\/td>\n<td width=\"105\">\u00a0 1,1 USD<\/td>\n<td width=\"146\">\u00a0 220 USD<\/td>\n<\/tr>\n<tr>\n<td width=\"38\"><\/td>\n<td colspan=\"3\" width=\"345\"><strong>PODSUMOWANIE <\/strong>(w miejscowej walucie)<\/td>\n<td colspan=\"2\" width=\"94\">&nbsp;<\/p>\n<p>&nbsp;<\/td>\n<td width=\"105\"><\/td>\n<td width=\"146\">\u00a04.890 USD<\/td>\n<\/tr>\n<tr>\n<td width=\"38\"><\/td>\n<td colspan=\"3\" width=\"345\"><strong>SUMA<\/strong>\u00a0 w Euro\u00a0\u00a0\u00a0\u00a0\u00a0\u00a0\u00a0\u00a0 kurs przeliczeniowy<\/td>\n<td colspan=\"2\" width=\"94\"><\/td>\n<td width=\"105\">&nbsp;<\/p>\n<p>&nbsp;<\/td>\n<td width=\"146\">\u00a05.000 EURO<\/td>\n<\/tr>\n<tr>\n<td width=\"38\"><\/td>\n<td width=\"1\"><\/td>\n<td width=\"344\"><\/td>\n<td width=\"1\"><\/td>\n<td width=\"93\"><\/td>\n<td width=\"1\"><\/td>\n<td width=\"105\"><\/td>\n<td width=\"146\"><\/td>\n<\/tr>\n<\/tbody>\n<\/table>\n<p>&nbsp;<\/p>\n<p>Siostra Agnieszka Guga\u0142a, <a href=\"https:\/\/www.siostryodaniolow.pl\/\" target=\"_blank\" rel=\"noopener noreferrer\">Zgromadzenie Si\u00f3str od Anio\u0142\u00f3w<\/a>, misja Ntamugenga, <a href=\"https:\/\/www.maitri.pl\/gdzie-pomagamy\/\" target=\"_blank\" rel=\"noopener noreferrer\">DR Kongo<\/a><\/p>\n<p style=\"text-align: justify;\" align=\"JUSTIFY\"><span style=\"color: #ff0000;\"><span style=\"font-size: large;\"><b>Kwota projektu: 5000 \u20ac<br \/>\n<\/b><\/span><\/span><\/p>\n<p style=\"text-align: justify;\"><strong>Numer projektu: 154\/ANIOL<\/strong><\/p>\n<p style=\"text-align: justify;\" align=\"JUSTIFY\"><span style=\"color: #808080;\">Stowarzyszenie Ruchu\u00a0<em>Maitri<\/em>\u00a0przeznacza do 10% otrzymanych \u015brodk\u00f3w na koszty funkcjonowania biura i pozyskiwanie funduszy pomocowych.<\/span><\/p>\n<h3 style=\"text-align: justify;\" align=\"JUSTIFY\"><span style=\"color: #808080;\">Pomoc uchod\u017acom wojennym z misji Ntamugenga w DR Kongo<\/span><\/h3>\n","protected":false},"excerpt":{"rendered":"<p><strong>Projekt:<\/strong> Siostra Agnieszka Guga\u0142a, <a href=\"https:\/\/www.siostryodaniolow.pl\/\" target=\"_blank\" rel=\"noopener noreferrer\">Zgromadzenie Si\u00f3str od Anio\u0142\u00f3w<\/a><br \/>\n<strong>Misja:<\/strong> Ntamugenga, <a href=\"https:\/\/www.maitri.pl\/gdzie-pomagamy\/\" target=\"_blank\" rel=\"noopener noreferrer\">DR Kongo<\/a><br \/>\n<strong>Kwota projektu:<\/strong> <span style=\"color: #ff0000;\"><strong>5.000 \u20ac<\/strong><\/span><\/p>\n","protected":false},"featured_media":25375,"template":"","meta":[],"product_brand":[],"product_cat":[656],"product_tag":[690,838,839,665],"class_list":{"0":"post-25370","1":"product","2":"type-product","3":"status-publish","4":"has-post-thumbnail","6":"product_cat-bez-kategorii","7":"product_tag-dr-kongo","8":"product_tag-ntamugenga","9":"product_tag-siostra-agnieszka-gugala","10":"product_tag-zgromadzenie-siostr-od-aniolow","12":"first","13":"instock","14":"virtual","15":"purchasable","16":"product-type-simple"},"yoast_head":"<!-- This site is optimized with the Yoast SEO plugin v27.2 - https:\/\/yoast.com\/product\/yoast-seo-wordpress\/ -->\n<title>Pomoc uchod\u017acom wojennym z misji Ntamugenga w DR Kongo<\/title>\n<meta name=\"description\" content=\"Pomoc uchod\u017acom wojennym z misji Ntamugenga w DR Kongo. O piln\u0105 pomoc apeluje Siostra Agnieszka ze Zgromadzenia Si\u00f3str od Anio\u0142\u00f3w. Ka\u017cda z\u0142ot\u00f3wka pomaga!\" \/>\n<meta name=\"robots\" content=\"index, follow, max-snippet:-1, max-image-preview:large, max-video-preview:-1\" \/>\n<link rel=\"canonical\" href=\"https:\/\/www.maitri.pl\/projekt\/pomoc-uchodzcom-ntamugenga\/\" \/>\n<meta property=\"og:locale\" content=\"fr_FR\" \/>\n<meta property=\"og:type\" content=\"article\" \/>\n<meta property=\"og:title\" content=\"Pomoc uchod\u017acom wojennym z misji Ntamugenga w DR Kongo\" \/>\n<meta property=\"og:description\" content=\"Pomoc uchod\u017acom wojennym z misji Ntamugenga w DR Kongo. O piln\u0105 pomoc apeluje Siostra Agnieszka ze Zgromadzenia Si\u00f3str od Anio\u0142\u00f3w. Ka\u017cda z\u0142ot\u00f3wka pomaga!\" \/>\n<meta property=\"og:url\" content=\"https:\/\/www.maitri.pl\/projekt\/pomoc-uchodzcom-ntamugenga\/\" \/>\n<meta property=\"og:site_name\" content=\"Ruch Maitri - Adopcja Serca pomoc Afryce\" \/>\n<meta property=\"article:publisher\" content=\"https:\/\/www.facebook.com\/MAITRI.Adopcja.Serca.dzieci.Afryki\/\" \/>\n<meta property=\"article:modified_time\" content=\"2023-02-10T11:16:27+00:00\" \/>\n<meta property=\"og:image\" content=\"https:\/\/www.maitri.pl\/wp-content\/uploads\/2022\/10\/IMG-20221020-WA0020.jpg\" \/>\n\t<meta property=\"og:image:width\" content=\"1024\" \/>\n\t<meta property=\"og:image:height\" content=\"768\" \/>\n\t<meta property=\"og:image:type\" content=\"image\/jpeg\" \/>\n<meta name=\"twitter:card\" content=\"summary_large_image\" \/>\n<meta name=\"twitter:label1\" content=\"Dur\u00e9e de lecture estim\u00e9e\" \/>\n\t<meta name=\"twitter:data1\" content=\"4 minutes\" \/>\n<script type=\"application\/ld+json\" class=\"yoast-schema-graph\">{\"@context\":\"https:\/\/schema.org\",\"@graph\":[{\"@type\":\"WebPage\",\"@id\":\"https:\/\/www.maitri.pl\/projekt\/pomoc-uchodzcom-ntamugenga\/\",\"url\":\"https:\/\/www.maitri.pl\/projekt\/pomoc-uchodzcom-ntamugenga\/\",\"name\":\"Pomoc uchod\u017acom wojennym z misji Ntamugenga w DR Kongo\",\"isPartOf\":{\"@id\":\"https:\/\/www.maitri.pl\/#website\"},\"primaryImageOfPage\":{\"@id\":\"https:\/\/www.maitri.pl\/projekt\/pomoc-uchodzcom-ntamugenga\/#primaryimage\"},\"image\":{\"@id\":\"https:\/\/www.maitri.pl\/projekt\/pomoc-uchodzcom-ntamugenga\/#primaryimage\"},\"thumbnailUrl\":\"https:\/\/www.maitri.pl\/wp-content\/uploads\/2022\/10\/IMG-20221020-WA0020.jpg\",\"datePublished\":\"2022-10-24T18:33:38+00:00\",\"dateModified\":\"2023-02-10T11:16:27+00:00\",\"description\":\"Pomoc uchod\u017acom wojennym z misji Ntamugenga w DR Kongo. O piln\u0105 pomoc apeluje Siostra Agnieszka ze Zgromadzenia Si\u00f3str od Anio\u0142\u00f3w. Ka\u017cda z\u0142ot\u00f3wka pomaga!\",\"breadcrumb\":{\"@id\":\"https:\/\/www.maitri.pl\/projekt\/pomoc-uchodzcom-ntamugenga\/#breadcrumb\"},\"inLanguage\":\"fr-FR\",\"potentialAction\":[{\"@type\":\"ReadAction\",\"target\":[\"https:\/\/www.maitri.pl\/projekt\/pomoc-uchodzcom-ntamugenga\/\"]}]},{\"@type\":\"ImageObject\",\"inLanguage\":\"fr-FR\",\"@id\":\"https:\/\/www.maitri.pl\/projekt\/pomoc-uchodzcom-ntamugenga\/#primaryimage\",\"url\":\"https:\/\/www.maitri.pl\/wp-content\/uploads\/2022\/10\/IMG-20221020-WA0020.jpg\",\"contentUrl\":\"https:\/\/www.maitri.pl\/wp-content\/uploads\/2022\/10\/IMG-20221020-WA0020.jpg\",\"width\":1024,\"height\":768,\"caption\":\"Pomoc uchod\u017acom wojennym z misji Ntamugenga w DR Kongo pomoc Afryce pomoc ubogim Adopcja Serca Adopcja Duchowa Ruch Maitri 01\"},{\"@type\":\"BreadcrumbList\",\"@id\":\"https:\/\/www.maitri.pl\/projekt\/pomoc-uchodzcom-ntamugenga\/#breadcrumb\",\"itemListElement\":[{\"@type\":\"ListItem\",\"position\":1,\"name\":\"Strona g\u0142\u00f3wna\",\"item\":\"https:\/\/www.maitri.pl\/\"},{\"@type\":\"ListItem\",\"position\":2,\"name\":\"Sklep\",\"item\":\"https:\/\/www.maitri.pl\/sklep\/\"},{\"@type\":\"ListItem\",\"position\":3,\"name\":\"Pomoc uchod\u017acom wojennym z misji Ntamugenga w DR Kongo\"}]},{\"@type\":\"WebSite\",\"@id\":\"https:\/\/www.maitri.pl\/#website\",\"url\":\"https:\/\/www.maitri.pl\/\",\"name\":\"Adopcja Serca Maitri \u2013 pomoc dzieciom w Afryce\",\"description\":\"Adopcja Serca \u2013 adopcja na odleg\u0142o\u015b\u0107, pomoc Afryce, do\u017cywianie i edukacja w Afryce\",\"publisher\":{\"@id\":\"https:\/\/www.maitri.pl\/#organization\"},\"potentialAction\":[{\"@type\":\"SearchAction\",\"target\":{\"@type\":\"EntryPoint\",\"urlTemplate\":\"https:\/\/www.maitri.pl\/?s={search_term_string}\"},\"query-input\":{\"@type\":\"PropertyValueSpecification\",\"valueRequired\":true,\"valueName\":\"search_term_string\"}}],\"inLanguage\":\"fr-FR\"},{\"@type\":\"Organization\",\"@id\":\"https:\/\/www.maitri.pl\/#organization\",\"name\":\"Stowarzyszenie Ruchu Maitri\",\"url\":\"https:\/\/www.maitri.pl\/\",\"logo\":{\"@type\":\"ImageObject\",\"inLanguage\":\"fr-FR\",\"@id\":\"https:\/\/www.maitri.pl\/#\/schema\/logo\/image\/\",\"url\":\"https:\/\/www.maitri.pl\/wp-content\/uploads\/2020\/04\/duze_logo-81.png\",\"contentUrl\":\"https:\/\/www.maitri.pl\/wp-content\/uploads\/2020\/04\/duze_logo-81.png\",\"width\":339,\"height\":321,\"caption\":\"Stowarzyszenie Ruchu Maitri\"},\"image\":{\"@id\":\"https:\/\/www.maitri.pl\/#\/schema\/logo\/image\/\"},\"sameAs\":[\"https:\/\/www.facebook.com\/MAITRI.Adopcja.Serca.dzieci.Afryki\/\"]}]}<\/script>\n<!-- \/ Yoast SEO plugin. -->","yoast_head_json":{"title":"Pomoc uchod\u017acom wojennym z misji Ntamugenga w DR Kongo","description":"Pomoc uchod\u017acom wojennym z misji Ntamugenga w DR Kongo. O piln\u0105 pomoc apeluje Siostra Agnieszka ze Zgromadzenia Si\u00f3str od Anio\u0142\u00f3w. Ka\u017cda z\u0142ot\u00f3wka pomaga!","robots":{"index":"index","follow":"follow","max-snippet":"max-snippet:-1","max-image-preview":"max-image-preview:large","max-video-preview":"max-video-preview:-1"},"canonical":"https:\/\/www.maitri.pl\/projekt\/pomoc-uchodzcom-ntamugenga\/","og_locale":"fr_FR","og_type":"article","og_title":"Pomoc uchod\u017acom wojennym z misji Ntamugenga w DR Kongo","og_description":"Pomoc uchod\u017acom wojennym z misji Ntamugenga w DR Kongo. O piln\u0105 pomoc apeluje Siostra Agnieszka ze Zgromadzenia Si\u00f3str od Anio\u0142\u00f3w. Ka\u017cda z\u0142ot\u00f3wka pomaga!","og_url":"https:\/\/www.maitri.pl\/projekt\/pomoc-uchodzcom-ntamugenga\/","og_site_name":"Ruch Maitri - Adopcja Serca pomoc Afryce","article_publisher":"https:\/\/www.facebook.com\/MAITRI.Adopcja.Serca.dzieci.Afryki\/","article_modified_time":"2023-02-10T11:16:27+00:00","og_image":[{"width":1024,"height":768,"url":"https:\/\/www.maitri.pl\/wp-content\/uploads\/2022\/10\/IMG-20221020-WA0020.jpg","type":"image\/jpeg"}],"twitter_card":"summary_large_image","twitter_misc":{"Dur\u00e9e de lecture estim\u00e9e":"4 minutes"},"schema":{"@context":"https:\/\/schema.org","@graph":[{"@type":"WebPage","@id":"https:\/\/www.maitri.pl\/projekt\/pomoc-uchodzcom-ntamugenga\/","url":"https:\/\/www.maitri.pl\/projekt\/pomoc-uchodzcom-ntamugenga\/","name":"Pomoc uchod\u017acom wojennym z misji Ntamugenga w DR Kongo","isPartOf":{"@id":"https:\/\/www.maitri.pl\/#website"},"primaryImageOfPage":{"@id":"https:\/\/www.maitri.pl\/projekt\/pomoc-uchodzcom-ntamugenga\/#primaryimage"},"image":{"@id":"https:\/\/www.maitri.pl\/projekt\/pomoc-uchodzcom-ntamugenga\/#primaryimage"},"thumbnailUrl":"https:\/\/www.maitri.pl\/wp-content\/uploads\/2022\/10\/IMG-20221020-WA0020.jpg","datePublished":"2022-10-24T18:33:38+00:00","dateModified":"2023-02-10T11:16:27+00:00","description":"Pomoc uchod\u017acom wojennym z misji Ntamugenga w DR Kongo. O piln\u0105 pomoc apeluje Siostra Agnieszka ze Zgromadzenia Si\u00f3str od Anio\u0142\u00f3w. Ka\u017cda z\u0142ot\u00f3wka pomaga!","breadcrumb":{"@id":"https:\/\/www.maitri.pl\/projekt\/pomoc-uchodzcom-ntamugenga\/#breadcrumb"},"inLanguage":"fr-FR","potentialAction":[{"@type":"ReadAction","target":["https:\/\/www.maitri.pl\/projekt\/pomoc-uchodzcom-ntamugenga\/"]}]},{"@type":"ImageObject","inLanguage":"fr-FR","@id":"https:\/\/www.maitri.pl\/projekt\/pomoc-uchodzcom-ntamugenga\/#primaryimage","url":"https:\/\/www.maitri.pl\/wp-content\/uploads\/2022\/10\/IMG-20221020-WA0020.jpg","contentUrl":"https:\/\/www.maitri.pl\/wp-content\/uploads\/2022\/10\/IMG-20221020-WA0020.jpg","width":1024,"height":768,"caption":"Pomoc uchod\u017acom wojennym z misji Ntamugenga w DR Kongo pomoc Afryce pomoc ubogim Adopcja Serca Adopcja Duchowa Ruch Maitri 01"},{"@type":"BreadcrumbList","@id":"https:\/\/www.maitri.pl\/projekt\/pomoc-uchodzcom-ntamugenga\/#breadcrumb","itemListElement":[{"@type":"ListItem","position":1,"name":"Strona g\u0142\u00f3wna","item":"https:\/\/www.maitri.pl\/"},{"@type":"ListItem","position":2,"name":"Sklep","item":"https:\/\/www.maitri.pl\/sklep\/"},{"@type":"ListItem","position":3,"name":"Pomoc uchod\u017acom wojennym z misji Ntamugenga w DR Kongo"}]},{"@type":"WebSite","@id":"https:\/\/www.maitri.pl\/#website","url":"https:\/\/www.maitri.pl\/","name":"Adopcja Serca Maitri \u2013 pomoc dzieciom w Afryce","description":"Adopcja Serca \u2013 adopcja na odleg\u0142o\u015b\u0107, pomoc Afryce, do\u017cywianie i edukacja w Afryce","publisher":{"@id":"https:\/\/www.maitri.pl\/#organization"},"potentialAction":[{"@type":"SearchAction","target":{"@type":"EntryPoint","urlTemplate":"https:\/\/www.maitri.pl\/?s={search_term_string}"},"query-input":{"@type":"PropertyValueSpecification","valueRequired":true,"valueName":"search_term_string"}}],"inLanguage":"fr-FR"},{"@type":"Organization","@id":"https:\/\/www.maitri.pl\/#organization","name":"Stowarzyszenie Ruchu Maitri","url":"https:\/\/www.maitri.pl\/","logo":{"@type":"ImageObject","inLanguage":"fr-FR","@id":"https:\/\/www.maitri.pl\/#\/schema\/logo\/image\/","url":"https:\/\/www.maitri.pl\/wp-content\/uploads\/2020\/04\/duze_logo-81.png","contentUrl":"https:\/\/www.maitri.pl\/wp-content\/uploads\/2020\/04\/duze_logo-81.png","width":339,"height":321,"caption":"Stowarzyszenie Ruchu Maitri"},"image":{"@id":"https:\/\/www.maitri.pl\/#\/schema\/logo\/image\/"},"sameAs":["https:\/\/www.facebook.com\/MAITRI.Adopcja.Serca.dzieci.Afryki\/"]}]}},"_links":{"self":[{"href":"https:\/\/www.maitri.pl\/fr\/wp-json\/wp\/v2\/product\/25370","targetHints":{"allow":["GET"]}}],"collection":[{"href":"https:\/\/www.maitri.pl\/fr\/wp-json\/wp\/v2\/product"}],"about":[{"href":"https:\/\/www.maitri.pl\/fr\/wp-json\/wp\/v2\/types\/product"}],"wp:featuredmedia":[{"embeddable":true,"href":"https:\/\/www.maitri.pl\/fr\/wp-json\/wp\/v2\/media\/25375"}],"wp:attachment":[{"href":"https:\/\/www.maitri.pl\/fr\/wp-json\/wp\/v2\/media?parent=25370"}],"wp:term":[{"taxonomy":"product_brand","embeddable":true,"href":"https:\/\/www.maitri.pl\/fr\/wp-json\/wp\/v2\/product_brand?post=25370"},{"taxonomy":"product_cat","embeddable":true,"href":"https:\/\/www.maitri.pl\/fr\/wp-json\/wp\/v2\/product_cat?post=25370"},{"taxonomy":"product_tag","embeddable":true,"href":"https:\/\/www.maitri.pl\/fr\/wp-json\/wp\/v2\/product_tag?post=25370"}],"curies":[{"name":"wp","href":"https:\/\/api.w.org\/{rel}","templated":true}]}}