{"id":25306,"date":"2022-10-24T20:10:40","date_gmt":"2022-10-24T18:10:40","guid":{"rendered":"https:\/\/www.maitri.pl\/?post_type=product&#038;p=25306"},"modified":"2023-04-21T20:19:01","modified_gmt":"2023-04-21T18:19:01","slug":"dozywianie-dzieci-kamerun","status":"publish","type":"product","link":"https:\/\/www.maitri.pl\/fr\/projekt\/dozywianie-dzieci-kamerun\/","title":{"rendered":"Do\u017cywianie dzieci ze Szko\u0142y Podstawowej i Przedszkola w Abong-Mbang w Kamerunie"},"content":{"rendered":"<h4>Coraz wi\u0119cej uczni\u00f3w do wykarmienia<\/h4>\n<p>Zwracam si\u0119 z pro\u015bb\u0105 o wznowienie pomocy na do\u017cywianie dzieci ze szko\u0142y podstawowej i przedszkola. Od 10 lat z pomocy \u017cywno\u015bciowej korzystaj\u0105 dzieci ze szko\u0142y \u015aw. Alojzego (St. Aloys) w Abong-Mbang w Kamerunie. Na zmian\u0119 kupujemy\u00a0 i podajemy im ry\u017c z fasol\u0105, ryby, a czasem chleb z czekolad\u0105, mleko, olej i inne podobne produkty o du\u017cej warto\u015bci od\u017cywczej. Do\u017cywianie dzieci wywiera wielki wp\u0142yw na regularne ucz\u0119szczanie uczni\u00f3w do szko\u0142y. Regularnie prowadzona od lat akcja do\u017cywiania zapobiega omdleniom spowodowanym niedo\u017cywieniem, a tak\u017ce uodparnia na zachorowania wielu maluch\u00f3w. Dla wielu dzieci jest to jedyny posi\u0142ek w ci\u0105gu dnia. O wp\u0142ywie do\u017cywiania \u015bwiadczy mi\u0119dzy innymi wzrost liczby uczni\u00f3w ze 140 do 350 w bie\u017c\u0105cym roku, oraz wzrost liczby dzieci w przedszkolu.<\/p>\n<h4>Dzieci mdla\u0142y z g\u0142odu<\/h4>\n<p>Dzi\u0119ki temu, \u017ce dzieci otrzymuj\u0105 posi\u0142ek w szkole, mo\u017cemy zapobiec zm\u0119czeniu przed zako\u0144czeniem godzin nauki. Czasem pojawia\u0142y si\u0119 przypadki omdlenia z g\u0142odu albo ucieczki dzieci ze szko\u0142y w celu znalezienia czego\u015b do jedzenia. Po wielu latach do\u015bwiadczenia w do\u017cywianiu dzieci w szkole oraz pomocy m\u0142odzie\u017cy w naszej salce misyjnej, widoczne s\u0105 pozytywne zmiany. Dzieci regularnie uczestnicz\u0105 w zaj\u0119ciach szkolnych. Znacznie zwi\u0119kszy\u0142o si\u0119 zaufanie rodzic\u00f3w i ich zaanga\u017cowanie w \u017cycie szko\u0142y, czego nie ma w okolicznych szko\u0142ach pa\u0144stwowych a nawet prywatnych. Rodzice s\u0105 coraz bardziej otwarci np. w budow\u0119 ogrodzenia szko\u0142y.<\/p>\n<h4>Uczniowie mog\u0105 wreszcie co\u015b zje\u015b\u0107<\/h4>\n<p>Wzrost poziomu nauczania zmieni\u0142 obraz i renom\u0119 naszej szko\u0142y. Od kilku lat jeste\u015bmy jedn\u0105 z najlepszych szk\u00f3\u0142 w miasteczku, jak r\u00f3wnie\u017c w diecezji. A\u017c 100% uczni\u00f3w uko\u0144czy\u0142o szko\u0142\u0119 podstawow\u0105. Do\u017cywianie dzieci sprawia, \u017ce nie tylko uczniowie s\u0105 mniej zm\u0119czeni, ale r\u00f3wnie\u017c nauczyciele, bo i tym przy okazji ofiarujemy talerz ry\u017cu b\u0105d\u017a kubek mleka. Sami co miesi\u0105c dok\u0142adaj\u0105 ma\u0142\u0105 sum\u0119 do zakupu produkt\u00f3w \u017cywno\u015bciowych (1000 frank\u00f3w CFA). Dzi\u0119ki pomocy darczy\u0144c\u00f3w Ruchu Maitri, dzieci, w tym r\u00f3wnie\u017c te z programu Adopcja Serca &#8211; <a href=\"https:\/\/www.maitri.pl\/projekt\/fundusz-dozywianie-glodujacych-dzieci-2\/\" target=\"_blank\" rel=\"noopener\">Adopcja Duchowa<\/a>, nie musz\u0105 \u00a0opuszcza\u0107 zaj\u0119\u0107, aby za wszelk\u0105 cen\u0119 zapracowywa\u0107 na jedzenie.<\/p>\n<p>Realizacja projektu przewidziana jest w okresie wrzesie\u0144 2022 \u2013 sierpie\u0144 2023. Og\u00f3\u0142em do\u017cywianie obejmie 500 dzieci przez 10 miesi\u0119cy. R\u00f3wnowarto\u015b\u0107 do\u017cywiania na 1 dziecko to ok. 1,60 \u20ac miesi\u0119cznie.<\/p>\n<h4><strong>Kosztorys:<\/strong><\/h4>\n<table>\n<tbody>\n<tr>\n<td width=\"28\">LP<\/td>\n<td width=\"287\"><strong>OPIS<\/strong><\/td>\n<td width=\"110\">Jednostki miary<\/td>\n<td width=\"95\"><strong>Cena<\/strong>\u00a0\u00a0\u00a0\u00a0\u00a0\u00a0\u00a0\u00a0\u00a0\u00a0\u00a0\u00a0\u00a0 (w miejscowej walucie)<\/td>\n<td width=\"113\"><strong>Kwota\u00a0\u00a0\u00a0\u00a0\u00a0\u00a0\u00a0\u00a0\u00a0\u00a0\u00a0\u00a0\u00a0\u00a0\u00a0\u00a0\u00a0\u00a0\u00a0\u00a0\u00a0 <\/strong>(w miejscowej walucie)<\/td>\n<\/tr>\n<tr>\n<td width=\"28\">1<\/td>\n<td width=\"287\">Ry\u017c\u00a0\u00a0 (4 worki \/ miesi\u0105c x 12 )<\/td>\n<td width=\"110\">48 work\u00f3w<\/td>\n<td width=\"95\">25.000<\/td>\n<td width=\"113\">1.200.000<\/td>\n<\/tr>\n<tr>\n<td width=\"28\">2<\/td>\n<td width=\"287\">Sardynki (4x 12)<\/td>\n<td width=\"110\">48 op.<\/td>\n<td width=\"95\">34.000<\/td>\n<td width=\"113\">1.632.000<\/td>\n<\/tr>\n<tr>\n<td width=\"28\">3<\/td>\n<td width=\"287\">Olej<\/td>\n<td width=\"110\">12<\/td>\n<td width=\"95\">27.000<\/td>\n<td width=\"113\">300.000<\/td>\n<\/tr>\n<tr>\n<td width=\"28\">4<\/td>\n<td width=\"287\">S\u00f3l<\/td>\n<td width=\"110\">12<\/td>\n<td width=\"95\">5.000<\/td>\n<td width=\"113\">60.000<\/td>\n<\/tr>\n<tr>\n<td width=\"28\">5<\/td>\n<td width=\"287\">Pomidory<\/td>\n<td width=\"110\">12<\/td>\n<td width=\"95\">5.000<\/td>\n<td width=\"113\">60.000<\/td>\n<\/tr>\n<tr>\n<td width=\"28\">6<\/td>\n<td width=\"287\">Przyprawy<\/td>\n<td width=\"110\">\u00a0pakiet<\/td>\n<td width=\"95\">100.000<\/td>\n<td width=\"113\">100.000<\/td>\n<\/tr>\n<tr>\n<td width=\"28\">7<\/td>\n<td width=\"287\">Orzeszki, fasola, ryby<\/td>\n<td width=\"110\">12<\/td>\n<td width=\"95\">100.000<\/td>\n<td width=\"113\">1.200.000<\/td>\n<\/tr>\n<tr>\n<td width=\"28\">8<\/td>\n<td width=\"287\">Mleko<\/td>\n<td width=\"110\">6\u00a0 work\u00f3w<\/td>\n<td width=\"95\">85.000<\/td>\n<td width=\"113\">510.000<\/td>\n<\/tr>\n<tr>\n<td width=\"28\">9<\/td>\n<td width=\"287\">Cukier<\/td>\n<td width=\"110\">6 work\u00f3w<\/td>\n<td width=\"95\">37.000<\/td>\n<td width=\"113\">222.000<\/td>\n<\/tr>\n<tr>\n<td width=\"28\">10<\/td>\n<td width=\"287\">Kakao (1 karton \/mc)<\/td>\n<td width=\"110\">12 op.<\/td>\n<td width=\"95\">27.000<\/td>\n<td width=\"113\">324.000<\/td>\n<\/tr>\n<tr>\n<td width=\"28\"><\/td>\n<td width=\"287\"><strong>PODSUMOWANIE <\/strong>(w miejscowej walucie)<\/td>\n<td width=\"110\">&nbsp;<\/p>\n<p>&nbsp;<\/td>\n<td width=\"95\"><\/td>\n<td width=\"113\">5.632.000<\/td>\n<\/tr>\n<\/tbody>\n<\/table>\n<p><em>s. Alicja Adamska, <a href=\"http:\/\/duszajezusa.pl\/\" target=\"_blank\" rel=\"noopener noreferrer\">Zgromadzenie Si\u00f3str Naj\u015bwi\u0119tszej Duszy Chrystusa Pana<\/a><\/em><\/p>\n<p><strong>PODSUMOWANIE<\/strong> (w miejscowej walucie) &#8211; razem <strong>5.632.000 frank\u00f3w CFA<\/strong><\/p>\n<p style=\"text-align: justify;\" align=\"JUSTIFY\"><span style=\"color: #ff0000;\"><span style=\"font-size: large;\"><b>Kwota projektu: 9560 \u20ac<br \/>\n<\/b><\/span><\/span><\/p>\n<p style=\"text-align: justify;\"><strong>Numer projektu: 152\/CHRYS <\/strong><\/p>\n<p style=\"text-align: justify;\" align=\"JUSTIFY\"><span style=\"color: #808080;\">Stowarzyszenie Ruchu\u00a0<em>Maitri<\/em>\u00a0przeznacza do 10% otrzymanych \u015brodk\u00f3w na koszty funkcjonowania biura i pozyskiwanie funduszy pomocowych.<\/span><\/p>\n<h3 style=\"text-align: justify;\" align=\"JUSTIFY\"><span style=\"color: #808080;\">Do\u017cywianie dzieci ze Szko\u0142y Podstawowej i Przedszkola w Abong-Mbang w Kamerunie<\/span><\/h3>\n","protected":false},"excerpt":{"rendered":"<p><strong>Projekt:\u00a0<\/strong> <em>s. Alicja Adamska, <a href=\"http:\/\/duszajezusa.pl\/\" target=\"_blank\" rel=\"noopener noreferrer\">Zgromadzenie Si\u00f3str Naj\u015bwi\u0119tszej Duszy Chrystusa Pana<\/a><\/em><br \/>\n<strong>Misja:<\/strong> Abong Mbang, <a href=\"https:\/\/www.maitri.pl\/gdzie-pomagamy\/\" target=\"_blank\" rel=\"noopener noreferrer\">Kamerun<\/a><br \/>\n<strong>Kwota projektu: <span style=\"color: #ff0000;\">9560 \u20ac<\/span><\/strong><\/p>\n","protected":false},"featured_media":25364,"template":"","meta":[],"product_brand":[],"product_cat":[656],"product_tag":[662,676,658,659,660],"class_list":{"0":"post-25306","1":"product","2":"type-product","3":"status-publish","4":"has-post-thumbnail","6":"product_cat-bez-kategorii","7":"product_tag-abong-mbang","8":"product_tag-dozywianie","9":"product_tag-kamerun","10":"product_tag-siostra-alicja-adamska","11":"product_tag-zgromadzenie-siostr-najswietszej-duszy-chrystusa-pana","13":"first","14":"instock","15":"virtual","16":"purchasable","17":"product-type-simple"},"yoast_head":"<!-- This site is optimized with the Yoast SEO plugin v27.2 - https:\/\/yoast.com\/product\/yoast-seo-wordpress\/ -->\n<title>Do\u017cywianie dzieci ze Szko\u0142y i Przedszkola w Abong-Mbang<\/title>\n<meta name=\"description\" content=\"Do\u017cywianie dzieci ze Szko\u0142y Podstawowej i Przedszkola w Abong-Mbang w Kamerunie. O pomoc prosz\u0105 Siostry ze Zgromadzenia Naj\u015bwi\u0119tszej Duszy Chrystusa Pana.\" \/>\n<meta name=\"robots\" content=\"index, follow, max-snippet:-1, max-image-preview:large, max-video-preview:-1\" \/>\n<link rel=\"canonical\" href=\"https:\/\/www.maitri.pl\/projekt\/dozywianie-dzieci-kamerun\/\" \/>\n<meta property=\"og:locale\" content=\"fr_FR\" \/>\n<meta property=\"og:type\" content=\"article\" \/>\n<meta property=\"og:title\" content=\"Do\u017cywianie dzieci ze Szko\u0142y i Przedszkola w Abong-Mbang\" \/>\n<meta property=\"og:description\" content=\"Do\u017cywianie dzieci ze Szko\u0142y Podstawowej i Przedszkola w Abong-Mbang w Kamerunie. O pomoc prosz\u0105 Siostry ze Zgromadzenia Naj\u015bwi\u0119tszej Duszy Chrystusa Pana.\" \/>\n<meta property=\"og:url\" content=\"https:\/\/www.maitri.pl\/projekt\/dozywianie-dzieci-kamerun\/\" \/>\n<meta property=\"og:site_name\" content=\"Ruch Maitri - Adopcja Serca pomoc Afryce\" \/>\n<meta property=\"article:publisher\" content=\"https:\/\/www.facebook.com\/MAITRI.Adopcja.Serca.dzieci.Afryki\/\" \/>\n<meta property=\"article:modified_time\" content=\"2023-04-21T18:19:01+00:00\" \/>\n<meta property=\"og:image\" content=\"https:\/\/www.maitri.pl\/wp-content\/uploads\/2022\/10\/152-chrys-porcja-ryzu.jpg\" \/>\n\t<meta property=\"og:image:width\" content=\"768\" \/>\n\t<meta property=\"og:image:height\" content=\"1024\" \/>\n\t<meta property=\"og:image:type\" content=\"image\/jpeg\" \/>\n<meta name=\"twitter:card\" content=\"summary_large_image\" \/>\n<meta name=\"twitter:label1\" content=\"Dur\u00e9e de lecture estim\u00e9e\" \/>\n\t<meta name=\"twitter:data1\" content=\"3 minutes\" \/>\n<script type=\"application\/ld+json\" class=\"yoast-schema-graph\">{\"@context\":\"https:\/\/schema.org\",\"@graph\":[{\"@type\":\"WebPage\",\"@id\":\"https:\/\/www.maitri.pl\/projekt\/dozywianie-dzieci-kamerun\/\",\"url\":\"https:\/\/www.maitri.pl\/projekt\/dozywianie-dzieci-kamerun\/\",\"name\":\"Do\u017cywianie dzieci ze Szko\u0142y i Przedszkola w Abong-Mbang\",\"isPartOf\":{\"@id\":\"https:\/\/www.maitri.pl\/#website\"},\"primaryImageOfPage\":{\"@id\":\"https:\/\/www.maitri.pl\/projekt\/dozywianie-dzieci-kamerun\/#primaryimage\"},\"image\":{\"@id\":\"https:\/\/www.maitri.pl\/projekt\/dozywianie-dzieci-kamerun\/#primaryimage\"},\"thumbnailUrl\":\"https:\/\/www.maitri.pl\/wp-content\/uploads\/2022\/10\/152-chrys-porcja-ryzu.jpg\",\"datePublished\":\"2022-10-24T18:10:40+00:00\",\"dateModified\":\"2023-04-21T18:19:01+00:00\",\"description\":\"Do\u017cywianie dzieci ze Szko\u0142y Podstawowej i Przedszkola w Abong-Mbang w Kamerunie. O pomoc prosz\u0105 Siostry ze Zgromadzenia Naj\u015bwi\u0119tszej Duszy Chrystusa Pana.\",\"breadcrumb\":{\"@id\":\"https:\/\/www.maitri.pl\/projekt\/dozywianie-dzieci-kamerun\/#breadcrumb\"},\"inLanguage\":\"fr-FR\",\"potentialAction\":[{\"@type\":\"ReadAction\",\"target\":[\"https:\/\/www.maitri.pl\/projekt\/dozywianie-dzieci-kamerun\/\"]}]},{\"@type\":\"ImageObject\",\"inLanguage\":\"fr-FR\",\"@id\":\"https:\/\/www.maitri.pl\/projekt\/dozywianie-dzieci-kamerun\/#primaryimage\",\"url\":\"https:\/\/www.maitri.pl\/wp-content\/uploads\/2022\/10\/152-chrys-porcja-ryzu.jpg\",\"contentUrl\":\"https:\/\/www.maitri.pl\/wp-content\/uploads\/2022\/10\/152-chrys-porcja-ryzu.jpg\",\"width\":768,\"height\":1024,\"caption\":\"Do\u017cywianie dzieci ze Szko\u0142y Podstawowej i Przedszkola w Abong-Mbang w Kamerunie Adopcja Serca Adopcja Duchowa pomoc ubogim pomoc Afryce 01\"},{\"@type\":\"BreadcrumbList\",\"@id\":\"https:\/\/www.maitri.pl\/projekt\/dozywianie-dzieci-kamerun\/#breadcrumb\",\"itemListElement\":[{\"@type\":\"ListItem\",\"position\":1,\"name\":\"Strona g\u0142\u00f3wna\",\"item\":\"https:\/\/www.maitri.pl\/\"},{\"@type\":\"ListItem\",\"position\":2,\"name\":\"Sklep\",\"item\":\"https:\/\/www.maitri.pl\/sklep\/\"},{\"@type\":\"ListItem\",\"position\":3,\"name\":\"Do\u017cywianie dzieci ze Szko\u0142y Podstawowej i Przedszkola w Abong-Mbang w Kamerunie\"}]},{\"@type\":\"WebSite\",\"@id\":\"https:\/\/www.maitri.pl\/#website\",\"url\":\"https:\/\/www.maitri.pl\/\",\"name\":\"Adopcja Serca Maitri \u2013 pomoc dzieciom w Afryce\",\"description\":\"Adopcja Serca \u2013 adopcja na odleg\u0142o\u015b\u0107, pomoc Afryce, do\u017cywianie i edukacja w Afryce\",\"publisher\":{\"@id\":\"https:\/\/www.maitri.pl\/#organization\"},\"potentialAction\":[{\"@type\":\"SearchAction\",\"target\":{\"@type\":\"EntryPoint\",\"urlTemplate\":\"https:\/\/www.maitri.pl\/?s={search_term_string}\"},\"query-input\":{\"@type\":\"PropertyValueSpecification\",\"valueRequired\":true,\"valueName\":\"search_term_string\"}}],\"inLanguage\":\"fr-FR\"},{\"@type\":\"Organization\",\"@id\":\"https:\/\/www.maitri.pl\/#organization\",\"name\":\"Stowarzyszenie Ruchu Maitri\",\"url\":\"https:\/\/www.maitri.pl\/\",\"logo\":{\"@type\":\"ImageObject\",\"inLanguage\":\"fr-FR\",\"@id\":\"https:\/\/www.maitri.pl\/#\/schema\/logo\/image\/\",\"url\":\"https:\/\/www.maitri.pl\/wp-content\/uploads\/2020\/04\/duze_logo-81.png\",\"contentUrl\":\"https:\/\/www.maitri.pl\/wp-content\/uploads\/2020\/04\/duze_logo-81.png\",\"width\":339,\"height\":321,\"caption\":\"Stowarzyszenie Ruchu Maitri\"},\"image\":{\"@id\":\"https:\/\/www.maitri.pl\/#\/schema\/logo\/image\/\"},\"sameAs\":[\"https:\/\/www.facebook.com\/MAITRI.Adopcja.Serca.dzieci.Afryki\/\"]}]}<\/script>\n<!-- \/ Yoast SEO plugin. -->","yoast_head_json":{"title":"Do\u017cywianie dzieci ze Szko\u0142y i Przedszkola w Abong-Mbang","description":"Do\u017cywianie dzieci ze Szko\u0142y Podstawowej i Przedszkola w Abong-Mbang w Kamerunie. O pomoc prosz\u0105 Siostry ze Zgromadzenia Naj\u015bwi\u0119tszej Duszy Chrystusa Pana.","robots":{"index":"index","follow":"follow","max-snippet":"max-snippet:-1","max-image-preview":"max-image-preview:large","max-video-preview":"max-video-preview:-1"},"canonical":"https:\/\/www.maitri.pl\/projekt\/dozywianie-dzieci-kamerun\/","og_locale":"fr_FR","og_type":"article","og_title":"Do\u017cywianie dzieci ze Szko\u0142y i Przedszkola w Abong-Mbang","og_description":"Do\u017cywianie dzieci ze Szko\u0142y Podstawowej i Przedszkola w Abong-Mbang w Kamerunie. O pomoc prosz\u0105 Siostry ze Zgromadzenia Naj\u015bwi\u0119tszej Duszy Chrystusa Pana.","og_url":"https:\/\/www.maitri.pl\/projekt\/dozywianie-dzieci-kamerun\/","og_site_name":"Ruch Maitri - Adopcja Serca pomoc Afryce","article_publisher":"https:\/\/www.facebook.com\/MAITRI.Adopcja.Serca.dzieci.Afryki\/","article_modified_time":"2023-04-21T18:19:01+00:00","og_image":[{"width":768,"height":1024,"url":"https:\/\/www.maitri.pl\/wp-content\/uploads\/2022\/10\/152-chrys-porcja-ryzu.jpg","type":"image\/jpeg"}],"twitter_card":"summary_large_image","twitter_misc":{"Dur\u00e9e de lecture estim\u00e9e":"3 minutes"},"schema":{"@context":"https:\/\/schema.org","@graph":[{"@type":"WebPage","@id":"https:\/\/www.maitri.pl\/projekt\/dozywianie-dzieci-kamerun\/","url":"https:\/\/www.maitri.pl\/projekt\/dozywianie-dzieci-kamerun\/","name":"Do\u017cywianie dzieci ze Szko\u0142y i Przedszkola w Abong-Mbang","isPartOf":{"@id":"https:\/\/www.maitri.pl\/#website"},"primaryImageOfPage":{"@id":"https:\/\/www.maitri.pl\/projekt\/dozywianie-dzieci-kamerun\/#primaryimage"},"image":{"@id":"https:\/\/www.maitri.pl\/projekt\/dozywianie-dzieci-kamerun\/#primaryimage"},"thumbnailUrl":"https:\/\/www.maitri.pl\/wp-content\/uploads\/2022\/10\/152-chrys-porcja-ryzu.jpg","datePublished":"2022-10-24T18:10:40+00:00","dateModified":"2023-04-21T18:19:01+00:00","description":"Do\u017cywianie dzieci ze Szko\u0142y Podstawowej i Przedszkola w Abong-Mbang w Kamerunie. O pomoc prosz\u0105 Siostry ze Zgromadzenia Naj\u015bwi\u0119tszej Duszy Chrystusa Pana.","breadcrumb":{"@id":"https:\/\/www.maitri.pl\/projekt\/dozywianie-dzieci-kamerun\/#breadcrumb"},"inLanguage":"fr-FR","potentialAction":[{"@type":"ReadAction","target":["https:\/\/www.maitri.pl\/projekt\/dozywianie-dzieci-kamerun\/"]}]},{"@type":"ImageObject","inLanguage":"fr-FR","@id":"https:\/\/www.maitri.pl\/projekt\/dozywianie-dzieci-kamerun\/#primaryimage","url":"https:\/\/www.maitri.pl\/wp-content\/uploads\/2022\/10\/152-chrys-porcja-ryzu.jpg","contentUrl":"https:\/\/www.maitri.pl\/wp-content\/uploads\/2022\/10\/152-chrys-porcja-ryzu.jpg","width":768,"height":1024,"caption":"Do\u017cywianie dzieci ze Szko\u0142y Podstawowej i Przedszkola w Abong-Mbang w Kamerunie Adopcja Serca Adopcja Duchowa pomoc ubogim pomoc Afryce 01"},{"@type":"BreadcrumbList","@id":"https:\/\/www.maitri.pl\/projekt\/dozywianie-dzieci-kamerun\/#breadcrumb","itemListElement":[{"@type":"ListItem","position":1,"name":"Strona g\u0142\u00f3wna","item":"https:\/\/www.maitri.pl\/"},{"@type":"ListItem","position":2,"name":"Sklep","item":"https:\/\/www.maitri.pl\/sklep\/"},{"@type":"ListItem","position":3,"name":"Do\u017cywianie dzieci ze Szko\u0142y Podstawowej i Przedszkola w Abong-Mbang w Kamerunie"}]},{"@type":"WebSite","@id":"https:\/\/www.maitri.pl\/#website","url":"https:\/\/www.maitri.pl\/","name":"Adopcja Serca Maitri \u2013 pomoc dzieciom w Afryce","description":"Adopcja Serca \u2013 adopcja na odleg\u0142o\u015b\u0107, pomoc Afryce, do\u017cywianie i edukacja w Afryce","publisher":{"@id":"https:\/\/www.maitri.pl\/#organization"},"potentialAction":[{"@type":"SearchAction","target":{"@type":"EntryPoint","urlTemplate":"https:\/\/www.maitri.pl\/?s={search_term_string}"},"query-input":{"@type":"PropertyValueSpecification","valueRequired":true,"valueName":"search_term_string"}}],"inLanguage":"fr-FR"},{"@type":"Organization","@id":"https:\/\/www.maitri.pl\/#organization","name":"Stowarzyszenie Ruchu Maitri","url":"https:\/\/www.maitri.pl\/","logo":{"@type":"ImageObject","inLanguage":"fr-FR","@id":"https:\/\/www.maitri.pl\/#\/schema\/logo\/image\/","url":"https:\/\/www.maitri.pl\/wp-content\/uploads\/2020\/04\/duze_logo-81.png","contentUrl":"https:\/\/www.maitri.pl\/wp-content\/uploads\/2020\/04\/duze_logo-81.png","width":339,"height":321,"caption":"Stowarzyszenie Ruchu Maitri"},"image":{"@id":"https:\/\/www.maitri.pl\/#\/schema\/logo\/image\/"},"sameAs":["https:\/\/www.facebook.com\/MAITRI.Adopcja.Serca.dzieci.Afryki\/"]}]}},"_links":{"self":[{"href":"https:\/\/www.maitri.pl\/fr\/wp-json\/wp\/v2\/product\/25306","targetHints":{"allow":["GET"]}}],"collection":[{"href":"https:\/\/www.maitri.pl\/fr\/wp-json\/wp\/v2\/product"}],"about":[{"href":"https:\/\/www.maitri.pl\/fr\/wp-json\/wp\/v2\/types\/product"}],"wp:featuredmedia":[{"embeddable":true,"href":"https:\/\/www.maitri.pl\/fr\/wp-json\/wp\/v2\/media\/25364"}],"wp:attachment":[{"href":"https:\/\/www.maitri.pl\/fr\/wp-json\/wp\/v2\/media?parent=25306"}],"wp:term":[{"taxonomy":"product_brand","embeddable":true,"href":"https:\/\/www.maitri.pl\/fr\/wp-json\/wp\/v2\/product_brand?post=25306"},{"taxonomy":"product_cat","embeddable":true,"href":"https:\/\/www.maitri.pl\/fr\/wp-json\/wp\/v2\/product_cat?post=25306"},{"taxonomy":"product_tag","embeddable":true,"href":"https:\/\/www.maitri.pl\/fr\/wp-json\/wp\/v2\/product_tag?post=25306"}],"curies":[{"name":"wp","href":"https:\/\/api.w.org\/{rel}","templated":true}]}}