{"id":25304,"date":"2022-10-24T19:17:46","date_gmt":"2022-10-24T17:17:46","guid":{"rendered":"https:\/\/www.maitri.pl\/?post_type=product&#038;p=25304"},"modified":"2024-02-07T12:51:54","modified_gmt":"2024-02-07T11:51:54","slug":"dzien-dziecka-kamerun","status":"publish","type":"product","link":"https:\/\/www.maitri.pl\/fr\/projekt\/dzien-dziecka-kamerun\/","title":{"rendered":"Dzie\u0144 Dziecka w Afryce &#8211; podaruj im zabawki i posi\u0142ek!"},"content":{"rendered":"<h4>\u015awi\u0119to dzieci na pami\u0105tk\u0119 masakry<\/h4>\n<p>Mi\u0119dzynarodowy Dzie\u0144 Dziecka Afryka\u0144skiego, to \u015bwi\u0119to obchodzone corocznie 16 czerwca. Dzie\u0144 ten przypomina masakr\u0119 dzieci w Soweto w RPA,\u00a0 dokonan\u0105 w 1976 roku przez tamtejszy re\u017cim rasistowski. W\u00f3wczas tysi\u0105ce dzieci murzy\u0144skich wysz\u0142o na ulic\u0119 w prote\u015bcie przeciw niskiemu poziomowi edukacji i \u017c\u0105daj\u0105c prawa do nauki w swoim ojczystym j\u0119zyku. Rasistowska policja zastrzeli\u0142a wtedy wiele ch\u0142opc\u00f3w i dziewcz\u0105t. W misji Abong-Mbang corocznie obchodzimy Dzie\u0144 Dziecka Afryka\u0144skiego. W obchodach bierze udzia\u0142 400 dzieci z naszej misji, w tym tych otoczonych w programie Adopcja Serca &#8211; czyli <a href=\"https:\/\/www.maitri.pl\/adopcja-serca\/\" target=\"_blank\" rel=\"noopener\">adopcja duchowa<\/a>. Wielokrotnie mia\u0142am okazje dzieli\u0107 si\u0119 z Wami rado\u015bci\u0105 dzieci w Abong Mbang. Tylko dzi\u0119ki pomocy darczy\u0144c\u00f3w z Polski udaje si\u0119 zorganizowa\u0107 \u015awi\u0119to z okazji Dnia Dziecka Afryka\u0144skiego. To jedyna okazja i forma dowarto\u015bciowania dziecka jako dziecka.<\/p>\n<h4>Nie\u0142atwe dzieci\u0144stwo<\/h4>\n<p>W Afryce m\u00f3wi si\u0119 popularnie \u201edziecko bogactwem rodziny\u201d, ale to tylko slogan. Dzieci s\u0105 w rodzinie na ostatnim miejscu.\u00a0 Ju\u017c od najm\u0142odszych lat ust\u0119puj\u0105 miejsca doros\u0142ym, a potem kolejnemu rodze\u0144stwu. W naszej szkole pragniemy uwypukla\u0107 wag\u0119 tego \u015bwi\u0119ta. Mo\u017cemy ofiarowa\u0107 uroczysty Dzie\u0144 Dziecka naszym uczniom dzi\u0119ki Waszej pomocy. W poprzednim roku zebra\u0142o si\u0119 oko\u0142o 1000 dzieci (mogli\u015bmy policzy\u0107 dzi\u0119ki fantom loterii). W\u0142a\u015bnie do tak ogromnego grona trafia Wasza pomoc.<\/p>\n<h4>Nagroda za nauk\u0119<\/h4>\n<p>Dzie\u0144 Dziecka Afryka\u0144skiego to r\u00f3wnie\u017c jedna z form nagrodzenia dzieci za regularne ucz\u0119szczanie do szko\u0142y i dobre wyniki w\u00a0 nauce. Dlatego chcemy zorganizowa\u0107 wsp\u00f3lne spotkanie 3-dniowe dla uczni\u00f3w naszej szko\u0142y, w kt\u00f3rym we\u017amie udzia\u0142 350 \u00ab\u00a0naszych\u00a0\u00bb dzieci oraz dzieci z innych szk\u00f3\u0142 nale\u017c\u0105cych do lokalnej parafii. Jak sta\u0142o si\u0119 ju\u017c tradycj\u0105 dla miasta, koniecznie chcemy urz\u0105dzi\u0107 niezwykle popularn\u0105 loteri\u0119 fantow\u0105. W minionym roku loteria fantowa zgromadzi\u0142a niemal\u017ce cale miasto i dzieci ro\u017cnych wyzna\u0144. Nikomu nie zabrak\u0142o zabawki, cukierka i soku. Dzi\u0119ki Waszemu wsparciu mog\u0142am ofiarowa\u0107\u00a0 rado\u015b\u0107 dzieciom z naszej misji. Dzieciom zostaj\u0105 w pami\u0119ci niezapomniane wspomnienia rado\u015bci. Dlatego, \u017ce mo\u017cemy zorganizowa\u0107 \u015bwi\u0119to dla dzieci, wzrasta liczba maluch\u00f3w zainteresowanych szko\u0142\u0105 \u2013 a to przyczynia si\u0119 do obni\u017cenia procentu analfabetyzmu.\u00a0Realizacj\u0119 projektu przewiduje si\u0119 na czerwiec 2023.<\/p>\n<h4><strong>Kosztorys:<\/strong><\/h4>\n<table>\n<tbody>\n<tr>\n<td width=\"30\">LP<\/td>\n<td width=\"204\">OPIS<\/td>\n<td width=\"216\">ilo\u015b\u0107<\/td>\n<td width=\"87\">Cena jednostkowa<\/td>\n<td width=\"132\">Kwota FCFA<\/td>\n<\/tr>\n<tr>\n<td width=\"30\">1<\/td>\n<td width=\"204\">Zakup zabawek dla 400 dzieci<\/td>\n<td width=\"216\">400 szt<\/td>\n<td width=\"87\">1.500<\/td>\n<td width=\"132\">600.000<\/td>\n<\/tr>\n<tr>\n<td width=\"30\">2<\/td>\n<td width=\"204\">Zakup \u017cywno\u015bci:<\/p>\n<p>&nbsp;<\/p>\n<p>&nbsp;<\/p>\n<p>&nbsp;<\/p>\n<p>&nbsp;<\/p>\n<p>&nbsp;<\/td>\n<td width=\"216\">ry\u017c<\/p>\n<p>olej<\/p>\n<p>mleko<\/p>\n<p>czekolada do chleba i do picia<\/p>\n<p>chleb<\/p>\n<p>mi\u0119so \/ ryby<\/p>\n<p>s\u0142odycze<\/td>\n<td width=\"87\">25.000<\/p>\n<p>27.000<\/p>\n<p>85.000<\/p>\n<p>50.000<\/p>\n<p>40.000<\/p>\n<p>100.000<\/p>\n<p>150.000<\/td>\n<td width=\"132\">50.000<\/p>\n<p>27.000<\/p>\n<p>85.000<\/p>\n<p>50.000<\/p>\n<p>40.000<\/p>\n<p>100.000<\/p>\n<p>150.000<\/td>\n<\/tr>\n<tr>\n<td width=\"30\">3<\/p>\n<p>&nbsp;<\/td>\n<td width=\"204\">Nagrody dla wyr\u00f3\u017cnionych uczni\u00f3w<\/td>\n<td width=\"216\">11<\/p>\n<p>&nbsp;<\/td>\n<td width=\"87\">10.000<\/td>\n<td width=\"132\">110.000<\/td>\n<\/tr>\n<tr>\n<td width=\"30\"><strong>\u00a0<\/strong><\/td>\n<td width=\"204\"><strong>SUMA w miejscowej walucie<\/strong><\/td>\n<td width=\"216\"><strong>\u00a0<\/strong><\/td>\n<td width=\"87\"><strong>\u00a0<\/strong><\/td>\n<td width=\"132\"><strong>1.212.000 frank\u00f3w CFA<\/strong><\/td>\n<\/tr>\n<\/tbody>\n<\/table>\n<p><em>s. Alicja Adamska, <a href=\"http:\/\/duszajezusa.pl\/\" target=\"_blank\" rel=\"noopener noreferrer\">Zgromadzenie Si\u00f3str Naj\u015bwi\u0119tszej Duszy Chrystusa Pana<\/a><\/em><\/p>\n<p><strong>PODSUMOWANIE<\/strong> (w miejscowej walucie) &#8211; razem <strong>1.194.000 frank\u00f3w CFA<\/strong><\/p>\n<p style=\"text-align: justify;\" align=\"JUSTIFY\"><span style=\"color: #ff0000;\"><span style=\"font-size: large;\"><b>Kwota projektu: 2220 \u20ac<br \/>\n<\/b><\/span><\/span><\/p>\n<p style=\"text-align: justify;\"><strong>Numer projektu: 153\/CHRYS <\/strong><\/p>\n<p style=\"text-align: justify;\" align=\"JUSTIFY\"><span style=\"color: #808080;\">Stowarzyszenie Ruchu\u00a0<em>Maitri<\/em>\u00a0przeznacza do 10% otrzymanych \u015brodk\u00f3w na koszty funkcjonowania biura i pozyskiwanie funduszy pomocowych.<\/span><\/p>\n<h3 style=\"text-align: justify;\" align=\"JUSTIFY\"><span style=\"color: #808080;\">\u015awi\u0119to dzieci w Afryce &#8211; pom\u00f3\u017c zorganizowa\u0107 Dzie\u0144 Dziecka w misji Abong-Mbang w Kamerunie<\/span><\/h3>\n","protected":false},"excerpt":{"rendered":"<p><strong>Projekt:\u00a0<\/strong> <em>s. Alicja Adamska, <a href=\"http:\/\/duszajezusa.pl\/\" target=\"_blank\" rel=\"noopener noreferrer\">Zgromadzenie Si\u00f3str Naj\u015bwi\u0119tszej Duszy Chrystusa Pana<\/a><\/em><br \/>\n<strong>Misja:<\/strong> Abong Mbang, <a href=\"https:\/\/www.maitri.pl\/gdzie-pomagamy\/\" target=\"_blank\" rel=\"noopener noreferrer\">Kamerun<\/a><br \/>\n<strong>Kwota projektu: <span style=\"color: #ff0000;\">2220 \u20ac<\/span><\/strong><\/p>\n","protected":false},"featured_media":25332,"template":"","meta":[],"product_brand":[],"product_cat":[656],"product_tag":[662,658,659,660],"class_list":{"0":"post-25304","1":"product","2":"type-product","3":"status-publish","4":"has-post-thumbnail","6":"product_cat-bez-kategorii","7":"product_tag-abong-mbang","8":"product_tag-kamerun","9":"product_tag-siostra-alicja-adamska","10":"product_tag-zgromadzenie-siostr-najswietszej-duszy-chrystusa-pana","12":"first","13":"instock","14":"virtual","15":"purchasable","16":"product-type-simple"},"yoast_head":"<!-- This site is optimized with the Yoast SEO plugin v27.2 - https:\/\/yoast.com\/product\/yoast-seo-wordpress\/ -->\n<title>Dzie\u0144 Dziecka w Afryce - podaruj im zabawki i posi\u0142ek!<\/title>\n<meta name=\"description\" content=\"Dzie\u0144 Dziecka w Afryce - podaruj im zabawki i posi\u0142ek!. O pomoc prosz\u0105 Siostry ze Zgromadzenia Naj\u015bwi\u0119tszej Duszy Chrystusa Pana.\" \/>\n<meta name=\"robots\" content=\"index, follow, max-snippet:-1, max-image-preview:large, max-video-preview:-1\" \/>\n<link rel=\"canonical\" href=\"https:\/\/www.maitri.pl\/projekt\/dzien-dziecka-kamerun\/\" \/>\n<meta property=\"og:locale\" content=\"fr_FR\" \/>\n<meta property=\"og:type\" content=\"article\" \/>\n<meta property=\"og:title\" content=\"Dzie\u0144 Dziecka w Afryce - podaruj im zabawki i posi\u0142ek!\" \/>\n<meta property=\"og:description\" content=\"Dzie\u0144 Dziecka w Afryce - podaruj im zabawki i posi\u0142ek!. O pomoc prosz\u0105 Siostry ze Zgromadzenia Naj\u015bwi\u0119tszej Duszy Chrystusa Pana.\" \/>\n<meta property=\"og:url\" content=\"https:\/\/www.maitri.pl\/projekt\/dzien-dziecka-kamerun\/\" \/>\n<meta property=\"og:site_name\" content=\"Ruch Maitri - Adopcja Serca pomoc Afryce\" \/>\n<meta property=\"article:publisher\" content=\"https:\/\/www.facebook.com\/MAITRI.Adopcja.Serca.dzieci.Afryki\/\" \/>\n<meta property=\"article:modified_time\" content=\"2024-02-07T11:51:54+00:00\" \/>\n<meta property=\"og:image\" content=\"https:\/\/www.maitri.pl\/wp-content\/uploads\/2022\/10\/153-chrys-posilek-swiatyczny.jpg\" \/>\n\t<meta property=\"og:image:width\" content=\"1920\" \/>\n\t<meta property=\"og:image:height\" content=\"2560\" \/>\n\t<meta property=\"og:image:type\" content=\"image\/jpeg\" \/>\n<meta name=\"twitter:card\" content=\"summary_large_image\" \/>\n<meta name=\"twitter:label1\" content=\"Dur\u00e9e de lecture estim\u00e9e\" \/>\n\t<meta name=\"twitter:data1\" content=\"3 minutes\" \/>\n<script type=\"application\/ld+json\" class=\"yoast-schema-graph\">{\"@context\":\"https:\/\/schema.org\",\"@graph\":[{\"@type\":\"WebPage\",\"@id\":\"https:\/\/www.maitri.pl\/projekt\/dzien-dziecka-kamerun\/\",\"url\":\"https:\/\/www.maitri.pl\/projekt\/dzien-dziecka-kamerun\/\",\"name\":\"Dzie\u0144 Dziecka w Afryce - podaruj im zabawki i posi\u0142ek!\",\"isPartOf\":{\"@id\":\"https:\/\/www.maitri.pl\/#website\"},\"primaryImageOfPage\":{\"@id\":\"https:\/\/www.maitri.pl\/projekt\/dzien-dziecka-kamerun\/#primaryimage\"},\"image\":{\"@id\":\"https:\/\/www.maitri.pl\/projekt\/dzien-dziecka-kamerun\/#primaryimage\"},\"thumbnailUrl\":\"https:\/\/www.maitri.pl\/wp-content\/uploads\/2022\/10\/153-chrys-posilek-swiatyczny.jpg\",\"datePublished\":\"2022-10-24T17:17:46+00:00\",\"dateModified\":\"2024-02-07T11:51:54+00:00\",\"description\":\"Dzie\u0144 Dziecka w Afryce - podaruj im zabawki i posi\u0142ek!. O pomoc prosz\u0105 Siostry ze Zgromadzenia Naj\u015bwi\u0119tszej Duszy Chrystusa Pana.\",\"breadcrumb\":{\"@id\":\"https:\/\/www.maitri.pl\/projekt\/dzien-dziecka-kamerun\/#breadcrumb\"},\"inLanguage\":\"fr-FR\",\"potentialAction\":[{\"@type\":\"ReadAction\",\"target\":[\"https:\/\/www.maitri.pl\/projekt\/dzien-dziecka-kamerun\/\"]}]},{\"@type\":\"ImageObject\",\"inLanguage\":\"fr-FR\",\"@id\":\"https:\/\/www.maitri.pl\/projekt\/dzien-dziecka-kamerun\/#primaryimage\",\"url\":\"https:\/\/www.maitri.pl\/wp-content\/uploads\/2022\/10\/153-chrys-posilek-swiatyczny.jpg\",\"contentUrl\":\"https:\/\/www.maitri.pl\/wp-content\/uploads\/2022\/10\/153-chrys-posilek-swiatyczny.jpg\",\"width\":1920,\"height\":2560,\"caption\":\"dzie\u0144 dziecka w Afryce Abong-Mbang ruch Maitri Adopcja Serca Adopcja Duchowa pomoc Afryce pomoc ubogim 01\"},{\"@type\":\"BreadcrumbList\",\"@id\":\"https:\/\/www.maitri.pl\/projekt\/dzien-dziecka-kamerun\/#breadcrumb\",\"itemListElement\":[{\"@type\":\"ListItem\",\"position\":1,\"name\":\"Strona g\u0142\u00f3wna\",\"item\":\"https:\/\/www.maitri.pl\/\"},{\"@type\":\"ListItem\",\"position\":2,\"name\":\"Sklep\",\"item\":\"https:\/\/www.maitri.pl\/sklep\/\"},{\"@type\":\"ListItem\",\"position\":3,\"name\":\"Dzie\u0144 Dziecka w Afryce &#8211; podaruj im zabawki i posi\u0142ek!\"}]},{\"@type\":\"WebSite\",\"@id\":\"https:\/\/www.maitri.pl\/#website\",\"url\":\"https:\/\/www.maitri.pl\/\",\"name\":\"Adopcja Serca Maitri \u2013 pomoc dzieciom w Afryce\",\"description\":\"Adopcja Serca \u2013 adopcja na odleg\u0142o\u015b\u0107, pomoc Afryce, do\u017cywianie i edukacja w Afryce\",\"publisher\":{\"@id\":\"https:\/\/www.maitri.pl\/#organization\"},\"potentialAction\":[{\"@type\":\"SearchAction\",\"target\":{\"@type\":\"EntryPoint\",\"urlTemplate\":\"https:\/\/www.maitri.pl\/?s={search_term_string}\"},\"query-input\":{\"@type\":\"PropertyValueSpecification\",\"valueRequired\":true,\"valueName\":\"search_term_string\"}}],\"inLanguage\":\"fr-FR\"},{\"@type\":\"Organization\",\"@id\":\"https:\/\/www.maitri.pl\/#organization\",\"name\":\"Stowarzyszenie Ruchu Maitri\",\"url\":\"https:\/\/www.maitri.pl\/\",\"logo\":{\"@type\":\"ImageObject\",\"inLanguage\":\"fr-FR\",\"@id\":\"https:\/\/www.maitri.pl\/#\/schema\/logo\/image\/\",\"url\":\"https:\/\/www.maitri.pl\/wp-content\/uploads\/2020\/04\/duze_logo-81.png\",\"contentUrl\":\"https:\/\/www.maitri.pl\/wp-content\/uploads\/2020\/04\/duze_logo-81.png\",\"width\":339,\"height\":321,\"caption\":\"Stowarzyszenie Ruchu Maitri\"},\"image\":{\"@id\":\"https:\/\/www.maitri.pl\/#\/schema\/logo\/image\/\"},\"sameAs\":[\"https:\/\/www.facebook.com\/MAITRI.Adopcja.Serca.dzieci.Afryki\/\"]}]}<\/script>\n<!-- \/ Yoast SEO plugin. -->","yoast_head_json":{"title":"Dzie\u0144 Dziecka w Afryce - podaruj im zabawki i posi\u0142ek!","description":"Dzie\u0144 Dziecka w Afryce - podaruj im zabawki i posi\u0142ek!. O pomoc prosz\u0105 Siostry ze Zgromadzenia Naj\u015bwi\u0119tszej Duszy Chrystusa Pana.","robots":{"index":"index","follow":"follow","max-snippet":"max-snippet:-1","max-image-preview":"max-image-preview:large","max-video-preview":"max-video-preview:-1"},"canonical":"https:\/\/www.maitri.pl\/projekt\/dzien-dziecka-kamerun\/","og_locale":"fr_FR","og_type":"article","og_title":"Dzie\u0144 Dziecka w Afryce - podaruj im zabawki i posi\u0142ek!","og_description":"Dzie\u0144 Dziecka w Afryce - podaruj im zabawki i posi\u0142ek!. O pomoc prosz\u0105 Siostry ze Zgromadzenia Naj\u015bwi\u0119tszej Duszy Chrystusa Pana.","og_url":"https:\/\/www.maitri.pl\/projekt\/dzien-dziecka-kamerun\/","og_site_name":"Ruch Maitri - Adopcja Serca pomoc Afryce","article_publisher":"https:\/\/www.facebook.com\/MAITRI.Adopcja.Serca.dzieci.Afryki\/","article_modified_time":"2024-02-07T11:51:54+00:00","og_image":[{"width":1920,"height":2560,"url":"https:\/\/www.maitri.pl\/wp-content\/uploads\/2022\/10\/153-chrys-posilek-swiatyczny.jpg","type":"image\/jpeg"}],"twitter_card":"summary_large_image","twitter_misc":{"Dur\u00e9e de lecture estim\u00e9e":"3 minutes"},"schema":{"@context":"https:\/\/schema.org","@graph":[{"@type":"WebPage","@id":"https:\/\/www.maitri.pl\/projekt\/dzien-dziecka-kamerun\/","url":"https:\/\/www.maitri.pl\/projekt\/dzien-dziecka-kamerun\/","name":"Dzie\u0144 Dziecka w Afryce - podaruj im zabawki i posi\u0142ek!","isPartOf":{"@id":"https:\/\/www.maitri.pl\/#website"},"primaryImageOfPage":{"@id":"https:\/\/www.maitri.pl\/projekt\/dzien-dziecka-kamerun\/#primaryimage"},"image":{"@id":"https:\/\/www.maitri.pl\/projekt\/dzien-dziecka-kamerun\/#primaryimage"},"thumbnailUrl":"https:\/\/www.maitri.pl\/wp-content\/uploads\/2022\/10\/153-chrys-posilek-swiatyczny.jpg","datePublished":"2022-10-24T17:17:46+00:00","dateModified":"2024-02-07T11:51:54+00:00","description":"Dzie\u0144 Dziecka w Afryce - podaruj im zabawki i posi\u0142ek!. O pomoc prosz\u0105 Siostry ze Zgromadzenia Naj\u015bwi\u0119tszej Duszy Chrystusa Pana.","breadcrumb":{"@id":"https:\/\/www.maitri.pl\/projekt\/dzien-dziecka-kamerun\/#breadcrumb"},"inLanguage":"fr-FR","potentialAction":[{"@type":"ReadAction","target":["https:\/\/www.maitri.pl\/projekt\/dzien-dziecka-kamerun\/"]}]},{"@type":"ImageObject","inLanguage":"fr-FR","@id":"https:\/\/www.maitri.pl\/projekt\/dzien-dziecka-kamerun\/#primaryimage","url":"https:\/\/www.maitri.pl\/wp-content\/uploads\/2022\/10\/153-chrys-posilek-swiatyczny.jpg","contentUrl":"https:\/\/www.maitri.pl\/wp-content\/uploads\/2022\/10\/153-chrys-posilek-swiatyczny.jpg","width":1920,"height":2560,"caption":"dzie\u0144 dziecka w Afryce Abong-Mbang ruch Maitri Adopcja Serca Adopcja Duchowa pomoc Afryce pomoc ubogim 01"},{"@type":"BreadcrumbList","@id":"https:\/\/www.maitri.pl\/projekt\/dzien-dziecka-kamerun\/#breadcrumb","itemListElement":[{"@type":"ListItem","position":1,"name":"Strona g\u0142\u00f3wna","item":"https:\/\/www.maitri.pl\/"},{"@type":"ListItem","position":2,"name":"Sklep","item":"https:\/\/www.maitri.pl\/sklep\/"},{"@type":"ListItem","position":3,"name":"Dzie\u0144 Dziecka w Afryce &#8211; podaruj im zabawki i posi\u0142ek!"}]},{"@type":"WebSite","@id":"https:\/\/www.maitri.pl\/#website","url":"https:\/\/www.maitri.pl\/","name":"Adopcja Serca Maitri \u2013 pomoc dzieciom w Afryce","description":"Adopcja Serca \u2013 adopcja na odleg\u0142o\u015b\u0107, pomoc Afryce, do\u017cywianie i edukacja w Afryce","publisher":{"@id":"https:\/\/www.maitri.pl\/#organization"},"potentialAction":[{"@type":"SearchAction","target":{"@type":"EntryPoint","urlTemplate":"https:\/\/www.maitri.pl\/?s={search_term_string}"},"query-input":{"@type":"PropertyValueSpecification","valueRequired":true,"valueName":"search_term_string"}}],"inLanguage":"fr-FR"},{"@type":"Organization","@id":"https:\/\/www.maitri.pl\/#organization","name":"Stowarzyszenie Ruchu Maitri","url":"https:\/\/www.maitri.pl\/","logo":{"@type":"ImageObject","inLanguage":"fr-FR","@id":"https:\/\/www.maitri.pl\/#\/schema\/logo\/image\/","url":"https:\/\/www.maitri.pl\/wp-content\/uploads\/2020\/04\/duze_logo-81.png","contentUrl":"https:\/\/www.maitri.pl\/wp-content\/uploads\/2020\/04\/duze_logo-81.png","width":339,"height":321,"caption":"Stowarzyszenie Ruchu Maitri"},"image":{"@id":"https:\/\/www.maitri.pl\/#\/schema\/logo\/image\/"},"sameAs":["https:\/\/www.facebook.com\/MAITRI.Adopcja.Serca.dzieci.Afryki\/"]}]}},"_links":{"self":[{"href":"https:\/\/www.maitri.pl\/fr\/wp-json\/wp\/v2\/product\/25304","targetHints":{"allow":["GET"]}}],"collection":[{"href":"https:\/\/www.maitri.pl\/fr\/wp-json\/wp\/v2\/product"}],"about":[{"href":"https:\/\/www.maitri.pl\/fr\/wp-json\/wp\/v2\/types\/product"}],"wp:featuredmedia":[{"embeddable":true,"href":"https:\/\/www.maitri.pl\/fr\/wp-json\/wp\/v2\/media\/25332"}],"wp:attachment":[{"href":"https:\/\/www.maitri.pl\/fr\/wp-json\/wp\/v2\/media?parent=25304"}],"wp:term":[{"taxonomy":"product_brand","embeddable":true,"href":"https:\/\/www.maitri.pl\/fr\/wp-json\/wp\/v2\/product_brand?post=25304"},{"taxonomy":"product_cat","embeddable":true,"href":"https:\/\/www.maitri.pl\/fr\/wp-json\/wp\/v2\/product_cat?post=25304"},{"taxonomy":"product_tag","embeddable":true,"href":"https:\/\/www.maitri.pl\/fr\/wp-json\/wp\/v2\/product_tag?post=25304"}],"curies":[{"name":"wp","href":"https:\/\/api.w.org\/{rel}","templated":true}]}}