{"id":25220,"date":"2022-10-14T12:29:59","date_gmt":"2022-10-14T10:29:59","guid":{"rendered":"https:\/\/www.maitri.pl\/?post_type=product&#038;p=25220"},"modified":"2023-02-10T12:14:01","modified_gmt":"2023-02-10T11:14:01","slug":"pakiety-zywnosciowe-kamerun","status":"publish","type":"product","link":"https:\/\/www.maitri.pl\/fr\/projekt\/pakiety-zywnosciowe-kamerun\/","title":{"rendered":"Pakiety \u017cywno\u015bciowe dla najubo\u017cszych rodzin z Bertoua-Enia w Kamerunie"},"content":{"rendered":"<h4>G\u0142\u00f3d nie u\u0142atwia \u017cycia<\/h4>\n<p>Bertoua-Enia to ma\u0142a miejscowo\u015b\u0107 po\u0142o\u017cona we wschodniej cz\u0119\u015bci Kamerunu. Jest to miejsce spokojne, gdzie nie ma wojny, ani rebelii, ale niestety miejscowa ludno\u015b\u0107 wci\u0105\u017c \u017cyje w ub\u00f3stwie. W naszym otoczeniu \u017cyje wiele dzieci, kt\u00f3re jedz\u0105 rzadko. R\u00f3wnie\u017c do przedszkola zapisywane s\u0105 dzieci, kt\u00f3rych rodzice nie maj\u0105 wystarczaj\u0105cych funduszy na wy\u017cywienie dziecka. Niedo\u017cywienie w konsekwencji prowadzi do wi\u0119kszej podatno\u015bci na wszelkiego rodzaju choroby, jak r\u00f3wnie\u017c zniech\u0119ca do nauki, gdy dokucza g\u0142\u00f3d. Rozwi\u0105zaniem s\u0105 pakiety \u017cywno\u015bciowe. Chcemy rozda\u0107 paczki najbardziej potrzebuj\u0105cym, ale bez wsparcia ofiarnych darczy\u0144c\u00f3w z Polski nie b\u0119dziemy w stanie zrealizowa\u0107 tego pomys\u0142u. Apelujemy o pomoc finansow\u0105.<\/p>\n<h4>Porcja niezb\u0119dnej energii<\/h4>\n<p>Aby pom\u00f3c dzieciom z najbiedniejszych rodzin w lepszym wy\u017cywieniu, pragniemy przekaza\u0107 w ka\u017cdym miesi\u0105cu rodzicom obfite pakiety \u017cywno\u015bciowe. Wszystkie paczki b\u0119d\u0105 zawiera\u0107 porcj\u0119 produkt\u00f3w wyszczeg\u00f3lnionych w kosztorysie. W ten spos\u00f3b b\u0119dziemy mogli wzbogaci\u0107 ich \u017cywienie. Pomoc obejmie oko\u0142o 50 dzieci i ich rodziny. Systematyczna pomoc w do\u017cywianiu poprzez pakiety b\u0119dzie trwa\u0107 przez 8 miesi\u0119cy w okresie od pa\u017adziernika 2022 do maja 2023.<\/p>\n<h4>Nie zwlekaj, pom\u00f3\u017c<\/h4>\n<p>Pomoc rodzicom w \u017cywieniu ich dzieci pozwoli dzieciom utrzyma\u0107 zdrowie i odpowiednio si\u0119 rozwija\u0107 &#8211; zar\u00f3wno fizycznie, jak i psychicznie. To wp\u0142ynie r\u00f3wnie\u017c na ich kondycj\u0119 oraz mo\u017cliwo\u015bci i ch\u0119\u0107 do nauki. Pakiety \u017cywno\u015bciowe b\u0119d\u0105 mie\u0107 r\u00f3wnie\u017c du\u017cy aspekt spo\u0142eczny. Z tej pomocy skorzystaj\u0105 rodziny najbiedniejsze, sieroty, samotne matki i rodziny wielodzietne z okolicy Bertoua-Enia. Licz\u0105c na zaakceptowanie tego projektu, zapewniamy wraz z rodzinami i dzie\u0107mi, kt\u00f3re b\u0119d\u0105 obj\u0119te programem do\u017cywiania, o wielkiej wdzi\u0119czno\u015bci i modlitwie oraz serdecznie pozdrawiamy darczy\u0144c\u00f3w.<\/p>\n<h4>Kosztorys:<\/h4>\n<table>\n<tbody>\n<tr>\n<td width=\"38\"><strong>Lp<\/strong><\/td>\n<td width=\"295\"><strong>opis<\/strong><\/td>\n<td width=\"109\"><strong>ilo\u015b\u0107<\/strong><\/td>\n<td width=\"106\"><strong>Cena <\/strong><strong>w miejscowej walucie (<\/strong><strong>CFA<\/strong><strong>)<\/strong><\/td>\n<td width=\"95\"><strong>kwota<\/strong><\/td>\n<\/tr>\n<tr>\n<td width=\"38\">1<\/td>\n<td width=\"295\">Mleko w proszku po 25 kg<\/td>\n<td width=\"109\">8 work\u00f3w<\/td>\n<td width=\"106\">88.000<\/td>\n<td width=\"95\">704.000<\/td>\n<\/tr>\n<tr>\n<td width=\"38\">2<\/td>\n<td width=\"295\">Sardynki po 48 szt<\/td>\n<td width=\"109\">8 karton\u00f3w<\/td>\n<td width=\"106\">22.000<\/td>\n<td width=\"95\">176.000<\/td>\n<\/tr>\n<tr>\n<td width=\"38\">3<\/td>\n<td width=\"295\">Ry\u017c 50 kg<\/td>\n<td width=\"109\">8 work\u00f3w<\/td>\n<td width=\"106\">27.000<\/td>\n<td width=\"95\">216.000<\/td>\n<\/tr>\n<tr>\n<td width=\"38\">4<\/td>\n<td width=\"295\">Olej arachidowy po 15 butelek<\/td>\n<td width=\"109\">8 karton\u00f3w<\/td>\n<td width=\"106\">20.000<\/td>\n<td width=\"95\">160.000<\/td>\n<\/tr>\n<tr>\n<td width=\"38\">5<\/td>\n<td width=\"295\">Czekolada w pude\u0142kach<\/td>\n<td width=\"109\">120 op.<\/td>\n<td width=\"106\">2.200<\/td>\n<td width=\"95\">264.000<\/td>\n<\/tr>\n<tr>\n<td width=\"38\">6<\/td>\n<td width=\"295\">kakao<\/td>\n<td width=\"109\">120 op.<\/td>\n<td width=\"106\">2.000<\/td>\n<td width=\"95\">240.000<\/td>\n<\/tr>\n<tr>\n<td width=\"38\">7<\/td>\n<td width=\"295\">ciastka<\/td>\n<td width=\"109\">32 kartony<\/td>\n<td width=\"106\">6.000<\/td>\n<td width=\"95\">192.000<\/td>\n<\/tr>\n<tr>\n<td width=\"38\"><\/td>\n<td colspan=\"2\" width=\"404\"><strong>PODSUMOWANIE w miejscowej walucie\u00a0 (CFA)<\/strong><\/td>\n<td width=\"106\"><\/td>\n<td width=\"95\"><strong>1.<\/strong><strong>952.000<\/strong><\/td>\n<\/tr>\n<\/tbody>\n<\/table>\n<p>Odpowiedzialna za projekt: Siostra \u00a0Tomasza Sadowska,<em>\u00a0<a href=\"http:\/\/www.siostrypasjonistki.pl\/\" target=\"_blank\" rel=\"noopener noreferrer\">Zgromadzenie Si\u00f3str M\u0119ki Pana Naszego Jezusa Chrystusa<\/a>, <\/em>misja Bertoua, <a href=\"https:\/\/www.maitri.pl\/gdzie-pomagamy\/\" target=\"_blank\" rel=\"noopener noreferrer\">Kamerun<\/a><\/p>\n<p><b style=\"font-size: large; color: #ff0000;\">Kwota: 3330 \u20ac <\/b><\/p>\n<p style=\"text-align: justify;\" align=\"JUSTIFY\"><span style=\"color: #808080;\">Stowarzyszenie Ruchu\u00a0<em>Maitri<\/em> przeznacza do 10% otrzymanych \u015brodk\u00f3w na koszty funkcjonowania biura i pozyskiwanie funduszy pomocowych. <\/span><\/p>\n<h3 style=\"text-align: justify;\" align=\"JUSTIFY\"><span style=\"color: #808080;\">Pakiety \u017cywno\u015bciowe dla najubo\u017cszych rodzin z Bertoua-Enia w Kamerunie<\/span><\/h3>\n","protected":false},"excerpt":{"rendered":"<p><strong>Projekt:<\/strong> Siostra <em>Tomasza Sadowska, <a href=\"http:\/\/www.siostrypasjonistki.pl\/\" target=\"_blank\" rel=\"noopener noreferrer\">Zgromadzenie Si\u00f3str M\u0119ki Pana Naszego Jezusa Chrystusa<\/a><\/em><br \/>\n<strong>Misja:<\/strong> Bertoua-Enia, <a href=\"https:\/\/www.maitri.pl\/gdzie-pomagamy\/\" target=\"_blank\" rel=\"noopener noreferrer\">Kamerun<\/a><br \/>\n<strong>Zbierana kwota:<\/strong> <span style=\"color: #ff0000;\"><strong>3.330 \u20ac<\/strong><\/span><\/p>\n","protected":false},"featured_media":25259,"template":"","meta":[],"product_brand":[],"product_cat":[656],"product_tag":[856,658,949,732,740],"class_list":{"0":"post-25220","1":"product","2":"type-product","3":"status-publish","4":"has-post-thumbnail","6":"product_cat-bez-kategorii","7":"product_tag-bertoua","8":"product_tag-kamerun","9":"product_tag-siostra-tomasza-sadowska","10":"product_tag-siostry-pasjonistki","11":"product_tag-zgromadzenie-siostr-meki-pana-naszego-jezusa-chrystusa","13":"first","14":"instock","15":"virtual","16":"purchasable","17":"product-type-simple"},"yoast_head":"<!-- This site is optimized with the Yoast SEO plugin v27.2 - https:\/\/yoast.com\/product\/yoast-seo-wordpress\/ -->\n<title>Pakiety \u017cywno\u015bciowe dla najubo\u017cszych rodzin z Bertoua-Enia<\/title>\n<meta name=\"description\" content=\"Pakiety \u017cywno\u015bciowe dla najubo\u017cszych rodzin z Bertoua-Enia w Kamerunie. O wsparcie dla potrzebuj\u0105cych prosz\u0105 Siostry Pasjonistki.\" \/>\n<meta name=\"robots\" content=\"index, follow, max-snippet:-1, max-image-preview:large, max-video-preview:-1\" \/>\n<link rel=\"canonical\" href=\"https:\/\/www.maitri.pl\/projekt\/pakiety-zywnosciowe-kamerun\/\" \/>\n<meta property=\"og:locale\" content=\"fr_FR\" \/>\n<meta property=\"og:type\" content=\"article\" \/>\n<meta property=\"og:title\" content=\"Pakiety \u017cywno\u015bciowe dla najubo\u017cszych rodzin z Bertoua-Enia\" \/>\n<meta property=\"og:description\" content=\"Pakiety \u017cywno\u015bciowe dla najubo\u017cszych rodzin z Bertoua-Enia w Kamerunie. O wsparcie dla potrzebuj\u0105cych prosz\u0105 Siostry Pasjonistki.\" \/>\n<meta property=\"og:url\" content=\"https:\/\/www.maitri.pl\/projekt\/pakiety-zywnosciowe-kamerun\/\" \/>\n<meta property=\"og:site_name\" content=\"Ruch Maitri - Adopcja Serca pomoc Afryce\" \/>\n<meta property=\"article:publisher\" content=\"https:\/\/www.facebook.com\/MAITRI.Adopcja.Serca.dzieci.Afryki\/\" \/>\n<meta property=\"article:modified_time\" content=\"2023-02-10T11:14:01+00:00\" \/>\n<meta property=\"og:image\" content=\"https:\/\/www.maitri.pl\/wp-content\/uploads\/2022\/10\/DSC_0123-scaled.jpg\" \/>\n\t<meta property=\"og:image:width\" content=\"2560\" \/>\n\t<meta property=\"og:image:height\" content=\"1702\" \/>\n\t<meta property=\"og:image:type\" content=\"image\/jpeg\" \/>\n<meta name=\"twitter:card\" content=\"summary_large_image\" \/>\n<meta name=\"twitter:label1\" content=\"Dur\u00e9e de lecture estim\u00e9e\" \/>\n\t<meta name=\"twitter:data1\" content=\"3 minutes\" \/>\n<script type=\"application\/ld+json\" class=\"yoast-schema-graph\">{\"@context\":\"https:\/\/schema.org\",\"@graph\":[{\"@type\":\"WebPage\",\"@id\":\"https:\/\/www.maitri.pl\/projekt\/pakiety-zywnosciowe-kamerun\/\",\"url\":\"https:\/\/www.maitri.pl\/projekt\/pakiety-zywnosciowe-kamerun\/\",\"name\":\"Pakiety \u017cywno\u015bciowe dla najubo\u017cszych rodzin z Bertoua-Enia\",\"isPartOf\":{\"@id\":\"https:\/\/www.maitri.pl\/#website\"},\"primaryImageOfPage\":{\"@id\":\"https:\/\/www.maitri.pl\/projekt\/pakiety-zywnosciowe-kamerun\/#primaryimage\"},\"image\":{\"@id\":\"https:\/\/www.maitri.pl\/projekt\/pakiety-zywnosciowe-kamerun\/#primaryimage\"},\"thumbnailUrl\":\"https:\/\/www.maitri.pl\/wp-content\/uploads\/2022\/10\/DSC_0123-scaled.jpg\",\"datePublished\":\"2022-10-14T10:29:59+00:00\",\"dateModified\":\"2023-02-10T11:14:01+00:00\",\"description\":\"Pakiety \u017cywno\u015bciowe dla najubo\u017cszych rodzin z Bertoua-Enia w Kamerunie. O wsparcie dla potrzebuj\u0105cych prosz\u0105 Siostry Pasjonistki.\",\"breadcrumb\":{\"@id\":\"https:\/\/www.maitri.pl\/projekt\/pakiety-zywnosciowe-kamerun\/#breadcrumb\"},\"inLanguage\":\"fr-FR\",\"potentialAction\":[{\"@type\":\"ReadAction\",\"target\":[\"https:\/\/www.maitri.pl\/projekt\/pakiety-zywnosciowe-kamerun\/\"]}]},{\"@type\":\"ImageObject\",\"inLanguage\":\"fr-FR\",\"@id\":\"https:\/\/www.maitri.pl\/projekt\/pakiety-zywnosciowe-kamerun\/#primaryimage\",\"url\":\"https:\/\/www.maitri.pl\/wp-content\/uploads\/2022\/10\/DSC_0123-scaled.jpg\",\"contentUrl\":\"https:\/\/www.maitri.pl\/wp-content\/uploads\/2022\/10\/DSC_0123-scaled.jpg\",\"width\":2560,\"height\":1702,\"caption\":\"pakiety \u017cywno\u015bciowe Bertoua Ruch Maitri Adopcja Serca Adopcja Duchowa pomoc Afryce pomoc ubogim 02\"},{\"@type\":\"BreadcrumbList\",\"@id\":\"https:\/\/www.maitri.pl\/projekt\/pakiety-zywnosciowe-kamerun\/#breadcrumb\",\"itemListElement\":[{\"@type\":\"ListItem\",\"position\":1,\"name\":\"Strona g\u0142\u00f3wna\",\"item\":\"https:\/\/www.maitri.pl\/\"},{\"@type\":\"ListItem\",\"position\":2,\"name\":\"Sklep\",\"item\":\"https:\/\/www.maitri.pl\/sklep\/\"},{\"@type\":\"ListItem\",\"position\":3,\"name\":\"Pakiety \u017cywno\u015bciowe dla najubo\u017cszych rodzin z Bertoua-Enia w Kamerunie\"}]},{\"@type\":\"WebSite\",\"@id\":\"https:\/\/www.maitri.pl\/#website\",\"url\":\"https:\/\/www.maitri.pl\/\",\"name\":\"Adopcja Serca Maitri \u2013 pomoc dzieciom w Afryce\",\"description\":\"Adopcja Serca \u2013 adopcja na odleg\u0142o\u015b\u0107, pomoc Afryce, do\u017cywianie i edukacja w Afryce\",\"publisher\":{\"@id\":\"https:\/\/www.maitri.pl\/#organization\"},\"potentialAction\":[{\"@type\":\"SearchAction\",\"target\":{\"@type\":\"EntryPoint\",\"urlTemplate\":\"https:\/\/www.maitri.pl\/?s={search_term_string}\"},\"query-input\":{\"@type\":\"PropertyValueSpecification\",\"valueRequired\":true,\"valueName\":\"search_term_string\"}}],\"inLanguage\":\"fr-FR\"},{\"@type\":\"Organization\",\"@id\":\"https:\/\/www.maitri.pl\/#organization\",\"name\":\"Stowarzyszenie Ruchu Maitri\",\"url\":\"https:\/\/www.maitri.pl\/\",\"logo\":{\"@type\":\"ImageObject\",\"inLanguage\":\"fr-FR\",\"@id\":\"https:\/\/www.maitri.pl\/#\/schema\/logo\/image\/\",\"url\":\"https:\/\/www.maitri.pl\/wp-content\/uploads\/2020\/04\/duze_logo-81.png\",\"contentUrl\":\"https:\/\/www.maitri.pl\/wp-content\/uploads\/2020\/04\/duze_logo-81.png\",\"width\":339,\"height\":321,\"caption\":\"Stowarzyszenie Ruchu Maitri\"},\"image\":{\"@id\":\"https:\/\/www.maitri.pl\/#\/schema\/logo\/image\/\"},\"sameAs\":[\"https:\/\/www.facebook.com\/MAITRI.Adopcja.Serca.dzieci.Afryki\/\"]}]}<\/script>\n<!-- \/ Yoast SEO plugin. -->","yoast_head_json":{"title":"Pakiety \u017cywno\u015bciowe dla najubo\u017cszych rodzin z Bertoua-Enia","description":"Pakiety \u017cywno\u015bciowe dla najubo\u017cszych rodzin z Bertoua-Enia w Kamerunie. O wsparcie dla potrzebuj\u0105cych prosz\u0105 Siostry Pasjonistki.","robots":{"index":"index","follow":"follow","max-snippet":"max-snippet:-1","max-image-preview":"max-image-preview:large","max-video-preview":"max-video-preview:-1"},"canonical":"https:\/\/www.maitri.pl\/projekt\/pakiety-zywnosciowe-kamerun\/","og_locale":"fr_FR","og_type":"article","og_title":"Pakiety \u017cywno\u015bciowe dla najubo\u017cszych rodzin z Bertoua-Enia","og_description":"Pakiety \u017cywno\u015bciowe dla najubo\u017cszych rodzin z Bertoua-Enia w Kamerunie. O wsparcie dla potrzebuj\u0105cych prosz\u0105 Siostry Pasjonistki.","og_url":"https:\/\/www.maitri.pl\/projekt\/pakiety-zywnosciowe-kamerun\/","og_site_name":"Ruch Maitri - Adopcja Serca pomoc Afryce","article_publisher":"https:\/\/www.facebook.com\/MAITRI.Adopcja.Serca.dzieci.Afryki\/","article_modified_time":"2023-02-10T11:14:01+00:00","og_image":[{"width":2560,"height":1702,"url":"https:\/\/www.maitri.pl\/wp-content\/uploads\/2022\/10\/DSC_0123-scaled.jpg","type":"image\/jpeg"}],"twitter_card":"summary_large_image","twitter_misc":{"Dur\u00e9e de lecture estim\u00e9e":"3 minutes"},"schema":{"@context":"https:\/\/schema.org","@graph":[{"@type":"WebPage","@id":"https:\/\/www.maitri.pl\/projekt\/pakiety-zywnosciowe-kamerun\/","url":"https:\/\/www.maitri.pl\/projekt\/pakiety-zywnosciowe-kamerun\/","name":"Pakiety \u017cywno\u015bciowe dla najubo\u017cszych rodzin z Bertoua-Enia","isPartOf":{"@id":"https:\/\/www.maitri.pl\/#website"},"primaryImageOfPage":{"@id":"https:\/\/www.maitri.pl\/projekt\/pakiety-zywnosciowe-kamerun\/#primaryimage"},"image":{"@id":"https:\/\/www.maitri.pl\/projekt\/pakiety-zywnosciowe-kamerun\/#primaryimage"},"thumbnailUrl":"https:\/\/www.maitri.pl\/wp-content\/uploads\/2022\/10\/DSC_0123-scaled.jpg","datePublished":"2022-10-14T10:29:59+00:00","dateModified":"2023-02-10T11:14:01+00:00","description":"Pakiety \u017cywno\u015bciowe dla najubo\u017cszych rodzin z Bertoua-Enia w Kamerunie. O wsparcie dla potrzebuj\u0105cych prosz\u0105 Siostry Pasjonistki.","breadcrumb":{"@id":"https:\/\/www.maitri.pl\/projekt\/pakiety-zywnosciowe-kamerun\/#breadcrumb"},"inLanguage":"fr-FR","potentialAction":[{"@type":"ReadAction","target":["https:\/\/www.maitri.pl\/projekt\/pakiety-zywnosciowe-kamerun\/"]}]},{"@type":"ImageObject","inLanguage":"fr-FR","@id":"https:\/\/www.maitri.pl\/projekt\/pakiety-zywnosciowe-kamerun\/#primaryimage","url":"https:\/\/www.maitri.pl\/wp-content\/uploads\/2022\/10\/DSC_0123-scaled.jpg","contentUrl":"https:\/\/www.maitri.pl\/wp-content\/uploads\/2022\/10\/DSC_0123-scaled.jpg","width":2560,"height":1702,"caption":"pakiety \u017cywno\u015bciowe Bertoua Ruch Maitri Adopcja Serca Adopcja Duchowa pomoc Afryce pomoc ubogim 02"},{"@type":"BreadcrumbList","@id":"https:\/\/www.maitri.pl\/projekt\/pakiety-zywnosciowe-kamerun\/#breadcrumb","itemListElement":[{"@type":"ListItem","position":1,"name":"Strona g\u0142\u00f3wna","item":"https:\/\/www.maitri.pl\/"},{"@type":"ListItem","position":2,"name":"Sklep","item":"https:\/\/www.maitri.pl\/sklep\/"},{"@type":"ListItem","position":3,"name":"Pakiety \u017cywno\u015bciowe dla najubo\u017cszych rodzin z Bertoua-Enia w Kamerunie"}]},{"@type":"WebSite","@id":"https:\/\/www.maitri.pl\/#website","url":"https:\/\/www.maitri.pl\/","name":"Adopcja Serca Maitri \u2013 pomoc dzieciom w Afryce","description":"Adopcja Serca \u2013 adopcja na odleg\u0142o\u015b\u0107, pomoc Afryce, do\u017cywianie i edukacja w Afryce","publisher":{"@id":"https:\/\/www.maitri.pl\/#organization"},"potentialAction":[{"@type":"SearchAction","target":{"@type":"EntryPoint","urlTemplate":"https:\/\/www.maitri.pl\/?s={search_term_string}"},"query-input":{"@type":"PropertyValueSpecification","valueRequired":true,"valueName":"search_term_string"}}],"inLanguage":"fr-FR"},{"@type":"Organization","@id":"https:\/\/www.maitri.pl\/#organization","name":"Stowarzyszenie Ruchu Maitri","url":"https:\/\/www.maitri.pl\/","logo":{"@type":"ImageObject","inLanguage":"fr-FR","@id":"https:\/\/www.maitri.pl\/#\/schema\/logo\/image\/","url":"https:\/\/www.maitri.pl\/wp-content\/uploads\/2020\/04\/duze_logo-81.png","contentUrl":"https:\/\/www.maitri.pl\/wp-content\/uploads\/2020\/04\/duze_logo-81.png","width":339,"height":321,"caption":"Stowarzyszenie Ruchu Maitri"},"image":{"@id":"https:\/\/www.maitri.pl\/#\/schema\/logo\/image\/"},"sameAs":["https:\/\/www.facebook.com\/MAITRI.Adopcja.Serca.dzieci.Afryki\/"]}]}},"_links":{"self":[{"href":"https:\/\/www.maitri.pl\/fr\/wp-json\/wp\/v2\/product\/25220","targetHints":{"allow":["GET"]}}],"collection":[{"href":"https:\/\/www.maitri.pl\/fr\/wp-json\/wp\/v2\/product"}],"about":[{"href":"https:\/\/www.maitri.pl\/fr\/wp-json\/wp\/v2\/types\/product"}],"wp:featuredmedia":[{"embeddable":true,"href":"https:\/\/www.maitri.pl\/fr\/wp-json\/wp\/v2\/media\/25259"}],"wp:attachment":[{"href":"https:\/\/www.maitri.pl\/fr\/wp-json\/wp\/v2\/media?parent=25220"}],"wp:term":[{"taxonomy":"product_brand","embeddable":true,"href":"https:\/\/www.maitri.pl\/fr\/wp-json\/wp\/v2\/product_brand?post=25220"},{"taxonomy":"product_cat","embeddable":true,"href":"https:\/\/www.maitri.pl\/fr\/wp-json\/wp\/v2\/product_cat?post=25220"},{"taxonomy":"product_tag","embeddable":true,"href":"https:\/\/www.maitri.pl\/fr\/wp-json\/wp\/v2\/product_tag?post=25220"}],"curies":[{"name":"wp","href":"https:\/\/api.w.org\/{rel}","templated":true}]}}