{"id":25218,"date":"2022-10-14T12:28:11","date_gmt":"2022-10-14T10:28:11","guid":{"rendered":"https:\/\/www.maitri.pl\/?post_type=product&#038;p=25218"},"modified":"2024-02-07T12:51:38","modified_gmt":"2024-02-07T11:51:38","slug":"jedzenie-dla-dzieci-kamerun","status":"publish","type":"product","link":"https:\/\/www.maitri.pl\/fr\/projekt\/jedzenie-dla-dzieci-kamerun\/","title":{"rendered":"Jedzenie dla dzieci z Zespo\u0142u Szk\u00f3\u0142 \u015bw. Mukassa w Koudandeng"},"content":{"rendered":"<h4>Nie sta\u0107 ich na \u017cywno\u015b\u0107<\/h4>\n<p>Potrzebne jest jedzenie dla naszych dzieci. W tym roku, podobnie jak w ubieg\u0142ym roku szkolnym i poprzednich r\u00f3wnie\u017c, po raz kolejny zwracam si\u0119 z ogromn\u0105 pro\u015bb\u0105 o pomoc w sfinansowaniu do\u017cywiania w Zespole Szk\u00f3\u0142 im. \u015bw. Mukassa w Koudandeng (region Centrum \u2013 Kamerun- diecezja Obala) w roku szkolnym 2022\/2023.\u00a0Liczba uczni\u00f3w w naszej szkole utrzymuje si\u0119 ju\u017c od kilku lat \u2013 to oko\u0142o 430 dzieci. Niestety ub\u00f3stwo miejscowego spo\u0142ecze\u0144stwa daje zna\u0107 o sobie coraz bardziej. Rodzice wi\u0119kszo\u015bci dzieci wp\u0142acaj\u0105 na do\u017cywianie swoich dzieci symboliczn\u0105 kwot\u0119 4.000 frank\u00f3w CFA na ca\u0142y rok. To tylko ok. 6 \u20ac, ale i tak nie wszyscy s\u0105 w stanie to uczyni\u0107. Dlatego zwracam si\u0119 z pro\u015bb\u0105 o pomoc w do\u017cywianiu naszych dzieci.<\/p>\n<h4>Sytuacja bez wyj\u015bcia<\/h4>\n<p>Gdyby ludzie mogli tutaj pracowa\u0107 za godziwe pieni\u0105dze, problem rozwi\u0105za\u0142by si\u0119 sam. Niestety, wiele os\u00f3b pracuje tylko dorywczo. Skutki kryzysu ekonomicznego dotykaj\u0105 nas wszystkich. Z powodu d\u0142ugiego zamkni\u0119cia granic ceny wielu produkt\u00f3w \u2013 zw\u0142aszcza \u017cywno\u015bci \u2013 bardzo wzros\u0142y. R\u00f3wnie\u017c wojna na Ukrainie daje si\u0119 i nam we znaki \u2013 zw\u0142aszcza poprzez ogromne podwy\u017cki cen.\u00a0Przypomn\u0119, \u017ce Koudandeng jest wiosk\u0105 po\u0142o\u017con\u0105 ok. 40 km od stolicy w kraju. Jednak patrz\u0105c na spos\u00f3b \u017cycia naszych mieszka\u0144c\u00f3w, na ich ci\u0119\u017ck\u0105 prac\u0119 na roli, nic nie wskazuje, \u017ce wielkie miasto jest w pobli\u017cu. Rodzice i opiekunowie dzieci z naszej szko\u0142y zajmuj\u0105 si\u0119 g\u0142\u00f3wnie upraw\u0105 kakao, kukurydzy, manioku, s\u0142odkich ziemniak\u00f3w albo orzeszk\u00f3w ziemnych. Plony nie wystarczaj\u0105 na utrzymanie.<\/p>\n<h4>Kilometry po \u015bniadanie<\/h4>\n<p>Dzieci przychodz\u0105 do szko\u0142y z wiosek oddalonych nawet o 4-6 km. Przychodz\u0105 pieszo, bez \u015bniadania, niewielu naszych podopiecznych ma ze sob\u0105 co\u015b do jedzenia. Dlatego do\u017cywianie 3 razy w tygodniu (poniedzia\u0142ek, wtorek, czwartek) jest tutaj naprawd\u0119 bardzo wa\u017cn\u0105 akcj\u0105. Prosimy o \u015brodki na jedzenie dla dzieci z naszych szk\u00f3\u0142. Wystarczy doda\u0107, \u017ce tego dnia, gdy wydajemy posi\u0142ki, jest bardzo ma\u0142o sp\u00f3\u017anialskich. Dla tych, kt\u00f3rzy si\u0119 sp\u00f3\u017ani\u0105 nie ma bouilli (czyli kleiku z kukurydziano-pszennego z cukrem i mlekiem), ani bu\u0142ki. Bardzo dzi\u0119kuj\u0119, w imieniu w\u0142asnym, jak i naszych dzieci i ich rodzic\u00f3w, za to, \u017ce mo\u017cemy nakarmi\u0107 g\u0142odnych.<\/p>\n<h4><strong>Kosztorys:<\/strong><\/h4>\n<table style=\"height: 1061px;\" width=\"1042\">\n<tbody>\n<tr>\n<td width=\"30\">LP<\/td>\n<td width=\"250\">OPIS<\/td>\n<td width=\"147\">ilo\u015b\u0107<\/td>\n<td width=\"125\">Cena jednostkowa<\/td>\n<td width=\"107\">Kwota<\/td>\n<\/tr>\n<tr>\n<td width=\"30\">1<\/td>\n<td width=\"250\">Bu\u0142ka pszenna<\/td>\n<td width=\"147\">41 760 sztuk<\/td>\n<td width=\"125\">50 frank\u00f3w CFA<\/td>\n<td width=\"107\">2 088 000 frank\u00f3w CFA<\/td>\n<\/tr>\n<tr>\n<td width=\"30\">2<\/td>\n<td width=\"250\">Mleko w proszku<\/td>\n<td width=\"147\">6 work\u00f3w po 25 kg<\/td>\n<td width=\"125\">80 000 frank\u00f3w CFA<\/td>\n<td width=\"107\">480 000 frank\u00f3w CFA<\/td>\n<\/tr>\n<tr>\n<td width=\"30\">3<\/td>\n<td width=\"250\">M\u0105ka pszenna<\/td>\n<td width=\"147\">22 work\u00f3w po 50 kg<\/td>\n<td width=\"125\">26 000 frank\u00f3w CFA<\/td>\n<td width=\"107\">572 000 frank\u00f3w CFA<\/td>\n<\/tr>\n<tr>\n<td width=\"30\">5<\/td>\n<td width=\"250\">Cukier<\/td>\n<td width=\"147\">20 work\u00f3w po 50 kg<\/td>\n<td width=\"125\">36 000 frank\u00f3w CFA<\/td>\n<td width=\"107\">\u00a0720 000 frank\u00f3w CFA<\/td>\n<\/tr>\n<tr>\n<td width=\"30\">6<\/td>\n<td width=\"250\">Zakup brakuj\u0105cych naczy\u0144 (wiadra, kubki, talerze)<\/td>\n<td width=\"147\"><\/td>\n<td width=\"125\"><\/td>\n<td width=\"107\">141 000 frank\u00f3w CFA<\/td>\n<\/tr>\n<tr>\n<td width=\"30\">7<\/td>\n<td width=\"250\">Posi\u0142ek \u015bwi\u0105teczny 3 razy w roku (ry\u017c, olej, warzywa, mi\u0119so)<\/td>\n<td width=\"147\"><\/td>\n<td width=\"125\"><\/td>\n<td width=\"107\">643 400 frank\u00f3w CFA<\/td>\n<\/tr>\n<tr>\n<td width=\"30\">8<\/td>\n<td width=\"250\">S\u0142odycze na \u015bwi\u0119ta 2 razy w roku (ciastka, lizaki, cukierki)<\/td>\n<td width=\"147\"><\/td>\n<td width=\"125\"><\/td>\n<td width=\"107\">\u00a0475 000 frank\u00f3w CFA<\/td>\n<\/tr>\n<tr>\n<td width=\"30\">9<\/td>\n<td width=\"250\">Wynagrodzenie kucharek<\/td>\n<td width=\"147\">8 miesi\u0119cy<\/td>\n<td width=\"125\">50.000 frank\u00f3w CFA<\/td>\n<td width=\"107\">\u00a0400 000 frank\u00f3w CFA<\/td>\n<\/tr>\n<tr>\n<td width=\"30\">10<\/td>\n<td width=\"250\">\u015arodki czysto\u015bci (myd\u0142o, \u015bcierki, proszek, druciaki)<\/td>\n<td width=\"147\"><\/td>\n<td width=\"125\"><\/td>\n<td width=\"107\">185 000 frank\u00f3w CFA<\/td>\n<\/tr>\n<tr>\n<td width=\"30\">11<\/td>\n<td width=\"250\">Transport<\/td>\n<td width=\"147\"><\/td>\n<td width=\"125\"><\/td>\n<td width=\"107\">350 000 frank\u00f3w CFA<\/td>\n<\/tr>\n<tr>\n<td width=\"30\"><\/td>\n<td colspan=\"3\" width=\"522\"><strong>Kwota w walucie miejscowej<\/strong><\/td>\n<td width=\"107\">6 054 400 frank\u00f3w CFA<\/td>\n<\/tr>\n<tr>\n<td width=\"30\"><\/td>\n<td colspan=\"3\" width=\"522\"><strong>Minus wk\u0142ad rodzic\u00f3w<\/strong><\/td>\n<td width=\"107\">1 550 000 frank\u00f3w CFA<\/td>\n<\/tr>\n<tr>\n<td width=\"30\"><\/td>\n<td colspan=\"3\" width=\"522\"><strong>S U M A <\/strong><\/td>\n<td width=\"107\"><strong>4 504 400 frank\u00f3w CFA<\/strong><\/td>\n<\/tr>\n<\/tbody>\n<\/table>\n<p>Siostra Ida Bujak, <a href=\"http:\/\/www.karmelitanki.pl\/\" target=\"_blank\" rel=\"noopener noreferrer\">Zgromadzenie Si\u00f3str Karmelitanek Dzieci\u0105tka Jezus<\/a>, misja Koudadeng, <a href=\"https:\/\/www.maitri.pl\/gdzie-pomagamy\/\" target=\"_blank\" rel=\"noopener noreferrer\">Kamerun<\/a><\/p>\n<p>Zwracam si\u0119 z gor\u0105c\u0105 pro\u015bb\u0105 o pomoc!<\/p>\n<p style=\"text-align: justify;\" align=\"JUSTIFY\"><span style=\"color: #ff0000;\"><span style=\"font-size: large;\"><b>Kwota projektu: 6790 \u20ac<\/b><\/span><\/span><\/p>\n<p style=\"text-align: justify;\"><strong>Numer projektu: 118\/KARML<\/strong><\/p>\n<p style=\"text-align: justify;\" align=\"JUSTIFY\"><span style=\"color: #808080;\">Stowarzyszenie Ruchu\u00a0<em>Maitri<\/em>\u00a0przeznacza do 10% otrzymanych \u015brodk\u00f3w na koszty funkcjonowania biura i pozyskiwanie funduszy pomocowych.<\/span><\/p>\n<h3 style=\"text-align: justify;\" align=\"JUSTIFY\"><span style=\"color: #808080;\">Jedzenie dla 430 dzieci z Zespo\u0142u Szk\u00f3\u0142 \u015bw. Mukassa w Koudandeng w Kamerunie!<\/span><\/h3>\n","protected":false},"excerpt":{"rendered":"<p><strong>Projekt:<\/strong> s. Ida Bujak, <a href=\"http:\/\/www.karmelitanki.pl\/\" target=\"_blank\" rel=\"noopener noreferrer\">Zgromadzenie Si\u00f3str Karmelitanek Dzieci\u0105tka Jezus<\/a><br \/>\n<strong>Misja:<\/strong> Koudadeng, <a href=\"https:\/\/www.maitri.pl\/gdzie-pomagamy\/\" target=\"_blank\" rel=\"noopener noreferrer\">Kamerun<\/a><br \/>\n<strong>Kwota projektu: <span style=\"color: #ff0000;\">6.790 \u20ac<\/span><\/strong><\/p>\n","protected":false},"featured_media":25269,"template":"","meta":[],"product_brand":[],"product_cat":[656],"product_tag":[675,676,658,679,677],"class_list":{"0":"post-25218","1":"product","2":"type-product","3":"status-publish","4":"has-post-thumbnail","6":"product_cat-bez-kategorii","7":"product_tag-dimako","8":"product_tag-dozywianie","9":"product_tag-kamerun","10":"product_tag-siostra-ida-bujak","11":"product_tag-zgromadzenie-siostr-karmelitanek-dzieciatka-jezus","13":"first","14":"instock","15":"virtual","16":"purchasable","17":"product-type-simple"},"yoast_head":"<!-- This site is optimized with the Yoast SEO plugin v27.2 - https:\/\/yoast.com\/product\/yoast-seo-wordpress\/ -->\n<title>Jedzenie dla dzieci z Zespo\u0142u Szk\u00f3\u0142 \u015bw. Mukassa w Koudandeng<\/title>\n<meta name=\"description\" content=\"Jedzenie dla dzieci z Zespo\u0142u Szk\u00f3\u0142 \u015bw. Mukassa w Koudandeng w Kamerunie. O pomoc dla 430 uczni\u00f3w prosz\u0105 Siostry Karmelitanki. Ka\u017cda z\u0142ot\u00f3wka pomaga!\" \/>\n<meta name=\"robots\" content=\"index, follow, max-snippet:-1, max-image-preview:large, max-video-preview:-1\" \/>\n<link rel=\"canonical\" href=\"https:\/\/www.maitri.pl\/projekt\/jedzenie-dla-dzieci-kamerun\/\" \/>\n<meta property=\"og:locale\" content=\"fr_FR\" \/>\n<meta property=\"og:type\" content=\"article\" \/>\n<meta property=\"og:title\" content=\"Jedzenie dla dzieci z Zespo\u0142u Szk\u00f3\u0142 \u015bw. Mukassa w Koudandeng\" \/>\n<meta property=\"og:description\" content=\"Jedzenie dla dzieci z Zespo\u0142u Szk\u00f3\u0142 \u015bw. Mukassa w Koudandeng w Kamerunie. O pomoc dla 430 uczni\u00f3w prosz\u0105 Siostry Karmelitanki. Ka\u017cda z\u0142ot\u00f3wka pomaga!\" \/>\n<meta property=\"og:url\" content=\"https:\/\/www.maitri.pl\/projekt\/jedzenie-dla-dzieci-kamerun\/\" \/>\n<meta property=\"og:site_name\" content=\"Ruch Maitri - Adopcja Serca pomoc Afryce\" \/>\n<meta property=\"article:publisher\" content=\"https:\/\/www.facebook.com\/MAITRI.Adopcja.Serca.dzieci.Afryki\/\" \/>\n<meta property=\"article:modified_time\" content=\"2024-02-07T11:51:38+00:00\" \/>\n<meta property=\"og:image\" content=\"https:\/\/www.maitri.pl\/wp-content\/uploads\/2022\/10\/118-karml.jpg\" \/>\n\t<meta property=\"og:image:width\" content=\"1844\" \/>\n\t<meta property=\"og:image:height\" content=\"1383\" \/>\n\t<meta property=\"og:image:type\" content=\"image\/jpeg\" \/>\n<meta name=\"twitter:card\" content=\"summary_large_image\" \/>\n<meta name=\"twitter:label1\" content=\"Dur\u00e9e de lecture estim\u00e9e\" \/>\n\t<meta name=\"twitter:data1\" content=\"4 minutes\" \/>\n<script type=\"application\/ld+json\" class=\"yoast-schema-graph\">{\"@context\":\"https:\/\/schema.org\",\"@graph\":[{\"@type\":\"WebPage\",\"@id\":\"https:\/\/www.maitri.pl\/projekt\/jedzenie-dla-dzieci-kamerun\/\",\"url\":\"https:\/\/www.maitri.pl\/projekt\/jedzenie-dla-dzieci-kamerun\/\",\"name\":\"Jedzenie dla dzieci z Zespo\u0142u Szk\u00f3\u0142 \u015bw. Mukassa w Koudandeng\",\"isPartOf\":{\"@id\":\"https:\/\/www.maitri.pl\/#website\"},\"primaryImageOfPage\":{\"@id\":\"https:\/\/www.maitri.pl\/projekt\/jedzenie-dla-dzieci-kamerun\/#primaryimage\"},\"image\":{\"@id\":\"https:\/\/www.maitri.pl\/projekt\/jedzenie-dla-dzieci-kamerun\/#primaryimage\"},\"thumbnailUrl\":\"https:\/\/www.maitri.pl\/wp-content\/uploads\/2022\/10\/118-karml.jpg\",\"datePublished\":\"2022-10-14T10:28:11+00:00\",\"dateModified\":\"2024-02-07T11:51:38+00:00\",\"description\":\"Jedzenie dla dzieci z Zespo\u0142u Szk\u00f3\u0142 \u015bw. Mukassa w Koudandeng w Kamerunie. O pomoc dla 430 uczni\u00f3w prosz\u0105 Siostry Karmelitanki. Ka\u017cda z\u0142ot\u00f3wka pomaga!\",\"breadcrumb\":{\"@id\":\"https:\/\/www.maitri.pl\/projekt\/jedzenie-dla-dzieci-kamerun\/#breadcrumb\"},\"inLanguage\":\"fr-FR\",\"potentialAction\":[{\"@type\":\"ReadAction\",\"target\":[\"https:\/\/www.maitri.pl\/projekt\/jedzenie-dla-dzieci-kamerun\/\"]}]},{\"@type\":\"ImageObject\",\"inLanguage\":\"fr-FR\",\"@id\":\"https:\/\/www.maitri.pl\/projekt\/jedzenie-dla-dzieci-kamerun\/#primaryimage\",\"url\":\"https:\/\/www.maitri.pl\/wp-content\/uploads\/2022\/10\/118-karml.jpg\",\"contentUrl\":\"https:\/\/www.maitri.pl\/wp-content\/uploads\/2022\/10\/118-karml.jpg\",\"width\":1844,\"height\":1383,\"caption\":\"Jedzenie dla dzieci z Zespo\u0142u Szk\u00f3\u0142 \u015bw. Mukassa w Koudandeng Ruch Maitri Adopcja Serca Adopcja Duchowa pomoc Afryce pomoc ubogim 01\"},{\"@type\":\"BreadcrumbList\",\"@id\":\"https:\/\/www.maitri.pl\/projekt\/jedzenie-dla-dzieci-kamerun\/#breadcrumb\",\"itemListElement\":[{\"@type\":\"ListItem\",\"position\":1,\"name\":\"Strona g\u0142\u00f3wna\",\"item\":\"https:\/\/www.maitri.pl\/\"},{\"@type\":\"ListItem\",\"position\":2,\"name\":\"Sklep\",\"item\":\"https:\/\/www.maitri.pl\/sklep\/\"},{\"@type\":\"ListItem\",\"position\":3,\"name\":\"Jedzenie dla dzieci z Zespo\u0142u Szk\u00f3\u0142 \u015bw. Mukassa w Koudandeng\"}]},{\"@type\":\"WebSite\",\"@id\":\"https:\/\/www.maitri.pl\/#website\",\"url\":\"https:\/\/www.maitri.pl\/\",\"name\":\"Adopcja Serca Maitri \u2013 pomoc dzieciom w Afryce\",\"description\":\"Adopcja Serca \u2013 adopcja na odleg\u0142o\u015b\u0107, pomoc Afryce, do\u017cywianie i edukacja w Afryce\",\"publisher\":{\"@id\":\"https:\/\/www.maitri.pl\/#organization\"},\"potentialAction\":[{\"@type\":\"SearchAction\",\"target\":{\"@type\":\"EntryPoint\",\"urlTemplate\":\"https:\/\/www.maitri.pl\/?s={search_term_string}\"},\"query-input\":{\"@type\":\"PropertyValueSpecification\",\"valueRequired\":true,\"valueName\":\"search_term_string\"}}],\"inLanguage\":\"fr-FR\"},{\"@type\":\"Organization\",\"@id\":\"https:\/\/www.maitri.pl\/#organization\",\"name\":\"Stowarzyszenie Ruchu Maitri\",\"url\":\"https:\/\/www.maitri.pl\/\",\"logo\":{\"@type\":\"ImageObject\",\"inLanguage\":\"fr-FR\",\"@id\":\"https:\/\/www.maitri.pl\/#\/schema\/logo\/image\/\",\"url\":\"https:\/\/www.maitri.pl\/wp-content\/uploads\/2020\/04\/duze_logo-81.png\",\"contentUrl\":\"https:\/\/www.maitri.pl\/wp-content\/uploads\/2020\/04\/duze_logo-81.png\",\"width\":339,\"height\":321,\"caption\":\"Stowarzyszenie Ruchu Maitri\"},\"image\":{\"@id\":\"https:\/\/www.maitri.pl\/#\/schema\/logo\/image\/\"},\"sameAs\":[\"https:\/\/www.facebook.com\/MAITRI.Adopcja.Serca.dzieci.Afryki\/\"]}]}<\/script>\n<!-- \/ Yoast SEO plugin. -->","yoast_head_json":{"title":"Jedzenie dla dzieci z Zespo\u0142u Szk\u00f3\u0142 \u015bw. Mukassa w Koudandeng","description":"Jedzenie dla dzieci z Zespo\u0142u Szk\u00f3\u0142 \u015bw. Mukassa w Koudandeng w Kamerunie. O pomoc dla 430 uczni\u00f3w prosz\u0105 Siostry Karmelitanki. Ka\u017cda z\u0142ot\u00f3wka pomaga!","robots":{"index":"index","follow":"follow","max-snippet":"max-snippet:-1","max-image-preview":"max-image-preview:large","max-video-preview":"max-video-preview:-1"},"canonical":"https:\/\/www.maitri.pl\/projekt\/jedzenie-dla-dzieci-kamerun\/","og_locale":"fr_FR","og_type":"article","og_title":"Jedzenie dla dzieci z Zespo\u0142u Szk\u00f3\u0142 \u015bw. Mukassa w Koudandeng","og_description":"Jedzenie dla dzieci z Zespo\u0142u Szk\u00f3\u0142 \u015bw. Mukassa w Koudandeng w Kamerunie. O pomoc dla 430 uczni\u00f3w prosz\u0105 Siostry Karmelitanki. Ka\u017cda z\u0142ot\u00f3wka pomaga!","og_url":"https:\/\/www.maitri.pl\/projekt\/jedzenie-dla-dzieci-kamerun\/","og_site_name":"Ruch Maitri - Adopcja Serca pomoc Afryce","article_publisher":"https:\/\/www.facebook.com\/MAITRI.Adopcja.Serca.dzieci.Afryki\/","article_modified_time":"2024-02-07T11:51:38+00:00","og_image":[{"width":1844,"height":1383,"url":"https:\/\/www.maitri.pl\/wp-content\/uploads\/2022\/10\/118-karml.jpg","type":"image\/jpeg"}],"twitter_card":"summary_large_image","twitter_misc":{"Dur\u00e9e de lecture estim\u00e9e":"4 minutes"},"schema":{"@context":"https:\/\/schema.org","@graph":[{"@type":"WebPage","@id":"https:\/\/www.maitri.pl\/projekt\/jedzenie-dla-dzieci-kamerun\/","url":"https:\/\/www.maitri.pl\/projekt\/jedzenie-dla-dzieci-kamerun\/","name":"Jedzenie dla dzieci z Zespo\u0142u Szk\u00f3\u0142 \u015bw. Mukassa w Koudandeng","isPartOf":{"@id":"https:\/\/www.maitri.pl\/#website"},"primaryImageOfPage":{"@id":"https:\/\/www.maitri.pl\/projekt\/jedzenie-dla-dzieci-kamerun\/#primaryimage"},"image":{"@id":"https:\/\/www.maitri.pl\/projekt\/jedzenie-dla-dzieci-kamerun\/#primaryimage"},"thumbnailUrl":"https:\/\/www.maitri.pl\/wp-content\/uploads\/2022\/10\/118-karml.jpg","datePublished":"2022-10-14T10:28:11+00:00","dateModified":"2024-02-07T11:51:38+00:00","description":"Jedzenie dla dzieci z Zespo\u0142u Szk\u00f3\u0142 \u015bw. Mukassa w Koudandeng w Kamerunie. O pomoc dla 430 uczni\u00f3w prosz\u0105 Siostry Karmelitanki. Ka\u017cda z\u0142ot\u00f3wka pomaga!","breadcrumb":{"@id":"https:\/\/www.maitri.pl\/projekt\/jedzenie-dla-dzieci-kamerun\/#breadcrumb"},"inLanguage":"fr-FR","potentialAction":[{"@type":"ReadAction","target":["https:\/\/www.maitri.pl\/projekt\/jedzenie-dla-dzieci-kamerun\/"]}]},{"@type":"ImageObject","inLanguage":"fr-FR","@id":"https:\/\/www.maitri.pl\/projekt\/jedzenie-dla-dzieci-kamerun\/#primaryimage","url":"https:\/\/www.maitri.pl\/wp-content\/uploads\/2022\/10\/118-karml.jpg","contentUrl":"https:\/\/www.maitri.pl\/wp-content\/uploads\/2022\/10\/118-karml.jpg","width":1844,"height":1383,"caption":"Jedzenie dla dzieci z Zespo\u0142u Szk\u00f3\u0142 \u015bw. Mukassa w Koudandeng Ruch Maitri Adopcja Serca Adopcja Duchowa pomoc Afryce pomoc ubogim 01"},{"@type":"BreadcrumbList","@id":"https:\/\/www.maitri.pl\/projekt\/jedzenie-dla-dzieci-kamerun\/#breadcrumb","itemListElement":[{"@type":"ListItem","position":1,"name":"Strona g\u0142\u00f3wna","item":"https:\/\/www.maitri.pl\/"},{"@type":"ListItem","position":2,"name":"Sklep","item":"https:\/\/www.maitri.pl\/sklep\/"},{"@type":"ListItem","position":3,"name":"Jedzenie dla dzieci z Zespo\u0142u Szk\u00f3\u0142 \u015bw. Mukassa w Koudandeng"}]},{"@type":"WebSite","@id":"https:\/\/www.maitri.pl\/#website","url":"https:\/\/www.maitri.pl\/","name":"Adopcja Serca Maitri \u2013 pomoc dzieciom w Afryce","description":"Adopcja Serca \u2013 adopcja na odleg\u0142o\u015b\u0107, pomoc Afryce, do\u017cywianie i edukacja w Afryce","publisher":{"@id":"https:\/\/www.maitri.pl\/#organization"},"potentialAction":[{"@type":"SearchAction","target":{"@type":"EntryPoint","urlTemplate":"https:\/\/www.maitri.pl\/?s={search_term_string}"},"query-input":{"@type":"PropertyValueSpecification","valueRequired":true,"valueName":"search_term_string"}}],"inLanguage":"fr-FR"},{"@type":"Organization","@id":"https:\/\/www.maitri.pl\/#organization","name":"Stowarzyszenie Ruchu Maitri","url":"https:\/\/www.maitri.pl\/","logo":{"@type":"ImageObject","inLanguage":"fr-FR","@id":"https:\/\/www.maitri.pl\/#\/schema\/logo\/image\/","url":"https:\/\/www.maitri.pl\/wp-content\/uploads\/2020\/04\/duze_logo-81.png","contentUrl":"https:\/\/www.maitri.pl\/wp-content\/uploads\/2020\/04\/duze_logo-81.png","width":339,"height":321,"caption":"Stowarzyszenie Ruchu Maitri"},"image":{"@id":"https:\/\/www.maitri.pl\/#\/schema\/logo\/image\/"},"sameAs":["https:\/\/www.facebook.com\/MAITRI.Adopcja.Serca.dzieci.Afryki\/"]}]}},"_links":{"self":[{"href":"https:\/\/www.maitri.pl\/fr\/wp-json\/wp\/v2\/product\/25218","targetHints":{"allow":["GET"]}}],"collection":[{"href":"https:\/\/www.maitri.pl\/fr\/wp-json\/wp\/v2\/product"}],"about":[{"href":"https:\/\/www.maitri.pl\/fr\/wp-json\/wp\/v2\/types\/product"}],"wp:featuredmedia":[{"embeddable":true,"href":"https:\/\/www.maitri.pl\/fr\/wp-json\/wp\/v2\/media\/25269"}],"wp:attachment":[{"href":"https:\/\/www.maitri.pl\/fr\/wp-json\/wp\/v2\/media?parent=25218"}],"wp:term":[{"taxonomy":"product_brand","embeddable":true,"href":"https:\/\/www.maitri.pl\/fr\/wp-json\/wp\/v2\/product_brand?post=25218"},{"taxonomy":"product_cat","embeddable":true,"href":"https:\/\/www.maitri.pl\/fr\/wp-json\/wp\/v2\/product_cat?post=25218"},{"taxonomy":"product_tag","embeddable":true,"href":"https:\/\/www.maitri.pl\/fr\/wp-json\/wp\/v2\/product_tag?post=25218"}],"curies":[{"name":"wp","href":"https:\/\/api.w.org\/{rel}","templated":true}]}}