{"id":25216,"date":"2022-10-14T12:30:16","date_gmt":"2022-10-14T10:30:16","guid":{"rendered":"https:\/\/www.maitri.pl\/?post_type=product&#038;p=25216"},"modified":"2023-02-10T12:13:53","modified_gmt":"2023-02-10T11:13:53","slug":"pomoc-w-dozywianiu-kamerun","status":"publish","type":"product","link":"https:\/\/www.maitri.pl\/fr\/projekt\/pomoc-w-dozywianiu-kamerun\/","title":{"rendered":"Pomoc w do\u017cywianiu 200 dzieci z przedszkola w Dimako"},"content":{"rendered":"<h4>Skromnie, ale po\u017cywnie<\/h4>\n<p>Ju\u017c od wielu lat <a href=\"https:\/\/www.maitri.pl\/adopcja-serca\/\" target=\"_blank\" rel=\"noopener\">Ruch Maitri<\/a> i jego darczy\u0144cy bior\u0105 udzia\u0142 w do\u017cywianiu dzieci z przedszkola \u015bw. Jakuba z Dimako w Kamerunie. Ka\u017cdego dnia przedszkolaki mog\u0105 spo\u017cy\u0107 skromny, ale po\u017cywny posi\u0142ek. Dwa razy w tygodniu podajemy ry\u017c z sardynkami i pomidorami, kolejne dwa razy w tygodniu ma\u0142e p\u0105czki z bouille &#8211; czyli co\u015b jak kaszka na bazie naszych m\u0105k z manioku oraz kukurydzy, a raz otrzymuj\u0105 paczuszk\u0119 herbatnik\u00f3w z mlekiem. Na \u015bwi\u0119ta dostaj\u0105 paczuszk\u0119 ciastek, cukierk\u00f3w i lizaka. Dzi\u0119ki Waszej pomocy nie s\u0105 g\u0142odne, ch\u0119tnie przychodz\u0105 do przedszkola.\u00a0 Cz\u0119sto ich stan zdrowia polepsza si\u0119, gdy zaczyna si\u0119 rok szkolny i korzystaj\u0105 z do\u017cywiania w przedszkolu oraz szkole. Prosimy o pomoc w do\u017cywianiu 200 dzieci z przedszkola w Dimako w Kamerunie.<\/p>\n<h4>Jedz\u0105 z wielkim entuzjazmem<\/h4>\n<p>Zwracam si\u0119 z pro\u015bb\u0105 o kontynuowanie tej pomocy w naszym przedszkolu. To wielka rado\u015b\u0107 spogl\u0105da\u0107 na dzieci, kt\u00f3re z ogromnym entuzjazmem spo\u017cywaj\u0105 codzienny posi\u0142ek w szkole. Dzi\u0119ki akcji do\u017cywiania nie s\u0105 g\u0142odne i bardziej ch\u0119tne do nauki. Dla wielu z tych dzieci to jedyna okazja, by nie g\u0142odowa\u0107 przez reszt\u0119 dnia. Niestety z powodu pandemii daje si\u0119 zauwa\u017cy\u0107 wzrost cen \u017cywno\u015bci, przez co problem g\u0142odu w\u015br\u00f3d tutejszej ludno\u015bci pog\u0142\u0119bia si\u0119. Dzieci w Kamerunie cz\u0119sto id\u0105 do przedszkola g\u0142odne. Niekt\u00f3re z nich przybywaj\u0105 do nas z odleg\u0142ych wiosek, oddalonych nawet o 15-20 km od Dimako. Bardzo du\u017co naszych dzieci pochodzi z bardzo biednych rodzin. Posi\u0142ek spo\u017cywaj\u0105\u00a0 raz dziennie wieczorem. Rodzic\u00f3w nie sta\u0107 na to, by dziecko zjad\u0142o co\u015b przed wyj\u015bciem lub wzi\u0119\u0142o ze sob\u0105 cokolwiek do zjedzenia. Dlatego tak wa\u017cny jest fakt, \u017ce ka\u017cdego dnia mog\u0105 liczy\u0107 na skromny posi\u0142ek w naszym przedszkolu.<\/p>\n<p>Nasze przedszkole ma bardzo dobre wyniki w nauce, dzieci s\u0105 dobrze przygotowane do nast\u0119pnego okresu nauczania w szkole. Dlatego wdzi\u0119czni za te dobrodziejstwa, jeszcze raz wyra\u017camy ogromn\u0105 wdzi\u0119czno\u015b\u0107 za wieloletni\u0105 wsp\u00f3\u0142prac\u0119, za to \u017ce mo\u017cemy zawsze na Was liczy\u0107. Nasz\u0105 wdzi\u0119czno\u015b\u0107 wyra\u017camy ka\u017cdego dnia w modlitwie za naszych dobrodziei. W imieniu naszych dzieci, ich opiekun\u00f3w, nauczycieli i swoim w\u0142asnym wyra\u017cam moj\u0105 ogromn\u0105 wdzi\u0119czno\u015b\u0107 za wasz\u0105 hojn\u0105 i ka\u017cdorazow\u0105 pomoc \u2013 ilekro\u0107 jej potrzebujemy. Liczymy, \u017ce r\u00f3wnie\u017c i tym razem przeka\u017c\u0105 Pa\u0144stwo \u015brodki na pomoc w do\u017cywianiu 200 dzieci z przedszkola w Dimako.<\/p>\n<h4><strong>Kosztorys:<\/strong><\/h4>\n<table>\n<tbody>\n<tr>\n<td width=\"34\">Lp.<\/td>\n<td width=\"291\">OPIS<\/td>\n<td width=\"91\">ilo\u015b\u0107<\/td>\n<td width=\"128\">Cena w miejscowej walucie<\/td>\n<td width=\"99\">Kwota w miejscowej walucie<\/td>\n<\/tr>\n<tr>\n<td width=\"34\">1<\/td>\n<td width=\"291\">Bouille (kaszka)<\/td>\n<td width=\"91\">270 kg<\/td>\n<td width=\"128\">1.500<\/td>\n<td width=\"99\">400.000<\/td>\n<\/tr>\n<tr>\n<td width=\"34\">2<\/td>\n<td width=\"291\">Ry\u017c<\/td>\n<td width=\"91\">600 kg<\/td>\n<td width=\"128\">50kg\/ 22.000<\/td>\n<td width=\"99\">264.000<\/td>\n<\/tr>\n<tr>\n<td width=\"34\">3<\/td>\n<td width=\"291\">M\u0105ka<\/td>\n<td width=\"91\">400 kg<\/td>\n<td width=\"128\">50kg\/ 21.000<\/td>\n<td width=\"99\">168.000<\/td>\n<\/tr>\n<tr>\n<td width=\"34\">4<\/td>\n<td width=\"291\">Olej<\/td>\n<td width=\"91\">200 l<\/td>\n<td width=\"128\">20 l\/ 22.000<\/td>\n<td width=\"99\">220.000<\/td>\n<\/tr>\n<tr>\n<td width=\"34\">5<\/td>\n<td width=\"291\">Sardynki<\/td>\n<td width=\"91\">19 paczek<\/td>\n<td width=\"128\">17.000<\/td>\n<td width=\"99\">323.000<\/td>\n<\/tr>\n<tr>\n<td width=\"34\">6<\/td>\n<td width=\"291\">Cukier<\/td>\n<td width=\"91\">250 kg<\/td>\n<td width=\"128\">25 kg\/ 35.000<\/td>\n<td width=\"99\">350.000<\/td>\n<\/tr>\n<tr>\n<td width=\"34\">7<\/td>\n<td width=\"291\">Przecier pomidorowy<\/td>\n<td width=\"91\">10 paczek<\/td>\n<td width=\"128\">4.500<\/td>\n<td width=\"99\">45.000<\/td>\n<\/tr>\n<tr>\n<td width=\"34\">8<\/td>\n<td width=\"291\">Dodatki (cebula, jarzyny, przyprawy, s\u00f3l)<\/td>\n<td width=\"91\"><\/td>\n<td width=\"128\"><\/td>\n<td width=\"99\">80.000<\/td>\n<\/tr>\n<tr>\n<td width=\"34\">9<\/td>\n<td width=\"291\">Wynagrodzenie kucharek<\/td>\n<td width=\"91\">10 miesi\u0119cy<\/td>\n<td width=\"128\">35.000<\/td>\n<td width=\"99\">350.000<\/td>\n<\/tr>\n<tr>\n<td width=\"34\">10<\/td>\n<td width=\"291\">Transport<\/td>\n<td width=\"91\"><\/td>\n<td width=\"128\"><\/td>\n<td width=\"99\">80.000<\/td>\n<\/tr>\n<tr>\n<td width=\"34\">11<\/td>\n<td width=\"291\">Drewno do kuchni<\/td>\n<td width=\"91\"><\/td>\n<td width=\"128\"><\/td>\n<td width=\"99\">60.000<\/td>\n<\/tr>\n<tr>\n<td width=\"34\">12<\/td>\n<td width=\"291\">Herbatniki, soki, lizaki<\/td>\n<td width=\"91\">20 pude\u0142ek<\/td>\n<td width=\"128\">4.500<\/td>\n<td width=\"99\">90.000<\/td>\n<\/tr>\n<tr>\n<td width=\"34\">13<\/td>\n<td width=\"291\">mleko<\/td>\n<td width=\"91\"><\/td>\n<td width=\"128\">80.000<\/td>\n<td width=\"99\">80.000<\/td>\n<\/tr>\n<tr>\n<td width=\"34\"><strong>\u00a0<\/strong><\/td>\n<td width=\"291\"><strong>PODSUMOWANIE<\/strong><\/td>\n<td width=\"91\"><strong>\u00a0<\/strong><\/td>\n<td width=\"128\"><strong>\u00a0<\/strong><\/td>\n<td width=\"99\"><strong>2.620.000 FR<\/strong><\/td>\n<\/tr>\n<\/tbody>\n<\/table>\n<p><em>s. Wirgilia Bondel, <a href=\"http:\/\/www.karmelitanki.pl\/\" target=\"_blank\" rel=\"noopener noreferrer\">Zgromadzenie Si\u00f3str Karmelitanek Dzieci\u0105tka Jezus<\/a><\/em><\/p>\n<p><strong>Podsumowanie w miejscowej walucie: 2 912 181,50 frank\u00f3w CFA<\/strong><\/p>\n<p>Numer projektu:\u00a0<strong>116\/KARML<\/strong><\/p>\n<p style=\"text-align: justify;\"><span style=\"color: #ff0000;\"><span style=\"font-size: large;\"><b>Kwota projektu : 4440 \u20ac<\/b><\/span><\/span><\/p>\n<p style=\"text-align: justify;\"><span style=\"font-size: large;\"><em><span style=\"color: #999999;\"><span style=\"font-size: medium;\">Stowarzyszenie Ruchu Maitri przeznacza do 10% otrzymanych \u015brodk\u00f3w na koszty funkcjonowania biura i pozyskiwanie funduszy pomocowych.<\/span><\/span><\/em><\/span><\/p>\n<h3 style=\"text-align: justify;\" align=\"JUSTIFY\"><span style=\"color: #808080;\">Pomoc w do\u017cywianiu 200 dzieci z przedszkola w Dimako w Kamerunie. O pomoc prosz\u0105 Siostry Karmelitanki<\/span><\/h3>\n","protected":false},"excerpt":{"rendered":"<p><strong>Projekt:\u00a0<\/strong> <em>s. Wirgilia Bondel, <a href=\"http:\/\/www.karmelitanki.pl\/\" target=\"_blank\" rel=\"noopener noreferrer\">Zgromadzenie Si\u00f3str Karmelitanek Dzieci\u0105tka Jezus<\/a><\/em><br \/>\n<strong>Misja:<\/strong> Dimako, <a href=\"https:\/\/www.maitri.pl\/gdzie-pomagamy\/\" target=\"_blank\" rel=\"noopener noreferrer\">Kamerun<\/a><br \/>\n<strong>Kwota projektu: <span style=\"color: #ff0000;\">4440 \u20ac<\/span><\/strong><\/p>\n","protected":false},"featured_media":25251,"template":"","meta":[],"product_brand":[],"product_cat":[656],"product_tag":[675,676,658,680,677],"class_list":{"0":"post-25216","1":"product","2":"type-product","3":"status-publish","4":"has-post-thumbnail","6":"product_cat-bez-kategorii","7":"product_tag-dimako","8":"product_tag-dozywianie","9":"product_tag-kamerun","10":"product_tag-siostra-wirgilia-bondel","11":"product_tag-zgromadzenie-siostr-karmelitanek-dzieciatka-jezus","13":"first","14":"instock","15":"virtual","16":"purchasable","17":"product-type-simple"},"yoast_head":"<!-- This site is optimized with the Yoast SEO plugin v27.2 - https:\/\/yoast.com\/product\/yoast-seo-wordpress\/ -->\n<title>Pomoc w do\u017cywianiu 200 dzieci z przedszkola w Dimako<\/title>\n<meta name=\"description\" content=\"Pomoc w do\u017cywianiu 200 dzieci z przedszkola w Dimako. Podaruj ciep\u0142y obiad przedszkolakom. O pomoc prosz\u0105 Siostry Karmelitanki.\" \/>\n<meta name=\"robots\" content=\"index, follow, max-snippet:-1, max-image-preview:large, max-video-preview:-1\" \/>\n<link rel=\"canonical\" href=\"https:\/\/www.maitri.pl\/projekt\/pomoc-w-dozywianiu-kamerun\/\" \/>\n<meta property=\"og:locale\" content=\"fr_FR\" \/>\n<meta property=\"og:type\" content=\"article\" \/>\n<meta property=\"og:title\" content=\"Pomoc w do\u017cywianiu 200 dzieci z przedszkola w Dimako\" \/>\n<meta property=\"og:description\" content=\"Pomoc w do\u017cywianiu 200 dzieci z przedszkola w Dimako. Podaruj ciep\u0142y obiad przedszkolakom. O pomoc prosz\u0105 Siostry Karmelitanki.\" \/>\n<meta property=\"og:url\" content=\"https:\/\/www.maitri.pl\/projekt\/pomoc-w-dozywianiu-kamerun\/\" \/>\n<meta property=\"og:site_name\" content=\"Ruch Maitri - Adopcja Serca pomoc Afryce\" \/>\n<meta property=\"article:publisher\" content=\"https:\/\/www.facebook.com\/MAITRI.Adopcja.Serca.dzieci.Afryki\/\" \/>\n<meta property=\"article:modified_time\" content=\"2023-02-10T11:13:53+00:00\" \/>\n<meta property=\"og:image\" content=\"https:\/\/www.maitri.pl\/wp-content\/uploads\/2022\/10\/116-karml-.jpg\" \/>\n\t<meta property=\"og:image:width\" content=\"2057\" \/>\n\t<meta property=\"og:image:height\" content=\"1371\" \/>\n\t<meta property=\"og:image:type\" content=\"image\/jpeg\" \/>\n<meta name=\"twitter:card\" content=\"summary_large_image\" \/>\n<meta name=\"twitter:label1\" content=\"Dur\u00e9e de lecture estim\u00e9e\" \/>\n\t<meta name=\"twitter:data1\" content=\"4 minutes\" \/>\n<script type=\"application\/ld+json\" class=\"yoast-schema-graph\">{\"@context\":\"https:\/\/schema.org\",\"@graph\":[{\"@type\":\"WebPage\",\"@id\":\"https:\/\/www.maitri.pl\/projekt\/pomoc-w-dozywianiu-kamerun\/\",\"url\":\"https:\/\/www.maitri.pl\/projekt\/pomoc-w-dozywianiu-kamerun\/\",\"name\":\"Pomoc w do\u017cywianiu 200 dzieci z przedszkola w Dimako\",\"isPartOf\":{\"@id\":\"https:\/\/www.maitri.pl\/#website\"},\"primaryImageOfPage\":{\"@id\":\"https:\/\/www.maitri.pl\/projekt\/pomoc-w-dozywianiu-kamerun\/#primaryimage\"},\"image\":{\"@id\":\"https:\/\/www.maitri.pl\/projekt\/pomoc-w-dozywianiu-kamerun\/#primaryimage\"},\"thumbnailUrl\":\"https:\/\/www.maitri.pl\/wp-content\/uploads\/2022\/10\/116-karml-.jpg\",\"datePublished\":\"2022-10-14T10:30:16+00:00\",\"dateModified\":\"2023-02-10T11:13:53+00:00\",\"description\":\"Pomoc w do\u017cywianiu 200 dzieci z przedszkola w Dimako. Podaruj ciep\u0142y obiad przedszkolakom. O pomoc prosz\u0105 Siostry Karmelitanki.\",\"breadcrumb\":{\"@id\":\"https:\/\/www.maitri.pl\/projekt\/pomoc-w-dozywianiu-kamerun\/#breadcrumb\"},\"inLanguage\":\"fr-FR\",\"potentialAction\":[{\"@type\":\"ReadAction\",\"target\":[\"https:\/\/www.maitri.pl\/projekt\/pomoc-w-dozywianiu-kamerun\/\"]}]},{\"@type\":\"ImageObject\",\"inLanguage\":\"fr-FR\",\"@id\":\"https:\/\/www.maitri.pl\/projekt\/pomoc-w-dozywianiu-kamerun\/#primaryimage\",\"url\":\"https:\/\/www.maitri.pl\/wp-content\/uploads\/2022\/10\/116-karml-.jpg\",\"contentUrl\":\"https:\/\/www.maitri.pl\/wp-content\/uploads\/2022\/10\/116-karml-.jpg\",\"width\":2057,\"height\":1371,\"caption\":\"pomoc w do\u017cywianiu Dimako Kamerun Ruch Maitri Adopcja Serca Adopcja Duchowa pomoc Afryce pomoc ubogim 01\"},{\"@type\":\"BreadcrumbList\",\"@id\":\"https:\/\/www.maitri.pl\/projekt\/pomoc-w-dozywianiu-kamerun\/#breadcrumb\",\"itemListElement\":[{\"@type\":\"ListItem\",\"position\":1,\"name\":\"Strona g\u0142\u00f3wna\",\"item\":\"https:\/\/www.maitri.pl\/\"},{\"@type\":\"ListItem\",\"position\":2,\"name\":\"Sklep\",\"item\":\"https:\/\/www.maitri.pl\/sklep\/\"},{\"@type\":\"ListItem\",\"position\":3,\"name\":\"Pomoc w do\u017cywianiu 200 dzieci z przedszkola w Dimako\"}]},{\"@type\":\"WebSite\",\"@id\":\"https:\/\/www.maitri.pl\/#website\",\"url\":\"https:\/\/www.maitri.pl\/\",\"name\":\"Adopcja Serca Maitri \u2013 pomoc dzieciom w Afryce\",\"description\":\"Adopcja Serca \u2013 adopcja na odleg\u0142o\u015b\u0107, pomoc Afryce, do\u017cywianie i edukacja w Afryce\",\"publisher\":{\"@id\":\"https:\/\/www.maitri.pl\/#organization\"},\"potentialAction\":[{\"@type\":\"SearchAction\",\"target\":{\"@type\":\"EntryPoint\",\"urlTemplate\":\"https:\/\/www.maitri.pl\/?s={search_term_string}\"},\"query-input\":{\"@type\":\"PropertyValueSpecification\",\"valueRequired\":true,\"valueName\":\"search_term_string\"}}],\"inLanguage\":\"fr-FR\"},{\"@type\":\"Organization\",\"@id\":\"https:\/\/www.maitri.pl\/#organization\",\"name\":\"Stowarzyszenie Ruchu Maitri\",\"url\":\"https:\/\/www.maitri.pl\/\",\"logo\":{\"@type\":\"ImageObject\",\"inLanguage\":\"fr-FR\",\"@id\":\"https:\/\/www.maitri.pl\/#\/schema\/logo\/image\/\",\"url\":\"https:\/\/www.maitri.pl\/wp-content\/uploads\/2020\/04\/duze_logo-81.png\",\"contentUrl\":\"https:\/\/www.maitri.pl\/wp-content\/uploads\/2020\/04\/duze_logo-81.png\",\"width\":339,\"height\":321,\"caption\":\"Stowarzyszenie Ruchu Maitri\"},\"image\":{\"@id\":\"https:\/\/www.maitri.pl\/#\/schema\/logo\/image\/\"},\"sameAs\":[\"https:\/\/www.facebook.com\/MAITRI.Adopcja.Serca.dzieci.Afryki\/\"]}]}<\/script>\n<!-- \/ Yoast SEO plugin. -->","yoast_head_json":{"title":"Pomoc w do\u017cywianiu 200 dzieci z przedszkola w Dimako","description":"Pomoc w do\u017cywianiu 200 dzieci z przedszkola w Dimako. Podaruj ciep\u0142y obiad przedszkolakom. O pomoc prosz\u0105 Siostry Karmelitanki.","robots":{"index":"index","follow":"follow","max-snippet":"max-snippet:-1","max-image-preview":"max-image-preview:large","max-video-preview":"max-video-preview:-1"},"canonical":"https:\/\/www.maitri.pl\/projekt\/pomoc-w-dozywianiu-kamerun\/","og_locale":"fr_FR","og_type":"article","og_title":"Pomoc w do\u017cywianiu 200 dzieci z przedszkola w Dimako","og_description":"Pomoc w do\u017cywianiu 200 dzieci z przedszkola w Dimako. Podaruj ciep\u0142y obiad przedszkolakom. O pomoc prosz\u0105 Siostry Karmelitanki.","og_url":"https:\/\/www.maitri.pl\/projekt\/pomoc-w-dozywianiu-kamerun\/","og_site_name":"Ruch Maitri - Adopcja Serca pomoc Afryce","article_publisher":"https:\/\/www.facebook.com\/MAITRI.Adopcja.Serca.dzieci.Afryki\/","article_modified_time":"2023-02-10T11:13:53+00:00","og_image":[{"width":2057,"height":1371,"url":"https:\/\/www.maitri.pl\/wp-content\/uploads\/2022\/10\/116-karml-.jpg","type":"image\/jpeg"}],"twitter_card":"summary_large_image","twitter_misc":{"Dur\u00e9e de lecture estim\u00e9e":"4 minutes"},"schema":{"@context":"https:\/\/schema.org","@graph":[{"@type":"WebPage","@id":"https:\/\/www.maitri.pl\/projekt\/pomoc-w-dozywianiu-kamerun\/","url":"https:\/\/www.maitri.pl\/projekt\/pomoc-w-dozywianiu-kamerun\/","name":"Pomoc w do\u017cywianiu 200 dzieci z przedszkola w Dimako","isPartOf":{"@id":"https:\/\/www.maitri.pl\/#website"},"primaryImageOfPage":{"@id":"https:\/\/www.maitri.pl\/projekt\/pomoc-w-dozywianiu-kamerun\/#primaryimage"},"image":{"@id":"https:\/\/www.maitri.pl\/projekt\/pomoc-w-dozywianiu-kamerun\/#primaryimage"},"thumbnailUrl":"https:\/\/www.maitri.pl\/wp-content\/uploads\/2022\/10\/116-karml-.jpg","datePublished":"2022-10-14T10:30:16+00:00","dateModified":"2023-02-10T11:13:53+00:00","description":"Pomoc w do\u017cywianiu 200 dzieci z przedszkola w Dimako. Podaruj ciep\u0142y obiad przedszkolakom. O pomoc prosz\u0105 Siostry Karmelitanki.","breadcrumb":{"@id":"https:\/\/www.maitri.pl\/projekt\/pomoc-w-dozywianiu-kamerun\/#breadcrumb"},"inLanguage":"fr-FR","potentialAction":[{"@type":"ReadAction","target":["https:\/\/www.maitri.pl\/projekt\/pomoc-w-dozywianiu-kamerun\/"]}]},{"@type":"ImageObject","inLanguage":"fr-FR","@id":"https:\/\/www.maitri.pl\/projekt\/pomoc-w-dozywianiu-kamerun\/#primaryimage","url":"https:\/\/www.maitri.pl\/wp-content\/uploads\/2022\/10\/116-karml-.jpg","contentUrl":"https:\/\/www.maitri.pl\/wp-content\/uploads\/2022\/10\/116-karml-.jpg","width":2057,"height":1371,"caption":"pomoc w do\u017cywianiu Dimako Kamerun Ruch Maitri Adopcja Serca Adopcja Duchowa pomoc Afryce pomoc ubogim 01"},{"@type":"BreadcrumbList","@id":"https:\/\/www.maitri.pl\/projekt\/pomoc-w-dozywianiu-kamerun\/#breadcrumb","itemListElement":[{"@type":"ListItem","position":1,"name":"Strona g\u0142\u00f3wna","item":"https:\/\/www.maitri.pl\/"},{"@type":"ListItem","position":2,"name":"Sklep","item":"https:\/\/www.maitri.pl\/sklep\/"},{"@type":"ListItem","position":3,"name":"Pomoc w do\u017cywianiu 200 dzieci z przedszkola w Dimako"}]},{"@type":"WebSite","@id":"https:\/\/www.maitri.pl\/#website","url":"https:\/\/www.maitri.pl\/","name":"Adopcja Serca Maitri \u2013 pomoc dzieciom w Afryce","description":"Adopcja Serca \u2013 adopcja na odleg\u0142o\u015b\u0107, pomoc Afryce, do\u017cywianie i edukacja w Afryce","publisher":{"@id":"https:\/\/www.maitri.pl\/#organization"},"potentialAction":[{"@type":"SearchAction","target":{"@type":"EntryPoint","urlTemplate":"https:\/\/www.maitri.pl\/?s={search_term_string}"},"query-input":{"@type":"PropertyValueSpecification","valueRequired":true,"valueName":"search_term_string"}}],"inLanguage":"fr-FR"},{"@type":"Organization","@id":"https:\/\/www.maitri.pl\/#organization","name":"Stowarzyszenie Ruchu Maitri","url":"https:\/\/www.maitri.pl\/","logo":{"@type":"ImageObject","inLanguage":"fr-FR","@id":"https:\/\/www.maitri.pl\/#\/schema\/logo\/image\/","url":"https:\/\/www.maitri.pl\/wp-content\/uploads\/2020\/04\/duze_logo-81.png","contentUrl":"https:\/\/www.maitri.pl\/wp-content\/uploads\/2020\/04\/duze_logo-81.png","width":339,"height":321,"caption":"Stowarzyszenie Ruchu Maitri"},"image":{"@id":"https:\/\/www.maitri.pl\/#\/schema\/logo\/image\/"},"sameAs":["https:\/\/www.facebook.com\/MAITRI.Adopcja.Serca.dzieci.Afryki\/"]}]}},"_links":{"self":[{"href":"https:\/\/www.maitri.pl\/fr\/wp-json\/wp\/v2\/product\/25216","targetHints":{"allow":["GET"]}}],"collection":[{"href":"https:\/\/www.maitri.pl\/fr\/wp-json\/wp\/v2\/product"}],"about":[{"href":"https:\/\/www.maitri.pl\/fr\/wp-json\/wp\/v2\/types\/product"}],"wp:featuredmedia":[{"embeddable":true,"href":"https:\/\/www.maitri.pl\/fr\/wp-json\/wp\/v2\/media\/25251"}],"wp:attachment":[{"href":"https:\/\/www.maitri.pl\/fr\/wp-json\/wp\/v2\/media?parent=25216"}],"wp:term":[{"taxonomy":"product_brand","embeddable":true,"href":"https:\/\/www.maitri.pl\/fr\/wp-json\/wp\/v2\/product_brand?post=25216"},{"taxonomy":"product_cat","embeddable":true,"href":"https:\/\/www.maitri.pl\/fr\/wp-json\/wp\/v2\/product_cat?post=25216"},{"taxonomy":"product_tag","embeddable":true,"href":"https:\/\/www.maitri.pl\/fr\/wp-json\/wp\/v2\/product_tag?post=25216"}],"curies":[{"name":"wp","href":"https:\/\/api.w.org\/{rel}","templated":true}]}}