{"id":25214,"date":"2022-10-14T12:30:44","date_gmt":"2022-10-14T10:30:44","guid":{"rendered":"https:\/\/www.maitri.pl\/?post_type=product&#038;p=25214"},"modified":"2023-02-10T12:13:44","modified_gmt":"2023-02-10T11:13:44","slug":"brak-lekow-kamerun","status":"publish","type":"product","link":"https:\/\/www.maitri.pl\/fr\/projekt\/brak-lekow-kamerun\/","title":{"rendered":"Zakup lek\u00f3w dla chorych z O\u015brodka Zdrowia w Koudandeng w Kamerunie"},"content":{"rendered":"<h4>Tam leki to luksus<\/h4>\n<p>Nasz O\u015brodek Zdrowia s\u0142u\u017cy pomoc\u0105 chorym z kilku s\u0105siednich wiosek. Plac\u00f3wka \u015bwiadczy ca\u0142odobow\u0105 pomoc dla wszystkich, kt\u00f3rzy tego potrzebuj\u0105. W naszym regionie ludzie najcz\u0119\u015bciej choruj\u0105 na malari\u0119, choroby salmonellozowe i anemie. Choroby te znacznie cz\u0119\u015bciej dotykaj\u0105 dzieci ni\u017c doros\u0142ych. Rodzice, z powodu braku \u015brodk\u00f3w finansowych, cz\u0119sto docieraj\u0105 do o\u015brodka zdrowia za p\u00f3\u017ano. W\u00f3wczas stan zdrowia dziecka jest bardzo ci\u0119\u017cki, a leczenie d\u0142u\u017csze i du\u017co dro\u017csze. Staramy si\u0119 u\u015bwiadamia\u0107 tutejszej ludno\u015bci, jak wa\u017cne jest to, by w por\u0119 zdiagnozowa\u0107 i zacz\u0105\u0107 leczenie. Realia s\u0105 jednak takie, \u017ce na lekarstwa tych ludzi nie sta\u0107. Wielkie ub\u00f3stwo miejscowego spo\u0142ecze\u0144stwa, kt\u00f3re utrzymuje si\u0119 jedynie z uprawy ziemi, daje o sobie zna\u0107 coraz bardziej. Brak lek\u00f3w dla chorych z naszej przychodni to prawdziwy problem.<\/p>\n<h4>Zakup lek\u00f3w jest niezb\u0119dny<\/h4>\n<p>Chcemy, aby nasz o\u015brodek zdrowia m\u00f3g\u0142 dobrze funkcjonowa\u0107 i udziela\u0107 pomocy ka\u017cdemu choremu, niezale\u017cnie od tego czy mo\u017ce on pokry\u0107 w ca\u0142o\u015bci koszty leczenia, czy te\u017c nie. W tym celu potrzebujemy\u00a0 na zakup lekarstw, \u015brodk\u00f3w opatrunkowych i dezynfekcyjnych oko\u0142o 11 800 euro rocznie. Udzia\u0142 chorych w pokryciu koszt\u00f3w leczenia wyni\u00f3s\u0142 w ubieg\u0142ym roku oko\u0142o 7 600 euro. To znacznie mniej ni\u017c w poprzednich latach. Niestety r\u00f3wnie\u017c w naszym regionie odczuli\u015bmy z\u0142owrogie skutki pandemii i obecnego kryzysu gospodarczego na \u015bwiecie. Dlatego zwracam si\u0119 z gor\u0105c\u0105 pro\u015bb\u0105 do <a href=\"https:\/\/www.maitri.pl\/adopcja-serca\/\" target=\"_blank\" rel=\"noopener\">darczy\u0144c\u00f3w Ruchu Maitri<\/a> o udzielenie pomocy finansowej na zakup lek\u00f3w.<\/p>\n<h4>Nie lecz\u0105 si\u0119, bo nie maj\u0105 za co<\/h4>\n<p>Dzi\u0119ki Waszemu wsparciu, Waszej wra\u017cliwo\u015bci i pomocy, kt\u00f3rej do\u015bwiadczamy ju\u017c od kilku lat, b\u0119dziemy w stanie kontynuowa\u0107 nasz\u0105 misj\u0119. Stawiamy sobie za cel nie\u015b\u0107 pomoc tym, kt\u00f3rzy najbardziej jej potrzebuj\u0105. Chodzi zw\u0142aszcza o dzieci, kt\u00f3re s\u0105 najwra\u017cliwsze i najmniej odporne na choroby. Tutejsi chorzy maj\u0105 \u015bwiadomo\u015b\u0107, \u017ce zawsze udzielimy im pomocy w naszym o\u015brodku zdrowia, nawet wtedy gdy nie maj\u0105 \u015brodk\u00f3w finansowych. Wiedz\u0105c o tym, \u017ce nie zabraknie dla nich lek\u00f3w, b\u0119d\u0105 mieli wi\u0119ksz\u0105 mobilizacj\u0119, aby na czas rozpocz\u0105\u0107 leczenie. P\u00f3\u017ane zg\u0142aszanie si\u0119 to tutaj prawdziwy problem. Dzi\u0119ki Waszej pomocy b\u0119dziemy mogli op\u0142aci\u0107 faktury za leki i przyj\u015b\u0107 z pomoc\u0105 biednym, kt\u00f3rzy nie s\u0105 w stanie za nie zap\u0142aci\u0107. Prosimy o wsparcie pacjent\u00f3w naszej przychodni, kt\u00f3rzy cierpi\u0105 na brak lek\u00f3w.<\/p>\n<p><strong>Kosztorys:<\/strong><\/p>\n<table>\n<tbody>\n<tr>\n<td width=\"34\">Lp<\/td>\n<td width=\"238\">opis<\/td>\n<td width=\"123\">ilo\u015b\u0107<\/td>\n<td width=\"115\">cena<\/td>\n<td width=\"149\">Kwota w miejscowej walucie<\/td>\n<\/tr>\n<tr>\n<td width=\"34\">1<\/td>\n<td width=\"238\">Ceftriaxon 1 g inj B\/1<\/td>\n<td width=\"123\">1.000 fl<\/td>\n<td width=\"115\">400 FCFA<\/td>\n<td width=\"149\">400.000 FCFA<\/td>\n<\/tr>\n<tr>\n<td width=\"34\">2<\/td>\n<td width=\"238\">Hemafer sirop<\/td>\n<td width=\"123\">80 fl<\/td>\n<td width=\"115\">2.600 FCFA<\/td>\n<td width=\"149\">208.000 FCFA<\/td>\n<\/tr>\n<tr>\n<td width=\"34\">3<\/td>\n<td width=\"238\">Hemafer fol cp.<\/td>\n<td width=\"123\">40 bts x 10 cp.<\/td>\n<td width=\"115\">3.050 FCFA<\/td>\n<td width=\"149\">122.000 FCFA<\/td>\n<\/tr>\n<tr>\n<td width=\"34\">4<\/td>\n<td width=\"238\">Tothema<\/td>\n<td width=\"123\">120 bts x 20 amp<\/td>\n<td width=\"115\">3.300 FCFA<\/td>\n<td width=\"149\">396.000 FCFA<\/td>\n<\/tr>\n<tr>\n<td width=\"34\">5<\/td>\n<td width=\"238\">Hemafer inj<\/td>\n<td width=\"123\">40 bts x 5 amp<\/td>\n<td width=\"115\">11.200 FCFA<\/td>\n<td width=\"149\">448.000 FCFA<\/td>\n<\/tr>\n<tr>\n<td width=\"34\">6<\/td>\n<td width=\"238\">Artemethere 80 mg<\/td>\n<td width=\"123\">50 bts x 60 amp<\/td>\n<td width=\"115\">7.500 FCFA<\/td>\n<td width=\"149\">375.000 FCFA<\/td>\n<\/tr>\n<tr>\n<td width=\"34\">7<\/td>\n<td width=\"238\">Nystatine 500.000 Ul cp<\/td>\n<td width=\"123\">50 bts x 100 cp<\/td>\n<td width=\"115\">4.500 FCFA<\/td>\n<td width=\"149\">225.000 FCFA<\/td>\n<\/tr>\n<tr>\n<td width=\"34\">8<\/td>\n<td width=\"238\">Clavamox 312,5 mg sirop<\/td>\n<td width=\"123\">100 fl<\/td>\n<td width=\"115\">1.800 FCFA<\/td>\n<td width=\"149\">180.000 FCFA<\/td>\n<\/tr>\n<tr>\n<td width=\"34\">9<\/td>\n<td width=\"238\">Fleming 1.125 mg<\/td>\n<td width=\"123\">68 bts<\/td>\n<td width=\"115\">4.500 FCFA<\/td>\n<td width=\"149\">306.000 FCFA<\/td>\n<\/tr>\n<tr>\n<td width=\"34\"><\/td>\n<td width=\"238\"><strong>PODSUMOWANIE<\/strong><\/td>\n<td width=\"123\"><strong>\u00a0<\/strong><\/td>\n<td width=\"115\"><strong>\u00a0<\/strong><\/td>\n<td width=\"149\"><strong>2.660.000 FCFA<\/strong><\/td>\n<\/tr>\n<\/tbody>\n<\/table>\n<p>Siostra Krescencja Konderak, <a href=\"http:\/\/www.karmelitanki.pl\/\" target=\"_blank\" rel=\"noopener noreferrer\">Zgromadzenie Si\u00f3str Karmelitanek Dzieci\u0105tka Jezus<\/a>, misja Koudadeng, <a href=\"https:\/\/www.maitri.pl\/gdzie-pomagamy\/\" target=\"_blank\" rel=\"noopener noreferrer\">Kamerun<\/a><\/p>\n<p>Zwracam si\u0119 z gor\u0105c\u0105 pro\u015bb\u0105 o pomoc!<\/p>\n<p style=\"text-align: justify;\" align=\"JUSTIFY\"><span style=\"color: #ff0000;\"><span style=\"font-size: large;\"><b>Kwota projektu: 4440 \u20ac<\/b><\/span><\/span><\/p>\n<p style=\"text-align: justify;\"><strong>Numer projektu: 115\/KARML<\/strong><\/p>\n<p style=\"text-align: justify;\" align=\"JUSTIFY\"><span style=\"color: #808080;\">Stowarzyszenie Ruchu\u00a0<em>Maitri<\/em>\u00a0przeznacza do 10% otrzymanych \u015brodk\u00f3w na koszty funkcjonowania biura i pozyskiwanie funduszy pomocowych.<\/span><\/p>\n<h3 style=\"text-align: justify;\" align=\"JUSTIFY\"><span style=\"color: #808080;\">Brak lek\u00f3w dla chorych z O\u015brodka Zdrowia w Koudandeng w Kamerunie!<\/span><\/h3>\n","protected":false},"excerpt":{"rendered":"<p><strong>Projekt:<\/strong> s. Krescencja Konderak, <a href=\"http:\/\/www.karmelitanki.pl\/\" target=\"_blank\" rel=\"noopener noreferrer\">Zgromadzenie Si\u00f3str Karmelitanek Dzieci\u0105tka Jezus<\/a><br \/>\n<strong>Misja:<\/strong> Koudadeng, <a href=\"https:\/\/www.maitri.pl\/gdzie-pomagamy\/\" target=\"_blank\" rel=\"noopener noreferrer\">Kamerun<\/a><br \/>\n<strong>Kwota projektu: <span style=\"color: #ff0000;\">4.440 \u20ac<\/span><\/strong><\/p>\n","protected":false},"featured_media":25247,"template":"","meta":[],"product_brand":[],"product_cat":[656],"product_tag":[658,677],"class_list":{"0":"post-25214","1":"product","2":"type-product","3":"status-publish","4":"has-post-thumbnail","6":"product_cat-bez-kategorii","7":"product_tag-kamerun","8":"product_tag-zgromadzenie-siostr-karmelitanek-dzieciatka-jezus","10":"first","11":"instock","12":"virtual","13":"purchasable","14":"product-type-simple"},"yoast_head":"<!-- This site is optimized with the Yoast SEO plugin v27.2 - https:\/\/yoast.com\/product\/yoast-seo-wordpress\/ -->\n<title>Brak lek\u00f3w dla chorych z O\u015brodka Zdrowia w Koudandeng<\/title>\n<meta name=\"description\" content=\"Brak lek\u00f3w dla chorych z O\u015brodka Zdrowia w Koudandeng w Kamerunie. O pomoc dla potrzebuj\u0105cych prosz\u0105 Siostry Karmelitanki Dzieci\u0105tka Jezus.\" \/>\n<meta name=\"robots\" content=\"index, follow, max-snippet:-1, max-image-preview:large, max-video-preview:-1\" \/>\n<link rel=\"canonical\" href=\"https:\/\/www.maitri.pl\/projekt\/brak-lekow-kamerun\/\" \/>\n<meta property=\"og:locale\" content=\"fr_FR\" \/>\n<meta property=\"og:type\" content=\"article\" \/>\n<meta property=\"og:title\" content=\"Brak lek\u00f3w dla chorych z O\u015brodka Zdrowia w Koudandeng\" \/>\n<meta property=\"og:description\" content=\"Brak lek\u00f3w dla chorych z O\u015brodka Zdrowia w Koudandeng w Kamerunie. O pomoc dla potrzebuj\u0105cych prosz\u0105 Siostry Karmelitanki Dzieci\u0105tka Jezus.\" \/>\n<meta property=\"og:url\" content=\"https:\/\/www.maitri.pl\/projekt\/brak-lekow-kamerun\/\" \/>\n<meta property=\"og:site_name\" content=\"Ruch Maitri - Adopcja Serca pomoc Afryce\" \/>\n<meta property=\"article:publisher\" content=\"https:\/\/www.facebook.com\/MAITRI.Adopcja.Serca.dzieci.Afryki\/\" \/>\n<meta property=\"article:modified_time\" content=\"2023-02-10T11:13:44+00:00\" \/>\n<meta property=\"og:image\" content=\"https:\/\/www.maitri.pl\/wp-content\/uploads\/2022\/10\/DSCF4627-scaled.jpg\" \/>\n\t<meta property=\"og:image:width\" content=\"2560\" \/>\n\t<meta property=\"og:image:height\" content=\"1707\" \/>\n\t<meta property=\"og:image:type\" content=\"image\/jpeg\" \/>\n<meta name=\"twitter:card\" content=\"summary_large_image\" \/>\n<meta name=\"twitter:label1\" content=\"Dur\u00e9e de lecture estim\u00e9e\" \/>\n\t<meta name=\"twitter:data1\" content=\"4 minutes\" \/>\n<script type=\"application\/ld+json\" class=\"yoast-schema-graph\">{\"@context\":\"https:\/\/schema.org\",\"@graph\":[{\"@type\":\"WebPage\",\"@id\":\"https:\/\/www.maitri.pl\/projekt\/brak-lekow-kamerun\/\",\"url\":\"https:\/\/www.maitri.pl\/projekt\/brak-lekow-kamerun\/\",\"name\":\"Brak lek\u00f3w dla chorych z O\u015brodka Zdrowia w Koudandeng\",\"isPartOf\":{\"@id\":\"https:\/\/www.maitri.pl\/#website\"},\"primaryImageOfPage\":{\"@id\":\"https:\/\/www.maitri.pl\/projekt\/brak-lekow-kamerun\/#primaryimage\"},\"image\":{\"@id\":\"https:\/\/www.maitri.pl\/projekt\/brak-lekow-kamerun\/#primaryimage\"},\"thumbnailUrl\":\"https:\/\/www.maitri.pl\/wp-content\/uploads\/2022\/10\/DSCF4627-scaled.jpg\",\"datePublished\":\"2022-10-14T10:30:44+00:00\",\"dateModified\":\"2023-02-10T11:13:44+00:00\",\"description\":\"Brak lek\u00f3w dla chorych z O\u015brodka Zdrowia w Koudandeng w Kamerunie. O pomoc dla potrzebuj\u0105cych prosz\u0105 Siostry Karmelitanki Dzieci\u0105tka Jezus.\",\"breadcrumb\":{\"@id\":\"https:\/\/www.maitri.pl\/projekt\/brak-lekow-kamerun\/#breadcrumb\"},\"inLanguage\":\"fr-FR\",\"potentialAction\":[{\"@type\":\"ReadAction\",\"target\":[\"https:\/\/www.maitri.pl\/projekt\/brak-lekow-kamerun\/\"]}]},{\"@type\":\"ImageObject\",\"inLanguage\":\"fr-FR\",\"@id\":\"https:\/\/www.maitri.pl\/projekt\/brak-lekow-kamerun\/#primaryimage\",\"url\":\"https:\/\/www.maitri.pl\/wp-content\/uploads\/2022\/10\/DSCF4627-scaled.jpg\",\"contentUrl\":\"https:\/\/www.maitri.pl\/wp-content\/uploads\/2022\/10\/DSCF4627-scaled.jpg\",\"width\":2560,\"height\":1707,\"caption\":\"Brak lek\u00f3w dla chorych Ruch Maitri Adopcja Serca Adopcja Duchowa pomoc ubogim pomoc Afryce Kamerun 01\"},{\"@type\":\"BreadcrumbList\",\"@id\":\"https:\/\/www.maitri.pl\/projekt\/brak-lekow-kamerun\/#breadcrumb\",\"itemListElement\":[{\"@type\":\"ListItem\",\"position\":1,\"name\":\"Strona g\u0142\u00f3wna\",\"item\":\"https:\/\/www.maitri.pl\/\"},{\"@type\":\"ListItem\",\"position\":2,\"name\":\"Sklep\",\"item\":\"https:\/\/www.maitri.pl\/sklep\/\"},{\"@type\":\"ListItem\",\"position\":3,\"name\":\"Zakup lek\u00f3w dla chorych z O\u015brodka Zdrowia w Koudandeng w Kamerunie\"}]},{\"@type\":\"WebSite\",\"@id\":\"https:\/\/www.maitri.pl\/#website\",\"url\":\"https:\/\/www.maitri.pl\/\",\"name\":\"Adopcja Serca Maitri \u2013 pomoc dzieciom w Afryce\",\"description\":\"Adopcja Serca \u2013 adopcja na odleg\u0142o\u015b\u0107, pomoc Afryce, do\u017cywianie i edukacja w Afryce\",\"publisher\":{\"@id\":\"https:\/\/www.maitri.pl\/#organization\"},\"potentialAction\":[{\"@type\":\"SearchAction\",\"target\":{\"@type\":\"EntryPoint\",\"urlTemplate\":\"https:\/\/www.maitri.pl\/?s={search_term_string}\"},\"query-input\":{\"@type\":\"PropertyValueSpecification\",\"valueRequired\":true,\"valueName\":\"search_term_string\"}}],\"inLanguage\":\"fr-FR\"},{\"@type\":\"Organization\",\"@id\":\"https:\/\/www.maitri.pl\/#organization\",\"name\":\"Stowarzyszenie Ruchu Maitri\",\"url\":\"https:\/\/www.maitri.pl\/\",\"logo\":{\"@type\":\"ImageObject\",\"inLanguage\":\"fr-FR\",\"@id\":\"https:\/\/www.maitri.pl\/#\/schema\/logo\/image\/\",\"url\":\"https:\/\/www.maitri.pl\/wp-content\/uploads\/2020\/04\/duze_logo-81.png\",\"contentUrl\":\"https:\/\/www.maitri.pl\/wp-content\/uploads\/2020\/04\/duze_logo-81.png\",\"width\":339,\"height\":321,\"caption\":\"Stowarzyszenie Ruchu Maitri\"},\"image\":{\"@id\":\"https:\/\/www.maitri.pl\/#\/schema\/logo\/image\/\"},\"sameAs\":[\"https:\/\/www.facebook.com\/MAITRI.Adopcja.Serca.dzieci.Afryki\/\"]}]}<\/script>\n<!-- \/ Yoast SEO plugin. -->","yoast_head_json":{"title":"Brak lek\u00f3w dla chorych z O\u015brodka Zdrowia w Koudandeng","description":"Brak lek\u00f3w dla chorych z O\u015brodka Zdrowia w Koudandeng w Kamerunie. O pomoc dla potrzebuj\u0105cych prosz\u0105 Siostry Karmelitanki Dzieci\u0105tka Jezus.","robots":{"index":"index","follow":"follow","max-snippet":"max-snippet:-1","max-image-preview":"max-image-preview:large","max-video-preview":"max-video-preview:-1"},"canonical":"https:\/\/www.maitri.pl\/projekt\/brak-lekow-kamerun\/","og_locale":"fr_FR","og_type":"article","og_title":"Brak lek\u00f3w dla chorych z O\u015brodka Zdrowia w Koudandeng","og_description":"Brak lek\u00f3w dla chorych z O\u015brodka Zdrowia w Koudandeng w Kamerunie. O pomoc dla potrzebuj\u0105cych prosz\u0105 Siostry Karmelitanki Dzieci\u0105tka Jezus.","og_url":"https:\/\/www.maitri.pl\/projekt\/brak-lekow-kamerun\/","og_site_name":"Ruch Maitri - Adopcja Serca pomoc Afryce","article_publisher":"https:\/\/www.facebook.com\/MAITRI.Adopcja.Serca.dzieci.Afryki\/","article_modified_time":"2023-02-10T11:13:44+00:00","og_image":[{"width":2560,"height":1707,"url":"https:\/\/www.maitri.pl\/wp-content\/uploads\/2022\/10\/DSCF4627-scaled.jpg","type":"image\/jpeg"}],"twitter_card":"summary_large_image","twitter_misc":{"Dur\u00e9e de lecture estim\u00e9e":"4 minutes"},"schema":{"@context":"https:\/\/schema.org","@graph":[{"@type":"WebPage","@id":"https:\/\/www.maitri.pl\/projekt\/brak-lekow-kamerun\/","url":"https:\/\/www.maitri.pl\/projekt\/brak-lekow-kamerun\/","name":"Brak lek\u00f3w dla chorych z O\u015brodka Zdrowia w Koudandeng","isPartOf":{"@id":"https:\/\/www.maitri.pl\/#website"},"primaryImageOfPage":{"@id":"https:\/\/www.maitri.pl\/projekt\/brak-lekow-kamerun\/#primaryimage"},"image":{"@id":"https:\/\/www.maitri.pl\/projekt\/brak-lekow-kamerun\/#primaryimage"},"thumbnailUrl":"https:\/\/www.maitri.pl\/wp-content\/uploads\/2022\/10\/DSCF4627-scaled.jpg","datePublished":"2022-10-14T10:30:44+00:00","dateModified":"2023-02-10T11:13:44+00:00","description":"Brak lek\u00f3w dla chorych z O\u015brodka Zdrowia w Koudandeng w Kamerunie. O pomoc dla potrzebuj\u0105cych prosz\u0105 Siostry Karmelitanki Dzieci\u0105tka Jezus.","breadcrumb":{"@id":"https:\/\/www.maitri.pl\/projekt\/brak-lekow-kamerun\/#breadcrumb"},"inLanguage":"fr-FR","potentialAction":[{"@type":"ReadAction","target":["https:\/\/www.maitri.pl\/projekt\/brak-lekow-kamerun\/"]}]},{"@type":"ImageObject","inLanguage":"fr-FR","@id":"https:\/\/www.maitri.pl\/projekt\/brak-lekow-kamerun\/#primaryimage","url":"https:\/\/www.maitri.pl\/wp-content\/uploads\/2022\/10\/DSCF4627-scaled.jpg","contentUrl":"https:\/\/www.maitri.pl\/wp-content\/uploads\/2022\/10\/DSCF4627-scaled.jpg","width":2560,"height":1707,"caption":"Brak lek\u00f3w dla chorych Ruch Maitri Adopcja Serca Adopcja Duchowa pomoc ubogim pomoc Afryce Kamerun 01"},{"@type":"BreadcrumbList","@id":"https:\/\/www.maitri.pl\/projekt\/brak-lekow-kamerun\/#breadcrumb","itemListElement":[{"@type":"ListItem","position":1,"name":"Strona g\u0142\u00f3wna","item":"https:\/\/www.maitri.pl\/"},{"@type":"ListItem","position":2,"name":"Sklep","item":"https:\/\/www.maitri.pl\/sklep\/"},{"@type":"ListItem","position":3,"name":"Zakup lek\u00f3w dla chorych z O\u015brodka Zdrowia w Koudandeng w Kamerunie"}]},{"@type":"WebSite","@id":"https:\/\/www.maitri.pl\/#website","url":"https:\/\/www.maitri.pl\/","name":"Adopcja Serca Maitri \u2013 pomoc dzieciom w Afryce","description":"Adopcja Serca \u2013 adopcja na odleg\u0142o\u015b\u0107, pomoc Afryce, do\u017cywianie i edukacja w Afryce","publisher":{"@id":"https:\/\/www.maitri.pl\/#organization"},"potentialAction":[{"@type":"SearchAction","target":{"@type":"EntryPoint","urlTemplate":"https:\/\/www.maitri.pl\/?s={search_term_string}"},"query-input":{"@type":"PropertyValueSpecification","valueRequired":true,"valueName":"search_term_string"}}],"inLanguage":"fr-FR"},{"@type":"Organization","@id":"https:\/\/www.maitri.pl\/#organization","name":"Stowarzyszenie Ruchu Maitri","url":"https:\/\/www.maitri.pl\/","logo":{"@type":"ImageObject","inLanguage":"fr-FR","@id":"https:\/\/www.maitri.pl\/#\/schema\/logo\/image\/","url":"https:\/\/www.maitri.pl\/wp-content\/uploads\/2020\/04\/duze_logo-81.png","contentUrl":"https:\/\/www.maitri.pl\/wp-content\/uploads\/2020\/04\/duze_logo-81.png","width":339,"height":321,"caption":"Stowarzyszenie Ruchu Maitri"},"image":{"@id":"https:\/\/www.maitri.pl\/#\/schema\/logo\/image\/"},"sameAs":["https:\/\/www.facebook.com\/MAITRI.Adopcja.Serca.dzieci.Afryki\/"]}]}},"_links":{"self":[{"href":"https:\/\/www.maitri.pl\/fr\/wp-json\/wp\/v2\/product\/25214","targetHints":{"allow":["GET"]}}],"collection":[{"href":"https:\/\/www.maitri.pl\/fr\/wp-json\/wp\/v2\/product"}],"about":[{"href":"https:\/\/www.maitri.pl\/fr\/wp-json\/wp\/v2\/types\/product"}],"wp:featuredmedia":[{"embeddable":true,"href":"https:\/\/www.maitri.pl\/fr\/wp-json\/wp\/v2\/media\/25247"}],"wp:attachment":[{"href":"https:\/\/www.maitri.pl\/fr\/wp-json\/wp\/v2\/media?parent=25214"}],"wp:term":[{"taxonomy":"product_brand","embeddable":true,"href":"https:\/\/www.maitri.pl\/fr\/wp-json\/wp\/v2\/product_brand?post=25214"},{"taxonomy":"product_cat","embeddable":true,"href":"https:\/\/www.maitri.pl\/fr\/wp-json\/wp\/v2\/product_cat?post=25214"},{"taxonomy":"product_tag","embeddable":true,"href":"https:\/\/www.maitri.pl\/fr\/wp-json\/wp\/v2\/product_tag?post=25214"}],"curies":[{"name":"wp","href":"https:\/\/api.w.org\/{rel}","templated":true}]}}