{"id":25213,"date":"2022-10-14T12:31:07","date_gmt":"2022-10-14T10:31:07","guid":{"rendered":"https:\/\/www.maitri.pl\/?post_type=product&#038;p=25213"},"modified":"2024-02-07T12:51:47","modified_gmt":"2024-02-07T11:51:47","slug":"internat-madagaskar","status":"publish","type":"product","link":"https:\/\/www.maitri.pl\/fr\/projekt\/internat-madagaskar\/","title":{"rendered":"Pom\u00f3\u017c zbudowa\u0107 internat w Tandrano na Madagaskarze"},"content":{"rendered":"<h4>Bieda i analfabetyzm<\/h4>\n<p>Madagaskar jest jednym z najubo\u017cszych kraj\u00f3w na \u015bwiecie. Najlepiej jest to widoczne na peryferiach, oddalonych od skupisk miejskich. Tamtejsi mieszka\u0144cy utrzymuj\u0105 si\u0119 \u015brednio za nie wi\u0119cej ni\u017c p\u00f3\u0142 euro (czyli ok. 2,5 z\u0142) na dzie\u0144. Tak w\u0142a\u015bnie jest w regionie Tandrano. W parze z ub\u00f3stwem materialnym idzie ub\u00f3stwo duchowe i intelektualne. Wed\u0142ug oficjalnych danych tylko 3\/4 spo\u0142ecze\u0144stwa potrafi czyta\u0107 i pisa\u0107, a u\u0142amek z nich ma szanse na zdobycie matury. W takiej sytuacji korupcja i wszelkie formy degradacji maj\u0105 swoj\u0105 \u201epo\u017cywk\u0119\u201d. Aby temu w jaki\u015b spos\u00f3b przeciwdzia\u0142a\u0107, jednym z priorytet\u00f3w Ko\u015bcio\u0142a Katolickiego jest propagowanie edukacji. Pi\u0119\u0107 lat temu na terenie misji w Ankazoabo powsta\u0142a szko\u0142a z internatem w Tandrano, gdzie wraz Ruchem Maitri prowadzimy program <a href=\"https:\/\/www.maitri.pl\/adopcja-serca\/\" target=\"_blank\" rel=\"noopener\">Adopcja Serca<\/a>. Niestety nie byli\u015bmy go w stanie wyko\u0144czy\u0107. Pom\u00f3\u017c nam zbudowa\u0107 internat w Tandrano na Madagaskarze<\/p>\n<h4>Internat niezb\u0119dny dla wychowania<\/h4>\n<p>W\u015br\u00f3d wielu wyzwa\u0144, z jakimi si\u0119 zmagamy na co dzie\u0144 w prowadzeniu internatu, jest powtarzaj\u0105cy si\u0119 co roku problemem z zakwaterowaniem wychowank\u00f3w. Pierwszy budynek internatu to dawny budynek\u00a0 gospodarczy. Zaadoptowali\u015bmy go na potrzeby internatu w momencie jego powstania i powi\u0119kszyli\u015bmy w nast\u0119pnych latach. Drugi powsta\u0142 2 lata temu, a trzeci stawiamy w tym roku. Posiadamy pieni\u0105dze na postawienie budynku tylko w stanie surowym. Niestety brak nam funduszy na jego wyko\u0144czenie i wyposa\u017cenie. Potrzeba \u015brodk\u00f3w na wyko\u0144czenie internatu. Do wykonania jest posadzka, tynk, instalacj\u0119 elektryczn\u0105, meble takie jak \u0142\u00f3\u017cka, szafki, sto\u0142y, krzes\u0142a itd. Internat jest kontynuacj\u0105 tego co misja wykonuje na wioskach.<\/p>\n<h4>Nauka alfabetu<\/h4>\n<p>Zach\u0119camy miejscowych katechist\u00f3w, aby uczyli czyta\u0107 i pisa\u0107 dzieci, kt\u00f3re przychodz\u0105 na katechez\u0119. Dzi\u0119ki tej inicjatywie dzieci maj\u0105 szans\u0119 na wyj\u015bcie z analfabetyzmu. W minionym roku szkolnym by\u0142o to 10 szk\u00f3\u0142ek przyko\u015bcielnych. Liczba szk\u00f3\u0142ek z ka\u017cdym rokiem wzrasta. Jednak aby dzieci mog\u0142y kontynuowa\u0107 nauk\u0119, musz\u0105 przenie\u015b\u0107 si\u0119 do Tandrano, do tutejszej szko\u0142y katolickiej, kt\u00f3ra powsta\u0142a w tym celu, aby dzieci z wiosek mog\u0142y si\u0119 uczy\u0107. Dlatego bardzo potrzebny\u00a0 jest internat. Tam uczniowie b\u0119d\u0105 mogli zamieszka\u0107 na czas pobytu w Tandrano.<\/p>\n<h4>Nie tylko miejsce do spania<\/h4>\n<p>Internat imieniem ks. Jana Barthiera MS w Tandrano od samego pocz\u0105tku swego istnienia spe\u0142nia rol\u0119 edukacyjn\u0105, wychowawcz\u0105, praktyczn\u0105, jak przyuczenie do zawodu i ewangelizacyjn\u0105. Gromadzimy dzieci i m\u0142odzie\u017c z wiosek tego regionu, oddalonych od 8 do 50 km od centrum, aby im pom\u00f3c w pe\u0142nym rozwoju. Z ka\u017cdym rokiem wzrasta liczba wychowank\u00f3w. Najpierw by\u0142o ich kilkunastu, a obecnie, na zako\u0144czenie minionego roku szkolnego, ju\u017c 47. Liczymy, \u017ce we wrze\u015bniu liczba ponownie si\u0119 podniesie.<\/p>\n<p>Serdecznie prosz\u0119 o wsparcie tego projektu i przekazanie \u015brodk\u00f3w na wyko\u0144czenie internatu w Tandrano.<\/p>\n<h4><strong>Kosztorys:<\/strong><\/h4>\n<table width=\"0\">\n<tbody>\n<tr>\n<td colspan=\"2\" width=\"39\">Nr<\/td>\n<td width=\"316\"><strong>OPIS<\/strong><\/td>\n<td width=\"98\">Liczba jednostek<\/td>\n<td width=\"104\">Koszt za jednostk\u0119\u00a0\u00a0\u00a0\u00a0\u00a0\u00a0\u00a0\u00a0\u00a0\u00a0 (waluta lokalna)<\/td>\n<td width=\"114\">Kwota<\/p>\n<p>(waluta lokalna)<\/td>\n<\/tr>\n<tr>\n<td width=\"38\">&nbsp;<\/p>\n<p>1<\/td>\n<td colspan=\"2\" width=\"317\">&nbsp;<\/p>\n<p>Cement, na po\u0142o\u017cenie posadzki i tynku<\/td>\n<td width=\"98\">&nbsp;<\/p>\n<p>3,5 tony<\/td>\n<td width=\"104\">&nbsp;<\/p>\n<p>1.200.000 ar<\/td>\n<td width=\"114\">&nbsp;<\/p>\n<p>4.200.000 ar<\/td>\n<\/tr>\n<tr>\n<td width=\"38\">&nbsp;<\/p>\n<p>2<\/td>\n<td colspan=\"2\" width=\"317\">&nbsp;<\/p>\n<p>Wapno do po\u0142o\u017cenia tynku i do malowania<\/td>\n<td width=\"98\">1 tona<\/td>\n<td width=\"104\">700 ar<\/td>\n<td width=\"114\">&nbsp;<\/p>\n<p>700.000 ar<\/td>\n<\/tr>\n<tr>\n<td width=\"38\">3<\/td>\n<td colspan=\"2\" width=\"317\">&nbsp;<\/p>\n<p>Piasek na posadzk\u0119 i tynk<\/td>\n<td width=\"98\">10 m3<\/td>\n<td width=\"104\">50.000 ar<\/td>\n<td width=\"114\">&nbsp;<\/p>\n<p>500.000 ar<\/td>\n<\/tr>\n<tr>\n<td width=\"38\">4<\/td>\n<td colspan=\"2\" width=\"317\">Deski i belki do wykonanie okien, drzwi i mebli: \u0142\u00f3\u017cka, sto\u0142y, krzes\u0142a\/\u0142awki, szafki, itd.<\/p>\n<p>&nbsp;<\/td>\n<td width=\"98\">300 desek<\/p>\n<p>20 belek<\/p>\n<p>&nbsp;<\/td>\n<td width=\"104\">3.000 ar<\/p>\n<p>5.000 ar<\/p>\n<p>&nbsp;<\/td>\n<td width=\"114\">900.000 ar<\/p>\n<p>100.000 ar<\/p>\n<p>&nbsp;<\/td>\n<\/tr>\n<tr>\n<td width=\"38\">5<\/td>\n<td colspan=\"2\" width=\"317\">Dodatki stolarskie: zawiasy, zamkni\u0119cie, gwo\u017adzie<\/td>\n<td width=\"98\"><\/td>\n<td width=\"104\"><\/td>\n<td width=\"114\">700.000 ar<\/td>\n<\/tr>\n<tr>\n<td width=\"38\">6<\/td>\n<td colspan=\"2\" width=\"317\">Farba, p\u0119dzle itp.<\/td>\n<td width=\"98\"><\/td>\n<td width=\"104\"><\/td>\n<td width=\"114\">300.000 ar<\/td>\n<\/tr>\n<tr>\n<td width=\"38\">7<\/td>\n<td colspan=\"2\" width=\"317\">Za\u0142o\u017cenie s\u0142onecznej instalacji elektrycznej:<\/p>\n<p>P\u0142yta fotowoltaiczna,<\/p>\n<p>Regulator<\/p>\n<p>Akumulator,<\/p>\n<p>Konwerter,<\/p>\n<p>Kable, \u017car\u00f3wki, kontakty itd.\u2026<\/td>\n<td width=\"98\">200 W- 1 szt.<\/p>\n<p>30 A- 1 szt.<\/p>\n<p>200 Ah- 1 szt<\/p>\n<p>2000 W- 1szt<\/p>\n<p>&nbsp;<\/td>\n<td width=\"104\">600.000 ar<\/p>\n<p>80.000 ar<\/p>\n<p>900.000 ar<\/p>\n<p>300.000 ar<\/p>\n<p>300.000 ar<\/td>\n<td width=\"114\">600.000 ar<\/p>\n<p>80.000 ar<\/p>\n<p>900.000 ar<\/p>\n<p>300.000 ar<\/p>\n<p>300.000 ar<\/td>\n<\/tr>\n<tr>\n<td width=\"38\">8<\/td>\n<td colspan=\"2\" width=\"317\">Wynagrodzenie pracownik\u00f3w: murarza, malarza, stolarza, elektryka<\/td>\n<td width=\"98\"><\/td>\n<td width=\"104\"><\/td>\n<td width=\"114\">2.000.000 ar<\/p>\n<p>&nbsp;<\/td>\n<\/tr>\n<tr>\n<td width=\"38\"><\/td>\n<td colspan=\"2\" width=\"317\"><strong>Podsumowanie <\/strong>(waluta lokalna)<\/td>\n<td width=\"98\"><\/td>\n<td width=\"104\"><\/td>\n<td width=\"114\"><strong>11.580.000 ar<\/strong><\/td>\n<\/tr>\n<tr>\n<td width=\"38\"><\/td>\n<td width=\"1\"><\/td>\n<td width=\"316\"><\/td>\n<td width=\"98\"><\/td>\n<td width=\"104\"><\/td>\n<td width=\"114\"><\/td>\n<\/tr>\n<\/tbody>\n<\/table>\n<p>ks. Ludwik Wawrzeczko<em>, <a href=\"https:\/\/www.misjonarzemsf.pl\/\" target=\"_blank\" rel=\"noopener\">Zgromadzenie Misjonarzy \u015bw. Rodziny<\/a>, misja Tandrano, Madagaskar<\/em><\/p>\n<p style=\"text-align: justify;\" align=\"JUSTIFY\"><span style=\"color: #ff0000;\"><span style=\"font-size: large;\"><b>Ca\u0142kowity koszt projektu: 3330 \u20ac<\/b><\/span><\/span><\/p>\n<p style=\"text-align: justify;\" align=\"JUSTIFY\">Numer projektu: <strong>01\/MISSR<\/strong><\/p>\n<p style=\"text-align: justify;\" align=\"JUSTIFY\"><span style=\"color: #808080;\">Stowarzyszenie Ruchu\u00a0<em>Maitri<\/em> przeznacza do 10% otrzymanych \u015brodk\u00f3w na koszty funkcjonowania biura i pozyskiwanie funduszy pomocowych. <\/span><\/p>\n<h3 style=\"text-align: justify;\" align=\"JUSTIFY\"><span style=\"color: #808080;\">Pom\u00f3\u017c zbudowa\u0107 internat w Tandrano na Madagaskarze<\/span><\/h3>\n","protected":false},"excerpt":{"rendered":"<p><strong>Projekt: <\/strong>ks. Ludwik Wawrzeczko<em>, <a href=\"https:\/\/www.misjonarzemsf.pl\/\" target=\"_blank\" rel=\"noopener\">Zgromadzenie \u015bw. Rodziny<\/a><\/em><br \/>\n<strong>Misja:<\/strong> Tandrano, <a href=\"https:\/\/www.maitri.pl\/gdzie-pomagamy\/\" target=\"_blank\" rel=\"noopener\">Madagaskar<\/a><br \/>\n<strong>Kwota projektu: <span style=\"color: #ff0000;\">3.330 \u20ac<\/span><\/strong><\/p>\n<div class=\"maitri-program-desc-short\"><\/div>\n<div class=\"project-additional-info\"><\/div>\n","protected":false},"featured_media":25241,"template":"","meta":[],"product_brand":[],"product_cat":[656],"product_tag":[948,693,947],"class_list":{"0":"post-25213","1":"product","2":"type-product","3":"status-publish","4":"has-post-thumbnail","6":"product_cat-bez-kategorii","7":"product_tag-ksiadz-ludwik-wawrzeczko","8":"product_tag-madagaskar","9":"product_tag-zgromadzenie-sw-rodziny","11":"first","12":"instock","13":"virtual","14":"purchasable","15":"product-type-simple"},"yoast_head":"<!-- This site is optimized with the Yoast SEO plugin v27.2 - https:\/\/yoast.com\/product\/yoast-seo-wordpress\/ -->\n<title>Pom\u00f3\u017c zbudowa\u0107 internat w Tandrano na Madagaskarze<\/title>\n<meta name=\"description\" content=\"Pom\u00f3\u017c zbudowa\u0107 internat w Tandrano na Madagaskarze. O pomoc prosi Zgromadzenie \u015bw. Rodziny. Wesprzyj edukacj\u0119 w Afryce.\" \/>\n<meta name=\"robots\" content=\"index, follow, max-snippet:-1, max-image-preview:large, max-video-preview:-1\" \/>\n<link rel=\"canonical\" href=\"https:\/\/www.maitri.pl\/projekt\/internat-madagaskar\/\" \/>\n<meta property=\"og:locale\" content=\"fr_FR\" \/>\n<meta property=\"og:type\" content=\"article\" \/>\n<meta property=\"og:title\" content=\"Pom\u00f3\u017c zbudowa\u0107 internat w Tandrano na Madagaskarze\" \/>\n<meta property=\"og:description\" content=\"Pom\u00f3\u017c zbudowa\u0107 internat w Tandrano na Madagaskarze. O pomoc prosi Zgromadzenie \u015bw. Rodziny. Wesprzyj edukacj\u0119 w Afryce.\" \/>\n<meta property=\"og:url\" content=\"https:\/\/www.maitri.pl\/projekt\/internat-madagaskar\/\" \/>\n<meta property=\"og:site_name\" content=\"Ruch Maitri - Adopcja Serca pomoc Afryce\" \/>\n<meta property=\"article:publisher\" content=\"https:\/\/www.facebook.com\/MAITRI.Adopcja.Serca.dzieci.Afryki\/\" \/>\n<meta property=\"article:modified_time\" content=\"2024-02-07T11:51:47+00:00\" \/>\n<meta property=\"og:image\" content=\"https:\/\/www.maitri.pl\/wp-content\/uploads\/2022\/10\/01-missr-biurko-nauczyciela.jpg\" \/>\n\t<meta property=\"og:image:width\" content=\"1200\" \/>\n\t<meta property=\"og:image:height\" content=\"900\" \/>\n\t<meta property=\"og:image:type\" content=\"image\/jpeg\" \/>\n<meta name=\"twitter:card\" content=\"summary_large_image\" \/>\n<meta name=\"twitter:label1\" content=\"Dur\u00e9e de lecture estim\u00e9e\" \/>\n\t<meta name=\"twitter:data1\" content=\"4 minutes\" \/>\n<script type=\"application\/ld+json\" class=\"yoast-schema-graph\">{\"@context\":\"https:\/\/schema.org\",\"@graph\":[{\"@type\":\"WebPage\",\"@id\":\"https:\/\/www.maitri.pl\/projekt\/internat-madagaskar\/\",\"url\":\"https:\/\/www.maitri.pl\/projekt\/internat-madagaskar\/\",\"name\":\"Pom\u00f3\u017c zbudowa\u0107 internat w Tandrano na Madagaskarze\",\"isPartOf\":{\"@id\":\"https:\/\/www.maitri.pl\/#website\"},\"primaryImageOfPage\":{\"@id\":\"https:\/\/www.maitri.pl\/projekt\/internat-madagaskar\/#primaryimage\"},\"image\":{\"@id\":\"https:\/\/www.maitri.pl\/projekt\/internat-madagaskar\/#primaryimage\"},\"thumbnailUrl\":\"https:\/\/www.maitri.pl\/wp-content\/uploads\/2022\/10\/01-missr-biurko-nauczyciela.jpg\",\"datePublished\":\"2022-10-14T10:31:07+00:00\",\"dateModified\":\"2024-02-07T11:51:47+00:00\",\"description\":\"Pom\u00f3\u017c zbudowa\u0107 internat w Tandrano na Madagaskarze. O pomoc prosi Zgromadzenie \u015bw. Rodziny. Wesprzyj edukacj\u0119 w Afryce.\",\"breadcrumb\":{\"@id\":\"https:\/\/www.maitri.pl\/projekt\/internat-madagaskar\/#breadcrumb\"},\"inLanguage\":\"fr-FR\",\"potentialAction\":[{\"@type\":\"ReadAction\",\"target\":[\"https:\/\/www.maitri.pl\/projekt\/internat-madagaskar\/\"]}]},{\"@type\":\"ImageObject\",\"inLanguage\":\"fr-FR\",\"@id\":\"https:\/\/www.maitri.pl\/projekt\/internat-madagaskar\/#primaryimage\",\"url\":\"https:\/\/www.maitri.pl\/wp-content\/uploads\/2022\/10\/01-missr-biurko-nauczyciela.jpg\",\"contentUrl\":\"https:\/\/www.maitri.pl\/wp-content\/uploads\/2022\/10\/01-missr-biurko-nauczyciela.jpg\",\"width\":1200,\"height\":900,\"caption\":\"internat w Tandrano Madagaskar Ruch Maitri Adopcja Serca pomoc Afryce pomoc ubogim Adopcja duchowa 01\"},{\"@type\":\"BreadcrumbList\",\"@id\":\"https:\/\/www.maitri.pl\/projekt\/internat-madagaskar\/#breadcrumb\",\"itemListElement\":[{\"@type\":\"ListItem\",\"position\":1,\"name\":\"Strona g\u0142\u00f3wna\",\"item\":\"https:\/\/www.maitri.pl\/\"},{\"@type\":\"ListItem\",\"position\":2,\"name\":\"Sklep\",\"item\":\"https:\/\/www.maitri.pl\/sklep\/\"},{\"@type\":\"ListItem\",\"position\":3,\"name\":\"Pom\u00f3\u017c zbudowa\u0107 internat w Tandrano na Madagaskarze\"}]},{\"@type\":\"WebSite\",\"@id\":\"https:\/\/www.maitri.pl\/#website\",\"url\":\"https:\/\/www.maitri.pl\/\",\"name\":\"Adopcja Serca Maitri \u2013 pomoc dzieciom w Afryce\",\"description\":\"Adopcja Serca \u2013 adopcja na odleg\u0142o\u015b\u0107, pomoc Afryce, do\u017cywianie i edukacja w Afryce\",\"publisher\":{\"@id\":\"https:\/\/www.maitri.pl\/#organization\"},\"potentialAction\":[{\"@type\":\"SearchAction\",\"target\":{\"@type\":\"EntryPoint\",\"urlTemplate\":\"https:\/\/www.maitri.pl\/?s={search_term_string}\"},\"query-input\":{\"@type\":\"PropertyValueSpecification\",\"valueRequired\":true,\"valueName\":\"search_term_string\"}}],\"inLanguage\":\"fr-FR\"},{\"@type\":\"Organization\",\"@id\":\"https:\/\/www.maitri.pl\/#organization\",\"name\":\"Stowarzyszenie Ruchu Maitri\",\"url\":\"https:\/\/www.maitri.pl\/\",\"logo\":{\"@type\":\"ImageObject\",\"inLanguage\":\"fr-FR\",\"@id\":\"https:\/\/www.maitri.pl\/#\/schema\/logo\/image\/\",\"url\":\"https:\/\/www.maitri.pl\/wp-content\/uploads\/2020\/04\/duze_logo-81.png\",\"contentUrl\":\"https:\/\/www.maitri.pl\/wp-content\/uploads\/2020\/04\/duze_logo-81.png\",\"width\":339,\"height\":321,\"caption\":\"Stowarzyszenie Ruchu Maitri\"},\"image\":{\"@id\":\"https:\/\/www.maitri.pl\/#\/schema\/logo\/image\/\"},\"sameAs\":[\"https:\/\/www.facebook.com\/MAITRI.Adopcja.Serca.dzieci.Afryki\/\"]}]}<\/script>\n<!-- \/ Yoast SEO plugin. -->","yoast_head_json":{"title":"Pom\u00f3\u017c zbudowa\u0107 internat w Tandrano na Madagaskarze","description":"Pom\u00f3\u017c zbudowa\u0107 internat w Tandrano na Madagaskarze. O pomoc prosi Zgromadzenie \u015bw. Rodziny. Wesprzyj edukacj\u0119 w Afryce.","robots":{"index":"index","follow":"follow","max-snippet":"max-snippet:-1","max-image-preview":"max-image-preview:large","max-video-preview":"max-video-preview:-1"},"canonical":"https:\/\/www.maitri.pl\/projekt\/internat-madagaskar\/","og_locale":"fr_FR","og_type":"article","og_title":"Pom\u00f3\u017c zbudowa\u0107 internat w Tandrano na Madagaskarze","og_description":"Pom\u00f3\u017c zbudowa\u0107 internat w Tandrano na Madagaskarze. O pomoc prosi Zgromadzenie \u015bw. Rodziny. Wesprzyj edukacj\u0119 w Afryce.","og_url":"https:\/\/www.maitri.pl\/projekt\/internat-madagaskar\/","og_site_name":"Ruch Maitri - Adopcja Serca pomoc Afryce","article_publisher":"https:\/\/www.facebook.com\/MAITRI.Adopcja.Serca.dzieci.Afryki\/","article_modified_time":"2024-02-07T11:51:47+00:00","og_image":[{"width":1200,"height":900,"url":"https:\/\/www.maitri.pl\/wp-content\/uploads\/2022\/10\/01-missr-biurko-nauczyciela.jpg","type":"image\/jpeg"}],"twitter_card":"summary_large_image","twitter_misc":{"Dur\u00e9e de lecture estim\u00e9e":"4 minutes"},"schema":{"@context":"https:\/\/schema.org","@graph":[{"@type":"WebPage","@id":"https:\/\/www.maitri.pl\/projekt\/internat-madagaskar\/","url":"https:\/\/www.maitri.pl\/projekt\/internat-madagaskar\/","name":"Pom\u00f3\u017c zbudowa\u0107 internat w Tandrano na Madagaskarze","isPartOf":{"@id":"https:\/\/www.maitri.pl\/#website"},"primaryImageOfPage":{"@id":"https:\/\/www.maitri.pl\/projekt\/internat-madagaskar\/#primaryimage"},"image":{"@id":"https:\/\/www.maitri.pl\/projekt\/internat-madagaskar\/#primaryimage"},"thumbnailUrl":"https:\/\/www.maitri.pl\/wp-content\/uploads\/2022\/10\/01-missr-biurko-nauczyciela.jpg","datePublished":"2022-10-14T10:31:07+00:00","dateModified":"2024-02-07T11:51:47+00:00","description":"Pom\u00f3\u017c zbudowa\u0107 internat w Tandrano na Madagaskarze. O pomoc prosi Zgromadzenie \u015bw. Rodziny. Wesprzyj edukacj\u0119 w Afryce.","breadcrumb":{"@id":"https:\/\/www.maitri.pl\/projekt\/internat-madagaskar\/#breadcrumb"},"inLanguage":"fr-FR","potentialAction":[{"@type":"ReadAction","target":["https:\/\/www.maitri.pl\/projekt\/internat-madagaskar\/"]}]},{"@type":"ImageObject","inLanguage":"fr-FR","@id":"https:\/\/www.maitri.pl\/projekt\/internat-madagaskar\/#primaryimage","url":"https:\/\/www.maitri.pl\/wp-content\/uploads\/2022\/10\/01-missr-biurko-nauczyciela.jpg","contentUrl":"https:\/\/www.maitri.pl\/wp-content\/uploads\/2022\/10\/01-missr-biurko-nauczyciela.jpg","width":1200,"height":900,"caption":"internat w Tandrano Madagaskar Ruch Maitri Adopcja Serca pomoc Afryce pomoc ubogim Adopcja duchowa 01"},{"@type":"BreadcrumbList","@id":"https:\/\/www.maitri.pl\/projekt\/internat-madagaskar\/#breadcrumb","itemListElement":[{"@type":"ListItem","position":1,"name":"Strona g\u0142\u00f3wna","item":"https:\/\/www.maitri.pl\/"},{"@type":"ListItem","position":2,"name":"Sklep","item":"https:\/\/www.maitri.pl\/sklep\/"},{"@type":"ListItem","position":3,"name":"Pom\u00f3\u017c zbudowa\u0107 internat w Tandrano na Madagaskarze"}]},{"@type":"WebSite","@id":"https:\/\/www.maitri.pl\/#website","url":"https:\/\/www.maitri.pl\/","name":"Adopcja Serca Maitri \u2013 pomoc dzieciom w Afryce","description":"Adopcja Serca \u2013 adopcja na odleg\u0142o\u015b\u0107, pomoc Afryce, do\u017cywianie i edukacja w Afryce","publisher":{"@id":"https:\/\/www.maitri.pl\/#organization"},"potentialAction":[{"@type":"SearchAction","target":{"@type":"EntryPoint","urlTemplate":"https:\/\/www.maitri.pl\/?s={search_term_string}"},"query-input":{"@type":"PropertyValueSpecification","valueRequired":true,"valueName":"search_term_string"}}],"inLanguage":"fr-FR"},{"@type":"Organization","@id":"https:\/\/www.maitri.pl\/#organization","name":"Stowarzyszenie Ruchu Maitri","url":"https:\/\/www.maitri.pl\/","logo":{"@type":"ImageObject","inLanguage":"fr-FR","@id":"https:\/\/www.maitri.pl\/#\/schema\/logo\/image\/","url":"https:\/\/www.maitri.pl\/wp-content\/uploads\/2020\/04\/duze_logo-81.png","contentUrl":"https:\/\/www.maitri.pl\/wp-content\/uploads\/2020\/04\/duze_logo-81.png","width":339,"height":321,"caption":"Stowarzyszenie Ruchu Maitri"},"image":{"@id":"https:\/\/www.maitri.pl\/#\/schema\/logo\/image\/"},"sameAs":["https:\/\/www.facebook.com\/MAITRI.Adopcja.Serca.dzieci.Afryki\/"]}]}},"_links":{"self":[{"href":"https:\/\/www.maitri.pl\/fr\/wp-json\/wp\/v2\/product\/25213","targetHints":{"allow":["GET"]}}],"collection":[{"href":"https:\/\/www.maitri.pl\/fr\/wp-json\/wp\/v2\/product"}],"about":[{"href":"https:\/\/www.maitri.pl\/fr\/wp-json\/wp\/v2\/types\/product"}],"wp:featuredmedia":[{"embeddable":true,"href":"https:\/\/www.maitri.pl\/fr\/wp-json\/wp\/v2\/media\/25241"}],"wp:attachment":[{"href":"https:\/\/www.maitri.pl\/fr\/wp-json\/wp\/v2\/media?parent=25213"}],"wp:term":[{"taxonomy":"product_brand","embeddable":true,"href":"https:\/\/www.maitri.pl\/fr\/wp-json\/wp\/v2\/product_brand?post=25213"},{"taxonomy":"product_cat","embeddable":true,"href":"https:\/\/www.maitri.pl\/fr\/wp-json\/wp\/v2\/product_cat?post=25213"},{"taxonomy":"product_tag","embeddable":true,"href":"https:\/\/www.maitri.pl\/fr\/wp-json\/wp\/v2\/product_tag?post=25213"}],"curies":[{"name":"wp","href":"https:\/\/api.w.org\/{rel}","templated":true}]}}