{"id":24884,"date":"2022-07-15T20:00:42","date_gmt":"2022-07-15T18:00:42","guid":{"rendered":"https:\/\/www.maitri.pl\/?post_type=product&#038;p=24884"},"modified":"2023-02-10T12:14:32","modified_gmt":"2023-02-10T11:14:32","slug":"budowa-studni-kamerun","status":"publish","type":"product","link":"https:\/\/www.maitri.pl\/fr\/projekt\/budowa-studni-kamerun\/","title":{"rendered":"Budowa studni dla przedszkola w Yaounde (Nkolbisson)"},"content":{"rendered":"<h4>Przedmie\u015bcia bez wody<\/h4>\n<p>Dwa lata temu kupi\u0142y\u015bmy niedoko\u0144czony dom na obrze\u017cach Yaounde\/Nkolbisson. Pozwoli\u0142o nam to podj\u0105\u0107 si\u0119 budowy przedszkola dla 160 dzieci. Na obecny moment jeste\u015bmy na ostatnim etapie budowy. Jeszcze we wrze\u015bniu tego roku chcemy przyj\u0105\u0107 pierwsze dzieci. Mieszka\u0144cy tej okolicy czekaj\u0105 z wielk\u0105 niecierpliwo\u015bci\u0105 i rado\u015bci\u0105 na dzie\u0144, gdy ich pociechy b\u0119d\u0105 mog\u0142y przyj\u015b\u0107 do naszego przedszkola. Zwa\u017cywszy na to, \u017ce nie doprowadzono jeszcze wody miejskiej do naszej dzielnicy, ka\u017cdy musi sam zadba\u0107 o wod\u0119. Konieczna jest budowa studni.<\/p>\n<h4>Daleko do \u017ar\u00f3d\u0142a<\/h4>\n<div class=\"\" data-block=\"true\" data-editor=\"2eo48\" data-offset-key=\"9dri5-0-0\">\n<div class=\"_1mf _1mj\" data-offset-key=\"9dri5-0-0\"><span data-offset-key=\"9dri5-0-0\">Rano dzieciaki musz\u0105 i\u015b\u0107 po wod\u0119, kt\u00f3ra jest potrzebna, by mama mog\u0142a im co\u015b przygotowa\u0107, gdy wr\u00f3c\u0105 ze szko\u0142y. Potem biegn\u0105 do przedszkola, czasami ju\u017c s\u0105 bardzo zm\u0119czone i zdarza si\u0119, \u017ce przysypiaj\u0105 na zaj\u0119ciach. <\/span>W Kamerunie posi\u0142ek si\u0119 jada zazwyczaj raz dziennie, wieczorem. Gdy dziecku zdarza si\u0119 zasn\u0105\u0107 przed kolacj\u0105, to ju\u017c nie je. Rano \u017cadne dziecko nie je \u015bniadania. Id\u0105 po wod\u0119 z pustymi brzuszkami. Podobnie jest tutaj. Chcieliby\u015bmy ul\u017cy\u0107 tutejszej ludno\u015bci. Budowa studni zmieni ich \u017cycie na lepsze.<\/div>\n<div data-offset-key=\"9dri5-0-0\"><\/div>\n<\/div>\n<h4 class=\"_1mf _1mj\" data-offset-key=\"9dri5-0-0\">Studnia dla przedszkola<\/h4>\n<p>Konieczno\u015bci\u0105 okaza\u0142o si\u0119 wykopanie studni na potrzeby przedszkola. Obecnie korzystamy ze\u00a0 studni wcze\u015bniej wykopanej dla wsp\u00f3lnoty, ale od pocz\u0105tku jej uruchomienia, czerpi\u0105 z niej wod\u0119 ka\u017cdego dnia, rano i wieczorem, mieszka\u0144cy naszej dzielnicy. Oddzielna studnia dla przedszkola jest niezb\u0119dna, bardzo zale\u017cy nam aby doprowadzi\u0107 wod\u0119 do budynku. Dlatego zwracamy si\u0119 z ogromn\u0105 pro\u015bba o pomoc w pokryciu tych koszt\u00f3w.<\/p>\n<p>Maj\u0105c nadziej\u0119 na przychylne przyj\u0119cie naszej pro\u015bby, zapewniamy nasz\u0105 pami\u0119\u0107 w modlitwie.<\/p>\n<h4>Kosztorys:<\/h4>\n<ol>\n<li>pokrycie koszt\u00f3w wykopania studni &#8211; 2.306.895 frank\u00f3w CFA<\/li>\n<li>wynagrodzenie za prac\u0119 i transport 327.500 frank\u00f3w CFA<\/li>\n<\/ol>\n<h3><strong>Razem: 2.634.395 frank\u00f3w CFA<\/strong><\/h3>\n<p><em>Siostra Edyta Budynek, <a href=\"http:\/\/www.u-pallotynek.pl\/\" target=\"_blank\" rel=\"noopener\">Zgromadzenie Si\u00f3str Misjonarek Apostolstwa Katolickiego<\/a>, misja Yaounde, <a href=\"https:\/\/www.maitri.pl\/gdzie-pomagamy\/\" target=\"_blank\" rel=\"noopener\">Kamerun<\/a><\/em><\/p>\n<p><b style=\"font-size: large; color: #ff0000;\">Kwota: 4.440 \u20ac <\/b><\/p>\n<p><strong>Podsumowanie w miejscowej walucie &#8211; <\/strong><strong>2.634.395 frank\u00f3w CFA<\/strong><\/p>\n<p style=\"text-align: justify;\" align=\"JUSTIFY\"><span style=\"color: #808080;\">Stowarzyszenie Ruchu\u00a0<em>Maitri<\/em> przeznacza do 10% otrzymanych \u015brodk\u00f3w na koszty funkcjonowania biura i pozyskiwanie funduszy pomocowych. <\/span><\/p>\n<h3 style=\"text-align: justify;\" align=\"JUSTIFY\"><span style=\"color: #808080;\">Budowa studni dla przedszkola w Yaounde (Nkolbisson) &#8211; o pomoc prosz\u0105 Siostry Pallotynki<\/span><\/h3>\n","protected":false},"excerpt":{"rendered":"<p><strong>Projekt:<\/strong> Siostra Edyta Budynek, <a href=\"http:\/\/www.u-pallotynek.pl\/\" target=\"_blank\" rel=\"noopener\">Zgromadzenie Si\u00f3str Misjonarek Apostolstwa Katolickiego<\/a><br \/>\n<strong>Misja:<\/strong> Yaounde, <a href=\"https:\/\/www.maitri.pl\/gdzie-pomagamy\/\" target=\"_blank\" rel=\"noopener noreferrer\">Kamerun<\/a><br \/>\n<strong>Zbierana kwota:<\/strong> <span style=\"color: #ff0000;\"><strong>4.440 \u20ac<\/strong><\/span><\/p>\n","protected":false},"featured_media":24902,"template":"","meta":[],"product_brand":[],"product_cat":[656],"product_tag":[658,847,943,729,689],"class_list":{"0":"post-24884","1":"product","2":"type-product","3":"status-publish","4":"has-post-thumbnail","6":"product_cat-bez-kategorii","7":"product_tag-kamerun","8":"product_tag-pallotynki","9":"product_tag-siostra-edyta-budynek","10":"product_tag-yaounde","11":"product_tag-zgromadzenie-siostr-misjonarek-apostolstwa-katolickiego","13":"first","14":"instock","15":"virtual","16":"purchasable","17":"product-type-simple"},"yoast_head":"<!-- This site is optimized with the Yoast SEO plugin v27.2 - https:\/\/yoast.com\/product\/yoast-seo-wordpress\/ -->\n<title>Budowa studni dla przedszkola w Yaounde (Nkolbisson)<\/title>\n<meta name=\"description\" content=\"Budowa studni dla przedszkola na obrze\u017cach Yaounde (Nkolbisson). O pomoc w wydr\u0105\u017ceniu \u017ar\u00f3d\u0142a prosz\u0105 Siostry Pallotynki.\" \/>\n<meta name=\"robots\" content=\"index, follow, max-snippet:-1, max-image-preview:large, max-video-preview:-1\" \/>\n<link rel=\"canonical\" href=\"https:\/\/www.maitri.pl\/projekt\/budowa-studni-kamerun\/\" \/>\n<meta property=\"og:locale\" content=\"fr_FR\" \/>\n<meta property=\"og:type\" content=\"article\" \/>\n<meta property=\"og:title\" content=\"Budowa studni dla przedszkola w Yaounde (Nkolbisson)\" \/>\n<meta property=\"og:description\" content=\"Budowa studni dla przedszkola na obrze\u017cach Yaounde (Nkolbisson). O pomoc w wydr\u0105\u017ceniu \u017ar\u00f3d\u0142a prosz\u0105 Siostry Pallotynki.\" \/>\n<meta property=\"og:url\" content=\"https:\/\/www.maitri.pl\/projekt\/budowa-studni-kamerun\/\" \/>\n<meta property=\"og:site_name\" content=\"Ruch Maitri - Adopcja Serca pomoc Afryce\" \/>\n<meta property=\"article:publisher\" content=\"https:\/\/www.facebook.com\/MAITRI.Adopcja.Serca.dzieci.Afryki\/\" \/>\n<meta property=\"article:modified_time\" content=\"2023-02-10T11:14:32+00:00\" \/>\n<meta property=\"og:image\" content=\"https:\/\/www.maitri.pl\/wp-content\/uploads\/2022\/07\/IMG_4329.jpg\" \/>\n\t<meta property=\"og:image:width\" content=\"1569\" \/>\n\t<meta property=\"og:image:height\" content=\"1177\" \/>\n\t<meta property=\"og:image:type\" content=\"image\/jpeg\" \/>\n<meta name=\"twitter:card\" content=\"summary_large_image\" \/>\n<meta name=\"twitter:label1\" content=\"Dur\u00e9e de lecture estim\u00e9e\" \/>\n\t<meta name=\"twitter:data1\" content=\"2 minutes\" \/>\n<script type=\"application\/ld+json\" class=\"yoast-schema-graph\">{\"@context\":\"https:\/\/schema.org\",\"@graph\":[{\"@type\":\"WebPage\",\"@id\":\"https:\/\/www.maitri.pl\/projekt\/budowa-studni-kamerun\/\",\"url\":\"https:\/\/www.maitri.pl\/projekt\/budowa-studni-kamerun\/\",\"name\":\"Budowa studni dla przedszkola w Yaounde (Nkolbisson)\",\"isPartOf\":{\"@id\":\"https:\/\/www.maitri.pl\/#website\"},\"primaryImageOfPage\":{\"@id\":\"https:\/\/www.maitri.pl\/projekt\/budowa-studni-kamerun\/#primaryimage\"},\"image\":{\"@id\":\"https:\/\/www.maitri.pl\/projekt\/budowa-studni-kamerun\/#primaryimage\"},\"thumbnailUrl\":\"https:\/\/www.maitri.pl\/wp-content\/uploads\/2022\/07\/IMG_4329.jpg\",\"datePublished\":\"2022-07-15T18:00:42+00:00\",\"dateModified\":\"2023-02-10T11:14:32+00:00\",\"description\":\"Budowa studni dla przedszkola na obrze\u017cach Yaounde (Nkolbisson). O pomoc w wydr\u0105\u017ceniu \u017ar\u00f3d\u0142a prosz\u0105 Siostry Pallotynki.\",\"breadcrumb\":{\"@id\":\"https:\/\/www.maitri.pl\/projekt\/budowa-studni-kamerun\/#breadcrumb\"},\"inLanguage\":\"fr-FR\",\"potentialAction\":[{\"@type\":\"ReadAction\",\"target\":[\"https:\/\/www.maitri.pl\/projekt\/budowa-studni-kamerun\/\"]}]},{\"@type\":\"ImageObject\",\"inLanguage\":\"fr-FR\",\"@id\":\"https:\/\/www.maitri.pl\/projekt\/budowa-studni-kamerun\/#primaryimage\",\"url\":\"https:\/\/www.maitri.pl\/wp-content\/uploads\/2022\/07\/IMG_4329.jpg\",\"contentUrl\":\"https:\/\/www.maitri.pl\/wp-content\/uploads\/2022\/07\/IMG_4329.jpg\",\"width\":1569,\"height\":1177,\"caption\":\"Budowa studni dla przedszkola w Yaounde (Nkolbisson) Ruch Maitri Pomoc Afryce Adopcja Serca 01\"},{\"@type\":\"BreadcrumbList\",\"@id\":\"https:\/\/www.maitri.pl\/projekt\/budowa-studni-kamerun\/#breadcrumb\",\"itemListElement\":[{\"@type\":\"ListItem\",\"position\":1,\"name\":\"Strona g\u0142\u00f3wna\",\"item\":\"https:\/\/www.maitri.pl\/\"},{\"@type\":\"ListItem\",\"position\":2,\"name\":\"Sklep\",\"item\":\"https:\/\/www.maitri.pl\/sklep\/\"},{\"@type\":\"ListItem\",\"position\":3,\"name\":\"Budowa studni dla przedszkola w Yaounde (Nkolbisson)\"}]},{\"@type\":\"WebSite\",\"@id\":\"https:\/\/www.maitri.pl\/#website\",\"url\":\"https:\/\/www.maitri.pl\/\",\"name\":\"Adopcja Serca Maitri \u2013 pomoc dzieciom w Afryce\",\"description\":\"Adopcja Serca \u2013 adopcja na odleg\u0142o\u015b\u0107, pomoc Afryce, do\u017cywianie i edukacja w Afryce\",\"publisher\":{\"@id\":\"https:\/\/www.maitri.pl\/#organization\"},\"potentialAction\":[{\"@type\":\"SearchAction\",\"target\":{\"@type\":\"EntryPoint\",\"urlTemplate\":\"https:\/\/www.maitri.pl\/?s={search_term_string}\"},\"query-input\":{\"@type\":\"PropertyValueSpecification\",\"valueRequired\":true,\"valueName\":\"search_term_string\"}}],\"inLanguage\":\"fr-FR\"},{\"@type\":\"Organization\",\"@id\":\"https:\/\/www.maitri.pl\/#organization\",\"name\":\"Stowarzyszenie Ruchu Maitri\",\"url\":\"https:\/\/www.maitri.pl\/\",\"logo\":{\"@type\":\"ImageObject\",\"inLanguage\":\"fr-FR\",\"@id\":\"https:\/\/www.maitri.pl\/#\/schema\/logo\/image\/\",\"url\":\"https:\/\/www.maitri.pl\/wp-content\/uploads\/2020\/04\/duze_logo-81.png\",\"contentUrl\":\"https:\/\/www.maitri.pl\/wp-content\/uploads\/2020\/04\/duze_logo-81.png\",\"width\":339,\"height\":321,\"caption\":\"Stowarzyszenie Ruchu Maitri\"},\"image\":{\"@id\":\"https:\/\/www.maitri.pl\/#\/schema\/logo\/image\/\"},\"sameAs\":[\"https:\/\/www.facebook.com\/MAITRI.Adopcja.Serca.dzieci.Afryki\/\"]}]}<\/script>\n<!-- \/ Yoast SEO plugin. -->","yoast_head_json":{"title":"Budowa studni dla przedszkola w Yaounde (Nkolbisson)","description":"Budowa studni dla przedszkola na obrze\u017cach Yaounde (Nkolbisson). O pomoc w wydr\u0105\u017ceniu \u017ar\u00f3d\u0142a prosz\u0105 Siostry Pallotynki.","robots":{"index":"index","follow":"follow","max-snippet":"max-snippet:-1","max-image-preview":"max-image-preview:large","max-video-preview":"max-video-preview:-1"},"canonical":"https:\/\/www.maitri.pl\/projekt\/budowa-studni-kamerun\/","og_locale":"fr_FR","og_type":"article","og_title":"Budowa studni dla przedszkola w Yaounde (Nkolbisson)","og_description":"Budowa studni dla przedszkola na obrze\u017cach Yaounde (Nkolbisson). O pomoc w wydr\u0105\u017ceniu \u017ar\u00f3d\u0142a prosz\u0105 Siostry Pallotynki.","og_url":"https:\/\/www.maitri.pl\/projekt\/budowa-studni-kamerun\/","og_site_name":"Ruch Maitri - Adopcja Serca pomoc Afryce","article_publisher":"https:\/\/www.facebook.com\/MAITRI.Adopcja.Serca.dzieci.Afryki\/","article_modified_time":"2023-02-10T11:14:32+00:00","og_image":[{"width":1569,"height":1177,"url":"https:\/\/www.maitri.pl\/wp-content\/uploads\/2022\/07\/IMG_4329.jpg","type":"image\/jpeg"}],"twitter_card":"summary_large_image","twitter_misc":{"Dur\u00e9e de lecture estim\u00e9e":"2 minutes"},"schema":{"@context":"https:\/\/schema.org","@graph":[{"@type":"WebPage","@id":"https:\/\/www.maitri.pl\/projekt\/budowa-studni-kamerun\/","url":"https:\/\/www.maitri.pl\/projekt\/budowa-studni-kamerun\/","name":"Budowa studni dla przedszkola w Yaounde (Nkolbisson)","isPartOf":{"@id":"https:\/\/www.maitri.pl\/#website"},"primaryImageOfPage":{"@id":"https:\/\/www.maitri.pl\/projekt\/budowa-studni-kamerun\/#primaryimage"},"image":{"@id":"https:\/\/www.maitri.pl\/projekt\/budowa-studni-kamerun\/#primaryimage"},"thumbnailUrl":"https:\/\/www.maitri.pl\/wp-content\/uploads\/2022\/07\/IMG_4329.jpg","datePublished":"2022-07-15T18:00:42+00:00","dateModified":"2023-02-10T11:14:32+00:00","description":"Budowa studni dla przedszkola na obrze\u017cach Yaounde (Nkolbisson). O pomoc w wydr\u0105\u017ceniu \u017ar\u00f3d\u0142a prosz\u0105 Siostry Pallotynki.","breadcrumb":{"@id":"https:\/\/www.maitri.pl\/projekt\/budowa-studni-kamerun\/#breadcrumb"},"inLanguage":"fr-FR","potentialAction":[{"@type":"ReadAction","target":["https:\/\/www.maitri.pl\/projekt\/budowa-studni-kamerun\/"]}]},{"@type":"ImageObject","inLanguage":"fr-FR","@id":"https:\/\/www.maitri.pl\/projekt\/budowa-studni-kamerun\/#primaryimage","url":"https:\/\/www.maitri.pl\/wp-content\/uploads\/2022\/07\/IMG_4329.jpg","contentUrl":"https:\/\/www.maitri.pl\/wp-content\/uploads\/2022\/07\/IMG_4329.jpg","width":1569,"height":1177,"caption":"Budowa studni dla przedszkola w Yaounde (Nkolbisson) Ruch Maitri Pomoc Afryce Adopcja Serca 01"},{"@type":"BreadcrumbList","@id":"https:\/\/www.maitri.pl\/projekt\/budowa-studni-kamerun\/#breadcrumb","itemListElement":[{"@type":"ListItem","position":1,"name":"Strona g\u0142\u00f3wna","item":"https:\/\/www.maitri.pl\/"},{"@type":"ListItem","position":2,"name":"Sklep","item":"https:\/\/www.maitri.pl\/sklep\/"},{"@type":"ListItem","position":3,"name":"Budowa studni dla przedszkola w Yaounde (Nkolbisson)"}]},{"@type":"WebSite","@id":"https:\/\/www.maitri.pl\/#website","url":"https:\/\/www.maitri.pl\/","name":"Adopcja Serca Maitri \u2013 pomoc dzieciom w Afryce","description":"Adopcja Serca \u2013 adopcja na odleg\u0142o\u015b\u0107, pomoc Afryce, do\u017cywianie i edukacja w Afryce","publisher":{"@id":"https:\/\/www.maitri.pl\/#organization"},"potentialAction":[{"@type":"SearchAction","target":{"@type":"EntryPoint","urlTemplate":"https:\/\/www.maitri.pl\/?s={search_term_string}"},"query-input":{"@type":"PropertyValueSpecification","valueRequired":true,"valueName":"search_term_string"}}],"inLanguage":"fr-FR"},{"@type":"Organization","@id":"https:\/\/www.maitri.pl\/#organization","name":"Stowarzyszenie Ruchu Maitri","url":"https:\/\/www.maitri.pl\/","logo":{"@type":"ImageObject","inLanguage":"fr-FR","@id":"https:\/\/www.maitri.pl\/#\/schema\/logo\/image\/","url":"https:\/\/www.maitri.pl\/wp-content\/uploads\/2020\/04\/duze_logo-81.png","contentUrl":"https:\/\/www.maitri.pl\/wp-content\/uploads\/2020\/04\/duze_logo-81.png","width":339,"height":321,"caption":"Stowarzyszenie Ruchu Maitri"},"image":{"@id":"https:\/\/www.maitri.pl\/#\/schema\/logo\/image\/"},"sameAs":["https:\/\/www.facebook.com\/MAITRI.Adopcja.Serca.dzieci.Afryki\/"]}]}},"_links":{"self":[{"href":"https:\/\/www.maitri.pl\/fr\/wp-json\/wp\/v2\/product\/24884","targetHints":{"allow":["GET"]}}],"collection":[{"href":"https:\/\/www.maitri.pl\/fr\/wp-json\/wp\/v2\/product"}],"about":[{"href":"https:\/\/www.maitri.pl\/fr\/wp-json\/wp\/v2\/types\/product"}],"wp:featuredmedia":[{"embeddable":true,"href":"https:\/\/www.maitri.pl\/fr\/wp-json\/wp\/v2\/media\/24902"}],"wp:attachment":[{"href":"https:\/\/www.maitri.pl\/fr\/wp-json\/wp\/v2\/media?parent=24884"}],"wp:term":[{"taxonomy":"product_brand","embeddable":true,"href":"https:\/\/www.maitri.pl\/fr\/wp-json\/wp\/v2\/product_brand?post=24884"},{"taxonomy":"product_cat","embeddable":true,"href":"https:\/\/www.maitri.pl\/fr\/wp-json\/wp\/v2\/product_cat?post=24884"},{"taxonomy":"product_tag","embeddable":true,"href":"https:\/\/www.maitri.pl\/fr\/wp-json\/wp\/v2\/product_tag?post=24884"}],"curies":[{"name":"wp","href":"https:\/\/api.w.org\/{rel}","templated":true}]}}