{"id":24883,"date":"2022-07-15T20:13:31","date_gmt":"2022-07-15T18:13:31","guid":{"rendered":"https:\/\/www.maitri.pl\/?post_type=product&#038;p=24883"},"modified":"2024-02-07T12:51:26","modified_gmt":"2024-02-07T11:51:26","slug":"budowa-domu-burundi","status":"publish","type":"product","link":"https:\/\/www.maitri.pl\/fr\/projekt\/budowa-domu-burundi\/","title":{"rendered":"Budowa domu dla nauczyciela ze szko\u0142y w Gitega w Burundi"},"content":{"rendered":"<h4>Nadzieja na zmian\u0119 na lepsze<\/h4>\n<p>Burundi jest jednym z najbiedniejszych pa\u0144stw \u015bwiata. Ma najni\u017csze PKB na osob\u0119 na \u015bwiecie. Bieda jest spowodowana g\u0142\u00f3wnie konsekwencjami wojen. W\u0142a\u015bnie stamt\u0105d Siostra Zuzanna przekaza\u0142a nam pro\u015bb\u0119, kt\u00f3r\u0105 napisa\u0142 nauczyciel szko\u0142y rzemie\u015blniczej, Lambert Irambona. Chcemy pom\u00f3c mu spe\u0142ni\u0107 jego najwi\u0119ksze marzenie, jakim jest budowa domu.<\/p>\n<h4>List nauczyciela<\/h4>\n<p>Drodzy dobroczy\u0144cy,<br \/>\nJestem biedn\u0105 osob\u0105, m\u00f3j ojciec i ca\u0142a moja rodzina zgin\u0119li podczas wojny w 1993 r. Zosta\u0142em z mam\u0105, starsz\u0105 siostr\u0105 i jedyn\u0105 ciotk\u0105, kt\u00f3ra mieszka\u0142a daleko od nas. W tym trudnym momencie by\u0142em dzieckiem 3-miesi\u0119cznym, a moja starsza siostra mia\u0142a 3 lata, jednak jako\u015b \u017cyli\u015bmy, lecz kiedy mia\u0142em 4 lata, moja mama te\u017c zmar\u0142a.<br \/>\nWzi\u0119\u0142a nas do siebie ciotka, chocia\u017c by\u0142a bardzo biedna. Ciocia pomog\u0142a mi chodzi\u0107 do szko\u0142y pod warunkiem, \u017ce sprzeda nasz\u0105 ziemi\u0119, aby m\u00f3c op\u0142aci\u0107 czesne. Pod koniec nauki pola by\u0142y ju\u017c prawie ca\u0142kiem sprzedane, a moja starsza siostra nie kontynuowa\u0142a ju\u017c nauki, gdy\u017c nie by\u0142o wystarczaj\u0105cych \u015brodk\u00f3w dla nas obojga, wysz\u0142a wtedy za m\u0105\u017c i ma teraz 3 dzieci.<br \/>\nWsp\u00f3lnota Si\u00f3str Karmelitanek od Dzieci\u0105tka Jezus z Songa-Gitega da\u0142a mi prac\u0119 nauczyciela w szkole zawodowej, wi\u0119c mog\u0119 zarobi\u0107 na co\u015b do jedzenia i wynajmowanie mieszkania. Wzi\u0105\u0142em kredyt w banku i po\u017cyczk\u0119 od Si\u00f3str, \u017ceby m\u00f3c kupi\u0107 chocia\u017c ma\u0142\u0105 dzia\u0142k\u0119. Co miesi\u0105c to sp\u0142acam.<br \/>\nDobroczy\u0144cy, zwracam si\u0119 do Was i licz\u0119 na Wasze otwarte serca na potrzeby innych. Chc\u0119 za\u0142o\u017cy\u0107 rodzin\u0119, ale nie mam domu. Poniewa\u017c jestem biedny, nie b\u0119d\u0119 budowa\u0107 du\u017cego domu; jego wymiary 7m na 8m (3 pomieszczenia i kuchnia). Bardzo licz\u0119, drodzy dobroczy\u0144cy, na Wasz\u0105 \u017cyczliwo\u015b\u0107 i pozytywn\u0105 odpowied\u017a na moj\u0105 pro\u015bb\u0119. B\u00f3g Wszechmog\u0105cy niech Was b\u0142ogos\u0142awi.<\/p>\n<h4>Budowa domu to nasze zadanie<\/h4>\n<p>Czy nie mo\u017cna temu nauczycielowi pom\u00f3c w budowie ma\u0142ego domu? Jest oddany ca\u0142kowicie m\u0142odzie\u017cy w naszej szkole, kt\u00f3ra bierze udzia\u0142 w programie <a href=\"https:\/\/www.maitri.pl\/adopcja-serca\/\" target=\"_blank\" rel=\"noopener\">Adopcja Serca<\/a>. Dzi\u0119kujemy za serce okazane naszemu nauczycielowi.<\/p>\n<p><em>s. Zuzanna Mas\u0142o\u0144<\/em>, <a href=\"https:\/\/www.karmel.pl\/rodzina-karmelu\/zgromadzenie-siostr-karmelitanek-dzieciatka-jezus\/\" target=\"_blank\" rel=\"noopener noreferrer\">Zgromadzenie Si\u00f3str Karmelitanek Dzieci\u0105tka Jezus<\/a><\/p>\n<h4><strong>Kosztorys:<\/strong><\/h4>\n<p>Koszt budowy domu &#8211; 7.220 Euro<\/p>\n<p><strong>Podsumowanie w miejscowej walucie<\/strong> <strong>14.984.920\u00a0frank\u00f3w burundyjskich<\/strong><\/p>\n<p style=\"text-align: justify;\"><span style=\"color: #ff0000;\"><span style=\"font-size: large;\"><b>Kwota projektu : 7.220 \u20ac<\/b><\/span><\/span><\/p>\n<p style=\"text-align: justify;\"><span style=\"font-size: large;\"><em><span style=\"color: #999999;\"><span style=\"font-size: medium;\">Stowarzyszenie Ruchu Maitri przeznacza do 10% otrzymanych \u015brodk\u00f3w na koszty funkcjonowania biura i pozyskiwanie funduszy pomocowych.<\/span><\/span><\/em><\/span><\/p>\n<h3 style=\"text-align: justify;\" align=\"JUSTIFY\"><span style=\"color: #808080;\">Budowa domu dla nauczyciela ze szko\u0142y w misji Gitega Songa w Burundi<\/span><\/h3>\n","protected":false},"excerpt":{"rendered":"<p><strong>Projekt:<\/strong> <em>s. Zuzanna Mas\u0142o\u0144<\/em>, <a href=\"https:\/\/www.karmel.pl\/rodzina-karmelu\/zgromadzenie-siostr-karmelitanek-dzieciatka-jezus\/\" target=\"_blank\" rel=\"noopener noreferrer\">Zgromadzenie Si\u00f3str Karmelitanek Dzieci\u0105tka Jezus<\/a><br \/>\n<strong>Misja:<\/strong> Gitega Songa, <a href=\"https:\/\/www.maitri.pl\/gdzie-pomagamy\/\" target=\"_blank\" rel=\"noopener\">Burundi<\/a>.<br \/>\n<strong>Kwota projektu: <span style=\"color: #ff0000;\">7.220 \u20ac<\/span><\/strong><\/p>\n","protected":false},"featured_media":24910,"template":"","meta":[],"product_brand":[],"product_cat":[656],"product_tag":[667,869,714,715,677],"class_list":{"0":"post-24883","1":"product","2":"type-product","3":"status-publish","4":"has-post-thumbnail","6":"product_cat-bez-kategorii","7":"product_tag-burundi","8":"product_tag-gitega","9":"product_tag-gitega-songa","10":"product_tag-siostra-zuzanna-maslon","11":"product_tag-zgromadzenie-siostr-karmelitanek-dzieciatka-jezus","13":"first","14":"instock","15":"virtual","16":"purchasable","17":"product-type-simple"},"yoast_head":"<!-- This site is optimized with the Yoast SEO plugin v27.2 - https:\/\/yoast.com\/product\/yoast-seo-wordpress\/ -->\n<title>Budowa domu dla nauczyciela ze szko\u0142y w Gitega w Burundi<\/title>\n<meta name=\"description\" content=\"Budowa domu dla nauczyciela ze szko\u0142y w Gitega w Burundi. Siostry Karmelitanki chc\u0105 podarowa\u0107 miejsce do zamieszkania dla ubogiego sieroty.\" \/>\n<meta name=\"robots\" content=\"index, follow, max-snippet:-1, max-image-preview:large, max-video-preview:-1\" \/>\n<link rel=\"canonical\" href=\"https:\/\/www.maitri.pl\/projekt\/budowa-domu-burundi\/\" \/>\n<meta property=\"og:locale\" content=\"fr_FR\" \/>\n<meta property=\"og:type\" content=\"article\" \/>\n<meta property=\"og:title\" content=\"Budowa domu dla nauczyciela ze szko\u0142y w Gitega w Burundi\" \/>\n<meta property=\"og:description\" content=\"Budowa domu dla nauczyciela ze szko\u0142y w Gitega w Burundi. Siostry Karmelitanki chc\u0105 podarowa\u0107 miejsce do zamieszkania dla ubogiego sieroty.\" \/>\n<meta property=\"og:url\" content=\"https:\/\/www.maitri.pl\/projekt\/budowa-domu-burundi\/\" \/>\n<meta property=\"og:site_name\" content=\"Ruch Maitri - Adopcja Serca pomoc Afryce\" \/>\n<meta property=\"article:publisher\" content=\"https:\/\/www.facebook.com\/MAITRI.Adopcja.Serca.dzieci.Afryki\/\" \/>\n<meta property=\"article:modified_time\" content=\"2024-02-07T11:51:26+00:00\" \/>\n<meta property=\"og:image\" content=\"https:\/\/www.maitri.pl\/wp-content\/uploads\/2022\/07\/114-karml1024_1.jpg\" \/>\n\t<meta property=\"og:image:width\" content=\"346\" \/>\n\t<meta property=\"og:image:height\" content=\"522\" \/>\n\t<meta property=\"og:image:type\" content=\"image\/jpeg\" \/>\n<meta name=\"twitter:card\" content=\"summary_large_image\" \/>\n<meta name=\"twitter:label1\" content=\"Dur\u00e9e de lecture estim\u00e9e\" \/>\n\t<meta name=\"twitter:data1\" content=\"3 minutes\" \/>\n<script type=\"application\/ld+json\" class=\"yoast-schema-graph\">{\"@context\":\"https:\/\/schema.org\",\"@graph\":[{\"@type\":\"WebPage\",\"@id\":\"https:\/\/www.maitri.pl\/projekt\/budowa-domu-burundi\/\",\"url\":\"https:\/\/www.maitri.pl\/projekt\/budowa-domu-burundi\/\",\"name\":\"Budowa domu dla nauczyciela ze szko\u0142y w Gitega w Burundi\",\"isPartOf\":{\"@id\":\"https:\/\/www.maitri.pl\/#website\"},\"primaryImageOfPage\":{\"@id\":\"https:\/\/www.maitri.pl\/projekt\/budowa-domu-burundi\/#primaryimage\"},\"image\":{\"@id\":\"https:\/\/www.maitri.pl\/projekt\/budowa-domu-burundi\/#primaryimage\"},\"thumbnailUrl\":\"https:\/\/www.maitri.pl\/wp-content\/uploads\/2022\/07\/114-karml1024_1.jpg\",\"datePublished\":\"2022-07-15T18:13:31+00:00\",\"dateModified\":\"2024-02-07T11:51:26+00:00\",\"description\":\"Budowa domu dla nauczyciela ze szko\u0142y w Gitega w Burundi. Siostry Karmelitanki chc\u0105 podarowa\u0107 miejsce do zamieszkania dla ubogiego sieroty.\",\"breadcrumb\":{\"@id\":\"https:\/\/www.maitri.pl\/projekt\/budowa-domu-burundi\/#breadcrumb\"},\"inLanguage\":\"fr-FR\",\"potentialAction\":[{\"@type\":\"ReadAction\",\"target\":[\"https:\/\/www.maitri.pl\/projekt\/budowa-domu-burundi\/\"]}]},{\"@type\":\"ImageObject\",\"inLanguage\":\"fr-FR\",\"@id\":\"https:\/\/www.maitri.pl\/projekt\/budowa-domu-burundi\/#primaryimage\",\"url\":\"https:\/\/www.maitri.pl\/wp-content\/uploads\/2022\/07\/114-karml1024_1.jpg\",\"contentUrl\":\"https:\/\/www.maitri.pl\/wp-content\/uploads\/2022\/07\/114-karml1024_1.jpg\",\"width\":346,\"height\":522,\"caption\":\"Budowa domu dla nauczyciela ze szko\u0142y w Gitega w Burundi Ruch Maitri Adopcja Serca Pomoc Afryce pomoc ubogim 01\"},{\"@type\":\"BreadcrumbList\",\"@id\":\"https:\/\/www.maitri.pl\/projekt\/budowa-domu-burundi\/#breadcrumb\",\"itemListElement\":[{\"@type\":\"ListItem\",\"position\":1,\"name\":\"Strona g\u0142\u00f3wna\",\"item\":\"https:\/\/www.maitri.pl\/\"},{\"@type\":\"ListItem\",\"position\":2,\"name\":\"Sklep\",\"item\":\"https:\/\/www.maitri.pl\/sklep\/\"},{\"@type\":\"ListItem\",\"position\":3,\"name\":\"Budowa domu dla nauczyciela ze szko\u0142y w Gitega w Burundi\"}]},{\"@type\":\"WebSite\",\"@id\":\"https:\/\/www.maitri.pl\/#website\",\"url\":\"https:\/\/www.maitri.pl\/\",\"name\":\"Adopcja Serca Maitri \u2013 pomoc dzieciom w Afryce\",\"description\":\"Adopcja Serca \u2013 adopcja na odleg\u0142o\u015b\u0107, pomoc Afryce, do\u017cywianie i edukacja w Afryce\",\"publisher\":{\"@id\":\"https:\/\/www.maitri.pl\/#organization\"},\"potentialAction\":[{\"@type\":\"SearchAction\",\"target\":{\"@type\":\"EntryPoint\",\"urlTemplate\":\"https:\/\/www.maitri.pl\/?s={search_term_string}\"},\"query-input\":{\"@type\":\"PropertyValueSpecification\",\"valueRequired\":true,\"valueName\":\"search_term_string\"}}],\"inLanguage\":\"fr-FR\"},{\"@type\":\"Organization\",\"@id\":\"https:\/\/www.maitri.pl\/#organization\",\"name\":\"Stowarzyszenie Ruchu Maitri\",\"url\":\"https:\/\/www.maitri.pl\/\",\"logo\":{\"@type\":\"ImageObject\",\"inLanguage\":\"fr-FR\",\"@id\":\"https:\/\/www.maitri.pl\/#\/schema\/logo\/image\/\",\"url\":\"https:\/\/www.maitri.pl\/wp-content\/uploads\/2020\/04\/duze_logo-81.png\",\"contentUrl\":\"https:\/\/www.maitri.pl\/wp-content\/uploads\/2020\/04\/duze_logo-81.png\",\"width\":339,\"height\":321,\"caption\":\"Stowarzyszenie Ruchu Maitri\"},\"image\":{\"@id\":\"https:\/\/www.maitri.pl\/#\/schema\/logo\/image\/\"},\"sameAs\":[\"https:\/\/www.facebook.com\/MAITRI.Adopcja.Serca.dzieci.Afryki\/\"]}]}<\/script>\n<!-- \/ Yoast SEO plugin. -->","yoast_head_json":{"title":"Budowa domu dla nauczyciela ze szko\u0142y w Gitega w Burundi","description":"Budowa domu dla nauczyciela ze szko\u0142y w Gitega w Burundi. Siostry Karmelitanki chc\u0105 podarowa\u0107 miejsce do zamieszkania dla ubogiego sieroty.","robots":{"index":"index","follow":"follow","max-snippet":"max-snippet:-1","max-image-preview":"max-image-preview:large","max-video-preview":"max-video-preview:-1"},"canonical":"https:\/\/www.maitri.pl\/projekt\/budowa-domu-burundi\/","og_locale":"fr_FR","og_type":"article","og_title":"Budowa domu dla nauczyciela ze szko\u0142y w Gitega w Burundi","og_description":"Budowa domu dla nauczyciela ze szko\u0142y w Gitega w Burundi. Siostry Karmelitanki chc\u0105 podarowa\u0107 miejsce do zamieszkania dla ubogiego sieroty.","og_url":"https:\/\/www.maitri.pl\/projekt\/budowa-domu-burundi\/","og_site_name":"Ruch Maitri - Adopcja Serca pomoc Afryce","article_publisher":"https:\/\/www.facebook.com\/MAITRI.Adopcja.Serca.dzieci.Afryki\/","article_modified_time":"2024-02-07T11:51:26+00:00","og_image":[{"width":346,"height":522,"url":"https:\/\/www.maitri.pl\/wp-content\/uploads\/2022\/07\/114-karml1024_1.jpg","type":"image\/jpeg"}],"twitter_card":"summary_large_image","twitter_misc":{"Dur\u00e9e de lecture estim\u00e9e":"3 minutes"},"schema":{"@context":"https:\/\/schema.org","@graph":[{"@type":"WebPage","@id":"https:\/\/www.maitri.pl\/projekt\/budowa-domu-burundi\/","url":"https:\/\/www.maitri.pl\/projekt\/budowa-domu-burundi\/","name":"Budowa domu dla nauczyciela ze szko\u0142y w Gitega w Burundi","isPartOf":{"@id":"https:\/\/www.maitri.pl\/#website"},"primaryImageOfPage":{"@id":"https:\/\/www.maitri.pl\/projekt\/budowa-domu-burundi\/#primaryimage"},"image":{"@id":"https:\/\/www.maitri.pl\/projekt\/budowa-domu-burundi\/#primaryimage"},"thumbnailUrl":"https:\/\/www.maitri.pl\/wp-content\/uploads\/2022\/07\/114-karml1024_1.jpg","datePublished":"2022-07-15T18:13:31+00:00","dateModified":"2024-02-07T11:51:26+00:00","description":"Budowa domu dla nauczyciela ze szko\u0142y w Gitega w Burundi. Siostry Karmelitanki chc\u0105 podarowa\u0107 miejsce do zamieszkania dla ubogiego sieroty.","breadcrumb":{"@id":"https:\/\/www.maitri.pl\/projekt\/budowa-domu-burundi\/#breadcrumb"},"inLanguage":"fr-FR","potentialAction":[{"@type":"ReadAction","target":["https:\/\/www.maitri.pl\/projekt\/budowa-domu-burundi\/"]}]},{"@type":"ImageObject","inLanguage":"fr-FR","@id":"https:\/\/www.maitri.pl\/projekt\/budowa-domu-burundi\/#primaryimage","url":"https:\/\/www.maitri.pl\/wp-content\/uploads\/2022\/07\/114-karml1024_1.jpg","contentUrl":"https:\/\/www.maitri.pl\/wp-content\/uploads\/2022\/07\/114-karml1024_1.jpg","width":346,"height":522,"caption":"Budowa domu dla nauczyciela ze szko\u0142y w Gitega w Burundi Ruch Maitri Adopcja Serca Pomoc Afryce pomoc ubogim 01"},{"@type":"BreadcrumbList","@id":"https:\/\/www.maitri.pl\/projekt\/budowa-domu-burundi\/#breadcrumb","itemListElement":[{"@type":"ListItem","position":1,"name":"Strona g\u0142\u00f3wna","item":"https:\/\/www.maitri.pl\/"},{"@type":"ListItem","position":2,"name":"Sklep","item":"https:\/\/www.maitri.pl\/sklep\/"},{"@type":"ListItem","position":3,"name":"Budowa domu dla nauczyciela ze szko\u0142y w Gitega w Burundi"}]},{"@type":"WebSite","@id":"https:\/\/www.maitri.pl\/#website","url":"https:\/\/www.maitri.pl\/","name":"Adopcja Serca Maitri \u2013 pomoc dzieciom w Afryce","description":"Adopcja Serca \u2013 adopcja na odleg\u0142o\u015b\u0107, pomoc Afryce, do\u017cywianie i edukacja w Afryce","publisher":{"@id":"https:\/\/www.maitri.pl\/#organization"},"potentialAction":[{"@type":"SearchAction","target":{"@type":"EntryPoint","urlTemplate":"https:\/\/www.maitri.pl\/?s={search_term_string}"},"query-input":{"@type":"PropertyValueSpecification","valueRequired":true,"valueName":"search_term_string"}}],"inLanguage":"fr-FR"},{"@type":"Organization","@id":"https:\/\/www.maitri.pl\/#organization","name":"Stowarzyszenie Ruchu Maitri","url":"https:\/\/www.maitri.pl\/","logo":{"@type":"ImageObject","inLanguage":"fr-FR","@id":"https:\/\/www.maitri.pl\/#\/schema\/logo\/image\/","url":"https:\/\/www.maitri.pl\/wp-content\/uploads\/2020\/04\/duze_logo-81.png","contentUrl":"https:\/\/www.maitri.pl\/wp-content\/uploads\/2020\/04\/duze_logo-81.png","width":339,"height":321,"caption":"Stowarzyszenie Ruchu Maitri"},"image":{"@id":"https:\/\/www.maitri.pl\/#\/schema\/logo\/image\/"},"sameAs":["https:\/\/www.facebook.com\/MAITRI.Adopcja.Serca.dzieci.Afryki\/"]}]}},"_links":{"self":[{"href":"https:\/\/www.maitri.pl\/fr\/wp-json\/wp\/v2\/product\/24883","targetHints":{"allow":["GET"]}}],"collection":[{"href":"https:\/\/www.maitri.pl\/fr\/wp-json\/wp\/v2\/product"}],"about":[{"href":"https:\/\/www.maitri.pl\/fr\/wp-json\/wp\/v2\/types\/product"}],"wp:featuredmedia":[{"embeddable":true,"href":"https:\/\/www.maitri.pl\/fr\/wp-json\/wp\/v2\/media\/24910"}],"wp:attachment":[{"href":"https:\/\/www.maitri.pl\/fr\/wp-json\/wp\/v2\/media?parent=24883"}],"wp:term":[{"taxonomy":"product_brand","embeddable":true,"href":"https:\/\/www.maitri.pl\/fr\/wp-json\/wp\/v2\/product_brand?post=24883"},{"taxonomy":"product_cat","embeddable":true,"href":"https:\/\/www.maitri.pl\/fr\/wp-json\/wp\/v2\/product_cat?post=24883"},{"taxonomy":"product_tag","embeddable":true,"href":"https:\/\/www.maitri.pl\/fr\/wp-json\/wp\/v2\/product_tag?post=24883"}],"curies":[{"name":"wp","href":"https:\/\/api.w.org\/{rel}","templated":true}]}}