{"id":24882,"date":"2022-07-15T20:04:05","date_gmt":"2022-07-15T18:04:05","guid":{"rendered":"https:\/\/www.maitri.pl\/?post_type=product&#038;p=24882"},"modified":"2023-02-10T12:14:21","modified_gmt":"2023-02-10T11:14:21","slug":"dozywianie-dzieci-kamerun-2","status":"publish","type":"product","link":"https:\/\/www.maitri.pl\/fr\/projekt\/dozywianie-dzieci-kamerun-2\/","title":{"rendered":"Do\u017cywianie dzieci z przedszkola w Essiengbot w Kamerunie"},"content":{"rendered":"<h4>Jedyne przedszkole w okolicy<\/h4>\n<p>Po raz kolejny zwracam si\u0119 do Was o pomoc w sfinansowaniu do\u017cywiania w przedszkolu. W ko\u0144cz\u0105cym si\u0119 roku szkolnym, nasze przedszkole przyj\u0119\u0142o 103 dzieci w trzech grupach, kt\u00f3re by\u0142y pod opiek\u0105 trzech nauczycielek. Rodzice, id\u0105c do pracy na roli, ch\u0119tnie przysy\u0142aj\u0105 swoje pociechy do przedszkola, wiedz\u0105c, ze ich dziecko obj\u0119te jest opiek\u0105, ma pomoce dydaktyczne, miejsce do zabawy i odpoczynku i oczywi\u015bcie drugie \u015bniadanie, kt\u00f3rego najcz\u0119\u015bciej nie dostaj\u0105 wychodz\u0105c z domu. Dlatego te\u017c staramy si\u0119 zapewni\u0107 ka\u017cdego roku do\u017cywianie dzieci w przedszkolu. Potrzeba do\u017cywiania jest konieczna zw\u0142aszcza dla najm\u0142odszych dzieci z przedszkola. Najedzone dzieci ch\u0119tniej bior\u0105 udzia\u0142 w zaj\u0119ciach.\u00a0 W\u015br\u00f3d nich s\u0105 podopieczni programu <a href=\"https:\/\/www.maitri.pl\/adopcja-serca\/\" target=\"_blank\" rel=\"noopener\">Adopcja Serca<\/a>.<\/p>\n<h4>Ch\u0119tniej ucz\u0105 si\u0119 z pe\u0142nym brzuszkiem<\/h4>\n<p>Ub\u00f3stwo tutejszej populacji sprawia, ze rodzice nie s\u0105 w stanie zapewni\u0107 wszystkich potrzeb swoich dzieci. W tej sytuacji staramy si\u0119 nie\u015b\u0107 pomoc na odcinkach, kt\u00f3re zosta\u0142y nam powierzone.\u00a0Od kilku lat dzieci z przedszkola w Essiengbot uczestnicz\u0105 w projekcie do\u017cywiania. Dzi\u0119ki pomocy Maitri ka\u017cdy rok szkolny w przedszkolu jest czasem nauki, zabawy, ale tak\u017ce wspomnieniem mleka, p\u0105czka, ry\u017cu i ryby. Chwila posi\u0142ku jest bardzo wa\u017cna i ka\u017cde z dzieci zajmuje miejsce przy stoliku, oczekuj\u0105c na swoj\u0105 kolejk\u0119. Do\u017cywianie dzieci odbywa si\u0119 przez 8 miesi\u0119cy. Od wrze\u015bnia 2022 do maja 2023 z przerwami na ferie \u015bwi\u0105t Bo\u017cego Narodzenia i Wielkanocy.<\/p>\n<p>1) Trzy razy w tygodniu dzieci otrzymuj\u0105 begnets (kameru\u0144skie p\u0105czki) oraz mleko.<\/p>\n<p>2) Pozosta\u0142e dwa dni w tygodniu: ry\u017c w sosie z orzech\u00f3w ziemnych, ryba, lub cukierki b\u0105d\u017a ciastka.<\/p>\n<p>Bardzo gor\u0105co dzi\u0119kuj\u0119 za wsparcie do\u017cywiania w poprzednim roku szkolnym, za otrzyman\u0105 pomoc. Bez niej by\u0142oby trudno zorganizowa\u0107 posi\u0142ek. Niech dobry B\u00f3g udziela Wam swych \u0142ask, niech darzy swym b\u0142ogos\u0142awie\u0144stwem i daje wiele rado\u015bci z dzie\u0142a, kt\u00f3re zosta\u0142o Wam powierzone. Zapewniam o sta\u0142ej pami\u0119ci w modlitwie.<\/p>\n<p><em>Siostra<\/em> <em> Regina Kozio\u0142, <a href=\"https:\/\/www.providentia.pl\/\" target=\"_blank\" rel=\"noopener noreferrer\">Zgromadzenie Si\u00f3str Opatrzno\u015bci Bo\u017cej<\/a><\/em><\/p>\n<p><strong>Kosztorys:<\/strong><\/p>\n<p>Ad 1)\u00a0 1 posi\u0142ek 120F x 3 x 100 = 36.000F<\/p>\n<p>36.000F x 4 tygodnie = 144.000F\u00a0 x 8 miesi\u0119cy = <strong>1.152.000F<\/strong><\/p>\n<p>Ad 2)\u00a0\u00a0 100F x 2 x 100 =\u00a0 20.000F x 4 tyg =\u00a0\u00a0 80.000F x 4 mies =\u00a0 <strong>320.000F <\/strong><\/p>\n<p>400F x 2 x 100 = 80.000F x 4 tyg = 320.000F x 4 mies = <strong>1.280.000F <\/strong><\/p>\n<p><strong>RAZEM<\/strong>\u00a0 : <strong>2.752.000 F<\/strong><\/p>\n<p style=\"text-align: justify;\"><b style=\"font-size: large; color: #ff0000;\">Kwota projektu: 2.220 \u20ac<\/b><\/p>\n<p style=\"text-align: justify;\" align=\"JUSTIFY\">Numer projektu: <strong>49\/OPATR<\/strong><\/p>\n<p style=\"text-align: justify;\" align=\"JUSTIFY\"><span style=\"color: #808080;\">Stowarzyszenie Ruchu\u00a0<em>Maitri<\/em>\u00a0przeznacza do 10% otrzymanych \u015brodk\u00f3w na koszty funkcjonowania biura i pozyskiwanie funduszy pomocowych.<\/span><\/p>\n<h3 style=\"text-align: justify;\" align=\"JUSTIFY\"><span style=\"color: #808080;\">Siostry Opatrzno\u015bci Bo\u017cej: do\u017cywianie dzieci z przedszkola w Essiengbot w Kamerunie<\/span><\/h3>\n","protected":false},"excerpt":{"rendered":"<p><strong>Projekt:\u00a0<\/strong> s. Regina Kozio\u0142, <a href=\"https:\/\/www.providentia.pl\/\" target=\"_blank\" rel=\"noopener noreferrer\">Zgromadzenie Si\u00f3str Opatrzno\u015bci Bo\u017cej<\/a><br \/>\n<strong>Misja:<\/strong> Essiengbot, <a href=\"https:\/\/www.maitri.pl\/gdzie-pomagamy\/\" target=\"_blank\" rel=\"noopener noreferrer\">Kamerun<\/a><br \/>\n<strong>Kwota projektu: <span style=\"color: #ff0000;\">2.220 \u20ac<\/span><\/strong><\/p>\n","protected":false},"featured_media":24890,"template":"","meta":[],"product_brand":[],"product_cat":[656],"product_tag":[676,684,658,685,686],"class_list":{"0":"post-24882","1":"product","2":"type-product","3":"status-publish","4":"has-post-thumbnail","6":"product_cat-bez-kategorii","7":"product_tag-dozywianie","8":"product_tag-essiengbot","9":"product_tag-kamerun","10":"product_tag-siostra-regina-koziol","11":"product_tag-zgromadzenie-siostr-opatrznosci-bozej","13":"first","14":"instock","15":"virtual","16":"purchasable","17":"product-type-simple"},"yoast_head":"<!-- This site is optimized with the Yoast SEO plugin v27.2 - https:\/\/yoast.com\/product\/yoast-seo-wordpress\/ -->\n<title>Do\u017cywianie dzieci z przedszkola w Essiengbot w Kamerunie<\/title>\n<meta name=\"description\" content=\"Siostry Opatrzno\u015bci Bo\u017cej prowadz\u0105 do\u017cywianie dzieci z przedszkola w Essiengbot w Kamerunie. Ka\u017cda pomoc si\u0119 liczy!\" \/>\n<meta name=\"robots\" content=\"index, follow, max-snippet:-1, max-image-preview:large, max-video-preview:-1\" \/>\n<link rel=\"canonical\" href=\"https:\/\/www.maitri.pl\/projekt\/dozywianie-dzieci-kamerun-2\/\" \/>\n<meta property=\"og:locale\" content=\"fr_FR\" \/>\n<meta property=\"og:type\" content=\"article\" \/>\n<meta property=\"og:title\" content=\"Do\u017cywianie dzieci z przedszkola w Essiengbot w Kamerunie\" \/>\n<meta property=\"og:description\" content=\"Siostry Opatrzno\u015bci Bo\u017cej prowadz\u0105 do\u017cywianie dzieci z przedszkola w Essiengbot w Kamerunie. Ka\u017cda pomoc si\u0119 liczy!\" \/>\n<meta property=\"og:url\" content=\"https:\/\/www.maitri.pl\/projekt\/dozywianie-dzieci-kamerun-2\/\" \/>\n<meta property=\"og:site_name\" content=\"Ruch Maitri - Adopcja Serca pomoc Afryce\" \/>\n<meta property=\"article:publisher\" content=\"https:\/\/www.facebook.com\/MAITRI.Adopcja.Serca.dzieci.Afryki\/\" \/>\n<meta property=\"article:modified_time\" content=\"2023-02-10T11:14:21+00:00\" \/>\n<meta property=\"og:image\" content=\"https:\/\/www.maitri.pl\/wp-content\/uploads\/2022\/07\/DSCF4593.jpg\" \/>\n\t<meta property=\"og:image:width\" content=\"1959\" \/>\n\t<meta property=\"og:image:height\" content=\"1306\" \/>\n\t<meta property=\"og:image:type\" content=\"image\/jpeg\" \/>\n<meta name=\"twitter:card\" content=\"summary_large_image\" \/>\n<meta name=\"twitter:label1\" content=\"Dur\u00e9e de lecture estim\u00e9e\" \/>\n\t<meta name=\"twitter:data1\" content=\"3 minutes\" \/>\n<script type=\"application\/ld+json\" class=\"yoast-schema-graph\">{\"@context\":\"https:\/\/schema.org\",\"@graph\":[{\"@type\":\"WebPage\",\"@id\":\"https:\/\/www.maitri.pl\/projekt\/dozywianie-dzieci-kamerun-2\/\",\"url\":\"https:\/\/www.maitri.pl\/projekt\/dozywianie-dzieci-kamerun-2\/\",\"name\":\"Do\u017cywianie dzieci z przedszkola w Essiengbot w Kamerunie\",\"isPartOf\":{\"@id\":\"https:\/\/www.maitri.pl\/#website\"},\"primaryImageOfPage\":{\"@id\":\"https:\/\/www.maitri.pl\/projekt\/dozywianie-dzieci-kamerun-2\/#primaryimage\"},\"image\":{\"@id\":\"https:\/\/www.maitri.pl\/projekt\/dozywianie-dzieci-kamerun-2\/#primaryimage\"},\"thumbnailUrl\":\"https:\/\/www.maitri.pl\/wp-content\/uploads\/2022\/07\/DSCF4593.jpg\",\"datePublished\":\"2022-07-15T18:04:05+00:00\",\"dateModified\":\"2023-02-10T11:14:21+00:00\",\"description\":\"Siostry Opatrzno\u015bci Bo\u017cej prowadz\u0105 do\u017cywianie dzieci z przedszkola w Essiengbot w Kamerunie. Ka\u017cda pomoc si\u0119 liczy!\",\"breadcrumb\":{\"@id\":\"https:\/\/www.maitri.pl\/projekt\/dozywianie-dzieci-kamerun-2\/#breadcrumb\"},\"inLanguage\":\"fr-FR\",\"potentialAction\":[{\"@type\":\"ReadAction\",\"target\":[\"https:\/\/www.maitri.pl\/projekt\/dozywianie-dzieci-kamerun-2\/\"]}]},{\"@type\":\"ImageObject\",\"inLanguage\":\"fr-FR\",\"@id\":\"https:\/\/www.maitri.pl\/projekt\/dozywianie-dzieci-kamerun-2\/#primaryimage\",\"url\":\"https:\/\/www.maitri.pl\/wp-content\/uploads\/2022\/07\/DSCF4593.jpg\",\"contentUrl\":\"https:\/\/www.maitri.pl\/wp-content\/uploads\/2022\/07\/DSCF4593.jpg\",\"width\":1959,\"height\":1306,\"caption\":\"Do\u017cywianie dzieci z przedszkola w Essiengbot w Kamerunie 01 Pomoc Afryce Adopcja Serca 01\"},{\"@type\":\"BreadcrumbList\",\"@id\":\"https:\/\/www.maitri.pl\/projekt\/dozywianie-dzieci-kamerun-2\/#breadcrumb\",\"itemListElement\":[{\"@type\":\"ListItem\",\"position\":1,\"name\":\"Strona g\u0142\u00f3wna\",\"item\":\"https:\/\/www.maitri.pl\/\"},{\"@type\":\"ListItem\",\"position\":2,\"name\":\"Sklep\",\"item\":\"https:\/\/www.maitri.pl\/sklep\/\"},{\"@type\":\"ListItem\",\"position\":3,\"name\":\"Do\u017cywianie dzieci z przedszkola w Essiengbot w Kamerunie\"}]},{\"@type\":\"WebSite\",\"@id\":\"https:\/\/www.maitri.pl\/#website\",\"url\":\"https:\/\/www.maitri.pl\/\",\"name\":\"Adopcja Serca Maitri \u2013 pomoc dzieciom w Afryce\",\"description\":\"Adopcja Serca \u2013 adopcja na odleg\u0142o\u015b\u0107, pomoc Afryce, do\u017cywianie i edukacja w Afryce\",\"publisher\":{\"@id\":\"https:\/\/www.maitri.pl\/#organization\"},\"potentialAction\":[{\"@type\":\"SearchAction\",\"target\":{\"@type\":\"EntryPoint\",\"urlTemplate\":\"https:\/\/www.maitri.pl\/?s={search_term_string}\"},\"query-input\":{\"@type\":\"PropertyValueSpecification\",\"valueRequired\":true,\"valueName\":\"search_term_string\"}}],\"inLanguage\":\"fr-FR\"},{\"@type\":\"Organization\",\"@id\":\"https:\/\/www.maitri.pl\/#organization\",\"name\":\"Stowarzyszenie Ruchu Maitri\",\"url\":\"https:\/\/www.maitri.pl\/\",\"logo\":{\"@type\":\"ImageObject\",\"inLanguage\":\"fr-FR\",\"@id\":\"https:\/\/www.maitri.pl\/#\/schema\/logo\/image\/\",\"url\":\"https:\/\/www.maitri.pl\/wp-content\/uploads\/2020\/04\/duze_logo-81.png\",\"contentUrl\":\"https:\/\/www.maitri.pl\/wp-content\/uploads\/2020\/04\/duze_logo-81.png\",\"width\":339,\"height\":321,\"caption\":\"Stowarzyszenie Ruchu Maitri\"},\"image\":{\"@id\":\"https:\/\/www.maitri.pl\/#\/schema\/logo\/image\/\"},\"sameAs\":[\"https:\/\/www.facebook.com\/MAITRI.Adopcja.Serca.dzieci.Afryki\/\"]}]}<\/script>\n<!-- \/ Yoast SEO plugin. -->","yoast_head_json":{"title":"Do\u017cywianie dzieci z przedszkola w Essiengbot w Kamerunie","description":"Siostry Opatrzno\u015bci Bo\u017cej prowadz\u0105 do\u017cywianie dzieci z przedszkola w Essiengbot w Kamerunie. Ka\u017cda pomoc si\u0119 liczy!","robots":{"index":"index","follow":"follow","max-snippet":"max-snippet:-1","max-image-preview":"max-image-preview:large","max-video-preview":"max-video-preview:-1"},"canonical":"https:\/\/www.maitri.pl\/projekt\/dozywianie-dzieci-kamerun-2\/","og_locale":"fr_FR","og_type":"article","og_title":"Do\u017cywianie dzieci z przedszkola w Essiengbot w Kamerunie","og_description":"Siostry Opatrzno\u015bci Bo\u017cej prowadz\u0105 do\u017cywianie dzieci z przedszkola w Essiengbot w Kamerunie. Ka\u017cda pomoc si\u0119 liczy!","og_url":"https:\/\/www.maitri.pl\/projekt\/dozywianie-dzieci-kamerun-2\/","og_site_name":"Ruch Maitri - Adopcja Serca pomoc Afryce","article_publisher":"https:\/\/www.facebook.com\/MAITRI.Adopcja.Serca.dzieci.Afryki\/","article_modified_time":"2023-02-10T11:14:21+00:00","og_image":[{"width":1959,"height":1306,"url":"https:\/\/www.maitri.pl\/wp-content\/uploads\/2022\/07\/DSCF4593.jpg","type":"image\/jpeg"}],"twitter_card":"summary_large_image","twitter_misc":{"Dur\u00e9e de lecture estim\u00e9e":"3 minutes"},"schema":{"@context":"https:\/\/schema.org","@graph":[{"@type":"WebPage","@id":"https:\/\/www.maitri.pl\/projekt\/dozywianie-dzieci-kamerun-2\/","url":"https:\/\/www.maitri.pl\/projekt\/dozywianie-dzieci-kamerun-2\/","name":"Do\u017cywianie dzieci z przedszkola w Essiengbot w Kamerunie","isPartOf":{"@id":"https:\/\/www.maitri.pl\/#website"},"primaryImageOfPage":{"@id":"https:\/\/www.maitri.pl\/projekt\/dozywianie-dzieci-kamerun-2\/#primaryimage"},"image":{"@id":"https:\/\/www.maitri.pl\/projekt\/dozywianie-dzieci-kamerun-2\/#primaryimage"},"thumbnailUrl":"https:\/\/www.maitri.pl\/wp-content\/uploads\/2022\/07\/DSCF4593.jpg","datePublished":"2022-07-15T18:04:05+00:00","dateModified":"2023-02-10T11:14:21+00:00","description":"Siostry Opatrzno\u015bci Bo\u017cej prowadz\u0105 do\u017cywianie dzieci z przedszkola w Essiengbot w Kamerunie. Ka\u017cda pomoc si\u0119 liczy!","breadcrumb":{"@id":"https:\/\/www.maitri.pl\/projekt\/dozywianie-dzieci-kamerun-2\/#breadcrumb"},"inLanguage":"fr-FR","potentialAction":[{"@type":"ReadAction","target":["https:\/\/www.maitri.pl\/projekt\/dozywianie-dzieci-kamerun-2\/"]}]},{"@type":"ImageObject","inLanguage":"fr-FR","@id":"https:\/\/www.maitri.pl\/projekt\/dozywianie-dzieci-kamerun-2\/#primaryimage","url":"https:\/\/www.maitri.pl\/wp-content\/uploads\/2022\/07\/DSCF4593.jpg","contentUrl":"https:\/\/www.maitri.pl\/wp-content\/uploads\/2022\/07\/DSCF4593.jpg","width":1959,"height":1306,"caption":"Do\u017cywianie dzieci z przedszkola w Essiengbot w Kamerunie 01 Pomoc Afryce Adopcja Serca 01"},{"@type":"BreadcrumbList","@id":"https:\/\/www.maitri.pl\/projekt\/dozywianie-dzieci-kamerun-2\/#breadcrumb","itemListElement":[{"@type":"ListItem","position":1,"name":"Strona g\u0142\u00f3wna","item":"https:\/\/www.maitri.pl\/"},{"@type":"ListItem","position":2,"name":"Sklep","item":"https:\/\/www.maitri.pl\/sklep\/"},{"@type":"ListItem","position":3,"name":"Do\u017cywianie dzieci z przedszkola w Essiengbot w Kamerunie"}]},{"@type":"WebSite","@id":"https:\/\/www.maitri.pl\/#website","url":"https:\/\/www.maitri.pl\/","name":"Adopcja Serca Maitri \u2013 pomoc dzieciom w Afryce","description":"Adopcja Serca \u2013 adopcja na odleg\u0142o\u015b\u0107, pomoc Afryce, do\u017cywianie i edukacja w Afryce","publisher":{"@id":"https:\/\/www.maitri.pl\/#organization"},"potentialAction":[{"@type":"SearchAction","target":{"@type":"EntryPoint","urlTemplate":"https:\/\/www.maitri.pl\/?s={search_term_string}"},"query-input":{"@type":"PropertyValueSpecification","valueRequired":true,"valueName":"search_term_string"}}],"inLanguage":"fr-FR"},{"@type":"Organization","@id":"https:\/\/www.maitri.pl\/#organization","name":"Stowarzyszenie Ruchu Maitri","url":"https:\/\/www.maitri.pl\/","logo":{"@type":"ImageObject","inLanguage":"fr-FR","@id":"https:\/\/www.maitri.pl\/#\/schema\/logo\/image\/","url":"https:\/\/www.maitri.pl\/wp-content\/uploads\/2020\/04\/duze_logo-81.png","contentUrl":"https:\/\/www.maitri.pl\/wp-content\/uploads\/2020\/04\/duze_logo-81.png","width":339,"height":321,"caption":"Stowarzyszenie Ruchu Maitri"},"image":{"@id":"https:\/\/www.maitri.pl\/#\/schema\/logo\/image\/"},"sameAs":["https:\/\/www.facebook.com\/MAITRI.Adopcja.Serca.dzieci.Afryki\/"]}]}},"_links":{"self":[{"href":"https:\/\/www.maitri.pl\/fr\/wp-json\/wp\/v2\/product\/24882","targetHints":{"allow":["GET"]}}],"collection":[{"href":"https:\/\/www.maitri.pl\/fr\/wp-json\/wp\/v2\/product"}],"about":[{"href":"https:\/\/www.maitri.pl\/fr\/wp-json\/wp\/v2\/types\/product"}],"wp:featuredmedia":[{"embeddable":true,"href":"https:\/\/www.maitri.pl\/fr\/wp-json\/wp\/v2\/media\/24890"}],"wp:attachment":[{"href":"https:\/\/www.maitri.pl\/fr\/wp-json\/wp\/v2\/media?parent=24882"}],"wp:term":[{"taxonomy":"product_brand","embeddable":true,"href":"https:\/\/www.maitri.pl\/fr\/wp-json\/wp\/v2\/product_brand?post=24882"},{"taxonomy":"product_cat","embeddable":true,"href":"https:\/\/www.maitri.pl\/fr\/wp-json\/wp\/v2\/product_cat?post=24882"},{"taxonomy":"product_tag","embeddable":true,"href":"https:\/\/www.maitri.pl\/fr\/wp-json\/wp\/v2\/product_tag?post=24882"}],"curies":[{"name":"wp","href":"https:\/\/api.w.org\/{rel}","templated":true}]}}