{"id":24815,"date":"2022-07-08T17:25:13","date_gmt":"2022-07-08T15:25:13","guid":{"rendered":"https:\/\/www.maitri.pl\/?post_type=product&#038;p=24815"},"modified":"2023-02-10T12:15:00","modified_gmt":"2023-02-10T11:15:00","slug":"lekarstwa-esseng","status":"publish","type":"product","link":"https:\/\/www.maitri.pl\/fr\/projekt\/lekarstwa-esseng\/","title":{"rendered":"Podaruj lekarstwa dla chorych z o\u015brodka zdrowia w Essengu"},"content":{"rendered":"<h4>Z dala od cywilizacji<\/h4>\n<p>O\u015brodek Zdrowia w Essengu to wiejska przychodnia, kt\u00f3ra dzia\u0142a od 1980r. Podstawow\u0105 opiek\u0105 medyczn\u0105 obejmujemy cztery wioski, w kt\u00f3rych mieszka 2,5 tys. os\u00f3b, ale zg\u0142aszaj\u0105 si\u0119 tak\u017ce chorzy z innych miejscowo\u015bci, kt\u00f3rzy przebywaj\u0105 odleg\u0142o\u015bci typu 15-20 km. Nie mamy tu lekarza, a wi\u0119c konsultacje chorych, odbieranie porod\u00f3w i hospitalizacje ci\u0119\u017cko chorych prowadzimy sami. Nasz zesp\u00f3\u0142 liczy 8 os\u00f3b, jest w\u015br\u00f3d nich piel\u0119gniarz, trzy pomoce piel\u0119gniarskie, dw\u00f3ch laborant\u00f3w i kasjer, kt\u00f3ry jest jednocze\u015bnie kierowc\u0105. Najbli\u017cszy szpital znajduje si\u0119 w Abong Mbang. To 70 km od nas. Do szpitala wiedzie b\u0142otnista droga, cz\u0119sto nieprzejezdna w porze deszczowej. Dlatego do szpitala odsy\u0142amy tylko wtedy, kiedy chory wymaga interwencji specjalistycznej, g\u0142\u00f3wnie chirurgicznej lub transfuzji krwi. Najcz\u0119\u015bciej ludzie zg\u0142aszaj\u0105cy si\u0119 do nas choruj\u0105 na malari\u0119, cz\u0119sto po\u0142\u0105czon\u0105 z anemi\u0105, robaczyce, infekcje dr\u00f3g oddechowych, AIDS, zapalenie w\u0105troby B i C, inne infekcje przekazywane drog\u0105 p\u0142ciow\u0105. Trafiaj\u0105 si\u0119 tak\u017ce niedo\u017cywieni i przewlekle chorzy. Coraz cz\u0119\u015bciej spotykamy choroby nowotworowe w zaawansowanym stadium oraz chorych z obra\u017ceniami po wypadkach. Prosimy o lekarstwa dla chorych z Essengu.<\/p>\n<h4>Brakuje lekarstw dla chorych<\/h4>\n<p>Rocznie przyjmujemy ok. 2,5 tys. chorych, 120 porod\u00f3w, 60 dzieci z niedo\u017cywieniem, 600 hospitalizacji. Chorzy trafiaj\u0105cy do nas s\u0105 ju\u017c zazwyczaj po wcze\u015bniejszym \u201eleczeniu\u201d tradycyjnym. S\u0105 wyniszczeni produktami \u00ab\u00a0szaman\u00f3w\u00a0\u00bb i stan ich jest ci\u0119\u017cki. Potrzebuj\u0105 podania g\u0142\u00f3wnie do\u017cylnych lek\u00f3w o szybkiej interwencji oraz nawodnienia organizmu. Potrzebne s\u0105 tak\u017ce kropl\u00f3wki do podania chininy w przypadku malarii, lek\u00f3w i antybiotyk\u00f3w, aby jak najszybciej zapobiec rozwijaniu si\u0119 infekcji. Konieczne jest tak\u017ce \u017celazo i witaminy dla wzmocnienia ich organizmu oraz zapobiegania anemii i innych powik\u0142a\u0144. W\u015br\u00f3d pacjent\u00f3w mamy te\u017c chorych na AIDS, kt\u00f3rymi nasz o\u015brodek zajmuje si\u0119 ju\u017c od ponad dziesi\u0119ciu lat. Aktualnie z leczenia u nas korzysta ok. 300 os\u00f3b. Oczywi\u015bcie ich leczenie jest darmowe, ale potrzebuj\u0105 tak\u017ce lek\u00f3w na choroby towarzysz\u0105ce. Do o\u015brodka zdrowia zg\u0142aszaj\u0105 si\u0119 r\u00f3wnie\u017c sieroty i inne osoby biedne, opuszczone, samotne, kt\u00f3rym niesiemy pomoc medyczn\u0105 i nie tylko. Coraz cz\u0119\u015bciej, niestety, spotykamy osoby w ostatnim stadium nowotworu (trzustki, w\u0105troby, piersi). Odwiedzamy ich r\u00f3wnie\u017c w domach.<\/p>\n<h4>Wydajna pomoc<\/h4>\n<p>Pod \u015bcis\u0142\u0105 opiek\u0105 i regularn\u0105 kontrol\u0105 s\u0105 tak\u017ce mamy po porodzie i ich dzieci. Dzi\u0119ki obecno\u015bci dw\u00f3ch laborant\u00f3w i prowadzonym przez nich badaniom, nasza pomoc dla chorych jest bardziej wydajna, a leczenie w\u0142a\u015bciwie ukierunkowane. Podstaw\u0105 leczenia w o\u015brodku zdrowia jest dobrze funkcjonuj\u0105ce laboratorium i zaopatrzona w lekarstwa apteka. Miejscowa ludno\u015b\u0107 zajmuje si\u0119 g\u0142\u00f3wnie upraw\u0105 kakao, arachid\u00f3w i kawy oraz manioku. To stanowi ich \u017ar\u00f3d\u0142o utrzymania. Ze zbior\u00f3w musz\u0105 op\u0142aci\u0107 szko\u0142\u0119 dzieciom, utrzyma\u0107 rodzin\u0119. Cz\u0119sto nie wystarcza im na podstawowe potrzeby \u017cyciowe, a co dopiero m\u00f3wi\u0107 o leczeniu. Nie ma na lekarstwa dla chorych. Choroby zawsze s\u0105 nieprzewidziane i zazwyczaj spadaj\u0105 nag\u0142e. Op\u0142aty w naszym o\u015brodku s\u0105 niewielkie, ale i te przekraczaj\u0105 ich mo\u017cliwo\u015bci. Dzi\u0119ki Waszej pomocy ka\u017cdy zg\u0142aszaj\u0105cy si\u0119 chory jest przyj\u0119ty i leczony, dostaje odpowiednie leki. To w\u0142a\u015bnie dzi\u0119ki Wam ratujemy im zdrowie, a nawet \u017cycie.<\/p>\n<p>Pozdrawiamy Was bardzo gor\u0105co z naszej misji w Essengu. Pragniemy wyrazi\u0107 wdzi\u0119czno\u015b\u0107, w imieniu\u00a0 naszych podopiecznych, kt\u00f3rym pospieszyli\u015bcie z pomoc\u0105 kolejny ju\u017c raz.<\/p>\n<p><strong>Kosztorys:<\/strong><\/p>\n<p>Lekarstwa wg specyfikacji &#8211;\u00a0 <strong>3.250.000 frank\u00f3w CFA<\/strong><\/p>\n<p><strong>Podsumowanie w miejscowej walucie &#8211; 3.250.000 frank\u00f3w CFA <\/strong><\/p>\n<p>Siostra Barbara Pustu\u0142ka, <a href=\"https:\/\/www.karmelitanki.pl\/\" target=\"_blank\" rel=\"noopener noreferrer\">Zgromadzenie Si\u00f3str od Anio\u0142\u00f3w<\/a><\/p>\n<p><b style=\"font-size: large; color: #ff0000;\">Kwota: 2.780 \u20ac <\/b><\/p>\n<p style=\"text-align: justify;\" align=\"JUSTIFY\"><span style=\"color: #808080;\">Stowarzyszenie Ruchu\u00a0<em>Maitri<\/em> przeznacza do 10% otrzymanych \u015brodk\u00f3w na koszty funkcjonowania biura i pozyskiwanie funduszy pomocowych. <\/span><\/p>\n<h2 style=\"text-align: justify;\" align=\"JUSTIFY\"><span style=\"color: #808080;\">Podaruj lekarstwa dla chorych z o\u015brodka zdrowia w Essengu w Kamerunie<\/span><\/h2>\n","protected":false},"excerpt":{"rendered":"<p><strong>Projekt:<\/strong> Siostra Barbara Pustu\u0142ka, <a href=\"https:\/\/www.karmelitanki.pl\/\" target=\"_blank\" rel=\"noopener noreferrer\">Zgromadzenie Si\u00f3str od Anio\u0142\u00f3w<\/a><br \/>\n<strong>Misja:<\/strong> Esseng, <a href=\"https:\/\/www.maitri.pl\/gdzie-pomagamy\/\" target=\"_blank\" rel=\"noopener noreferrer\">Kamerun<\/a><br \/>\n<strong>Kwota projektu:<\/strong> <span style=\"color: #ff0000;\"><strong>2.780 \u20ac<\/strong><\/span><\/p>\n","protected":false},"featured_media":24844,"template":"","meta":[],"product_brand":[],"product_cat":[656],"product_tag":[663,658,681,829,665],"class_list":{"0":"post-24815","1":"product","2":"type-product","3":"status-publish","4":"has-post-thumbnail","6":"product_cat-bez-kategorii","7":"product_tag-esseng","8":"product_tag-kamerun","9":"product_tag-leki","10":"product_tag-siostra-barbara-pustulka","11":"product_tag-zgromadzenie-siostr-od-aniolow","13":"first","14":"instock","15":"virtual","16":"purchasable","17":"product-type-simple"},"yoast_head":"<!-- This site is optimized with the Yoast SEO plugin v27.2 - https:\/\/yoast.com\/product\/yoast-seo-wordpress\/ -->\n<title>Podaruj lekarstwa dla chorych z o\u015brodka zdrowia w Essengu<\/title>\n<meta name=\"description\" content=\"Przychodnia Esseng potrzebuje lekarstwa dla chorych. Nikt nie odchodzi stamt\u0105d bez pomocy. To w\u0142a\u015bnie dzi\u0119ki Wam ratujemy im zdrowie.\" \/>\n<meta name=\"robots\" content=\"index, follow, max-snippet:-1, max-image-preview:large, max-video-preview:-1\" \/>\n<link rel=\"canonical\" href=\"https:\/\/www.maitri.pl\/projekt\/lekarstwa-esseng\/\" \/>\n<meta property=\"og:locale\" content=\"fr_FR\" \/>\n<meta property=\"og:type\" content=\"article\" \/>\n<meta property=\"og:title\" content=\"Podaruj lekarstwa dla chorych z o\u015brodka zdrowia w Essengu\" \/>\n<meta property=\"og:description\" content=\"Przychodnia Esseng potrzebuje lekarstwa dla chorych. Nikt nie odchodzi stamt\u0105d bez pomocy. To w\u0142a\u015bnie dzi\u0119ki Wam ratujemy im zdrowie.\" \/>\n<meta property=\"og:url\" content=\"https:\/\/www.maitri.pl\/projekt\/lekarstwa-esseng\/\" \/>\n<meta property=\"og:site_name\" content=\"Ruch Maitri - Adopcja Serca pomoc Afryce\" \/>\n<meta property=\"article:publisher\" content=\"https:\/\/www.facebook.com\/MAITRI.Adopcja.Serca.dzieci.Afryki\/\" \/>\n<meta property=\"article:modified_time\" content=\"2023-02-10T11:15:00+00:00\" \/>\n<meta property=\"og:image\" content=\"https:\/\/www.maitri.pl\/wp-content\/uploads\/2022\/07\/153-aniol-2.jpeg\" \/>\n\t<meta property=\"og:image:width\" content=\"1600\" \/>\n\t<meta property=\"og:image:height\" content=\"1200\" \/>\n\t<meta property=\"og:image:type\" content=\"image\/jpeg\" \/>\n<meta name=\"twitter:card\" content=\"summary_large_image\" \/>\n<meta name=\"twitter:label1\" content=\"Dur\u00e9e de lecture estim\u00e9e\" \/>\n\t<meta name=\"twitter:data1\" content=\"4 minutes\" \/>\n<script type=\"application\/ld+json\" class=\"yoast-schema-graph\">{\"@context\":\"https:\/\/schema.org\",\"@graph\":[{\"@type\":\"WebPage\",\"@id\":\"https:\/\/www.maitri.pl\/projekt\/lekarstwa-esseng\/\",\"url\":\"https:\/\/www.maitri.pl\/projekt\/lekarstwa-esseng\/\",\"name\":\"Podaruj lekarstwa dla chorych z o\u015brodka zdrowia w Essengu\",\"isPartOf\":{\"@id\":\"https:\/\/www.maitri.pl\/#website\"},\"primaryImageOfPage\":{\"@id\":\"https:\/\/www.maitri.pl\/projekt\/lekarstwa-esseng\/#primaryimage\"},\"image\":{\"@id\":\"https:\/\/www.maitri.pl\/projekt\/lekarstwa-esseng\/#primaryimage\"},\"thumbnailUrl\":\"https:\/\/www.maitri.pl\/wp-content\/uploads\/2022\/07\/153-aniol-2.jpeg\",\"datePublished\":\"2022-07-08T15:25:13+00:00\",\"dateModified\":\"2023-02-10T11:15:00+00:00\",\"description\":\"Przychodnia Esseng potrzebuje lekarstwa dla chorych. Nikt nie odchodzi stamt\u0105d bez pomocy. To w\u0142a\u015bnie dzi\u0119ki Wam ratujemy im zdrowie.\",\"breadcrumb\":{\"@id\":\"https:\/\/www.maitri.pl\/projekt\/lekarstwa-esseng\/#breadcrumb\"},\"inLanguage\":\"fr-FR\",\"potentialAction\":[{\"@type\":\"ReadAction\",\"target\":[\"https:\/\/www.maitri.pl\/projekt\/lekarstwa-esseng\/\"]}]},{\"@type\":\"ImageObject\",\"inLanguage\":\"fr-FR\",\"@id\":\"https:\/\/www.maitri.pl\/projekt\/lekarstwa-esseng\/#primaryimage\",\"url\":\"https:\/\/www.maitri.pl\/wp-content\/uploads\/2022\/07\/153-aniol-2.jpeg\",\"contentUrl\":\"https:\/\/www.maitri.pl\/wp-content\/uploads\/2022\/07\/153-aniol-2.jpeg\",\"width\":1600,\"height\":1200,\"caption\":\"Podaruj lekarstwa dla chorych z o\u015brodka zdrowia w Essengu Ruch Maitri pomoc Afryce Adopcja Serca 01\"},{\"@type\":\"BreadcrumbList\",\"@id\":\"https:\/\/www.maitri.pl\/projekt\/lekarstwa-esseng\/#breadcrumb\",\"itemListElement\":[{\"@type\":\"ListItem\",\"position\":1,\"name\":\"Strona g\u0142\u00f3wna\",\"item\":\"https:\/\/www.maitri.pl\/\"},{\"@type\":\"ListItem\",\"position\":2,\"name\":\"Sklep\",\"item\":\"https:\/\/www.maitri.pl\/sklep\/\"},{\"@type\":\"ListItem\",\"position\":3,\"name\":\"Podaruj lekarstwa dla chorych z o\u015brodka zdrowia w Essengu\"}]},{\"@type\":\"WebSite\",\"@id\":\"https:\/\/www.maitri.pl\/#website\",\"url\":\"https:\/\/www.maitri.pl\/\",\"name\":\"Adopcja Serca Maitri \u2013 pomoc dzieciom w Afryce\",\"description\":\"Adopcja Serca \u2013 adopcja na odleg\u0142o\u015b\u0107, pomoc Afryce, do\u017cywianie i edukacja w Afryce\",\"publisher\":{\"@id\":\"https:\/\/www.maitri.pl\/#organization\"},\"potentialAction\":[{\"@type\":\"SearchAction\",\"target\":{\"@type\":\"EntryPoint\",\"urlTemplate\":\"https:\/\/www.maitri.pl\/?s={search_term_string}\"},\"query-input\":{\"@type\":\"PropertyValueSpecification\",\"valueRequired\":true,\"valueName\":\"search_term_string\"}}],\"inLanguage\":\"fr-FR\"},{\"@type\":\"Organization\",\"@id\":\"https:\/\/www.maitri.pl\/#organization\",\"name\":\"Stowarzyszenie Ruchu Maitri\",\"url\":\"https:\/\/www.maitri.pl\/\",\"logo\":{\"@type\":\"ImageObject\",\"inLanguage\":\"fr-FR\",\"@id\":\"https:\/\/www.maitri.pl\/#\/schema\/logo\/image\/\",\"url\":\"https:\/\/www.maitri.pl\/wp-content\/uploads\/2020\/04\/duze_logo-81.png\",\"contentUrl\":\"https:\/\/www.maitri.pl\/wp-content\/uploads\/2020\/04\/duze_logo-81.png\",\"width\":339,\"height\":321,\"caption\":\"Stowarzyszenie Ruchu Maitri\"},\"image\":{\"@id\":\"https:\/\/www.maitri.pl\/#\/schema\/logo\/image\/\"},\"sameAs\":[\"https:\/\/www.facebook.com\/MAITRI.Adopcja.Serca.dzieci.Afryki\/\"]}]}<\/script>\n<!-- \/ Yoast SEO plugin. -->","yoast_head_json":{"title":"Podaruj lekarstwa dla chorych z o\u015brodka zdrowia w Essengu","description":"Przychodnia Esseng potrzebuje lekarstwa dla chorych. Nikt nie odchodzi stamt\u0105d bez pomocy. To w\u0142a\u015bnie dzi\u0119ki Wam ratujemy im zdrowie.","robots":{"index":"index","follow":"follow","max-snippet":"max-snippet:-1","max-image-preview":"max-image-preview:large","max-video-preview":"max-video-preview:-1"},"canonical":"https:\/\/www.maitri.pl\/projekt\/lekarstwa-esseng\/","og_locale":"fr_FR","og_type":"article","og_title":"Podaruj lekarstwa dla chorych z o\u015brodka zdrowia w Essengu","og_description":"Przychodnia Esseng potrzebuje lekarstwa dla chorych. Nikt nie odchodzi stamt\u0105d bez pomocy. To w\u0142a\u015bnie dzi\u0119ki Wam ratujemy im zdrowie.","og_url":"https:\/\/www.maitri.pl\/projekt\/lekarstwa-esseng\/","og_site_name":"Ruch Maitri - Adopcja Serca pomoc Afryce","article_publisher":"https:\/\/www.facebook.com\/MAITRI.Adopcja.Serca.dzieci.Afryki\/","article_modified_time":"2023-02-10T11:15:00+00:00","og_image":[{"width":1600,"height":1200,"url":"https:\/\/www.maitri.pl\/wp-content\/uploads\/2022\/07\/153-aniol-2.jpeg","type":"image\/jpeg"}],"twitter_card":"summary_large_image","twitter_misc":{"Dur\u00e9e de lecture estim\u00e9e":"4 minutes"},"schema":{"@context":"https:\/\/schema.org","@graph":[{"@type":"WebPage","@id":"https:\/\/www.maitri.pl\/projekt\/lekarstwa-esseng\/","url":"https:\/\/www.maitri.pl\/projekt\/lekarstwa-esseng\/","name":"Podaruj lekarstwa dla chorych z o\u015brodka zdrowia w Essengu","isPartOf":{"@id":"https:\/\/www.maitri.pl\/#website"},"primaryImageOfPage":{"@id":"https:\/\/www.maitri.pl\/projekt\/lekarstwa-esseng\/#primaryimage"},"image":{"@id":"https:\/\/www.maitri.pl\/projekt\/lekarstwa-esseng\/#primaryimage"},"thumbnailUrl":"https:\/\/www.maitri.pl\/wp-content\/uploads\/2022\/07\/153-aniol-2.jpeg","datePublished":"2022-07-08T15:25:13+00:00","dateModified":"2023-02-10T11:15:00+00:00","description":"Przychodnia Esseng potrzebuje lekarstwa dla chorych. Nikt nie odchodzi stamt\u0105d bez pomocy. To w\u0142a\u015bnie dzi\u0119ki Wam ratujemy im zdrowie.","breadcrumb":{"@id":"https:\/\/www.maitri.pl\/projekt\/lekarstwa-esseng\/#breadcrumb"},"inLanguage":"fr-FR","potentialAction":[{"@type":"ReadAction","target":["https:\/\/www.maitri.pl\/projekt\/lekarstwa-esseng\/"]}]},{"@type":"ImageObject","inLanguage":"fr-FR","@id":"https:\/\/www.maitri.pl\/projekt\/lekarstwa-esseng\/#primaryimage","url":"https:\/\/www.maitri.pl\/wp-content\/uploads\/2022\/07\/153-aniol-2.jpeg","contentUrl":"https:\/\/www.maitri.pl\/wp-content\/uploads\/2022\/07\/153-aniol-2.jpeg","width":1600,"height":1200,"caption":"Podaruj lekarstwa dla chorych z o\u015brodka zdrowia w Essengu Ruch Maitri pomoc Afryce Adopcja Serca 01"},{"@type":"BreadcrumbList","@id":"https:\/\/www.maitri.pl\/projekt\/lekarstwa-esseng\/#breadcrumb","itemListElement":[{"@type":"ListItem","position":1,"name":"Strona g\u0142\u00f3wna","item":"https:\/\/www.maitri.pl\/"},{"@type":"ListItem","position":2,"name":"Sklep","item":"https:\/\/www.maitri.pl\/sklep\/"},{"@type":"ListItem","position":3,"name":"Podaruj lekarstwa dla chorych z o\u015brodka zdrowia w Essengu"}]},{"@type":"WebSite","@id":"https:\/\/www.maitri.pl\/#website","url":"https:\/\/www.maitri.pl\/","name":"Adopcja Serca Maitri \u2013 pomoc dzieciom w Afryce","description":"Adopcja Serca \u2013 adopcja na odleg\u0142o\u015b\u0107, pomoc Afryce, do\u017cywianie i edukacja w Afryce","publisher":{"@id":"https:\/\/www.maitri.pl\/#organization"},"potentialAction":[{"@type":"SearchAction","target":{"@type":"EntryPoint","urlTemplate":"https:\/\/www.maitri.pl\/?s={search_term_string}"},"query-input":{"@type":"PropertyValueSpecification","valueRequired":true,"valueName":"search_term_string"}}],"inLanguage":"fr-FR"},{"@type":"Organization","@id":"https:\/\/www.maitri.pl\/#organization","name":"Stowarzyszenie Ruchu Maitri","url":"https:\/\/www.maitri.pl\/","logo":{"@type":"ImageObject","inLanguage":"fr-FR","@id":"https:\/\/www.maitri.pl\/#\/schema\/logo\/image\/","url":"https:\/\/www.maitri.pl\/wp-content\/uploads\/2020\/04\/duze_logo-81.png","contentUrl":"https:\/\/www.maitri.pl\/wp-content\/uploads\/2020\/04\/duze_logo-81.png","width":339,"height":321,"caption":"Stowarzyszenie Ruchu Maitri"},"image":{"@id":"https:\/\/www.maitri.pl\/#\/schema\/logo\/image\/"},"sameAs":["https:\/\/www.facebook.com\/MAITRI.Adopcja.Serca.dzieci.Afryki\/"]}]}},"_links":{"self":[{"href":"https:\/\/www.maitri.pl\/fr\/wp-json\/wp\/v2\/product\/24815","targetHints":{"allow":["GET"]}}],"collection":[{"href":"https:\/\/www.maitri.pl\/fr\/wp-json\/wp\/v2\/product"}],"about":[{"href":"https:\/\/www.maitri.pl\/fr\/wp-json\/wp\/v2\/types\/product"}],"wp:featuredmedia":[{"embeddable":true,"href":"https:\/\/www.maitri.pl\/fr\/wp-json\/wp\/v2\/media\/24844"}],"wp:attachment":[{"href":"https:\/\/www.maitri.pl\/fr\/wp-json\/wp\/v2\/media?parent=24815"}],"wp:term":[{"taxonomy":"product_brand","embeddable":true,"href":"https:\/\/www.maitri.pl\/fr\/wp-json\/wp\/v2\/product_brand?post=24815"},{"taxonomy":"product_cat","embeddable":true,"href":"https:\/\/www.maitri.pl\/fr\/wp-json\/wp\/v2\/product_cat?post=24815"},{"taxonomy":"product_tag","embeddable":true,"href":"https:\/\/www.maitri.pl\/fr\/wp-json\/wp\/v2\/product_tag?post=24815"}],"curies":[{"name":"wp","href":"https:\/\/api.w.org\/{rel}","templated":true}]}}