{"id":24814,"date":"2022-07-08T17:28:20","date_gmt":"2022-07-08T15:28:20","guid":{"rendered":"https:\/\/www.maitri.pl\/?post_type=product&#038;p=24814"},"modified":"2023-02-10T12:14:52","modified_gmt":"2023-02-10T11:14:52","slug":"dozywianie-esseng","status":"publish","type":"product","link":"https:\/\/www.maitri.pl\/fr\/projekt\/dozywianie-esseng\/","title":{"rendered":"Do\u017cywianie w Esseng: posi\u0142ki dla 100 dzieci w przedszkolu"},"content":{"rendered":"<h4>Owoce z lasu zamiast obiadu<\/h4>\n<p>Zwracam si\u0119 kolejny raz z wielk\u0105 pro\u015bb\u0105 o do\u017cywianie dzieci w przedszkolu St. Jean Bosco w Esseng. Nasza wioska po\u0142o\u017cona jest w d\u017cungli, na terenie bagnistym, gdzie nie ma drogi asfaltowej i dojazd jest trudny, Rodziny s\u0105 bardzo biedne, dzieci cz\u0119sto s\u0105 opuszczane przez rodzic\u00f3w lub oddawane babciom czy innym krewnym. W\u015br\u00f3d tutejszej ludno\u015bci jest wiele os\u00f3b, w tym dzieci, kt\u00f3re choruj\u0105 na AIDS. Dzieci bardzo cz\u0119sto przychodz\u0105 do przedszkola g\u0142odne, bo nie dostaj\u0105 od rodzic\u00f3w nic do jedzenia przed wyj\u015bciem. Czasem, gdy znajd\u0105 sobie jakie\u015b owoce po drodze, s\u0105 szcz\u0119\u015bliwe. Jednak problem niedo\u017cywienia w\u015br\u00f3d dzieci stale ro\u015bnie.<\/p>\n<h4>Potrzeba ciep\u0142ego posi\u0142ku<\/h4>\n<p>Czasem przychodz\u0105 do przedszkola spuchni\u0119te i okazuje si\u0119 w\u0142a\u015bnie, \u017ce to z niedo\u017cywienia. Aby mog\u0142y lepiej si\u0119 uczy\u0107, s\u0142ucha\u0107 i tak cz\u0119sto nie chorowa\u0107 na malari\u0119 czy anemi\u0119, potrzebny jest im cho\u0107 ten ma\u0142y posi\u0142ek. Bez Waszej pomocy by\u0142oby to niemo\u017cliwe da\u0107 im cho\u0107 to minimum, dlatego kolejny raz zwracamy si\u0119 o pomoc. Dzi\u0119ki Wam dzieci mog\u0105 je\u015b\u0107 4 razy w tygodniu \u201ebui\u201d (mleko z m\u0105k\u0105 i cukrem) i do tego p\u0105czek, a raz w tygodniu ry\u017c z pomidorami, sardynkami i warzywami lub gdy kto\u015b podaruje, to ry\u017c z sosem z orzeszk\u00f3w ziemnych. W czasie \u015bwi\u0105t dostaj\u0105 ciastka, cukierki lub chleb z czekolad\u0105 i soki. Do\u017cywianie w Esseng sprawia, \u017ce dzieci ch\u0119tnie chodz\u0105 do szko\u0142y.<\/p>\n<h4>Bez wsparcia z Polski nic si\u0119 nie uda<\/h4>\n<p>W domu nikt si\u0119 dzie\u0107mi nie przejmuje. Zajmuj\u0105 one ostatnie miejsce w rodzinie. Dlatego najpierw jedz\u0105 rodzice, a potem \u2013 jak co\u015b zostanie \u2013 to jedz\u0105 dzieci. Czasem nasi podopieczni, w tym dzieci z programu <a href=\"https:\/\/www.maitri.pl\/adopcja-serca\/\" target=\"_blank\" rel=\"noopener\">Adopcja Serca<\/a>, przychodz\u0105 do przedszkola rano i p\u0142acz\u0105, bo s\u0105 g\u0142odne. Niekt\u00f3re przychodz\u0105 z daleka, cz\u0119\u015b\u0107 przyp\u0142ywa \u0142\u00f3dkami. Nikt ich nie odprowadza i nie przychodzi po dziecko do przedszkola, przychodz\u0105 same. Docieraj\u0105 do nas g\u0142odne i zm\u0119czone, a tu jest ich pierwszy posi\u0142ek. Teraz wszystko podro\u017ca\u0142o i zaczynaj\u0105 si\u0119, jak i wsz\u0119dzie, coraz powa\u017cniejsze problemy z inflacj\u0105.\u00a0 My misjonarki jeste\u015bmy tylko narz\u0119dziami przekazuj\u0105cymi Wasze dary. Bez Waszej pomocy nie jeste\u015bmy w stanie im pom\u00f3c.\u00a0Z mojej strony wyra\u017cam ogromna wdzi\u0119czno\u015b\u0107 i pami\u0119tam o Was w modlitwie.<\/p>\n<p>Siostra Anna Ma\u0142kowska, <a href=\"https:\/\/www.karmelitanki.pl\/\" target=\"_blank\" rel=\"noopener noreferrer\">Zgromadzenie Si\u00f3str od Anio\u0142\u00f3w<\/a><\/p>\n<h4><strong>Kosztorys:<\/strong><\/h4>\n<table width=\"0\">\n<tbody>\n<tr>\n<td width=\"212\">LP<\/td>\n<td width=\"169\">OPIS<\/td>\n<td width=\"71\">Jedn. miary<\/td>\n<td width=\"96\">CENA w walucie miejscowej<\/td>\n<td width=\"114\">KWOTA w walucie miejscowej<\/td>\n<\/tr>\n<tr>\n<td width=\"212\">1<\/td>\n<td width=\"169\">mleko<\/td>\n<td width=\"71\">5 work\u00f3w<\/td>\n<td width=\"96\">69.000<\/td>\n<td width=\"114\">345.000<\/td>\n<\/tr>\n<tr>\n<td width=\"212\">2<\/td>\n<td width=\"169\">ry\u017c<\/td>\n<td width=\"71\">6 work\u00f3w<\/td>\n<td width=\"96\">19.000<\/td>\n<td width=\"114\">114.000<\/td>\n<\/tr>\n<tr>\n<td width=\"212\">3<\/td>\n<td width=\"169\">cukier<\/td>\n<td width=\"71\">4 worki<\/td>\n<td width=\"96\">32.000<\/td>\n<td width=\"114\">128.000<\/td>\n<\/tr>\n<tr>\n<td width=\"212\">4<\/td>\n<td width=\"169\">sardynki<\/td>\n<td width=\"71\">4 kartony<\/td>\n<td width=\"96\">19.000<\/td>\n<td width=\"114\">76.000<\/td>\n<\/tr>\n<tr>\n<td width=\"212\">5<\/td>\n<td width=\"169\">Olej palmowy<\/td>\n<td width=\"71\">60 l<\/td>\n<td width=\"96\">700<\/td>\n<td width=\"114\">42.000<\/td>\n<\/tr>\n<tr>\n<td width=\"212\"><\/td>\n<td width=\"169\">M\u0105ka sojowa<\/td>\n<td width=\"71\">32 op.<\/td>\n<td width=\"96\">3.000<\/td>\n<td width=\"114\">96.000<\/td>\n<\/tr>\n<tr>\n<td width=\"212\">6<\/td>\n<td width=\"169\">mi\u0119so na \u015bwi\u0119ta<\/td>\n<td width=\"71\">20 kg<\/td>\n<td width=\"96\">2.800<\/td>\n<td width=\"114\">56.000<\/td>\n<\/tr>\n<tr>\n<td width=\"212\">7<\/td>\n<td width=\"169\">s\u00f3l<\/td>\n<td width=\"71\">2 worki<\/td>\n<td width=\"96\">2.600<\/td>\n<td width=\"114\">5.200<\/td>\n<\/tr>\n<tr>\n<td width=\"212\"><\/td>\n<td width=\"169\">Orzeszki ziemne<\/td>\n<td width=\"71\">1 worek<\/td>\n<td width=\"96\">25.000<\/td>\n<td width=\"114\">25.000<\/td>\n<\/tr>\n<tr>\n<td width=\"212\">8<\/td>\n<td width=\"169\">bu\u0142ki<\/td>\n<td width=\"71\">240<\/td>\n<td width=\"96\">120<\/td>\n<td width=\"114\">28.800<\/td>\n<\/tr>\n<tr>\n<td width=\"212\">9<\/td>\n<td width=\"169\">ciastka, cukierki, lizaki<\/td>\n<td width=\"71\"><\/td>\n<td width=\"96\"><\/td>\n<td width=\"114\">95.000<\/td>\n<\/tr>\n<tr>\n<td width=\"212\">10<\/td>\n<td width=\"169\">m\u0105ka<\/td>\n<td width=\"71\">4 worki<\/td>\n<td width=\"96\">25.000<\/td>\n<td width=\"114\">110.000<\/td>\n<\/tr>\n<tr>\n<td width=\"212\">11<\/td>\n<td width=\"169\">paliwo<\/td>\n<td width=\"71\"><\/td>\n<td width=\"96\"><\/td>\n<td width=\"114\">68.500<\/td>\n<\/tr>\n<tr>\n<td width=\"212\">12<\/td>\n<td width=\"169\">czekolada<\/td>\n<td width=\"71\">2 wiaderka<\/td>\n<td width=\"96\">17.000<\/td>\n<td width=\"114\">34.000<\/td>\n<\/tr>\n<tr>\n<td width=\"212\">13<\/td>\n<td width=\"169\">pomidory z puszki<\/td>\n<td width=\"71\">3 kartony<\/td>\n<td width=\"96\">13.000<\/td>\n<td width=\"114\">39.000<\/td>\n<\/tr>\n<tr>\n<td width=\"212\">14<\/td>\n<td width=\"169\">wynagrodzenie za prac\u0119<\/td>\n<td width=\"71\"><\/td>\n<td width=\"96\"><\/td>\n<td width=\"114\">50.000<\/td>\n<\/tr>\n<tr>\n<td width=\"212\">15<\/td>\n<td width=\"169\">Wynagrodzenie za prac\u0119 w kuchni<\/td>\n<td width=\"71\"><\/td>\n<td width=\"96\"><\/td>\n<td width=\"114\">305.000<\/td>\n<\/tr>\n<tr>\n<td width=\"212\"><strong>PODSUMOWANIE <\/strong>w miejscowej walucie<\/td>\n<td width=\"169\"><\/td>\n<td width=\"71\"><strong>1.637.500<\/strong><\/td>\n<td colspan=\"2\" width=\"211\"><\/td>\n<\/tr>\n<\/tbody>\n<\/table>\n<p><strong>Podsumowanie w miejscowej walucie &#8211; 1.311.800 frank\u00f3w CFA <\/strong><\/p>\n<p><b style=\"font-size: large; color: #ff0000;\">Kwota: 2.780 \u20ac <\/b><\/p>\n<p style=\"text-align: justify;\" align=\"JUSTIFY\"><span style=\"color: #808080;\">Stowarzyszenie Ruchu\u00a0<em>Maitri<\/em> przeznacza do 10% otrzymanych \u015brodk\u00f3w na koszty funkcjonowania biura i pozyskiwanie funduszy pomocowych. <\/span><\/p>\n<h2 style=\"text-align: justify;\" align=\"JUSTIFY\"><span style=\"color: #808080;\">Do\u017cywianie w Esseng<\/span><\/h2>\n","protected":false},"excerpt":{"rendered":"<p><strong>Projekt:<\/strong> Siostra Anna Ma\u0142kowska, <a href=\"https:\/\/www.karmelitanki.pl\/\" target=\"_blank\" rel=\"noopener noreferrer\">Zgromadzenie Si\u00f3str od Anio\u0142\u00f3w<\/a><br \/>\n<strong>Misja:<\/strong> Esseng, <a href=\"https:\/\/www.maitri.pl\/gdzie-pomagamy\/\" target=\"_blank\" rel=\"noopener noreferrer\">Kamerun<\/a><br \/>\n<strong>Kwota projektu:<\/strong> <span style=\"color: #ff0000;\"><strong>2.780 \u20ac<\/strong><\/span><\/p>\n","protected":false},"featured_media":24836,"template":"","meta":[],"product_brand":[],"product_cat":[656],"product_tag":[676,663,658,709,665],"class_list":{"0":"post-24814","1":"product","2":"type-product","3":"status-publish","4":"has-post-thumbnail","6":"product_cat-bez-kategorii","7":"product_tag-dozywianie","8":"product_tag-esseng","9":"product_tag-kamerun","10":"product_tag-siostra-anna-malkowska","11":"product_tag-zgromadzenie-siostr-od-aniolow","13":"first","14":"instock","15":"virtual","16":"purchasable","17":"product-type-simple"},"yoast_head":"<!-- This site is optimized with the Yoast SEO plugin v27.2 - https:\/\/yoast.com\/product\/yoast-seo-wordpress\/ -->\n<title>Do\u017cywianie w Esseng: posi\u0142ki dla 100 dzieci w przedszkolu<\/title>\n<meta name=\"description\" content=\"Do\u017cywianie dzieci w przedszkolu Si\u00f3str od Anio\u0142\u00f3w w Esseng (Kamerun). Dzi\u0119ki Wam dzieci mog\u0105 je\u015b\u0107 4 razy w tygodniu ciep\u0142e posi\u0142ki.\" \/>\n<meta name=\"robots\" content=\"index, follow, max-snippet:-1, max-image-preview:large, max-video-preview:-1\" \/>\n<link rel=\"canonical\" href=\"https:\/\/www.maitri.pl\/projekt\/dozywianie-esseng\/\" \/>\n<meta property=\"og:locale\" content=\"fr_FR\" \/>\n<meta property=\"og:type\" content=\"article\" \/>\n<meta property=\"og:title\" content=\"Do\u017cywianie w Esseng: posi\u0142ki dla 100 dzieci w przedszkolu\" \/>\n<meta property=\"og:description\" content=\"Do\u017cywianie dzieci w przedszkolu Si\u00f3str od Anio\u0142\u00f3w w Esseng (Kamerun). Dzi\u0119ki Wam dzieci mog\u0105 je\u015b\u0107 4 razy w tygodniu ciep\u0142e posi\u0142ki.\" \/>\n<meta property=\"og:url\" content=\"https:\/\/www.maitri.pl\/projekt\/dozywianie-esseng\/\" \/>\n<meta property=\"og:site_name\" content=\"Ruch Maitri - Adopcja Serca pomoc Afryce\" \/>\n<meta property=\"article:publisher\" content=\"https:\/\/www.facebook.com\/MAITRI.Adopcja.Serca.dzieci.Afryki\/\" \/>\n<meta property=\"article:modified_time\" content=\"2023-02-10T11:14:52+00:00\" \/>\n<meta property=\"og:image\" content=\"https:\/\/www.maitri.pl\/wp-content\/uploads\/2022\/07\/152-aniol-1.jpg\" \/>\n\t<meta property=\"og:image:width\" content=\"1728\" \/>\n\t<meta property=\"og:image:height\" content=\"1296\" \/>\n\t<meta property=\"og:image:type\" content=\"image\/jpeg\" \/>\n<meta name=\"twitter:card\" content=\"summary_large_image\" \/>\n<meta name=\"twitter:label1\" content=\"Dur\u00e9e de lecture estim\u00e9e\" \/>\n\t<meta name=\"twitter:data1\" content=\"4 minutes\" \/>\n<script type=\"application\/ld+json\" class=\"yoast-schema-graph\">{\"@context\":\"https:\/\/schema.org\",\"@graph\":[{\"@type\":\"WebPage\",\"@id\":\"https:\/\/www.maitri.pl\/projekt\/dozywianie-esseng\/\",\"url\":\"https:\/\/www.maitri.pl\/projekt\/dozywianie-esseng\/\",\"name\":\"Do\u017cywianie w Esseng: posi\u0142ki dla 100 dzieci w przedszkolu\",\"isPartOf\":{\"@id\":\"https:\/\/www.maitri.pl\/#website\"},\"primaryImageOfPage\":{\"@id\":\"https:\/\/www.maitri.pl\/projekt\/dozywianie-esseng\/#primaryimage\"},\"image\":{\"@id\":\"https:\/\/www.maitri.pl\/projekt\/dozywianie-esseng\/#primaryimage\"},\"thumbnailUrl\":\"https:\/\/www.maitri.pl\/wp-content\/uploads\/2022\/07\/152-aniol-1.jpg\",\"datePublished\":\"2022-07-08T15:28:20+00:00\",\"dateModified\":\"2023-02-10T11:14:52+00:00\",\"description\":\"Do\u017cywianie dzieci w przedszkolu Si\u00f3str od Anio\u0142\u00f3w w Esseng (Kamerun). Dzi\u0119ki Wam dzieci mog\u0105 je\u015b\u0107 4 razy w tygodniu ciep\u0142e posi\u0142ki.\",\"breadcrumb\":{\"@id\":\"https:\/\/www.maitri.pl\/projekt\/dozywianie-esseng\/#breadcrumb\"},\"inLanguage\":\"fr-FR\",\"potentialAction\":[{\"@type\":\"ReadAction\",\"target\":[\"https:\/\/www.maitri.pl\/projekt\/dozywianie-esseng\/\"]}]},{\"@type\":\"ImageObject\",\"inLanguage\":\"fr-FR\",\"@id\":\"https:\/\/www.maitri.pl\/projekt\/dozywianie-esseng\/#primaryimage\",\"url\":\"https:\/\/www.maitri.pl\/wp-content\/uploads\/2022\/07\/152-aniol-1.jpg\",\"contentUrl\":\"https:\/\/www.maitri.pl\/wp-content\/uploads\/2022\/07\/152-aniol-1.jpg\",\"width\":1728,\"height\":1296,\"caption\":\"Do\u017cywianie w Esseng Ruch Maitri Adopcja Serca pomoc Afryce 03\"},{\"@type\":\"BreadcrumbList\",\"@id\":\"https:\/\/www.maitri.pl\/projekt\/dozywianie-esseng\/#breadcrumb\",\"itemListElement\":[{\"@type\":\"ListItem\",\"position\":1,\"name\":\"Strona g\u0142\u00f3wna\",\"item\":\"https:\/\/www.maitri.pl\/\"},{\"@type\":\"ListItem\",\"position\":2,\"name\":\"Sklep\",\"item\":\"https:\/\/www.maitri.pl\/sklep\/\"},{\"@type\":\"ListItem\",\"position\":3,\"name\":\"Do\u017cywianie w Esseng: posi\u0142ki dla 100 dzieci w przedszkolu\"}]},{\"@type\":\"WebSite\",\"@id\":\"https:\/\/www.maitri.pl\/#website\",\"url\":\"https:\/\/www.maitri.pl\/\",\"name\":\"Adopcja Serca Maitri \u2013 pomoc dzieciom w Afryce\",\"description\":\"Adopcja Serca \u2013 adopcja na odleg\u0142o\u015b\u0107, pomoc Afryce, do\u017cywianie i edukacja w Afryce\",\"publisher\":{\"@id\":\"https:\/\/www.maitri.pl\/#organization\"},\"potentialAction\":[{\"@type\":\"SearchAction\",\"target\":{\"@type\":\"EntryPoint\",\"urlTemplate\":\"https:\/\/www.maitri.pl\/?s={search_term_string}\"},\"query-input\":{\"@type\":\"PropertyValueSpecification\",\"valueRequired\":true,\"valueName\":\"search_term_string\"}}],\"inLanguage\":\"fr-FR\"},{\"@type\":\"Organization\",\"@id\":\"https:\/\/www.maitri.pl\/#organization\",\"name\":\"Stowarzyszenie Ruchu Maitri\",\"url\":\"https:\/\/www.maitri.pl\/\",\"logo\":{\"@type\":\"ImageObject\",\"inLanguage\":\"fr-FR\",\"@id\":\"https:\/\/www.maitri.pl\/#\/schema\/logo\/image\/\",\"url\":\"https:\/\/www.maitri.pl\/wp-content\/uploads\/2020\/04\/duze_logo-81.png\",\"contentUrl\":\"https:\/\/www.maitri.pl\/wp-content\/uploads\/2020\/04\/duze_logo-81.png\",\"width\":339,\"height\":321,\"caption\":\"Stowarzyszenie Ruchu Maitri\"},\"image\":{\"@id\":\"https:\/\/www.maitri.pl\/#\/schema\/logo\/image\/\"},\"sameAs\":[\"https:\/\/www.facebook.com\/MAITRI.Adopcja.Serca.dzieci.Afryki\/\"]}]}<\/script>\n<!-- \/ Yoast SEO plugin. -->","yoast_head_json":{"title":"Do\u017cywianie w Esseng: posi\u0142ki dla 100 dzieci w przedszkolu","description":"Do\u017cywianie dzieci w przedszkolu Si\u00f3str od Anio\u0142\u00f3w w Esseng (Kamerun). Dzi\u0119ki Wam dzieci mog\u0105 je\u015b\u0107 4 razy w tygodniu ciep\u0142e posi\u0142ki.","robots":{"index":"index","follow":"follow","max-snippet":"max-snippet:-1","max-image-preview":"max-image-preview:large","max-video-preview":"max-video-preview:-1"},"canonical":"https:\/\/www.maitri.pl\/projekt\/dozywianie-esseng\/","og_locale":"fr_FR","og_type":"article","og_title":"Do\u017cywianie w Esseng: posi\u0142ki dla 100 dzieci w przedszkolu","og_description":"Do\u017cywianie dzieci w przedszkolu Si\u00f3str od Anio\u0142\u00f3w w Esseng (Kamerun). Dzi\u0119ki Wam dzieci mog\u0105 je\u015b\u0107 4 razy w tygodniu ciep\u0142e posi\u0142ki.","og_url":"https:\/\/www.maitri.pl\/projekt\/dozywianie-esseng\/","og_site_name":"Ruch Maitri - Adopcja Serca pomoc Afryce","article_publisher":"https:\/\/www.facebook.com\/MAITRI.Adopcja.Serca.dzieci.Afryki\/","article_modified_time":"2023-02-10T11:14:52+00:00","og_image":[{"width":1728,"height":1296,"url":"https:\/\/www.maitri.pl\/wp-content\/uploads\/2022\/07\/152-aniol-1.jpg","type":"image\/jpeg"}],"twitter_card":"summary_large_image","twitter_misc":{"Dur\u00e9e de lecture estim\u00e9e":"4 minutes"},"schema":{"@context":"https:\/\/schema.org","@graph":[{"@type":"WebPage","@id":"https:\/\/www.maitri.pl\/projekt\/dozywianie-esseng\/","url":"https:\/\/www.maitri.pl\/projekt\/dozywianie-esseng\/","name":"Do\u017cywianie w Esseng: posi\u0142ki dla 100 dzieci w przedszkolu","isPartOf":{"@id":"https:\/\/www.maitri.pl\/#website"},"primaryImageOfPage":{"@id":"https:\/\/www.maitri.pl\/projekt\/dozywianie-esseng\/#primaryimage"},"image":{"@id":"https:\/\/www.maitri.pl\/projekt\/dozywianie-esseng\/#primaryimage"},"thumbnailUrl":"https:\/\/www.maitri.pl\/wp-content\/uploads\/2022\/07\/152-aniol-1.jpg","datePublished":"2022-07-08T15:28:20+00:00","dateModified":"2023-02-10T11:14:52+00:00","description":"Do\u017cywianie dzieci w przedszkolu Si\u00f3str od Anio\u0142\u00f3w w Esseng (Kamerun). Dzi\u0119ki Wam dzieci mog\u0105 je\u015b\u0107 4 razy w tygodniu ciep\u0142e posi\u0142ki.","breadcrumb":{"@id":"https:\/\/www.maitri.pl\/projekt\/dozywianie-esseng\/#breadcrumb"},"inLanguage":"fr-FR","potentialAction":[{"@type":"ReadAction","target":["https:\/\/www.maitri.pl\/projekt\/dozywianie-esseng\/"]}]},{"@type":"ImageObject","inLanguage":"fr-FR","@id":"https:\/\/www.maitri.pl\/projekt\/dozywianie-esseng\/#primaryimage","url":"https:\/\/www.maitri.pl\/wp-content\/uploads\/2022\/07\/152-aniol-1.jpg","contentUrl":"https:\/\/www.maitri.pl\/wp-content\/uploads\/2022\/07\/152-aniol-1.jpg","width":1728,"height":1296,"caption":"Do\u017cywianie w Esseng Ruch Maitri Adopcja Serca pomoc Afryce 03"},{"@type":"BreadcrumbList","@id":"https:\/\/www.maitri.pl\/projekt\/dozywianie-esseng\/#breadcrumb","itemListElement":[{"@type":"ListItem","position":1,"name":"Strona g\u0142\u00f3wna","item":"https:\/\/www.maitri.pl\/"},{"@type":"ListItem","position":2,"name":"Sklep","item":"https:\/\/www.maitri.pl\/sklep\/"},{"@type":"ListItem","position":3,"name":"Do\u017cywianie w Esseng: posi\u0142ki dla 100 dzieci w przedszkolu"}]},{"@type":"WebSite","@id":"https:\/\/www.maitri.pl\/#website","url":"https:\/\/www.maitri.pl\/","name":"Adopcja Serca Maitri \u2013 pomoc dzieciom w Afryce","description":"Adopcja Serca \u2013 adopcja na odleg\u0142o\u015b\u0107, pomoc Afryce, do\u017cywianie i edukacja w Afryce","publisher":{"@id":"https:\/\/www.maitri.pl\/#organization"},"potentialAction":[{"@type":"SearchAction","target":{"@type":"EntryPoint","urlTemplate":"https:\/\/www.maitri.pl\/?s={search_term_string}"},"query-input":{"@type":"PropertyValueSpecification","valueRequired":true,"valueName":"search_term_string"}}],"inLanguage":"fr-FR"},{"@type":"Organization","@id":"https:\/\/www.maitri.pl\/#organization","name":"Stowarzyszenie Ruchu Maitri","url":"https:\/\/www.maitri.pl\/","logo":{"@type":"ImageObject","inLanguage":"fr-FR","@id":"https:\/\/www.maitri.pl\/#\/schema\/logo\/image\/","url":"https:\/\/www.maitri.pl\/wp-content\/uploads\/2020\/04\/duze_logo-81.png","contentUrl":"https:\/\/www.maitri.pl\/wp-content\/uploads\/2020\/04\/duze_logo-81.png","width":339,"height":321,"caption":"Stowarzyszenie Ruchu Maitri"},"image":{"@id":"https:\/\/www.maitri.pl\/#\/schema\/logo\/image\/"},"sameAs":["https:\/\/www.facebook.com\/MAITRI.Adopcja.Serca.dzieci.Afryki\/"]}]}},"_links":{"self":[{"href":"https:\/\/www.maitri.pl\/fr\/wp-json\/wp\/v2\/product\/24814","targetHints":{"allow":["GET"]}}],"collection":[{"href":"https:\/\/www.maitri.pl\/fr\/wp-json\/wp\/v2\/product"}],"about":[{"href":"https:\/\/www.maitri.pl\/fr\/wp-json\/wp\/v2\/types\/product"}],"wp:featuredmedia":[{"embeddable":true,"href":"https:\/\/www.maitri.pl\/fr\/wp-json\/wp\/v2\/media\/24836"}],"wp:attachment":[{"href":"https:\/\/www.maitri.pl\/fr\/wp-json\/wp\/v2\/media?parent=24814"}],"wp:term":[{"taxonomy":"product_brand","embeddable":true,"href":"https:\/\/www.maitri.pl\/fr\/wp-json\/wp\/v2\/product_brand?post=24814"},{"taxonomy":"product_cat","embeddable":true,"href":"https:\/\/www.maitri.pl\/fr\/wp-json\/wp\/v2\/product_cat?post=24814"},{"taxonomy":"product_tag","embeddable":true,"href":"https:\/\/www.maitri.pl\/fr\/wp-json\/wp\/v2\/product_tag?post=24814"}],"curies":[{"name":"wp","href":"https:\/\/api.w.org\/{rel}","templated":true}]}}