{"id":24812,"date":"2022-07-08T17:12:40","date_gmt":"2022-07-08T15:12:40","guid":{"rendered":"https:\/\/www.maitri.pl\/?post_type=product&#038;p=24812"},"modified":"2024-02-07T12:51:06","modified_gmt":"2024-02-07T11:51:06","slug":"posilek-nepal","status":"publish","type":"product","link":"https:\/\/www.maitri.pl\/fr\/projekt\/posilek-nepal\/","title":{"rendered":"Ratowanie dzieci przed g\u0142odem: posi\u0142ek dla uczni\u00f3w z Gorkha"},"content":{"rendered":"<h4>N\u0119dza na szczytach g\u00f3r<\/h4>\n<p>G\u00f3rskie tereny Nepalu s\u0105 bardzo odmienne od dolin wok\u00f3\u0142 stolicy kraju Kathmandu. Pi\u0119kno krajobrazu zachwyca, ale nie pozwala na godne warunki \u017cycia. W g\u00f3rach, oddalonych od jakiejkolwiek cywilizacji, jak wioska Gorkha, panuje g\u0142\u0119boka n\u0119dza. Ub\u00f3stwo powielane jest przez warunki lokalizacyjne z pokolenia na pokolenie, tak\u017ce z powodu warunk\u00f3w klimatycznych. W ostatnich latach sytuacj\u0119 pogorszy\u0142a pandemia i kryzys gospodarczy, jak szalony skok cen \u017cywno\u015bci. Zakup jedzenia jest poza mo\u017cliwo\u015bciami rodzic\u00f3w dzieci ze szko\u0142y w Gorkha. To bardzo oddalone od cywilizacji miejsce, w odleg\u0142o\u015bci ok. 5 godzin od Kathmandu. Wszystkie dzieci pochodz\u0105 z najni\u017cszej kasty &#8211; Chepang. Oznacza to dorastanie w ub\u00f3stwie i analfabetyzmie. Prawie wszystkie nie jedz\u0105 ciep\u0142ego posi\u0142ku przez ca\u0142\u0105 dob\u0119. Przez niedo\u017cywienie s\u0105 ot\u0119pia\u0142e w szkole, wida\u0107 im \u017cebra, maj\u0105 wzrost poni\u017cej normy (skar\u0142owacenia) i s\u0105 og\u00f3lnie op\u00f3\u017anione w rozwoju fizycznym. Konieczne jest ratowanie dzieci przed g\u0142odem. To bardzo pilna potrzeba.<\/p>\n<h4>Bose dzieci<\/h4>\n<p>Na miejscu zakupili\u015bmy dla nich jedzenie na miesi\u0105c. Dzieci podgryza\u0142y suchy ry\u017c. Teraz jedz\u0105, ale za chwil\u0119 sko\u0144czy si\u0119 zapas. Widzieli\u015bmy ch\u0142opca, kt\u00f3ry spa\u0142 na progu lepianki, w brudnym i dziurawym ubraniu jak ze \u015bmietnika. Cz\u0142owiek na oczy nie widzia\u0142 takiej biedy. Wszystkie dzieci potrzebuj\u0105 jedzenia. Bardzo potrzeba przyj\u0105\u0107 te dzieci do programu <a href=\"https:\/\/www.maitri.pl\/adopcja-serca\/\" target=\"_blank\" rel=\"noopener\">Adopcja Serca<\/a>. Jest to ratuj\u0105ce \u017cycie dzia\u0142anie. Te dzieci nigdy w \u017cyciu nie mia\u0142y nawet but\u00f3w, ubrania, nie widzia\u0142y lekarza. Pierwsza choroba i jest po dziecku, bo nie maj\u0105 rupii na autobus do szpitala, o pokryciu koszt\u00f3w lekarza, czy lekarstw nie m\u00f3wi\u0105c.\u00a0 Ludzie stamt\u0105d chcieli nam te\u017c odda\u0107 dzieci. Prosili, aby\u015bmy zabrali je ze sob\u0105. Rodzice \u017cyj\u0105 z tego co wyhoduj\u0105 na polu, a b\u0119d\u0105c z najni\u017cszych kast &#8211; nie maj\u0105 cz\u0119sto w\u0142asnego pola do uprawy. Nie maj\u0105c pracy, generalnie g\u0142oduj\u0105. Jak maj\u0105 ma\u0142e pole, mog\u0105 w g\u00f3rach uprawia\u0107 jedynie proso i z tego robi\u0105 placek m\u0105czny. W wi\u0119kszo\u015bci rodzin naszych dzieci jest to jedyny posi\u0142ek dziennie. Cz\u0119sto i tego nie ma w domu. Naszym zadaniem jest ratowanie tych dzieci przed widmem \u015bmierci g\u0142odowej.<\/p>\n<h4>Kuchnia przy szkole<\/h4>\n<p>W g\u00f3rach ceny wszystkiego s\u0105 2-3 krotnie wy\u017csze, jak np. oleju, gazu,. Dlatego chcemy otworzy\u0107 w szkole w Gorkha kuchni\u0119. B\u0119dzie to ma\u0142e pomieszczenie w szkole, gdzie ugotujemy dzieciom po\u017cywne posi\u0142ki. Jedzenie b\u0119dzie wydawane ok. godz. 13 przez nauczycieli. Potrzeba ry\u017cu, warzyw, soczewicy i chleba. Wi\u0119kszo\u015b\u0107 dzieci ci\u0119\u017cko pracuje na polach i g\u0142oduje. Dzi\u0119ki mo\u017cliwo\u015bci zjedzenia posi\u0142ku b\u0119d\u0105 wysy\u0142ane do szko\u0142y, b\u0119d\u0105 zdrowe i b\u0119d\u0105 mog\u0142y rozwija\u0107 si\u0119 prawid\u0142owo. Z do\u017cywiania skorzystaj\u0105 ma\u0142e dzieci od przedszkola do 6 klasy. W oczach dzieci obdarowanych ciep\u0142ym posi\u0142kiem mo\u017cna zobaczy\u0107 gwiazdy. To takie pi\u0119kne&#8230;.<\/p>\n<p><em>Odpowiedzialna za projekt: Aleksandra<\/em><em>\u00a0Kurnicka, <a href=\"https:\/\/www.facebook.com\/karunikatuitioncenterNEPAL\" target=\"_blank\" rel=\"noopener\">Karunika Foundation<\/a><\/em><\/p>\n<p>ciep\u0142y pe\u0142nowarto\u015bciowy posi\u0142ek (ry\u017c, soczewica, warzywa, chleb etc.) to koszt:<\/p>\n<p><span style=\"color: #ff0000;\"><span style=\"font-size: large;\"><b>Wnioskowana kwota: 8.000 \u20ac<\/b><\/span><\/span><\/p>\n<p><span style=\"color: #999999;\">Stowarzyszenie Ruchu\u00a0<em>Maitri<\/em>\u00a0przeznacza do 10% otrzymanych \u015brodk\u00f3w na koszty funkcjonowania biura i pozyskiwanie funduszy pomocowych.<\/span><\/p>\n<h3><strong><span style=\"color: #999999;\">Ratowanie dzieci przed g\u0142odem: posi\u0142ek dla najbiedniejszych z osady Gorkha w Nepalu<\/span><\/strong><\/h3>\n<p>&nbsp;<\/p>\n","protected":false},"excerpt":{"rendered":"<p><strong>Projekt: <\/strong><em>Aleksandra<\/em><em>\u00a0Kurnicka, <a href=\"https:\/\/www.facebook.com\/karunikatuitioncenterNEPAL\" target=\"_blank\" rel=\"noopener\">Karunika Foundation<\/a><\/em><br \/>\n<strong>Miejsce:<\/strong> Kathmandu, <a href=\"https:\/\/www.maitri.pl\/gdzie-pomagamy\/\" target=\"_blank\" rel=\"noopener\">Nepal<\/a><br \/>\n<strong>Kwota projektu: <span style=\"color: #ff0000;\">8.000\u20ac<\/span><\/strong><\/p>\n","protected":false},"featured_media":24818,"template":"","meta":[],"product_brand":[],"product_cat":[656],"product_tag":[670,676,928,672],"class_list":{"0":"post-24812","1":"product","2":"type-product","3":"status-publish","4":"has-post-thumbnail","6":"product_cat-bez-kategorii","7":"product_tag-aleksandra-kurnicka","8":"product_tag-dozywianie","9":"product_tag-karunika-foundation","10":"product_tag-nepal","12":"first","13":"instock","14":"virtual","15":"purchasable","16":"product-type-simple"},"yoast_head":"<!-- This site is optimized with the Yoast SEO plugin v27.2 - https:\/\/yoast.com\/product\/yoast-seo-wordpress\/ -->\n<title>Ratowanie dzieci przed g\u0142odem: posi\u0142ek dla uczni\u00f3w z Gorkha<\/title>\n<meta name=\"description\" content=\"Ratowanie dzieci przed g\u0142odem: posi\u0142ek dla najbiedniejszych z Gorkha. Panuje tam niewyobra\u017calna n\u0119dza, brak jedzenia hamuje rozw\u00f3j dzieci.\" \/>\n<meta name=\"robots\" content=\"index, follow, max-snippet:-1, max-image-preview:large, max-video-preview:-1\" \/>\n<link rel=\"canonical\" href=\"https:\/\/www.maitri.pl\/projekt\/posilek-nepal\/\" \/>\n<meta property=\"og:locale\" content=\"fr_FR\" \/>\n<meta property=\"og:type\" content=\"article\" \/>\n<meta property=\"og:title\" content=\"Ratowanie dzieci przed g\u0142odem: posi\u0142ek dla uczni\u00f3w z Gorkha\" \/>\n<meta property=\"og:description\" content=\"Ratowanie dzieci przed g\u0142odem: posi\u0142ek dla najbiedniejszych z Gorkha. Panuje tam niewyobra\u017calna n\u0119dza, brak jedzenia hamuje rozw\u00f3j dzieci.\" \/>\n<meta property=\"og:url\" content=\"https:\/\/www.maitri.pl\/projekt\/posilek-nepal\/\" \/>\n<meta property=\"og:site_name\" content=\"Ruch Maitri - Adopcja Serca pomoc Afryce\" \/>\n<meta property=\"article:publisher\" content=\"https:\/\/www.facebook.com\/MAITRI.Adopcja.Serca.dzieci.Afryki\/\" \/>\n<meta property=\"article:modified_time\" content=\"2024-02-07T11:51:06+00:00\" \/>\n<meta property=\"og:image\" content=\"https:\/\/www.maitri.pl\/wp-content\/uploads\/2022\/07\/26-kartc.jpg\" \/>\n\t<meta property=\"og:image:width\" content=\"1242\" \/>\n\t<meta property=\"og:image:height\" content=\"931\" \/>\n\t<meta property=\"og:image:type\" content=\"image\/jpeg\" \/>\n<meta name=\"twitter:card\" content=\"summary_large_image\" \/>\n<meta name=\"twitter:label1\" content=\"Dur\u00e9e de lecture estim\u00e9e\" \/>\n\t<meta name=\"twitter:data1\" content=\"3 minutes\" \/>\n<script type=\"application\/ld+json\" class=\"yoast-schema-graph\">{\"@context\":\"https:\/\/schema.org\",\"@graph\":[{\"@type\":\"WebPage\",\"@id\":\"https:\/\/www.maitri.pl\/projekt\/posilek-nepal\/\",\"url\":\"https:\/\/www.maitri.pl\/projekt\/posilek-nepal\/\",\"name\":\"Ratowanie dzieci przed g\u0142odem: posi\u0142ek dla uczni\u00f3w z Gorkha\",\"isPartOf\":{\"@id\":\"https:\/\/www.maitri.pl\/#website\"},\"primaryImageOfPage\":{\"@id\":\"https:\/\/www.maitri.pl\/projekt\/posilek-nepal\/#primaryimage\"},\"image\":{\"@id\":\"https:\/\/www.maitri.pl\/projekt\/posilek-nepal\/#primaryimage\"},\"thumbnailUrl\":\"https:\/\/www.maitri.pl\/wp-content\/uploads\/2022\/07\/26-kartc.jpg\",\"datePublished\":\"2022-07-08T15:12:40+00:00\",\"dateModified\":\"2024-02-07T11:51:06+00:00\",\"description\":\"Ratowanie dzieci przed g\u0142odem: posi\u0142ek dla najbiedniejszych z Gorkha. Panuje tam niewyobra\u017calna n\u0119dza, brak jedzenia hamuje rozw\u00f3j dzieci.\",\"breadcrumb\":{\"@id\":\"https:\/\/www.maitri.pl\/projekt\/posilek-nepal\/#breadcrumb\"},\"inLanguage\":\"fr-FR\",\"potentialAction\":[{\"@type\":\"ReadAction\",\"target\":[\"https:\/\/www.maitri.pl\/projekt\/posilek-nepal\/\"]}]},{\"@type\":\"ImageObject\",\"inLanguage\":\"fr-FR\",\"@id\":\"https:\/\/www.maitri.pl\/projekt\/posilek-nepal\/#primaryimage\",\"url\":\"https:\/\/www.maitri.pl\/wp-content\/uploads\/2022\/07\/26-kartc.jpg\",\"contentUrl\":\"https:\/\/www.maitri.pl\/wp-content\/uploads\/2022\/07\/26-kartc.jpg\",\"width\":1242,\"height\":931,\"caption\":\"Ratowanie dzieci przed g\u0142odem: posi\u0142ek dla 70 uczni\u00f3w z Gorkha pomoc Afryce Adopcja Serca Ruch Maitri Nepal pomoc ubogim 01\"},{\"@type\":\"BreadcrumbList\",\"@id\":\"https:\/\/www.maitri.pl\/projekt\/posilek-nepal\/#breadcrumb\",\"itemListElement\":[{\"@type\":\"ListItem\",\"position\":1,\"name\":\"Strona g\u0142\u00f3wna\",\"item\":\"https:\/\/www.maitri.pl\/\"},{\"@type\":\"ListItem\",\"position\":2,\"name\":\"Sklep\",\"item\":\"https:\/\/www.maitri.pl\/sklep\/\"},{\"@type\":\"ListItem\",\"position\":3,\"name\":\"Ratowanie dzieci przed g\u0142odem: posi\u0142ek dla uczni\u00f3w z Gorkha\"}]},{\"@type\":\"WebSite\",\"@id\":\"https:\/\/www.maitri.pl\/#website\",\"url\":\"https:\/\/www.maitri.pl\/\",\"name\":\"Adopcja Serca Maitri \u2013 pomoc dzieciom w Afryce\",\"description\":\"Adopcja Serca \u2013 adopcja na odleg\u0142o\u015b\u0107, pomoc Afryce, do\u017cywianie i edukacja w Afryce\",\"publisher\":{\"@id\":\"https:\/\/www.maitri.pl\/#organization\"},\"potentialAction\":[{\"@type\":\"SearchAction\",\"target\":{\"@type\":\"EntryPoint\",\"urlTemplate\":\"https:\/\/www.maitri.pl\/?s={search_term_string}\"},\"query-input\":{\"@type\":\"PropertyValueSpecification\",\"valueRequired\":true,\"valueName\":\"search_term_string\"}}],\"inLanguage\":\"fr-FR\"},{\"@type\":\"Organization\",\"@id\":\"https:\/\/www.maitri.pl\/#organization\",\"name\":\"Stowarzyszenie Ruchu Maitri\",\"url\":\"https:\/\/www.maitri.pl\/\",\"logo\":{\"@type\":\"ImageObject\",\"inLanguage\":\"fr-FR\",\"@id\":\"https:\/\/www.maitri.pl\/#\/schema\/logo\/image\/\",\"url\":\"https:\/\/www.maitri.pl\/wp-content\/uploads\/2020\/04\/duze_logo-81.png\",\"contentUrl\":\"https:\/\/www.maitri.pl\/wp-content\/uploads\/2020\/04\/duze_logo-81.png\",\"width\":339,\"height\":321,\"caption\":\"Stowarzyszenie Ruchu Maitri\"},\"image\":{\"@id\":\"https:\/\/www.maitri.pl\/#\/schema\/logo\/image\/\"},\"sameAs\":[\"https:\/\/www.facebook.com\/MAITRI.Adopcja.Serca.dzieci.Afryki\/\"]}]}<\/script>\n<!-- \/ Yoast SEO plugin. -->","yoast_head_json":{"title":"Ratowanie dzieci przed g\u0142odem: posi\u0142ek dla uczni\u00f3w z Gorkha","description":"Ratowanie dzieci przed g\u0142odem: posi\u0142ek dla najbiedniejszych z Gorkha. Panuje tam niewyobra\u017calna n\u0119dza, brak jedzenia hamuje rozw\u00f3j dzieci.","robots":{"index":"index","follow":"follow","max-snippet":"max-snippet:-1","max-image-preview":"max-image-preview:large","max-video-preview":"max-video-preview:-1"},"canonical":"https:\/\/www.maitri.pl\/projekt\/posilek-nepal\/","og_locale":"fr_FR","og_type":"article","og_title":"Ratowanie dzieci przed g\u0142odem: posi\u0142ek dla uczni\u00f3w z Gorkha","og_description":"Ratowanie dzieci przed g\u0142odem: posi\u0142ek dla najbiedniejszych z Gorkha. Panuje tam niewyobra\u017calna n\u0119dza, brak jedzenia hamuje rozw\u00f3j dzieci.","og_url":"https:\/\/www.maitri.pl\/projekt\/posilek-nepal\/","og_site_name":"Ruch Maitri - Adopcja Serca pomoc Afryce","article_publisher":"https:\/\/www.facebook.com\/MAITRI.Adopcja.Serca.dzieci.Afryki\/","article_modified_time":"2024-02-07T11:51:06+00:00","og_image":[{"width":1242,"height":931,"url":"https:\/\/www.maitri.pl\/wp-content\/uploads\/2022\/07\/26-kartc.jpg","type":"image\/jpeg"}],"twitter_card":"summary_large_image","twitter_misc":{"Dur\u00e9e de lecture estim\u00e9e":"3 minutes"},"schema":{"@context":"https:\/\/schema.org","@graph":[{"@type":"WebPage","@id":"https:\/\/www.maitri.pl\/projekt\/posilek-nepal\/","url":"https:\/\/www.maitri.pl\/projekt\/posilek-nepal\/","name":"Ratowanie dzieci przed g\u0142odem: posi\u0142ek dla uczni\u00f3w z Gorkha","isPartOf":{"@id":"https:\/\/www.maitri.pl\/#website"},"primaryImageOfPage":{"@id":"https:\/\/www.maitri.pl\/projekt\/posilek-nepal\/#primaryimage"},"image":{"@id":"https:\/\/www.maitri.pl\/projekt\/posilek-nepal\/#primaryimage"},"thumbnailUrl":"https:\/\/www.maitri.pl\/wp-content\/uploads\/2022\/07\/26-kartc.jpg","datePublished":"2022-07-08T15:12:40+00:00","dateModified":"2024-02-07T11:51:06+00:00","description":"Ratowanie dzieci przed g\u0142odem: posi\u0142ek dla najbiedniejszych z Gorkha. Panuje tam niewyobra\u017calna n\u0119dza, brak jedzenia hamuje rozw\u00f3j dzieci.","breadcrumb":{"@id":"https:\/\/www.maitri.pl\/projekt\/posilek-nepal\/#breadcrumb"},"inLanguage":"fr-FR","potentialAction":[{"@type":"ReadAction","target":["https:\/\/www.maitri.pl\/projekt\/posilek-nepal\/"]}]},{"@type":"ImageObject","inLanguage":"fr-FR","@id":"https:\/\/www.maitri.pl\/projekt\/posilek-nepal\/#primaryimage","url":"https:\/\/www.maitri.pl\/wp-content\/uploads\/2022\/07\/26-kartc.jpg","contentUrl":"https:\/\/www.maitri.pl\/wp-content\/uploads\/2022\/07\/26-kartc.jpg","width":1242,"height":931,"caption":"Ratowanie dzieci przed g\u0142odem: posi\u0142ek dla 70 uczni\u00f3w z Gorkha pomoc Afryce Adopcja Serca Ruch Maitri Nepal pomoc ubogim 01"},{"@type":"BreadcrumbList","@id":"https:\/\/www.maitri.pl\/projekt\/posilek-nepal\/#breadcrumb","itemListElement":[{"@type":"ListItem","position":1,"name":"Strona g\u0142\u00f3wna","item":"https:\/\/www.maitri.pl\/"},{"@type":"ListItem","position":2,"name":"Sklep","item":"https:\/\/www.maitri.pl\/sklep\/"},{"@type":"ListItem","position":3,"name":"Ratowanie dzieci przed g\u0142odem: posi\u0142ek dla uczni\u00f3w z Gorkha"}]},{"@type":"WebSite","@id":"https:\/\/www.maitri.pl\/#website","url":"https:\/\/www.maitri.pl\/","name":"Adopcja Serca Maitri \u2013 pomoc dzieciom w Afryce","description":"Adopcja Serca \u2013 adopcja na odleg\u0142o\u015b\u0107, pomoc Afryce, do\u017cywianie i edukacja w Afryce","publisher":{"@id":"https:\/\/www.maitri.pl\/#organization"},"potentialAction":[{"@type":"SearchAction","target":{"@type":"EntryPoint","urlTemplate":"https:\/\/www.maitri.pl\/?s={search_term_string}"},"query-input":{"@type":"PropertyValueSpecification","valueRequired":true,"valueName":"search_term_string"}}],"inLanguage":"fr-FR"},{"@type":"Organization","@id":"https:\/\/www.maitri.pl\/#organization","name":"Stowarzyszenie Ruchu Maitri","url":"https:\/\/www.maitri.pl\/","logo":{"@type":"ImageObject","inLanguage":"fr-FR","@id":"https:\/\/www.maitri.pl\/#\/schema\/logo\/image\/","url":"https:\/\/www.maitri.pl\/wp-content\/uploads\/2020\/04\/duze_logo-81.png","contentUrl":"https:\/\/www.maitri.pl\/wp-content\/uploads\/2020\/04\/duze_logo-81.png","width":339,"height":321,"caption":"Stowarzyszenie Ruchu Maitri"},"image":{"@id":"https:\/\/www.maitri.pl\/#\/schema\/logo\/image\/"},"sameAs":["https:\/\/www.facebook.com\/MAITRI.Adopcja.Serca.dzieci.Afryki\/"]}]}},"_links":{"self":[{"href":"https:\/\/www.maitri.pl\/fr\/wp-json\/wp\/v2\/product\/24812","targetHints":{"allow":["GET"]}}],"collection":[{"href":"https:\/\/www.maitri.pl\/fr\/wp-json\/wp\/v2\/product"}],"about":[{"href":"https:\/\/www.maitri.pl\/fr\/wp-json\/wp\/v2\/types\/product"}],"wp:featuredmedia":[{"embeddable":true,"href":"https:\/\/www.maitri.pl\/fr\/wp-json\/wp\/v2\/media\/24818"}],"wp:attachment":[{"href":"https:\/\/www.maitri.pl\/fr\/wp-json\/wp\/v2\/media?parent=24812"}],"wp:term":[{"taxonomy":"product_brand","embeddable":true,"href":"https:\/\/www.maitri.pl\/fr\/wp-json\/wp\/v2\/product_brand?post=24812"},{"taxonomy":"product_cat","embeddable":true,"href":"https:\/\/www.maitri.pl\/fr\/wp-json\/wp\/v2\/product_cat?post=24812"},{"taxonomy":"product_tag","embeddable":true,"href":"https:\/\/www.maitri.pl\/fr\/wp-json\/wp\/v2\/product_tag?post=24812"}],"curies":[{"name":"wp","href":"https:\/\/api.w.org\/{rel}","templated":true}]}}