{"id":24811,"date":"2022-07-08T17:18:11","date_gmt":"2022-07-08T15:18:11","guid":{"rendered":"https:\/\/www.maitri.pl\/?post_type=product&#038;p=24811"},"modified":"2024-02-07T12:51:19","modified_gmt":"2024-02-07T11:51:19","slug":"dozywianie-nepal","status":"publish","type":"product","link":"https:\/\/www.maitri.pl\/fr\/projekt\/dozywianie-nepal\/","title":{"rendered":"Podaruj jedzenie dla dzieci z osady Shaktikhor w Nepalu"},"content":{"rendered":"<h4>Bieda w wysokich g\u00f3rach<\/h4>\n<p>Shaktikhor to ekstremalnie odizolowana od \u015bwiata osada w g\u00f3rach Nepalu. Istnieje tam szko\u0142a, kt\u00f3r\u0105 wspieramy. Ucz\u0105 si\u0119 w niej 103 malutkie dzieci, w wieku od przedszkolnego do szkolnego. Dzieci pochodz\u0105 z najni\u017cszej kasty. Cierpi\u0105 g\u0142\u00f3d. Niekt\u00f3re nie jedz\u0105 \u017cadnego posi\u0142ku przez ca\u0142y dzie\u0144. Wiele z nich nigdy w \u017cyciu nie mia\u0142o but\u00f3w czy w\u0142asnego ubrania. Pomoc jest niezb\u0119dna i to na ju\u017c. Trzeba ratowa\u0107 ludzkie malutkie \u017cycia. Chcemy kupi\u0107 jedzenie dla dzieci dla uczni\u00f3w tej szko\u0142y i zapewni\u0107 im pe\u0142ne brzuszki przez ca\u0142y rok. Chcemy tym dzieciom znale\u017a\u0107 rodzic\u00f3w adopcyjnych w programie <a href=\"https:\/\/www.maitri.pl\/adopcja-serca\/\" target=\"_blank\" rel=\"noopener\">Adopcja Serca<\/a>. Tylko w ten spos\u00f3b mo\u017cemy zapewni\u0107 im normalny rozw\u00f3j.<\/p>\n<h4>G\u0142\u00f3d niszczy ka\u017cdego<\/h4>\n<p>103 dzieci pilnie potrzebuje pomocy \u017cywieniowej. G\u0142\u00f3d cierpi\u0105 r\u00f3wnie\u017c doro\u015bli. Nauczycielka wygl\u0105da jak chodz\u0105cy ko\u015bciotrup. Strasznie jest to wszystko ogl\u0105da\u0107, nigdy nie widzieli\u015bmy\u00a0 ludzi i dzieci w takim stanie, z brzuchami wysadzonymi od g\u0142odu. Przyje\u017cd\u017caj\u0105c w to miejsce chcieli\u015bmy zorientowa\u0107 si\u0119 w potrzebach edukacyjnych, ale okaza\u0142o si\u0119, \u017ce priorytetem jest jedzenie dla dzieci. Mo\u017cemy zorganizowa\u0107 tam kuchni\u0119 \u017cywi\u0105c\u0105 dzieci. Posi\u0142ki b\u0119d\u0105 wydawane przez nauczycieli.<\/p>\n<h4>Otch\u0142a\u0144 beznadziei<\/h4>\n<p>Bez jedzenia dzieci s\u0105 ospa\u0142e, ot\u0119pia\u0142e, nie rosn\u0105, kar\u0142owaciej\u0105, to jest olbrzymia tragedia. Niekt\u00f3re dzieci s\u0105 traktowane w domach jak zwierz\u0105tka \u2013 \u017cyj\u0105 poza domem, przy chlewikach, r\u00f3wnie\u017c w zimie. Nie maj\u0105 ubrania, o materacu lub kocu nie m\u00f3wi\u0105c. W tej grupie s\u0105 sieroty i p\u00f3\u0142sieroty. One bardzo potrzebuj\u0105 pomocy. To pomoc ratuj\u0105ca \u017cycie. Z ca\u0142ego serca prosz\u0119 o wsparcie finansowe, za kt\u00f3re zostanie zakupione jedzenie dla dzieci z osady Shaktikhor.<\/p>\n<p><em>Aleksandra<\/em><em>\u00a0Kurnicka, <a href=\"https:\/\/www.facebook.com\/karunikatuitioncenterNEPAL\" target=\"_blank\" rel=\"noopener\">Karunika Foundation<\/a><\/em><\/p>\n<h4><strong>Kosztorys:<\/strong><\/h4>\n<p>ciep\u0142y pe\u0142nowarto\u015bciowy posi\u0142ek (ry\u017c, soczewica, warzywa) to koszt:<\/p>\n<p><strong>35 NPR (waluta miejscowa) x 103 dzieci x 175 dni = 630.875 NPR<\/strong><\/p>\n<p><span style=\"color: #ff0000;\"><span style=\"font-size: large;\"><b>Wnioskowana kwota: 5.260 \u20ac<\/b><\/span><\/span><\/p>\n<p><span style=\"color: #999999;\">Stowarzyszenie Ruchu\u00a0<em>Maitri<\/em>\u00a0przeznacza do 10% otrzymanych \u015brodk\u00f3w na koszty funkcjonowania biura i pozyskiwanie funduszy pomocowych.<\/span><\/p>\n<h3><strong><span style=\"color: #999999;\">Podaruj jedzenie dla najbiedniejszych dzieci z osady Saktikor w Nepalu<\/span><\/strong><\/h3>\n<p>&nbsp;<\/p>\n","protected":false},"excerpt":{"rendered":"<p><strong>Projekt: <\/strong><em>Aleksandra<\/em><em>\u00a0Kurnicka, <a href=\"https:\/\/www.facebook.com\/karunikatuitioncenterNEPAL\" target=\"_blank\" rel=\"noopener\">Karunika Foundation<\/a><\/em><br \/>\n<strong>Miejsce:<\/strong> Kathmandu, <a href=\"https:\/\/www.maitri.pl\/gdzie-pomagamy\/\" target=\"_blank\" rel=\"noopener\">Nepal<\/a><br \/>\n<strong>Kwota projektu: <span style=\"color: #ff0000;\">5.260\u20ac<\/span><\/strong><br \/>\n<strong>Numer projektu<\/strong> <span style=\"color: #ff6600;\"><strong>25\/KARTC<\/strong><\/span><\/p>\n","protected":false},"featured_media":24828,"template":"","meta":[],"product_brand":[],"product_cat":[656],"product_tag":[670,928,672],"class_list":{"0":"post-24811","1":"product","2":"type-product","3":"status-publish","4":"has-post-thumbnail","6":"product_cat-bez-kategorii","7":"product_tag-aleksandra-kurnicka","8":"product_tag-karunika-foundation","9":"product_tag-nepal","11":"first","12":"instock","13":"virtual","14":"purchasable","15":"product-type-simple"},"yoast_head":"<!-- This site is optimized with the Yoast SEO plugin v27.2 - https:\/\/yoast.com\/product\/yoast-seo-wordpress\/ -->\n<title>Podaruj jedzenie dla dzieci z osady Shaktikhor w Nepalu<\/title>\n<meta name=\"description\" content=\"Podaruj jedzenie dla dzieci z osady Shaktikhor w Nepalu. 103 maluch\u00f3w z ubogich rodzin czeka na Twoje wsparcie. Nie pozw\u00f3l, by g\u0142odowa\u0142y.\" \/>\n<meta name=\"robots\" content=\"index, follow, max-snippet:-1, max-image-preview:large, max-video-preview:-1\" \/>\n<link rel=\"canonical\" href=\"https:\/\/www.maitri.pl\/projekt\/dozywianie-nepal\/\" \/>\n<meta property=\"og:locale\" content=\"fr_FR\" \/>\n<meta property=\"og:type\" content=\"article\" \/>\n<meta property=\"og:title\" content=\"Podaruj jedzenie dla dzieci z osady Shaktikhor w Nepalu\" \/>\n<meta property=\"og:description\" content=\"Podaruj jedzenie dla dzieci z osady Shaktikhor w Nepalu. 103 maluch\u00f3w z ubogich rodzin czeka na Twoje wsparcie. Nie pozw\u00f3l, by g\u0142odowa\u0142y.\" \/>\n<meta property=\"og:url\" content=\"https:\/\/www.maitri.pl\/projekt\/dozywianie-nepal\/\" \/>\n<meta property=\"og:site_name\" content=\"Ruch Maitri - Adopcja Serca pomoc Afryce\" \/>\n<meta property=\"article:publisher\" content=\"https:\/\/www.facebook.com\/MAITRI.Adopcja.Serca.dzieci.Afryki\/\" \/>\n<meta property=\"article:modified_time\" content=\"2024-02-07T11:51:19+00:00\" \/>\n<meta property=\"og:image\" content=\"https:\/\/www.maitri.pl\/wp-content\/uploads\/2022\/07\/Jiban-z-Shaktikhor.jpg\" \/>\n\t<meta property=\"og:image:width\" content=\"1242\" \/>\n\t<meta property=\"og:image:height\" content=\"932\" \/>\n\t<meta property=\"og:image:type\" content=\"image\/jpeg\" \/>\n<meta name=\"twitter:card\" content=\"summary_large_image\" \/>\n<meta name=\"twitter:label1\" content=\"Dur\u00e9e de lecture estim\u00e9e\" \/>\n\t<meta name=\"twitter:data1\" content=\"2 minutes\" \/>\n<script type=\"application\/ld+json\" class=\"yoast-schema-graph\">{\"@context\":\"https:\/\/schema.org\",\"@graph\":[{\"@type\":\"WebPage\",\"@id\":\"https:\/\/www.maitri.pl\/projekt\/dozywianie-nepal\/\",\"url\":\"https:\/\/www.maitri.pl\/projekt\/dozywianie-nepal\/\",\"name\":\"Podaruj jedzenie dla dzieci z osady Shaktikhor w Nepalu\",\"isPartOf\":{\"@id\":\"https:\/\/www.maitri.pl\/#website\"},\"primaryImageOfPage\":{\"@id\":\"https:\/\/www.maitri.pl\/projekt\/dozywianie-nepal\/#primaryimage\"},\"image\":{\"@id\":\"https:\/\/www.maitri.pl\/projekt\/dozywianie-nepal\/#primaryimage\"},\"thumbnailUrl\":\"https:\/\/www.maitri.pl\/wp-content\/uploads\/2022\/07\/Jiban-z-Shaktikhor.jpg\",\"datePublished\":\"2022-07-08T15:18:11+00:00\",\"dateModified\":\"2024-02-07T11:51:19+00:00\",\"description\":\"Podaruj jedzenie dla dzieci z osady Shaktikhor w Nepalu. 103 maluch\u00f3w z ubogich rodzin czeka na Twoje wsparcie. Nie pozw\u00f3l, by g\u0142odowa\u0142y.\",\"breadcrumb\":{\"@id\":\"https:\/\/www.maitri.pl\/projekt\/dozywianie-nepal\/#breadcrumb\"},\"inLanguage\":\"fr-FR\",\"potentialAction\":[{\"@type\":\"ReadAction\",\"target\":[\"https:\/\/www.maitri.pl\/projekt\/dozywianie-nepal\/\"]}]},{\"@type\":\"ImageObject\",\"inLanguage\":\"fr-FR\",\"@id\":\"https:\/\/www.maitri.pl\/projekt\/dozywianie-nepal\/#primaryimage\",\"url\":\"https:\/\/www.maitri.pl\/wp-content\/uploads\/2022\/07\/Jiban-z-Shaktikhor.jpg\",\"contentUrl\":\"https:\/\/www.maitri.pl\/wp-content\/uploads\/2022\/07\/Jiban-z-Shaktikhor.jpg\",\"width\":1242,\"height\":932,\"caption\":\"Podaruj jedzenie dla dzieci z osady Shaktikhor w Nepalu Ruch Maitri pomoc Afryce Adopcja Serca Nepal 01\"},{\"@type\":\"BreadcrumbList\",\"@id\":\"https:\/\/www.maitri.pl\/projekt\/dozywianie-nepal\/#breadcrumb\",\"itemListElement\":[{\"@type\":\"ListItem\",\"position\":1,\"name\":\"Strona g\u0142\u00f3wna\",\"item\":\"https:\/\/www.maitri.pl\/\"},{\"@type\":\"ListItem\",\"position\":2,\"name\":\"Sklep\",\"item\":\"https:\/\/www.maitri.pl\/sklep\/\"},{\"@type\":\"ListItem\",\"position\":3,\"name\":\"Podaruj jedzenie dla dzieci z osady Shaktikhor w Nepalu\"}]},{\"@type\":\"WebSite\",\"@id\":\"https:\/\/www.maitri.pl\/#website\",\"url\":\"https:\/\/www.maitri.pl\/\",\"name\":\"Adopcja Serca Maitri \u2013 pomoc dzieciom w Afryce\",\"description\":\"Adopcja Serca \u2013 adopcja na odleg\u0142o\u015b\u0107, pomoc Afryce, do\u017cywianie i edukacja w Afryce\",\"publisher\":{\"@id\":\"https:\/\/www.maitri.pl\/#organization\"},\"potentialAction\":[{\"@type\":\"SearchAction\",\"target\":{\"@type\":\"EntryPoint\",\"urlTemplate\":\"https:\/\/www.maitri.pl\/?s={search_term_string}\"},\"query-input\":{\"@type\":\"PropertyValueSpecification\",\"valueRequired\":true,\"valueName\":\"search_term_string\"}}],\"inLanguage\":\"fr-FR\"},{\"@type\":\"Organization\",\"@id\":\"https:\/\/www.maitri.pl\/#organization\",\"name\":\"Stowarzyszenie Ruchu Maitri\",\"url\":\"https:\/\/www.maitri.pl\/\",\"logo\":{\"@type\":\"ImageObject\",\"inLanguage\":\"fr-FR\",\"@id\":\"https:\/\/www.maitri.pl\/#\/schema\/logo\/image\/\",\"url\":\"https:\/\/www.maitri.pl\/wp-content\/uploads\/2020\/04\/duze_logo-81.png\",\"contentUrl\":\"https:\/\/www.maitri.pl\/wp-content\/uploads\/2020\/04\/duze_logo-81.png\",\"width\":339,\"height\":321,\"caption\":\"Stowarzyszenie Ruchu Maitri\"},\"image\":{\"@id\":\"https:\/\/www.maitri.pl\/#\/schema\/logo\/image\/\"},\"sameAs\":[\"https:\/\/www.facebook.com\/MAITRI.Adopcja.Serca.dzieci.Afryki\/\"]}]}<\/script>\n<!-- \/ Yoast SEO plugin. -->","yoast_head_json":{"title":"Podaruj jedzenie dla dzieci z osady Shaktikhor w Nepalu","description":"Podaruj jedzenie dla dzieci z osady Shaktikhor w Nepalu. 103 maluch\u00f3w z ubogich rodzin czeka na Twoje wsparcie. Nie pozw\u00f3l, by g\u0142odowa\u0142y.","robots":{"index":"index","follow":"follow","max-snippet":"max-snippet:-1","max-image-preview":"max-image-preview:large","max-video-preview":"max-video-preview:-1"},"canonical":"https:\/\/www.maitri.pl\/projekt\/dozywianie-nepal\/","og_locale":"fr_FR","og_type":"article","og_title":"Podaruj jedzenie dla dzieci z osady Shaktikhor w Nepalu","og_description":"Podaruj jedzenie dla dzieci z osady Shaktikhor w Nepalu. 103 maluch\u00f3w z ubogich rodzin czeka na Twoje wsparcie. Nie pozw\u00f3l, by g\u0142odowa\u0142y.","og_url":"https:\/\/www.maitri.pl\/projekt\/dozywianie-nepal\/","og_site_name":"Ruch Maitri - Adopcja Serca pomoc Afryce","article_publisher":"https:\/\/www.facebook.com\/MAITRI.Adopcja.Serca.dzieci.Afryki\/","article_modified_time":"2024-02-07T11:51:19+00:00","og_image":[{"width":1242,"height":932,"url":"https:\/\/www.maitri.pl\/wp-content\/uploads\/2022\/07\/Jiban-z-Shaktikhor.jpg","type":"image\/jpeg"}],"twitter_card":"summary_large_image","twitter_misc":{"Dur\u00e9e de lecture estim\u00e9e":"2 minutes"},"schema":{"@context":"https:\/\/schema.org","@graph":[{"@type":"WebPage","@id":"https:\/\/www.maitri.pl\/projekt\/dozywianie-nepal\/","url":"https:\/\/www.maitri.pl\/projekt\/dozywianie-nepal\/","name":"Podaruj jedzenie dla dzieci z osady Shaktikhor w Nepalu","isPartOf":{"@id":"https:\/\/www.maitri.pl\/#website"},"primaryImageOfPage":{"@id":"https:\/\/www.maitri.pl\/projekt\/dozywianie-nepal\/#primaryimage"},"image":{"@id":"https:\/\/www.maitri.pl\/projekt\/dozywianie-nepal\/#primaryimage"},"thumbnailUrl":"https:\/\/www.maitri.pl\/wp-content\/uploads\/2022\/07\/Jiban-z-Shaktikhor.jpg","datePublished":"2022-07-08T15:18:11+00:00","dateModified":"2024-02-07T11:51:19+00:00","description":"Podaruj jedzenie dla dzieci z osady Shaktikhor w Nepalu. 103 maluch\u00f3w z ubogich rodzin czeka na Twoje wsparcie. Nie pozw\u00f3l, by g\u0142odowa\u0142y.","breadcrumb":{"@id":"https:\/\/www.maitri.pl\/projekt\/dozywianie-nepal\/#breadcrumb"},"inLanguage":"fr-FR","potentialAction":[{"@type":"ReadAction","target":["https:\/\/www.maitri.pl\/projekt\/dozywianie-nepal\/"]}]},{"@type":"ImageObject","inLanguage":"fr-FR","@id":"https:\/\/www.maitri.pl\/projekt\/dozywianie-nepal\/#primaryimage","url":"https:\/\/www.maitri.pl\/wp-content\/uploads\/2022\/07\/Jiban-z-Shaktikhor.jpg","contentUrl":"https:\/\/www.maitri.pl\/wp-content\/uploads\/2022\/07\/Jiban-z-Shaktikhor.jpg","width":1242,"height":932,"caption":"Podaruj jedzenie dla dzieci z osady Shaktikhor w Nepalu Ruch Maitri pomoc Afryce Adopcja Serca Nepal 01"},{"@type":"BreadcrumbList","@id":"https:\/\/www.maitri.pl\/projekt\/dozywianie-nepal\/#breadcrumb","itemListElement":[{"@type":"ListItem","position":1,"name":"Strona g\u0142\u00f3wna","item":"https:\/\/www.maitri.pl\/"},{"@type":"ListItem","position":2,"name":"Sklep","item":"https:\/\/www.maitri.pl\/sklep\/"},{"@type":"ListItem","position":3,"name":"Podaruj jedzenie dla dzieci z osady Shaktikhor w Nepalu"}]},{"@type":"WebSite","@id":"https:\/\/www.maitri.pl\/#website","url":"https:\/\/www.maitri.pl\/","name":"Adopcja Serca Maitri \u2013 pomoc dzieciom w Afryce","description":"Adopcja Serca \u2013 adopcja na odleg\u0142o\u015b\u0107, pomoc Afryce, do\u017cywianie i edukacja w Afryce","publisher":{"@id":"https:\/\/www.maitri.pl\/#organization"},"potentialAction":[{"@type":"SearchAction","target":{"@type":"EntryPoint","urlTemplate":"https:\/\/www.maitri.pl\/?s={search_term_string}"},"query-input":{"@type":"PropertyValueSpecification","valueRequired":true,"valueName":"search_term_string"}}],"inLanguage":"fr-FR"},{"@type":"Organization","@id":"https:\/\/www.maitri.pl\/#organization","name":"Stowarzyszenie Ruchu Maitri","url":"https:\/\/www.maitri.pl\/","logo":{"@type":"ImageObject","inLanguage":"fr-FR","@id":"https:\/\/www.maitri.pl\/#\/schema\/logo\/image\/","url":"https:\/\/www.maitri.pl\/wp-content\/uploads\/2020\/04\/duze_logo-81.png","contentUrl":"https:\/\/www.maitri.pl\/wp-content\/uploads\/2020\/04\/duze_logo-81.png","width":339,"height":321,"caption":"Stowarzyszenie Ruchu Maitri"},"image":{"@id":"https:\/\/www.maitri.pl\/#\/schema\/logo\/image\/"},"sameAs":["https:\/\/www.facebook.com\/MAITRI.Adopcja.Serca.dzieci.Afryki\/"]}]}},"_links":{"self":[{"href":"https:\/\/www.maitri.pl\/fr\/wp-json\/wp\/v2\/product\/24811","targetHints":{"allow":["GET"]}}],"collection":[{"href":"https:\/\/www.maitri.pl\/fr\/wp-json\/wp\/v2\/product"}],"about":[{"href":"https:\/\/www.maitri.pl\/fr\/wp-json\/wp\/v2\/types\/product"}],"wp:featuredmedia":[{"embeddable":true,"href":"https:\/\/www.maitri.pl\/fr\/wp-json\/wp\/v2\/media\/24828"}],"wp:attachment":[{"href":"https:\/\/www.maitri.pl\/fr\/wp-json\/wp\/v2\/media?parent=24811"}],"wp:term":[{"taxonomy":"product_brand","embeddable":true,"href":"https:\/\/www.maitri.pl\/fr\/wp-json\/wp\/v2\/product_brand?post=24811"},{"taxonomy":"product_cat","embeddable":true,"href":"https:\/\/www.maitri.pl\/fr\/wp-json\/wp\/v2\/product_cat?post=24811"},{"taxonomy":"product_tag","embeddable":true,"href":"https:\/\/www.maitri.pl\/fr\/wp-json\/wp\/v2\/product_tag?post=24811"}],"curies":[{"name":"wp","href":"https:\/\/api.w.org\/{rel}","templated":true}]}}