{"id":24810,"date":"2022-07-08T17:38:51","date_gmt":"2022-07-08T15:38:51","guid":{"rendered":"https:\/\/www.maitri.pl\/?post_type=product&#038;p=24810"},"modified":"2023-02-10T12:14:43","modified_gmt":"2023-02-10T11:14:43","slug":"zapomoga_aleppo","status":"publish","type":"product","link":"https:\/\/www.maitri.pl\/fr\/projekt\/zapomoga_aleppo\/","title":{"rendered":"Pomoc dla niepe\u0142nosprawnych z Aleppo &#8211; obdaruj najs\u0142abszych!"},"content":{"rendered":"<h2 style=\"text-align: center;\" align=\"LEFT\"><span style=\"font-family: Calibri,sans-serif;\"><span style=\"font-size: x-large;\">Pomoc dla niepe\u0142nosprawnych z Aleppo &#8211; ufunduj zapomog\u0119<\/span><\/span><\/h2>\n<p>Pomoc dla niepe\u0142nosprawnych w Aleppo. Miasto ju\u017c od 12 lat zmaga si\u0119 z wyniszczaj\u0105cymi skutkami wojny domowej w Syrii, kt\u00f3ra wybuch\u0142\u0105 w marcu 2011 roku. Trwaj\u0105cy nieustannie konflikt poch\u0142on\u0105\u0142 zatrwa\u017caj\u0105c\u0105 ilo\u015b\u0107 ofiar oraz spowodowa\u0142 niezliczone straty materialne. Pomimo zawieszenia dzia\u0142a\u0144 wojennych, sytuacja humanitarna w Aleppo jest szczeg\u00f3lnie dramatyczna. Jego mieszka\u0144cy zmagaj\u0105 si\u0119 z zasadniczym problemem: jak przetrwa\u0107? Ceny produkt\u00f3w spo\u017cywczych rosn\u0105 w zatrwa\u017caj\u0105cym tempie, a chleb, kt\u00f3ry stanowi podstawowy posi\u0142ek, jest dost\u0119pny tylko na kartki. Brakuje r\u00f3wnie\u017c pr\u0105du i oleju opa\u0142owego. Bezrobocie stale ro\u015bnie, a ca\u0142y kraj pogr\u0105\u017ca si\u0119 w jeszcze wi\u0119kszym kryzysie.<\/p>\n<h3>Niepe\u0142nosprawni bez wsparcia<\/h3>\n<p>Ta dramatyczna sytuacja jest kolejnym utrudnieniem w \u017cyciu os\u00f3b niepe\u0142nosprawnych i ich rodzin. Opr\u00f3cz zapewnienia im podstawowych potrzeb jakimi s\u0105 wy\u017cywienie, ogrzewanie, dost\u0119p do pr\u0105du i wody, a tak\u017ce do nauki, dodatkowo musz\u0105 pokry\u0107 koszty zwi\u0105zane ze specjalnymi \u015brodkami higienicznymi, leczeniem, rehabilitacj\u0105 i odpowiednim sprz\u0119tem medycznym, kt\u00f3ry cz\u0119sto jest niezb\u0119dny do funkcjonowania. Niestety, pomoc organizowana przez mi\u0119dzynarodowe instytucje i organizacje nie dociera do tej grupy spo\u0142ecznej.<\/p>\n<p>Wsp\u00f3lnota \u201cWiara i \u015awiat\u0142o\u201d, kt\u00f3ra dzia\u0142a przy parafii <a href=\"https:\/\/www.facebook.com\/latinparish.aleppo\/?fref=ts\">parafii \u015aw. Franciszka<\/a> w zachodnim Aleppo skupia osoby niepe\u0142nosprawne wraz z ich rodzinami. Opiek\u0119 nad ni\u0105 sprawuje Pani Roula Mistrich. Gda\u0144ski o\u015brodek ruchu \u201cMaitri\u201d rozpocz\u0105\u0142 wspieranie tej grupy w 2017 roku, r\u00f3wnie\u017c poprzez program <a href=\"https:\/\/www.maitri.pl\/dzieci-niepelnosprawne\/\" target=\"_blank\" rel=\"noopener\">Adopcja Medyczna<\/a>. Pomoc jest udzielana rodzinom w formie zapomogi got\u00f3wkowej, a jej koszt wynosi 34 euro (ok. 165 z\u0142) miesi\u0119cznie na osob\u0119. Zach\u0119camy do wsparcia naszego projektu. Rodziny os\u00f3b niepe\u0142nosprawnych mog\u0105 prze\u017cy\u0107 tylko dzi\u0119ki pomocy, kt\u00f3r\u0105 otrzymuj\u0105 z Polski.<\/p>\n<h3>Jak pom\u00f3c?<\/h3>\n<p>W szczeg\u00f3lnie trudnej sytuacji s\u0105 osoby niepe\u0142nosprawne i ich rodziny, kt\u00f3re musz\u0105 dodatkowo zapewni\u0107 im leczenie, pielucho-majtki, odpowiednie wy\u017cywienie, \u015brodki higieny oraz sprz\u0119t medyczny, niezb\u0119dny do funkcjonowania. Ca\u0142y ci\u0119\u017car organizacyjny i finansowy opieki nad tymi osobami spada na ich rodziny i pogarsza ich sytuacj\u0119. Niestety, pomoc organizowana przez mi\u0119dzynarodowe instytucje i organizacje nie dociera do tej grupy spo\u0142ecznej. Prosimy o wsparcie najs\u0142abszych mieszka\u0144c\u00f3w Aleppo, kt\u00f3rzy najbardziej ucierpieli z powodu wojny.<\/p>\n<p>Odpowiedzialna za projekt: Roula Mistrich, Wsp\u00f3lnota ruchu Jean Vanier \u00ab\u00a0Wiara i \u015awiat\u0142o\u00a0\u00bb przy <a href=\"https:\/\/www.facebook.com\/latinparish.aleppo\/?fref=ts\">Parafii \u015aw. Franciszka Aleppo, Syria<\/a><\/p>\n<h4><strong><span style=\"text-decoration: underline;\"> Kosztorys projektu:<\/span><\/strong><\/h4>\n<p>Pomoc finansowa dla doros\u0142ych os\u00f3b niepe\u0142nosprawnych jest wyp\u0142acana w formie zapomogi.<\/p>\n<p><strong>Zbierana kwota:<\/strong><br \/>\n<strong>34 \u20ac na miesi\u0105c x 12 miesi\u0119cy =408 \u20ac rocznie na osob\u0119<\/strong><\/p>\n<p><strong><span style=\"font-size: large;\"><i><b><span style=\"color: #ff0000;\">Ca\u0142kowity koszt projektu: 3.890<\/span><\/b><\/i><\/span><\/strong><strong><span style=\"font-size: large;\"><i><b><span style=\"color: #ff0000;\">\u00a0Euro<br \/>\n<\/span><\/b><\/i><\/span><\/strong><\/p>\n<h3>Pomoc dla niepe\u0142nosprawnych w Aleppo<\/h3>\n<p><span style=\"color: #999999;\">Stowarzyszenie Ruchu <em>Maitri<\/em> przeznacza do 10% otrzymanych \u015brodk\u00f3w na koszty funkcjonowania biura i pozyskiwanie funduszy pomocowych<\/span><\/p>\n<p>&nbsp;<\/p>\n","protected":false},"excerpt":{"rendered":"<p><strong>Projekt:<\/strong> Roula Mistrich<br \/>\n<strong>Misja: <\/strong><a href=\"https:\/\/www.facebook.com\/latinparish.aleppo\/?fref=ts\">Parafia \u015aw. Franciszka Aleppo, Syria<\/a><br \/>\n<strong>Kwota projektu:<\/strong> <span style=\"color: #ff0000;\"><strong>3.890 \u20ac<\/strong><\/span><br \/>\nKoszt miesi\u0119cznej zapomogi dla osoby niepe\u0142nosprawnej to ok.<span style=\"color: #ff0000;\"><strong> 165 z\u0142<\/strong><\/span> (34 Euro)<\/p>\n","protected":false},"featured_media":24850,"template":"","meta":[],"product_brand":[],"product_cat":[656],"product_tag":[725,704,941,728,942],"class_list":{"0":"post-24810","1":"product","2":"type-product","3":"status-publish","4":"has-post-thumbnail","6":"product_cat-bez-kategorii","7":"product_tag-aleppo","8":"product_tag-niepelnosprawni","9":"product_tag-roula-mistrich","10":"product_tag-syria","11":"product_tag-wspolnota-wiara-i-swiatlo","13":"first","14":"instock","15":"virtual","16":"purchasable","17":"product-type-simple"},"yoast_head":"<!-- This site is optimized with the Yoast SEO plugin v27.2 - https:\/\/yoast.com\/product\/yoast-seo-wordpress\/ -->\n<title>Pomoc dla niepe\u0142nosprawnych z Aleppo - obdaruj najs\u0142abszych!<\/title>\n<meta name=\"description\" content=\"Potrzebna jest pomoc dla niepe\u0142nosprawnych. Koszt zapomogi to tylko 34 euro (ok. 165 z\u0142) miesi\u0119cznie na osob\u0119. Zach\u0119camy do wsparcia!\" \/>\n<meta name=\"robots\" content=\"index, follow, max-snippet:-1, max-image-preview:large, max-video-preview:-1\" \/>\n<link rel=\"canonical\" href=\"https:\/\/www.maitri.pl\/projekt\/zapomoga_aleppo\/\" \/>\n<meta property=\"og:locale\" content=\"fr_FR\" \/>\n<meta property=\"og:type\" content=\"article\" \/>\n<meta property=\"og:title\" content=\"Pomoc dla niepe\u0142nosprawnych z Aleppo - obdaruj najs\u0142abszych!\" \/>\n<meta property=\"og:description\" content=\"Potrzebna jest pomoc dla niepe\u0142nosprawnych. Koszt zapomogi to tylko 34 euro (ok. 165 z\u0142) miesi\u0119cznie na osob\u0119. Zach\u0119camy do wsparcia!\" \/>\n<meta property=\"og:url\" content=\"https:\/\/www.maitri.pl\/projekt\/zapomoga_aleppo\/\" \/>\n<meta property=\"og:site_name\" content=\"Ruch Maitri - Adopcja Serca pomoc Afryce\" \/>\n<meta property=\"article:publisher\" content=\"https:\/\/www.facebook.com\/MAITRI.Adopcja.Serca.dzieci.Afryki\/\" \/>\n<meta property=\"article:modified_time\" content=\"2023-02-10T11:14:43+00:00\" \/>\n<meta property=\"og:image\" content=\"https:\/\/www.maitri.pl\/wp-content\/uploads\/2022\/07\/A-08-Lina-Ibrahim-Houboub.jpg\" \/>\n\t<meta property=\"og:image:width\" content=\"1445\" \/>\n\t<meta property=\"og:image:height\" content=\"1084\" \/>\n\t<meta property=\"og:image:type\" content=\"image\/jpeg\" \/>\n<meta name=\"twitter:card\" content=\"summary_large_image\" \/>\n<meta name=\"twitter:label1\" content=\"Dur\u00e9e de lecture estim\u00e9e\" \/>\n\t<meta name=\"twitter:data1\" content=\"3 minutes\" \/>\n<script type=\"application\/ld+json\" class=\"yoast-schema-graph\">{\"@context\":\"https:\/\/schema.org\",\"@graph\":[{\"@type\":\"WebPage\",\"@id\":\"https:\/\/www.maitri.pl\/projekt\/zapomoga_aleppo\/\",\"url\":\"https:\/\/www.maitri.pl\/projekt\/zapomoga_aleppo\/\",\"name\":\"Pomoc dla niepe\u0142nosprawnych z Aleppo - obdaruj najs\u0142abszych!\",\"isPartOf\":{\"@id\":\"https:\/\/www.maitri.pl\/#website\"},\"primaryImageOfPage\":{\"@id\":\"https:\/\/www.maitri.pl\/projekt\/zapomoga_aleppo\/#primaryimage\"},\"image\":{\"@id\":\"https:\/\/www.maitri.pl\/projekt\/zapomoga_aleppo\/#primaryimage\"},\"thumbnailUrl\":\"https:\/\/www.maitri.pl\/wp-content\/uploads\/2022\/07\/A-08-Lina-Ibrahim-Houboub.jpg\",\"datePublished\":\"2022-07-08T15:38:51+00:00\",\"dateModified\":\"2023-02-10T11:14:43+00:00\",\"description\":\"Potrzebna jest pomoc dla niepe\u0142nosprawnych. Koszt zapomogi to tylko 34 euro (ok. 165 z\u0142) miesi\u0119cznie na osob\u0119. Zach\u0119camy do wsparcia!\",\"breadcrumb\":{\"@id\":\"https:\/\/www.maitri.pl\/projekt\/zapomoga_aleppo\/#breadcrumb\"},\"inLanguage\":\"fr-FR\",\"potentialAction\":[{\"@type\":\"ReadAction\",\"target\":[\"https:\/\/www.maitri.pl\/projekt\/zapomoga_aleppo\/\"]}]},{\"@type\":\"ImageObject\",\"inLanguage\":\"fr-FR\",\"@id\":\"https:\/\/www.maitri.pl\/projekt\/zapomoga_aleppo\/#primaryimage\",\"url\":\"https:\/\/www.maitri.pl\/wp-content\/uploads\/2022\/07\/A-08-Lina-Ibrahim-Houboub.jpg\",\"contentUrl\":\"https:\/\/www.maitri.pl\/wp-content\/uploads\/2022\/07\/A-08-Lina-Ibrahim-Houboub.jpg\",\"width\":1445,\"height\":1084,\"caption\":\"Pomoc dla niepe\u0142nosprawnych z Aleppo - obdaruj najs\u0142abszych! Ruch Maitri Adopcja Serca pomoc Syrii 02\"},{\"@type\":\"BreadcrumbList\",\"@id\":\"https:\/\/www.maitri.pl\/projekt\/zapomoga_aleppo\/#breadcrumb\",\"itemListElement\":[{\"@type\":\"ListItem\",\"position\":1,\"name\":\"Strona g\u0142\u00f3wna\",\"item\":\"https:\/\/www.maitri.pl\/\"},{\"@type\":\"ListItem\",\"position\":2,\"name\":\"Sklep\",\"item\":\"https:\/\/www.maitri.pl\/sklep\/\"},{\"@type\":\"ListItem\",\"position\":3,\"name\":\"Pomoc dla niepe\u0142nosprawnych z Aleppo &#8211; obdaruj najs\u0142abszych!\"}]},{\"@type\":\"WebSite\",\"@id\":\"https:\/\/www.maitri.pl\/#website\",\"url\":\"https:\/\/www.maitri.pl\/\",\"name\":\"Adopcja Serca Maitri \u2013 pomoc dzieciom w Afryce\",\"description\":\"Adopcja Serca \u2013 adopcja na odleg\u0142o\u015b\u0107, pomoc Afryce, do\u017cywianie i edukacja w Afryce\",\"publisher\":{\"@id\":\"https:\/\/www.maitri.pl\/#organization\"},\"potentialAction\":[{\"@type\":\"SearchAction\",\"target\":{\"@type\":\"EntryPoint\",\"urlTemplate\":\"https:\/\/www.maitri.pl\/?s={search_term_string}\"},\"query-input\":{\"@type\":\"PropertyValueSpecification\",\"valueRequired\":true,\"valueName\":\"search_term_string\"}}],\"inLanguage\":\"fr-FR\"},{\"@type\":\"Organization\",\"@id\":\"https:\/\/www.maitri.pl\/#organization\",\"name\":\"Stowarzyszenie Ruchu Maitri\",\"url\":\"https:\/\/www.maitri.pl\/\",\"logo\":{\"@type\":\"ImageObject\",\"inLanguage\":\"fr-FR\",\"@id\":\"https:\/\/www.maitri.pl\/#\/schema\/logo\/image\/\",\"url\":\"https:\/\/www.maitri.pl\/wp-content\/uploads\/2020\/04\/duze_logo-81.png\",\"contentUrl\":\"https:\/\/www.maitri.pl\/wp-content\/uploads\/2020\/04\/duze_logo-81.png\",\"width\":339,\"height\":321,\"caption\":\"Stowarzyszenie Ruchu Maitri\"},\"image\":{\"@id\":\"https:\/\/www.maitri.pl\/#\/schema\/logo\/image\/\"},\"sameAs\":[\"https:\/\/www.facebook.com\/MAITRI.Adopcja.Serca.dzieci.Afryki\/\"]}]}<\/script>\n<!-- \/ Yoast SEO plugin. -->","yoast_head_json":{"title":"Pomoc dla niepe\u0142nosprawnych z Aleppo - obdaruj najs\u0142abszych!","description":"Potrzebna jest pomoc dla niepe\u0142nosprawnych. Koszt zapomogi to tylko 34 euro (ok. 165 z\u0142) miesi\u0119cznie na osob\u0119. Zach\u0119camy do wsparcia!","robots":{"index":"index","follow":"follow","max-snippet":"max-snippet:-1","max-image-preview":"max-image-preview:large","max-video-preview":"max-video-preview:-1"},"canonical":"https:\/\/www.maitri.pl\/projekt\/zapomoga_aleppo\/","og_locale":"fr_FR","og_type":"article","og_title":"Pomoc dla niepe\u0142nosprawnych z Aleppo - obdaruj najs\u0142abszych!","og_description":"Potrzebna jest pomoc dla niepe\u0142nosprawnych. Koszt zapomogi to tylko 34 euro (ok. 165 z\u0142) miesi\u0119cznie na osob\u0119. Zach\u0119camy do wsparcia!","og_url":"https:\/\/www.maitri.pl\/projekt\/zapomoga_aleppo\/","og_site_name":"Ruch Maitri - Adopcja Serca pomoc Afryce","article_publisher":"https:\/\/www.facebook.com\/MAITRI.Adopcja.Serca.dzieci.Afryki\/","article_modified_time":"2023-02-10T11:14:43+00:00","og_image":[{"width":1445,"height":1084,"url":"https:\/\/www.maitri.pl\/wp-content\/uploads\/2022\/07\/A-08-Lina-Ibrahim-Houboub.jpg","type":"image\/jpeg"}],"twitter_card":"summary_large_image","twitter_misc":{"Dur\u00e9e de lecture estim\u00e9e":"3 minutes"},"schema":{"@context":"https:\/\/schema.org","@graph":[{"@type":"WebPage","@id":"https:\/\/www.maitri.pl\/projekt\/zapomoga_aleppo\/","url":"https:\/\/www.maitri.pl\/projekt\/zapomoga_aleppo\/","name":"Pomoc dla niepe\u0142nosprawnych z Aleppo - obdaruj najs\u0142abszych!","isPartOf":{"@id":"https:\/\/www.maitri.pl\/#website"},"primaryImageOfPage":{"@id":"https:\/\/www.maitri.pl\/projekt\/zapomoga_aleppo\/#primaryimage"},"image":{"@id":"https:\/\/www.maitri.pl\/projekt\/zapomoga_aleppo\/#primaryimage"},"thumbnailUrl":"https:\/\/www.maitri.pl\/wp-content\/uploads\/2022\/07\/A-08-Lina-Ibrahim-Houboub.jpg","datePublished":"2022-07-08T15:38:51+00:00","dateModified":"2023-02-10T11:14:43+00:00","description":"Potrzebna jest pomoc dla niepe\u0142nosprawnych. Koszt zapomogi to tylko 34 euro (ok. 165 z\u0142) miesi\u0119cznie na osob\u0119. Zach\u0119camy do wsparcia!","breadcrumb":{"@id":"https:\/\/www.maitri.pl\/projekt\/zapomoga_aleppo\/#breadcrumb"},"inLanguage":"fr-FR","potentialAction":[{"@type":"ReadAction","target":["https:\/\/www.maitri.pl\/projekt\/zapomoga_aleppo\/"]}]},{"@type":"ImageObject","inLanguage":"fr-FR","@id":"https:\/\/www.maitri.pl\/projekt\/zapomoga_aleppo\/#primaryimage","url":"https:\/\/www.maitri.pl\/wp-content\/uploads\/2022\/07\/A-08-Lina-Ibrahim-Houboub.jpg","contentUrl":"https:\/\/www.maitri.pl\/wp-content\/uploads\/2022\/07\/A-08-Lina-Ibrahim-Houboub.jpg","width":1445,"height":1084,"caption":"Pomoc dla niepe\u0142nosprawnych z Aleppo - obdaruj najs\u0142abszych! Ruch Maitri Adopcja Serca pomoc Syrii 02"},{"@type":"BreadcrumbList","@id":"https:\/\/www.maitri.pl\/projekt\/zapomoga_aleppo\/#breadcrumb","itemListElement":[{"@type":"ListItem","position":1,"name":"Strona g\u0142\u00f3wna","item":"https:\/\/www.maitri.pl\/"},{"@type":"ListItem","position":2,"name":"Sklep","item":"https:\/\/www.maitri.pl\/sklep\/"},{"@type":"ListItem","position":3,"name":"Pomoc dla niepe\u0142nosprawnych z Aleppo &#8211; obdaruj najs\u0142abszych!"}]},{"@type":"WebSite","@id":"https:\/\/www.maitri.pl\/#website","url":"https:\/\/www.maitri.pl\/","name":"Adopcja Serca Maitri \u2013 pomoc dzieciom w Afryce","description":"Adopcja Serca \u2013 adopcja na odleg\u0142o\u015b\u0107, pomoc Afryce, do\u017cywianie i edukacja w Afryce","publisher":{"@id":"https:\/\/www.maitri.pl\/#organization"},"potentialAction":[{"@type":"SearchAction","target":{"@type":"EntryPoint","urlTemplate":"https:\/\/www.maitri.pl\/?s={search_term_string}"},"query-input":{"@type":"PropertyValueSpecification","valueRequired":true,"valueName":"search_term_string"}}],"inLanguage":"fr-FR"},{"@type":"Organization","@id":"https:\/\/www.maitri.pl\/#organization","name":"Stowarzyszenie Ruchu Maitri","url":"https:\/\/www.maitri.pl\/","logo":{"@type":"ImageObject","inLanguage":"fr-FR","@id":"https:\/\/www.maitri.pl\/#\/schema\/logo\/image\/","url":"https:\/\/www.maitri.pl\/wp-content\/uploads\/2020\/04\/duze_logo-81.png","contentUrl":"https:\/\/www.maitri.pl\/wp-content\/uploads\/2020\/04\/duze_logo-81.png","width":339,"height":321,"caption":"Stowarzyszenie Ruchu Maitri"},"image":{"@id":"https:\/\/www.maitri.pl\/#\/schema\/logo\/image\/"},"sameAs":["https:\/\/www.facebook.com\/MAITRI.Adopcja.Serca.dzieci.Afryki\/"]}]}},"_links":{"self":[{"href":"https:\/\/www.maitri.pl\/fr\/wp-json\/wp\/v2\/product\/24810","targetHints":{"allow":["GET"]}}],"collection":[{"href":"https:\/\/www.maitri.pl\/fr\/wp-json\/wp\/v2\/product"}],"about":[{"href":"https:\/\/www.maitri.pl\/fr\/wp-json\/wp\/v2\/types\/product"}],"wp:featuredmedia":[{"embeddable":true,"href":"https:\/\/www.maitri.pl\/fr\/wp-json\/wp\/v2\/media\/24850"}],"wp:attachment":[{"href":"https:\/\/www.maitri.pl\/fr\/wp-json\/wp\/v2\/media?parent=24810"}],"wp:term":[{"taxonomy":"product_brand","embeddable":true,"href":"https:\/\/www.maitri.pl\/fr\/wp-json\/wp\/v2\/product_brand?post=24810"},{"taxonomy":"product_cat","embeddable":true,"href":"https:\/\/www.maitri.pl\/fr\/wp-json\/wp\/v2\/product_cat?post=24810"},{"taxonomy":"product_tag","embeddable":true,"href":"https:\/\/www.maitri.pl\/fr\/wp-json\/wp\/v2\/product_tag?post=24810"}],"curies":[{"name":"wp","href":"https:\/\/api.w.org\/{rel}","templated":true}]}}