{"id":24692,"date":"2022-06-10T20:03:10","date_gmt":"2022-06-10T18:03:10","guid":{"rendered":"https:\/\/www.maitri.pl\/?post_type=product&#038;p=24692"},"modified":"2023-02-10T12:15:25","modified_gmt":"2023-02-10T11:15:25","slug":"pallotynki-przedszkole","status":"publish","type":"product","link":"https:\/\/www.maitri.pl\/fr\/projekt\/pallotynki-przedszkole\/","title":{"rendered":"Pallotynki prosz\u0105 o pomoc w doko\u0144czeniu budowy przedszkola w Yaounde w Kamerunie"},"content":{"rendered":"<h4>Powstaje przedszkole dla 160 dzieci<\/h4>\n<p>Siostry Pallotynki s\u0105 obecne w Kamerunie od wielu dekad. Dwa lata temu uda\u0142o nam si\u0119 kupi\u0107 niedoko\u0144czony dom na obrze\u017cach Yaounde \/ Nkolbisson. W naszej wsp\u00f3lnocie mamy coraz wi\u0119cej miejscowych si\u00f3str, wi\u0119c konieczno\u015bci\u0105 jest wybudowanie dzie\u0142a, kt\u00f3re by zapewni\u0142o im przysz\u0142o\u015b\u0107. Po rozeznaniu si\u0119 w tym \u015brodowisku okaza\u0142o si\u0119, \u017ce w promieniu kilkunastu kilometr\u00f3w nie ma przedszkola ani szko\u0142y podstawowej o profilu katolickim, a zapotrzebowanie jest wielkie. Zgromadzone przez nas \u015brodki finansowe przy wsp\u00f3\u0142pracy z Caritas Polska, pozwoli\u0142y na przyst\u0105pienie do budowy przedszkola dla 160 dzieci.<\/p>\n<h4>Jesieni\u0105 pierwsi podopieczni<\/h4>\n<p>Budowa post\u0119puje w szybkim tempie, gdy\u017c we wrze\u015bniu tego roku chcemy przyj\u0105\u0107 pierwsze dzieci. Koszt budowy wynosi 320.000 \u20ac. 2\/3 tej kwoty ju\u017c uda\u0142o nam si\u0119 zebra\u0107, ale wci\u0105\u017c jeszcze sporo brakuje, aby ten projekt by\u0142 zrealizowany zgodnie z planem. Dlatego zwracamy si\u0119 z ogromn\u0105 pro\u015bb\u0105 o pomoc w pokryciu koszt\u00f3w zwi\u0105zanych z zakupem i instalacja drzwi i okien. Mieszka\u0144cy tej okolicy czekaj\u0105 z wielk\u0105 niecierpliwo\u015bci\u0105 i rado\u015bci\u0105 na dzie\u0144, gdy ich pociechy b\u0119d\u0105 mog\u0142y przyj\u015b\u0107 do naszego przedszkola. Maj\u0105c nadziej\u0119 na przychylne przyj\u0119cie naszej pro\u015bby, zapewniamy nasz\u0105 pami\u0119\u0107 w modlitwie.<\/p>\n<h4>Kosztorys:<\/h4>\n<table>\n<tbody>\n<tr>\n<td width=\"38\">Pl.<\/td>\n<td width=\"329\">opis<\/td>\n<td width=\"75\">ilo\u015b\u0107<\/td>\n<td width=\"95\">Cena w walucie miejscowej<\/td>\n<td width=\"106\">Kwota w walucie miejscowej<\/td>\n<\/tr>\n<tr>\n<td width=\"38\">1<\/td>\n<td width=\"329\">Drzwi toalet drewniane 70 x 210<\/td>\n<td width=\"75\">18 szt.<\/td>\n<td width=\"95\">95.000<\/td>\n<td width=\"106\">1.710.000<\/td>\n<\/tr>\n<tr>\n<td width=\"38\">2<\/td>\n<td width=\"329\">Drzwi toalet drewniane 90 x 210<\/td>\n<td width=\"75\">6 szt.<\/td>\n<td width=\"95\">153.000<\/td>\n<td width=\"106\">918.000<\/td>\n<\/tr>\n<tr>\n<td width=\"38\">3<\/td>\n<td width=\"329\">Zabudowa drewniana \u2013 p\u00f3\u0142ki + drzwi<\/td>\n<td width=\"75\">20,40 m2<\/td>\n<td width=\"95\">60.000<\/td>\n<td width=\"106\">1.226.400<\/td>\n<\/tr>\n<tr>\n<td width=\"38\">4<\/td>\n<td width=\"329\">Zabudowa \u2013 szafki pod blatem kuchennym<\/td>\n<td width=\"75\">6,30 m2<\/td>\n<td width=\"95\">45.000<\/td>\n<td width=\"106\">284.400<\/td>\n<\/tr>\n<tr>\n<td width=\"38\">5<\/td>\n<td width=\"329\">Okno aluminiowe 200 x 50<\/td>\n<td width=\"75\">12 szt.<\/td>\n<td width=\"95\">95.000<\/td>\n<td width=\"106\">1.140.000<\/td>\n<\/tr>\n<tr>\n<td width=\"38\">6<\/td>\n<td width=\"329\">Okno aluminiowe 65 x 70<\/td>\n<td width=\"75\">7 szt<\/td>\n<td width=\"95\">43.225<\/td>\n<td width=\"106\">302.575<\/td>\n<\/tr>\n<tr>\n<td width=\"38\">7<\/td>\n<td width=\"329\">Okno aluminiowe 150 x 105<\/td>\n<td width=\"75\">21 szt.<\/td>\n<td width=\"95\">149.625<\/td>\n<td width=\"106\">3.142.125<\/td>\n<\/tr>\n<tr>\n<td width=\"38\">8<\/td>\n<td width=\"329\">Drzwi zewn. stalowe + farba antykorozyjna<\/td>\n<td width=\"75\">19 szt.<\/td>\n<td width=\"95\">157.500<\/td>\n<td width=\"106\">2.992.500<\/td>\n<\/tr>\n<tr>\n<td width=\"38\">9<\/td>\n<td width=\"329\">Zabezpieczenie antyw\u0142amaniowe okna 200 x 50<\/td>\n<td width=\"75\">12 szt.<\/td>\n<td width=\"95\">50.000<\/td>\n<td width=\"106\">600.000<\/td>\n<\/tr>\n<tr>\n<td width=\"38\">10<\/td>\n<td width=\"329\">Zabezpieczenie antyw\u0142amaniowe okna 65 x 70<\/td>\n<td width=\"75\">7 szt.<\/td>\n<td width=\"95\">25.025<\/td>\n<td width=\"106\">175.175<\/td>\n<\/tr>\n<tr>\n<td width=\"38\">11<\/td>\n<td width=\"329\">Zabezpieczenie antyw\u0142amaniowe okna 150 x 105<\/td>\n<td width=\"75\">21 szt.<\/td>\n<td width=\"95\">78.750<\/td>\n<td width=\"106\">1.653.750<\/td>\n<\/tr>\n<tr>\n<td width=\"38\">12<\/td>\n<td width=\"329\">Balustrada metalowa na balkonach i klatce schod.<\/td>\n<td width=\"75\">52,70 m2<\/td>\n<td width=\"95\">50.000<\/td>\n<td width=\"106\">2.635.000<\/td>\n<\/tr>\n<tr>\n<td width=\"38\">13<\/td>\n<td width=\"329\">Brama metalowa 500 x 250 z furtk\u0105<\/td>\n<td width=\"75\">1 kpl<\/td>\n<td width=\"95\">937.500<\/td>\n<td width=\"106\">937.500<\/td>\n<\/tr>\n<tr>\n<td width=\"38\">14<\/td>\n<td width=\"329\">Brama metalowa\u00a0 200 x 250<\/td>\n<td width=\"75\">1 szt.<\/td>\n<td width=\"95\">375.000<\/td>\n<td width=\"106\">375.000<\/td>\n<\/tr>\n<tr>\n<td colspan=\"3\" width=\"442\"><strong>PODSUMOWANIE <\/strong>(waluta: frank kameru\u0144ski)<\/td>\n<td width=\"95\"><\/td>\n<td width=\"106\"><strong>18.0<\/strong><strong>89.125<\/strong><\/td>\n<\/tr>\n<\/tbody>\n<\/table>\n<p><em>Siostra Edyta Budynek, <a href=\"http:\/\/www.u-pallotynek.pl\/\" target=\"_blank\" rel=\"noopener\">Zgromadzenie Si\u00f3str Misjonarek Apostolstwa Katolickiego<\/a>, misja Yaounde, <a href=\"https:\/\/www.maitri.pl\/gdzie-pomagamy\/\" target=\"_blank\" rel=\"noopener\">Kamerun<\/a><\/em><\/p>\n<p><b style=\"font-size: large; color: #ff0000;\">Kwota: 30.690 \u20ac <\/b><\/p>\n<p style=\"text-align: justify;\"><strong>Podsumowanie w miejscowej walucie &#8211; 18.089.125 frank\u00f3w CFA<\/strong><\/p>\n<p style=\"text-align: justify;\" align=\"JUSTIFY\"><span style=\"color: #808080;\">Stowarzyszenie Ruchu\u00a0<em>Maitri<\/em> przeznacza do 10% otrzymanych \u015brodk\u00f3w na koszty funkcjonowania biura i pozyskiwanie funduszy pomocowych. <\/span><\/p>\n<h3 style=\"text-align: justify;\" align=\"JUSTIFY\"><span style=\"color: #808080;\">Pallotynki prosz\u0105 o pomoc w doko\u0144czeniu budowy przedszkola w Yaounde w Kamerunie<\/span><\/h3>\n","protected":false},"excerpt":{"rendered":"<p><strong>Projekt:<\/strong> Siostra Edyta Budynek, <a href=\"http:\/\/www.u-pallotynek.pl\/\" target=\"_blank\" rel=\"noopener\">Zgromadzenie Si\u00f3str Misjonarek Apostolstwa Katolickiego<\/a><br \/>\n<strong>Misja:<\/strong> Yaounde, <a href=\"https:\/\/www.maitri.pl\/gdzie-pomagamy\/\" target=\"_blank\" rel=\"noopener noreferrer\">Kamerun<\/a><br \/>\n<strong>Zbierana kwota:<\/strong> <span style=\"color: #ff0000;\"><strong>30.690 \u20ac<\/strong><\/span><\/p>\n","protected":false},"featured_media":24708,"template":"","meta":[],"product_brand":[],"product_cat":[656],"product_tag":[658,847,729,689],"class_list":{"0":"post-24692","1":"product","2":"type-product","3":"status-publish","4":"has-post-thumbnail","6":"product_cat-bez-kategorii","7":"product_tag-kamerun","8":"product_tag-pallotynki","9":"product_tag-yaounde","10":"product_tag-zgromadzenie-siostr-misjonarek-apostolstwa-katolickiego","12":"first","13":"instock","14":"virtual","15":"purchasable","16":"product-type-simple"},"yoast_head":"<!-- This site is optimized with the Yoast SEO plugin v27.2 - https:\/\/yoast.com\/product\/yoast-seo-wordpress\/ -->\n<title>Pallotynki prosz\u0105 o pomoc w doko\u0144czeniu budowy przedszkola w Yaounde<\/title>\n<meta name=\"description\" content=\"Pallotynki prosz\u0105 o pomoc w doko\u0144czeniu budowy przedszkola w Yaounde w Kamerunie. Plac\u00f3wka przyjmie 160 dzieci. Ka\u017cda z\u0142ot\u00f3wka pomaga!\" \/>\n<meta name=\"robots\" content=\"index, follow, max-snippet:-1, max-image-preview:large, max-video-preview:-1\" \/>\n<link rel=\"canonical\" href=\"https:\/\/www.maitri.pl\/projekt\/pallotynki-przedszkole\/\" \/>\n<meta property=\"og:locale\" content=\"fr_FR\" \/>\n<meta property=\"og:type\" content=\"article\" \/>\n<meta property=\"og:title\" content=\"Pallotynki prosz\u0105 o pomoc w doko\u0144czeniu budowy przedszkola w Yaounde\" \/>\n<meta property=\"og:description\" content=\"Pallotynki prosz\u0105 o pomoc w doko\u0144czeniu budowy przedszkola w Yaounde w Kamerunie. Plac\u00f3wka przyjmie 160 dzieci. Ka\u017cda z\u0142ot\u00f3wka pomaga!\" \/>\n<meta property=\"og:url\" content=\"https:\/\/www.maitri.pl\/projekt\/pallotynki-przedszkole\/\" \/>\n<meta property=\"og:site_name\" content=\"Ruch Maitri - Adopcja Serca pomoc Afryce\" \/>\n<meta property=\"article:publisher\" content=\"https:\/\/www.facebook.com\/MAITRI.Adopcja.Serca.dzieci.Afryki\/\" \/>\n<meta property=\"article:modified_time\" content=\"2023-02-10T11:15:25+00:00\" \/>\n<meta property=\"og:image\" content=\"https:\/\/www.maitri.pl\/wp-content\/uploads\/2022\/06\/IMG_4312-scaled.jpg\" \/>\n\t<meta property=\"og:image:width\" content=\"2560\" \/>\n\t<meta property=\"og:image:height\" content=\"1920\" \/>\n\t<meta property=\"og:image:type\" content=\"image\/jpeg\" \/>\n<meta name=\"twitter:card\" content=\"summary_large_image\" \/>\n<meta name=\"twitter:label1\" content=\"Dur\u00e9e de lecture estim\u00e9e\" \/>\n\t<meta name=\"twitter:data1\" content=\"3 minutes\" \/>\n<script type=\"application\/ld+json\" class=\"yoast-schema-graph\">{\"@context\":\"https:\/\/schema.org\",\"@graph\":[{\"@type\":\"WebPage\",\"@id\":\"https:\/\/www.maitri.pl\/projekt\/pallotynki-przedszkole\/\",\"url\":\"https:\/\/www.maitri.pl\/projekt\/pallotynki-przedszkole\/\",\"name\":\"Pallotynki prosz\u0105 o pomoc w doko\u0144czeniu budowy przedszkola w Yaounde\",\"isPartOf\":{\"@id\":\"https:\/\/www.maitri.pl\/#website\"},\"primaryImageOfPage\":{\"@id\":\"https:\/\/www.maitri.pl\/projekt\/pallotynki-przedszkole\/#primaryimage\"},\"image\":{\"@id\":\"https:\/\/www.maitri.pl\/projekt\/pallotynki-przedszkole\/#primaryimage\"},\"thumbnailUrl\":\"https:\/\/www.maitri.pl\/wp-content\/uploads\/2022\/06\/IMG_4312-scaled.jpg\",\"datePublished\":\"2022-06-10T18:03:10+00:00\",\"dateModified\":\"2023-02-10T11:15:25+00:00\",\"description\":\"Pallotynki prosz\u0105 o pomoc w doko\u0144czeniu budowy przedszkola w Yaounde w Kamerunie. Plac\u00f3wka przyjmie 160 dzieci. Ka\u017cda z\u0142ot\u00f3wka pomaga!\",\"breadcrumb\":{\"@id\":\"https:\/\/www.maitri.pl\/projekt\/pallotynki-przedszkole\/#breadcrumb\"},\"inLanguage\":\"fr-FR\",\"potentialAction\":[{\"@type\":\"ReadAction\",\"target\":[\"https:\/\/www.maitri.pl\/projekt\/pallotynki-przedszkole\/\"]}]},{\"@type\":\"ImageObject\",\"inLanguage\":\"fr-FR\",\"@id\":\"https:\/\/www.maitri.pl\/projekt\/pallotynki-przedszkole\/#primaryimage\",\"url\":\"https:\/\/www.maitri.pl\/wp-content\/uploads\/2022\/06\/IMG_4312-scaled.jpg\",\"contentUrl\":\"https:\/\/www.maitri.pl\/wp-content\/uploads\/2022\/06\/IMG_4312-scaled.jpg\",\"width\":2560,\"height\":1920,\"caption\":\"Pallotynki prosz\u0105 o pomoc w doko\u0144czeniu budowy przedszkola w Yaounde Ruch Maitri Adopcja Serca pomoc ubogim 03\"},{\"@type\":\"BreadcrumbList\",\"@id\":\"https:\/\/www.maitri.pl\/projekt\/pallotynki-przedszkole\/#breadcrumb\",\"itemListElement\":[{\"@type\":\"ListItem\",\"position\":1,\"name\":\"Strona g\u0142\u00f3wna\",\"item\":\"https:\/\/www.maitri.pl\/\"},{\"@type\":\"ListItem\",\"position\":2,\"name\":\"Sklep\",\"item\":\"https:\/\/www.maitri.pl\/sklep\/\"},{\"@type\":\"ListItem\",\"position\":3,\"name\":\"Pallotynki prosz\u0105 o pomoc w doko\u0144czeniu budowy przedszkola w Yaounde w Kamerunie\"}]},{\"@type\":\"WebSite\",\"@id\":\"https:\/\/www.maitri.pl\/#website\",\"url\":\"https:\/\/www.maitri.pl\/\",\"name\":\"Adopcja Serca Maitri \u2013 pomoc dzieciom w Afryce\",\"description\":\"Adopcja Serca \u2013 adopcja na odleg\u0142o\u015b\u0107, pomoc Afryce, do\u017cywianie i edukacja w Afryce\",\"publisher\":{\"@id\":\"https:\/\/www.maitri.pl\/#organization\"},\"potentialAction\":[{\"@type\":\"SearchAction\",\"target\":{\"@type\":\"EntryPoint\",\"urlTemplate\":\"https:\/\/www.maitri.pl\/?s={search_term_string}\"},\"query-input\":{\"@type\":\"PropertyValueSpecification\",\"valueRequired\":true,\"valueName\":\"search_term_string\"}}],\"inLanguage\":\"fr-FR\"},{\"@type\":\"Organization\",\"@id\":\"https:\/\/www.maitri.pl\/#organization\",\"name\":\"Stowarzyszenie Ruchu Maitri\",\"url\":\"https:\/\/www.maitri.pl\/\",\"logo\":{\"@type\":\"ImageObject\",\"inLanguage\":\"fr-FR\",\"@id\":\"https:\/\/www.maitri.pl\/#\/schema\/logo\/image\/\",\"url\":\"https:\/\/www.maitri.pl\/wp-content\/uploads\/2020\/04\/duze_logo-81.png\",\"contentUrl\":\"https:\/\/www.maitri.pl\/wp-content\/uploads\/2020\/04\/duze_logo-81.png\",\"width\":339,\"height\":321,\"caption\":\"Stowarzyszenie Ruchu Maitri\"},\"image\":{\"@id\":\"https:\/\/www.maitri.pl\/#\/schema\/logo\/image\/\"},\"sameAs\":[\"https:\/\/www.facebook.com\/MAITRI.Adopcja.Serca.dzieci.Afryki\/\"]}]}<\/script>\n<!-- \/ Yoast SEO plugin. -->","yoast_head_json":{"title":"Pallotynki prosz\u0105 o pomoc w doko\u0144czeniu budowy przedszkola w Yaounde","description":"Pallotynki prosz\u0105 o pomoc w doko\u0144czeniu budowy przedszkola w Yaounde w Kamerunie. Plac\u00f3wka przyjmie 160 dzieci. Ka\u017cda z\u0142ot\u00f3wka pomaga!","robots":{"index":"index","follow":"follow","max-snippet":"max-snippet:-1","max-image-preview":"max-image-preview:large","max-video-preview":"max-video-preview:-1"},"canonical":"https:\/\/www.maitri.pl\/projekt\/pallotynki-przedszkole\/","og_locale":"fr_FR","og_type":"article","og_title":"Pallotynki prosz\u0105 o pomoc w doko\u0144czeniu budowy przedszkola w Yaounde","og_description":"Pallotynki prosz\u0105 o pomoc w doko\u0144czeniu budowy przedszkola w Yaounde w Kamerunie. Plac\u00f3wka przyjmie 160 dzieci. Ka\u017cda z\u0142ot\u00f3wka pomaga!","og_url":"https:\/\/www.maitri.pl\/projekt\/pallotynki-przedszkole\/","og_site_name":"Ruch Maitri - Adopcja Serca pomoc Afryce","article_publisher":"https:\/\/www.facebook.com\/MAITRI.Adopcja.Serca.dzieci.Afryki\/","article_modified_time":"2023-02-10T11:15:25+00:00","og_image":[{"width":2560,"height":1920,"url":"https:\/\/www.maitri.pl\/wp-content\/uploads\/2022\/06\/IMG_4312-scaled.jpg","type":"image\/jpeg"}],"twitter_card":"summary_large_image","twitter_misc":{"Dur\u00e9e de lecture estim\u00e9e":"3 minutes"},"schema":{"@context":"https:\/\/schema.org","@graph":[{"@type":"WebPage","@id":"https:\/\/www.maitri.pl\/projekt\/pallotynki-przedszkole\/","url":"https:\/\/www.maitri.pl\/projekt\/pallotynki-przedszkole\/","name":"Pallotynki prosz\u0105 o pomoc w doko\u0144czeniu budowy przedszkola w Yaounde","isPartOf":{"@id":"https:\/\/www.maitri.pl\/#website"},"primaryImageOfPage":{"@id":"https:\/\/www.maitri.pl\/projekt\/pallotynki-przedszkole\/#primaryimage"},"image":{"@id":"https:\/\/www.maitri.pl\/projekt\/pallotynki-przedszkole\/#primaryimage"},"thumbnailUrl":"https:\/\/www.maitri.pl\/wp-content\/uploads\/2022\/06\/IMG_4312-scaled.jpg","datePublished":"2022-06-10T18:03:10+00:00","dateModified":"2023-02-10T11:15:25+00:00","description":"Pallotynki prosz\u0105 o pomoc w doko\u0144czeniu budowy przedszkola w Yaounde w Kamerunie. Plac\u00f3wka przyjmie 160 dzieci. Ka\u017cda z\u0142ot\u00f3wka pomaga!","breadcrumb":{"@id":"https:\/\/www.maitri.pl\/projekt\/pallotynki-przedszkole\/#breadcrumb"},"inLanguage":"fr-FR","potentialAction":[{"@type":"ReadAction","target":["https:\/\/www.maitri.pl\/projekt\/pallotynki-przedszkole\/"]}]},{"@type":"ImageObject","inLanguage":"fr-FR","@id":"https:\/\/www.maitri.pl\/projekt\/pallotynki-przedszkole\/#primaryimage","url":"https:\/\/www.maitri.pl\/wp-content\/uploads\/2022\/06\/IMG_4312-scaled.jpg","contentUrl":"https:\/\/www.maitri.pl\/wp-content\/uploads\/2022\/06\/IMG_4312-scaled.jpg","width":2560,"height":1920,"caption":"Pallotynki prosz\u0105 o pomoc w doko\u0144czeniu budowy przedszkola w Yaounde Ruch Maitri Adopcja Serca pomoc ubogim 03"},{"@type":"BreadcrumbList","@id":"https:\/\/www.maitri.pl\/projekt\/pallotynki-przedszkole\/#breadcrumb","itemListElement":[{"@type":"ListItem","position":1,"name":"Strona g\u0142\u00f3wna","item":"https:\/\/www.maitri.pl\/"},{"@type":"ListItem","position":2,"name":"Sklep","item":"https:\/\/www.maitri.pl\/sklep\/"},{"@type":"ListItem","position":3,"name":"Pallotynki prosz\u0105 o pomoc w doko\u0144czeniu budowy przedszkola w Yaounde w Kamerunie"}]},{"@type":"WebSite","@id":"https:\/\/www.maitri.pl\/#website","url":"https:\/\/www.maitri.pl\/","name":"Adopcja Serca Maitri \u2013 pomoc dzieciom w Afryce","description":"Adopcja Serca \u2013 adopcja na odleg\u0142o\u015b\u0107, pomoc Afryce, do\u017cywianie i edukacja w Afryce","publisher":{"@id":"https:\/\/www.maitri.pl\/#organization"},"potentialAction":[{"@type":"SearchAction","target":{"@type":"EntryPoint","urlTemplate":"https:\/\/www.maitri.pl\/?s={search_term_string}"},"query-input":{"@type":"PropertyValueSpecification","valueRequired":true,"valueName":"search_term_string"}}],"inLanguage":"fr-FR"},{"@type":"Organization","@id":"https:\/\/www.maitri.pl\/#organization","name":"Stowarzyszenie Ruchu Maitri","url":"https:\/\/www.maitri.pl\/","logo":{"@type":"ImageObject","inLanguage":"fr-FR","@id":"https:\/\/www.maitri.pl\/#\/schema\/logo\/image\/","url":"https:\/\/www.maitri.pl\/wp-content\/uploads\/2020\/04\/duze_logo-81.png","contentUrl":"https:\/\/www.maitri.pl\/wp-content\/uploads\/2020\/04\/duze_logo-81.png","width":339,"height":321,"caption":"Stowarzyszenie Ruchu Maitri"},"image":{"@id":"https:\/\/www.maitri.pl\/#\/schema\/logo\/image\/"},"sameAs":["https:\/\/www.facebook.com\/MAITRI.Adopcja.Serca.dzieci.Afryki\/"]}]}},"_links":{"self":[{"href":"https:\/\/www.maitri.pl\/fr\/wp-json\/wp\/v2\/product\/24692","targetHints":{"allow":["GET"]}}],"collection":[{"href":"https:\/\/www.maitri.pl\/fr\/wp-json\/wp\/v2\/product"}],"about":[{"href":"https:\/\/www.maitri.pl\/fr\/wp-json\/wp\/v2\/types\/product"}],"wp:featuredmedia":[{"embeddable":true,"href":"https:\/\/www.maitri.pl\/fr\/wp-json\/wp\/v2\/media\/24708"}],"wp:attachment":[{"href":"https:\/\/www.maitri.pl\/fr\/wp-json\/wp\/v2\/media?parent=24692"}],"wp:term":[{"taxonomy":"product_brand","embeddable":true,"href":"https:\/\/www.maitri.pl\/fr\/wp-json\/wp\/v2\/product_brand?post=24692"},{"taxonomy":"product_cat","embeddable":true,"href":"https:\/\/www.maitri.pl\/fr\/wp-json\/wp\/v2\/product_cat?post=24692"},{"taxonomy":"product_tag","embeddable":true,"href":"https:\/\/www.maitri.pl\/fr\/wp-json\/wp\/v2\/product_tag?post=24692"}],"curies":[{"name":"wp","href":"https:\/\/api.w.org\/{rel}","templated":true}]}}