{"id":24691,"date":"2022-06-10T20:30:46","date_gmt":"2022-06-10T18:30:46","guid":{"rendered":"https:\/\/www.maitri.pl\/?post_type=product&#038;p=24691"},"modified":"2023-02-10T12:15:16","modified_gmt":"2023-02-10T11:15:16","slug":"narzedzia-pracy-buraniro","status":"publish","type":"product","link":"https:\/\/www.maitri.pl\/fr\/projekt\/narzedzia-pracy-buraniro\/","title":{"rendered":"Narz\u0119dzia pracy dla ubogich absolwent\u00f3w Szko\u0142y \u017bycia w Buraniro w Burundi"},"content":{"rendered":"<h4>Zdolni, ale biedni<\/h4>\n<p>\u00ab\u00a0Szko\u0142y \u017bycia\u00a0\u00bb to miejsce, w kt\u00f3rym uboga m\u0142odzie\u017c mo\u017ce nauczy\u0107 si\u0119 przydatnego zawodu, jak np. szycie i og\u00f3lnie szeroko poj\u0119te krawiectwo, fryzjerstwo b\u0105d\u017a stolarstwo.<br \/>\nSiostry Pallotynki oraz Ruch Maitri pomagaj\u0105 im zdoby\u0107 <a href=\"https:\/\/www.maitri.pl\/adopcja-serca\/\" target=\"_blank\" rel=\"noopener\">wykszta\u0142cenie<\/a> i przystosowa\u0107 si\u0119 do doros\u0142ego \u017cycia. Trudne warunki rodzinne powoduj\u0105, \u017ce naszych absolwent\u00f3w nie sta\u0107 na narz\u0119dzia pracy. Bez nich ci\u0119\u017cko b\u0119dzie im rozpocz\u0105\u0107 samodzielne \u017cycie zawodowe. Dlatego apelujemy o pomoc w zakupie narz\u0119dzi pracy, z kt\u00f3rych w pierwszej kolejno\u015bci skorzystaj\u0105 najbiedniejsi uczniowie naszej szko\u0142y. Dzi\u0119ki pomocy z Polski b\u0119d\u0105 mogli realizowa\u0107 w\u0142asne marzenia i pasje oraz korzysta\u0107 ze zdobytego wykszta\u0142cenia. Do szcz\u0119\u015bcia potrzeba im tak niewiele!<\/p>\n<h4>Praca zwr\u00f3ci im godno\u015b\u0107<\/h4>\n<p>Narz\u0119dzia pracy zwi\u0119ksz\u0105 ich mo\u017cliwo\u015bci zdobycia zatrudnienia w uzyskanym zawodzie. Praca b\u0119dzie ich \u017ar\u00f3d\u0142em utrzymania, a tak\u017ce pomocy dla krewnych. W ten spos\u00f3b odzyskuj\u0105 godno\u015b\u0107, kt\u00f3r\u0105 zabra\u0142a im bieda panuj\u0105ca w rodzinnych domach. Gdy odnajd\u0105 si\u0119 w spo\u0142ecze\u0144stwie, b\u0119d\u0105 mogli pomaga\u0107 innym. Bardzo potrzebna jest dodatkowa pomoc dla podopiecznych misji Buraniro, kt\u00f3rzy ko\u0144cz\u0105 nauk\u0119 zawodu w r\u00f3\u017cnych specjalizacjach, by mogli otrzyma\u0107 narz\u0119dzia do domu po zako\u0144czeniu nauki. Ch\u0142opcy, kt\u00f3rzy uko\u0144cz\u0105 nauk\u0119 stolarza potrzebuj\u0105 r\u00f3\u017cnych narz\u0119dzi: hebel, d\u0142uta, m\u0142otek, pi\u0142a r\u0119czna, wiertarka r\u0119czna, wiert\u0142a, obc\u0119gi, pilniki \u2013 to wydatek ok. 450.000 frank\u00f3w burundyjskich na osob\u0119. Dla dziewcz\u0105t po szkole krawieckiej potrzebne s\u0105 maszyny do szycia, no\u017cyce, metr krawiecki i inne akcesoria \u2013 to r\u00f3wnie\u017c koszt ok. 450.000 frank\u00f3w burundyjskich na osob\u0119. W tym roku szko\u0142\u0119 \u017cycia ko\u0144czy 16 uczni\u00f3w. By m\u00f3c pracowa\u0107 w wyuczonym zawodzie i zarobi\u0107 na \u017cycie, potrzebne im s\u0105 narz\u0119dzia pracy. Wa\u017cne jest, by po szkole usamodzielnili si\u0119 i nie pozostawali bez pracy.<\/p>\n<h4>Kosztorys:<\/h4>\n<ol>\n<li>Maszyny do szycia 14 uczni\u00f3w &#8211; \u0142\u0105cznie 6.300.000 frank\u00f3w burundyjskich<\/li>\n<li>Narz\u0119dzia dla stolarzy 2 uczni\u00f3w &#8211; \u0142\u0105cznie 900 frank\u00f3w burundyjskich<strong>\u00a0<\/strong><\/li>\n<\/ol>\n<p><em><strong>Podsumowanie w miejscowej walucie: 7.200.000 frank\u00f3w burundyjskich<\/strong><\/em><\/p>\n<p><em>Siostra Ezechiela Pyszka<\/em>, <a href=\"http:\/\/kanoniczki.pl\/index.php\/pojdz-za-mna\/moje-powolanie\/260-jestem-afrykanka\"> Zgromadzenie Si\u00f3str Kanoniczek Ducha \u015awi\u0119tego de Saxia<\/a>, misja Buraniro, <a href=\"https:\/\/www.maitri.pl\/gdzie-pomagamy\/\" target=\"_blank\" rel=\"noopener\">Burundi<\/a><\/p>\n<p style=\"text-align: justify;\" align=\"JUSTIFY\"><span style=\"color: #ff0000;\"><span style=\"font-size: large;\"><b>Kwota projektu: 2.670 \u20ac<br \/>\n<\/b><\/span><\/span><\/p>\n<p style=\"text-align: justify;\"><strong>Numer projektu: 208\/DUCHA<\/strong><\/p>\n<p style=\"text-align: justify;\" align=\"JUSTIFY\"><span style=\"color: #808080;\">Stowarzyszenie Ruchu\u00a0<em>Maitri<\/em>\u00a0przeznacza do 10% otrzymanych \u015brodk\u00f3w na koszty funkcjonowania biura i pozyskiwanie funduszy pomocowych.<\/span><\/p>\n<h3 style=\"text-align: justify;\" align=\"JUSTIFY\"><span style=\"color: #808080;\">Narz\u0119dzia pracy dla ubogich absolwent\u00f3w Szko\u0142y \u017bycia w Buraniro w Burundi. O pomoc prosz\u0105 Siostry Kanoniczki<\/span><\/h3>\n","protected":false},"excerpt":{"rendered":"<p><strong>Projekt:<\/strong> <em>Siostra Ezechiela Pyszka<\/em>, <a href=\"http:\/\/kanoniczki.pl\/index.php\/pojdz-za-mna\/moje-powolanie\/260-jestem-afrykanka\"> Zgromadzenie Si\u00f3str Kanoniczek Ducha \u015awi\u0119tego de Saxia<\/a><br \/>\n<strong>Misja:<\/strong> Buraniro, <a href=\"https:\/\/www.maitri.pl\/gdzie-pomagamy\/\" target=\"_blank\" rel=\"noopener noreferrer\">Burundi<\/a><br \/>\n<strong>Zbierana kwota: <span style=\"color: #ff0000;\">2.670\u20ac<\/span><\/strong><\/p>\n","protected":false},"featured_media":24716,"template":"","meta":[],"product_brand":[],"product_cat":[656],"product_tag":[938,668,845,669],"class_list":{"0":"post-24691","1":"product","2":"type-product","3":"status-publish","4":"has-post-thumbnail","6":"product_cat-bez-kategorii","7":"product_tag-kanoniczki","8":"product_tag-siostra-ezechiela-pyszka","9":"product_tag-zgromadzenie-siostr-kanoniczek-ducha-swietego","10":"product_tag-zgromadzenie-siostr-kanoniczek-ducha-swietego-de-saxia","12":"first","13":"instock","14":"virtual","15":"purchasable","16":"product-type-simple"},"yoast_head":"<!-- This site is optimized with the Yoast SEO plugin v27.2 - https:\/\/yoast.com\/product\/yoast-seo-wordpress\/ -->\n<title>Narz\u0119dzia pracy dla ubogich absolwent\u00f3w Szko\u0142y \u017bycia w Buraniro<\/title>\n<meta name=\"description\" content=\"Narz\u0119dzia pracy dla ubogich absolwent\u00f3w Szko\u0142y \u017bycia w Buraniro w Burundi. O pomoc prosz\u0105 Siostry Kanoniczki. Ka\u017cda z\u0142ot\u00f3wka si\u0119 liczy!\" \/>\n<meta name=\"robots\" content=\"index, follow, max-snippet:-1, max-image-preview:large, max-video-preview:-1\" \/>\n<link rel=\"canonical\" href=\"https:\/\/www.maitri.pl\/projekt\/narzedzia-pracy-buraniro\/\" \/>\n<meta property=\"og:locale\" content=\"fr_FR\" \/>\n<meta property=\"og:type\" content=\"article\" \/>\n<meta property=\"og:title\" content=\"Narz\u0119dzia pracy dla ubogich absolwent\u00f3w Szko\u0142y \u017bycia w Buraniro\" \/>\n<meta property=\"og:description\" content=\"Narz\u0119dzia pracy dla ubogich absolwent\u00f3w Szko\u0142y \u017bycia w Buraniro w Burundi. O pomoc prosz\u0105 Siostry Kanoniczki. Ka\u017cda z\u0142ot\u00f3wka si\u0119 liczy!\" \/>\n<meta property=\"og:url\" content=\"https:\/\/www.maitri.pl\/projekt\/narzedzia-pracy-buraniro\/\" \/>\n<meta property=\"og:site_name\" content=\"Ruch Maitri - Adopcja Serca pomoc Afryce\" \/>\n<meta property=\"article:publisher\" content=\"https:\/\/www.facebook.com\/MAITRI.Adopcja.Serca.dzieci.Afryki\/\" \/>\n<meta property=\"article:modified_time\" content=\"2023-02-10T11:15:16+00:00\" \/>\n<meta property=\"og:image\" content=\"https:\/\/www.maitri.pl\/wp-content\/uploads\/2022\/06\/DSCF1527.jpg\" \/>\n\t<meta property=\"og:image:width\" content=\"1469\" \/>\n\t<meta property=\"og:image:height\" content=\"980\" \/>\n\t<meta property=\"og:image:type\" content=\"image\/jpeg\" \/>\n<meta name=\"twitter:card\" content=\"summary_large_image\" \/>\n<meta name=\"twitter:label1\" content=\"Dur\u00e9e de lecture estim\u00e9e\" \/>\n\t<meta name=\"twitter:data1\" content=\"3 minutes\" \/>\n<script type=\"application\/ld+json\" class=\"yoast-schema-graph\">{\"@context\":\"https:\/\/schema.org\",\"@graph\":[{\"@type\":\"WebPage\",\"@id\":\"https:\/\/www.maitri.pl\/projekt\/narzedzia-pracy-buraniro\/\",\"url\":\"https:\/\/www.maitri.pl\/projekt\/narzedzia-pracy-buraniro\/\",\"name\":\"Narz\u0119dzia pracy dla ubogich absolwent\u00f3w Szko\u0142y \u017bycia w Buraniro\",\"isPartOf\":{\"@id\":\"https:\/\/www.maitri.pl\/#website\"},\"primaryImageOfPage\":{\"@id\":\"https:\/\/www.maitri.pl\/projekt\/narzedzia-pracy-buraniro\/#primaryimage\"},\"image\":{\"@id\":\"https:\/\/www.maitri.pl\/projekt\/narzedzia-pracy-buraniro\/#primaryimage\"},\"thumbnailUrl\":\"https:\/\/www.maitri.pl\/wp-content\/uploads\/2022\/06\/DSCF1527.jpg\",\"datePublished\":\"2022-06-10T18:30:46+00:00\",\"dateModified\":\"2023-02-10T11:15:16+00:00\",\"description\":\"Narz\u0119dzia pracy dla ubogich absolwent\u00f3w Szko\u0142y \u017bycia w Buraniro w Burundi. O pomoc prosz\u0105 Siostry Kanoniczki. Ka\u017cda z\u0142ot\u00f3wka si\u0119 liczy!\",\"breadcrumb\":{\"@id\":\"https:\/\/www.maitri.pl\/projekt\/narzedzia-pracy-buraniro\/#breadcrumb\"},\"inLanguage\":\"fr-FR\",\"potentialAction\":[{\"@type\":\"ReadAction\",\"target\":[\"https:\/\/www.maitri.pl\/projekt\/narzedzia-pracy-buraniro\/\"]}]},{\"@type\":\"ImageObject\",\"inLanguage\":\"fr-FR\",\"@id\":\"https:\/\/www.maitri.pl\/projekt\/narzedzia-pracy-buraniro\/#primaryimage\",\"url\":\"https:\/\/www.maitri.pl\/wp-content\/uploads\/2022\/06\/DSCF1527.jpg\",\"contentUrl\":\"https:\/\/www.maitri.pl\/wp-content\/uploads\/2022\/06\/DSCF1527.jpg\",\"width\":1469,\"height\":980,\"caption\":\"Narz\u0119dzia pracy Buraniro Burundi Ruch Maitri pomoc Afryce Adopcja Serca 04\"},{\"@type\":\"BreadcrumbList\",\"@id\":\"https:\/\/www.maitri.pl\/projekt\/narzedzia-pracy-buraniro\/#breadcrumb\",\"itemListElement\":[{\"@type\":\"ListItem\",\"position\":1,\"name\":\"Strona g\u0142\u00f3wna\",\"item\":\"https:\/\/www.maitri.pl\/\"},{\"@type\":\"ListItem\",\"position\":2,\"name\":\"Sklep\",\"item\":\"https:\/\/www.maitri.pl\/sklep\/\"},{\"@type\":\"ListItem\",\"position\":3,\"name\":\"Narz\u0119dzia pracy dla ubogich absolwent\u00f3w Szko\u0142y \u017bycia w Buraniro w Burundi\"}]},{\"@type\":\"WebSite\",\"@id\":\"https:\/\/www.maitri.pl\/#website\",\"url\":\"https:\/\/www.maitri.pl\/\",\"name\":\"Adopcja Serca Maitri \u2013 pomoc dzieciom w Afryce\",\"description\":\"Adopcja Serca \u2013 adopcja na odleg\u0142o\u015b\u0107, pomoc Afryce, do\u017cywianie i edukacja w Afryce\",\"publisher\":{\"@id\":\"https:\/\/www.maitri.pl\/#organization\"},\"potentialAction\":[{\"@type\":\"SearchAction\",\"target\":{\"@type\":\"EntryPoint\",\"urlTemplate\":\"https:\/\/www.maitri.pl\/?s={search_term_string}\"},\"query-input\":{\"@type\":\"PropertyValueSpecification\",\"valueRequired\":true,\"valueName\":\"search_term_string\"}}],\"inLanguage\":\"fr-FR\"},{\"@type\":\"Organization\",\"@id\":\"https:\/\/www.maitri.pl\/#organization\",\"name\":\"Stowarzyszenie Ruchu Maitri\",\"url\":\"https:\/\/www.maitri.pl\/\",\"logo\":{\"@type\":\"ImageObject\",\"inLanguage\":\"fr-FR\",\"@id\":\"https:\/\/www.maitri.pl\/#\/schema\/logo\/image\/\",\"url\":\"https:\/\/www.maitri.pl\/wp-content\/uploads\/2020\/04\/duze_logo-81.png\",\"contentUrl\":\"https:\/\/www.maitri.pl\/wp-content\/uploads\/2020\/04\/duze_logo-81.png\",\"width\":339,\"height\":321,\"caption\":\"Stowarzyszenie Ruchu Maitri\"},\"image\":{\"@id\":\"https:\/\/www.maitri.pl\/#\/schema\/logo\/image\/\"},\"sameAs\":[\"https:\/\/www.facebook.com\/MAITRI.Adopcja.Serca.dzieci.Afryki\/\"]}]}<\/script>\n<!-- \/ Yoast SEO plugin. -->","yoast_head_json":{"title":"Narz\u0119dzia pracy dla ubogich absolwent\u00f3w Szko\u0142y \u017bycia w Buraniro","description":"Narz\u0119dzia pracy dla ubogich absolwent\u00f3w Szko\u0142y \u017bycia w Buraniro w Burundi. O pomoc prosz\u0105 Siostry Kanoniczki. Ka\u017cda z\u0142ot\u00f3wka si\u0119 liczy!","robots":{"index":"index","follow":"follow","max-snippet":"max-snippet:-1","max-image-preview":"max-image-preview:large","max-video-preview":"max-video-preview:-1"},"canonical":"https:\/\/www.maitri.pl\/projekt\/narzedzia-pracy-buraniro\/","og_locale":"fr_FR","og_type":"article","og_title":"Narz\u0119dzia pracy dla ubogich absolwent\u00f3w Szko\u0142y \u017bycia w Buraniro","og_description":"Narz\u0119dzia pracy dla ubogich absolwent\u00f3w Szko\u0142y \u017bycia w Buraniro w Burundi. O pomoc prosz\u0105 Siostry Kanoniczki. Ka\u017cda z\u0142ot\u00f3wka si\u0119 liczy!","og_url":"https:\/\/www.maitri.pl\/projekt\/narzedzia-pracy-buraniro\/","og_site_name":"Ruch Maitri - Adopcja Serca pomoc Afryce","article_publisher":"https:\/\/www.facebook.com\/MAITRI.Adopcja.Serca.dzieci.Afryki\/","article_modified_time":"2023-02-10T11:15:16+00:00","og_image":[{"width":1469,"height":980,"url":"https:\/\/www.maitri.pl\/wp-content\/uploads\/2022\/06\/DSCF1527.jpg","type":"image\/jpeg"}],"twitter_card":"summary_large_image","twitter_misc":{"Dur\u00e9e de lecture estim\u00e9e":"3 minutes"},"schema":{"@context":"https:\/\/schema.org","@graph":[{"@type":"WebPage","@id":"https:\/\/www.maitri.pl\/projekt\/narzedzia-pracy-buraniro\/","url":"https:\/\/www.maitri.pl\/projekt\/narzedzia-pracy-buraniro\/","name":"Narz\u0119dzia pracy dla ubogich absolwent\u00f3w Szko\u0142y \u017bycia w Buraniro","isPartOf":{"@id":"https:\/\/www.maitri.pl\/#website"},"primaryImageOfPage":{"@id":"https:\/\/www.maitri.pl\/projekt\/narzedzia-pracy-buraniro\/#primaryimage"},"image":{"@id":"https:\/\/www.maitri.pl\/projekt\/narzedzia-pracy-buraniro\/#primaryimage"},"thumbnailUrl":"https:\/\/www.maitri.pl\/wp-content\/uploads\/2022\/06\/DSCF1527.jpg","datePublished":"2022-06-10T18:30:46+00:00","dateModified":"2023-02-10T11:15:16+00:00","description":"Narz\u0119dzia pracy dla ubogich absolwent\u00f3w Szko\u0142y \u017bycia w Buraniro w Burundi. O pomoc prosz\u0105 Siostry Kanoniczki. Ka\u017cda z\u0142ot\u00f3wka si\u0119 liczy!","breadcrumb":{"@id":"https:\/\/www.maitri.pl\/projekt\/narzedzia-pracy-buraniro\/#breadcrumb"},"inLanguage":"fr-FR","potentialAction":[{"@type":"ReadAction","target":["https:\/\/www.maitri.pl\/projekt\/narzedzia-pracy-buraniro\/"]}]},{"@type":"ImageObject","inLanguage":"fr-FR","@id":"https:\/\/www.maitri.pl\/projekt\/narzedzia-pracy-buraniro\/#primaryimage","url":"https:\/\/www.maitri.pl\/wp-content\/uploads\/2022\/06\/DSCF1527.jpg","contentUrl":"https:\/\/www.maitri.pl\/wp-content\/uploads\/2022\/06\/DSCF1527.jpg","width":1469,"height":980,"caption":"Narz\u0119dzia pracy Buraniro Burundi Ruch Maitri pomoc Afryce Adopcja Serca 04"},{"@type":"BreadcrumbList","@id":"https:\/\/www.maitri.pl\/projekt\/narzedzia-pracy-buraniro\/#breadcrumb","itemListElement":[{"@type":"ListItem","position":1,"name":"Strona g\u0142\u00f3wna","item":"https:\/\/www.maitri.pl\/"},{"@type":"ListItem","position":2,"name":"Sklep","item":"https:\/\/www.maitri.pl\/sklep\/"},{"@type":"ListItem","position":3,"name":"Narz\u0119dzia pracy dla ubogich absolwent\u00f3w Szko\u0142y \u017bycia w Buraniro w Burundi"}]},{"@type":"WebSite","@id":"https:\/\/www.maitri.pl\/#website","url":"https:\/\/www.maitri.pl\/","name":"Adopcja Serca Maitri \u2013 pomoc dzieciom w Afryce","description":"Adopcja Serca \u2013 adopcja na odleg\u0142o\u015b\u0107, pomoc Afryce, do\u017cywianie i edukacja w Afryce","publisher":{"@id":"https:\/\/www.maitri.pl\/#organization"},"potentialAction":[{"@type":"SearchAction","target":{"@type":"EntryPoint","urlTemplate":"https:\/\/www.maitri.pl\/?s={search_term_string}"},"query-input":{"@type":"PropertyValueSpecification","valueRequired":true,"valueName":"search_term_string"}}],"inLanguage":"fr-FR"},{"@type":"Organization","@id":"https:\/\/www.maitri.pl\/#organization","name":"Stowarzyszenie Ruchu Maitri","url":"https:\/\/www.maitri.pl\/","logo":{"@type":"ImageObject","inLanguage":"fr-FR","@id":"https:\/\/www.maitri.pl\/#\/schema\/logo\/image\/","url":"https:\/\/www.maitri.pl\/wp-content\/uploads\/2020\/04\/duze_logo-81.png","contentUrl":"https:\/\/www.maitri.pl\/wp-content\/uploads\/2020\/04\/duze_logo-81.png","width":339,"height":321,"caption":"Stowarzyszenie Ruchu Maitri"},"image":{"@id":"https:\/\/www.maitri.pl\/#\/schema\/logo\/image\/"},"sameAs":["https:\/\/www.facebook.com\/MAITRI.Adopcja.Serca.dzieci.Afryki\/"]}]}},"_links":{"self":[{"href":"https:\/\/www.maitri.pl\/fr\/wp-json\/wp\/v2\/product\/24691","targetHints":{"allow":["GET"]}}],"collection":[{"href":"https:\/\/www.maitri.pl\/fr\/wp-json\/wp\/v2\/product"}],"about":[{"href":"https:\/\/www.maitri.pl\/fr\/wp-json\/wp\/v2\/types\/product"}],"wp:featuredmedia":[{"embeddable":true,"href":"https:\/\/www.maitri.pl\/fr\/wp-json\/wp\/v2\/media\/24716"}],"wp:attachment":[{"href":"https:\/\/www.maitri.pl\/fr\/wp-json\/wp\/v2\/media?parent=24691"}],"wp:term":[{"taxonomy":"product_brand","embeddable":true,"href":"https:\/\/www.maitri.pl\/fr\/wp-json\/wp\/v2\/product_brand?post=24691"},{"taxonomy":"product_cat","embeddable":true,"href":"https:\/\/www.maitri.pl\/fr\/wp-json\/wp\/v2\/product_cat?post=24691"},{"taxonomy":"product_tag","embeddable":true,"href":"https:\/\/www.maitri.pl\/fr\/wp-json\/wp\/v2\/product_tag?post=24691"}],"curies":[{"name":"wp","href":"https:\/\/api.w.org\/{rel}","templated":true}]}}