{"id":24690,"date":"2022-06-10T20:46:19","date_gmt":"2022-06-10T18:46:19","guid":{"rendered":"https:\/\/www.maitri.pl\/?post_type=product&#038;p=24690"},"modified":"2023-02-10T12:15:08","modified_gmt":"2023-02-10T11:15:08","slug":"zeszyty-buraniro","status":"publish","type":"product","link":"https:\/\/www.maitri.pl\/fr\/projekt\/zeszyty-buraniro\/","title":{"rendered":"Zeszyty dla uczni\u00f3w szko\u0142y podstawowej w Buraniro w Burundi"},"content":{"rendered":"<h4><strong>Plaga analfabetyzmu<\/strong><\/h4>\n<p>Obecnie sytuacja w Burundi nie jest ciekawa, brakuje paliwa, mo\u017cna go dosta\u0107 na czarnym rynku z cen\u0105 czterokrotnie wy\u017csz\u0105, a wi\u0119c wszystkie produkty bardzo podro\u017ca\u0142y, co pog\u0142\u0119bi\u0142o panuj\u0105c\u0105 bied\u0119. Je\u015bli rodzina nie ma na jedzenie, to nikt nie b\u0119dzie kupowa\u0142 dziecku zeszytu do szko\u0142y \u2013 takie s\u0105 tutejsze realia. Zeszyty to dla takich rodzin towar luksusowy, zbytek. \u00a0Jednak dla naszych uczni\u00f3w to podstawa edukacji. To w zeszytach ucz\u0105 si\u0119 pisa\u0107 i liczy\u0107. Wykorzystuj\u0105c nabyt\u0105 wiedz\u0119 b\u0119d\u0105 mieli szans\u0119 d\u017awign\u0105\u0107 z biedy swoje rodziny. W Burundi analfabetyzm jest nadal ogromnym problemem. Prawie 1\/3 doros\u0142ych nie potrafi pisa\u0107 i czyta\u0107. Brak tych podstawowych umiej\u0119tno\u015bci odbija si\u0119 niestety na jako\u015bci tutejszego \u017cycia. Osoby, kt\u00f3re nie umiej\u0105 przeczyta\u0107 tego, co podpisuj\u0105, s\u0105 potem brutalnie wykorzystywane przez nieuczciwych pracodawc\u00f3w, cz\u0119\u015bciej ulegaj\u0105 przemocy i manipulacji. Nie potrafi\u0105 walczy\u0107 o swoje. Chcemy to zmieni\u0107, dlatego prosimy o wsparcie na zeszyty dla uczni\u00f3w szko\u0142y podstawowej w Buraniro.<\/p>\n<h4><strong>Pog\u0142\u0119bia si\u0119 bieda<\/strong><\/h4>\n<p>Z powodu pandemii w Burundi wybuch\u0142 kryzys gospodarczy, kt\u00f3ry trwa do dzi\u015b. Silnie da si\u0119 odczu\u0107 zubo\u017cenie tutejszego spo\u0142ecze\u0144stwa. W tych warunkach zeszyty pozostaj\u0105 marzeniem. Mo\u017cna je kupi\u0107 na miejscu, ale s\u0105 zbyt drogie w stosunku do cen innych towar\u00f3w, bardziej potrzebnych do prze\u017cycia. Dlatego prosimy o wsparcie finansowe w celu zakupu zeszyt\u00f3w dla uczni\u00f3w naszej szko\u0142y. To dar, kt\u00f3ry pomo\u017ce im w kszta\u0142ceniu i pozwoli nie przerywa\u0107 nauki. W naszej szkole s\u0105 nie tylko uczestnicy programu <a href=\"https:\/\/www.maitri.pl\/adopcja-serca\/\" target=\"_blank\" rel=\"noopener\">Adopcja Serca<\/a>. Ucz\u0119szczaj\u0105 r\u00f3wnie\u017c dzieci, kt\u00f3re nie otrzymuj\u0105 \u017cadnej pomocy. Potrzebne s\u0105 zeszyty do ka\u017cdej klasy: 100, 60,48,24 kartkowe. W zwi\u0105zku z wielokrotn\u0105 podwy\u017ck\u0105 cen \u017cywno\u015bci i innych produkt\u00f3w, prosz\u0119 o dodatkowe wsparcie dla dzieci z biednych rodzin, kt\u00f3re borykaj\u0105 si\u0119 z bied\u0105 i problemem g\u0142odu.<\/p>\n<h4>Kosztorys:<\/h4>\n<ol>\n<li>Zeszyty 500.000 frank\u00f3w burundyjskich<\/li>\n<\/ol>\n<p>Ufam, \u017ce moja pro\u015bba o pomoc zostanie pozytywnie przyj\u0119ta.<\/p>\n<p><em>Siostra Ezechiela Pyszka<\/em>, <a href=\"http:\/\/kanoniczki.pl\/index.php\/pojdz-za-mna\/moje-powolanie\/260-jestem-afrykanka\"> Zgromadzenie Si\u00f3str Kanoniczek Ducha \u015awi\u0119tego de Saxia<\/a>, misja Buraniro, <a href=\"https:\/\/www.maitri.pl\/gdzie-pomagamy\/\" target=\"_blank\" rel=\"noopener\">Burundi<\/a><\/p>\n<p style=\"text-align: justify;\" align=\"JUSTIFY\"><span style=\"color: #ff0000;\"><span style=\"font-size: large;\"><b>Kwota projektu: 560 \u20ac<br \/>\n<\/b><\/span><\/span><\/p>\n<p style=\"text-align: justify;\"><strong>Numer projektu: 207\/DUCHA<\/strong><\/p>\n<p style=\"text-align: justify;\" align=\"JUSTIFY\"><span style=\"color: #808080;\">Stowarzyszenie Ruchu\u00a0<em>Maitri<\/em>\u00a0przeznacza do 10% otrzymanych \u015brodk\u00f3w na koszty funkcjonowania biura i pozyskiwanie funduszy pomocowych.<\/span><\/p>\n<h3 style=\"text-align: justify;\" align=\"JUSTIFY\"><span style=\"color: #808080;\">Zeszyty dla uczni\u00f3w szko\u0142y podstawowej w Buraniro w Burundi. O pomoc prosz\u0105 Siostry Kanoniczki<\/span><\/h3>\n","protected":false},"excerpt":{"rendered":"<p><strong>Projekt:<\/strong> <em>Siostra Ezechiela Pyszka<\/em>, <a href=\"http:\/\/kanoniczki.pl\/index.php\/pojdz-za-mna\/moje-powolanie\/260-jestem-afrykanka\"> Zgromadzenie Si\u00f3str Kanoniczek Ducha \u015awi\u0119tego de Saxia<\/a><br \/>\n<strong>Misja:<\/strong> Buraniro, <a href=\"https:\/\/www.maitri.pl\/gdzie-pomagamy\/\" target=\"_blank\" rel=\"noopener noreferrer\">Burundi<\/a><br \/>\n<strong>Zbierana kwota: <span style=\"color: #ff0000;\">560\u20ac<\/span><\/strong><\/p>\n","protected":false},"featured_media":24730,"template":"","meta":[],"product_brand":[],"product_cat":[656],"product_tag":[666,667,938,845,669],"class_list":{"0":"post-24690","1":"product","2":"type-product","3":"status-publish","4":"has-post-thumbnail","6":"product_cat-bez-kategorii","7":"product_tag-buraniro","8":"product_tag-burundi","9":"product_tag-kanoniczki","10":"product_tag-zgromadzenie-siostr-kanoniczek-ducha-swietego","11":"product_tag-zgromadzenie-siostr-kanoniczek-ducha-swietego-de-saxia","13":"first","14":"instock","15":"virtual","16":"purchasable","17":"product-type-simple"},"yoast_head":"<!-- This site is optimized with the Yoast SEO plugin v27.2 - https:\/\/yoast.com\/product\/yoast-seo-wordpress\/ -->\n<title>Zeszyty dla uczni\u00f3w szko\u0142y podstawowej w Buraniro w Burundi<\/title>\n<meta name=\"description\" content=\"Zeszyty dla uczni\u00f3w szko\u0142y podstawowej w Buraniro w Burundi. O pomoc prosz\u0105 Siostry Kanoniczki Ducha \u015aw. Ka\u017cda z\u0142ot\u00f3wka pomaga!\" \/>\n<meta name=\"robots\" content=\"index, follow, max-snippet:-1, max-image-preview:large, max-video-preview:-1\" \/>\n<link rel=\"canonical\" href=\"https:\/\/www.maitri.pl\/projekt\/zeszyty-buraniro\/\" \/>\n<meta property=\"og:locale\" content=\"fr_FR\" \/>\n<meta property=\"og:type\" content=\"article\" \/>\n<meta property=\"og:title\" content=\"Zeszyty dla uczni\u00f3w szko\u0142y podstawowej w Buraniro w Burundi\" \/>\n<meta property=\"og:description\" content=\"Zeszyty dla uczni\u00f3w szko\u0142y podstawowej w Buraniro w Burundi. O pomoc prosz\u0105 Siostry Kanoniczki Ducha \u015aw. Ka\u017cda z\u0142ot\u00f3wka pomaga!\" \/>\n<meta property=\"og:url\" content=\"https:\/\/www.maitri.pl\/projekt\/zeszyty-buraniro\/\" \/>\n<meta property=\"og:site_name\" content=\"Ruch Maitri - Adopcja Serca pomoc Afryce\" \/>\n<meta property=\"article:publisher\" content=\"https:\/\/www.facebook.com\/MAITRI.Adopcja.Serca.dzieci.Afryki\/\" \/>\n<meta property=\"article:modified_time\" content=\"2023-02-10T11:15:08+00:00\" \/>\n<meta property=\"og:image\" content=\"https:\/\/www.maitri.pl\/wp-content\/uploads\/2022\/06\/IMG_1622.jpg\" \/>\n\t<meta property=\"og:image:width\" content=\"1277\" \/>\n\t<meta property=\"og:image:height\" content=\"958\" \/>\n\t<meta property=\"og:image:type\" content=\"image\/jpeg\" \/>\n<meta name=\"twitter:card\" content=\"summary_large_image\" \/>\n<meta name=\"twitter:label1\" content=\"Dur\u00e9e de lecture estim\u00e9e\" \/>\n\t<meta name=\"twitter:data1\" content=\"3 minutes\" \/>\n<script type=\"application\/ld+json\" class=\"yoast-schema-graph\">{\"@context\":\"https:\/\/schema.org\",\"@graph\":[{\"@type\":\"WebPage\",\"@id\":\"https:\/\/www.maitri.pl\/projekt\/zeszyty-buraniro\/\",\"url\":\"https:\/\/www.maitri.pl\/projekt\/zeszyty-buraniro\/\",\"name\":\"Zeszyty dla uczni\u00f3w szko\u0142y podstawowej w Buraniro w Burundi\",\"isPartOf\":{\"@id\":\"https:\/\/www.maitri.pl\/#website\"},\"primaryImageOfPage\":{\"@id\":\"https:\/\/www.maitri.pl\/projekt\/zeszyty-buraniro\/#primaryimage\"},\"image\":{\"@id\":\"https:\/\/www.maitri.pl\/projekt\/zeszyty-buraniro\/#primaryimage\"},\"thumbnailUrl\":\"https:\/\/www.maitri.pl\/wp-content\/uploads\/2022\/06\/IMG_1622.jpg\",\"datePublished\":\"2022-06-10T18:46:19+00:00\",\"dateModified\":\"2023-02-10T11:15:08+00:00\",\"description\":\"Zeszyty dla uczni\u00f3w szko\u0142y podstawowej w Buraniro w Burundi. O pomoc prosz\u0105 Siostry Kanoniczki Ducha \u015aw. Ka\u017cda z\u0142ot\u00f3wka pomaga!\",\"breadcrumb\":{\"@id\":\"https:\/\/www.maitri.pl\/projekt\/zeszyty-buraniro\/#breadcrumb\"},\"inLanguage\":\"fr-FR\",\"potentialAction\":[{\"@type\":\"ReadAction\",\"target\":[\"https:\/\/www.maitri.pl\/projekt\/zeszyty-buraniro\/\"]}]},{\"@type\":\"ImageObject\",\"inLanguage\":\"fr-FR\",\"@id\":\"https:\/\/www.maitri.pl\/projekt\/zeszyty-buraniro\/#primaryimage\",\"url\":\"https:\/\/www.maitri.pl\/wp-content\/uploads\/2022\/06\/IMG_1622.jpg\",\"contentUrl\":\"https:\/\/www.maitri.pl\/wp-content\/uploads\/2022\/06\/IMG_1622.jpg\",\"width\":1277,\"height\":958,\"caption\":\"Zeszyty dla uczni\u00f3w Buraniro Burundi Ruch Maitri Adopcja Serca 02\"},{\"@type\":\"BreadcrumbList\",\"@id\":\"https:\/\/www.maitri.pl\/projekt\/zeszyty-buraniro\/#breadcrumb\",\"itemListElement\":[{\"@type\":\"ListItem\",\"position\":1,\"name\":\"Strona g\u0142\u00f3wna\",\"item\":\"https:\/\/www.maitri.pl\/\"},{\"@type\":\"ListItem\",\"position\":2,\"name\":\"Sklep\",\"item\":\"https:\/\/www.maitri.pl\/sklep\/\"},{\"@type\":\"ListItem\",\"position\":3,\"name\":\"Zeszyty dla uczni\u00f3w szko\u0142y podstawowej w Buraniro w Burundi\"}]},{\"@type\":\"WebSite\",\"@id\":\"https:\/\/www.maitri.pl\/#website\",\"url\":\"https:\/\/www.maitri.pl\/\",\"name\":\"Adopcja Serca Maitri \u2013 pomoc dzieciom w Afryce\",\"description\":\"Adopcja Serca \u2013 adopcja na odleg\u0142o\u015b\u0107, pomoc Afryce, do\u017cywianie i edukacja w Afryce\",\"publisher\":{\"@id\":\"https:\/\/www.maitri.pl\/#organization\"},\"potentialAction\":[{\"@type\":\"SearchAction\",\"target\":{\"@type\":\"EntryPoint\",\"urlTemplate\":\"https:\/\/www.maitri.pl\/?s={search_term_string}\"},\"query-input\":{\"@type\":\"PropertyValueSpecification\",\"valueRequired\":true,\"valueName\":\"search_term_string\"}}],\"inLanguage\":\"fr-FR\"},{\"@type\":\"Organization\",\"@id\":\"https:\/\/www.maitri.pl\/#organization\",\"name\":\"Stowarzyszenie Ruchu Maitri\",\"url\":\"https:\/\/www.maitri.pl\/\",\"logo\":{\"@type\":\"ImageObject\",\"inLanguage\":\"fr-FR\",\"@id\":\"https:\/\/www.maitri.pl\/#\/schema\/logo\/image\/\",\"url\":\"https:\/\/www.maitri.pl\/wp-content\/uploads\/2020\/04\/duze_logo-81.png\",\"contentUrl\":\"https:\/\/www.maitri.pl\/wp-content\/uploads\/2020\/04\/duze_logo-81.png\",\"width\":339,\"height\":321,\"caption\":\"Stowarzyszenie Ruchu Maitri\"},\"image\":{\"@id\":\"https:\/\/www.maitri.pl\/#\/schema\/logo\/image\/\"},\"sameAs\":[\"https:\/\/www.facebook.com\/MAITRI.Adopcja.Serca.dzieci.Afryki\/\"]}]}<\/script>\n<!-- \/ Yoast SEO plugin. -->","yoast_head_json":{"title":"Zeszyty dla uczni\u00f3w szko\u0142y podstawowej w Buraniro w Burundi","description":"Zeszyty dla uczni\u00f3w szko\u0142y podstawowej w Buraniro w Burundi. O pomoc prosz\u0105 Siostry Kanoniczki Ducha \u015aw. Ka\u017cda z\u0142ot\u00f3wka pomaga!","robots":{"index":"index","follow":"follow","max-snippet":"max-snippet:-1","max-image-preview":"max-image-preview:large","max-video-preview":"max-video-preview:-1"},"canonical":"https:\/\/www.maitri.pl\/projekt\/zeszyty-buraniro\/","og_locale":"fr_FR","og_type":"article","og_title":"Zeszyty dla uczni\u00f3w szko\u0142y podstawowej w Buraniro w Burundi","og_description":"Zeszyty dla uczni\u00f3w szko\u0142y podstawowej w Buraniro w Burundi. O pomoc prosz\u0105 Siostry Kanoniczki Ducha \u015aw. Ka\u017cda z\u0142ot\u00f3wka pomaga!","og_url":"https:\/\/www.maitri.pl\/projekt\/zeszyty-buraniro\/","og_site_name":"Ruch Maitri - Adopcja Serca pomoc Afryce","article_publisher":"https:\/\/www.facebook.com\/MAITRI.Adopcja.Serca.dzieci.Afryki\/","article_modified_time":"2023-02-10T11:15:08+00:00","og_image":[{"width":1277,"height":958,"url":"https:\/\/www.maitri.pl\/wp-content\/uploads\/2022\/06\/IMG_1622.jpg","type":"image\/jpeg"}],"twitter_card":"summary_large_image","twitter_misc":{"Dur\u00e9e de lecture estim\u00e9e":"3 minutes"},"schema":{"@context":"https:\/\/schema.org","@graph":[{"@type":"WebPage","@id":"https:\/\/www.maitri.pl\/projekt\/zeszyty-buraniro\/","url":"https:\/\/www.maitri.pl\/projekt\/zeszyty-buraniro\/","name":"Zeszyty dla uczni\u00f3w szko\u0142y podstawowej w Buraniro w Burundi","isPartOf":{"@id":"https:\/\/www.maitri.pl\/#website"},"primaryImageOfPage":{"@id":"https:\/\/www.maitri.pl\/projekt\/zeszyty-buraniro\/#primaryimage"},"image":{"@id":"https:\/\/www.maitri.pl\/projekt\/zeszyty-buraniro\/#primaryimage"},"thumbnailUrl":"https:\/\/www.maitri.pl\/wp-content\/uploads\/2022\/06\/IMG_1622.jpg","datePublished":"2022-06-10T18:46:19+00:00","dateModified":"2023-02-10T11:15:08+00:00","description":"Zeszyty dla uczni\u00f3w szko\u0142y podstawowej w Buraniro w Burundi. O pomoc prosz\u0105 Siostry Kanoniczki Ducha \u015aw. Ka\u017cda z\u0142ot\u00f3wka pomaga!","breadcrumb":{"@id":"https:\/\/www.maitri.pl\/projekt\/zeszyty-buraniro\/#breadcrumb"},"inLanguage":"fr-FR","potentialAction":[{"@type":"ReadAction","target":["https:\/\/www.maitri.pl\/projekt\/zeszyty-buraniro\/"]}]},{"@type":"ImageObject","inLanguage":"fr-FR","@id":"https:\/\/www.maitri.pl\/projekt\/zeszyty-buraniro\/#primaryimage","url":"https:\/\/www.maitri.pl\/wp-content\/uploads\/2022\/06\/IMG_1622.jpg","contentUrl":"https:\/\/www.maitri.pl\/wp-content\/uploads\/2022\/06\/IMG_1622.jpg","width":1277,"height":958,"caption":"Zeszyty dla uczni\u00f3w Buraniro Burundi Ruch Maitri Adopcja Serca 02"},{"@type":"BreadcrumbList","@id":"https:\/\/www.maitri.pl\/projekt\/zeszyty-buraniro\/#breadcrumb","itemListElement":[{"@type":"ListItem","position":1,"name":"Strona g\u0142\u00f3wna","item":"https:\/\/www.maitri.pl\/"},{"@type":"ListItem","position":2,"name":"Sklep","item":"https:\/\/www.maitri.pl\/sklep\/"},{"@type":"ListItem","position":3,"name":"Zeszyty dla uczni\u00f3w szko\u0142y podstawowej w Buraniro w Burundi"}]},{"@type":"WebSite","@id":"https:\/\/www.maitri.pl\/#website","url":"https:\/\/www.maitri.pl\/","name":"Adopcja Serca Maitri \u2013 pomoc dzieciom w Afryce","description":"Adopcja Serca \u2013 adopcja na odleg\u0142o\u015b\u0107, pomoc Afryce, do\u017cywianie i edukacja w Afryce","publisher":{"@id":"https:\/\/www.maitri.pl\/#organization"},"potentialAction":[{"@type":"SearchAction","target":{"@type":"EntryPoint","urlTemplate":"https:\/\/www.maitri.pl\/?s={search_term_string}"},"query-input":{"@type":"PropertyValueSpecification","valueRequired":true,"valueName":"search_term_string"}}],"inLanguage":"fr-FR"},{"@type":"Organization","@id":"https:\/\/www.maitri.pl\/#organization","name":"Stowarzyszenie Ruchu Maitri","url":"https:\/\/www.maitri.pl\/","logo":{"@type":"ImageObject","inLanguage":"fr-FR","@id":"https:\/\/www.maitri.pl\/#\/schema\/logo\/image\/","url":"https:\/\/www.maitri.pl\/wp-content\/uploads\/2020\/04\/duze_logo-81.png","contentUrl":"https:\/\/www.maitri.pl\/wp-content\/uploads\/2020\/04\/duze_logo-81.png","width":339,"height":321,"caption":"Stowarzyszenie Ruchu Maitri"},"image":{"@id":"https:\/\/www.maitri.pl\/#\/schema\/logo\/image\/"},"sameAs":["https:\/\/www.facebook.com\/MAITRI.Adopcja.Serca.dzieci.Afryki\/"]}]}},"_links":{"self":[{"href":"https:\/\/www.maitri.pl\/fr\/wp-json\/wp\/v2\/product\/24690","targetHints":{"allow":["GET"]}}],"collection":[{"href":"https:\/\/www.maitri.pl\/fr\/wp-json\/wp\/v2\/product"}],"about":[{"href":"https:\/\/www.maitri.pl\/fr\/wp-json\/wp\/v2\/types\/product"}],"wp:featuredmedia":[{"embeddable":true,"href":"https:\/\/www.maitri.pl\/fr\/wp-json\/wp\/v2\/media\/24730"}],"wp:attachment":[{"href":"https:\/\/www.maitri.pl\/fr\/wp-json\/wp\/v2\/media?parent=24690"}],"wp:term":[{"taxonomy":"product_brand","embeddable":true,"href":"https:\/\/www.maitri.pl\/fr\/wp-json\/wp\/v2\/product_brand?post=24690"},{"taxonomy":"product_cat","embeddable":true,"href":"https:\/\/www.maitri.pl\/fr\/wp-json\/wp\/v2\/product_cat?post=24690"},{"taxonomy":"product_tag","embeddable":true,"href":"https:\/\/www.maitri.pl\/fr\/wp-json\/wp\/v2\/product_tag?post=24690"}],"curies":[{"name":"wp","href":"https:\/\/api.w.org\/{rel}","templated":true}]}}