{"id":24689,"date":"2022-06-10T19:53:27","date_gmt":"2022-06-10T17:53:27","guid":{"rendered":"https:\/\/www.maitri.pl\/?post_type=product&#038;p=24689"},"modified":"2023-02-10T12:15:33","modified_gmt":"2023-02-10T11:15:33","slug":"zlobek-bertoua","status":"publish","type":"product","link":"https:\/\/www.maitri.pl\/fr\/projekt\/zlobek-bertoua\/","title":{"rendered":"\u017b\u0142obek w Bertoua w Kamerunie potrzebuje \u017cywno\u015bci i \u015brodk\u00f3w czysto\u015bci"},"content":{"rendered":"<h4>Dobre miejsce<\/h4>\n<p>\u017b\u0142obek Anio\u0142\u00f3w Str\u00f3\u017c\u00f3w istnieje od 10 lat. Mamy tu dzieci w wieku od trzech miesi\u0119cy do trzech lat. Gdy dzieci s\u0105 w \u017c\u0142obku, ich mamy mog\u0105 pracowa\u0107 lub uczy\u0107 si\u0119 (zdarza si\u0119, \u017ce ich matki nadal s\u0105 uczennicami, maj\u0105 po 15, 16 lat). Do naszego \u017c\u0142obka przyjmowane s\u0105 dzieci nie tylko zdrowe, ale r\u00f3wnie\u017c te z problemami np. g\u0142uchonieme. Takie post\u0119powanie to pow\u00f3d do dumy dla naszej plac\u00f3wki, poniewa\u017c w innych o\u015brodkach zdrowia te dzieci s\u0105 odrzucane. Nie zawsze to jest \u0142atwe, bo takim dzieciom trzeba po\u015bwi\u0119ci\u0107 wi\u0119cej uwagi i cierpliwo\u015bci. Razem z Ruchem Maitri pomagamy im m.in. przez program <a href=\"https:\/\/www.maitri.pl\/adopcja-serca\/\" target=\"_blank\" rel=\"noopener\">Adopcja Serca<\/a>.<\/p>\n<h4>W domu tylko jeden posi\u0142ek<\/h4>\n<p>Za dzienny pobyt rodzice p\u0142ac\u0105, poniewa\u017c trzeba utrzyma\u0107 personel. Jednak ka\u017cdego roku mamy kilkoro dzieci, kt\u00f3re wychowywane s\u0105 przez matki chore na AIDS lub bardzo m\u0142ode, kt\u00f3re nie s\u0105 w stanie op\u0142aci\u0107 opieki w \u017c\u0142obku. Dzieci ucz\u0119szczaj\u0105ce do naszego \u017c\u0142obka maj\u0105 fachow\u0105 opiek\u0119, s\u0105 zadbane i najedzone. Maj\u0105 zapewniony rozw\u00f3j intelektualny i fizyczny. Ka\u017cdego dnia maj\u0105 zapewnione wy\u017cywienie, co jest bardzo wa\u017cne. Dzieciom brakuje witamin. W swoich domach maj\u0105 cz\u0119sto jeden posi\u0142ek dziennie. Przez z\u0142e od\u017cywianie zmniejsza si\u0119 odporno\u015b\u0107 organizmu, wi\u0119c rozwijaj\u0105 si\u0119 r\u00f3\u017cne choroby. Temu chcemy zapobiec. Jednocze\u015bnie chcemy pom\u00f3c m\u0142odym dziewcz\u0119tom-matkom, aby i one sta\u0142y si\u0119 samodzielne i mog\u0142y sko\u0144czy\u0107 szko\u0142\u0119, a tym samym mie\u0107 szans\u0119 na znalezienie pracy i wychowanie swoich dzieci. Wesprzyj \u017c\u0142obek w Bertoua-Kboglota! O pomoc prosz\u0105 Siostry Pasjonistki.<\/p>\n<h4>Kosztorys:<\/h4>\n<table>\n<tbody>\n<tr>\n<td width=\"38\"><strong>Lp<\/strong><\/td>\n<td width=\"295\"><strong>opis<\/strong><\/td>\n<td width=\"109\"><strong>ilo\u015b\u0107<\/strong><\/td>\n<td width=\"106\"><strong>Cena <\/strong><strong>w miejscowej walucie (FR)<\/strong><\/td>\n<td width=\"95\"><strong>kwota<\/strong><\/td>\n<\/tr>\n<tr>\n<td width=\"38\"><\/td>\n<td width=\"295\">olej<\/td>\n<td width=\"109\">5 karton\u00f3w<\/td>\n<td width=\"106\">16.000<\/td>\n<td width=\"95\">82.500<\/td>\n<\/tr>\n<tr>\n<td width=\"38\"><\/td>\n<td width=\"295\">sardynki<\/td>\n<td width=\"109\">7 karton\u00f3w<\/td>\n<td width=\"106\">18.000<\/td>\n<td width=\"95\">126.000<\/td>\n<\/tr>\n<tr>\n<td width=\"38\"><\/td>\n<td width=\"295\">pomidory<\/td>\n<td width=\"109\">10 karton\u00f3w<\/td>\n<td width=\"106\">4.300<\/td>\n<td width=\"95\">43.000<\/td>\n<\/tr>\n<tr>\n<td width=\"38\"><\/td>\n<td width=\"295\">Ry\u017c 50 kg<\/td>\n<td width=\"109\">4 worki<\/td>\n<td width=\"106\">22.500<\/td>\n<td width=\"95\">90.000<\/td>\n<\/tr>\n<tr>\n<td width=\"38\"><\/td>\n<td width=\"295\">s\u00f3l<\/td>\n<td width=\"109\">1 worek<\/td>\n<td width=\"106\">3.000<\/td>\n<td width=\"95\">3.000<\/td>\n<\/tr>\n<tr>\n<td width=\"38\"><\/td>\n<td width=\"295\">cukier<\/td>\n<td width=\"109\">40 kg<\/td>\n<td width=\"106\">550<\/td>\n<td width=\"95\">22.000<\/td>\n<\/tr>\n<tr>\n<td width=\"38\"><\/td>\n<td width=\"295\">Mleko w proszku 25 kg<\/td>\n<td width=\"109\">2 worki<\/td>\n<td width=\"106\">80.000<\/td>\n<td width=\"95\">160.000<\/td>\n<\/tr>\n<tr>\n<td width=\"38\"><\/td>\n<td width=\"295\">makaron<\/td>\n<td width=\"109\">160 op.<\/td>\n<td width=\"106\">400<\/td>\n<td width=\"95\">64.000<\/td>\n<\/tr>\n<tr>\n<td width=\"38\"><\/td>\n<td width=\"295\">jarzyny<\/td>\n<td width=\"109\"><\/td>\n<td width=\"106\"><\/td>\n<td width=\"95\">84.500<\/td>\n<\/tr>\n<tr>\n<td width=\"38\"><\/td>\n<td width=\"295\">Banany, kukurydza, orzeszki ziemne, ryby suszone<\/td>\n<td width=\"109\"><\/td>\n<td width=\"106\"><\/td>\n<td width=\"95\">220.000<\/td>\n<\/tr>\n<tr>\n<td width=\"38\"><\/td>\n<td width=\"295\">\u015arodki czysto\u015bci oraz dezynfekuj\u0105ce<\/td>\n<td width=\"109\"><\/td>\n<td width=\"106\"><\/td>\n<td width=\"95\">275.000<\/td>\n<\/tr>\n<tr>\n<td width=\"38\"><\/td>\n<td width=\"295\">Drewno do kuchni<\/td>\n<td width=\"109\"><\/td>\n<td width=\"106\"><\/td>\n<td width=\"95\">130.000<\/td>\n<\/tr>\n<tr>\n<td width=\"38\"><\/td>\n<td colspan=\"2\" width=\"404\"><strong>PODSUMOWANIE w miejscowej walucie<\/strong><\/td>\n<td width=\"106\"><\/td>\n<td width=\"95\">1.300.000<\/td>\n<\/tr>\n<tr>\n<td width=\"38\"><\/td>\n<td width=\"295\"><\/td>\n<td width=\"109\"><\/td>\n<td width=\"106\"><\/td>\n<td width=\"95\"><\/td>\n<\/tr>\n<\/tbody>\n<\/table>\n<p>Odpowiedzialna za projekt: Siostra Norberta Banaszek<em>, <a href=\"http:\/\/www.siostrypasjonistki.pl\/\" target=\"_blank\" rel=\"noopener noreferrer\">Zgromadzenie Si\u00f3str M\u0119ki Pana Naszego Jezusa Chrystusa<\/a>, <\/em>misja Bertoua, <a href=\"https:\/\/www.maitri.pl\/gdzie-pomagamy\/\" target=\"_blank\" rel=\"noopener noreferrer\">Kamerun<\/a><\/p>\n<p><b style=\"font-size: large; color: #ff0000;\">Kwota: 2220 \u20ac <\/b><\/p>\n<p><span style=\"color: #ff0000;\"><strong>Przekazana kwota 1500\u20ac<\/strong><\/span><\/p>\n<p style=\"text-align: justify;\" align=\"JUSTIFY\"><span style=\"color: #808080;\">Stowarzyszenie Ruchu\u00a0<em>Maitri<\/em> przeznacza do 10% otrzymanych \u015brodk\u00f3w na koszty funkcjonowania biura i pozyskiwanie funduszy pomocowych. <\/span><\/p>\n<h3 style=\"text-align: justify;\" align=\"JUSTIFY\"><span style=\"color: #808080;\">Dofinansowanie \u017b\u0142obek w Bertoua-Kboglota w Kamerunie potrzebuje \u017cywno\u015bci i \u015brodk\u00f3w czysto\u015bci<\/span><\/h3>\n","protected":false},"excerpt":{"rendered":"<p><strong>Projekt:<\/strong> Siostra <em>Norberta Banaszek, <a href=\"http:\/\/www.siostrypasjonistki.pl\/\" target=\"_blank\" rel=\"noopener noreferrer\">Zgromadzenie Si\u00f3str M\u0119ki Pana Naszego Jezusa Chrystusa<\/a><\/em><br \/>\n<strong>Misja:<\/strong> Bertoua-Kboglota, <a href=\"https:\/\/www.maitri.pl\/gdzie-pomagamy\/\" target=\"_blank\" rel=\"noopener noreferrer\">Kamerun<\/a><br \/>\n<strong>Zbierana kwota:<\/strong> <span style=\"color: #ff0000;\"><strong>2220 \u20ac<\/strong><\/span><\/p>\n","protected":false},"featured_media":24704,"template":"","meta":[],"product_brand":[],"product_cat":[656],"product_tag":[937,658,915,834,740],"class_list":{"0":"post-24689","1":"product","2":"type-product","3":"status-publish","4":"has-post-thumbnail","6":"product_cat-bez-kategorii","7":"product_tag-bertoua-kboglota","8":"product_tag-kamerun","9":"product_tag-pasjonistki","10":"product_tag-siostra-norberta-banaszek","11":"product_tag-zgromadzenie-siostr-meki-pana-naszego-jezusa-chrystusa","13":"first","14":"instock","15":"virtual","16":"purchasable","17":"product-type-simple"},"yoast_head":"<!-- This site is optimized with the Yoast SEO plugin v27.2 - https:\/\/yoast.com\/product\/yoast-seo-wordpress\/ -->\n<title>\u017b\u0142obek w Bertoua w Kamerunie potrzebuje \u017cywno\u015bci i \u015brodk\u00f3w czysto\u015bci<\/title>\n<meta name=\"description\" content=\"\u017b\u0142obek w Bertoua-Kboglota w Kamerunie potrzebuje \u017cywno\u015bci i \u015brodk\u00f3w czysto\u015bci. Plac\u00f3wk\u0119 prowadz\u0105 Siostry Pasjonistki. Ka\u017cda pomoc si\u0119 liczy.\" \/>\n<meta name=\"robots\" content=\"index, follow, max-snippet:-1, max-image-preview:large, max-video-preview:-1\" \/>\n<link rel=\"canonical\" href=\"https:\/\/www.maitri.pl\/projekt\/zlobek-bertoua\/\" \/>\n<meta property=\"og:locale\" content=\"fr_FR\" \/>\n<meta property=\"og:type\" content=\"article\" \/>\n<meta property=\"og:title\" content=\"\u017b\u0142obek w Bertoua w Kamerunie potrzebuje \u017cywno\u015bci i \u015brodk\u00f3w czysto\u015bci\" \/>\n<meta property=\"og:description\" content=\"\u017b\u0142obek w Bertoua-Kboglota w Kamerunie potrzebuje \u017cywno\u015bci i \u015brodk\u00f3w czysto\u015bci. Plac\u00f3wk\u0119 prowadz\u0105 Siostry Pasjonistki. Ka\u017cda pomoc si\u0119 liczy.\" \/>\n<meta property=\"og:url\" content=\"https:\/\/www.maitri.pl\/projekt\/zlobek-bertoua\/\" \/>\n<meta property=\"og:site_name\" content=\"Ruch Maitri - Adopcja Serca pomoc Afryce\" \/>\n<meta property=\"article:publisher\" content=\"https:\/\/www.facebook.com\/MAITRI.Adopcja.Serca.dzieci.Afryki\/\" \/>\n<meta property=\"article:modified_time\" content=\"2023-02-10T11:15:33+00:00\" \/>\n<meta property=\"og:image\" content=\"https:\/\/www.maitri.pl\/wp-content\/uploads\/2022\/06\/126-pasjo_4-scaled.jpg\" \/>\n\t<meta property=\"og:image:width\" content=\"1440\" \/>\n\t<meta property=\"og:image:height\" content=\"2560\" \/>\n\t<meta property=\"og:image:type\" content=\"image\/jpeg\" \/>\n<meta name=\"twitter:card\" content=\"summary_large_image\" \/>\n<meta name=\"twitter:label1\" content=\"Dur\u00e9e de lecture estim\u00e9e\" \/>\n\t<meta name=\"twitter:data1\" content=\"3 minutes\" \/>\n<script type=\"application\/ld+json\" class=\"yoast-schema-graph\">{\"@context\":\"https:\/\/schema.org\",\"@graph\":[{\"@type\":\"WebPage\",\"@id\":\"https:\/\/www.maitri.pl\/projekt\/zlobek-bertoua\/\",\"url\":\"https:\/\/www.maitri.pl\/projekt\/zlobek-bertoua\/\",\"name\":\"\u017b\u0142obek w Bertoua w Kamerunie potrzebuje \u017cywno\u015bci i \u015brodk\u00f3w czysto\u015bci\",\"isPartOf\":{\"@id\":\"https:\/\/www.maitri.pl\/#website\"},\"primaryImageOfPage\":{\"@id\":\"https:\/\/www.maitri.pl\/projekt\/zlobek-bertoua\/#primaryimage\"},\"image\":{\"@id\":\"https:\/\/www.maitri.pl\/projekt\/zlobek-bertoua\/#primaryimage\"},\"thumbnailUrl\":\"https:\/\/www.maitri.pl\/wp-content\/uploads\/2022\/06\/126-pasjo_4-scaled.jpg\",\"datePublished\":\"2022-06-10T17:53:27+00:00\",\"dateModified\":\"2023-02-10T11:15:33+00:00\",\"description\":\"\u017b\u0142obek w Bertoua-Kboglota w Kamerunie potrzebuje \u017cywno\u015bci i \u015brodk\u00f3w czysto\u015bci. Plac\u00f3wk\u0119 prowadz\u0105 Siostry Pasjonistki. Ka\u017cda pomoc si\u0119 liczy.\",\"breadcrumb\":{\"@id\":\"https:\/\/www.maitri.pl\/projekt\/zlobek-bertoua\/#breadcrumb\"},\"inLanguage\":\"fr-FR\",\"potentialAction\":[{\"@type\":\"ReadAction\",\"target\":[\"https:\/\/www.maitri.pl\/projekt\/zlobek-bertoua\/\"]}]},{\"@type\":\"ImageObject\",\"inLanguage\":\"fr-FR\",\"@id\":\"https:\/\/www.maitri.pl\/projekt\/zlobek-bertoua\/#primaryimage\",\"url\":\"https:\/\/www.maitri.pl\/wp-content\/uploads\/2022\/06\/126-pasjo_4-scaled.jpg\",\"contentUrl\":\"https:\/\/www.maitri.pl\/wp-content\/uploads\/2022\/06\/126-pasjo_4-scaled.jpg\",\"width\":1440,\"height\":2560,\"caption\":\"\u017b\u0142obek w Bertoua w Kamerunie Ruch Maitri Adopcja Serca pomoc Afryce 01\"},{\"@type\":\"BreadcrumbList\",\"@id\":\"https:\/\/www.maitri.pl\/projekt\/zlobek-bertoua\/#breadcrumb\",\"itemListElement\":[{\"@type\":\"ListItem\",\"position\":1,\"name\":\"Strona g\u0142\u00f3wna\",\"item\":\"https:\/\/www.maitri.pl\/\"},{\"@type\":\"ListItem\",\"position\":2,\"name\":\"Sklep\",\"item\":\"https:\/\/www.maitri.pl\/sklep\/\"},{\"@type\":\"ListItem\",\"position\":3,\"name\":\"\u017b\u0142obek w Bertoua w Kamerunie potrzebuje \u017cywno\u015bci i \u015brodk\u00f3w czysto\u015bci\"}]},{\"@type\":\"WebSite\",\"@id\":\"https:\/\/www.maitri.pl\/#website\",\"url\":\"https:\/\/www.maitri.pl\/\",\"name\":\"Adopcja Serca Maitri \u2013 pomoc dzieciom w Afryce\",\"description\":\"Adopcja Serca \u2013 adopcja na odleg\u0142o\u015b\u0107, pomoc Afryce, do\u017cywianie i edukacja w Afryce\",\"publisher\":{\"@id\":\"https:\/\/www.maitri.pl\/#organization\"},\"potentialAction\":[{\"@type\":\"SearchAction\",\"target\":{\"@type\":\"EntryPoint\",\"urlTemplate\":\"https:\/\/www.maitri.pl\/?s={search_term_string}\"},\"query-input\":{\"@type\":\"PropertyValueSpecification\",\"valueRequired\":true,\"valueName\":\"search_term_string\"}}],\"inLanguage\":\"fr-FR\"},{\"@type\":\"Organization\",\"@id\":\"https:\/\/www.maitri.pl\/#organization\",\"name\":\"Stowarzyszenie Ruchu Maitri\",\"url\":\"https:\/\/www.maitri.pl\/\",\"logo\":{\"@type\":\"ImageObject\",\"inLanguage\":\"fr-FR\",\"@id\":\"https:\/\/www.maitri.pl\/#\/schema\/logo\/image\/\",\"url\":\"https:\/\/www.maitri.pl\/wp-content\/uploads\/2020\/04\/duze_logo-81.png\",\"contentUrl\":\"https:\/\/www.maitri.pl\/wp-content\/uploads\/2020\/04\/duze_logo-81.png\",\"width\":339,\"height\":321,\"caption\":\"Stowarzyszenie Ruchu Maitri\"},\"image\":{\"@id\":\"https:\/\/www.maitri.pl\/#\/schema\/logo\/image\/\"},\"sameAs\":[\"https:\/\/www.facebook.com\/MAITRI.Adopcja.Serca.dzieci.Afryki\/\"]}]}<\/script>\n<!-- \/ Yoast SEO plugin. -->","yoast_head_json":{"title":"\u017b\u0142obek w Bertoua w Kamerunie potrzebuje \u017cywno\u015bci i \u015brodk\u00f3w czysto\u015bci","description":"\u017b\u0142obek w Bertoua-Kboglota w Kamerunie potrzebuje \u017cywno\u015bci i \u015brodk\u00f3w czysto\u015bci. Plac\u00f3wk\u0119 prowadz\u0105 Siostry Pasjonistki. Ka\u017cda pomoc si\u0119 liczy.","robots":{"index":"index","follow":"follow","max-snippet":"max-snippet:-1","max-image-preview":"max-image-preview:large","max-video-preview":"max-video-preview:-1"},"canonical":"https:\/\/www.maitri.pl\/projekt\/zlobek-bertoua\/","og_locale":"fr_FR","og_type":"article","og_title":"\u017b\u0142obek w Bertoua w Kamerunie potrzebuje \u017cywno\u015bci i \u015brodk\u00f3w czysto\u015bci","og_description":"\u017b\u0142obek w Bertoua-Kboglota w Kamerunie potrzebuje \u017cywno\u015bci i \u015brodk\u00f3w czysto\u015bci. Plac\u00f3wk\u0119 prowadz\u0105 Siostry Pasjonistki. Ka\u017cda pomoc si\u0119 liczy.","og_url":"https:\/\/www.maitri.pl\/projekt\/zlobek-bertoua\/","og_site_name":"Ruch Maitri - Adopcja Serca pomoc Afryce","article_publisher":"https:\/\/www.facebook.com\/MAITRI.Adopcja.Serca.dzieci.Afryki\/","article_modified_time":"2023-02-10T11:15:33+00:00","og_image":[{"width":1440,"height":2560,"url":"https:\/\/www.maitri.pl\/wp-content\/uploads\/2022\/06\/126-pasjo_4-scaled.jpg","type":"image\/jpeg"}],"twitter_card":"summary_large_image","twitter_misc":{"Dur\u00e9e de lecture estim\u00e9e":"3 minutes"},"schema":{"@context":"https:\/\/schema.org","@graph":[{"@type":"WebPage","@id":"https:\/\/www.maitri.pl\/projekt\/zlobek-bertoua\/","url":"https:\/\/www.maitri.pl\/projekt\/zlobek-bertoua\/","name":"\u017b\u0142obek w Bertoua w Kamerunie potrzebuje \u017cywno\u015bci i \u015brodk\u00f3w czysto\u015bci","isPartOf":{"@id":"https:\/\/www.maitri.pl\/#website"},"primaryImageOfPage":{"@id":"https:\/\/www.maitri.pl\/projekt\/zlobek-bertoua\/#primaryimage"},"image":{"@id":"https:\/\/www.maitri.pl\/projekt\/zlobek-bertoua\/#primaryimage"},"thumbnailUrl":"https:\/\/www.maitri.pl\/wp-content\/uploads\/2022\/06\/126-pasjo_4-scaled.jpg","datePublished":"2022-06-10T17:53:27+00:00","dateModified":"2023-02-10T11:15:33+00:00","description":"\u017b\u0142obek w Bertoua-Kboglota w Kamerunie potrzebuje \u017cywno\u015bci i \u015brodk\u00f3w czysto\u015bci. Plac\u00f3wk\u0119 prowadz\u0105 Siostry Pasjonistki. Ka\u017cda pomoc si\u0119 liczy.","breadcrumb":{"@id":"https:\/\/www.maitri.pl\/projekt\/zlobek-bertoua\/#breadcrumb"},"inLanguage":"fr-FR","potentialAction":[{"@type":"ReadAction","target":["https:\/\/www.maitri.pl\/projekt\/zlobek-bertoua\/"]}]},{"@type":"ImageObject","inLanguage":"fr-FR","@id":"https:\/\/www.maitri.pl\/projekt\/zlobek-bertoua\/#primaryimage","url":"https:\/\/www.maitri.pl\/wp-content\/uploads\/2022\/06\/126-pasjo_4-scaled.jpg","contentUrl":"https:\/\/www.maitri.pl\/wp-content\/uploads\/2022\/06\/126-pasjo_4-scaled.jpg","width":1440,"height":2560,"caption":"\u017b\u0142obek w Bertoua w Kamerunie Ruch Maitri Adopcja Serca pomoc Afryce 01"},{"@type":"BreadcrumbList","@id":"https:\/\/www.maitri.pl\/projekt\/zlobek-bertoua\/#breadcrumb","itemListElement":[{"@type":"ListItem","position":1,"name":"Strona g\u0142\u00f3wna","item":"https:\/\/www.maitri.pl\/"},{"@type":"ListItem","position":2,"name":"Sklep","item":"https:\/\/www.maitri.pl\/sklep\/"},{"@type":"ListItem","position":3,"name":"\u017b\u0142obek w Bertoua w Kamerunie potrzebuje \u017cywno\u015bci i \u015brodk\u00f3w czysto\u015bci"}]},{"@type":"WebSite","@id":"https:\/\/www.maitri.pl\/#website","url":"https:\/\/www.maitri.pl\/","name":"Adopcja Serca Maitri \u2013 pomoc dzieciom w Afryce","description":"Adopcja Serca \u2013 adopcja na odleg\u0142o\u015b\u0107, pomoc Afryce, do\u017cywianie i edukacja w Afryce","publisher":{"@id":"https:\/\/www.maitri.pl\/#organization"},"potentialAction":[{"@type":"SearchAction","target":{"@type":"EntryPoint","urlTemplate":"https:\/\/www.maitri.pl\/?s={search_term_string}"},"query-input":{"@type":"PropertyValueSpecification","valueRequired":true,"valueName":"search_term_string"}}],"inLanguage":"fr-FR"},{"@type":"Organization","@id":"https:\/\/www.maitri.pl\/#organization","name":"Stowarzyszenie Ruchu Maitri","url":"https:\/\/www.maitri.pl\/","logo":{"@type":"ImageObject","inLanguage":"fr-FR","@id":"https:\/\/www.maitri.pl\/#\/schema\/logo\/image\/","url":"https:\/\/www.maitri.pl\/wp-content\/uploads\/2020\/04\/duze_logo-81.png","contentUrl":"https:\/\/www.maitri.pl\/wp-content\/uploads\/2020\/04\/duze_logo-81.png","width":339,"height":321,"caption":"Stowarzyszenie Ruchu Maitri"},"image":{"@id":"https:\/\/www.maitri.pl\/#\/schema\/logo\/image\/"},"sameAs":["https:\/\/www.facebook.com\/MAITRI.Adopcja.Serca.dzieci.Afryki\/"]}]}},"_links":{"self":[{"href":"https:\/\/www.maitri.pl\/fr\/wp-json\/wp\/v2\/product\/24689","targetHints":{"allow":["GET"]}}],"collection":[{"href":"https:\/\/www.maitri.pl\/fr\/wp-json\/wp\/v2\/product"}],"about":[{"href":"https:\/\/www.maitri.pl\/fr\/wp-json\/wp\/v2\/types\/product"}],"wp:featuredmedia":[{"embeddable":true,"href":"https:\/\/www.maitri.pl\/fr\/wp-json\/wp\/v2\/media\/24704"}],"wp:attachment":[{"href":"https:\/\/www.maitri.pl\/fr\/wp-json\/wp\/v2\/media?parent=24689"}],"wp:term":[{"taxonomy":"product_brand","embeddable":true,"href":"https:\/\/www.maitri.pl\/fr\/wp-json\/wp\/v2\/product_brand?post=24689"},{"taxonomy":"product_cat","embeddable":true,"href":"https:\/\/www.maitri.pl\/fr\/wp-json\/wp\/v2\/product_cat?post=24689"},{"taxonomy":"product_tag","embeddable":true,"href":"https:\/\/www.maitri.pl\/fr\/wp-json\/wp\/v2\/product_tag?post=24689"}],"curies":[{"name":"wp","href":"https:\/\/api.w.org\/{rel}","templated":true}]}}