{"id":24386,"date":"2022-03-24T21:11:03","date_gmt":"2022-03-24T20:11:03","guid":{"rendered":"https:\/\/www.maitri.pl\/?post_type=product&#038;p=24386"},"modified":"2023-02-10T12:15:43","modified_gmt":"2023-02-10T11:15:43","slug":"swietlica-dla-matek-z-dziecmi-z-ukrainy-w-gdansku","status":"publish","type":"product","link":"https:\/\/www.maitri.pl\/fr\/projekt\/swietlica-dla-matek-z-dziecmi-z-ukrainy-w-gdansku\/","title":{"rendered":"\u015awietlica dla matek z dzie\u0107mi z Ukrainy w Gda\u0144sku"},"content":{"rendered":"<h3>Wsparcie dla uchod\u017ac\u00f3w z Ukrainy<\/h3>\n<p>W odpowiedzi na potrzeb\u0119 wsparcia uchod\u017ac\u00f3w z Ukrainy Stowarzyszenie Ruchu \u00ab\u00a0Maitri\u00a0\u00bb 22 marca 2022 uruchomi\u0142o o\u015brodek &#8211; \u015bwietlic\u0119 dla matek z dzie\u0107mi. Miejscem prowadzenia dzia\u0142alno\u015bci jest w kawiarenka udost\u0119pniona przez <a href=\"https:\/\/www.nsjwrzeszcz.pl\/\">parafi\u0119 Naj\u015bwi\u0119tszego Serca Jezusowego w Gda\u0144sku Wrzeszczu<\/a>.\u00a0 Potrzebujemy wsparcia finansowego na realizacje plan\u00f3w rozwoju \u015bwietlicy, tak by zapewni\u0107 kompleksow\u0105 pomoc uchod\u017acom z Ukrainy, a tak\u017ce stworzy\u0107 im bezpieczn\u0105 przysta\u0144 w Tr\u00f3jmie\u015bcie.<\/p>\n<h3>Integracja u\u0142atwiona poprzez prac\u0119 i rozrywk\u0119<\/h3>\n<p>Celem projektu jest stworzenie przestrzeni do integracji i adaptacji &#8211; \u015bwietlicy &#8211; dla matek z dzie\u0107mi, kt\u00f3re uciek\u0142y z Ukrainy. W ramach projektu matki otrzymuj\u0105 wsparcie u\u0142atwiaj\u0105ce przej\u015bcie do \u017cycia w nowym \u015brodowisku oraz pomoc w opiece nad dzie\u0107mi i rekreacji. \u015awietlica zamierza r\u00f3wnie\u017c pomaga\u0107 ludziom w sytuacjach kryzysowych. Od otwarcia tworzymy miejsca pracy dla uchod\u017ac\u00f3w. Koordynatork\u0105 i osob\u0105 odpowiedzialn\u0105 za animacj\u0119 s\u0105 Ukrainki. Zgodnie z potrzebami zg\u0142aszanymi przez uchod\u017ac\u00f3w, o\u015brodek otwiera w najbli\u017cszym czasie kursy j\u0119zyka polskiego zar\u00f3wno dla doros\u0142ych, jak i dla dzieci. Tworzymy r\u00f3wnie\u017c przestrze\u0144 do \u0107wicze\u0144 edukacyjnych i rekreacyjnych dla dzieci. Dzia\u0142ania rozpoczn\u0105 si\u0119, gdy tylko centrum zrekrutuje animator\u00f3w\/nauczycieli spo\u015br\u00f3d uchod\u017ac\u00f3w. Inicjatywa stara si\u0119 znale\u017a\u0107 wolontariuszy w\u015br\u00f3d Ukrai\u0144c\u00f3w. Oferta b\u0119dzie na bie\u017c\u0105co dostosowywana do potrzeb uchod\u017ac\u00f3w.<\/p>\n<h3>Bud\u017cet, ramy czasowe, liczba beneficjent\u00f3w<\/h3>\n<p><strong>Miesi\u0119czny bud\u017cet projektu w fazie inicjalnej to ok.\u00a0 16.800 z\u0142,\u00a0<\/strong> jednorazowe wydatki zwi\u0105zane z zakupem sprz\u0119tu oko\u0142o 8.000 z\u0142. Przewidywany czas realizacji projektu to kwiecie\u0144-lipiec 2022 (4 miesi\u0105ce), z mo\u017cliwo\u015bci\u0105 dalszej eksploatacji w przypadku kryzysu humanitarnego na Ukrainie.\u00a0 \u015awietlica dla kobiet z dzie\u0107mi b\u0119dzie otwarte przez co najmniej 22 dni w miesi\u0105cu po 8 godzin dziennie. Szacujemy, \u017ce ka\u017cdego dnia wsparcie otrzyma co najmniej 50-70 os\u00f3b, a przewidujemy, \u017ce w trakcie trwania projektu r\u00f3\u017cnego rodzaju wsparcie otrzyma oko\u0142o 6000 os\u00f3b. Stowarzyszenie Solidarno\u015bci z Ubogimi Trzeciego \u015awiata \u00ab\u00a0Maitri\u00a0\u00bb\u00a0 ma dost\u0119p do odpowiednich pomieszcze\u0144 z zapleczem sanitarnym oraz kadr\u0105 do\u015bwiadczon\u0105 w koordynowaniu i wspieraniu projekt\u00f3w.<\/p>\n<h3>Aktualna oferta dla matek i dzieci<\/h3>\n<p><img loading=\"lazy\" decoding=\"async\" class=\"aligncenter wp-image-24387 \" src=\"https:\/\/www.maitri.pl\/wp-content\/uploads\/2022\/03\/Bezplatna-swietlica-dla-matek-z-dziecmi-z-Ukrainy-1-e1648079065733-1024x717.png\" alt=\"\u015awietlica dla matek z dzie\u0107mi z Ukrainy\" width=\"938\" height=\"657\" srcset=\"https:\/\/www.maitri.pl\/wp-content\/uploads\/2022\/03\/Bezplatna-swietlica-dla-matek-z-dziecmi-z-Ukrainy-1-e1648079065733-1024x717.png 1024w, https:\/\/www.maitri.pl\/wp-content\/uploads\/2022\/03\/Bezplatna-swietlica-dla-matek-z-dziecmi-z-Ukrainy-1-e1648079065733-300x210.png 300w, https:\/\/www.maitri.pl\/wp-content\/uploads\/2022\/03\/Bezplatna-swietlica-dla-matek-z-dziecmi-z-Ukrainy-1-e1648079065733-768x538.png 768w, https:\/\/www.maitri.pl\/wp-content\/uploads\/2022\/03\/Bezplatna-swietlica-dla-matek-z-dziecmi-z-Ukrainy-1-e1648079065733-600x420.png 600w, https:\/\/www.maitri.pl\/wp-content\/uploads\/2022\/03\/Bezplatna-swietlica-dla-matek-z-dziecmi-z-Ukrainy-1-e1648079065733.png 1414w\" sizes=\"auto, (max-width: 938px) 100vw, 938px\" \/><\/p>\n<h3>Wsp\u00f3\u0142praca<\/h3>\n<p>Koordynatorka \u015bwietlicy , a tak\u017ce osoba odpowiedzialna za animacj\u0119 dla dzieci to uchod\u017aczynie z Ukrainy. Do wsp\u00f3\u0142pracy w charakterze wolontariuszy poszukujemy Ukrai\u0144c\u00f3w. Dla os\u00f3b z Ukrainy prowadz\u0105cych zaj\u0119cia dla dzieci i doros\u0142ych, przewidujemy dodatkowe wynagrodzenie. Szczeg\u00f3lnie mile widziane s\u0105 osoby, kt\u00f3re posiadaj\u0105 wykszta\u0142cenie pedagogiczne, lub stosowne do\u015bwiadczenie w tym zakresie. \u015awietlica dla matek z dzie\u0107mi z <a href=\"https:\/\/www.maitri.pl\/wp-admin\/post-new.php?post_type=product\">Ukrainy<\/a> b\u0119dzie na bie\u017c\u0105co dostosowywana do aktualnych potrzeb go\u015bci. W tej chwili skupiamy si\u0119 na uruchomieniu nauki j\u0119zyka polskiego dla doros\u0142ych oraz dla dzieci. W najbli\u017cszym czasie rozpoczn\u0105 si\u0119 tak\u017ce zaj\u0119cia dla dzieci. Go\u015bcie \u015bwietlicy mog\u0105 korzysta\u0107 z kanapek, owoc\u00f3w\u00a0 i napoj\u00f3w oraz z s\u0105siaduj\u0105cego ze \u015bwietlica placu zabaw. Nasza strona na Facebook <a href=\"https:\/\/www.facebook.com\/Maitri-dla-Ukrainy%D0%9C%D0%B0%D0%B9%D1%82%D1%80%D1%96-%D0%B4%D0%BB%D1%8F-%D0%A3%D0%BA%D1%80%D0%B0%D1%97%D0%BD%D0%B8-101107405901854\/?notif_id=1648556811921147&amp;notif_t=page_fan&amp;ref=notif\"><strong>Maitri dla Ukrainy<\/strong><\/a><\/p>\n<h3>Miesi\u0119czny kosztorys projektu I etap<\/h3>\n<table width=\"471\">\n<tbody>\n<tr>\n<td width=\"365\"><strong>Rodzaj wydatku<\/strong><\/td>\n<td width=\"106\"><strong>Koszt brutto<\/strong><\/td>\n<\/tr>\n<tr>\n<td>Koordynatorka \u015bwietlicy 80 godz.\/mies<\/td>\n<td>\u00a0\u00a0\u00a0\u00a0\u00a0\u00a0\u00a0 2 400 z\u0142<\/td>\n<\/tr>\n<tr>\n<td>Animatorka zaj\u0119\u0107 dla dzieci 160 godz.\/mies<\/td>\n<td>\u00a0\u00a0\u00a0\u00a0\u00a0\u00a0\u00a0 4 800 z\u0142<\/td>\n<\/tr>\n<tr>\n<td>Pomoc administracyjna i komunikacja 40 godz.\/mies<\/td>\n<td>\u00a0\u00a0\u00a0\u00a0\u00a0\u00a0\u00a0 1 200 z\u0142<\/td>\n<\/tr>\n<tr>\n<td>Zakupy \u017cywno\u015bci<\/td>\n<td>\u00a0\u00a0\u00a0\u00a0\u00a0\u00a0\u00a0 3 000 z\u0142<\/td>\n<\/tr>\n<tr>\n<td>Kursy j\u0119zyka polskiego dla doros\u0142ych, zaj\u0119cia dla dzieci ok. 45 godz.\/mies<\/td>\n<td>\u00a0\u00a0\u00a0\u00a0\u00a0\u00a0\u00a0 5 400 z\u0142<\/td>\n<\/tr>\n<tr>\n<td><strong>Razem koszty miesi\u0119cznie<\/strong><\/td>\n<td>\u00a0\u00a0\u00a0\u00a0\u00a0 <strong>16 800 z\u0142<\/strong><\/td>\n<\/tr>\n<\/tbody>\n<\/table>\n<h4><span style=\"color: #ff0000;\">Razem: 16.800 z\u0142<\/span><\/h4>\n<p>W ramach \u015bwietlicy dla matek z dzie\u0107mi z Ukrainy kobiety b\u0119d\u0105 mia\u0142y mo\u017cliwo\u015b\u0107 odbycia szkole\u0144, poznania podstaw j\u0119zyka polskiego, skorzystania z pomocy t\u0142umaczy oraz uzyskania wsparcia psychologicznego. Z drugiej strony dzieci b\u0119d\u0105 mog\u0142y uczestniczy\u0107 w zaj\u0119ciach edukacyjno-rekreacyjnych prowadzonych przez animator\u00f3w, a tak\u017ce skorzysta\u0107 z pomocy psychologicznej. Dodatkowo potrzebuj\u0105cy otrzymaj\u0105 dodatkowe i dora\u017ane wsparcie w postaci m.in.: kart telefonicznych, \u015brodk\u00f3w higieny osobistej czy bilet\u00f3w na komunikacj\u0119 miejsk\u0105, a w sytuacjach kryzysowych mo\u017cliwo\u015b\u0107 zakwaterowania w hostelu. Do dyspozycji go\u015bci o\u015brodka b\u0119d\u0105 r\u00f3wnie\u017c komputery z dost\u0119pem do Internetu. Przedsi\u0119wzi\u0119cie jest prowadzone przez Stowarzyszenie Solidarno\u015bci z Ubogimi Trzeciego \u015awiata \u00ab\u00a0Maitri\u00a0\u00bb z Gda\u0144ska &#8211; Organizacja Po\u017cytku Publicznego. <span style=\"color: #ff0000;\"><strong>Inicjatyw\u0119 mo\u017cna wesprze\u0107 tak\u017ce przekazuj\u0105c nam 1% podatku PIT- KRS 0000364214<\/strong><\/span><\/p>\n<h4><span style=\"color: #0000ff;\">Numery rachunk\u00f3w bankowych do wp\u0142at dla firm<\/span><\/h4>\n<div class=\"textwidget\">\n<div class=\"pp3 footcol\">\n<div class=\"footcol-pad\">\n<div class=\"textwidget\"><strong>Konto w PLN <\/strong><br \/>\n34 1240 1255 1111 0010 4395 6330<\/div>\n<div class=\"textwidget\"><strong>Konto w \u20acuro:<\/strong><br \/>\nPL 33 1160 2202 0000 0002 5567 7854<br \/>\nkod SWIFT: BIGBPLPW<\/div>\n<\/div>\n<\/div>\n<\/div>\n<p>&nbsp;<\/p>\n<h3 style=\"text-align: center;\">Twoje wsparcie ma znaczenie &#8211; pom\u00f3\u017c bli\u017aniemu w potrzebie!<\/h3>\n<h3 style=\"text-align: center;\">\u015awietlica dla matek z dzie\u0107mi z Ukrainy<\/h3>\n","protected":false},"excerpt":{"rendered":"<p><b>Osoba odpowiedzialna: <\/b><span style=\"font-weight: 400;\">Tadeusz Makulski &#8211; Dyrektor Stowarzyszenia Ruchu \u00ab\u00a0Maitri\u00a0\u00bb w Gda\u0144sku<\/span><br \/>\n<b>Miejsce: <\/b><span style=\"font-weight: 400;\">\u015awietlica przy parafii Naj\u015bwi\u0119tszego Serca Jezusowego, ul. Zator Przytockiego 3, Gda\u0144sk Wrzeszcz.<\/span><br \/>\n<b>Nazwa projektu: <\/b><strong>01\/UKNSJ<\/strong><br \/>\n<b>Kwota projektu:<\/b><span style=\"color: #ff0000;\"><b> 16.800 PLN\/miesi\u0105c<\/b><\/span><\/p>\n","protected":false},"featured_media":24390,"template":"","meta":[],"product_brand":[],"product_cat":[656],"product_tag":[757,769,932,931,934,933,929],"class_list":{"0":"post-24386","1":"product","2":"type-product","3":"status-publish","4":"has-post-thumbnail","6":"product_cat-bez-kategorii","7":"product_tag-pomoc-charytatywna","8":"product_tag-pomoc-humanitarna","9":"product_tag-pomoc-ukrainie","10":"product_tag-projekt-pomocowy","11":"product_tag-swietlica","12":"product_tag-swietlica-dla-matek-z-dziecmi-z-ukrainy","13":"product_tag-ukraina","15":"first","16":"instock","17":"shipping-taxable","18":"purchasable","19":"product-type-simple"},"yoast_head":"<!-- This site is optimized with the Yoast SEO plugin v27.2 - https:\/\/yoast.com\/product\/yoast-seo-wordpress\/ -->\n<title>\u015awietlica dla matek z dzie\u0107mi z Ukrainy<\/title>\n<meta name=\"description\" content=\"\u015awietlica dla matek z dzie\u0107mi z Ukrainy - ka\u017cda z\u0142ot\u00f3wka wsparcia pomaga w integracji i adaptacji uchod\u017ac\u00f3w do \u017cycia w Polsce\" \/>\n<meta name=\"robots\" content=\"index, follow, max-snippet:-1, max-image-preview:large, max-video-preview:-1\" \/>\n<link rel=\"canonical\" href=\"https:\/\/www.maitri.pl\/projekt\/swietlica-dla-matek-z-dziecmi-z-ukrainy-w-gdansku\/\" \/>\n<meta property=\"og:locale\" content=\"fr_FR\" \/>\n<meta property=\"og:type\" content=\"article\" \/>\n<meta property=\"og:title\" content=\"\u015awietlica dla matek z dzie\u0107mi z Ukrainy\" \/>\n<meta property=\"og:description\" content=\"\u015awietlica dla matek z dzie\u0107mi z Ukrainy - ka\u017cda z\u0142ot\u00f3wka wsparcia pomaga w integracji i adaptacji uchod\u017ac\u00f3w do \u017cycia w Polsce\" \/>\n<meta property=\"og:url\" content=\"https:\/\/www.maitri.pl\/projekt\/swietlica-dla-matek-z-dziecmi-z-ukrainy-w-gdansku\/\" \/>\n<meta property=\"og:site_name\" content=\"Ruch Maitri - Adopcja Serca pomoc Afryce\" \/>\n<meta property=\"article:publisher\" content=\"https:\/\/www.facebook.com\/MAITRI.Adopcja.Serca.dzieci.Afryki\/\" \/>\n<meta property=\"article:modified_time\" content=\"2023-02-10T11:15:43+00:00\" \/>\n<meta property=\"og:image\" content=\"https:\/\/www.maitri.pl\/wp-content\/uploads\/2022\/03\/IMG_20220324_111747_733.jpg\" \/>\n\t<meta property=\"og:image:width\" content=\"1170\" \/>\n\t<meta property=\"og:image:height\" content=\"1560\" \/>\n\t<meta property=\"og:image:type\" content=\"image\/jpeg\" \/>\n<meta name=\"twitter:card\" content=\"summary_large_image\" \/>\n<meta name=\"twitter:label1\" content=\"Dur\u00e9e de lecture estim\u00e9e\" \/>\n\t<meta name=\"twitter:data1\" content=\"4 minutes\" \/>\n<script type=\"application\/ld+json\" class=\"yoast-schema-graph\">{\"@context\":\"https:\/\/schema.org\",\"@graph\":[{\"@type\":\"WebPage\",\"@id\":\"https:\/\/www.maitri.pl\/projekt\/swietlica-dla-matek-z-dziecmi-z-ukrainy-w-gdansku\/\",\"url\":\"https:\/\/www.maitri.pl\/projekt\/swietlica-dla-matek-z-dziecmi-z-ukrainy-w-gdansku\/\",\"name\":\"\u015awietlica dla matek z dzie\u0107mi z Ukrainy\",\"isPartOf\":{\"@id\":\"https:\/\/www.maitri.pl\/#website\"},\"primaryImageOfPage\":{\"@id\":\"https:\/\/www.maitri.pl\/projekt\/swietlica-dla-matek-z-dziecmi-z-ukrainy-w-gdansku\/#primaryimage\"},\"image\":{\"@id\":\"https:\/\/www.maitri.pl\/projekt\/swietlica-dla-matek-z-dziecmi-z-ukrainy-w-gdansku\/#primaryimage\"},\"thumbnailUrl\":\"https:\/\/www.maitri.pl\/wp-content\/uploads\/2022\/03\/IMG_20220324_111747_733.jpg\",\"datePublished\":\"2022-03-24T20:11:03+00:00\",\"dateModified\":\"2023-02-10T11:15:43+00:00\",\"description\":\"\u015awietlica dla matek z dzie\u0107mi z Ukrainy - ka\u017cda z\u0142ot\u00f3wka wsparcia pomaga w integracji i adaptacji uchod\u017ac\u00f3w do \u017cycia w Polsce\",\"breadcrumb\":{\"@id\":\"https:\/\/www.maitri.pl\/projekt\/swietlica-dla-matek-z-dziecmi-z-ukrainy-w-gdansku\/#breadcrumb\"},\"inLanguage\":\"fr-FR\",\"potentialAction\":[{\"@type\":\"ReadAction\",\"target\":[\"https:\/\/www.maitri.pl\/projekt\/swietlica-dla-matek-z-dziecmi-z-ukrainy-w-gdansku\/\"]}]},{\"@type\":\"ImageObject\",\"inLanguage\":\"fr-FR\",\"@id\":\"https:\/\/www.maitri.pl\/projekt\/swietlica-dla-matek-z-dziecmi-z-ukrainy-w-gdansku\/#primaryimage\",\"url\":\"https:\/\/www.maitri.pl\/wp-content\/uploads\/2022\/03\/IMG_20220324_111747_733.jpg\",\"contentUrl\":\"https:\/\/www.maitri.pl\/wp-content\/uploads\/2022\/03\/IMG_20220324_111747_733.jpg\",\"width\":1170,\"height\":1560,\"caption\":\"\u015awietlica dla matek i dzieci z Ukrainy\"},{\"@type\":\"BreadcrumbList\",\"@id\":\"https:\/\/www.maitri.pl\/projekt\/swietlica-dla-matek-z-dziecmi-z-ukrainy-w-gdansku\/#breadcrumb\",\"itemListElement\":[{\"@type\":\"ListItem\",\"position\":1,\"name\":\"Strona g\u0142\u00f3wna\",\"item\":\"https:\/\/www.maitri.pl\/\"},{\"@type\":\"ListItem\",\"position\":2,\"name\":\"Sklep\",\"item\":\"https:\/\/www.maitri.pl\/sklep\/\"},{\"@type\":\"ListItem\",\"position\":3,\"name\":\"\u015awietlica dla matek z dzie\u0107mi z Ukrainy w Gda\u0144sku\"}]},{\"@type\":\"WebSite\",\"@id\":\"https:\/\/www.maitri.pl\/#website\",\"url\":\"https:\/\/www.maitri.pl\/\",\"name\":\"Adopcja Serca Maitri \u2013 pomoc dzieciom w Afryce\",\"description\":\"Adopcja Serca \u2013 adopcja na odleg\u0142o\u015b\u0107, pomoc Afryce, do\u017cywianie i edukacja w Afryce\",\"publisher\":{\"@id\":\"https:\/\/www.maitri.pl\/#organization\"},\"potentialAction\":[{\"@type\":\"SearchAction\",\"target\":{\"@type\":\"EntryPoint\",\"urlTemplate\":\"https:\/\/www.maitri.pl\/?s={search_term_string}\"},\"query-input\":{\"@type\":\"PropertyValueSpecification\",\"valueRequired\":true,\"valueName\":\"search_term_string\"}}],\"inLanguage\":\"fr-FR\"},{\"@type\":\"Organization\",\"@id\":\"https:\/\/www.maitri.pl\/#organization\",\"name\":\"Stowarzyszenie Ruchu Maitri\",\"url\":\"https:\/\/www.maitri.pl\/\",\"logo\":{\"@type\":\"ImageObject\",\"inLanguage\":\"fr-FR\",\"@id\":\"https:\/\/www.maitri.pl\/#\/schema\/logo\/image\/\",\"url\":\"https:\/\/www.maitri.pl\/wp-content\/uploads\/2020\/04\/duze_logo-81.png\",\"contentUrl\":\"https:\/\/www.maitri.pl\/wp-content\/uploads\/2020\/04\/duze_logo-81.png\",\"width\":339,\"height\":321,\"caption\":\"Stowarzyszenie Ruchu Maitri\"},\"image\":{\"@id\":\"https:\/\/www.maitri.pl\/#\/schema\/logo\/image\/\"},\"sameAs\":[\"https:\/\/www.facebook.com\/MAITRI.Adopcja.Serca.dzieci.Afryki\/\"]}]}<\/script>\n<!-- \/ Yoast SEO plugin. -->","yoast_head_json":{"title":"\u015awietlica dla matek z dzie\u0107mi z Ukrainy","description":"\u015awietlica dla matek z dzie\u0107mi z Ukrainy - ka\u017cda z\u0142ot\u00f3wka wsparcia pomaga w integracji i adaptacji uchod\u017ac\u00f3w do \u017cycia w Polsce","robots":{"index":"index","follow":"follow","max-snippet":"max-snippet:-1","max-image-preview":"max-image-preview:large","max-video-preview":"max-video-preview:-1"},"canonical":"https:\/\/www.maitri.pl\/projekt\/swietlica-dla-matek-z-dziecmi-z-ukrainy-w-gdansku\/","og_locale":"fr_FR","og_type":"article","og_title":"\u015awietlica dla matek z dzie\u0107mi z Ukrainy","og_description":"\u015awietlica dla matek z dzie\u0107mi z Ukrainy - ka\u017cda z\u0142ot\u00f3wka wsparcia pomaga w integracji i adaptacji uchod\u017ac\u00f3w do \u017cycia w Polsce","og_url":"https:\/\/www.maitri.pl\/projekt\/swietlica-dla-matek-z-dziecmi-z-ukrainy-w-gdansku\/","og_site_name":"Ruch Maitri - Adopcja Serca pomoc Afryce","article_publisher":"https:\/\/www.facebook.com\/MAITRI.Adopcja.Serca.dzieci.Afryki\/","article_modified_time":"2023-02-10T11:15:43+00:00","og_image":[{"width":1170,"height":1560,"url":"https:\/\/www.maitri.pl\/wp-content\/uploads\/2022\/03\/IMG_20220324_111747_733.jpg","type":"image\/jpeg"}],"twitter_card":"summary_large_image","twitter_misc":{"Dur\u00e9e de lecture estim\u00e9e":"4 minutes"},"schema":{"@context":"https:\/\/schema.org","@graph":[{"@type":"WebPage","@id":"https:\/\/www.maitri.pl\/projekt\/swietlica-dla-matek-z-dziecmi-z-ukrainy-w-gdansku\/","url":"https:\/\/www.maitri.pl\/projekt\/swietlica-dla-matek-z-dziecmi-z-ukrainy-w-gdansku\/","name":"\u015awietlica dla matek z dzie\u0107mi z Ukrainy","isPartOf":{"@id":"https:\/\/www.maitri.pl\/#website"},"primaryImageOfPage":{"@id":"https:\/\/www.maitri.pl\/projekt\/swietlica-dla-matek-z-dziecmi-z-ukrainy-w-gdansku\/#primaryimage"},"image":{"@id":"https:\/\/www.maitri.pl\/projekt\/swietlica-dla-matek-z-dziecmi-z-ukrainy-w-gdansku\/#primaryimage"},"thumbnailUrl":"https:\/\/www.maitri.pl\/wp-content\/uploads\/2022\/03\/IMG_20220324_111747_733.jpg","datePublished":"2022-03-24T20:11:03+00:00","dateModified":"2023-02-10T11:15:43+00:00","description":"\u015awietlica dla matek z dzie\u0107mi z Ukrainy - ka\u017cda z\u0142ot\u00f3wka wsparcia pomaga w integracji i adaptacji uchod\u017ac\u00f3w do \u017cycia w Polsce","breadcrumb":{"@id":"https:\/\/www.maitri.pl\/projekt\/swietlica-dla-matek-z-dziecmi-z-ukrainy-w-gdansku\/#breadcrumb"},"inLanguage":"fr-FR","potentialAction":[{"@type":"ReadAction","target":["https:\/\/www.maitri.pl\/projekt\/swietlica-dla-matek-z-dziecmi-z-ukrainy-w-gdansku\/"]}]},{"@type":"ImageObject","inLanguage":"fr-FR","@id":"https:\/\/www.maitri.pl\/projekt\/swietlica-dla-matek-z-dziecmi-z-ukrainy-w-gdansku\/#primaryimage","url":"https:\/\/www.maitri.pl\/wp-content\/uploads\/2022\/03\/IMG_20220324_111747_733.jpg","contentUrl":"https:\/\/www.maitri.pl\/wp-content\/uploads\/2022\/03\/IMG_20220324_111747_733.jpg","width":1170,"height":1560,"caption":"\u015awietlica dla matek i dzieci z Ukrainy"},{"@type":"BreadcrumbList","@id":"https:\/\/www.maitri.pl\/projekt\/swietlica-dla-matek-z-dziecmi-z-ukrainy-w-gdansku\/#breadcrumb","itemListElement":[{"@type":"ListItem","position":1,"name":"Strona g\u0142\u00f3wna","item":"https:\/\/www.maitri.pl\/"},{"@type":"ListItem","position":2,"name":"Sklep","item":"https:\/\/www.maitri.pl\/sklep\/"},{"@type":"ListItem","position":3,"name":"\u015awietlica dla matek z dzie\u0107mi z Ukrainy w Gda\u0144sku"}]},{"@type":"WebSite","@id":"https:\/\/www.maitri.pl\/#website","url":"https:\/\/www.maitri.pl\/","name":"Adopcja Serca Maitri \u2013 pomoc dzieciom w Afryce","description":"Adopcja Serca \u2013 adopcja na odleg\u0142o\u015b\u0107, pomoc Afryce, do\u017cywianie i edukacja w Afryce","publisher":{"@id":"https:\/\/www.maitri.pl\/#organization"},"potentialAction":[{"@type":"SearchAction","target":{"@type":"EntryPoint","urlTemplate":"https:\/\/www.maitri.pl\/?s={search_term_string}"},"query-input":{"@type":"PropertyValueSpecification","valueRequired":true,"valueName":"search_term_string"}}],"inLanguage":"fr-FR"},{"@type":"Organization","@id":"https:\/\/www.maitri.pl\/#organization","name":"Stowarzyszenie Ruchu Maitri","url":"https:\/\/www.maitri.pl\/","logo":{"@type":"ImageObject","inLanguage":"fr-FR","@id":"https:\/\/www.maitri.pl\/#\/schema\/logo\/image\/","url":"https:\/\/www.maitri.pl\/wp-content\/uploads\/2020\/04\/duze_logo-81.png","contentUrl":"https:\/\/www.maitri.pl\/wp-content\/uploads\/2020\/04\/duze_logo-81.png","width":339,"height":321,"caption":"Stowarzyszenie Ruchu Maitri"},"image":{"@id":"https:\/\/www.maitri.pl\/#\/schema\/logo\/image\/"},"sameAs":["https:\/\/www.facebook.com\/MAITRI.Adopcja.Serca.dzieci.Afryki\/"]}]}},"_links":{"self":[{"href":"https:\/\/www.maitri.pl\/fr\/wp-json\/wp\/v2\/product\/24386","targetHints":{"allow":["GET"]}}],"collection":[{"href":"https:\/\/www.maitri.pl\/fr\/wp-json\/wp\/v2\/product"}],"about":[{"href":"https:\/\/www.maitri.pl\/fr\/wp-json\/wp\/v2\/types\/product"}],"wp:featuredmedia":[{"embeddable":true,"href":"https:\/\/www.maitri.pl\/fr\/wp-json\/wp\/v2\/media\/24390"}],"wp:attachment":[{"href":"https:\/\/www.maitri.pl\/fr\/wp-json\/wp\/v2\/media?parent=24386"}],"wp:term":[{"taxonomy":"product_brand","embeddable":true,"href":"https:\/\/www.maitri.pl\/fr\/wp-json\/wp\/v2\/product_brand?post=24386"},{"taxonomy":"product_cat","embeddable":true,"href":"https:\/\/www.maitri.pl\/fr\/wp-json\/wp\/v2\/product_cat?post=24386"},{"taxonomy":"product_tag","embeddable":true,"href":"https:\/\/www.maitri.pl\/fr\/wp-json\/wp\/v2\/product_tag?post=24386"}],"curies":[{"name":"wp","href":"https:\/\/api.w.org\/{rel}","templated":true}]}}