{"id":24314,"date":"2022-03-15T16:30:42","date_gmt":"2022-03-15T15:30:42","guid":{"rendered":"https:\/\/www.maitri.pl\/?post_type=product&#038;p=24314"},"modified":"2023-02-10T12:16:58","modified_gmt":"2023-02-10T11:16:58","slug":"pomoc-dla-ukrainy-zaopatrzenie-schronu-w-katedrze-w-lucku-i-opatrunki-dla-rannych","status":"publish","type":"product","link":"https:\/\/www.maitri.pl\/fr\/projekt\/pomoc-dla-ukrainy-zaopatrzenie-schronu-w-katedrze-w-lucku-i-opatrunki-dla-rannych\/","title":{"rendered":"Pomoc dla Ukrainy &#8211; zaopatrzenie schronu w katedrze w \u0141ucku i opatrunki dla rannych"},"content":{"rendered":"<h3 style=\"text-align: center;\">Pomoc dla Ukrainy &#8211; zaopatrzenie schronu w katedrze w \u0141ucku i opatrunki dla rannych<\/h3>\n<div id=\"attachment_24330\" style=\"width: 610px\" class=\"wp-caption aligncenter\"><img loading=\"lazy\" decoding=\"async\" aria-describedby=\"caption-attachment-24330\" class=\" wp-image-24330\" src=\"https:\/\/www.maitri.pl\/wp-content\/uploads\/2022\/03\/Pozar-w-Lucku-po-ataku-bombowym-Twitter-Nexta.jpg\" alt=\"Po\u017car w \u0141ucku po ataku bombowym \/ Twitter \/ Nexta \" width=\"600\" height=\"338\" srcset=\"https:\/\/www.maitri.pl\/wp-content\/uploads\/2022\/03\/Pozar-w-Lucku-po-ataku-bombowym-Twitter-Nexta.jpg 788w, https:\/\/www.maitri.pl\/wp-content\/uploads\/2022\/03\/Pozar-w-Lucku-po-ataku-bombowym-Twitter-Nexta-300x169.jpg 300w, https:\/\/www.maitri.pl\/wp-content\/uploads\/2022\/03\/Pozar-w-Lucku-po-ataku-bombowym-Twitter-Nexta-768x433.jpg 768w, https:\/\/www.maitri.pl\/wp-content\/uploads\/2022\/03\/Pozar-w-Lucku-po-ataku-bombowym-Twitter-Nexta-600x338.jpg 600w\" sizes=\"auto, (max-width: 600px) 100vw, 600px\" \/><p id=\"caption-attachment-24330\" class=\"wp-caption-text\">Po\u017car w \u0141ucku po ataku bombowym \/ Twitter \/ Nexta<\/p><\/div>\n<p>Dotar\u0142a do nas dramatyczna pro\u015bba z \u0141ucka w Ukrainie od ksi\u0119dza Marcina Ciesielskiego pracuj\u0105cego w tamtejszej parafii katedralnej\u00a0<a href=\"https:\/\/pl.wikipedia.org\/wiki\/Katedra_\u015awi\u0119tych_Aposto\u0142\u00f3w_Piotra_i_Paw\u0142a_w_\u0141ucku\"> pw. \u015awi\u0119tych Aposto\u0142\u00f3w Piotra i Paw\u0142a<\/a>. W podziemiach budynku organizowany jest schron dla ludzi na wypadek nalot\u00f3w i schronienie dla uchod\u017ac\u00f3w. Kuria opiekuje si\u0119 tak\u017ce uchod\u017acami i rannymi \u017co\u0142nierzami w szpitalach. Jak na razie jeszcze jest mo\u017cliwe kupowanie na miejscu \u017cywno\u015bci z d\u0142ugimi terminami i lek\u00f3w oraz \u015brodk\u00f3w opatrunkowych. Dlatego zbieramy \u015brodki i transzami wysy\u0142amy je na wskazany przez ks. Marcina rachunek bankowy w Polsce. Ksi\u0105dz pobiera je w hrywnach i dokonuje zakup\u00f3w na miejscu.\u00a0 Jak dowiedzieli\u015bmy si\u0119 w bezpo\u015bredniej rozmowie telefonicznej jest to obecnie najbardziej efektywna pomoc. Katedra przyjmuje tak\u017ce \u017cywno\u015b\u0107 z d\u0142ugim terminem przydatno\u015bci oraz materia\u0142y opatrunkowe, w tym opaski uciskowe kt\u00f3rych brakuje w szpitalach. W razie gotowo\u015bci zorganizowania zakup\u00f3w w kraju i transportu do \u0141ucka prosimy o kontakt z naszym biurem celem skoordynowania dostawy. tel 58 520 30 50 lub przez <a href=\"https:\/\/www.maitri.pl\/kontakt-biuro-adopcji-serca\/\">formularz.<\/a><\/p>\n<div id=\"attachment_24334\" style=\"width: 290px\" class=\"wp-caption alignleft\"><img loading=\"lazy\" decoding=\"async\" aria-describedby=\"caption-attachment-24334\" class=\" wp-image-24334\" src=\"https:\/\/www.maitri.pl\/wp-content\/uploads\/2022\/03\/Ks.-Marcin-Ciesielski.jpg\" alt=\"Ks. Marcin-Ciesielski\" width=\"280\" height=\"280\" srcset=\"https:\/\/www.maitri.pl\/wp-content\/uploads\/2022\/03\/Ks.-Marcin-Ciesielski.jpg 900w, https:\/\/www.maitri.pl\/wp-content\/uploads\/2022\/03\/Ks.-Marcin-Ciesielski-300x300.jpg 300w, https:\/\/www.maitri.pl\/wp-content\/uploads\/2022\/03\/Ks.-Marcin-Ciesielski-150x150.jpg 150w, https:\/\/www.maitri.pl\/wp-content\/uploads\/2022\/03\/Ks.-Marcin-Ciesielski-768x768.jpg 768w, https:\/\/www.maitri.pl\/wp-content\/uploads\/2022\/03\/Ks.-Marcin-Ciesielski-550x550.jpg 550w, https:\/\/www.maitri.pl\/wp-content\/uploads\/2022\/03\/Ks.-Marcin-Ciesielski-600x600.jpg 600w, https:\/\/www.maitri.pl\/wp-content\/uploads\/2022\/03\/Ks.-Marcin-Ciesielski-100x100.jpg 100w\" sizes=\"auto, (max-width: 280px) 100vw, 280px\" \/><p id=\"caption-attachment-24334\" class=\"wp-caption-text\">Ks. Marcin-Ciesielski<\/p><\/div>\n<p style=\"margin: 0cm; margin-bottom: .0001pt;\"><em>Szcz\u0119\u015b\u0107 Bo\u017ce,<\/em><\/p>\n<p style=\"margin: 0cm; margin-bottom: .0001pt;\"><em>Jest strasznie, wczoraj z rana obudzi\u0142y nas wybuchy, a\u017c szyby w oknach dr\u017ca\u0142y. By\u0142o rano 7 wybuch\u00f3w. By\u0142 to atak na wojskowe lotnisko tu w \u0141ucku, ostrzelano lotnisko i wysadzono wie\u017c\u0119 telewizyjn\u0105. <\/em><em>Dzi\u015b co par\u0119 godzin wyj\u0105 syreny, alarmuj\u0105ce o mo\u017cliwo\u015bci bombardowania. W nocy \u015bpimy w ubraniach, aby gdy syreny zawyj\u0105 szybko uciec do schronu. <\/em><em>Organizujemy w podziemiach katedry schron dla ludzi, og\u00f3lnodost\u0119pny. Pr\u00f3bujemy zorganizowa\u0107 tam \u015bpiwory, poduszki, koce, ko\u0142dry, kurtki, tak tam ch\u0142odno. <\/em><em>Kupujemy leki i \u017cywno\u015b\u0107 d\u0142ugoterminow\u0105 do schronu. Pomoc materialna jest potrzebna i to du\u017ca. Mo\u017cna te\u017c nam pom\u00f3c finansowo. <\/em><\/p>\n<p style=\"margin: 0cm; margin-bottom: .0001pt;\"><em>Prosz\u0119 o modlitw\u0119 \u2013 abym mia\u0142 si\u0142y. <\/em><em>Boj\u0119 si\u0119.\u00a0 <\/em><em>Nie chc\u0119 na razie opuszcza\u0107 Ukrainy i wyje\u017cd\u017ca\u0107 (ucieka\u0107) do Polski.\u00a0 <\/em><em>Dop\u00f3ki dam rad\u0119, nie chc\u0119 zostawia\u0107 parafii.<\/em><em>Dop\u00f3ki s\u0105 jeszcze ludzie.<\/em><\/p>\n<p style=\"margin: 0cm; margin-bottom: .0001pt;\"><strong><i>Ks. Marcin Ciesielski \/ \u043e. \u041c\u0430\u0440\u0446\u0456\u043d \u0426\u0454\u0441\u0454\u043b\u044c\u0441\u043a\u0456<\/i><\/strong><\/p>\n<p style=\"margin: 0cm; margin-bottom: .0001pt;\"><strong><i>Katedralna 17, 43016 \u0141uck, Ukraina \/ \u041a\u0430\u0444\u0435\u0434\u0440\u0430\u043b\u044c\u043d\u0430 17, 43016 \u041b\u0443\u0446\u044c\u043a, \u0423\u043a\u0440\u0430\u0457\u043d\u0430<\/i><\/strong><\/p>\n<h4 align=\"JUSTIFY\"><\/h4>\n<p>&nbsp;<\/p>\n<h4><strong>Numer projektu: <span data-sheets-value=\"{&quot;1&quot;:2,&quot;2&quot;:&quot;01\/PARPP&quot;}\" data-sheets-userformat=\"{&quot;2&quot;:33565437,&quot;3&quot;:{&quot;1&quot;:0},&quot;5&quot;:{&quot;1&quot;:[{&quot;1&quot;:2,&quot;2&quot;:0,&quot;5&quot;:{&quot;1&quot;:2,&quot;2&quot;:0}},{&quot;1&quot;:0,&quot;2&quot;:0,&quot;3&quot;:3},{&quot;1&quot;:1,&quot;2&quot;:0,&quot;4&quot;:1}]},&quot;6&quot;:{&quot;1&quot;:[{&quot;1&quot;:2,&quot;2&quot;:0,&quot;5&quot;:{&quot;1&quot;:2,&quot;2&quot;:0}},{&quot;1&quot;:0,&quot;2&quot;:0,&quot;3&quot;:3},{&quot;1&quot;:1,&quot;2&quot;:0,&quot;4&quot;:1}]},&quot;7&quot;:{&quot;1&quot;:[{&quot;1&quot;:2,&quot;2&quot;:0,&quot;5&quot;:{&quot;1&quot;:2,&quot;2&quot;:0}},{&quot;1&quot;:0,&quot;2&quot;:0,&quot;3&quot;:3},{&quot;1&quot;:1,&quot;2&quot;:0,&quot;4&quot;:1}]},&quot;8&quot;:{&quot;1&quot;:[{&quot;1&quot;:2,&quot;2&quot;:0,&quot;5&quot;:{&quot;1&quot;:2,&quot;2&quot;:0}},{&quot;1&quot;:0,&quot;2&quot;:0,&quot;3&quot;:3},{&quot;1&quot;:1,&quot;2&quot;:0,&quot;4&quot;:1}]},&quot;9&quot;:1,&quot;10&quot;:1,&quot;12&quot;:0,&quot;14&quot;:{&quot;1&quot;:2,&quot;2&quot;:0},&quot;16&quot;:11,&quot;28&quot;:1}\">01\/PARPP<\/span><\/strong><br \/>\n<span style=\"color: #ff0000;\"><strong>Kwota projektu: 10 000 z\u0142.<\/strong><\/span><\/h4>\n<h4 style=\"text-align: center;\"><a href=\"https:\/\/wiadomosci.onet.pl\/tylko-w-onecie\/wojna-w-ukrainie-rakiety-spadly-na-luck-to-ok-100-km-od-granicy-z-polska\/8w268zy\">Mieszka\u0144cy oddalonego o nieca\u0142e 100 km od granicy z Polsk\u0105 \u0141ucka uciekaj\u0105 z dom\u00f3w. \u00ab\u00a0Je\u015bli chcecie prze\u017cy\u0107, to lepiej st\u0105d wyje\u017cd\u017cajcie\u00a0\u00bb<\/a><\/h4>\n<h3 style=\"text-align: center;\">Pomoc dla Ukrainy &#8211; zaopatrzenie schronu w katedrze w \u0141ucku, pomoc dla rannych<\/h3>\n<div id=\"attachment_24332\" style=\"width: 610px\" class=\"wp-caption aligncenter\"><img loading=\"lazy\" decoding=\"async\" aria-describedby=\"caption-attachment-24332\" class=\" wp-image-24332\" src=\"https:\/\/www.maitri.pl\/wp-content\/uploads\/2022\/03\/Katedra-w-Lucku-1.jpg\" alt=\"Katedra w \u0141ucku w Ukrainie, Autor: Posterrr\" width=\"600\" height=\"515\" srcset=\"https:\/\/www.maitri.pl\/wp-content\/uploads\/2022\/03\/Katedra-w-Lucku-1.jpg 800w, https:\/\/www.maitri.pl\/wp-content\/uploads\/2022\/03\/Katedra-w-Lucku-1-300x258.jpg 300w, https:\/\/www.maitri.pl\/wp-content\/uploads\/2022\/03\/Katedra-w-Lucku-1-768x660.jpg 768w, https:\/\/www.maitri.pl\/wp-content\/uploads\/2022\/03\/Katedra-w-Lucku-1-600x515.jpg 600w\" sizes=\"auto, (max-width: 600px) 100vw, 600px\" \/><p id=\"caption-attachment-24332\" class=\"wp-caption-text\">Katedra w \u0141ucku w Ukrainie, Autor: Posterrr<\/p><\/div>\n","protected":false},"excerpt":{"rendered":"<p style=\"margin: 0cm; margin-bottom: .0001pt;\"><strong>Odpowiedzialny za projekt:<\/strong> ks. Marcin Ciesielski<\/p>\n<p style=\"margin: 0cm; margin-bottom: .0001pt;\"><strong>Miejsce:<\/strong> Katedra w \u0141ucku, Ukraina<\/p>\n<p style=\"margin: 0cm; margin-bottom: .0001pt;\"><strong>Kwota projektu: <span style=\"color: #ff0000;\">10.000 z\u0142<\/span><\/strong><\/p>\n<p style=\"margin: 0cm; margin-bottom: .0001pt;\"><strong>Nazwa projektu:<\/strong> 01\/PARPP<\/p>\n<p>&nbsp;<\/p>\n","protected":false},"featured_media":24323,"template":"","meta":[],"product_brand":[],"product_cat":[656],"product_tag":[930,929],"class_list":{"0":"post-24314","1":"product","2":"type-product","3":"status-publish","4":"has-post-thumbnail","6":"product_cat-bez-kategorii","7":"product_tag-pomoc-dla-uchodzcow","8":"product_tag-ukraina","10":"first","11":"instock","12":"shipping-taxable","13":"purchasable","14":"product-type-simple"},"yoast_head":"<!-- This site is optimized with the Yoast SEO plugin v27.2 - https:\/\/yoast.com\/product\/yoast-seo-wordpress\/ -->\n<title>Pomoc dla Ukrainy. Zaopatrzenie schronu, opatrunki<\/title>\n<meta name=\"description\" content=\"Pomoc dla Ukrainy - zaopatrzenie schronu w katedrze w \u0141ucku, pomoc w opatrywaniu rannych w lokalnych szpitalach\" \/>\n<meta name=\"robots\" content=\"index, follow, max-snippet:-1, max-image-preview:large, max-video-preview:-1\" \/>\n<link rel=\"canonical\" href=\"https:\/\/www.maitri.pl\/projekt\/pomoc-dla-ukrainy-zaopatrzenie-schronu-w-katedrze-w-lucku-i-opatrunki-dla-rannych\/\" \/>\n<meta property=\"og:locale\" content=\"fr_FR\" \/>\n<meta property=\"og:type\" content=\"article\" \/>\n<meta property=\"og:title\" content=\"Pomoc dla Ukrainy. Zaopatrzenie schronu, opatrunki\" \/>\n<meta property=\"og:description\" content=\"Pomoc dla Ukrainy - zaopatrzenie schronu w katedrze w \u0141ucku, pomoc w opatrywaniu rannych w lokalnych szpitalach\" \/>\n<meta property=\"og:url\" content=\"https:\/\/www.maitri.pl\/projekt\/pomoc-dla-ukrainy-zaopatrzenie-schronu-w-katedrze-w-lucku-i-opatrunki-dla-rannych\/\" \/>\n<meta property=\"og:site_name\" content=\"Ruch Maitri - Adopcja Serca pomoc Afryce\" \/>\n<meta property=\"article:publisher\" content=\"https:\/\/www.facebook.com\/MAITRI.Adopcja.Serca.dzieci.Afryki\/\" \/>\n<meta property=\"article:modified_time\" content=\"2023-02-10T11:16:58+00:00\" \/>\n<meta property=\"og:image\" content=\"https:\/\/www.maitri.pl\/wp-content\/uploads\/2022\/03\/flaga-ukrainy_1401-249.jpg\" \/>\n\t<meta property=\"og:image:width\" content=\"626\" \/>\n\t<meta property=\"og:image:height\" content=\"417\" \/>\n\t<meta property=\"og:image:type\" content=\"image\/jpeg\" \/>\n<meta name=\"twitter:card\" content=\"summary_large_image\" \/>\n<meta name=\"twitter:label1\" content=\"Dur\u00e9e de lecture estim\u00e9e\" \/>\n\t<meta name=\"twitter:data1\" content=\"3 minutes\" \/>\n<script type=\"application\/ld+json\" class=\"yoast-schema-graph\">{\"@context\":\"https:\/\/schema.org\",\"@graph\":[{\"@type\":\"WebPage\",\"@id\":\"https:\/\/www.maitri.pl\/projekt\/pomoc-dla-ukrainy-zaopatrzenie-schronu-w-katedrze-w-lucku-i-opatrunki-dla-rannych\/\",\"url\":\"https:\/\/www.maitri.pl\/projekt\/pomoc-dla-ukrainy-zaopatrzenie-schronu-w-katedrze-w-lucku-i-opatrunki-dla-rannych\/\",\"name\":\"Pomoc dla Ukrainy. Zaopatrzenie schronu, opatrunki\",\"isPartOf\":{\"@id\":\"https:\/\/www.maitri.pl\/#website\"},\"primaryImageOfPage\":{\"@id\":\"https:\/\/www.maitri.pl\/projekt\/pomoc-dla-ukrainy-zaopatrzenie-schronu-w-katedrze-w-lucku-i-opatrunki-dla-rannych\/#primaryimage\"},\"image\":{\"@id\":\"https:\/\/www.maitri.pl\/projekt\/pomoc-dla-ukrainy-zaopatrzenie-schronu-w-katedrze-w-lucku-i-opatrunki-dla-rannych\/#primaryimage\"},\"thumbnailUrl\":\"https:\/\/www.maitri.pl\/wp-content\/uploads\/2022\/03\/flaga-ukrainy_1401-249.jpg\",\"datePublished\":\"2022-03-15T15:30:42+00:00\",\"dateModified\":\"2023-02-10T11:16:58+00:00\",\"description\":\"Pomoc dla Ukrainy - zaopatrzenie schronu w katedrze w \u0141ucku, pomoc w opatrywaniu rannych w lokalnych szpitalach\",\"breadcrumb\":{\"@id\":\"https:\/\/www.maitri.pl\/projekt\/pomoc-dla-ukrainy-zaopatrzenie-schronu-w-katedrze-w-lucku-i-opatrunki-dla-rannych\/#breadcrumb\"},\"inLanguage\":\"fr-FR\",\"potentialAction\":[{\"@type\":\"ReadAction\",\"target\":[\"https:\/\/www.maitri.pl\/projekt\/pomoc-dla-ukrainy-zaopatrzenie-schronu-w-katedrze-w-lucku-i-opatrunki-dla-rannych\/\"]}]},{\"@type\":\"ImageObject\",\"inLanguage\":\"fr-FR\",\"@id\":\"https:\/\/www.maitri.pl\/projekt\/pomoc-dla-ukrainy-zaopatrzenie-schronu-w-katedrze-w-lucku-i-opatrunki-dla-rannych\/#primaryimage\",\"url\":\"https:\/\/www.maitri.pl\/wp-content\/uploads\/2022\/03\/flaga-ukrainy_1401-249.jpg\",\"contentUrl\":\"https:\/\/www.maitri.pl\/wp-content\/uploads\/2022\/03\/flaga-ukrainy_1401-249.jpg\",\"width\":626,\"height\":417},{\"@type\":\"BreadcrumbList\",\"@id\":\"https:\/\/www.maitri.pl\/projekt\/pomoc-dla-ukrainy-zaopatrzenie-schronu-w-katedrze-w-lucku-i-opatrunki-dla-rannych\/#breadcrumb\",\"itemListElement\":[{\"@type\":\"ListItem\",\"position\":1,\"name\":\"Strona g\u0142\u00f3wna\",\"item\":\"https:\/\/www.maitri.pl\/\"},{\"@type\":\"ListItem\",\"position\":2,\"name\":\"Sklep\",\"item\":\"https:\/\/www.maitri.pl\/sklep\/\"},{\"@type\":\"ListItem\",\"position\":3,\"name\":\"Pomoc dla Ukrainy &#8211; zaopatrzenie schronu w katedrze w \u0141ucku i opatrunki dla rannych\"}]},{\"@type\":\"WebSite\",\"@id\":\"https:\/\/www.maitri.pl\/#website\",\"url\":\"https:\/\/www.maitri.pl\/\",\"name\":\"Adopcja Serca Maitri \u2013 pomoc dzieciom w Afryce\",\"description\":\"Adopcja Serca \u2013 adopcja na odleg\u0142o\u015b\u0107, pomoc Afryce, do\u017cywianie i edukacja w Afryce\",\"publisher\":{\"@id\":\"https:\/\/www.maitri.pl\/#organization\"},\"potentialAction\":[{\"@type\":\"SearchAction\",\"target\":{\"@type\":\"EntryPoint\",\"urlTemplate\":\"https:\/\/www.maitri.pl\/?s={search_term_string}\"},\"query-input\":{\"@type\":\"PropertyValueSpecification\",\"valueRequired\":true,\"valueName\":\"search_term_string\"}}],\"inLanguage\":\"fr-FR\"},{\"@type\":\"Organization\",\"@id\":\"https:\/\/www.maitri.pl\/#organization\",\"name\":\"Stowarzyszenie Ruchu Maitri\",\"url\":\"https:\/\/www.maitri.pl\/\",\"logo\":{\"@type\":\"ImageObject\",\"inLanguage\":\"fr-FR\",\"@id\":\"https:\/\/www.maitri.pl\/#\/schema\/logo\/image\/\",\"url\":\"https:\/\/www.maitri.pl\/wp-content\/uploads\/2020\/04\/duze_logo-81.png\",\"contentUrl\":\"https:\/\/www.maitri.pl\/wp-content\/uploads\/2020\/04\/duze_logo-81.png\",\"width\":339,\"height\":321,\"caption\":\"Stowarzyszenie Ruchu Maitri\"},\"image\":{\"@id\":\"https:\/\/www.maitri.pl\/#\/schema\/logo\/image\/\"},\"sameAs\":[\"https:\/\/www.facebook.com\/MAITRI.Adopcja.Serca.dzieci.Afryki\/\"]}]}<\/script>\n<!-- \/ Yoast SEO plugin. -->","yoast_head_json":{"title":"Pomoc dla Ukrainy. Zaopatrzenie schronu, opatrunki","description":"Pomoc dla Ukrainy - zaopatrzenie schronu w katedrze w \u0141ucku, pomoc w opatrywaniu rannych w lokalnych szpitalach","robots":{"index":"index","follow":"follow","max-snippet":"max-snippet:-1","max-image-preview":"max-image-preview:large","max-video-preview":"max-video-preview:-1"},"canonical":"https:\/\/www.maitri.pl\/projekt\/pomoc-dla-ukrainy-zaopatrzenie-schronu-w-katedrze-w-lucku-i-opatrunki-dla-rannych\/","og_locale":"fr_FR","og_type":"article","og_title":"Pomoc dla Ukrainy. Zaopatrzenie schronu, opatrunki","og_description":"Pomoc dla Ukrainy - zaopatrzenie schronu w katedrze w \u0141ucku, pomoc w opatrywaniu rannych w lokalnych szpitalach","og_url":"https:\/\/www.maitri.pl\/projekt\/pomoc-dla-ukrainy-zaopatrzenie-schronu-w-katedrze-w-lucku-i-opatrunki-dla-rannych\/","og_site_name":"Ruch Maitri - Adopcja Serca pomoc Afryce","article_publisher":"https:\/\/www.facebook.com\/MAITRI.Adopcja.Serca.dzieci.Afryki\/","article_modified_time":"2023-02-10T11:16:58+00:00","og_image":[{"width":626,"height":417,"url":"https:\/\/www.maitri.pl\/wp-content\/uploads\/2022\/03\/flaga-ukrainy_1401-249.jpg","type":"image\/jpeg"}],"twitter_card":"summary_large_image","twitter_misc":{"Dur\u00e9e de lecture estim\u00e9e":"3 minutes"},"schema":{"@context":"https:\/\/schema.org","@graph":[{"@type":"WebPage","@id":"https:\/\/www.maitri.pl\/projekt\/pomoc-dla-ukrainy-zaopatrzenie-schronu-w-katedrze-w-lucku-i-opatrunki-dla-rannych\/","url":"https:\/\/www.maitri.pl\/projekt\/pomoc-dla-ukrainy-zaopatrzenie-schronu-w-katedrze-w-lucku-i-opatrunki-dla-rannych\/","name":"Pomoc dla Ukrainy. Zaopatrzenie schronu, opatrunki","isPartOf":{"@id":"https:\/\/www.maitri.pl\/#website"},"primaryImageOfPage":{"@id":"https:\/\/www.maitri.pl\/projekt\/pomoc-dla-ukrainy-zaopatrzenie-schronu-w-katedrze-w-lucku-i-opatrunki-dla-rannych\/#primaryimage"},"image":{"@id":"https:\/\/www.maitri.pl\/projekt\/pomoc-dla-ukrainy-zaopatrzenie-schronu-w-katedrze-w-lucku-i-opatrunki-dla-rannych\/#primaryimage"},"thumbnailUrl":"https:\/\/www.maitri.pl\/wp-content\/uploads\/2022\/03\/flaga-ukrainy_1401-249.jpg","datePublished":"2022-03-15T15:30:42+00:00","dateModified":"2023-02-10T11:16:58+00:00","description":"Pomoc dla Ukrainy - zaopatrzenie schronu w katedrze w \u0141ucku, pomoc w opatrywaniu rannych w lokalnych szpitalach","breadcrumb":{"@id":"https:\/\/www.maitri.pl\/projekt\/pomoc-dla-ukrainy-zaopatrzenie-schronu-w-katedrze-w-lucku-i-opatrunki-dla-rannych\/#breadcrumb"},"inLanguage":"fr-FR","potentialAction":[{"@type":"ReadAction","target":["https:\/\/www.maitri.pl\/projekt\/pomoc-dla-ukrainy-zaopatrzenie-schronu-w-katedrze-w-lucku-i-opatrunki-dla-rannych\/"]}]},{"@type":"ImageObject","inLanguage":"fr-FR","@id":"https:\/\/www.maitri.pl\/projekt\/pomoc-dla-ukrainy-zaopatrzenie-schronu-w-katedrze-w-lucku-i-opatrunki-dla-rannych\/#primaryimage","url":"https:\/\/www.maitri.pl\/wp-content\/uploads\/2022\/03\/flaga-ukrainy_1401-249.jpg","contentUrl":"https:\/\/www.maitri.pl\/wp-content\/uploads\/2022\/03\/flaga-ukrainy_1401-249.jpg","width":626,"height":417},{"@type":"BreadcrumbList","@id":"https:\/\/www.maitri.pl\/projekt\/pomoc-dla-ukrainy-zaopatrzenie-schronu-w-katedrze-w-lucku-i-opatrunki-dla-rannych\/#breadcrumb","itemListElement":[{"@type":"ListItem","position":1,"name":"Strona g\u0142\u00f3wna","item":"https:\/\/www.maitri.pl\/"},{"@type":"ListItem","position":2,"name":"Sklep","item":"https:\/\/www.maitri.pl\/sklep\/"},{"@type":"ListItem","position":3,"name":"Pomoc dla Ukrainy &#8211; zaopatrzenie schronu w katedrze w \u0141ucku i opatrunki dla rannych"}]},{"@type":"WebSite","@id":"https:\/\/www.maitri.pl\/#website","url":"https:\/\/www.maitri.pl\/","name":"Adopcja Serca Maitri \u2013 pomoc dzieciom w Afryce","description":"Adopcja Serca \u2013 adopcja na odleg\u0142o\u015b\u0107, pomoc Afryce, do\u017cywianie i edukacja w Afryce","publisher":{"@id":"https:\/\/www.maitri.pl\/#organization"},"potentialAction":[{"@type":"SearchAction","target":{"@type":"EntryPoint","urlTemplate":"https:\/\/www.maitri.pl\/?s={search_term_string}"},"query-input":{"@type":"PropertyValueSpecification","valueRequired":true,"valueName":"search_term_string"}}],"inLanguage":"fr-FR"},{"@type":"Organization","@id":"https:\/\/www.maitri.pl\/#organization","name":"Stowarzyszenie Ruchu Maitri","url":"https:\/\/www.maitri.pl\/","logo":{"@type":"ImageObject","inLanguage":"fr-FR","@id":"https:\/\/www.maitri.pl\/#\/schema\/logo\/image\/","url":"https:\/\/www.maitri.pl\/wp-content\/uploads\/2020\/04\/duze_logo-81.png","contentUrl":"https:\/\/www.maitri.pl\/wp-content\/uploads\/2020\/04\/duze_logo-81.png","width":339,"height":321,"caption":"Stowarzyszenie Ruchu Maitri"},"image":{"@id":"https:\/\/www.maitri.pl\/#\/schema\/logo\/image\/"},"sameAs":["https:\/\/www.facebook.com\/MAITRI.Adopcja.Serca.dzieci.Afryki\/"]}]}},"_links":{"self":[{"href":"https:\/\/www.maitri.pl\/fr\/wp-json\/wp\/v2\/product\/24314","targetHints":{"allow":["GET"]}}],"collection":[{"href":"https:\/\/www.maitri.pl\/fr\/wp-json\/wp\/v2\/product"}],"about":[{"href":"https:\/\/www.maitri.pl\/fr\/wp-json\/wp\/v2\/types\/product"}],"wp:featuredmedia":[{"embeddable":true,"href":"https:\/\/www.maitri.pl\/fr\/wp-json\/wp\/v2\/media\/24323"}],"wp:attachment":[{"href":"https:\/\/www.maitri.pl\/fr\/wp-json\/wp\/v2\/media?parent=24314"}],"wp:term":[{"taxonomy":"product_brand","embeddable":true,"href":"https:\/\/www.maitri.pl\/fr\/wp-json\/wp\/v2\/product_brand?post=24314"},{"taxonomy":"product_cat","embeddable":true,"href":"https:\/\/www.maitri.pl\/fr\/wp-json\/wp\/v2\/product_cat?post=24314"},{"taxonomy":"product_tag","embeddable":true,"href":"https:\/\/www.maitri.pl\/fr\/wp-json\/wp\/v2\/product_tag?post=24314"}],"curies":[{"name":"wp","href":"https:\/\/api.w.org\/{rel}","templated":true}]}}