{"id":24293,"date":"2022-03-09T20:04:40","date_gmt":"2022-03-09T19:04:40","guid":{"rendered":"https:\/\/www.maitri.pl\/?post_type=product&#038;p=24293"},"modified":"2024-02-07T12:50:55","modified_gmt":"2024-02-07T11:50:55","slug":"budowa-domu-esseng","status":"publish","type":"product","link":"https:\/\/www.maitri.pl\/fr\/projekt\/budowa-domu-esseng\/","title":{"rendered":"Budowa domu dla podopiecznego Adopcji Medycznej z Esseng"},"content":{"rendered":"<h4>Pokrzywdzeni przez los<\/h4>\n<p>Od IX 2019 roku Borise jest podopiecznym <a href=\"https:\/\/www.maitri.pl\/dzieci-niepelnosprawne\/\" target=\"_blank\" rel=\"noopener\">Adopcji Medycznej<\/a>. Ch\u0142opiec ma zaburzenie mowy, j\u0105ka si\u0119, trudno go zrozumie\u0107. Przez 2 lata ucz\u0119szcza\u0142 do szko\u0142y dla g\u0142uchoniemych z internatem w Bertuoa. Jednak pobyt tam nie przyni\u00f3s\u0142 oczekiwanych post\u0119p\u00f3w. Dlatego zdecydowa\u0142y\u015bmy, \u017ce od tego roku szkolnego Borise wr\u00f3ci do naszej szko\u0142y podstawowej w Esseng z dodatkowym indywidualnym prowadzeniem. Zoas Franck Borise ma AIDS. Od 2010 roku jest pod opiek\u0105 lekarsk\u0105. Cz\u0119sto choruje na malari\u0119, ma anemi\u0119. Ch\u0142opiec mieszka z niepe\u0142nosprawn\u0105 mam\u0105, kt\u00f3ra uleg\u0142a wypadkowi. Ma wstawiony implant w ko\u015b\u0107 udow\u0105, Aby mog\u0142a dalej chodzi\u0107. Rodzin\u0119 tworz\u0105 tak\u017ce jej umys\u0142owo chory brat i babcia. Przed kilkoma miesi\u0105cami mama urodzi\u0142a siostrzyczk\u0119. Do tej pory mieszkaj\u0105 w wynaj\u0119tym pomieszczeniu, gdzie straszy stara, rozwalaj\u0105ca si\u0119 kuchnia. Konieczna jest budowa domu dla tej rodziny pokrzywdzonej przez los.<\/p>\n<h4>Dom dla 3 rodzin<\/h4>\n<p>Widzimy ogromn\u0105 potrzeb\u0119 wybudowania im domu, gdzie mogli by si\u0119 poczu\u0107 bezpiecznie i u siebie. Pragniemy z\u0142\u0105czy\u0107 3 mieszkania, By koszty budowy by\u0142y mniejsze, ale ka\u017cde b\u0119dzie mie\u0107 osobne wej\u015bcie. Pozosta\u0142e mieszkania s\u0105 przewidziane dla 2 kobiet chorych umys\u0142owo. Ka\u017cda z nich ma 2 dzieci. Po obliczeniach budowa mieszkania dla Borise wynosi 2 tys. euro, tyle co w Polsce przeci\u0119tny samoch\u00f3d na rynku wt\u00f3rnym.<\/p>\n<h4>Potrzebna jest solidna konstrukcja<\/h4>\n<p>Mama Borisa z trudem utrzymuje si\u0119 z pracy na wynajmowanym polu. Pomimo swojego inwalidztwa sadzi maniok i arachidy. Cz\u0119sto wspomagamy j\u0105 w \u017cywieniu, a obecnie w karmieniu ma\u0142ego dziecka. Budowa domu przekracza w zupe\u0142no\u015bci jej mo\u017cliwo\u015bci. Chcemy \u017ceby budowa by\u0142a solidniejsza: pokryta blach\u0105, bloki z gliny, na dobrym fundamencie z pustak\u00f3w, z mocnym tynkiem cementowym \u2013 to zapewni d\u0142u\u017csz\u0105 trwa\u0142o\u015b\u0107 mieszkania. Ufamy, \u017ce zamieszkanie w godnych warunkach zapewni Borisowi i jego bliskim stabilno\u015b\u0107 miejsca i pomo\u017ce im bardziej scali\u0107 rodzin\u0119.<\/p>\n<h4><strong>Kosztorys:<\/strong><\/h4>\n<table>\n<tbody>\n<tr>\n<td width=\"42\"><strong>LP<\/strong><\/td>\n<td width=\"264\"><strong>opis<\/strong><\/td>\n<td width=\"114\"><strong>ilo\u015b\u0107<\/strong><\/td>\n<td width=\"117\"><strong>Cena <\/strong><strong>w miejscowej walucie<\/strong><\/td>\n<td width=\"121\"><strong>Kwota <\/strong><strong>w miejscowej walucie<\/strong><\/td>\n<\/tr>\n<tr>\n<td width=\"42\">1<\/td>\n<td width=\"264\">piasek<\/td>\n<td width=\"114\"><\/td>\n<td width=\"117\"><\/td>\n<td width=\"121\">171.000<\/td>\n<\/tr>\n<tr>\n<td width=\"42\">2<\/td>\n<td width=\"264\">\u017cwir<\/td>\n<td width=\"114\"><\/td>\n<td width=\"117\"><\/td>\n<td width=\"121\">78.400<\/td>\n<\/tr>\n<tr>\n<td width=\"42\">3<\/td>\n<td width=\"264\">cement<\/td>\n<td width=\"114\">50kg x 50 szt.<\/td>\n<td width=\"117\">4.600<\/td>\n<td width=\"121\">230.000<\/td>\n<\/tr>\n<tr>\n<td width=\"42\">4<\/td>\n<td width=\"264\">blacha<\/td>\n<td width=\"114\">20 szt.<\/td>\n<td width=\"117\">4.000<\/td>\n<td width=\"121\">80.000<\/td>\n<\/tr>\n<tr>\n<td width=\"42\">5<\/td>\n<td width=\"264\">Krokwie na dach<\/td>\n<td width=\"114\">50 szt.<\/td>\n<td width=\"117\">1.300<\/td>\n<td width=\"121\">65.000<\/td>\n<\/tr>\n<tr>\n<td width=\"42\">6<\/td>\n<td width=\"264\">Drzwi i okna<\/td>\n<td width=\"114\">4 szt.<\/td>\n<td width=\"117\"><\/td>\n<td width=\"121\">62.100<\/td>\n<\/tr>\n<tr>\n<td width=\"42\">7<\/td>\n<td width=\"264\">Druty 08<\/p>\n<p>druty 06<\/td>\n<td width=\"114\">25<\/p>\n<p>10<\/td>\n<td width=\"117\">2.600<\/p>\n<p>1.600<\/td>\n<td width=\"121\">65.000<\/p>\n<p>16.000<\/td>\n<\/tr>\n<tr>\n<td width=\"42\">8<\/td>\n<td width=\"264\">gwo\u017adzie<\/td>\n<td width=\"114\">3 paczki<\/td>\n<td width=\"117\">5.000<\/td>\n<td width=\"121\">15.000<\/td>\n<\/tr>\n<tr>\n<td width=\"42\">9<\/td>\n<td width=\"264\">Bloki z gliny i pustaki do fundament\u00f3w<\/td>\n<td width=\"114\">1600<\/td>\n<td width=\"117\">68<\/td>\n<td width=\"121\">108.800<\/td>\n<\/tr>\n<tr>\n<td width=\"42\">10<\/td>\n<td width=\"264\">Transport materia\u0142\u00f3w budowlanych<\/td>\n<td width=\"114\"><\/td>\n<td width=\"117\"><\/td>\n<td width=\"121\">124.000<\/td>\n<\/tr>\n<tr>\n<td width=\"42\">11<\/td>\n<td width=\"264\">Prace budowlane (robocizna)<\/td>\n<td width=\"114\"><\/td>\n<td width=\"117\"><\/td>\n<td width=\"121\">290.000<\/td>\n<\/tr>\n<tr>\n<td width=\"42\"><strong>\u00a0<\/strong><\/td>\n<td colspan=\"2\" width=\"378\"><strong>P O D S U M O W A N I E\u00a0 w walucie miejscowej<\/strong><\/td>\n<td width=\"117\"><strong>\u00a0<\/strong><\/td>\n<td width=\"121\"><strong>1.305.300 FCFA<\/strong><\/td>\n<\/tr>\n<\/tbody>\n<\/table>\n<p>Siostra Miros\u0142awa Leszkowska, <a href=\"https:\/\/www.karmelitanki.pl\/\" target=\"_blank\" rel=\"noopener noreferrer\">Zgromadzenie Si\u00f3str od Anio\u0142\u00f3w<\/a><\/p>\n<p><b style=\"font-size: large; color: #ff0000;\">Kwota: 2.220 \u20ac <\/b><\/p>\n<p style=\"text-align: justify;\" align=\"JUSTIFY\"><span style=\"color: #808080;\">Stowarzyszenie Ruchu\u00a0<em>Maitri<\/em> przeznacza do 10% otrzymanych \u015brodk\u00f3w na koszty funkcjonowania biura i pozyskiwanie funduszy pomocowych. <\/span><\/p>\n<h2 style=\"text-align: justify;\" align=\"JUSTIFY\"><span style=\"color: #808080;\">Budowa domu dla podopiecznego Adopcji Medycznej z Esseng w Kamerunie<\/span><\/h2>\n","protected":false},"excerpt":{"rendered":"<p><strong>Projekt:<\/strong> Siostra Miros\u0142awa Leszkowska, <a href=\"https:\/\/www.karmelitanki.pl\/\" target=\"_blank\" rel=\"noopener noreferrer\">Zgromadzenie Si\u00f3str od Anio\u0142\u00f3w<\/a><br \/>\n<strong>Misja:<\/strong> Esseng, <a href=\"https:\/\/www.maitri.pl\/gdzie-pomagamy\/\" target=\"_blank\" rel=\"noopener noreferrer\">Kamerun<\/a><br \/>\n<strong>Kwota projektu:<\/strong> <span style=\"color: #ff0000;\"><strong>2.220 \u20ac<\/strong><\/span><\/p>\n","protected":false},"featured_media":24301,"template":"","meta":[],"product_brand":[],"product_cat":[656],"product_tag":[663,658,664],"class_list":{"0":"post-24293","1":"product","2":"type-product","3":"status-publish","4":"has-post-thumbnail","6":"product_cat-bez-kategorii","7":"product_tag-esseng","8":"product_tag-kamerun","9":"product_tag-siostra-miroslawa-leszkowska","11":"first","12":"instock","13":"virtual","14":"purchasable","15":"product-type-simple"},"yoast_head":"<!-- This site is optimized with the Yoast SEO plugin v27.2 - https:\/\/yoast.com\/product\/yoast-seo-wordpress\/ -->\n<title>Budowa domu dla podopiecznego Adopcji Medycznej z Esseng<\/title>\n<meta name=\"description\" content=\"Budowa domu dla podopiecznego Adopcji Medycznej z Esseng w Kamerunie. Dom pos\u0142u\u017cy trzem rodzinom. Pomoc zbieraj\u0105 Siostry od Anio\u0142\u00f3w.\" \/>\n<meta name=\"robots\" content=\"index, follow, max-snippet:-1, max-image-preview:large, max-video-preview:-1\" \/>\n<link rel=\"canonical\" href=\"https:\/\/www.maitri.pl\/projekt\/budowa-domu-esseng\/\" \/>\n<meta property=\"og:locale\" content=\"fr_FR\" \/>\n<meta property=\"og:type\" content=\"article\" \/>\n<meta property=\"og:title\" content=\"Budowa domu dla podopiecznego Adopcji Medycznej z Esseng\" \/>\n<meta property=\"og:description\" content=\"Budowa domu dla podopiecznego Adopcji Medycznej z Esseng w Kamerunie. Dom pos\u0142u\u017cy trzem rodzinom. Pomoc zbieraj\u0105 Siostry od Anio\u0142\u00f3w.\" \/>\n<meta property=\"og:url\" content=\"https:\/\/www.maitri.pl\/projekt\/budowa-domu-esseng\/\" \/>\n<meta property=\"og:site_name\" content=\"Ruch Maitri - Adopcja Serca pomoc Afryce\" \/>\n<meta property=\"article:publisher\" content=\"https:\/\/www.facebook.com\/MAITRI.Adopcja.Serca.dzieci.Afryki\/\" \/>\n<meta property=\"article:modified_time\" content=\"2024-02-07T11:50:55+00:00\" \/>\n<meta property=\"og:image\" content=\"https:\/\/www.maitri.pl\/wp-content\/uploads\/2022\/03\/149-aniol-4-WhatsApp-Image-2022-02-02-at-19.35.30.jpeg\" \/>\n\t<meta property=\"og:image:width\" content=\"1600\" \/>\n\t<meta property=\"og:image:height\" content=\"1200\" \/>\n\t<meta property=\"og:image:type\" content=\"image\/jpeg\" \/>\n<meta name=\"twitter:card\" content=\"summary_large_image\" \/>\n<meta name=\"twitter:label1\" content=\"Dur\u00e9e de lecture estim\u00e9e\" \/>\n\t<meta name=\"twitter:data1\" content=\"3 minutes\" \/>\n<script type=\"application\/ld+json\" class=\"yoast-schema-graph\">{\"@context\":\"https:\/\/schema.org\",\"@graph\":[{\"@type\":\"WebPage\",\"@id\":\"https:\/\/www.maitri.pl\/projekt\/budowa-domu-esseng\/\",\"url\":\"https:\/\/www.maitri.pl\/projekt\/budowa-domu-esseng\/\",\"name\":\"Budowa domu dla podopiecznego Adopcji Medycznej z Esseng\",\"isPartOf\":{\"@id\":\"https:\/\/www.maitri.pl\/#website\"},\"primaryImageOfPage\":{\"@id\":\"https:\/\/www.maitri.pl\/projekt\/budowa-domu-esseng\/#primaryimage\"},\"image\":{\"@id\":\"https:\/\/www.maitri.pl\/projekt\/budowa-domu-esseng\/#primaryimage\"},\"thumbnailUrl\":\"https:\/\/www.maitri.pl\/wp-content\/uploads\/2022\/03\/149-aniol-4-WhatsApp-Image-2022-02-02-at-19.35.30.jpeg\",\"datePublished\":\"2022-03-09T19:04:40+00:00\",\"dateModified\":\"2024-02-07T11:50:55+00:00\",\"description\":\"Budowa domu dla podopiecznego Adopcji Medycznej z Esseng w Kamerunie. Dom pos\u0142u\u017cy trzem rodzinom. Pomoc zbieraj\u0105 Siostry od Anio\u0142\u00f3w.\",\"breadcrumb\":{\"@id\":\"https:\/\/www.maitri.pl\/projekt\/budowa-domu-esseng\/#breadcrumb\"},\"inLanguage\":\"fr-FR\",\"potentialAction\":[{\"@type\":\"ReadAction\",\"target\":[\"https:\/\/www.maitri.pl\/projekt\/budowa-domu-esseng\/\"]}]},{\"@type\":\"ImageObject\",\"inLanguage\":\"fr-FR\",\"@id\":\"https:\/\/www.maitri.pl\/projekt\/budowa-domu-esseng\/#primaryimage\",\"url\":\"https:\/\/www.maitri.pl\/wp-content\/uploads\/2022\/03\/149-aniol-4-WhatsApp-Image-2022-02-02-at-19.35.30.jpeg\",\"contentUrl\":\"https:\/\/www.maitri.pl\/wp-content\/uploads\/2022\/03\/149-aniol-4-WhatsApp-Image-2022-02-02-at-19.35.30.jpeg\",\"width\":1600,\"height\":1200,\"caption\":\"budowa domu Ruch Maitri Adopcja Serca pomoc Afryce Siostry od Anio\u0142\u00f3w 01\"},{\"@type\":\"BreadcrumbList\",\"@id\":\"https:\/\/www.maitri.pl\/projekt\/budowa-domu-esseng\/#breadcrumb\",\"itemListElement\":[{\"@type\":\"ListItem\",\"position\":1,\"name\":\"Strona g\u0142\u00f3wna\",\"item\":\"https:\/\/www.maitri.pl\/\"},{\"@type\":\"ListItem\",\"position\":2,\"name\":\"Sklep\",\"item\":\"https:\/\/www.maitri.pl\/sklep\/\"},{\"@type\":\"ListItem\",\"position\":3,\"name\":\"Budowa domu dla podopiecznego Adopcji Medycznej z Esseng\"}]},{\"@type\":\"WebSite\",\"@id\":\"https:\/\/www.maitri.pl\/#website\",\"url\":\"https:\/\/www.maitri.pl\/\",\"name\":\"Adopcja Serca Maitri \u2013 pomoc dzieciom w Afryce\",\"description\":\"Adopcja Serca \u2013 adopcja na odleg\u0142o\u015b\u0107, pomoc Afryce, do\u017cywianie i edukacja w Afryce\",\"publisher\":{\"@id\":\"https:\/\/www.maitri.pl\/#organization\"},\"potentialAction\":[{\"@type\":\"SearchAction\",\"target\":{\"@type\":\"EntryPoint\",\"urlTemplate\":\"https:\/\/www.maitri.pl\/?s={search_term_string}\"},\"query-input\":{\"@type\":\"PropertyValueSpecification\",\"valueRequired\":true,\"valueName\":\"search_term_string\"}}],\"inLanguage\":\"fr-FR\"},{\"@type\":\"Organization\",\"@id\":\"https:\/\/www.maitri.pl\/#organization\",\"name\":\"Stowarzyszenie Ruchu Maitri\",\"url\":\"https:\/\/www.maitri.pl\/\",\"logo\":{\"@type\":\"ImageObject\",\"inLanguage\":\"fr-FR\",\"@id\":\"https:\/\/www.maitri.pl\/#\/schema\/logo\/image\/\",\"url\":\"https:\/\/www.maitri.pl\/wp-content\/uploads\/2020\/04\/duze_logo-81.png\",\"contentUrl\":\"https:\/\/www.maitri.pl\/wp-content\/uploads\/2020\/04\/duze_logo-81.png\",\"width\":339,\"height\":321,\"caption\":\"Stowarzyszenie Ruchu Maitri\"},\"image\":{\"@id\":\"https:\/\/www.maitri.pl\/#\/schema\/logo\/image\/\"},\"sameAs\":[\"https:\/\/www.facebook.com\/MAITRI.Adopcja.Serca.dzieci.Afryki\/\"]}]}<\/script>\n<!-- \/ Yoast SEO plugin. -->","yoast_head_json":{"title":"Budowa domu dla podopiecznego Adopcji Medycznej z Esseng","description":"Budowa domu dla podopiecznego Adopcji Medycznej z Esseng w Kamerunie. Dom pos\u0142u\u017cy trzem rodzinom. Pomoc zbieraj\u0105 Siostry od Anio\u0142\u00f3w.","robots":{"index":"index","follow":"follow","max-snippet":"max-snippet:-1","max-image-preview":"max-image-preview:large","max-video-preview":"max-video-preview:-1"},"canonical":"https:\/\/www.maitri.pl\/projekt\/budowa-domu-esseng\/","og_locale":"fr_FR","og_type":"article","og_title":"Budowa domu dla podopiecznego Adopcji Medycznej z Esseng","og_description":"Budowa domu dla podopiecznego Adopcji Medycznej z Esseng w Kamerunie. Dom pos\u0142u\u017cy trzem rodzinom. Pomoc zbieraj\u0105 Siostry od Anio\u0142\u00f3w.","og_url":"https:\/\/www.maitri.pl\/projekt\/budowa-domu-esseng\/","og_site_name":"Ruch Maitri - Adopcja Serca pomoc Afryce","article_publisher":"https:\/\/www.facebook.com\/MAITRI.Adopcja.Serca.dzieci.Afryki\/","article_modified_time":"2024-02-07T11:50:55+00:00","og_image":[{"width":1600,"height":1200,"url":"https:\/\/www.maitri.pl\/wp-content\/uploads\/2022\/03\/149-aniol-4-WhatsApp-Image-2022-02-02-at-19.35.30.jpeg","type":"image\/jpeg"}],"twitter_card":"summary_large_image","twitter_misc":{"Dur\u00e9e de lecture estim\u00e9e":"3 minutes"},"schema":{"@context":"https:\/\/schema.org","@graph":[{"@type":"WebPage","@id":"https:\/\/www.maitri.pl\/projekt\/budowa-domu-esseng\/","url":"https:\/\/www.maitri.pl\/projekt\/budowa-domu-esseng\/","name":"Budowa domu dla podopiecznego Adopcji Medycznej z Esseng","isPartOf":{"@id":"https:\/\/www.maitri.pl\/#website"},"primaryImageOfPage":{"@id":"https:\/\/www.maitri.pl\/projekt\/budowa-domu-esseng\/#primaryimage"},"image":{"@id":"https:\/\/www.maitri.pl\/projekt\/budowa-domu-esseng\/#primaryimage"},"thumbnailUrl":"https:\/\/www.maitri.pl\/wp-content\/uploads\/2022\/03\/149-aniol-4-WhatsApp-Image-2022-02-02-at-19.35.30.jpeg","datePublished":"2022-03-09T19:04:40+00:00","dateModified":"2024-02-07T11:50:55+00:00","description":"Budowa domu dla podopiecznego Adopcji Medycznej z Esseng w Kamerunie. Dom pos\u0142u\u017cy trzem rodzinom. Pomoc zbieraj\u0105 Siostry od Anio\u0142\u00f3w.","breadcrumb":{"@id":"https:\/\/www.maitri.pl\/projekt\/budowa-domu-esseng\/#breadcrumb"},"inLanguage":"fr-FR","potentialAction":[{"@type":"ReadAction","target":["https:\/\/www.maitri.pl\/projekt\/budowa-domu-esseng\/"]}]},{"@type":"ImageObject","inLanguage":"fr-FR","@id":"https:\/\/www.maitri.pl\/projekt\/budowa-domu-esseng\/#primaryimage","url":"https:\/\/www.maitri.pl\/wp-content\/uploads\/2022\/03\/149-aniol-4-WhatsApp-Image-2022-02-02-at-19.35.30.jpeg","contentUrl":"https:\/\/www.maitri.pl\/wp-content\/uploads\/2022\/03\/149-aniol-4-WhatsApp-Image-2022-02-02-at-19.35.30.jpeg","width":1600,"height":1200,"caption":"budowa domu Ruch Maitri Adopcja Serca pomoc Afryce Siostry od Anio\u0142\u00f3w 01"},{"@type":"BreadcrumbList","@id":"https:\/\/www.maitri.pl\/projekt\/budowa-domu-esseng\/#breadcrumb","itemListElement":[{"@type":"ListItem","position":1,"name":"Strona g\u0142\u00f3wna","item":"https:\/\/www.maitri.pl\/"},{"@type":"ListItem","position":2,"name":"Sklep","item":"https:\/\/www.maitri.pl\/sklep\/"},{"@type":"ListItem","position":3,"name":"Budowa domu dla podopiecznego Adopcji Medycznej z Esseng"}]},{"@type":"WebSite","@id":"https:\/\/www.maitri.pl\/#website","url":"https:\/\/www.maitri.pl\/","name":"Adopcja Serca Maitri \u2013 pomoc dzieciom w Afryce","description":"Adopcja Serca \u2013 adopcja na odleg\u0142o\u015b\u0107, pomoc Afryce, do\u017cywianie i edukacja w Afryce","publisher":{"@id":"https:\/\/www.maitri.pl\/#organization"},"potentialAction":[{"@type":"SearchAction","target":{"@type":"EntryPoint","urlTemplate":"https:\/\/www.maitri.pl\/?s={search_term_string}"},"query-input":{"@type":"PropertyValueSpecification","valueRequired":true,"valueName":"search_term_string"}}],"inLanguage":"fr-FR"},{"@type":"Organization","@id":"https:\/\/www.maitri.pl\/#organization","name":"Stowarzyszenie Ruchu Maitri","url":"https:\/\/www.maitri.pl\/","logo":{"@type":"ImageObject","inLanguage":"fr-FR","@id":"https:\/\/www.maitri.pl\/#\/schema\/logo\/image\/","url":"https:\/\/www.maitri.pl\/wp-content\/uploads\/2020\/04\/duze_logo-81.png","contentUrl":"https:\/\/www.maitri.pl\/wp-content\/uploads\/2020\/04\/duze_logo-81.png","width":339,"height":321,"caption":"Stowarzyszenie Ruchu Maitri"},"image":{"@id":"https:\/\/www.maitri.pl\/#\/schema\/logo\/image\/"},"sameAs":["https:\/\/www.facebook.com\/MAITRI.Adopcja.Serca.dzieci.Afryki\/"]}]}},"_links":{"self":[{"href":"https:\/\/www.maitri.pl\/fr\/wp-json\/wp\/v2\/product\/24293","targetHints":{"allow":["GET"]}}],"collection":[{"href":"https:\/\/www.maitri.pl\/fr\/wp-json\/wp\/v2\/product"}],"about":[{"href":"https:\/\/www.maitri.pl\/fr\/wp-json\/wp\/v2\/types\/product"}],"wp:featuredmedia":[{"embeddable":true,"href":"https:\/\/www.maitri.pl\/fr\/wp-json\/wp\/v2\/media\/24301"}],"wp:attachment":[{"href":"https:\/\/www.maitri.pl\/fr\/wp-json\/wp\/v2\/media?parent=24293"}],"wp:term":[{"taxonomy":"product_brand","embeddable":true,"href":"https:\/\/www.maitri.pl\/fr\/wp-json\/wp\/v2\/product_brand?post=24293"},{"taxonomy":"product_cat","embeddable":true,"href":"https:\/\/www.maitri.pl\/fr\/wp-json\/wp\/v2\/product_cat?post=24293"},{"taxonomy":"product_tag","embeddable":true,"href":"https:\/\/www.maitri.pl\/fr\/wp-json\/wp\/v2\/product_tag?post=24293"}],"curies":[{"name":"wp","href":"https:\/\/api.w.org\/{rel}","templated":true}]}}