{"id":24291,"date":"2022-03-11T21:38:39","date_gmt":"2022-03-11T20:38:39","guid":{"rendered":"https:\/\/www.maitri.pl\/?post_type=product&#038;p=24291"},"modified":"2023-02-10T12:17:08","modified_gmt":"2023-02-10T11:17:08","slug":"dozywianie-najbiedniejszych-nepal","status":"publish","type":"product","link":"https:\/\/www.maitri.pl\/fr\/projekt\/dozywianie-najbiedniejszych-nepal\/","title":{"rendered":"Do\u017cywianie najbiedniejszych dzieci z osady Kulekhani"},"content":{"rendered":"<h4>Z dala od cywilizacji<\/h4>\n<p>W 2020 roku <a href=\"https:\/\/www.maitri.pl\/\" target=\"_blank\" rel=\"noopener\">Ruch Maitri<\/a> wraz z Karunika Foundation rozpocz\u0119li nie\u015b\u0107 pomoc najubo\u017cszym dzieciom z miejscowo\u015bci Kulekhani w Nepalu. To ma\u0142a wioska, oddalona od jakiejkolwiek cywilizacji. Do\u017cywianie najbiedniejszych dzieci jest tam niezb\u0119dne. Lokalizacja ta jest bardzo odleg\u0142a, trzeba p\u0142yn\u0105\u0107 \u0142\u00f3dk\u0105 i wspina\u0107 si\u0119 ponad godzin\u0119 do osady. Mie\u015bci si\u0119 tam szko\u0142a. To bardzo biedny budynek, z podstawowym wyposa\u017ceniem, nieogrzewany. Dzieci z tej okolicy nie by\u0142y wcze\u015bniej wysy\u0142ane do szko\u0142y. Zastali\u015bmy tam praktycznie 100% analfabetyzm. Przed naszym programem zagl\u0105da\u0142o do szko\u0142y kilkoro dzieci. Obecnie wiedz\u0105c, \u017ce prowadzimy do\u017cywianie, dzieci przychodz\u0105 zewsz\u0105d, nawet je\u015bli musz\u0105 i\u015b\u0107 2 godziny do szko\u0142y. Obecnie mamy w tej szkole 100 dzieci!<\/p>\n<h4>Bez jedzenia, ciep\u0142ych ubra\u0144<\/h4>\n<p>Program jest bardzo potrzebny, gdy\u017c dzieci g\u0142oduj\u0105, cz\u0119sto w domu nie maj\u0105 ani jednego ciep\u0142ego posi\u0142ku dziennie ani ciep\u0142ych ubra\u0144. To dzieci najbiedniejsze z biednych. Dzi\u0119ki programowi s\u0105 wysy\u0142ane do szko\u0142y. Od tamtej pory s\u0105 bardziej radosne, ucz\u0105 si\u0119, spad\u0142a zachorowalno\u015b\u0107 oraz niedowaga. A to wszystko tylko po roku do\u017cywiania. Gdyby dzieci nie chodzi\u0142y do szko\u0142y, musia\u0142yby pracowa\u0107. Nawet ma\u0142e dziewczynki wydano by za m\u0105\u017c, by odci\u0105\u017cy\u0107 rodzin\u0119 od konieczno\u015bci \u017cywienia. Posi\u0142ek jest wi\u0119c dla nich ogromn\u0105 warto\u015bci\u0105, a dzieci kt\u00f3re jedz\u0105 nie wyobra\u017caj\u0105 sobie, \u017ce mo\u017ce by\u0107 inaczej. Na pocz\u0105tku dzieci by\u0142y ot\u0119pia\u0142e z g\u0142odu. Pierwsze posi\u0142ki jad\u0142y na stoj\u0105co, bior\u0105c po wiele dok\u0142adek. Musimy koniecznie kontynuowa\u0107 do\u017cywianie w szkole, nie mo\u017cna zaprzesta\u0107 tej akcji. Wesprzyjcie do\u017cywianie najbiedniejszych dzieci z Kulekhani!<\/p>\n<h4>Prosimy o wsparcie!<\/h4>\n<p>Zorganizowali\u015bmy do\u017cywianie tak, \u017ce dzieci jedz\u0105 na zewn\u0105trz, na podw\u00f3rku szkolnym. Zorganizowali\u015bmy drewniane deski do siedzenia podczas jedzenia. Posi\u0142ki gotowane s\u0105 rano przez kucharza. Wydawane ok godz. 13:00 przez kadr\u0119 nauczycieli.\u00a0 Okres trwania akcji od 01-12-2021 do 31-12-2022. W okresie zimowym dzieci marzn\u0105 na ko\u015b\u0107, bo w szkole nie ma ogrzewana. Ciep\u0142y posi\u0142ek to szansa na zdrowie. To pomoc na miar\u0119 dania \u017cycia, zdrowia, oraz edukacji dziecku, kt\u00f3re najbardziej tego potrzebuje. To wielki dar serca. Wszystkie dzieci wywodz\u0105 si\u0119 z najni\u017cszej kasty, \u017cyj\u0105 w skrajnym ub\u00f3stwie. Dzi\u015b a\u017c serce ro\u015bnie widz\u0105c jak zajadaj\u0105 posi\u0142ki, i wie si\u0119 \u017ce czyni si\u0119 dobro. Z tego programu korzysta\u0107 b\u0119d\u0105 ma\u0142e dzieci od przedszkola do klasy 6. Prosimy o wsparcie.<\/p>\n<p>Osoba odpowiedzialna: <em>Aleksandra\u00a0Kurnicka, <a href=\"https:\/\/www.facebook.com\/karunikatuitioncenterNEPAL\" target=\"_blank\" rel=\"noopener\">Karunika Foundation<\/a><\/em><\/p>\n<h4><strong>Kosztorys: <\/strong><\/h4>\n<p>zapewnienie ciep\u0142ego pe\u0142nowarto\u015bciowego posi\u0142ku (ry\u017c, soczewica, warzywa), kt\u00f3ry b\u0119dzie podawany w okresie od 01.12.2021 do 31.12.2022 (6 dni w tygodniu) to koszt:<\/p>\n<p><strong>45 NPR (waluta miejscowa) x 100 dzieci x 343 dni = 1.543.500 NPR<\/strong><\/p>\n<p><span style=\"color: #ff0000;\"><span style=\"font-size: large;\"><b>Wnioskowana kwota : 12.490 \u20ac<\/b><\/span><\/span><\/p>\n<p><span style=\"color: #999999;\">Stowarzyszenie Ruchu\u00a0<em>Maitri<\/em>\u00a0przeznacza do 10% otrzymanych \u015brodk\u00f3w na koszty funkcjonowania biura i pozyskiwanie funduszy pomocowych.<\/span><\/p>\n<h3><strong><span style=\"color: #999999;\">Do\u017cywianie najbiedniejszych dzieci z osady Kulekhani w Nepalu<\/span><\/strong><\/h3>\n<p>&nbsp;<\/p>\n<p>&nbsp;<\/p>\n","protected":false},"excerpt":{"rendered":"<p><strong>Projekt: <\/strong><em>Aleksandra<\/em><em>\u00a0Kurnicka, <a href=\"https:\/\/www.facebook.com\/karunikatuitioncenterNEPAL\" target=\"_blank\" rel=\"noopener\">Karunika Foundation<\/a><\/em><br \/>\n<strong>Miejsce:<\/strong> Kathmandu, <a href=\"https:\/\/www.maitri.pl\/gdzie-pomagamy\/\" target=\"_blank\" rel=\"noopener\">Nepal<\/a><br \/>\n<strong>Kwota projektu: <span style=\"color: #ff0000;\">12.490\u20ac<\/span><\/strong><br \/>\n<strong>Numer projektu<\/strong> <span style=\"color: #ff6600;\"><strong>24\/KRTC<\/strong><\/span><\/p>\n","protected":false},"featured_media":24664,"template":"","meta":[],"product_brand":[],"product_cat":[656],"product_tag":[670,676,928,672],"class_list":{"0":"post-24291","1":"product","2":"type-product","3":"status-publish","4":"has-post-thumbnail","6":"product_cat-bez-kategorii","7":"product_tag-aleksandra-kurnicka","8":"product_tag-dozywianie","9":"product_tag-karunika-foundation","10":"product_tag-nepal","12":"first","13":"instock","14":"virtual","15":"purchasable","16":"product-type-simple"},"yoast_head":"<!-- This site is optimized with the Yoast SEO plugin v27.2 - https:\/\/yoast.com\/product\/yoast-seo-wordpress\/ -->\n<title>Do\u017cywianie najbiedniejszych dzieci z osady Kulekhani<\/title>\n<meta name=\"description\" content=\"Do\u017cywianie najbiedniejszych dzieci z osady Kulekhani. Pom\u00f3\u017c nakarmi\u0107 100 uczni\u00f3w tamtejszej szko\u0142y. Podaruj im codzienny obiad!\" \/>\n<meta name=\"robots\" content=\"index, follow, max-snippet:-1, max-image-preview:large, max-video-preview:-1\" \/>\n<link rel=\"canonical\" href=\"https:\/\/www.maitri.pl\/projekt\/dozywianie-najbiedniejszych-nepal\/\" \/>\n<meta property=\"og:locale\" content=\"fr_FR\" \/>\n<meta property=\"og:type\" content=\"article\" \/>\n<meta property=\"og:title\" content=\"Do\u017cywianie najbiedniejszych dzieci z osady Kulekhani\" \/>\n<meta property=\"og:description\" content=\"Do\u017cywianie najbiedniejszych dzieci z osady Kulekhani. Pom\u00f3\u017c nakarmi\u0107 100 uczni\u00f3w tamtejszej szko\u0142y. Podaruj im codzienny obiad!\" \/>\n<meta property=\"og:url\" content=\"https:\/\/www.maitri.pl\/projekt\/dozywianie-najbiedniejszych-nepal\/\" \/>\n<meta property=\"og:site_name\" content=\"Ruch Maitri - Adopcja Serca pomoc Afryce\" \/>\n<meta property=\"article:publisher\" content=\"https:\/\/www.facebook.com\/MAITRI.Adopcja.Serca.dzieci.Afryki\/\" \/>\n<meta property=\"article:modified_time\" content=\"2023-02-10T11:17:08+00:00\" \/>\n<meta property=\"og:image\" content=\"https:\/\/www.maitri.pl\/wp-content\/uploads\/2022\/03\/24-kartc-dozywianie.jpg\" \/>\n\t<meta property=\"og:image:width\" content=\"611\" \/>\n\t<meta property=\"og:image:height\" content=\"623\" \/>\n\t<meta property=\"og:image:type\" content=\"image\/jpeg\" \/>\n<meta name=\"twitter:card\" content=\"summary_large_image\" \/>\n<meta name=\"twitter:label1\" content=\"Dur\u00e9e de lecture estim\u00e9e\" \/>\n\t<meta name=\"twitter:data1\" content=\"3 minutes\" \/>\n<script type=\"application\/ld+json\" class=\"yoast-schema-graph\">{\"@context\":\"https:\/\/schema.org\",\"@graph\":[{\"@type\":\"WebPage\",\"@id\":\"https:\/\/www.maitri.pl\/projekt\/dozywianie-najbiedniejszych-nepal\/\",\"url\":\"https:\/\/www.maitri.pl\/projekt\/dozywianie-najbiedniejszych-nepal\/\",\"name\":\"Do\u017cywianie najbiedniejszych dzieci z osady Kulekhani\",\"isPartOf\":{\"@id\":\"https:\/\/www.maitri.pl\/#website\"},\"primaryImageOfPage\":{\"@id\":\"https:\/\/www.maitri.pl\/projekt\/dozywianie-najbiedniejszych-nepal\/#primaryimage\"},\"image\":{\"@id\":\"https:\/\/www.maitri.pl\/projekt\/dozywianie-najbiedniejszych-nepal\/#primaryimage\"},\"thumbnailUrl\":\"https:\/\/www.maitri.pl\/wp-content\/uploads\/2022\/03\/24-kartc-dozywianie.jpg\",\"datePublished\":\"2022-03-11T20:38:39+00:00\",\"dateModified\":\"2023-02-10T11:17:08+00:00\",\"description\":\"Do\u017cywianie najbiedniejszych dzieci z osady Kulekhani. Pom\u00f3\u017c nakarmi\u0107 100 uczni\u00f3w tamtejszej szko\u0142y. Podaruj im codzienny obiad!\",\"breadcrumb\":{\"@id\":\"https:\/\/www.maitri.pl\/projekt\/dozywianie-najbiedniejszych-nepal\/#breadcrumb\"},\"inLanguage\":\"fr-FR\",\"potentialAction\":[{\"@type\":\"ReadAction\",\"target\":[\"https:\/\/www.maitri.pl\/projekt\/dozywianie-najbiedniejszych-nepal\/\"]}]},{\"@type\":\"ImageObject\",\"inLanguage\":\"fr-FR\",\"@id\":\"https:\/\/www.maitri.pl\/projekt\/dozywianie-najbiedniejszych-nepal\/#primaryimage\",\"url\":\"https:\/\/www.maitri.pl\/wp-content\/uploads\/2022\/03\/24-kartc-dozywianie.jpg\",\"contentUrl\":\"https:\/\/www.maitri.pl\/wp-content\/uploads\/2022\/03\/24-kartc-dozywianie.jpg\",\"width\":611,\"height\":623,\"caption\":\"do\u017cywianie najbiedniejszych dzieci Nepal Ruch Maitri Adopcja Serca 01 1\"},{\"@type\":\"BreadcrumbList\",\"@id\":\"https:\/\/www.maitri.pl\/projekt\/dozywianie-najbiedniejszych-nepal\/#breadcrumb\",\"itemListElement\":[{\"@type\":\"ListItem\",\"position\":1,\"name\":\"Strona g\u0142\u00f3wna\",\"item\":\"https:\/\/www.maitri.pl\/\"},{\"@type\":\"ListItem\",\"position\":2,\"name\":\"Sklep\",\"item\":\"https:\/\/www.maitri.pl\/sklep\/\"},{\"@type\":\"ListItem\",\"position\":3,\"name\":\"Do\u017cywianie najbiedniejszych dzieci z osady Kulekhani\"}]},{\"@type\":\"WebSite\",\"@id\":\"https:\/\/www.maitri.pl\/#website\",\"url\":\"https:\/\/www.maitri.pl\/\",\"name\":\"Adopcja Serca Maitri \u2013 pomoc dzieciom w Afryce\",\"description\":\"Adopcja Serca \u2013 adopcja na odleg\u0142o\u015b\u0107, pomoc Afryce, do\u017cywianie i edukacja w Afryce\",\"publisher\":{\"@id\":\"https:\/\/www.maitri.pl\/#organization\"},\"potentialAction\":[{\"@type\":\"SearchAction\",\"target\":{\"@type\":\"EntryPoint\",\"urlTemplate\":\"https:\/\/www.maitri.pl\/?s={search_term_string}\"},\"query-input\":{\"@type\":\"PropertyValueSpecification\",\"valueRequired\":true,\"valueName\":\"search_term_string\"}}],\"inLanguage\":\"fr-FR\"},{\"@type\":\"Organization\",\"@id\":\"https:\/\/www.maitri.pl\/#organization\",\"name\":\"Stowarzyszenie Ruchu Maitri\",\"url\":\"https:\/\/www.maitri.pl\/\",\"logo\":{\"@type\":\"ImageObject\",\"inLanguage\":\"fr-FR\",\"@id\":\"https:\/\/www.maitri.pl\/#\/schema\/logo\/image\/\",\"url\":\"https:\/\/www.maitri.pl\/wp-content\/uploads\/2020\/04\/duze_logo-81.png\",\"contentUrl\":\"https:\/\/www.maitri.pl\/wp-content\/uploads\/2020\/04\/duze_logo-81.png\",\"width\":339,\"height\":321,\"caption\":\"Stowarzyszenie Ruchu Maitri\"},\"image\":{\"@id\":\"https:\/\/www.maitri.pl\/#\/schema\/logo\/image\/\"},\"sameAs\":[\"https:\/\/www.facebook.com\/MAITRI.Adopcja.Serca.dzieci.Afryki\/\"]}]}<\/script>\n<!-- \/ Yoast SEO plugin. -->","yoast_head_json":{"title":"Do\u017cywianie najbiedniejszych dzieci z osady Kulekhani","description":"Do\u017cywianie najbiedniejszych dzieci z osady Kulekhani. Pom\u00f3\u017c nakarmi\u0107 100 uczni\u00f3w tamtejszej szko\u0142y. Podaruj im codzienny obiad!","robots":{"index":"index","follow":"follow","max-snippet":"max-snippet:-1","max-image-preview":"max-image-preview:large","max-video-preview":"max-video-preview:-1"},"canonical":"https:\/\/www.maitri.pl\/projekt\/dozywianie-najbiedniejszych-nepal\/","og_locale":"fr_FR","og_type":"article","og_title":"Do\u017cywianie najbiedniejszych dzieci z osady Kulekhani","og_description":"Do\u017cywianie najbiedniejszych dzieci z osady Kulekhani. Pom\u00f3\u017c nakarmi\u0107 100 uczni\u00f3w tamtejszej szko\u0142y. Podaruj im codzienny obiad!","og_url":"https:\/\/www.maitri.pl\/projekt\/dozywianie-najbiedniejszych-nepal\/","og_site_name":"Ruch Maitri - Adopcja Serca pomoc Afryce","article_publisher":"https:\/\/www.facebook.com\/MAITRI.Adopcja.Serca.dzieci.Afryki\/","article_modified_time":"2023-02-10T11:17:08+00:00","og_image":[{"width":611,"height":623,"url":"https:\/\/www.maitri.pl\/wp-content\/uploads\/2022\/03\/24-kartc-dozywianie.jpg","type":"image\/jpeg"}],"twitter_card":"summary_large_image","twitter_misc":{"Dur\u00e9e de lecture estim\u00e9e":"3 minutes"},"schema":{"@context":"https:\/\/schema.org","@graph":[{"@type":"WebPage","@id":"https:\/\/www.maitri.pl\/projekt\/dozywianie-najbiedniejszych-nepal\/","url":"https:\/\/www.maitri.pl\/projekt\/dozywianie-najbiedniejszych-nepal\/","name":"Do\u017cywianie najbiedniejszych dzieci z osady Kulekhani","isPartOf":{"@id":"https:\/\/www.maitri.pl\/#website"},"primaryImageOfPage":{"@id":"https:\/\/www.maitri.pl\/projekt\/dozywianie-najbiedniejszych-nepal\/#primaryimage"},"image":{"@id":"https:\/\/www.maitri.pl\/projekt\/dozywianie-najbiedniejszych-nepal\/#primaryimage"},"thumbnailUrl":"https:\/\/www.maitri.pl\/wp-content\/uploads\/2022\/03\/24-kartc-dozywianie.jpg","datePublished":"2022-03-11T20:38:39+00:00","dateModified":"2023-02-10T11:17:08+00:00","description":"Do\u017cywianie najbiedniejszych dzieci z osady Kulekhani. Pom\u00f3\u017c nakarmi\u0107 100 uczni\u00f3w tamtejszej szko\u0142y. Podaruj im codzienny obiad!","breadcrumb":{"@id":"https:\/\/www.maitri.pl\/projekt\/dozywianie-najbiedniejszych-nepal\/#breadcrumb"},"inLanguage":"fr-FR","potentialAction":[{"@type":"ReadAction","target":["https:\/\/www.maitri.pl\/projekt\/dozywianie-najbiedniejszych-nepal\/"]}]},{"@type":"ImageObject","inLanguage":"fr-FR","@id":"https:\/\/www.maitri.pl\/projekt\/dozywianie-najbiedniejszych-nepal\/#primaryimage","url":"https:\/\/www.maitri.pl\/wp-content\/uploads\/2022\/03\/24-kartc-dozywianie.jpg","contentUrl":"https:\/\/www.maitri.pl\/wp-content\/uploads\/2022\/03\/24-kartc-dozywianie.jpg","width":611,"height":623,"caption":"do\u017cywianie najbiedniejszych dzieci Nepal Ruch Maitri Adopcja Serca 01 1"},{"@type":"BreadcrumbList","@id":"https:\/\/www.maitri.pl\/projekt\/dozywianie-najbiedniejszych-nepal\/#breadcrumb","itemListElement":[{"@type":"ListItem","position":1,"name":"Strona g\u0142\u00f3wna","item":"https:\/\/www.maitri.pl\/"},{"@type":"ListItem","position":2,"name":"Sklep","item":"https:\/\/www.maitri.pl\/sklep\/"},{"@type":"ListItem","position":3,"name":"Do\u017cywianie najbiedniejszych dzieci z osady Kulekhani"}]},{"@type":"WebSite","@id":"https:\/\/www.maitri.pl\/#website","url":"https:\/\/www.maitri.pl\/","name":"Adopcja Serca Maitri \u2013 pomoc dzieciom w Afryce","description":"Adopcja Serca \u2013 adopcja na odleg\u0142o\u015b\u0107, pomoc Afryce, do\u017cywianie i edukacja w Afryce","publisher":{"@id":"https:\/\/www.maitri.pl\/#organization"},"potentialAction":[{"@type":"SearchAction","target":{"@type":"EntryPoint","urlTemplate":"https:\/\/www.maitri.pl\/?s={search_term_string}"},"query-input":{"@type":"PropertyValueSpecification","valueRequired":true,"valueName":"search_term_string"}}],"inLanguage":"fr-FR"},{"@type":"Organization","@id":"https:\/\/www.maitri.pl\/#organization","name":"Stowarzyszenie Ruchu Maitri","url":"https:\/\/www.maitri.pl\/","logo":{"@type":"ImageObject","inLanguage":"fr-FR","@id":"https:\/\/www.maitri.pl\/#\/schema\/logo\/image\/","url":"https:\/\/www.maitri.pl\/wp-content\/uploads\/2020\/04\/duze_logo-81.png","contentUrl":"https:\/\/www.maitri.pl\/wp-content\/uploads\/2020\/04\/duze_logo-81.png","width":339,"height":321,"caption":"Stowarzyszenie Ruchu Maitri"},"image":{"@id":"https:\/\/www.maitri.pl\/#\/schema\/logo\/image\/"},"sameAs":["https:\/\/www.facebook.com\/MAITRI.Adopcja.Serca.dzieci.Afryki\/"]}]}},"_links":{"self":[{"href":"https:\/\/www.maitri.pl\/fr\/wp-json\/wp\/v2\/product\/24291","targetHints":{"allow":["GET"]}}],"collection":[{"href":"https:\/\/www.maitri.pl\/fr\/wp-json\/wp\/v2\/product"}],"about":[{"href":"https:\/\/www.maitri.pl\/fr\/wp-json\/wp\/v2\/types\/product"}],"wp:featuredmedia":[{"embeddable":true,"href":"https:\/\/www.maitri.pl\/fr\/wp-json\/wp\/v2\/media\/24664"}],"wp:attachment":[{"href":"https:\/\/www.maitri.pl\/fr\/wp-json\/wp\/v2\/media?parent=24291"}],"wp:term":[{"taxonomy":"product_brand","embeddable":true,"href":"https:\/\/www.maitri.pl\/fr\/wp-json\/wp\/v2\/product_brand?post=24291"},{"taxonomy":"product_cat","embeddable":true,"href":"https:\/\/www.maitri.pl\/fr\/wp-json\/wp\/v2\/product_cat?post=24291"},{"taxonomy":"product_tag","embeddable":true,"href":"https:\/\/www.maitri.pl\/fr\/wp-json\/wp\/v2\/product_tag?post=24291"}],"curies":[{"name":"wp","href":"https:\/\/api.w.org\/{rel}","templated":true}]}}