{"id":24205,"date":"2022-02-21T11:59:29","date_gmt":"2022-02-21T10:59:29","guid":{"rendered":"https:\/\/www.maitri.pl\/?post_type=product&#038;p=24205"},"modified":"2023-02-10T12:17:27","modified_gmt":"2023-02-10T11:17:27","slug":"ceny-lekow-rosna-pomoz-chorym","status":"publish","type":"product","link":"https:\/\/www.maitri.pl\/fr\/projekt\/ceny-lekow-rosna-pomoz-chorym\/","title":{"rendered":"Ceny lek\u00f3w rosn\u0105, musimy pom\u00f3c kupi\u0107 leki chorym z Buraniro"},"content":{"rendered":"<h4>Coraz potworniejsza bieda<\/h4>\n<p>Przez ostatni rok nasz kraj zubo\u017ca\u0142 jeszcze bardziej. Sytuacja finansowa ludzi nie uleg\u0142a poprawie, a wr\u0119cz przeciwnie. Ludzie s\u0105 coraz biedniejsi, zw\u0142aszcza na wsiach. Wida\u0107 to wyra\u017anie po ubiorach i wygl\u0105dzie zewn\u0119trznym. Ludzie s\u0105 coraz bardziej chudzi i cz\u0119sto prosz\u0105 o darmowe leczenie lub za prac\u0119, a tak\u017ce o jedzenie, m\u00f3wi\u0105c \u017ce s\u0105 g\u0142odni.\u00a0 To nie przesada, tylko prawda , kt\u00f3ra porusza serce. Ceny lek\u00f3w rosn\u0105, a chorych przybywa. Chcemy pom\u00f3c ka\u017cdemu, ale brakuje nam \u015brodk\u00f3w, aby kupi\u0107 medykamenty do O\u015brodka Zdrowia w Buraniro.<\/p>\n<h4>Dni\u00f3wka pracy za 0,5 euro<\/h4>\n<p>Warto\u015b\u0107 waluty ci\u0105gle maleje. Chorzy nie zawsze s\u0105 w stanie zap\u0142aci\u0107 za podstawowe leczenie. Wprawdzie malaria jest prawie opanowana przez ostatnie 2 lata, gdy\u017c zosta\u0142y rozdane moskitiery, ale nadal najbardziej potrzebuj\u0105cy to ci, kt\u00f3rzy wymagaj\u0105 leczenia w szpitalu. Faktury dochodz\u0105 w\u00f3wczas do 30 tys. frank\u00f3w burundyjskich i wi\u0119cej. Leczenie ambulatoryjne \u015brednio kosztuje 5 do 5,5 tys. frank\u00f3w burundyjskich, a dni\u00f3wka pracy czy kilogram fasoli 1800 frank\u00f3w burundyjskich, czyli ok. 0,5 euro. Ludzie niedo\u017cywieni cz\u0119\u015bciej zapadaj\u0105 na choroby spo\u0142eczne, jak gru\u017alica czy cz\u0119ste przezi\u0119bienia. Ostatnio r\u00f3wnie\u017c na Covid-19, cho\u0107 to tylko podejrzenia, bo trudno o testy. Choroby zmniejszaj\u0105 odporno\u015b\u0107 i s\u0105 przyczyn\u0105 wielu komplikacji jak problemy p\u0142ucne lub cukrzyca.<\/p>\n<p><strong>Chcemy pom\u00f3c ponad 3 tys. chorych<\/strong><\/p>\n<p>Niestety nie mo\u017cemy pom\u00f3c wszystkim chorym, ale chcieliby\u015bmy wesprze\u0107 chocia\u017c tych najbardziej potrzebuj\u0105cych. W ubieg\u0142ym roku z opieki szpitalnej skorzysta\u0142o og\u00f3\u0142em 8390 os\u00f3b. W 70% byli to chorzy na zapalenie g\u00f3rnych i dolnych dr\u00f3g oddechowych, Covid-19, malari\u0119, gru\u017alic\u0119 oraz biegunki, na kt\u00f3re cierpia\u0142y zw\u0142aszcza dzieci do lat 5. Ceny lek\u00f3w rosn\u0105, a musimy kupi\u0107 medykamenty naszym chorym. Prosz\u0119 o wsparcie darczy\u0144c\u00f3w Ruchu Maitri. <a href=\"https:\/\/www.maitri.pl\/projekty-pomocowe\/\" target=\"_blank\" rel=\"noopener\">Pomoc finansowa<\/a> z Polski pozwoli na zakup potrzebnych lek\u00f3w dla O\u015brodka Zdrowia w Buraniro na rok 2022. Z wnioskowanej sumy przewiduj\u0119 obj\u0119cie pomoc\u0105 ok. 3250 chorych przez okres 12 miesi\u0119cy. Za ka\u017cdy gest \u017cyczliwo\u015bci w imieniu chorych m\u00f3wimy B\u00f3g Zap\u0142a\u0107. W duchu wdzi\u0119czno\u015bci kilka razy w ci\u0105gu roku w kaplicy szpitalnej jest odprawiana Msza \u015bw. za dobrodziej\u00f3w z Polski.<\/p>\n<h4><strong>Kosztorys:<\/strong><\/h4>\n<table>\n<tbody>\n<tr>\n<td width=\"42\"><strong>LP<\/strong><\/td>\n<td width=\"221\"><strong>Opis<\/strong><\/td>\n<td width=\"132\"><strong>ilo\u015b\u0107<\/strong><\/td>\n<td width=\"132\"><strong>Cena w miejscowej walucie<\/strong><\/td>\n<td width=\"132\"><strong>Kwota w miejscowej walucie<\/strong><\/td>\n<\/tr>\n<tr>\n<td width=\"42\"><\/td>\n<td width=\"221\">Doxycycline 100mg<\/td>\n<td width=\"132\">20bt x1000 ces<\/td>\n<td width=\"132\">75.000<\/td>\n<td width=\"132\">1.500.000<\/td>\n<\/tr>\n<tr>\n<td width=\"42\"><\/td>\n<td width=\"221\">Amoxyciline\u00a0 500mg gel<\/td>\n<td width=\"132\">30 bt x 1000gel<\/td>\n<td width=\"132\">75.000<\/td>\n<td width=\"132\">2.250.000<\/td>\n<\/tr>\n<tr>\n<td width=\"42\"><\/td>\n<td width=\"221\">Qunine inj 500 mg<\/td>\n<td width=\"132\">30 bt x 100amp<\/td>\n<td width=\"132\">1.200<\/td>\n<td width=\"132\">3.600.000<\/td>\n<\/tr>\n<tr>\n<td width=\"42\"><\/td>\n<td width=\"221\">Hydrocortison 100mg inj<\/td>\n<td width=\"132\">300 amp<\/td>\n<td width=\"132\">1.000<\/td>\n<td width=\"132\">300.000<\/td>\n<\/tr>\n<tr>\n<td width=\"42\"><\/td>\n<td width=\"221\">Prometazine 25mg<\/td>\n<td width=\"132\">10bt x 1000ces<\/td>\n<td width=\"132\">20.500<\/td>\n<td width=\"132\">205.000<\/td>\n<\/tr>\n<tr>\n<td width=\"42\"><\/td>\n<td width=\"221\">Mebendazole\u00a0 100mg<\/td>\n<td width=\"132\">40 bts x1000 ces<\/td>\n<td width=\"132\">22.000<\/td>\n<td width=\"132\">880.000<\/p>\n<p>&nbsp;<\/td>\n<\/tr>\n<tr>\n<td width=\"42\"><\/td>\n<td width=\"221\">Qunine 500 mg<\/td>\n<td width=\"132\">10bt x (10 x 100)<\/td>\n<td width=\"132\">22.000<\/td>\n<td width=\"132\">2.200.000<\/td>\n<\/tr>\n<tr>\n<td width=\"42\"><\/td>\n<td width=\"221\">Metronidazole inj<\/td>\n<td width=\"132\">\u00a0500 fl<\/td>\n<td width=\"132\">1.000<\/td>\n<td width=\"132\">500.000<\/td>\n<\/tr>\n<tr>\n<td width=\"42\"><\/td>\n<td width=\"221\">Cetrjaxone 1g inj<\/td>\n<td width=\"132\">2000 amp<\/td>\n<td width=\"132\">1.000<\/td>\n<td width=\"132\">2.000.000<\/p>\n<p>&nbsp;<\/td>\n<\/tr>\n<tr>\n<td width=\"42\"><\/td>\n<td width=\"221\">Extanciline 2,4Mega<\/td>\n<td width=\"132\">1.200 fl<\/td>\n<td width=\"132\">1.000<\/td>\n<td width=\"132\">1.200.000<\/td>\n<\/tr>\n<tr>\n<td width=\"42\"><\/td>\n<td width=\"221\">Metronidazole 250mg<\/td>\n<td width=\"132\">50 bt 1000ces<\/td>\n<td width=\"132\">25.000<\/td>\n<td width=\"132\">1.250.000<\/p>\n<p>&nbsp;<\/td>\n<\/tr>\n<tr>\n<td width=\"42\"><\/td>\n<td width=\"221\">Penciiline 250 mg<\/td>\n<td width=\"132\">20bt x 1000ces<\/td>\n<td width=\"132\">65.000<\/td>\n<td width=\"132\">1.300.000<\/td>\n<\/tr>\n<tr>\n<td width=\"42\"><\/td>\n<td width=\"221\">Amoxyciline 250mg sirop<\/td>\n<td width=\"132\">500fl<\/td>\n<td width=\"132\">1.500<\/td>\n<td width=\"132\">750.000<\/td>\n<\/tr>\n<tr>\n<td width=\"42\"><\/td>\n<td width=\"221\">Bactrime 240mg sirop<\/td>\n<td width=\"132\">500fl<\/td>\n<td width=\"132\">1.200<\/td>\n<td width=\"132\">600.000<\/td>\n<\/tr>\n<tr>\n<td width=\"42\"><\/td>\n<td width=\"221\">Paracetamol 100mg sirop<\/td>\n<td width=\"132\">500fl<\/td>\n<td width=\"132\">900<\/td>\n<td width=\"132\">450.000<\/td>\n<\/tr>\n<tr>\n<td width=\"42\"><strong>\u00a0<\/strong><\/td>\n<td colspan=\"2\" width=\"353\"><strong>PODSUMOWANIE w walucie miejscowej<\/strong><\/td>\n<td width=\"132\"><strong>\u00a0<\/strong><\/td>\n<td width=\"132\"><strong>18.985.000<\/strong><\/p>\n<p><strong>frank\u00f3w<\/strong><\/p>\n<p><strong>burundyjskich<\/strong><\/p>\n<p><strong>\u00a0<\/strong><\/td>\n<\/tr>\n<\/tbody>\n<\/table>\n<p><em>Siostra Janina Zakrzewska<\/em>, <a href=\"http:\/\/kanoniczki.pl\/index.php\/pojdz-za-mna\/moje-powolanie\/260-jestem-afrykanka\"> Zgromadzenie Si\u00f3str Kanoniczek Ducha \u015awi\u0119tego de Saxia<\/a>, misja Buraniro, Burundi<\/p>\n<p style=\"text-align: justify;\" align=\"JUSTIFY\"><span style=\"color: #ff0000;\"><span style=\"font-size: large;\"><b>Kwota projektu: 6030 \u20ac<br \/>\n<\/b><\/span><\/span><\/p>\n<p style=\"text-align: justify;\"><strong>Numer projektu: 204\/DUCHA<\/strong><\/p>\n<p style=\"text-align: justify;\" align=\"JUSTIFY\"><span style=\"color: #808080;\">Stowarzyszenie Ruchu\u00a0<em>Maitri<\/em>\u00a0przeznacza do 10% otrzymanych \u015brodk\u00f3w na koszty funkcjonowania biura i pozyskiwanie funduszy pomocowych.<\/span><\/p>\n<h3 style=\"text-align: justify;\" align=\"JUSTIFY\"><span style=\"color: #808080;\">Ceny lek\u00f3w rosn\u0105, musimy pom\u00f3c kupi\u0107 leki chorym z Buraniro w Burundi. O pomoc prosz\u0105 Siostry Kanoniczki.<\/span><\/h3>\n","protected":false},"excerpt":{"rendered":"<p><strong>Projekt:<\/strong> <em>s. Janina Zakrzewska<\/em>, <a href=\"http:\/\/kanoniczki.pl\/index.php\/pojdz-za-mna\/moje-powolanie\/260-jestem-afrykanka\"> Zgromadzenie Si\u00f3str Kanoniczek Ducha \u015awi\u0119tego de Saxia<\/a><br \/>\n<strong>Misja:<\/strong> Buraniro, <a href=\"https:\/\/www.maitri.pl\/gdzie-pomagamy\/\" target=\"_blank\" rel=\"noopener noreferrer\">Burundi<\/a><br \/>\n<strong>Zbierana kwota: <span style=\"color: #ff0000;\">6030 \u20ac<\/span><\/strong><\/p>\n","protected":false},"featured_media":24246,"template":"","meta":[],"product_brand":[],"product_cat":[656],"product_tag":[666,667,854,845],"class_list":{"0":"post-24205","1":"product","2":"type-product","3":"status-publish","4":"has-post-thumbnail","6":"product_cat-bez-kategorii","7":"product_tag-buraniro","8":"product_tag-burundi","9":"product_tag-siostra-janina-zakrzewska","10":"product_tag-zgromadzenie-siostr-kanoniczek-ducha-swietego","12":"first","13":"instock","14":"virtual","15":"purchasable","16":"product-type-simple"},"yoast_head":"<!-- This site is optimized with the Yoast SEO plugin v27.2 - https:\/\/yoast.com\/product\/yoast-seo-wordpress\/ -->\n<title>Ceny lek\u00f3w rosn\u0105, musimy pom\u00f3c kupi\u0107 leki chorym z Buraniro!<\/title>\n<meta name=\"description\" content=\"Ceny lek\u00f3w rosn\u0105, musimy pom\u00f3c kupi\u0107 leki chorym z Buraniro w Burundi. O pomoc prosz\u0105 Siostry Kanoniczki Ducha \u015aw.\" \/>\n<meta name=\"robots\" content=\"index, follow, max-snippet:-1, max-image-preview:large, max-video-preview:-1\" \/>\n<link rel=\"canonical\" href=\"https:\/\/www.maitri.pl\/projekt\/ceny-lekow-rosna-pomoz-chorym\/\" \/>\n<meta property=\"og:locale\" content=\"fr_FR\" \/>\n<meta property=\"og:type\" content=\"article\" \/>\n<meta property=\"og:title\" content=\"Ceny lek\u00f3w rosn\u0105, musimy pom\u00f3c kupi\u0107 leki chorym z Buraniro!\" \/>\n<meta property=\"og:description\" content=\"Ceny lek\u00f3w rosn\u0105, musimy pom\u00f3c kupi\u0107 leki chorym z Buraniro w Burundi. O pomoc prosz\u0105 Siostry Kanoniczki Ducha \u015aw.\" \/>\n<meta property=\"og:url\" content=\"https:\/\/www.maitri.pl\/projekt\/ceny-lekow-rosna-pomoz-chorym\/\" \/>\n<meta property=\"og:site_name\" content=\"Ruch Maitri - Adopcja Serca pomoc Afryce\" \/>\n<meta property=\"article:publisher\" content=\"https:\/\/www.facebook.com\/MAITRI.Adopcja.Serca.dzieci.Afryki\/\" \/>\n<meta property=\"article:modified_time\" content=\"2023-02-10T11:17:27+00:00\" \/>\n<meta property=\"og:image\" content=\"https:\/\/www.maitri.pl\/wp-content\/uploads\/2022\/02\/burani-2.jpg\" \/>\n\t<meta property=\"og:image:width\" content=\"2000\" \/>\n\t<meta property=\"og:image:height\" content=\"1500\" \/>\n\t<meta property=\"og:image:type\" content=\"image\/jpeg\" \/>\n<meta name=\"twitter:card\" content=\"summary_large_image\" \/>\n<meta name=\"twitter:label1\" content=\"Dur\u00e9e de lecture estim\u00e9e\" \/>\n\t<meta name=\"twitter:data1\" content=\"4 minutes\" \/>\n<script type=\"application\/ld+json\" class=\"yoast-schema-graph\">{\"@context\":\"https:\/\/schema.org\",\"@graph\":[{\"@type\":\"WebPage\",\"@id\":\"https:\/\/www.maitri.pl\/projekt\/ceny-lekow-rosna-pomoz-chorym\/\",\"url\":\"https:\/\/www.maitri.pl\/projekt\/ceny-lekow-rosna-pomoz-chorym\/\",\"name\":\"Ceny lek\u00f3w rosn\u0105, musimy pom\u00f3c kupi\u0107 leki chorym z Buraniro!\",\"isPartOf\":{\"@id\":\"https:\/\/www.maitri.pl\/#website\"},\"primaryImageOfPage\":{\"@id\":\"https:\/\/www.maitri.pl\/projekt\/ceny-lekow-rosna-pomoz-chorym\/#primaryimage\"},\"image\":{\"@id\":\"https:\/\/www.maitri.pl\/projekt\/ceny-lekow-rosna-pomoz-chorym\/#primaryimage\"},\"thumbnailUrl\":\"https:\/\/www.maitri.pl\/wp-content\/uploads\/2022\/02\/burani-2.jpg\",\"datePublished\":\"2022-02-21T10:59:29+00:00\",\"dateModified\":\"2023-02-10T11:17:27+00:00\",\"description\":\"Ceny lek\u00f3w rosn\u0105, musimy pom\u00f3c kupi\u0107 leki chorym z Buraniro w Burundi. O pomoc prosz\u0105 Siostry Kanoniczki Ducha \u015aw.\",\"breadcrumb\":{\"@id\":\"https:\/\/www.maitri.pl\/projekt\/ceny-lekow-rosna-pomoz-chorym\/#breadcrumb\"},\"inLanguage\":\"fr-FR\",\"potentialAction\":[{\"@type\":\"ReadAction\",\"target\":[\"https:\/\/www.maitri.pl\/projekt\/ceny-lekow-rosna-pomoz-chorym\/\"]}]},{\"@type\":\"ImageObject\",\"inLanguage\":\"fr-FR\",\"@id\":\"https:\/\/www.maitri.pl\/projekt\/ceny-lekow-rosna-pomoz-chorym\/#primaryimage\",\"url\":\"https:\/\/www.maitri.pl\/wp-content\/uploads\/2022\/02\/burani-2.jpg\",\"contentUrl\":\"https:\/\/www.maitri.pl\/wp-content\/uploads\/2022\/02\/burani-2.jpg\",\"width\":2000,\"height\":1500,\"caption\":\"ceny lek\u00f3w pomoc ubogim Pomoc Afryce dzieci Afryki Ruch Maitri Adocpja Serca dzieci do obiad dla uczni\u00f3w Koudadeng Pomoc Afryce dzieci Afryki Ruch Maitri Adopcja Serca dzieci do Adopcji 01\"},{\"@type\":\"BreadcrumbList\",\"@id\":\"https:\/\/www.maitri.pl\/projekt\/ceny-lekow-rosna-pomoz-chorym\/#breadcrumb\",\"itemListElement\":[{\"@type\":\"ListItem\",\"position\":1,\"name\":\"Strona g\u0142\u00f3wna\",\"item\":\"https:\/\/www.maitri.pl\/\"},{\"@type\":\"ListItem\",\"position\":2,\"name\":\"Sklep\",\"item\":\"https:\/\/www.maitri.pl\/sklep\/\"},{\"@type\":\"ListItem\",\"position\":3,\"name\":\"Ceny lek\u00f3w rosn\u0105, musimy pom\u00f3c kupi\u0107 leki chorym z Buraniro\"}]},{\"@type\":\"WebSite\",\"@id\":\"https:\/\/www.maitri.pl\/#website\",\"url\":\"https:\/\/www.maitri.pl\/\",\"name\":\"Adopcja Serca Maitri \u2013 pomoc dzieciom w Afryce\",\"description\":\"Adopcja Serca \u2013 adopcja na odleg\u0142o\u015b\u0107, pomoc Afryce, do\u017cywianie i edukacja w Afryce\",\"publisher\":{\"@id\":\"https:\/\/www.maitri.pl\/#organization\"},\"potentialAction\":[{\"@type\":\"SearchAction\",\"target\":{\"@type\":\"EntryPoint\",\"urlTemplate\":\"https:\/\/www.maitri.pl\/?s={search_term_string}\"},\"query-input\":{\"@type\":\"PropertyValueSpecification\",\"valueRequired\":true,\"valueName\":\"search_term_string\"}}],\"inLanguage\":\"fr-FR\"},{\"@type\":\"Organization\",\"@id\":\"https:\/\/www.maitri.pl\/#organization\",\"name\":\"Stowarzyszenie Ruchu Maitri\",\"url\":\"https:\/\/www.maitri.pl\/\",\"logo\":{\"@type\":\"ImageObject\",\"inLanguage\":\"fr-FR\",\"@id\":\"https:\/\/www.maitri.pl\/#\/schema\/logo\/image\/\",\"url\":\"https:\/\/www.maitri.pl\/wp-content\/uploads\/2020\/04\/duze_logo-81.png\",\"contentUrl\":\"https:\/\/www.maitri.pl\/wp-content\/uploads\/2020\/04\/duze_logo-81.png\",\"width\":339,\"height\":321,\"caption\":\"Stowarzyszenie Ruchu Maitri\"},\"image\":{\"@id\":\"https:\/\/www.maitri.pl\/#\/schema\/logo\/image\/\"},\"sameAs\":[\"https:\/\/www.facebook.com\/MAITRI.Adopcja.Serca.dzieci.Afryki\/\"]}]}<\/script>\n<!-- \/ Yoast SEO plugin. -->","yoast_head_json":{"title":"Ceny lek\u00f3w rosn\u0105, musimy pom\u00f3c kupi\u0107 leki chorym z Buraniro!","description":"Ceny lek\u00f3w rosn\u0105, musimy pom\u00f3c kupi\u0107 leki chorym z Buraniro w Burundi. O pomoc prosz\u0105 Siostry Kanoniczki Ducha \u015aw.","robots":{"index":"index","follow":"follow","max-snippet":"max-snippet:-1","max-image-preview":"max-image-preview:large","max-video-preview":"max-video-preview:-1"},"canonical":"https:\/\/www.maitri.pl\/projekt\/ceny-lekow-rosna-pomoz-chorym\/","og_locale":"fr_FR","og_type":"article","og_title":"Ceny lek\u00f3w rosn\u0105, musimy pom\u00f3c kupi\u0107 leki chorym z Buraniro!","og_description":"Ceny lek\u00f3w rosn\u0105, musimy pom\u00f3c kupi\u0107 leki chorym z Buraniro w Burundi. O pomoc prosz\u0105 Siostry Kanoniczki Ducha \u015aw.","og_url":"https:\/\/www.maitri.pl\/projekt\/ceny-lekow-rosna-pomoz-chorym\/","og_site_name":"Ruch Maitri - Adopcja Serca pomoc Afryce","article_publisher":"https:\/\/www.facebook.com\/MAITRI.Adopcja.Serca.dzieci.Afryki\/","article_modified_time":"2023-02-10T11:17:27+00:00","og_image":[{"width":2000,"height":1500,"url":"https:\/\/www.maitri.pl\/wp-content\/uploads\/2022\/02\/burani-2.jpg","type":"image\/jpeg"}],"twitter_card":"summary_large_image","twitter_misc":{"Dur\u00e9e de lecture estim\u00e9e":"4 minutes"},"schema":{"@context":"https:\/\/schema.org","@graph":[{"@type":"WebPage","@id":"https:\/\/www.maitri.pl\/projekt\/ceny-lekow-rosna-pomoz-chorym\/","url":"https:\/\/www.maitri.pl\/projekt\/ceny-lekow-rosna-pomoz-chorym\/","name":"Ceny lek\u00f3w rosn\u0105, musimy pom\u00f3c kupi\u0107 leki chorym z Buraniro!","isPartOf":{"@id":"https:\/\/www.maitri.pl\/#website"},"primaryImageOfPage":{"@id":"https:\/\/www.maitri.pl\/projekt\/ceny-lekow-rosna-pomoz-chorym\/#primaryimage"},"image":{"@id":"https:\/\/www.maitri.pl\/projekt\/ceny-lekow-rosna-pomoz-chorym\/#primaryimage"},"thumbnailUrl":"https:\/\/www.maitri.pl\/wp-content\/uploads\/2022\/02\/burani-2.jpg","datePublished":"2022-02-21T10:59:29+00:00","dateModified":"2023-02-10T11:17:27+00:00","description":"Ceny lek\u00f3w rosn\u0105, musimy pom\u00f3c kupi\u0107 leki chorym z Buraniro w Burundi. O pomoc prosz\u0105 Siostry Kanoniczki Ducha \u015aw.","breadcrumb":{"@id":"https:\/\/www.maitri.pl\/projekt\/ceny-lekow-rosna-pomoz-chorym\/#breadcrumb"},"inLanguage":"fr-FR","potentialAction":[{"@type":"ReadAction","target":["https:\/\/www.maitri.pl\/projekt\/ceny-lekow-rosna-pomoz-chorym\/"]}]},{"@type":"ImageObject","inLanguage":"fr-FR","@id":"https:\/\/www.maitri.pl\/projekt\/ceny-lekow-rosna-pomoz-chorym\/#primaryimage","url":"https:\/\/www.maitri.pl\/wp-content\/uploads\/2022\/02\/burani-2.jpg","contentUrl":"https:\/\/www.maitri.pl\/wp-content\/uploads\/2022\/02\/burani-2.jpg","width":2000,"height":1500,"caption":"ceny lek\u00f3w pomoc ubogim Pomoc Afryce dzieci Afryki Ruch Maitri Adocpja Serca dzieci do obiad dla uczni\u00f3w Koudadeng Pomoc Afryce dzieci Afryki Ruch Maitri Adopcja Serca dzieci do Adopcji 01"},{"@type":"BreadcrumbList","@id":"https:\/\/www.maitri.pl\/projekt\/ceny-lekow-rosna-pomoz-chorym\/#breadcrumb","itemListElement":[{"@type":"ListItem","position":1,"name":"Strona g\u0142\u00f3wna","item":"https:\/\/www.maitri.pl\/"},{"@type":"ListItem","position":2,"name":"Sklep","item":"https:\/\/www.maitri.pl\/sklep\/"},{"@type":"ListItem","position":3,"name":"Ceny lek\u00f3w rosn\u0105, musimy pom\u00f3c kupi\u0107 leki chorym z Buraniro"}]},{"@type":"WebSite","@id":"https:\/\/www.maitri.pl\/#website","url":"https:\/\/www.maitri.pl\/","name":"Adopcja Serca Maitri \u2013 pomoc dzieciom w Afryce","description":"Adopcja Serca \u2013 adopcja na odleg\u0142o\u015b\u0107, pomoc Afryce, do\u017cywianie i edukacja w Afryce","publisher":{"@id":"https:\/\/www.maitri.pl\/#organization"},"potentialAction":[{"@type":"SearchAction","target":{"@type":"EntryPoint","urlTemplate":"https:\/\/www.maitri.pl\/?s={search_term_string}"},"query-input":{"@type":"PropertyValueSpecification","valueRequired":true,"valueName":"search_term_string"}}],"inLanguage":"fr-FR"},{"@type":"Organization","@id":"https:\/\/www.maitri.pl\/#organization","name":"Stowarzyszenie Ruchu Maitri","url":"https:\/\/www.maitri.pl\/","logo":{"@type":"ImageObject","inLanguage":"fr-FR","@id":"https:\/\/www.maitri.pl\/#\/schema\/logo\/image\/","url":"https:\/\/www.maitri.pl\/wp-content\/uploads\/2020\/04\/duze_logo-81.png","contentUrl":"https:\/\/www.maitri.pl\/wp-content\/uploads\/2020\/04\/duze_logo-81.png","width":339,"height":321,"caption":"Stowarzyszenie Ruchu Maitri"},"image":{"@id":"https:\/\/www.maitri.pl\/#\/schema\/logo\/image\/"},"sameAs":["https:\/\/www.facebook.com\/MAITRI.Adopcja.Serca.dzieci.Afryki\/"]}]}},"_links":{"self":[{"href":"https:\/\/www.maitri.pl\/fr\/wp-json\/wp\/v2\/product\/24205","targetHints":{"allow":["GET"]}}],"collection":[{"href":"https:\/\/www.maitri.pl\/fr\/wp-json\/wp\/v2\/product"}],"about":[{"href":"https:\/\/www.maitri.pl\/fr\/wp-json\/wp\/v2\/types\/product"}],"wp:featuredmedia":[{"embeddable":true,"href":"https:\/\/www.maitri.pl\/fr\/wp-json\/wp\/v2\/media\/24246"}],"wp:attachment":[{"href":"https:\/\/www.maitri.pl\/fr\/wp-json\/wp\/v2\/media?parent=24205"}],"wp:term":[{"taxonomy":"product_brand","embeddable":true,"href":"https:\/\/www.maitri.pl\/fr\/wp-json\/wp\/v2\/product_brand?post=24205"},{"taxonomy":"product_cat","embeddable":true,"href":"https:\/\/www.maitri.pl\/fr\/wp-json\/wp\/v2\/product_cat?post=24205"},{"taxonomy":"product_tag","embeddable":true,"href":"https:\/\/www.maitri.pl\/fr\/wp-json\/wp\/v2\/product_tag?post=24205"}],"curies":[{"name":"wp","href":"https:\/\/api.w.org\/{rel}","templated":true}]}}