{"id":24204,"date":"2022-02-21T12:00:08","date_gmt":"2022-02-21T11:00:08","guid":{"rendered":"https:\/\/www.maitri.pl\/?post_type=product&#038;p=24204"},"modified":"2023-02-10T12:17:15","modified_gmt":"2023-02-10T11:17:15","slug":"dozywianie-osieroconych-niemowlat-oraz-chorych-w-osrodku-zdrowia-w-buraniro-w-burundi","status":"publish","type":"product","link":"https:\/\/www.maitri.pl\/fr\/projekt\/dozywianie-osieroconych-niemowlat-oraz-chorych-w-osrodku-zdrowia-w-buraniro-w-burundi\/","title":{"rendered":"Do\u017cywianie osieroconych niemowl\u0105t oraz chorych w O\u015brodku Zdrowia w Buraniro w Burundi"},"content":{"rendered":"<h4>Wsp\u00f3lnie mo\u017cemy uratowa\u0107 im \u017cycie<\/h4>\n<p>W ci\u0105gu ostatnich lat zauwa\u017cy\u0142y\u015bmy piln\u0105 potrzeb\u0119 zapewnienia mleka w proszku dla ma\u0142ych dzieci. Dotar\u0142o do nas ze szpitala pa\u0144stwowego sporo noworodk\u00f3w po \u015bmierci matki w wyniku cesarskiego ci\u0119cia oraz r\u00f3\u017cnych chor\u00f3b. Dotychczasowe zapasy mleka w proszku sko\u0144czy\u0142y si\u0119 nam przed \u015bwi\u0119tami Bo\u017cego Narodzenia. Jak do tej pory ka\u017cde dziecko dostawa\u0142o 1 kg mleka w proszku raz na 2 tygodnie. \u0141\u0105cznie opiek\u0105 i trosk\u0105 obj\u0119tych by\u0142o 61 dzieci. Musimy kontynuowa\u0107 do\u017cywianie osieroconych niemowl\u0105t, by uratowa\u0107 ich \u017cycie. Jak na obecn\u0105 sytuacj\u0119, jako priorytetow\u0105 potrzeb\u0119 widz\u0119 zakup mleka w proszku, by pom\u00f3c rodzinie po stracie mamy &#8211; najbli\u017cszej osoby dla dziecka. Oczywi\u015bcie przyda\u0142oby si\u0119 r\u00f3wnie\u017c jedzenie dla chorych. Zdaj\u0119 sobie spraw\u0119, \u017ce mleko jest bardzo drogie, a zapotrzebowanie na jedno dziecko w wieku do 8 miesi\u0119cy b\u0119dzie wynosi\u0142o 32 kg rocznie, dlatego\u00a0 z wy\u0142aniaj\u0105cych si\u0119 problem\u00f3w kwesti\u0119 jedzenia dla chorych\u00a0 stawiam na 2 miejscu.<\/p>\n<h4>Wybawienie od \u015bmierci g\u0142odowej<\/h4>\n<p>Kraj ubo\u017ceje coraz bardziej z miesi\u0105ca na miesi\u0105c. Wida\u0107 to po rosn\u0105cych cenach i r\u00f3\u017cnych op\u0142atach. Ceny \u017cywno\u015bci r\u00f3wnie\u017c pozostaj\u0105 bardzo wysokie. Chorzy przewa\u017cnie z dalszych okolic, a i ci najbli\u017cej mieszkaj\u0105cy, nie zawsze s\u0105 w stanie zakupi\u0107 jedzenie w okolicy. Podczas chor\u00f3b cierpi\u0105 na brak apetytu. Pomoc dla chorych w postaci mieszanki od\u017cywczej przygotowanej z r\u00f3\u017cnego rodzaju m\u0105k, po\u0142\u0105czonej z mlekiem i cukrem, okazuje si\u0119 bardzo praktyczna i pomaga w powrocie do zdrowia w czasie leczenia i rekonwalescencji. Niestety nie mamy ju\u017c \u015brodk\u00f3w na zakup \u017cywno\u015bci. Musz\u0119 prosi\u0107 o sum\u0119 na zakup 4300 kg mieszanki dla najbardziej potrzebuj\u0105cych. Do\u017cywianie osieroconych niemowl\u0105t oraz chorych w O\u015brodku Zdrowia w Buraniro pomo\u017ce uratowa\u0107 wiele istnie\u0144 przed \u015bmierci\u0105 g\u0142odow\u0105.<\/p>\n<h4>Nakarmieni zostan\u0105 r\u00f3wnie\u017c chorzy<\/h4>\n<p>Planujemy zakupi\u0107 35 work\u00f3w po 25 kg mleka w proszku, kt\u00f3re wystarcz\u0105 do nakarmienia 54 dzieci od chwili narodzin do 8 miesi\u0105ca \u017cycia w\u0142\u0105cznie. Zazwyczaj mleko jest rozdawane co drugi tydzie\u0144 &#8211; po 1 kg na dziecko. Prowadzona jest tak\u017ce kartoteka dziecka z wa\u017ceniem przy ka\u017cdorazowym kontakcie. Z innych zakupionych produkt\u00f3w otrzymamy 4300 kg mieszanki od\u017cywczej. Chorym przebywaj\u0105cym w szpitalu i na porod\u00f3wce, czyli ok. 160 osobom dziennie, b\u0119dzie udzielana pomoc indywidualna wed\u0142ug potrzeb. Dla chorych na gru\u017alic\u0119 planujemy po 2 kg mieszanki raz na 2 tygodnie przez okres leczenia &#8211; czyli ok. 6 miesi\u0119cy. Przewidujemy pomoc dla 62 pacjent\u00f3w chorych na TBC &#8211; ok. 744 kg mieszanki. Reszta &#8211; czyli 3556 kg &#8211; rozdana b\u0119dzie dla najbardziej potrzebuj\u0105cych chorych w szpitalu i na porod\u00f3wce. W okresie \u015bwi\u0105t Bo\u017cego Naradzenia i Wielkanocy ka\u017cdy z chorych otrzymuje paczk\u0119 z 1 kg ry\u017cu i fasoli oraz troch\u0119 suszonych rybek i 20g oleju palmowego.<\/p>\n<h4>10 dni pracy, by kupi\u0107 opakowanie mleka<\/h4>\n<p>Og\u00f3lnie pomoc\u0105 z wnioskowanej sumy pieni\u0119\u017cnej zostanie obj\u0119tych 3556 os\u00f3b przez okres ca\u0142ego roku (12 miesi\u0119cy). B\u0119dzie to wielka pomoc dla rodzin i\u00a0 dzieci kt\u00f3re utraci\u0142y matk\u0119, gdy\u017c nie sta\u0107 ich na zakup mleka, kt\u00f3re jest bardzo drogie. Kilogram mleka w proszku kosztuje w tutejszych sklepach 25 tys. To prawie 7 euro, a przeci\u0119tny dzienny zarobek to zaledwie 0.7 euro. Apeluj\u0119 o do\u017cywianie osieroconych niemowl\u0105t oraz chorych z naszej misji. Pomoc od darczy\u0144c\u00f3w <a href=\"https:\/\/www.maitri.pl\/projekty-pomocowe\/\" target=\"_blank\" rel=\"noopener\">Ruchu Maitri<\/a> pomaga przetrwa\u0107 tysi\u0105com istnie\u0144. Jako wyraz wdzi\u0119czno\u015bci jest odprawiana Msza \u015aw. za dobrodziej\u00f3 z Polski wraz z udzia\u0142em chorych.<\/p>\n<h4>Kosztorys:<\/h4>\n<table>\n<tbody>\n<tr>\n<td width=\"34\">LP<\/td>\n<td width=\"234\">opis<\/td>\n<td width=\"127\">ilo\u015b\u0107<\/td>\n<td width=\"132\">Cena w miejscowej walucie<\/td>\n<td width=\"132\">Kwota w miejscowej walucie<\/td>\n<\/tr>\n<tr>\n<td width=\"34\">1<\/td>\n<td width=\"234\">M\u0105ka kukurydziana<\/td>\n<td width=\"127\">1500 kg<\/td>\n<td width=\"132\">2.100<\/td>\n<td width=\"132\">3.150.000<\/td>\n<\/tr>\n<tr>\n<td width=\"34\">2<\/td>\n<td width=\"234\">M\u0105ka sojowa<\/td>\n<td width=\"127\">600 kg<\/td>\n<td width=\"132\">2.300<\/td>\n<td width=\"132\">1.380.000<\/td>\n<\/tr>\n<tr>\n<td width=\"34\">3<\/td>\n<td width=\"234\">M\u0105ka sorgo<\/td>\n<td width=\"127\">1000 kg<\/td>\n<td width=\"132\">2.350<\/td>\n<td width=\"132\">2.350.000<\/td>\n<\/tr>\n<tr>\n<td width=\"34\">4<\/td>\n<td width=\"234\">Cukier<\/td>\n<td width=\"127\">200 kg<\/td>\n<td width=\"132\">3.000<\/td>\n<td width=\"132\">600.000<\/td>\n<\/tr>\n<tr>\n<td width=\"34\">5<\/td>\n<td width=\"234\">M\u0105ka zbo\u017cowa<\/td>\n<td width=\"127\">1000 kg<\/td>\n<td width=\"132\">2.150<\/td>\n<td width=\"132\">2.150.000<\/td>\n<\/tr>\n<tr>\n<td width=\"34\">6<\/td>\n<td width=\"234\">Mleko w proszku po 25 kg<\/td>\n<td width=\"127\">35 work\u00f3w<\/td>\n<td width=\"132\">250.000<\/td>\n<td width=\"132\">8.750.000<\/td>\n<\/tr>\n<tr>\n<td width=\"34\">7<\/td>\n<td width=\"234\">Ry\u017c<\/td>\n<td width=\"127\">200 kg<\/td>\n<td width=\"132\">2.500<\/td>\n<td width=\"132\">500.000<\/td>\n<\/tr>\n<tr>\n<td width=\"34\">8<\/td>\n<td width=\"234\">Rybki suszone<\/td>\n<td width=\"127\">10 kg<\/td>\n<td width=\"132\">7.500<\/td>\n<td width=\"132\">75.000<\/td>\n<\/tr>\n<tr>\n<td width=\"34\">9<\/td>\n<td width=\"234\">fasola<\/td>\n<td width=\"127\">200 kg<\/td>\n<td width=\"132\">1.400<\/td>\n<td width=\"132\">280.000<\/td>\n<\/tr>\n<tr>\n<td width=\"34\">10<\/td>\n<td width=\"234\">Olej palmowy<\/td>\n<td width=\"127\">20 kg<\/td>\n<td width=\"132\">3.800<\/td>\n<td width=\"132\">76.000<\/td>\n<\/tr>\n<tr>\n<td width=\"34\"><\/td>\n<td width=\"234\"><strong>PODSUMOWANIE <\/strong><\/p>\n<p>(w miejscowej walucie)<\/td>\n<td width=\"127\">&nbsp;<\/p>\n<p>&nbsp;<\/td>\n<td width=\"132\"><\/td>\n<td width=\"132\"><strong>19.311.000 frank\u00f3w burundyjskich<\/strong><\/td>\n<\/tr>\n<\/tbody>\n<\/table>\n<p><em>Siostra Janina Zakrzewska<\/em>, <a href=\"http:\/\/kanoniczki.pl\/index.php\/pojdz-za-mna\/moje-powolanie\/260-jestem-afrykanka\"> Zgromadzenie Si\u00f3str Kanoniczek Ducha \u015awi\u0119tego de Saxia<\/a>, misja Buraniro, Burundi<\/p>\n<p style=\"text-align: justify;\" align=\"JUSTIFY\"><span style=\"color: #ff0000;\"><span style=\"font-size: large;\"><b>Kwota projektu: 6130 \u20ac<br \/>\n<\/b><\/span><\/span><\/p>\n<p style=\"text-align: justify;\"><strong>Numer projektu: 203\/DUCHA<\/strong><\/p>\n<p style=\"text-align: justify;\" align=\"JUSTIFY\"><span style=\"color: #808080;\">Stowarzyszenie Ruchu\u00a0<em>Maitri<\/em>\u00a0przeznacza do 10% otrzymanych \u015brodk\u00f3w na koszty funkcjonowania biura i pozyskiwanie funduszy pomocowych.<\/span><\/p>\n<h3 style=\"text-align: justify;\" align=\"JUSTIFY\"><span style=\"color: #808080;\">Do\u017cywianie osieroconych niemowl\u0105t oraz chorych w O\u015brodku Zdrowia w Buraniro w Burundi<\/span><\/h3>\n","protected":false},"excerpt":{"rendered":"<p><strong>Projekt:<\/strong> <em>s. Janina Zakrzewska<\/em>, <a href=\"http:\/\/kanoniczki.pl\/index.php\/pojdz-za-mna\/moje-powolanie\/260-jestem-afrykanka\"> Zgromadzenie Si\u00f3str Kanoniczek Ducha \u015awi\u0119tego de Saxia<\/a><br \/>\n<strong>Misja:<\/strong> Buraniro, <a href=\"https:\/\/www.maitri.pl\/gdzie-pomagamy\/\" target=\"_blank\" rel=\"noopener noreferrer\">Burundi<\/a><br \/>\n<strong>Zbierana kwota: <span style=\"color: #ff0000;\">6130 \u20ac<\/span><\/strong><\/p>\n","protected":false},"featured_media":24250,"template":"","meta":[],"product_brand":[],"product_cat":[656],"product_tag":[666,667,676,854,845],"class_list":{"0":"post-24204","1":"product","2":"type-product","3":"status-publish","4":"has-post-thumbnail","6":"product_cat-bez-kategorii","7":"product_tag-buraniro","8":"product_tag-burundi","9":"product_tag-dozywianie","10":"product_tag-siostra-janina-zakrzewska","11":"product_tag-zgromadzenie-siostr-kanoniczek-ducha-swietego","13":"first","14":"instock","15":"virtual","16":"purchasable","17":"product-type-simple"},"yoast_head":"<!-- This site is optimized with the Yoast SEO plugin v27.2 - https:\/\/yoast.com\/product\/yoast-seo-wordpress\/ -->\n<title>Do\u017cywianie osieroconych niemowl\u0105t w O\u015brodku Zdrowia w Buraniro<\/title>\n<meta name=\"description\" content=\"Do\u017cywianie osieroconych niemowl\u0105t oraz chorych w O\u015brodku Zdrowia w Buraniro w Burundi. O pomoc prosz\u0105 Siostry Kanoniczki.\" \/>\n<meta name=\"robots\" content=\"index, follow, max-snippet:-1, max-image-preview:large, max-video-preview:-1\" \/>\n<link rel=\"canonical\" href=\"https:\/\/www.maitri.pl\/projekt\/dozywianie-osieroconych-niemowlat-oraz-chorych-w-osrodku-zdrowia-w-buraniro-w-burundi\/\" \/>\n<meta property=\"og:locale\" content=\"fr_FR\" \/>\n<meta property=\"og:type\" content=\"article\" \/>\n<meta property=\"og:title\" content=\"Do\u017cywianie osieroconych niemowl\u0105t w O\u015brodku Zdrowia w Buraniro\" \/>\n<meta property=\"og:description\" content=\"Do\u017cywianie osieroconych niemowl\u0105t oraz chorych w O\u015brodku Zdrowia w Buraniro w Burundi. O pomoc prosz\u0105 Siostry Kanoniczki.\" \/>\n<meta property=\"og:url\" content=\"https:\/\/www.maitri.pl\/projekt\/dozywianie-osieroconych-niemowlat-oraz-chorych-w-osrodku-zdrowia-w-buraniro-w-burundi\/\" \/>\n<meta property=\"og:site_name\" content=\"Ruch Maitri - Adopcja Serca pomoc Afryce\" \/>\n<meta property=\"article:publisher\" content=\"https:\/\/www.facebook.com\/MAITRI.Adopcja.Serca.dzieci.Afryki\/\" \/>\n<meta property=\"article:modified_time\" content=\"2023-02-10T11:17:15+00:00\" \/>\n<meta property=\"og:image\" content=\"https:\/\/www.maitri.pl\/wp-content\/uploads\/2022\/02\/burani-11.jpg\" \/>\n\t<meta property=\"og:image:width\" content=\"1032\" \/>\n\t<meta property=\"og:image:height\" content=\"774\" \/>\n\t<meta property=\"og:image:type\" content=\"image\/jpeg\" \/>\n<meta name=\"twitter:card\" content=\"summary_large_image\" \/>\n<meta name=\"twitter:label1\" content=\"Dur\u00e9e de lecture estim\u00e9e\" \/>\n\t<meta name=\"twitter:data1\" content=\"4 minutes\" \/>\n<script type=\"application\/ld+json\" class=\"yoast-schema-graph\">{\"@context\":\"https:\/\/schema.org\",\"@graph\":[{\"@type\":\"WebPage\",\"@id\":\"https:\/\/www.maitri.pl\/projekt\/dozywianie-osieroconych-niemowlat-oraz-chorych-w-osrodku-zdrowia-w-buraniro-w-burundi\/\",\"url\":\"https:\/\/www.maitri.pl\/projekt\/dozywianie-osieroconych-niemowlat-oraz-chorych-w-osrodku-zdrowia-w-buraniro-w-burundi\/\",\"name\":\"Do\u017cywianie osieroconych niemowl\u0105t w O\u015brodku Zdrowia w Buraniro\",\"isPartOf\":{\"@id\":\"https:\/\/www.maitri.pl\/#website\"},\"primaryImageOfPage\":{\"@id\":\"https:\/\/www.maitri.pl\/projekt\/dozywianie-osieroconych-niemowlat-oraz-chorych-w-osrodku-zdrowia-w-buraniro-w-burundi\/#primaryimage\"},\"image\":{\"@id\":\"https:\/\/www.maitri.pl\/projekt\/dozywianie-osieroconych-niemowlat-oraz-chorych-w-osrodku-zdrowia-w-buraniro-w-burundi\/#primaryimage\"},\"thumbnailUrl\":\"https:\/\/www.maitri.pl\/wp-content\/uploads\/2022\/02\/burani-11.jpg\",\"datePublished\":\"2022-02-21T11:00:08+00:00\",\"dateModified\":\"2023-02-10T11:17:15+00:00\",\"description\":\"Do\u017cywianie osieroconych niemowl\u0105t oraz chorych w O\u015brodku Zdrowia w Buraniro w Burundi. O pomoc prosz\u0105 Siostry Kanoniczki.\",\"breadcrumb\":{\"@id\":\"https:\/\/www.maitri.pl\/projekt\/dozywianie-osieroconych-niemowlat-oraz-chorych-w-osrodku-zdrowia-w-buraniro-w-burundi\/#breadcrumb\"},\"inLanguage\":\"fr-FR\",\"potentialAction\":[{\"@type\":\"ReadAction\",\"target\":[\"https:\/\/www.maitri.pl\/projekt\/dozywianie-osieroconych-niemowlat-oraz-chorych-w-osrodku-zdrowia-w-buraniro-w-burundi\/\"]}]},{\"@type\":\"ImageObject\",\"inLanguage\":\"fr-FR\",\"@id\":\"https:\/\/www.maitri.pl\/projekt\/dozywianie-osieroconych-niemowlat-oraz-chorych-w-osrodku-zdrowia-w-buraniro-w-burundi\/#primaryimage\",\"url\":\"https:\/\/www.maitri.pl\/wp-content\/uploads\/2022\/02\/burani-11.jpg\",\"contentUrl\":\"https:\/\/www.maitri.pl\/wp-content\/uploads\/2022\/02\/burani-11.jpg\",\"width\":1032,\"height\":774,\"caption\":\"do\u017cywianie osieroconych pomoc ubogim Pomoc Afryce dzieci Afryki Ruch Maitri Adocpja Serca dzieci do obiad dla uczni\u00f3w Koudadeng Pomoc Afryce dzieci Afryki Ruch Maitri Adopcja Serca dzieci do Adopcji 01\"},{\"@type\":\"BreadcrumbList\",\"@id\":\"https:\/\/www.maitri.pl\/projekt\/dozywianie-osieroconych-niemowlat-oraz-chorych-w-osrodku-zdrowia-w-buraniro-w-burundi\/#breadcrumb\",\"itemListElement\":[{\"@type\":\"ListItem\",\"position\":1,\"name\":\"Strona g\u0142\u00f3wna\",\"item\":\"https:\/\/www.maitri.pl\/\"},{\"@type\":\"ListItem\",\"position\":2,\"name\":\"Sklep\",\"item\":\"https:\/\/www.maitri.pl\/sklep\/\"},{\"@type\":\"ListItem\",\"position\":3,\"name\":\"Do\u017cywianie osieroconych niemowl\u0105t oraz chorych w O\u015brodku Zdrowia w Buraniro w Burundi\"}]},{\"@type\":\"WebSite\",\"@id\":\"https:\/\/www.maitri.pl\/#website\",\"url\":\"https:\/\/www.maitri.pl\/\",\"name\":\"Adopcja Serca Maitri \u2013 pomoc dzieciom w Afryce\",\"description\":\"Adopcja Serca \u2013 adopcja na odleg\u0142o\u015b\u0107, pomoc Afryce, do\u017cywianie i edukacja w Afryce\",\"publisher\":{\"@id\":\"https:\/\/www.maitri.pl\/#organization\"},\"potentialAction\":[{\"@type\":\"SearchAction\",\"target\":{\"@type\":\"EntryPoint\",\"urlTemplate\":\"https:\/\/www.maitri.pl\/?s={search_term_string}\"},\"query-input\":{\"@type\":\"PropertyValueSpecification\",\"valueRequired\":true,\"valueName\":\"search_term_string\"}}],\"inLanguage\":\"fr-FR\"},{\"@type\":\"Organization\",\"@id\":\"https:\/\/www.maitri.pl\/#organization\",\"name\":\"Stowarzyszenie Ruchu Maitri\",\"url\":\"https:\/\/www.maitri.pl\/\",\"logo\":{\"@type\":\"ImageObject\",\"inLanguage\":\"fr-FR\",\"@id\":\"https:\/\/www.maitri.pl\/#\/schema\/logo\/image\/\",\"url\":\"https:\/\/www.maitri.pl\/wp-content\/uploads\/2020\/04\/duze_logo-81.png\",\"contentUrl\":\"https:\/\/www.maitri.pl\/wp-content\/uploads\/2020\/04\/duze_logo-81.png\",\"width\":339,\"height\":321,\"caption\":\"Stowarzyszenie Ruchu Maitri\"},\"image\":{\"@id\":\"https:\/\/www.maitri.pl\/#\/schema\/logo\/image\/\"},\"sameAs\":[\"https:\/\/www.facebook.com\/MAITRI.Adopcja.Serca.dzieci.Afryki\/\"]}]}<\/script>\n<!-- \/ Yoast SEO plugin. -->","yoast_head_json":{"title":"Do\u017cywianie osieroconych niemowl\u0105t w O\u015brodku Zdrowia w Buraniro","description":"Do\u017cywianie osieroconych niemowl\u0105t oraz chorych w O\u015brodku Zdrowia w Buraniro w Burundi. O pomoc prosz\u0105 Siostry Kanoniczki.","robots":{"index":"index","follow":"follow","max-snippet":"max-snippet:-1","max-image-preview":"max-image-preview:large","max-video-preview":"max-video-preview:-1"},"canonical":"https:\/\/www.maitri.pl\/projekt\/dozywianie-osieroconych-niemowlat-oraz-chorych-w-osrodku-zdrowia-w-buraniro-w-burundi\/","og_locale":"fr_FR","og_type":"article","og_title":"Do\u017cywianie osieroconych niemowl\u0105t w O\u015brodku Zdrowia w Buraniro","og_description":"Do\u017cywianie osieroconych niemowl\u0105t oraz chorych w O\u015brodku Zdrowia w Buraniro w Burundi. O pomoc prosz\u0105 Siostry Kanoniczki.","og_url":"https:\/\/www.maitri.pl\/projekt\/dozywianie-osieroconych-niemowlat-oraz-chorych-w-osrodku-zdrowia-w-buraniro-w-burundi\/","og_site_name":"Ruch Maitri - Adopcja Serca pomoc Afryce","article_publisher":"https:\/\/www.facebook.com\/MAITRI.Adopcja.Serca.dzieci.Afryki\/","article_modified_time":"2023-02-10T11:17:15+00:00","og_image":[{"width":1032,"height":774,"url":"https:\/\/www.maitri.pl\/wp-content\/uploads\/2022\/02\/burani-11.jpg","type":"image\/jpeg"}],"twitter_card":"summary_large_image","twitter_misc":{"Dur\u00e9e de lecture estim\u00e9e":"4 minutes"},"schema":{"@context":"https:\/\/schema.org","@graph":[{"@type":"WebPage","@id":"https:\/\/www.maitri.pl\/projekt\/dozywianie-osieroconych-niemowlat-oraz-chorych-w-osrodku-zdrowia-w-buraniro-w-burundi\/","url":"https:\/\/www.maitri.pl\/projekt\/dozywianie-osieroconych-niemowlat-oraz-chorych-w-osrodku-zdrowia-w-buraniro-w-burundi\/","name":"Do\u017cywianie osieroconych niemowl\u0105t w O\u015brodku Zdrowia w Buraniro","isPartOf":{"@id":"https:\/\/www.maitri.pl\/#website"},"primaryImageOfPage":{"@id":"https:\/\/www.maitri.pl\/projekt\/dozywianie-osieroconych-niemowlat-oraz-chorych-w-osrodku-zdrowia-w-buraniro-w-burundi\/#primaryimage"},"image":{"@id":"https:\/\/www.maitri.pl\/projekt\/dozywianie-osieroconych-niemowlat-oraz-chorych-w-osrodku-zdrowia-w-buraniro-w-burundi\/#primaryimage"},"thumbnailUrl":"https:\/\/www.maitri.pl\/wp-content\/uploads\/2022\/02\/burani-11.jpg","datePublished":"2022-02-21T11:00:08+00:00","dateModified":"2023-02-10T11:17:15+00:00","description":"Do\u017cywianie osieroconych niemowl\u0105t oraz chorych w O\u015brodku Zdrowia w Buraniro w Burundi. O pomoc prosz\u0105 Siostry Kanoniczki.","breadcrumb":{"@id":"https:\/\/www.maitri.pl\/projekt\/dozywianie-osieroconych-niemowlat-oraz-chorych-w-osrodku-zdrowia-w-buraniro-w-burundi\/#breadcrumb"},"inLanguage":"fr-FR","potentialAction":[{"@type":"ReadAction","target":["https:\/\/www.maitri.pl\/projekt\/dozywianie-osieroconych-niemowlat-oraz-chorych-w-osrodku-zdrowia-w-buraniro-w-burundi\/"]}]},{"@type":"ImageObject","inLanguage":"fr-FR","@id":"https:\/\/www.maitri.pl\/projekt\/dozywianie-osieroconych-niemowlat-oraz-chorych-w-osrodku-zdrowia-w-buraniro-w-burundi\/#primaryimage","url":"https:\/\/www.maitri.pl\/wp-content\/uploads\/2022\/02\/burani-11.jpg","contentUrl":"https:\/\/www.maitri.pl\/wp-content\/uploads\/2022\/02\/burani-11.jpg","width":1032,"height":774,"caption":"do\u017cywianie osieroconych pomoc ubogim Pomoc Afryce dzieci Afryki Ruch Maitri Adocpja Serca dzieci do obiad dla uczni\u00f3w Koudadeng Pomoc Afryce dzieci Afryki Ruch Maitri Adopcja Serca dzieci do Adopcji 01"},{"@type":"BreadcrumbList","@id":"https:\/\/www.maitri.pl\/projekt\/dozywianie-osieroconych-niemowlat-oraz-chorych-w-osrodku-zdrowia-w-buraniro-w-burundi\/#breadcrumb","itemListElement":[{"@type":"ListItem","position":1,"name":"Strona g\u0142\u00f3wna","item":"https:\/\/www.maitri.pl\/"},{"@type":"ListItem","position":2,"name":"Sklep","item":"https:\/\/www.maitri.pl\/sklep\/"},{"@type":"ListItem","position":3,"name":"Do\u017cywianie osieroconych niemowl\u0105t oraz chorych w O\u015brodku Zdrowia w Buraniro w Burundi"}]},{"@type":"WebSite","@id":"https:\/\/www.maitri.pl\/#website","url":"https:\/\/www.maitri.pl\/","name":"Adopcja Serca Maitri \u2013 pomoc dzieciom w Afryce","description":"Adopcja Serca \u2013 adopcja na odleg\u0142o\u015b\u0107, pomoc Afryce, do\u017cywianie i edukacja w Afryce","publisher":{"@id":"https:\/\/www.maitri.pl\/#organization"},"potentialAction":[{"@type":"SearchAction","target":{"@type":"EntryPoint","urlTemplate":"https:\/\/www.maitri.pl\/?s={search_term_string}"},"query-input":{"@type":"PropertyValueSpecification","valueRequired":true,"valueName":"search_term_string"}}],"inLanguage":"fr-FR"},{"@type":"Organization","@id":"https:\/\/www.maitri.pl\/#organization","name":"Stowarzyszenie Ruchu Maitri","url":"https:\/\/www.maitri.pl\/","logo":{"@type":"ImageObject","inLanguage":"fr-FR","@id":"https:\/\/www.maitri.pl\/#\/schema\/logo\/image\/","url":"https:\/\/www.maitri.pl\/wp-content\/uploads\/2020\/04\/duze_logo-81.png","contentUrl":"https:\/\/www.maitri.pl\/wp-content\/uploads\/2020\/04\/duze_logo-81.png","width":339,"height":321,"caption":"Stowarzyszenie Ruchu Maitri"},"image":{"@id":"https:\/\/www.maitri.pl\/#\/schema\/logo\/image\/"},"sameAs":["https:\/\/www.facebook.com\/MAITRI.Adopcja.Serca.dzieci.Afryki\/"]}]}},"_links":{"self":[{"href":"https:\/\/www.maitri.pl\/fr\/wp-json\/wp\/v2\/product\/24204","targetHints":{"allow":["GET"]}}],"collection":[{"href":"https:\/\/www.maitri.pl\/fr\/wp-json\/wp\/v2\/product"}],"about":[{"href":"https:\/\/www.maitri.pl\/fr\/wp-json\/wp\/v2\/types\/product"}],"wp:featuredmedia":[{"embeddable":true,"href":"https:\/\/www.maitri.pl\/fr\/wp-json\/wp\/v2\/media\/24250"}],"wp:attachment":[{"href":"https:\/\/www.maitri.pl\/fr\/wp-json\/wp\/v2\/media?parent=24204"}],"wp:term":[{"taxonomy":"product_brand","embeddable":true,"href":"https:\/\/www.maitri.pl\/fr\/wp-json\/wp\/v2\/product_brand?post=24204"},{"taxonomy":"product_cat","embeddable":true,"href":"https:\/\/www.maitri.pl\/fr\/wp-json\/wp\/v2\/product_cat?post=24204"},{"taxonomy":"product_tag","embeddable":true,"href":"https:\/\/www.maitri.pl\/fr\/wp-json\/wp\/v2\/product_tag?post=24204"}],"curies":[{"name":"wp","href":"https:\/\/api.w.org\/{rel}","templated":true}]}}