{"id":24203,"date":"2022-02-21T11:59:20","date_gmt":"2022-02-21T10:59:20","guid":{"rendered":"https:\/\/www.maitri.pl\/?post_type=product&#038;p=24203"},"modified":"2023-02-10T12:17:36","modified_gmt":"2023-02-10T11:17:36","slug":"swieto-dzieci-w-afryce","status":"publish","type":"product","link":"https:\/\/www.maitri.pl\/fr\/projekt\/swieto-dzieci-w-afryce\/","title":{"rendered":"\u015awi\u0119to dzieci w Afryce &#8211; pom\u00f3\u017c zorganizowa\u0107 Dzie\u0144 Dziecka w misji Abong-Mbang w Kamerunie"},"content":{"rendered":"<h4>Strzelali do dzieci, kt\u00f3re chcia\u0142y edukacji<\/h4>\n<p>Mi\u0119dzynarodowy Dzie\u0144 Dziecka Afryka\u0144skiego, to \u015bwi\u0119to obchodzone corocznie 16 czerwca. Dzie\u0144 ten przypomina masakr\u0119 dzieci w Soweto w RPA,\u00a0 dokonan\u0105 w 1976 roku przez tamtejszy re\u017cim rasistowski. W\u00f3wczas tysi\u0105ce czarnosk\u00f3rych dzieci wysz\u0142o na ulic\u0119 w prote\u015bcie przeciw niskiemu poziomowi edukacji. \u017b\u0105dali prawa do nauki w swoim j\u0119zyku. Policja zastrzeli\u0142a wtedy wiele ch\u0142opc\u00f3w i dziewcz\u0105t. Mimo up\u0142ywu lat, edukacja w Afryce nadal pozostaje nieadekwatna w stosunku do potrzeb. Staramy si\u0119 to zmieni\u0107 poprzez takie programy, jak<a href=\"https:\/\/www.maitri.pl\/adopcja-serca\/\" target=\"_blank\" rel=\"noopener noreferrer\"> Adopcja Serca<\/a>. Mimo to \u015bwi\u0119to dzieci w Afryce jest obchodzone rado\u015bnie. Pragniemy, aby dzieci ucz\u0119szczaj\u0105ce do naszej szko\u0142y obchodzi\u0142y Dzie\u0144 Dziecka\u00a0 Afryka\u0144skiego z u\u015bmiechem.<\/p>\n<h4>\u015awi\u0119to dzieci form\u0105 ich dowarto\u015bciowania<\/h4>\n<p>Pragn\u0119 wznowi\u0107 pro\u015bb\u0119 o pomoc na\u00a0 zorganizowanie uroczysto\u015bci Dnia\u00a0 Dziecka Afryka\u0144skiego dla 400 dzieci z naszej misji. Z do\u015bwiadczenia 30-letniej pracy na misjach uwa\u017cam ze jest to jedyna okazja i forma dowarto\u015bciowania dziecka. M\u00f3wi si\u0119 popularnie \u201edziecko bogactwem rodziny\u201d, tu jednak to tylko slogan. Dzieci, nawet te w mie\u015bcie, nie doznaj\u0105 cho\u0107by ma\u0142ej namiastki rado\u015bci wynikaj\u0105cej z ich dzieci\u0144stwa. W momencie kiedy jest \u201edzie\u0144 kobiet\u201d, niemal\u017ce wszystkie miejscowe kobiety kupuj\u0105 sobie suknie z nadrukiem upami\u0119tniaj\u0105cym ten dzie\u0144. Nigdy nie widzia\u0142am podobnej sytuacji zwi\u0105zanej z dzieckiem. Wr\u0119cz przeciwnie, tylko my w naszej szkole pragniemy uwypukla\u0107 wag\u0119 tego \u015bwi\u0119ta. Mo\u017cemy to ofiarowa\u0107 dzieciom dzi\u0119ki Waszej pomocy. \u00a0Jest to r\u00f3wnie\u017c jedna z form nagrodzenia dzieci za regularne ucz\u0119szczanie do szko\u0142y i dobre wyniki w\u00a0 nauce.<\/p>\n<h4>Mini kolonie dla uczni\u00f3w<\/h4>\n<p>Planujemy zorganizowanie mini kolonii tu na miejscu dla wszystkich dzieci naszej szko\u0142y. W planach mamy transport, \u017cywno\u015b\u0107 i troch\u0119 zabawek jako nagrody dla najlepszych uczni\u00f3w w szkole. Dzieciom zostaj\u0105 w pami\u0119ci niezapomniane wspomnienia. Rado\u015b\u0107\u00a0 z niesienia pomocy dzieciom udziela si\u0119 miejscowym ludziom. Dzi\u0119ki temu, \u017ce mo\u017cemy zorganizowa\u0107 mini kolonie wzrasta liczba zainteresowanych szko\u0142\u0105. Nie musz\u0119 ju\u017c dzisiaj wiele m\u00f3wi\u0107 o szkole &#8211; m\u00f3wi sama poprzez wydarzenia i wzrost poziomu nauczania. \u015awi\u0119to dzieci Afryki\u00a0to r\u00f3wnie\u017c jedna z form zach\u0119ty dzieci do ucz\u0119szczania do szko\u0142y, jak r\u00f3wnie\u017c\u00a0 do obni\u017cenia procentu analfabetyzmu.<\/p>\n<p>Coroczne organizowanie kolonii z Okazji Dnia Dziecka Afryka\u0144skiego nape\u0142nia rado\u015bci\u0105 ka\u017cde serce dzieci\u0119ce, ich rodzic\u00f3w, nauczycieli a nawet okolicznej ludno\u015bci. Nape\u0142nia nas dum\u0105 \u017ce pomimo i\u017c mieszkamy w dzielnicy, kt\u00f3ra niegdy\u015b nazwana by\u0142a slumsem, to dzi\u015b rozbrzmiewa rado\u015bci\u0105 i szcz\u0119\u015bciem. Ta rado\u015b\u0107 i szcz\u0119\u015bcie jest darem Waszych serc!<\/p>\n<h4><strong>Kosztorys:<\/strong><\/h4>\n<table>\n<tbody>\n<tr>\n<td width=\"30\">LP<\/td>\n<td width=\"204\">OPIS<\/td>\n<td width=\"216\">ilo\u015b\u0107<\/td>\n<td width=\"87\">Cena jednostkowa<\/td>\n<td width=\"132\">Kwota (we frankach CFA)<\/td>\n<\/tr>\n<tr>\n<td width=\"30\">1<\/td>\n<td width=\"204\">Zakup zabawek dla 400 dzieci<\/td>\n<td width=\"216\">400 szt.<\/td>\n<td width=\"87\">1.500<\/td>\n<td width=\"132\">600.000<\/td>\n<\/tr>\n<tr>\n<td width=\"30\">2<\/td>\n<td width=\"204\">Zakup \u017cywno\u015bci:<\/p>\n<p>&nbsp;<\/p>\n<p>&nbsp;<\/p>\n<p>&nbsp;<\/p>\n<p>&nbsp;<\/p>\n<p>&nbsp;<\/td>\n<td width=\"216\">ry\u017c<\/p>\n<p>olej<\/p>\n<p>mleko<\/p>\n<p>czekolada do chleba i do picia<\/p>\n<p>chleb<\/p>\n<p>mi\u0119so \/ ryby<\/p>\n<p>s\u0142odycze<\/td>\n<td width=\"87\">&nbsp;<\/p>\n<p>&nbsp;<\/p>\n<p>&nbsp;<\/td>\n<td width=\"132\">42.000<\/p>\n<p>22.000<\/p>\n<p>80.000<\/p>\n<p>50.000<\/p>\n<p>40.000<\/p>\n<p>100.000<\/p>\n<p>150.000<\/td>\n<\/tr>\n<tr>\n<td width=\"30\">3<\/p>\n<p>&nbsp;<\/td>\n<td width=\"204\">Nagrody dla wyr\u00f3\u017cnionych uczni\u00f3w<\/td>\n<td width=\"216\">11<\/p>\n<p>&nbsp;<\/td>\n<td width=\"87\">10.000<\/td>\n<td width=\"132\">110.000<\/td>\n<\/tr>\n<tr>\n<td width=\"30\"><strong>\u00a0<\/strong><\/td>\n<td width=\"204\"><strong>SUMA w miejscowej walucie<\/strong><\/td>\n<td width=\"216\"><strong>\u00a0<\/strong><\/td>\n<td width=\"87\"><strong>\u00a0<\/strong><\/td>\n<td width=\"132\"><strong>1.194.000 FCFA<\/strong><\/td>\n<\/tr>\n<\/tbody>\n<\/table>\n<p><strong>PODSUMOWANIE<\/strong> (w miejscowej walucie) &#8211; razem <strong>1.194.000 frank\u00f3w CFA<\/strong><\/p>\n<p><em>s. Alicja Adamska, <a href=\"http:\/\/duszajezusa.pl\/\" target=\"_blank\" rel=\"noopener noreferrer\">Zgromadzenie Si\u00f3str Naj\u015bwi\u0119tszej Duszy Chrystusa Pana<\/a><\/em><\/p>\n<p style=\"text-align: justify;\" align=\"JUSTIFY\"><span style=\"color: #ff0000;\"><span style=\"font-size: large;\"><b>Kwota projektu: 3330 \u20ac\u00a0 Przekazana kwota 1000\u20ac<br \/>\n<\/b><\/span><\/span><\/p>\n<p style=\"text-align: justify;\"><strong>Numer projektu: 149\/CHRYS <\/strong><\/p>\n<p style=\"text-align: justify;\" align=\"JUSTIFY\"><span style=\"color: #808080;\">Stowarzyszenie Ruchu\u00a0<em>Maitri<\/em>\u00a0przeznacza do 10% otrzymanych \u015brodk\u00f3w na koszty funkcjonowania biura i pozyskiwanie funduszy pomocowych.<\/span><\/p>\n<h3 style=\"text-align: justify;\" align=\"JUSTIFY\"><span style=\"color: #808080;\">\u015awi\u0119to dzieci w Afryce &#8211; pom\u00f3\u017c zorganizowa\u0107 Dzie\u0144 Dziecka w misji Abong-Mbang w Kamerunie<\/span><\/h3>\n","protected":false},"excerpt":{"rendered":"<p><strong>Projekt:\u00a0<\/strong> <em>s. Alicja Adamska, <a href=\"http:\/\/duszajezusa.pl\/\" target=\"_blank\" rel=\"noopener noreferrer\">Zgromadzenie Si\u00f3str Naj\u015bwi\u0119tszej Duszy Chrystusa Pana<\/a><\/em><br \/>\n<strong>Misja:<\/strong> Abong Mbang, <a href=\"https:\/\/www.maitri.pl\/gdzie-pomagamy\/\" target=\"_blank\" rel=\"noopener noreferrer\">Kamerun<\/a><br \/>\n<strong>Kwota projektu: <span style=\"color: #ff0000;\">3330 \u20ac<\/span><\/strong><\/p>\n","protected":false},"featured_media":24236,"template":"","meta":[],"product_brand":[],"product_cat":[656],"product_tag":[927,658,659,660],"class_list":{"0":"post-24203","1":"product","2":"type-product","3":"status-publish","4":"has-post-thumbnail","6":"product_cat-bez-kategorii","7":"product_tag-abong-mabgn","8":"product_tag-kamerun","9":"product_tag-siostra-alicja-adamska","10":"product_tag-zgromadzenie-siostr-najswietszej-duszy-chrystusa-pana","12":"first","13":"instock","14":"virtual","15":"purchasable","16":"product-type-simple"},"yoast_head":"<!-- This site is optimized with the Yoast SEO plugin v27.2 - https:\/\/yoast.com\/product\/yoast-seo-wordpress\/ -->\n<title>\u015awi\u0119to dzieci w Afryce - pom\u00f3\u017c zorganizowa\u0107 Dzie\u0144 Dziecka w Kamerunie<\/title>\n<meta name=\"description\" content=\"\u015awi\u0119to dzieci w Afryce - pom\u00f3\u017c zorganizowa\u0107 Dzie\u0144 Dziecka w Kamerunie. O pomoc prosz\u0105 Siostry Naj\u015bw. Duszy Chrystusa Pana.\" \/>\n<meta name=\"robots\" content=\"index, follow, max-snippet:-1, max-image-preview:large, max-video-preview:-1\" \/>\n<link rel=\"canonical\" href=\"https:\/\/www.maitri.pl\/projekt\/swieto-dzieci-w-afryce\/\" \/>\n<meta property=\"og:locale\" content=\"fr_FR\" \/>\n<meta property=\"og:type\" content=\"article\" \/>\n<meta property=\"og:title\" content=\"\u015awi\u0119to dzieci w Afryce - pom\u00f3\u017c zorganizowa\u0107 Dzie\u0144 Dziecka w Kamerunie\" \/>\n<meta property=\"og:description\" content=\"\u015awi\u0119to dzieci w Afryce - pom\u00f3\u017c zorganizowa\u0107 Dzie\u0144 Dziecka w Kamerunie. O pomoc prosz\u0105 Siostry Naj\u015bw. Duszy Chrystusa Pana.\" \/>\n<meta property=\"og:url\" content=\"https:\/\/www.maitri.pl\/projekt\/swieto-dzieci-w-afryce\/\" \/>\n<meta property=\"og:site_name\" content=\"Ruch Maitri - Adopcja Serca pomoc Afryce\" \/>\n<meta property=\"article:publisher\" content=\"https:\/\/www.facebook.com\/MAITRI.Adopcja.Serca.dzieci.Afryki\/\" \/>\n<meta property=\"article:modified_time\" content=\"2023-02-10T11:17:36+00:00\" \/>\n<meta property=\"og:image\" content=\"https:\/\/www.maitri.pl\/wp-content\/uploads\/2022\/02\/149-chrys-.jpg\" \/>\n\t<meta property=\"og:image:width\" content=\"2560\" \/>\n\t<meta property=\"og:image:height\" content=\"1440\" \/>\n\t<meta property=\"og:image:type\" content=\"image\/jpeg\" \/>\n<meta name=\"twitter:card\" content=\"summary_large_image\" \/>\n<meta name=\"twitter:label1\" content=\"Dur\u00e9e de lecture estim\u00e9e\" \/>\n\t<meta name=\"twitter:data1\" content=\"3 minutes\" \/>\n<script type=\"application\/ld+json\" class=\"yoast-schema-graph\">{\"@context\":\"https:\/\/schema.org\",\"@graph\":[{\"@type\":\"WebPage\",\"@id\":\"https:\/\/www.maitri.pl\/projekt\/swieto-dzieci-w-afryce\/\",\"url\":\"https:\/\/www.maitri.pl\/projekt\/swieto-dzieci-w-afryce\/\",\"name\":\"\u015awi\u0119to dzieci w Afryce - pom\u00f3\u017c zorganizowa\u0107 Dzie\u0144 Dziecka w Kamerunie\",\"isPartOf\":{\"@id\":\"https:\/\/www.maitri.pl\/#website\"},\"primaryImageOfPage\":{\"@id\":\"https:\/\/www.maitri.pl\/projekt\/swieto-dzieci-w-afryce\/#primaryimage\"},\"image\":{\"@id\":\"https:\/\/www.maitri.pl\/projekt\/swieto-dzieci-w-afryce\/#primaryimage\"},\"thumbnailUrl\":\"https:\/\/www.maitri.pl\/wp-content\/uploads\/2022\/02\/149-chrys-.jpg\",\"datePublished\":\"2022-02-21T10:59:20+00:00\",\"dateModified\":\"2023-02-10T11:17:36+00:00\",\"description\":\"\u015awi\u0119to dzieci w Afryce - pom\u00f3\u017c zorganizowa\u0107 Dzie\u0144 Dziecka w Kamerunie. O pomoc prosz\u0105 Siostry Naj\u015bw. Duszy Chrystusa Pana.\",\"breadcrumb\":{\"@id\":\"https:\/\/www.maitri.pl\/projekt\/swieto-dzieci-w-afryce\/#breadcrumb\"},\"inLanguage\":\"fr-FR\",\"potentialAction\":[{\"@type\":\"ReadAction\",\"target\":[\"https:\/\/www.maitri.pl\/projekt\/swieto-dzieci-w-afryce\/\"]}]},{\"@type\":\"ImageObject\",\"inLanguage\":\"fr-FR\",\"@id\":\"https:\/\/www.maitri.pl\/projekt\/swieto-dzieci-w-afryce\/#primaryimage\",\"url\":\"https:\/\/www.maitri.pl\/wp-content\/uploads\/2022\/02\/149-chrys-.jpg\",\"contentUrl\":\"https:\/\/www.maitri.pl\/wp-content\/uploads\/2022\/02\/149-chrys-.jpg\",\"width\":2560,\"height\":1440,\"caption\":\"\u015bwi\u0119to dzieci pomoc ubogim Pomoc Afryce dzieci Afryki Ruch Maitri Adocpja Serca dzieci do obiad dla uczni\u00f3w Koudadeng Pomoc Afryce dzieci Afryki Ruch Maitri Adopcja Serca dzieci do Adopcji 01\"},{\"@type\":\"BreadcrumbList\",\"@id\":\"https:\/\/www.maitri.pl\/projekt\/swieto-dzieci-w-afryce\/#breadcrumb\",\"itemListElement\":[{\"@type\":\"ListItem\",\"position\":1,\"name\":\"Strona g\u0142\u00f3wna\",\"item\":\"https:\/\/www.maitri.pl\/\"},{\"@type\":\"ListItem\",\"position\":2,\"name\":\"Sklep\",\"item\":\"https:\/\/www.maitri.pl\/sklep\/\"},{\"@type\":\"ListItem\",\"position\":3,\"name\":\"\u015awi\u0119to dzieci w Afryce &#8211; pom\u00f3\u017c zorganizowa\u0107 Dzie\u0144 Dziecka w misji Abong-Mbang w Kamerunie\"}]},{\"@type\":\"WebSite\",\"@id\":\"https:\/\/www.maitri.pl\/#website\",\"url\":\"https:\/\/www.maitri.pl\/\",\"name\":\"Adopcja Serca Maitri \u2013 pomoc dzieciom w Afryce\",\"description\":\"Adopcja Serca \u2013 adopcja na odleg\u0142o\u015b\u0107, pomoc Afryce, do\u017cywianie i edukacja w Afryce\",\"publisher\":{\"@id\":\"https:\/\/www.maitri.pl\/#organization\"},\"potentialAction\":[{\"@type\":\"SearchAction\",\"target\":{\"@type\":\"EntryPoint\",\"urlTemplate\":\"https:\/\/www.maitri.pl\/?s={search_term_string}\"},\"query-input\":{\"@type\":\"PropertyValueSpecification\",\"valueRequired\":true,\"valueName\":\"search_term_string\"}}],\"inLanguage\":\"fr-FR\"},{\"@type\":\"Organization\",\"@id\":\"https:\/\/www.maitri.pl\/#organization\",\"name\":\"Stowarzyszenie Ruchu Maitri\",\"url\":\"https:\/\/www.maitri.pl\/\",\"logo\":{\"@type\":\"ImageObject\",\"inLanguage\":\"fr-FR\",\"@id\":\"https:\/\/www.maitri.pl\/#\/schema\/logo\/image\/\",\"url\":\"https:\/\/www.maitri.pl\/wp-content\/uploads\/2020\/04\/duze_logo-81.png\",\"contentUrl\":\"https:\/\/www.maitri.pl\/wp-content\/uploads\/2020\/04\/duze_logo-81.png\",\"width\":339,\"height\":321,\"caption\":\"Stowarzyszenie Ruchu Maitri\"},\"image\":{\"@id\":\"https:\/\/www.maitri.pl\/#\/schema\/logo\/image\/\"},\"sameAs\":[\"https:\/\/www.facebook.com\/MAITRI.Adopcja.Serca.dzieci.Afryki\/\"]}]}<\/script>\n<!-- \/ Yoast SEO plugin. -->","yoast_head_json":{"title":"\u015awi\u0119to dzieci w Afryce - pom\u00f3\u017c zorganizowa\u0107 Dzie\u0144 Dziecka w Kamerunie","description":"\u015awi\u0119to dzieci w Afryce - pom\u00f3\u017c zorganizowa\u0107 Dzie\u0144 Dziecka w Kamerunie. O pomoc prosz\u0105 Siostry Naj\u015bw. Duszy Chrystusa Pana.","robots":{"index":"index","follow":"follow","max-snippet":"max-snippet:-1","max-image-preview":"max-image-preview:large","max-video-preview":"max-video-preview:-1"},"canonical":"https:\/\/www.maitri.pl\/projekt\/swieto-dzieci-w-afryce\/","og_locale":"fr_FR","og_type":"article","og_title":"\u015awi\u0119to dzieci w Afryce - pom\u00f3\u017c zorganizowa\u0107 Dzie\u0144 Dziecka w Kamerunie","og_description":"\u015awi\u0119to dzieci w Afryce - pom\u00f3\u017c zorganizowa\u0107 Dzie\u0144 Dziecka w Kamerunie. O pomoc prosz\u0105 Siostry Naj\u015bw. Duszy Chrystusa Pana.","og_url":"https:\/\/www.maitri.pl\/projekt\/swieto-dzieci-w-afryce\/","og_site_name":"Ruch Maitri - Adopcja Serca pomoc Afryce","article_publisher":"https:\/\/www.facebook.com\/MAITRI.Adopcja.Serca.dzieci.Afryki\/","article_modified_time":"2023-02-10T11:17:36+00:00","og_image":[{"width":2560,"height":1440,"url":"https:\/\/www.maitri.pl\/wp-content\/uploads\/2022\/02\/149-chrys-.jpg","type":"image\/jpeg"}],"twitter_card":"summary_large_image","twitter_misc":{"Dur\u00e9e de lecture estim\u00e9e":"3 minutes"},"schema":{"@context":"https:\/\/schema.org","@graph":[{"@type":"WebPage","@id":"https:\/\/www.maitri.pl\/projekt\/swieto-dzieci-w-afryce\/","url":"https:\/\/www.maitri.pl\/projekt\/swieto-dzieci-w-afryce\/","name":"\u015awi\u0119to dzieci w Afryce - pom\u00f3\u017c zorganizowa\u0107 Dzie\u0144 Dziecka w Kamerunie","isPartOf":{"@id":"https:\/\/www.maitri.pl\/#website"},"primaryImageOfPage":{"@id":"https:\/\/www.maitri.pl\/projekt\/swieto-dzieci-w-afryce\/#primaryimage"},"image":{"@id":"https:\/\/www.maitri.pl\/projekt\/swieto-dzieci-w-afryce\/#primaryimage"},"thumbnailUrl":"https:\/\/www.maitri.pl\/wp-content\/uploads\/2022\/02\/149-chrys-.jpg","datePublished":"2022-02-21T10:59:20+00:00","dateModified":"2023-02-10T11:17:36+00:00","description":"\u015awi\u0119to dzieci w Afryce - pom\u00f3\u017c zorganizowa\u0107 Dzie\u0144 Dziecka w Kamerunie. O pomoc prosz\u0105 Siostry Naj\u015bw. Duszy Chrystusa Pana.","breadcrumb":{"@id":"https:\/\/www.maitri.pl\/projekt\/swieto-dzieci-w-afryce\/#breadcrumb"},"inLanguage":"fr-FR","potentialAction":[{"@type":"ReadAction","target":["https:\/\/www.maitri.pl\/projekt\/swieto-dzieci-w-afryce\/"]}]},{"@type":"ImageObject","inLanguage":"fr-FR","@id":"https:\/\/www.maitri.pl\/projekt\/swieto-dzieci-w-afryce\/#primaryimage","url":"https:\/\/www.maitri.pl\/wp-content\/uploads\/2022\/02\/149-chrys-.jpg","contentUrl":"https:\/\/www.maitri.pl\/wp-content\/uploads\/2022\/02\/149-chrys-.jpg","width":2560,"height":1440,"caption":"\u015bwi\u0119to dzieci pomoc ubogim Pomoc Afryce dzieci Afryki Ruch Maitri Adocpja Serca dzieci do obiad dla uczni\u00f3w Koudadeng Pomoc Afryce dzieci Afryki Ruch Maitri Adopcja Serca dzieci do Adopcji 01"},{"@type":"BreadcrumbList","@id":"https:\/\/www.maitri.pl\/projekt\/swieto-dzieci-w-afryce\/#breadcrumb","itemListElement":[{"@type":"ListItem","position":1,"name":"Strona g\u0142\u00f3wna","item":"https:\/\/www.maitri.pl\/"},{"@type":"ListItem","position":2,"name":"Sklep","item":"https:\/\/www.maitri.pl\/sklep\/"},{"@type":"ListItem","position":3,"name":"\u015awi\u0119to dzieci w Afryce &#8211; pom\u00f3\u017c zorganizowa\u0107 Dzie\u0144 Dziecka w misji Abong-Mbang w Kamerunie"}]},{"@type":"WebSite","@id":"https:\/\/www.maitri.pl\/#website","url":"https:\/\/www.maitri.pl\/","name":"Adopcja Serca Maitri \u2013 pomoc dzieciom w Afryce","description":"Adopcja Serca \u2013 adopcja na odleg\u0142o\u015b\u0107, pomoc Afryce, do\u017cywianie i edukacja w Afryce","publisher":{"@id":"https:\/\/www.maitri.pl\/#organization"},"potentialAction":[{"@type":"SearchAction","target":{"@type":"EntryPoint","urlTemplate":"https:\/\/www.maitri.pl\/?s={search_term_string}"},"query-input":{"@type":"PropertyValueSpecification","valueRequired":true,"valueName":"search_term_string"}}],"inLanguage":"fr-FR"},{"@type":"Organization","@id":"https:\/\/www.maitri.pl\/#organization","name":"Stowarzyszenie Ruchu Maitri","url":"https:\/\/www.maitri.pl\/","logo":{"@type":"ImageObject","inLanguage":"fr-FR","@id":"https:\/\/www.maitri.pl\/#\/schema\/logo\/image\/","url":"https:\/\/www.maitri.pl\/wp-content\/uploads\/2020\/04\/duze_logo-81.png","contentUrl":"https:\/\/www.maitri.pl\/wp-content\/uploads\/2020\/04\/duze_logo-81.png","width":339,"height":321,"caption":"Stowarzyszenie Ruchu Maitri"},"image":{"@id":"https:\/\/www.maitri.pl\/#\/schema\/logo\/image\/"},"sameAs":["https:\/\/www.facebook.com\/MAITRI.Adopcja.Serca.dzieci.Afryki\/"]}]}},"_links":{"self":[{"href":"https:\/\/www.maitri.pl\/fr\/wp-json\/wp\/v2\/product\/24203","targetHints":{"allow":["GET"]}}],"collection":[{"href":"https:\/\/www.maitri.pl\/fr\/wp-json\/wp\/v2\/product"}],"about":[{"href":"https:\/\/www.maitri.pl\/fr\/wp-json\/wp\/v2\/types\/product"}],"wp:featuredmedia":[{"embeddable":true,"href":"https:\/\/www.maitri.pl\/fr\/wp-json\/wp\/v2\/media\/24236"}],"wp:attachment":[{"href":"https:\/\/www.maitri.pl\/fr\/wp-json\/wp\/v2\/media?parent=24203"}],"wp:term":[{"taxonomy":"product_brand","embeddable":true,"href":"https:\/\/www.maitri.pl\/fr\/wp-json\/wp\/v2\/product_brand?post=24203"},{"taxonomy":"product_cat","embeddable":true,"href":"https:\/\/www.maitri.pl\/fr\/wp-json\/wp\/v2\/product_cat?post=24203"},{"taxonomy":"product_tag","embeddable":true,"href":"https:\/\/www.maitri.pl\/fr\/wp-json\/wp\/v2\/product_tag?post=24203"}],"curies":[{"name":"wp","href":"https:\/\/api.w.org\/{rel}","templated":true}]}}