{"id":24202,"date":"2022-02-21T11:59:03","date_gmt":"2022-02-21T10:59:03","guid":{"rendered":"https:\/\/www.maitri.pl\/?post_type=product&#038;p=24202"},"modified":"2023-02-10T12:18:08","modified_gmt":"2023-02-10T11:18:08","slug":"oplac-internat-nyakinama","status":"publish","type":"product","link":"https:\/\/www.maitri.pl\/fr\/projekt\/oplac-internat-nyakinama\/","title":{"rendered":"Op\u0142a\u0107 internat dla niepe\u0142nosprawnych uczni\u00f3w ze szko\u0142y w Nyakinama w Rwandzie"},"content":{"rendered":"<h4>Skazani na cierpienie<\/h4>\n<p>Wiele afryka\u0144skich dzieci \u017cyje od najm\u0142odszych lat w bardzo trudnych warunkach. Sytuacja staje si\u0119 dramatyczna, gdy do tego dochodzi np. niepe\u0142nosprawno\u015b\u0107. Dzi\u0119ki programowi <a href=\"https:\/\/www.maitri.pl\/dzieci-niepelnosprawne\/\" target=\"_blank\" rel=\"noopener\">Adopcja Medyczna<\/a>, 60 chorych dzieci ma mo\u017cliwo\u015b\u0107 lepszego rozwijania si\u0119, co wydaje dobre owoce. W\u015br\u00f3d podopiecznych mamy g\u0142\u00f3wnie dzieci z kalectwem fizycznym, powsta\u0142ym wskutek r\u00f3\u017cnych problem\u00f3w porodowych, dzieci z wrodzon\u0105 deformacj\u0105 ko\u0144czyn dolnych i g\u00f3rnych, po pra\u017ceniu m\u00f3zgowym itd. Jest te\u017c grupa z zaburzeniami psychicznymi. Ich niedo\u0142\u0119\u017cno\u015b\u0107 jest tak wielka, \u017ce cz\u0119sto s\u0105 uzale\u017cnione od swoich opiekun\u00f3w. W Rwandzie koszty leczenia specjalistycznego, operacje chirurgiczne, rehabilitacje s\u0105 bardzo wysokie. Opieka nad nimi przynosi najlepsze rezultaty, gdy jest codzienna i dost\u0119pna. W tej sytuacji idealnym rozwi\u0105zaniem jest umieszczenie niepe\u0142nosprawnych dzieci w internacie przy naszej szkole. Niestety koszt czesnego przekracza nasze mo\u017cliwo\u015bci finansowe. Dlatego prosimy: op\u0142a\u0107 internat dla niepe\u0142nosprawnych uczni\u00f3w z naszej szko\u0142y!<\/p>\n<h4>Ekstremalne warunki bytowania<\/h4>\n<p>Poznaj\u0105c bli\u017cej warunki \u017cycia rodzin naszych chorych zauwa\u017cyli\u015bmy, \u017ce wi\u0119kszo\u015b\u0107 z nich \u017cyje w ekstremalnie ci\u0119\u017ckich warunkach. Cz\u0119sto brakuje im podstawowych \u015brodk\u00f3w do \u017cycia m.in. odpowiedniego wy\u017cywienia, \u015brodk\u00f3w sanitarnych. Problem ten dotyczy g\u0142\u00f3wnie dzieci z upo\u015bledzeniem umys\u0142owym. Wiele dzieci z kalectwem fizycznym pragnie ucz\u0119szcza\u0107 do szko\u0142y, zdoby\u0107 wiedz\u0119, tak jak inne, zdrowe dzieci. Niestety z racji oddalenia od szko\u0142y, nie mog\u0105 samodzielnie pokona\u0107 d\u0142ugiej drogi do klasy. Pomoc doros\u0142ych cz\u0142onk\u00f3w rodziny nie zawsze jest mo\u017cliwa. W ich przypadku r\u00f3wnie\u017c jest potrzebna szko\u0142a z internatem. Niestety, op\u0142aty za tego rodzaju szko\u0142\u0119 s\u0105 wysokie i rodzic\u00f3w nie sta\u0107 na zap\u0142acenie czesnego. Dlatego te\u017c w ich imieniu zwracam si\u0119 do Was z gor\u0105c\u0105 pro\u015bb\u0105 o pomoc w sfinansowaniu tym\u017ce dzieciom nauki. Op\u0142a\u0107 internat niepe\u0142nosprawnym dzieciom z Nyakinama!<\/p>\n<h4><strong>Kosztorys:<\/strong><\/h4>\n<p>Pomoc w op\u0142aceniu szko\u0142y z internatem za okres 10 miesi\u0119cy dla 14 podopiecznych &#8211; razem 4.510 euro<\/p>\n<p><strong>Podsumowanie w miejscowej walucie: 2 952634,70 frank\u00f3w CFA<\/strong><\/p>\n<p>Bardzo dzi\u0119kujemy za przekazanie \u015brodk\u00f3w na ten cel!<\/p>\n<p>Siostra Agnieszka Czajkowska, <a href=\"https:\/\/www.siostryodaniolow.pl\/\" target=\"_blank\" rel=\"noopener noreferrer\">Zgromadzenie Si\u00f3str od Anio\u0142\u00f3w<\/a>, Nyakinama Rwanda<\/p>\n<p style=\"text-align: justify;\" align=\"JUSTIFY\"><span style=\"color: #ff0000;\"><span style=\"font-size: large;\"><b>Kwota projektu: 4.510 \u20ac<br \/>\n<\/b><\/span><\/span><\/p>\n<p style=\"text-align: justify;\"><strong>Numer projektu: 148\/ANIOL <\/strong><\/p>\n<p style=\"text-align: justify;\" align=\"JUSTIFY\"><span style=\"color: #808080;\">Stowarzyszenie Ruchu\u00a0<em>Maitri<\/em>\u00a0przeznacza do 10% otrzymanych \u015brodk\u00f3w na koszty funkcjonowania biura i pozyskiwanie funduszy pomocowych.<\/span><\/p>\n<h3 style=\"text-align: justify;\" align=\"JUSTIFY\"><span style=\"color: #808080;\">Op\u0142a\u0107 internat dla niepe\u0142nosprawnych uczni\u00f3w ze szko\u0142y w Nyakinama w Rwandzie<\/span><\/h3>\n","protected":false},"excerpt":{"rendered":"<p><strong>Projekt:<\/strong> Siostra Agnieszka Czajkowska, <a href=\"https:\/\/www.siostryodaniolow.pl\/\" target=\"_blank\" rel=\"noopener noreferrer\">Zgromadzenie Si\u00f3str od Anio\u0142\u00f3w<\/a><br \/>\n<strong>Misja:<\/strong> Nyakinama, <a href=\"https:\/\/www.maitri.pl\/gdzie-pomagamy\/\" target=\"_blank\" rel=\"noopener noreferrer\">Rwanda<\/a><br \/>\n<strong>Kwota projektu:<\/strong> <span style=\"color: #ff0000;\"><strong>4.510 \u20ac<\/strong><\/span><\/p>\n","protected":false},"featured_media":24610,"template":"","meta":[],"product_brand":[],"product_cat":[656],"product_tag":[926,705,707,708,665],"class_list":{"0":"post-24202","1":"product","2":"type-product","3":"status-publish","4":"has-post-thumbnail","6":"product_cat-bez-kategorii","7":"product_tag-dzieci-niepelnosprawne","8":"product_tag-nyakinama","9":"product_tag-rwanda","10":"product_tag-siostra-agnieszka-czajkowska","11":"product_tag-zgromadzenie-siostr-od-aniolow","13":"first","14":"instock","15":"virtual","16":"purchasable","17":"product-type-simple"},"yoast_head":"<!-- This site is optimized with the Yoast SEO plugin v27.2 - https:\/\/yoast.com\/product\/yoast-seo-wordpress\/ -->\n<title>Op\u0142a\u0107 internat dla niepe\u0142nosprawnych uczni\u00f3w z Nyakinama w Rwandzie<\/title>\n<meta name=\"description\" content=\"Op\u0142a\u0107 internat dla niepe\u0142nosprawnych uczni\u00f3w ze szko\u0142y w Nyakinama w Rwandzie. O wsparcie dla najs\u0142abszych prosz\u0105 Siostry od Anio\u0142\u00f3w.\" \/>\n<meta name=\"robots\" content=\"index, follow, max-snippet:-1, max-image-preview:large, max-video-preview:-1\" \/>\n<link rel=\"canonical\" href=\"https:\/\/www.maitri.pl\/projekt\/oplac-internat-nyakinama\/\" \/>\n<meta property=\"og:locale\" content=\"fr_FR\" \/>\n<meta property=\"og:type\" content=\"article\" \/>\n<meta property=\"og:title\" content=\"Op\u0142a\u0107 internat dla niepe\u0142nosprawnych uczni\u00f3w z Nyakinama w Rwandzie\" \/>\n<meta property=\"og:description\" content=\"Op\u0142a\u0107 internat dla niepe\u0142nosprawnych uczni\u00f3w ze szko\u0142y w Nyakinama w Rwandzie. O wsparcie dla najs\u0142abszych prosz\u0105 Siostry od Anio\u0142\u00f3w.\" \/>\n<meta property=\"og:url\" content=\"https:\/\/www.maitri.pl\/projekt\/oplac-internat-nyakinama\/\" \/>\n<meta property=\"og:site_name\" content=\"Ruch Maitri - Adopcja Serca pomoc Afryce\" \/>\n<meta property=\"article:publisher\" content=\"https:\/\/www.facebook.com\/MAITRI.Adopcja.Serca.dzieci.Afryki\/\" \/>\n<meta property=\"article:modified_time\" content=\"2023-02-10T11:18:08+00:00\" \/>\n<meta property=\"og:image\" content=\"https:\/\/www.maitri.pl\/wp-content\/uploads\/2022\/02\/DSCF7848.jpg\" \/>\n\t<meta property=\"og:image:width\" content=\"1212\" \/>\n\t<meta property=\"og:image:height\" content=\"809\" \/>\n\t<meta property=\"og:image:type\" content=\"image\/jpeg\" \/>\n<meta name=\"twitter:card\" content=\"summary_large_image\" \/>\n<meta name=\"twitter:label1\" content=\"Dur\u00e9e de lecture estim\u00e9e\" \/>\n\t<meta name=\"twitter:data1\" content=\"3 minutes\" \/>\n<script type=\"application\/ld+json\" class=\"yoast-schema-graph\">{\"@context\":\"https:\/\/schema.org\",\"@graph\":[{\"@type\":\"WebPage\",\"@id\":\"https:\/\/www.maitri.pl\/projekt\/oplac-internat-nyakinama\/\",\"url\":\"https:\/\/www.maitri.pl\/projekt\/oplac-internat-nyakinama\/\",\"name\":\"Op\u0142a\u0107 internat dla niepe\u0142nosprawnych uczni\u00f3w z Nyakinama w Rwandzie\",\"isPartOf\":{\"@id\":\"https:\/\/www.maitri.pl\/#website\"},\"primaryImageOfPage\":{\"@id\":\"https:\/\/www.maitri.pl\/projekt\/oplac-internat-nyakinama\/#primaryimage\"},\"image\":{\"@id\":\"https:\/\/www.maitri.pl\/projekt\/oplac-internat-nyakinama\/#primaryimage\"},\"thumbnailUrl\":\"https:\/\/www.maitri.pl\/wp-content\/uploads\/2022\/02\/DSCF7848.jpg\",\"datePublished\":\"2022-02-21T10:59:03+00:00\",\"dateModified\":\"2023-02-10T11:18:08+00:00\",\"description\":\"Op\u0142a\u0107 internat dla niepe\u0142nosprawnych uczni\u00f3w ze szko\u0142y w Nyakinama w Rwandzie. O wsparcie dla najs\u0142abszych prosz\u0105 Siostry od Anio\u0142\u00f3w.\",\"breadcrumb\":{\"@id\":\"https:\/\/www.maitri.pl\/projekt\/oplac-internat-nyakinama\/#breadcrumb\"},\"inLanguage\":\"fr-FR\",\"potentialAction\":[{\"@type\":\"ReadAction\",\"target\":[\"https:\/\/www.maitri.pl\/projekt\/oplac-internat-nyakinama\/\"]}]},{\"@type\":\"ImageObject\",\"inLanguage\":\"fr-FR\",\"@id\":\"https:\/\/www.maitri.pl\/projekt\/oplac-internat-nyakinama\/#primaryimage\",\"url\":\"https:\/\/www.maitri.pl\/wp-content\/uploads\/2022\/02\/DSCF7848.jpg\",\"contentUrl\":\"https:\/\/www.maitri.pl\/wp-content\/uploads\/2022\/02\/DSCF7848.jpg\",\"width\":1212,\"height\":809,\"caption\":\"op\u0142a\u0107 internat pomoc ubogim Pomoc Afryce dzieci Afryki Ruch Maitri Adocpja Serca dzieci do obiad dla uczni\u00f3w Koudadeng Pomoc Afryce dzieci Afryki Ruch Maitri Adopcja Serca dzieci do Adopcji 04\"},{\"@type\":\"BreadcrumbList\",\"@id\":\"https:\/\/www.maitri.pl\/projekt\/oplac-internat-nyakinama\/#breadcrumb\",\"itemListElement\":[{\"@type\":\"ListItem\",\"position\":1,\"name\":\"Strona g\u0142\u00f3wna\",\"item\":\"https:\/\/www.maitri.pl\/\"},{\"@type\":\"ListItem\",\"position\":2,\"name\":\"Sklep\",\"item\":\"https:\/\/www.maitri.pl\/sklep\/\"},{\"@type\":\"ListItem\",\"position\":3,\"name\":\"Op\u0142a\u0107 internat dla niepe\u0142nosprawnych uczni\u00f3w ze szko\u0142y w Nyakinama w Rwandzie\"}]},{\"@type\":\"WebSite\",\"@id\":\"https:\/\/www.maitri.pl\/#website\",\"url\":\"https:\/\/www.maitri.pl\/\",\"name\":\"Adopcja Serca Maitri \u2013 pomoc dzieciom w Afryce\",\"description\":\"Adopcja Serca \u2013 adopcja na odleg\u0142o\u015b\u0107, pomoc Afryce, do\u017cywianie i edukacja w Afryce\",\"publisher\":{\"@id\":\"https:\/\/www.maitri.pl\/#organization\"},\"potentialAction\":[{\"@type\":\"SearchAction\",\"target\":{\"@type\":\"EntryPoint\",\"urlTemplate\":\"https:\/\/www.maitri.pl\/?s={search_term_string}\"},\"query-input\":{\"@type\":\"PropertyValueSpecification\",\"valueRequired\":true,\"valueName\":\"search_term_string\"}}],\"inLanguage\":\"fr-FR\"},{\"@type\":\"Organization\",\"@id\":\"https:\/\/www.maitri.pl\/#organization\",\"name\":\"Stowarzyszenie Ruchu Maitri\",\"url\":\"https:\/\/www.maitri.pl\/\",\"logo\":{\"@type\":\"ImageObject\",\"inLanguage\":\"fr-FR\",\"@id\":\"https:\/\/www.maitri.pl\/#\/schema\/logo\/image\/\",\"url\":\"https:\/\/www.maitri.pl\/wp-content\/uploads\/2020\/04\/duze_logo-81.png\",\"contentUrl\":\"https:\/\/www.maitri.pl\/wp-content\/uploads\/2020\/04\/duze_logo-81.png\",\"width\":339,\"height\":321,\"caption\":\"Stowarzyszenie Ruchu Maitri\"},\"image\":{\"@id\":\"https:\/\/www.maitri.pl\/#\/schema\/logo\/image\/\"},\"sameAs\":[\"https:\/\/www.facebook.com\/MAITRI.Adopcja.Serca.dzieci.Afryki\/\"]}]}<\/script>\n<!-- \/ Yoast SEO plugin. -->","yoast_head_json":{"title":"Op\u0142a\u0107 internat dla niepe\u0142nosprawnych uczni\u00f3w z Nyakinama w Rwandzie","description":"Op\u0142a\u0107 internat dla niepe\u0142nosprawnych uczni\u00f3w ze szko\u0142y w Nyakinama w Rwandzie. O wsparcie dla najs\u0142abszych prosz\u0105 Siostry od Anio\u0142\u00f3w.","robots":{"index":"index","follow":"follow","max-snippet":"max-snippet:-1","max-image-preview":"max-image-preview:large","max-video-preview":"max-video-preview:-1"},"canonical":"https:\/\/www.maitri.pl\/projekt\/oplac-internat-nyakinama\/","og_locale":"fr_FR","og_type":"article","og_title":"Op\u0142a\u0107 internat dla niepe\u0142nosprawnych uczni\u00f3w z Nyakinama w Rwandzie","og_description":"Op\u0142a\u0107 internat dla niepe\u0142nosprawnych uczni\u00f3w ze szko\u0142y w Nyakinama w Rwandzie. O wsparcie dla najs\u0142abszych prosz\u0105 Siostry od Anio\u0142\u00f3w.","og_url":"https:\/\/www.maitri.pl\/projekt\/oplac-internat-nyakinama\/","og_site_name":"Ruch Maitri - Adopcja Serca pomoc Afryce","article_publisher":"https:\/\/www.facebook.com\/MAITRI.Adopcja.Serca.dzieci.Afryki\/","article_modified_time":"2023-02-10T11:18:08+00:00","og_image":[{"width":1212,"height":809,"url":"https:\/\/www.maitri.pl\/wp-content\/uploads\/2022\/02\/DSCF7848.jpg","type":"image\/jpeg"}],"twitter_card":"summary_large_image","twitter_misc":{"Dur\u00e9e de lecture estim\u00e9e":"3 minutes"},"schema":{"@context":"https:\/\/schema.org","@graph":[{"@type":"WebPage","@id":"https:\/\/www.maitri.pl\/projekt\/oplac-internat-nyakinama\/","url":"https:\/\/www.maitri.pl\/projekt\/oplac-internat-nyakinama\/","name":"Op\u0142a\u0107 internat dla niepe\u0142nosprawnych uczni\u00f3w z Nyakinama w Rwandzie","isPartOf":{"@id":"https:\/\/www.maitri.pl\/#website"},"primaryImageOfPage":{"@id":"https:\/\/www.maitri.pl\/projekt\/oplac-internat-nyakinama\/#primaryimage"},"image":{"@id":"https:\/\/www.maitri.pl\/projekt\/oplac-internat-nyakinama\/#primaryimage"},"thumbnailUrl":"https:\/\/www.maitri.pl\/wp-content\/uploads\/2022\/02\/DSCF7848.jpg","datePublished":"2022-02-21T10:59:03+00:00","dateModified":"2023-02-10T11:18:08+00:00","description":"Op\u0142a\u0107 internat dla niepe\u0142nosprawnych uczni\u00f3w ze szko\u0142y w Nyakinama w Rwandzie. O wsparcie dla najs\u0142abszych prosz\u0105 Siostry od Anio\u0142\u00f3w.","breadcrumb":{"@id":"https:\/\/www.maitri.pl\/projekt\/oplac-internat-nyakinama\/#breadcrumb"},"inLanguage":"fr-FR","potentialAction":[{"@type":"ReadAction","target":["https:\/\/www.maitri.pl\/projekt\/oplac-internat-nyakinama\/"]}]},{"@type":"ImageObject","inLanguage":"fr-FR","@id":"https:\/\/www.maitri.pl\/projekt\/oplac-internat-nyakinama\/#primaryimage","url":"https:\/\/www.maitri.pl\/wp-content\/uploads\/2022\/02\/DSCF7848.jpg","contentUrl":"https:\/\/www.maitri.pl\/wp-content\/uploads\/2022\/02\/DSCF7848.jpg","width":1212,"height":809,"caption":"op\u0142a\u0107 internat pomoc ubogim Pomoc Afryce dzieci Afryki Ruch Maitri Adocpja Serca dzieci do obiad dla uczni\u00f3w Koudadeng Pomoc Afryce dzieci Afryki Ruch Maitri Adopcja Serca dzieci do Adopcji 04"},{"@type":"BreadcrumbList","@id":"https:\/\/www.maitri.pl\/projekt\/oplac-internat-nyakinama\/#breadcrumb","itemListElement":[{"@type":"ListItem","position":1,"name":"Strona g\u0142\u00f3wna","item":"https:\/\/www.maitri.pl\/"},{"@type":"ListItem","position":2,"name":"Sklep","item":"https:\/\/www.maitri.pl\/sklep\/"},{"@type":"ListItem","position":3,"name":"Op\u0142a\u0107 internat dla niepe\u0142nosprawnych uczni\u00f3w ze szko\u0142y w Nyakinama w Rwandzie"}]},{"@type":"WebSite","@id":"https:\/\/www.maitri.pl\/#website","url":"https:\/\/www.maitri.pl\/","name":"Adopcja Serca Maitri \u2013 pomoc dzieciom w Afryce","description":"Adopcja Serca \u2013 adopcja na odleg\u0142o\u015b\u0107, pomoc Afryce, do\u017cywianie i edukacja w Afryce","publisher":{"@id":"https:\/\/www.maitri.pl\/#organization"},"potentialAction":[{"@type":"SearchAction","target":{"@type":"EntryPoint","urlTemplate":"https:\/\/www.maitri.pl\/?s={search_term_string}"},"query-input":{"@type":"PropertyValueSpecification","valueRequired":true,"valueName":"search_term_string"}}],"inLanguage":"fr-FR"},{"@type":"Organization","@id":"https:\/\/www.maitri.pl\/#organization","name":"Stowarzyszenie Ruchu Maitri","url":"https:\/\/www.maitri.pl\/","logo":{"@type":"ImageObject","inLanguage":"fr-FR","@id":"https:\/\/www.maitri.pl\/#\/schema\/logo\/image\/","url":"https:\/\/www.maitri.pl\/wp-content\/uploads\/2020\/04\/duze_logo-81.png","contentUrl":"https:\/\/www.maitri.pl\/wp-content\/uploads\/2020\/04\/duze_logo-81.png","width":339,"height":321,"caption":"Stowarzyszenie Ruchu Maitri"},"image":{"@id":"https:\/\/www.maitri.pl\/#\/schema\/logo\/image\/"},"sameAs":["https:\/\/www.facebook.com\/MAITRI.Adopcja.Serca.dzieci.Afryki\/"]}]}},"_links":{"self":[{"href":"https:\/\/www.maitri.pl\/fr\/wp-json\/wp\/v2\/product\/24202","targetHints":{"allow":["GET"]}}],"collection":[{"href":"https:\/\/www.maitri.pl\/fr\/wp-json\/wp\/v2\/product"}],"about":[{"href":"https:\/\/www.maitri.pl\/fr\/wp-json\/wp\/v2\/types\/product"}],"wp:featuredmedia":[{"embeddable":true,"href":"https:\/\/www.maitri.pl\/fr\/wp-json\/wp\/v2\/media\/24610"}],"wp:attachment":[{"href":"https:\/\/www.maitri.pl\/fr\/wp-json\/wp\/v2\/media?parent=24202"}],"wp:term":[{"taxonomy":"product_brand","embeddable":true,"href":"https:\/\/www.maitri.pl\/fr\/wp-json\/wp\/v2\/product_brand?post=24202"},{"taxonomy":"product_cat","embeddable":true,"href":"https:\/\/www.maitri.pl\/fr\/wp-json\/wp\/v2\/product_cat?post=24202"},{"taxonomy":"product_tag","embeddable":true,"href":"https:\/\/www.maitri.pl\/fr\/wp-json\/wp\/v2\/product_tag?post=24202"}],"curies":[{"name":"wp","href":"https:\/\/api.w.org\/{rel}","templated":true}]}}