{"id":24201,"date":"2022-02-21T11:56:34","date_gmt":"2022-02-21T10:56:34","guid":{"rendered":"https:\/\/www.maitri.pl\/?post_type=product&#038;p=24201"},"modified":"2023-02-10T12:18:16","modified_gmt":"2023-02-10T11:18:16","slug":"zakup-maszyn-do-szycia","status":"publish","type":"product","link":"https:\/\/www.maitri.pl\/fr\/projekt\/zakup-maszyn-do-szycia\/","title":{"rendered":"Zakup maszyn do szycia dla zdolnych dziewczyn z Musongati"},"content":{"rendered":"<h4>Miejsce, kt\u00f3re daje nadziej\u0119<\/h4>\n<p>Szko\u0142a Centrum Nauczania Zawodu w Musongati powsta\u0142a w latach 1973-1975. W budynku mieszcz\u0105 si\u0119 3 klasy, biuro i sklepik. To miejsce kszta\u0142cenia zdolnej, cho\u0107 ubogiej m\u0142odzie\u017cy, kt\u00f3ra chce zdoby\u0107 zaw\u00f3d. W okolicy jest du\u017cy popyt na us\u0142ugi krawcowych. Taka osoba znajdzie zawsze prac\u0119 przy szyciu odzie\u017cy lub cerowaniu. Wykszta\u0142cenie i fach w r\u0119ku to paszport do lepszego \u017cycia. Dzi\u0119ki wyuczonym umiej\u0119tno\u015bciom b\u0119d\u0105 mogli w przysz\u0142o\u015bci utrzyma\u0107 siebie i rodziny. Nasza szko\u0142a ma bardzo dobr\u0105 renom\u0119 i jest dobrze wyposa\u017cona, dlatego dzieci przychodz\u0105 z daleka. Podopieczne misji Musogati, kt\u00f3re ko\u0144cz\u0105 w tym roku nauk\u0119 kroju i szycia, bardzo potrzebuj\u0105 dodatkowej pomocy finansowej. Jest projekt, by na zako\u0144czenie nauki ka\u017cda dziewczyna dosta\u0142a w\u0142asn\u0105 maszyn\u0119 do szycia. Aby spe\u0142ni\u0107 ich marzenie konieczne jest wsparcie <a href=\"https:\/\/www.maitri.pl\/projekty-pomocowe\/\" target=\"_blank\" rel=\"noopener noreferrer\">darczy\u0144c\u00f3w Ruchu Maitri<\/a>. Prosimy o zakup maszyn do szycia dla naszych absolwentek!<\/p>\n<h4>Zaw\u00f3d to przepustka do lepszej przysz\u0142o\u015bci<\/h4>\n<p>Zgromadzenie Si\u00f3str Karmelitanek Dzieci\u0105tka Jezus nie ma \u015brodk\u00f3w na zakup maszyn do szycia, dlatego prosimy Ruch Maitri o pomoc. Darczy\u0144cy z Polski mog\u0105 wesprze\u0107 27 zdolnych os\u00f3b z ubogich rodzin. Cz\u0119\u015b\u0107 z nich to podopieczni programu <a href=\"https:\/\/www.maitri.pl\/adopcja-serca\/\" target=\"_blank\" rel=\"noopener\">Adopcja Serca<\/a>. Dali\u015bmy im mo\u017cliwo\u015b\u0107 zdobywania zawodu, a otrzymanie narz\u0119dzia pracy b\u0119dzie pi\u0119knym uwie\u0144czeniem ich drogi edukacyjnej. To dla nich bardzo wa\u017cna sprawa.<\/p>\n<p><em>W taki spos\u00f3b szanuje si\u0119 godno\u015b\u0107 cz\u0142owieka, \u017ce zarabia w\u0142asnymi r\u0119kami, a nie tylko otrzymuje.<\/em><\/p>\n<p>Maszyny do szycia mog\u0105 odmieni\u0107 codzienne \u017cycie tych kobiet. Taka pomoc pozwoli absolwentkom szko\u0142y zawodowej samodzielnie zarabia\u0107 na \u017cycie, zapewni\u0107 sobie i rodzinie \u017ar\u00f3d\u0142o utrzymania. Koszt takiej maszyny to ok. 167 \u20ac. \u017badna z tych kobiet nie widzia\u0142a takich pieni\u0119dzy na oczy. Z g\u00f3ry serdecznie dzi\u0119kujemy za wsparcie tego projektu. B\u0119d\u0119 wdzi\u0119czna za pomoc i bardzo na ni\u0105 licz\u0119. Dop\u00f3ki \u017cyjemy jeszcze \u2013 trzeba pracowa\u0107 z my\u015bl\u0105 o innych ludziach, o m\u0142odzie\u017cy bez przysz\u0142o\u015bci, aby im jako\u015b pom\u00f3c. Rozbudowa szko\u0142y pomo\u017ce zmieni\u0107 los wielu m\u0142odych ludzi na lepsze!<\/p>\n<h4>Kosztorys:<\/h4>\n<ol>\n<li>Maszyny do szycia &#8211; koszt jednej sztuki to 167 Euro x 27 absolwent\u00f3w &#8211; razem 3.841 Euro<\/li>\n<\/ol>\n<p><strong>RAZEM 3.841 Euro<\/strong><\/p>\n<p>Siostra Krystyna Pop\u0142awska, <a href=\"https:\/\/www.karmel.pl\/rodzina-karmelu\/zgromadzenie-siostr-karmelitanek-dzieciatka-jezus\/\" target=\"_blank\" rel=\"noopener noreferrer\">Zgromadzenie Si\u00f3str Karmelitanek Dzieci\u0105tka Jezus<\/a>, misja Musongati, <a href=\"https:\/\/www.maitri.pl\/gdzie-pomagamy\/\" target=\"_blank\" rel=\"noopener\">Burundi<\/a><\/p>\n<p style=\"text-align: justify;\"><span style=\"color: #ff0000;\"><span style=\"font-size: large;\"><b>Kwota projektu: 4.500 \u20ac<\/b><\/span><\/span><\/p>\n<p style=\"text-align: justify;\"><span style=\"font-size: large;\"><em><span style=\"color: #999999;\"><span style=\"font-size: medium;\">Stowarzyszenie Ruchu Maitri przeznacza do 10% otrzymanych \u015brodk\u00f3w na koszty funkcjonowania biura i pozyskiwanie funduszy pomocowych.<\/span><\/span><\/em><\/span><\/p>\n<p>&nbsp;<\/p>\n","protected":false},"excerpt":{"rendered":"<p><strong>Projekt:<\/strong> <em>s. Krystyna Pop\u0142awska<\/em>, <a href=\"https:\/\/www.karmel.pl\/rodzina-karmelu\/zgromadzenie-siostr-karmelitanek-dzieciatka-jezus\/\" target=\"_blank\" rel=\"noopener noreferrer\">Zgromadzenie Si\u00f3str Karmelitanek Dzieci\u0105tka Jezus<\/a><br \/>\n<strong>Misja:<\/strong> Musongati, <a href=\"https:\/\/www.maitri.pl\/gdzie-pomagamy\/\" target=\"_blank\" rel=\"noopener\">Burundi<\/a><br \/>\n<strong>Zbierana kwota: <span style=\"color: #ff0000;\">4.500 \u20ac<\/span><\/strong><\/p>\n","protected":false},"featured_media":24214,"template":"","meta":[],"product_brand":[],"product_cat":[656],"product_tag":[667,866,677],"class_list":{"0":"post-24201","1":"product","2":"type-product","3":"status-publish","4":"has-post-thumbnail","6":"product_cat-bez-kategorii","7":"product_tag-burundi","8":"product_tag-siostra-krystyna-poplawska","9":"product_tag-zgromadzenie-siostr-karmelitanek-dzieciatka-jezus","11":"first","12":"instock","13":"virtual","14":"purchasable","15":"product-type-simple"},"yoast_head":"<!-- This site is optimized with the Yoast SEO plugin v27.2 - https:\/\/yoast.com\/product\/yoast-seo-wordpress\/ -->\n<title>Zakup maszyn do szycia dla zdolnych dziewczyn z Musongati<\/title>\n<meta name=\"description\" content=\"Zakup maszyn do szycia dla zdolnych dziewczyn z Musongati w Burundi. O wsparcie finansowe prosz\u0105 Siostry Karmelitanki.\" \/>\n<meta name=\"robots\" content=\"index, follow, max-snippet:-1, max-image-preview:large, max-video-preview:-1\" \/>\n<link rel=\"canonical\" href=\"https:\/\/www.maitri.pl\/projekt\/zakup-maszyn-do-szycia\/\" \/>\n<meta property=\"og:locale\" content=\"fr_FR\" \/>\n<meta property=\"og:type\" content=\"article\" \/>\n<meta property=\"og:title\" content=\"Zakup maszyn do szycia dla zdolnych dziewczyn z Musongati\" \/>\n<meta property=\"og:description\" content=\"Zakup maszyn do szycia dla zdolnych dziewczyn z Musongati w Burundi. O wsparcie finansowe prosz\u0105 Siostry Karmelitanki.\" \/>\n<meta property=\"og:url\" content=\"https:\/\/www.maitri.pl\/projekt\/zakup-maszyn-do-szycia\/\" \/>\n<meta property=\"og:site_name\" content=\"Ruch Maitri - Adopcja Serca pomoc Afryce\" \/>\n<meta property=\"article:publisher\" content=\"https:\/\/www.facebook.com\/MAITRI.Adopcja.Serca.dzieci.Afryki\/\" \/>\n<meta property=\"article:modified_time\" content=\"2023-02-10T11:18:16+00:00\" \/>\n<meta property=\"og:image\" content=\"https:\/\/www.maitri.pl\/wp-content\/uploads\/2022\/02\/113-karml.jpeg\" \/>\n\t<meta property=\"og:image:width\" content=\"684\" \/>\n\t<meta property=\"og:image:height\" content=\"912\" \/>\n\t<meta property=\"og:image:type\" content=\"image\/jpeg\" \/>\n<meta name=\"twitter:card\" content=\"summary_large_image\" \/>\n<meta name=\"twitter:label1\" content=\"Dur\u00e9e de lecture estim\u00e9e\" \/>\n\t<meta name=\"twitter:data1\" content=\"3 minutes\" \/>\n<script type=\"application\/ld+json\" class=\"yoast-schema-graph\">{\"@context\":\"https:\/\/schema.org\",\"@graph\":[{\"@type\":\"WebPage\",\"@id\":\"https:\/\/www.maitri.pl\/projekt\/zakup-maszyn-do-szycia\/\",\"url\":\"https:\/\/www.maitri.pl\/projekt\/zakup-maszyn-do-szycia\/\",\"name\":\"Zakup maszyn do szycia dla zdolnych dziewczyn z Musongati\",\"isPartOf\":{\"@id\":\"https:\/\/www.maitri.pl\/#website\"},\"primaryImageOfPage\":{\"@id\":\"https:\/\/www.maitri.pl\/projekt\/zakup-maszyn-do-szycia\/#primaryimage\"},\"image\":{\"@id\":\"https:\/\/www.maitri.pl\/projekt\/zakup-maszyn-do-szycia\/#primaryimage\"},\"thumbnailUrl\":\"https:\/\/www.maitri.pl\/wp-content\/uploads\/2022\/02\/113-karml.jpeg\",\"datePublished\":\"2022-02-21T10:56:34+00:00\",\"dateModified\":\"2023-02-10T11:18:16+00:00\",\"description\":\"Zakup maszyn do szycia dla zdolnych dziewczyn z Musongati w Burundi. O wsparcie finansowe prosz\u0105 Siostry Karmelitanki.\",\"breadcrumb\":{\"@id\":\"https:\/\/www.maitri.pl\/projekt\/zakup-maszyn-do-szycia\/#breadcrumb\"},\"inLanguage\":\"fr-FR\",\"potentialAction\":[{\"@type\":\"ReadAction\",\"target\":[\"https:\/\/www.maitri.pl\/projekt\/zakup-maszyn-do-szycia\/\"]}]},{\"@type\":\"ImageObject\",\"inLanguage\":\"fr-FR\",\"@id\":\"https:\/\/www.maitri.pl\/projekt\/zakup-maszyn-do-szycia\/#primaryimage\",\"url\":\"https:\/\/www.maitri.pl\/wp-content\/uploads\/2022\/02\/113-karml.jpeg\",\"contentUrl\":\"https:\/\/www.maitri.pl\/wp-content\/uploads\/2022\/02\/113-karml.jpeg\",\"width\":684,\"height\":912,\"caption\":\"zakup maszyn do szycia pomoc ubogim Pomoc Afryce dzieci Afryki Ruch Maitri Adocpja Serca dzieci do obiad dla uczni\u00f3w Koudadeng Pomoc Afryce dzieci Afryki Ruch Maitri Adopcja Serca dzieci do Adopcji 01\"},{\"@type\":\"BreadcrumbList\",\"@id\":\"https:\/\/www.maitri.pl\/projekt\/zakup-maszyn-do-szycia\/#breadcrumb\",\"itemListElement\":[{\"@type\":\"ListItem\",\"position\":1,\"name\":\"Strona g\u0142\u00f3wna\",\"item\":\"https:\/\/www.maitri.pl\/\"},{\"@type\":\"ListItem\",\"position\":2,\"name\":\"Sklep\",\"item\":\"https:\/\/www.maitri.pl\/sklep\/\"},{\"@type\":\"ListItem\",\"position\":3,\"name\":\"Zakup maszyn do szycia dla zdolnych dziewczyn z Musongati\"}]},{\"@type\":\"WebSite\",\"@id\":\"https:\/\/www.maitri.pl\/#website\",\"url\":\"https:\/\/www.maitri.pl\/\",\"name\":\"Adopcja Serca Maitri \u2013 pomoc dzieciom w Afryce\",\"description\":\"Adopcja Serca \u2013 adopcja na odleg\u0142o\u015b\u0107, pomoc Afryce, do\u017cywianie i edukacja w Afryce\",\"publisher\":{\"@id\":\"https:\/\/www.maitri.pl\/#organization\"},\"potentialAction\":[{\"@type\":\"SearchAction\",\"target\":{\"@type\":\"EntryPoint\",\"urlTemplate\":\"https:\/\/www.maitri.pl\/?s={search_term_string}\"},\"query-input\":{\"@type\":\"PropertyValueSpecification\",\"valueRequired\":true,\"valueName\":\"search_term_string\"}}],\"inLanguage\":\"fr-FR\"},{\"@type\":\"Organization\",\"@id\":\"https:\/\/www.maitri.pl\/#organization\",\"name\":\"Stowarzyszenie Ruchu Maitri\",\"url\":\"https:\/\/www.maitri.pl\/\",\"logo\":{\"@type\":\"ImageObject\",\"inLanguage\":\"fr-FR\",\"@id\":\"https:\/\/www.maitri.pl\/#\/schema\/logo\/image\/\",\"url\":\"https:\/\/www.maitri.pl\/wp-content\/uploads\/2020\/04\/duze_logo-81.png\",\"contentUrl\":\"https:\/\/www.maitri.pl\/wp-content\/uploads\/2020\/04\/duze_logo-81.png\",\"width\":339,\"height\":321,\"caption\":\"Stowarzyszenie Ruchu Maitri\"},\"image\":{\"@id\":\"https:\/\/www.maitri.pl\/#\/schema\/logo\/image\/\"},\"sameAs\":[\"https:\/\/www.facebook.com\/MAITRI.Adopcja.Serca.dzieci.Afryki\/\"]}]}<\/script>\n<!-- \/ Yoast SEO plugin. -->","yoast_head_json":{"title":"Zakup maszyn do szycia dla zdolnych dziewczyn z Musongati","description":"Zakup maszyn do szycia dla zdolnych dziewczyn z Musongati w Burundi. O wsparcie finansowe prosz\u0105 Siostry Karmelitanki.","robots":{"index":"index","follow":"follow","max-snippet":"max-snippet:-1","max-image-preview":"max-image-preview:large","max-video-preview":"max-video-preview:-1"},"canonical":"https:\/\/www.maitri.pl\/projekt\/zakup-maszyn-do-szycia\/","og_locale":"fr_FR","og_type":"article","og_title":"Zakup maszyn do szycia dla zdolnych dziewczyn z Musongati","og_description":"Zakup maszyn do szycia dla zdolnych dziewczyn z Musongati w Burundi. O wsparcie finansowe prosz\u0105 Siostry Karmelitanki.","og_url":"https:\/\/www.maitri.pl\/projekt\/zakup-maszyn-do-szycia\/","og_site_name":"Ruch Maitri - Adopcja Serca pomoc Afryce","article_publisher":"https:\/\/www.facebook.com\/MAITRI.Adopcja.Serca.dzieci.Afryki\/","article_modified_time":"2023-02-10T11:18:16+00:00","og_image":[{"width":684,"height":912,"url":"https:\/\/www.maitri.pl\/wp-content\/uploads\/2022\/02\/113-karml.jpeg","type":"image\/jpeg"}],"twitter_card":"summary_large_image","twitter_misc":{"Dur\u00e9e de lecture estim\u00e9e":"3 minutes"},"schema":{"@context":"https:\/\/schema.org","@graph":[{"@type":"WebPage","@id":"https:\/\/www.maitri.pl\/projekt\/zakup-maszyn-do-szycia\/","url":"https:\/\/www.maitri.pl\/projekt\/zakup-maszyn-do-szycia\/","name":"Zakup maszyn do szycia dla zdolnych dziewczyn z Musongati","isPartOf":{"@id":"https:\/\/www.maitri.pl\/#website"},"primaryImageOfPage":{"@id":"https:\/\/www.maitri.pl\/projekt\/zakup-maszyn-do-szycia\/#primaryimage"},"image":{"@id":"https:\/\/www.maitri.pl\/projekt\/zakup-maszyn-do-szycia\/#primaryimage"},"thumbnailUrl":"https:\/\/www.maitri.pl\/wp-content\/uploads\/2022\/02\/113-karml.jpeg","datePublished":"2022-02-21T10:56:34+00:00","dateModified":"2023-02-10T11:18:16+00:00","description":"Zakup maszyn do szycia dla zdolnych dziewczyn z Musongati w Burundi. O wsparcie finansowe prosz\u0105 Siostry Karmelitanki.","breadcrumb":{"@id":"https:\/\/www.maitri.pl\/projekt\/zakup-maszyn-do-szycia\/#breadcrumb"},"inLanguage":"fr-FR","potentialAction":[{"@type":"ReadAction","target":["https:\/\/www.maitri.pl\/projekt\/zakup-maszyn-do-szycia\/"]}]},{"@type":"ImageObject","inLanguage":"fr-FR","@id":"https:\/\/www.maitri.pl\/projekt\/zakup-maszyn-do-szycia\/#primaryimage","url":"https:\/\/www.maitri.pl\/wp-content\/uploads\/2022\/02\/113-karml.jpeg","contentUrl":"https:\/\/www.maitri.pl\/wp-content\/uploads\/2022\/02\/113-karml.jpeg","width":684,"height":912,"caption":"zakup maszyn do szycia pomoc ubogim Pomoc Afryce dzieci Afryki Ruch Maitri Adocpja Serca dzieci do obiad dla uczni\u00f3w Koudadeng Pomoc Afryce dzieci Afryki Ruch Maitri Adopcja Serca dzieci do Adopcji 01"},{"@type":"BreadcrumbList","@id":"https:\/\/www.maitri.pl\/projekt\/zakup-maszyn-do-szycia\/#breadcrumb","itemListElement":[{"@type":"ListItem","position":1,"name":"Strona g\u0142\u00f3wna","item":"https:\/\/www.maitri.pl\/"},{"@type":"ListItem","position":2,"name":"Sklep","item":"https:\/\/www.maitri.pl\/sklep\/"},{"@type":"ListItem","position":3,"name":"Zakup maszyn do szycia dla zdolnych dziewczyn z Musongati"}]},{"@type":"WebSite","@id":"https:\/\/www.maitri.pl\/#website","url":"https:\/\/www.maitri.pl\/","name":"Adopcja Serca Maitri \u2013 pomoc dzieciom w Afryce","description":"Adopcja Serca \u2013 adopcja na odleg\u0142o\u015b\u0107, pomoc Afryce, do\u017cywianie i edukacja w Afryce","publisher":{"@id":"https:\/\/www.maitri.pl\/#organization"},"potentialAction":[{"@type":"SearchAction","target":{"@type":"EntryPoint","urlTemplate":"https:\/\/www.maitri.pl\/?s={search_term_string}"},"query-input":{"@type":"PropertyValueSpecification","valueRequired":true,"valueName":"search_term_string"}}],"inLanguage":"fr-FR"},{"@type":"Organization","@id":"https:\/\/www.maitri.pl\/#organization","name":"Stowarzyszenie Ruchu Maitri","url":"https:\/\/www.maitri.pl\/","logo":{"@type":"ImageObject","inLanguage":"fr-FR","@id":"https:\/\/www.maitri.pl\/#\/schema\/logo\/image\/","url":"https:\/\/www.maitri.pl\/wp-content\/uploads\/2020\/04\/duze_logo-81.png","contentUrl":"https:\/\/www.maitri.pl\/wp-content\/uploads\/2020\/04\/duze_logo-81.png","width":339,"height":321,"caption":"Stowarzyszenie Ruchu Maitri"},"image":{"@id":"https:\/\/www.maitri.pl\/#\/schema\/logo\/image\/"},"sameAs":["https:\/\/www.facebook.com\/MAITRI.Adopcja.Serca.dzieci.Afryki\/"]}]}},"_links":{"self":[{"href":"https:\/\/www.maitri.pl\/fr\/wp-json\/wp\/v2\/product\/24201","targetHints":{"allow":["GET"]}}],"collection":[{"href":"https:\/\/www.maitri.pl\/fr\/wp-json\/wp\/v2\/product"}],"about":[{"href":"https:\/\/www.maitri.pl\/fr\/wp-json\/wp\/v2\/types\/product"}],"wp:featuredmedia":[{"embeddable":true,"href":"https:\/\/www.maitri.pl\/fr\/wp-json\/wp\/v2\/media\/24214"}],"wp:attachment":[{"href":"https:\/\/www.maitri.pl\/fr\/wp-json\/wp\/v2\/media?parent=24201"}],"wp:term":[{"taxonomy":"product_brand","embeddable":true,"href":"https:\/\/www.maitri.pl\/fr\/wp-json\/wp\/v2\/product_brand?post=24201"},{"taxonomy":"product_cat","embeddable":true,"href":"https:\/\/www.maitri.pl\/fr\/wp-json\/wp\/v2\/product_cat?post=24201"},{"taxonomy":"product_tag","embeddable":true,"href":"https:\/\/www.maitri.pl\/fr\/wp-json\/wp\/v2\/product_tag?post=24201"}],"curies":[{"name":"wp","href":"https:\/\/api.w.org\/{rel}","templated":true}]}}