{"id":24199,"date":"2022-02-21T11:55:57","date_gmt":"2022-02-21T10:55:57","guid":{"rendered":"https:\/\/www.maitri.pl\/?post_type=product&#038;p=24199"},"modified":"2023-02-10T12:18:24","modified_gmt":"2023-02-10T11:18:24","slug":"codzienny-obiad-dla-uczniow","status":"publish","type":"product","link":"https:\/\/www.maitri.pl\/fr\/projekt\/codzienny-obiad-dla-uczniow\/","title":{"rendered":"Podaruj codzienny obiad dla uczni\u00f3w ze szko\u0142y w Koudandeng w Kamerunie"},"content":{"rendered":"<h4>Pog\u0142\u0119bia si\u0119 ub\u00f3stwo<\/h4>\n<p>To ju\u017c pi\u0105ty rok odk\u0105d jestem dyrektorem zespo\u0142u szk\u00f3\u0142. im. \u015bw. Mukasy. Liczba uczni\u00f3w w naszej szkole utrzymuje si\u0119 na podobnym poziomie ju\u017c od kilku lat. Niestety ub\u00f3stwo miejscowego spo\u0142ecze\u0144stwa daje zna\u0107 o sobie coraz bardziej. Zw\u0142aszcza ten rok by\u0142 o wiele trudniejszy ni\u017c poprzednie, m.in. przez COVID 19. Bogu dzi\u0119ki, \u017ce jak do tej pory nikt z naszego personelu i dzieci nie zmar\u0142, cho\u0107 by\u0142y tu zachorowania na koronawirusa. Niestety skutki kryzysu ekonomicznego wywo\u0142anego przez pandemi\u0119 dotykaj\u0105 nas wszystkich. Z powodu d\u0142ugiego zamkni\u0119cia granic ceny wielu produkt\u00f3w &#8211; zw\u0142aszcza \u017cywno\u015bci \u2013 bardzo wzros\u0142y. Dlatego chcemy zapewni\u0107 codzienny obiad dla uczni\u00f3w ze szko\u0142y w Koudandeng w Kamerunie. Bez pomocy darczy\u0144c\u00f3w <a href=\"https:\/\/www.maitri.pl\/adopcja-serca\/\" target=\"_blank\" rel=\"noopener\">Maitri<\/a> akcja do\u017cywiania nie mog\u0142aby si\u0119 odby\u0107.<\/p>\n<h4>Dzieci bez \u015bniadania<\/h4>\n<p>Przypomn\u0119, \u017ce Koudandeng jest wiosk\u0105 po\u0142o\u017con\u0105 ok. 40 km od stolicy w kraju. Jednak patrz\u0105c na spos\u00f3b \u017cycia naszych mieszka\u0144c\u00f3w, na ich ci\u0119\u017ck\u0105 prac\u0119 na roli, nic nie wskazuje na to, \u017ce wielkie miasto jest w pobli\u017cu. Rodzice, opiekunowie dzieci z naszej szko\u0142y zajmuj\u0105 si\u0119 g\u0142\u00f3wnie upraw\u0105 kakao, kukurydzy, manioku, s\u0142odkich ziemniak\u00f3w.\u00a0Dzieci przychodz\u0105 do szko\u0142y nawet z wiosek oddalonych o 4-6 km, przychodz\u0105 pieszo, bez \u015bniadania. Tylko nieliczni uczniowie maj\u0105 ze sob\u0105 co\u015b do jedzenia. Dlatego nasze do\u017cywianie 3 razy w tygodniu (poniedzia\u0142ek, wtorek, czwartek) jest naprawd\u0119 czym\u015b bardzo wa\u017cnym. Wystarczy doda\u0107, \u017ce tego dnia jest ma\u0142o sp\u00f3\u017anialskich, bo dla tych co si\u0119 sp\u00f3\u017ani\u0105 nie ma bouilli (rodzaj kleiku z m\u0105ki kukurydzianej i pszennej z cukrem i mlekiem) i bu\u0142ki . Bardzo dzi\u0119kuj\u0119, w imieniu w\u0142asnym, jak i naszych dzieci i ich rodzic\u00f3w, za to, \u017ce mo\u017cemy nakarmi\u0107 g\u0142odnych.<\/p>\n<p>Do\u017cywianiem obj\u0119tych b\u0119dzie 435 dzieci z przedszkola i szko\u0142y podstawowej w roku szkolnym 2021\/2022, czyli przez 8 miesi\u0119cy. Dofinansowanie, o kt\u00f3re prosimy wynosi ok. 2,80 euro dla 1 dziecka na ca\u0142y miesi\u0105c. Pom\u00f3\u017c zapewni\u0107 codzienny obiad dla uczni\u00f3w ze szko\u0142y w Koudandeng w Kamerunie.<\/p>\n<h4><strong>Kosztorys:<\/strong><\/h4>\n<table>\n<tbody>\n<tr>\n<td width=\"30\">LP<\/td>\n<td width=\"250\">OPIS<\/td>\n<td width=\"147\">ilo\u015b\u0107<\/td>\n<td width=\"125\">Cena jednostkowa<\/td>\n<td width=\"106\">Kwota<\/td>\n<\/tr>\n<tr>\n<td width=\"30\">1<\/td>\n<td width=\"250\">Bu\u0142ka pszenna<\/td>\n<td width=\"147\">41 760 szt<\/td>\n<td width=\"125\">50 fcfa<\/td>\n<td width=\"106\">2.088.000 fcfa<\/td>\n<\/tr>\n<tr>\n<td width=\"30\">2<\/td>\n<td width=\"250\">Mleko w proszku<\/td>\n<td width=\"147\">6 work\u00f3w po 25 kg<\/td>\n<td width=\"125\">80.000 fcfa<\/td>\n<td width=\"106\">480.000 fcfa<\/td>\n<\/tr>\n<tr>\n<td width=\"30\">3<\/td>\n<td width=\"250\">M\u0105ka pszenna<\/td>\n<td width=\"147\">22 work\u00f3w po 50 kg<\/td>\n<td width=\"125\">21.500 fcfa<\/td>\n<td width=\"106\">473.000 fcfa<\/td>\n<\/tr>\n<tr>\n<td width=\"30\">4<\/td>\n<td width=\"250\">M\u0105ka kukurydziana<\/td>\n<td width=\"147\">\u00a0150 kg<\/td>\n<td width=\"125\">966,70 fcfa<\/td>\n<td width=\"106\">145.000 fcfa<\/td>\n<\/tr>\n<tr>\n<td width=\"30\">5<\/td>\n<td width=\"250\">Cukier<\/td>\n<td width=\"147\">18 work\u00f3w po 50 kg<\/td>\n<td width=\"125\">33.000 fcfa<\/td>\n<td width=\"106\">\u00a0660.000 fcfa<\/td>\n<\/tr>\n<tr>\n<td width=\"30\">6<\/td>\n<td width=\"250\">Zakup brakuj\u0105cych naczy\u0144 (wiadra, kubki, talerze)<\/td>\n<td width=\"147\"><\/td>\n<td width=\"125\"><\/td>\n<td width=\"106\">135.500 fcfa<\/td>\n<\/tr>\n<tr>\n<td width=\"30\">7<\/td>\n<td width=\"250\">Posi\u0142ek \u015bwi\u0105teczny 3 razy w roku (ry\u017c, olej, warzywa, mi\u0119so)<\/td>\n<td width=\"147\"><\/td>\n<td width=\"125\"><\/td>\n<td width=\"106\">524.500 fcfa<\/td>\n<\/tr>\n<tr>\n<td width=\"30\">8<\/td>\n<td width=\"250\">S\u0142odycze na \u015bwi\u0119ta 2 razy w roku (ciastka, lizaki, cukierki)<\/td>\n<td width=\"147\"><\/td>\n<td width=\"125\"><\/td>\n<td width=\"106\">\u00a0475.000 fcfa<\/td>\n<\/tr>\n<tr>\n<td width=\"30\">9<\/td>\n<td width=\"250\">Wynagrodzenie kucharek<\/td>\n<td width=\"147\">8 miesi\u0119cy<\/td>\n<td width=\"125\">50.000 fcfa<\/td>\n<td width=\"106\">\u00a0400.000 fcfa<\/td>\n<\/tr>\n<tr>\n<td width=\"30\">10<\/td>\n<td width=\"250\">\u015arodki czysto\u015bci (myd\u0142o, \u015bcierki, proszek, druciaki)<\/td>\n<td width=\"147\"><\/td>\n<td width=\"125\"><\/td>\n<td width=\"106\">185.000 fcfa<\/td>\n<\/tr>\n<tr>\n<td width=\"30\">11<\/td>\n<td width=\"250\">Transport<\/td>\n<td width=\"147\"><\/td>\n<td width=\"125\"><\/td>\n<td width=\"106\">350.000 fcfa<\/td>\n<\/tr>\n<tr>\n<td width=\"30\"><\/td>\n<td width=\"250\"><strong>SUMA w walucie miejscowej<\/strong><\/td>\n<td width=\"147\"><\/td>\n<td width=\"125\"><\/td>\n<td width=\"106\"><strong>5.918.500 fcfa<\/strong><\/td>\n<\/tr>\n<\/tbody>\n<\/table>\n<p>Siostra Ida Bujak, <a href=\"http:\/\/www.karmelitanki.pl\/\" target=\"_blank\" rel=\"noopener noreferrer\">Zgromadzenie Si\u00f3str Karmelitanek Dzieci\u0105tka Jezus<\/a>, misja Koudadeng, <a href=\"https:\/\/www.maitri.pl\/gdzie-pomagamy\/\" target=\"_blank\" rel=\"noopener noreferrer\">Kamerun<\/a><\/p>\n<p>Zwracam si\u0119 z gor\u0105c\u0105 pro\u015bb\u0105 o pomoc!<\/p>\n<p style=\"text-align: justify;\" align=\"JUSTIFY\"><span style=\"color: #ff0000;\"><span style=\"font-size: large;\"><b>Kwota projektu: 9920 \u20ac<\/b><\/span><\/span><\/p>\n<p align=\"JUSTIFY\"><span style=\"color: #993300;\"><strong>Przekazana kwota 4.000\u20ac<\/strong><\/span><\/p>\n<p style=\"text-align: justify;\"><strong>Numer projektu: 112\/KARML<\/strong><\/p>\n<p style=\"text-align: justify;\" align=\"JUSTIFY\"><span style=\"color: #808080;\">Stowarzyszenie Ruchu\u00a0<em>Maitri<\/em>\u00a0przeznacza do 10% otrzymanych \u015brodk\u00f3w na koszty funkcjonowania biura i pozyskiwanie funduszy pomocowych.<\/span><\/p>\n<h3 style=\"text-align: justify;\" align=\"JUSTIFY\"><span style=\"color: #808080;\">Podaruj codzienny obiad dla uczni\u00f3w ze szko\u0142y w Koudandeng w Kamerunie!<\/span><\/h3>\n","protected":false},"excerpt":{"rendered":"<p><strong>Projekt:<\/strong> s. Ida Bujak, <a href=\"http:\/\/www.karmelitanki.pl\/\" target=\"_blank\" rel=\"noopener noreferrer\">Zgromadzenie Si\u00f3str Karmelitanek Dzieci\u0105tka Jezus<\/a><br \/>\n<strong>Misja:<\/strong> Koudadeng, <a href=\"https:\/\/www.maitri.pl\/gdzie-pomagamy\/\" target=\"_blank\" rel=\"noopener noreferrer\">Kamerun<\/a><br \/>\n<strong>Kwota projektu: <span style=\"color: #ff0000;\">9920 \u20ac<\/span><\/strong><\/p>\n","protected":false},"featured_media":24206,"template":"","meta":[],"product_brand":[],"product_cat":[656],"product_tag":[676,658,710,679,677],"class_list":{"0":"post-24199","1":"product","2":"type-product","3":"status-publish","4":"has-post-thumbnail","6":"product_cat-bez-kategorii","7":"product_tag-dozywianie","8":"product_tag-kamerun","9":"product_tag-koudandeng","10":"product_tag-siostra-ida-bujak","11":"product_tag-zgromadzenie-siostr-karmelitanek-dzieciatka-jezus","13":"first","14":"instock","15":"virtual","16":"purchasable","17":"product-type-simple"},"yoast_head":"<!-- This site is optimized with the Yoast SEO plugin v27.2 - https:\/\/yoast.com\/product\/yoast-seo-wordpress\/ -->\n<title>Podaruj codzienny obiad dla uczni\u00f3w ze szko\u0142y w Koudandeng!<\/title>\n<meta name=\"description\" content=\"Podaruj codzienny obiad dla uczni\u00f3w ze szko\u0142y w Koudandeng w Kamerunie. O pomoc \u017cywno\u015bciow\u0105 dla dzieci prosz\u0105 Siostry Karmelitanki.\" \/>\n<meta name=\"robots\" content=\"index, follow, max-snippet:-1, max-image-preview:large, max-video-preview:-1\" \/>\n<link rel=\"canonical\" href=\"https:\/\/www.maitri.pl\/projekt\/codzienny-obiad-dla-uczniow\/\" \/>\n<meta property=\"og:locale\" content=\"fr_FR\" \/>\n<meta property=\"og:type\" content=\"article\" \/>\n<meta property=\"og:title\" content=\"Podaruj codzienny obiad dla uczni\u00f3w ze szko\u0142y w Koudandeng!\" \/>\n<meta property=\"og:description\" content=\"Podaruj codzienny obiad dla uczni\u00f3w ze szko\u0142y w Koudandeng w Kamerunie. O pomoc \u017cywno\u015bciow\u0105 dla dzieci prosz\u0105 Siostry Karmelitanki.\" \/>\n<meta property=\"og:url\" content=\"https:\/\/www.maitri.pl\/projekt\/codzienny-obiad-dla-uczniow\/\" \/>\n<meta property=\"og:site_name\" content=\"Ruch Maitri - Adopcja Serca pomoc Afryce\" \/>\n<meta property=\"article:publisher\" content=\"https:\/\/www.facebook.com\/MAITRI.Adopcja.Serca.dzieci.Afryki\/\" \/>\n<meta property=\"article:modified_time\" content=\"2023-02-10T11:18:24+00:00\" \/>\n<meta property=\"og:image\" content=\"https:\/\/www.maitri.pl\/wp-content\/uploads\/2022\/02\/112-karml-scaled.jpg\" \/>\n\t<meta property=\"og:image:width\" content=\"2560\" \/>\n\t<meta property=\"og:image:height\" content=\"1443\" \/>\n\t<meta property=\"og:image:type\" content=\"image\/jpeg\" \/>\n<meta name=\"twitter:card\" content=\"summary_large_image\" \/>\n<meta name=\"twitter:label1\" content=\"Dur\u00e9e de lecture estim\u00e9e\" \/>\n\t<meta name=\"twitter:data1\" content=\"3 minutes\" \/>\n<script type=\"application\/ld+json\" class=\"yoast-schema-graph\">{\"@context\":\"https:\/\/schema.org\",\"@graph\":[{\"@type\":\"WebPage\",\"@id\":\"https:\/\/www.maitri.pl\/projekt\/codzienny-obiad-dla-uczniow\/\",\"url\":\"https:\/\/www.maitri.pl\/projekt\/codzienny-obiad-dla-uczniow\/\",\"name\":\"Podaruj codzienny obiad dla uczni\u00f3w ze szko\u0142y w Koudandeng!\",\"isPartOf\":{\"@id\":\"https:\/\/www.maitri.pl\/#website\"},\"primaryImageOfPage\":{\"@id\":\"https:\/\/www.maitri.pl\/projekt\/codzienny-obiad-dla-uczniow\/#primaryimage\"},\"image\":{\"@id\":\"https:\/\/www.maitri.pl\/projekt\/codzienny-obiad-dla-uczniow\/#primaryimage\"},\"thumbnailUrl\":\"https:\/\/www.maitri.pl\/wp-content\/uploads\/2022\/02\/112-karml-scaled.jpg\",\"datePublished\":\"2022-02-21T10:55:57+00:00\",\"dateModified\":\"2023-02-10T11:18:24+00:00\",\"description\":\"Podaruj codzienny obiad dla uczni\u00f3w ze szko\u0142y w Koudandeng w Kamerunie. O pomoc \u017cywno\u015bciow\u0105 dla dzieci prosz\u0105 Siostry Karmelitanki.\",\"breadcrumb\":{\"@id\":\"https:\/\/www.maitri.pl\/projekt\/codzienny-obiad-dla-uczniow\/#breadcrumb\"},\"inLanguage\":\"fr-FR\",\"potentialAction\":[{\"@type\":\"ReadAction\",\"target\":[\"https:\/\/www.maitri.pl\/projekt\/codzienny-obiad-dla-uczniow\/\"]}]},{\"@type\":\"ImageObject\",\"inLanguage\":\"fr-FR\",\"@id\":\"https:\/\/www.maitri.pl\/projekt\/codzienny-obiad-dla-uczniow\/#primaryimage\",\"url\":\"https:\/\/www.maitri.pl\/wp-content\/uploads\/2022\/02\/112-karml-scaled.jpg\",\"contentUrl\":\"https:\/\/www.maitri.pl\/wp-content\/uploads\/2022\/02\/112-karml-scaled.jpg\",\"width\":2560,\"height\":1443,\"caption\":\"obiad dla uczni\u00f3w Koudadeng Pomoc Afryce dzieci Afryki Ruch Maitri Adocpja Serca dzieci do obiad dla uczni\u00f3w Koudadeng Pomoc Afryce dzieci Afryki Ruch Maitri Adopcja Serca dzieci do Adopcji 01\"},{\"@type\":\"BreadcrumbList\",\"@id\":\"https:\/\/www.maitri.pl\/projekt\/codzienny-obiad-dla-uczniow\/#breadcrumb\",\"itemListElement\":[{\"@type\":\"ListItem\",\"position\":1,\"name\":\"Strona g\u0142\u00f3wna\",\"item\":\"https:\/\/www.maitri.pl\/\"},{\"@type\":\"ListItem\",\"position\":2,\"name\":\"Sklep\",\"item\":\"https:\/\/www.maitri.pl\/sklep\/\"},{\"@type\":\"ListItem\",\"position\":3,\"name\":\"Podaruj codzienny obiad dla uczni\u00f3w ze szko\u0142y w Koudandeng w Kamerunie\"}]},{\"@type\":\"WebSite\",\"@id\":\"https:\/\/www.maitri.pl\/#website\",\"url\":\"https:\/\/www.maitri.pl\/\",\"name\":\"Adopcja Serca Maitri \u2013 pomoc dzieciom w Afryce\",\"description\":\"Adopcja Serca \u2013 adopcja na odleg\u0142o\u015b\u0107, pomoc Afryce, do\u017cywianie i edukacja w Afryce\",\"publisher\":{\"@id\":\"https:\/\/www.maitri.pl\/#organization\"},\"potentialAction\":[{\"@type\":\"SearchAction\",\"target\":{\"@type\":\"EntryPoint\",\"urlTemplate\":\"https:\/\/www.maitri.pl\/?s={search_term_string}\"},\"query-input\":{\"@type\":\"PropertyValueSpecification\",\"valueRequired\":true,\"valueName\":\"search_term_string\"}}],\"inLanguage\":\"fr-FR\"},{\"@type\":\"Organization\",\"@id\":\"https:\/\/www.maitri.pl\/#organization\",\"name\":\"Stowarzyszenie Ruchu Maitri\",\"url\":\"https:\/\/www.maitri.pl\/\",\"logo\":{\"@type\":\"ImageObject\",\"inLanguage\":\"fr-FR\",\"@id\":\"https:\/\/www.maitri.pl\/#\/schema\/logo\/image\/\",\"url\":\"https:\/\/www.maitri.pl\/wp-content\/uploads\/2020\/04\/duze_logo-81.png\",\"contentUrl\":\"https:\/\/www.maitri.pl\/wp-content\/uploads\/2020\/04\/duze_logo-81.png\",\"width\":339,\"height\":321,\"caption\":\"Stowarzyszenie Ruchu Maitri\"},\"image\":{\"@id\":\"https:\/\/www.maitri.pl\/#\/schema\/logo\/image\/\"},\"sameAs\":[\"https:\/\/www.facebook.com\/MAITRI.Adopcja.Serca.dzieci.Afryki\/\"]}]}<\/script>\n<!-- \/ Yoast SEO plugin. -->","yoast_head_json":{"title":"Podaruj codzienny obiad dla uczni\u00f3w ze szko\u0142y w Koudandeng!","description":"Podaruj codzienny obiad dla uczni\u00f3w ze szko\u0142y w Koudandeng w Kamerunie. O pomoc \u017cywno\u015bciow\u0105 dla dzieci prosz\u0105 Siostry Karmelitanki.","robots":{"index":"index","follow":"follow","max-snippet":"max-snippet:-1","max-image-preview":"max-image-preview:large","max-video-preview":"max-video-preview:-1"},"canonical":"https:\/\/www.maitri.pl\/projekt\/codzienny-obiad-dla-uczniow\/","og_locale":"fr_FR","og_type":"article","og_title":"Podaruj codzienny obiad dla uczni\u00f3w ze szko\u0142y w Koudandeng!","og_description":"Podaruj codzienny obiad dla uczni\u00f3w ze szko\u0142y w Koudandeng w Kamerunie. O pomoc \u017cywno\u015bciow\u0105 dla dzieci prosz\u0105 Siostry Karmelitanki.","og_url":"https:\/\/www.maitri.pl\/projekt\/codzienny-obiad-dla-uczniow\/","og_site_name":"Ruch Maitri - Adopcja Serca pomoc Afryce","article_publisher":"https:\/\/www.facebook.com\/MAITRI.Adopcja.Serca.dzieci.Afryki\/","article_modified_time":"2023-02-10T11:18:24+00:00","og_image":[{"width":2560,"height":1443,"url":"https:\/\/www.maitri.pl\/wp-content\/uploads\/2022\/02\/112-karml-scaled.jpg","type":"image\/jpeg"}],"twitter_card":"summary_large_image","twitter_misc":{"Dur\u00e9e de lecture estim\u00e9e":"3 minutes"},"schema":{"@context":"https:\/\/schema.org","@graph":[{"@type":"WebPage","@id":"https:\/\/www.maitri.pl\/projekt\/codzienny-obiad-dla-uczniow\/","url":"https:\/\/www.maitri.pl\/projekt\/codzienny-obiad-dla-uczniow\/","name":"Podaruj codzienny obiad dla uczni\u00f3w ze szko\u0142y w Koudandeng!","isPartOf":{"@id":"https:\/\/www.maitri.pl\/#website"},"primaryImageOfPage":{"@id":"https:\/\/www.maitri.pl\/projekt\/codzienny-obiad-dla-uczniow\/#primaryimage"},"image":{"@id":"https:\/\/www.maitri.pl\/projekt\/codzienny-obiad-dla-uczniow\/#primaryimage"},"thumbnailUrl":"https:\/\/www.maitri.pl\/wp-content\/uploads\/2022\/02\/112-karml-scaled.jpg","datePublished":"2022-02-21T10:55:57+00:00","dateModified":"2023-02-10T11:18:24+00:00","description":"Podaruj codzienny obiad dla uczni\u00f3w ze szko\u0142y w Koudandeng w Kamerunie. O pomoc \u017cywno\u015bciow\u0105 dla dzieci prosz\u0105 Siostry Karmelitanki.","breadcrumb":{"@id":"https:\/\/www.maitri.pl\/projekt\/codzienny-obiad-dla-uczniow\/#breadcrumb"},"inLanguage":"fr-FR","potentialAction":[{"@type":"ReadAction","target":["https:\/\/www.maitri.pl\/projekt\/codzienny-obiad-dla-uczniow\/"]}]},{"@type":"ImageObject","inLanguage":"fr-FR","@id":"https:\/\/www.maitri.pl\/projekt\/codzienny-obiad-dla-uczniow\/#primaryimage","url":"https:\/\/www.maitri.pl\/wp-content\/uploads\/2022\/02\/112-karml-scaled.jpg","contentUrl":"https:\/\/www.maitri.pl\/wp-content\/uploads\/2022\/02\/112-karml-scaled.jpg","width":2560,"height":1443,"caption":"obiad dla uczni\u00f3w Koudadeng Pomoc Afryce dzieci Afryki Ruch Maitri Adocpja Serca dzieci do obiad dla uczni\u00f3w Koudadeng Pomoc Afryce dzieci Afryki Ruch Maitri Adopcja Serca dzieci do Adopcji 01"},{"@type":"BreadcrumbList","@id":"https:\/\/www.maitri.pl\/projekt\/codzienny-obiad-dla-uczniow\/#breadcrumb","itemListElement":[{"@type":"ListItem","position":1,"name":"Strona g\u0142\u00f3wna","item":"https:\/\/www.maitri.pl\/"},{"@type":"ListItem","position":2,"name":"Sklep","item":"https:\/\/www.maitri.pl\/sklep\/"},{"@type":"ListItem","position":3,"name":"Podaruj codzienny obiad dla uczni\u00f3w ze szko\u0142y w Koudandeng w Kamerunie"}]},{"@type":"WebSite","@id":"https:\/\/www.maitri.pl\/#website","url":"https:\/\/www.maitri.pl\/","name":"Adopcja Serca Maitri \u2013 pomoc dzieciom w Afryce","description":"Adopcja Serca \u2013 adopcja na odleg\u0142o\u015b\u0107, pomoc Afryce, do\u017cywianie i edukacja w Afryce","publisher":{"@id":"https:\/\/www.maitri.pl\/#organization"},"potentialAction":[{"@type":"SearchAction","target":{"@type":"EntryPoint","urlTemplate":"https:\/\/www.maitri.pl\/?s={search_term_string}"},"query-input":{"@type":"PropertyValueSpecification","valueRequired":true,"valueName":"search_term_string"}}],"inLanguage":"fr-FR"},{"@type":"Organization","@id":"https:\/\/www.maitri.pl\/#organization","name":"Stowarzyszenie Ruchu Maitri","url":"https:\/\/www.maitri.pl\/","logo":{"@type":"ImageObject","inLanguage":"fr-FR","@id":"https:\/\/www.maitri.pl\/#\/schema\/logo\/image\/","url":"https:\/\/www.maitri.pl\/wp-content\/uploads\/2020\/04\/duze_logo-81.png","contentUrl":"https:\/\/www.maitri.pl\/wp-content\/uploads\/2020\/04\/duze_logo-81.png","width":339,"height":321,"caption":"Stowarzyszenie Ruchu Maitri"},"image":{"@id":"https:\/\/www.maitri.pl\/#\/schema\/logo\/image\/"},"sameAs":["https:\/\/www.facebook.com\/MAITRI.Adopcja.Serca.dzieci.Afryki\/"]}]}},"_links":{"self":[{"href":"https:\/\/www.maitri.pl\/fr\/wp-json\/wp\/v2\/product\/24199","targetHints":{"allow":["GET"]}}],"collection":[{"href":"https:\/\/www.maitri.pl\/fr\/wp-json\/wp\/v2\/product"}],"about":[{"href":"https:\/\/www.maitri.pl\/fr\/wp-json\/wp\/v2\/types\/product"}],"wp:featuredmedia":[{"embeddable":true,"href":"https:\/\/www.maitri.pl\/fr\/wp-json\/wp\/v2\/media\/24206"}],"wp:attachment":[{"href":"https:\/\/www.maitri.pl\/fr\/wp-json\/wp\/v2\/media?parent=24199"}],"wp:term":[{"taxonomy":"product_brand","embeddable":true,"href":"https:\/\/www.maitri.pl\/fr\/wp-json\/wp\/v2\/product_brand?post=24199"},{"taxonomy":"product_cat","embeddable":true,"href":"https:\/\/www.maitri.pl\/fr\/wp-json\/wp\/v2\/product_cat?post=24199"},{"taxonomy":"product_tag","embeddable":true,"href":"https:\/\/www.maitri.pl\/fr\/wp-json\/wp\/v2\/product_tag?post=24199"}],"curies":[{"name":"wp","href":"https:\/\/api.w.org\/{rel}","templated":true}]}}