{"id":24115,"date":"2022-01-24T14:29:39","date_gmt":"2022-01-24T13:29:39","guid":{"rendered":"https:\/\/www.maitri.pl\/?post_type=product&#038;p=24115"},"modified":"2023-02-10T12:18:30","modified_gmt":"2023-02-10T11:18:30","slug":"pomoc-w-dozywianiu-dzieci-doume","status":"publish","type":"product","link":"https:\/\/www.maitri.pl\/fr\/projekt\/pomoc-w-dozywianiu-dzieci-doume\/","title":{"rendered":"Pomoc w do\u017cywianiu 200 dzieci w przedszkolu w Doume"},"content":{"rendered":"<h4>Nie jedz\u0105 ca\u0142ymi dniami<\/h4>\n<p>Dzieci ucz\u0119szczaj\u0105ce do przedszkola w Doume pochodz\u0105 z wielodzietnych rodzin. Spora cz\u0119\u015b\u0107 z nich jest sierotami lub p\u00f3\u0142sierotami. Niestety cz\u0119sto przychodz\u0105 do nas g\u0142odne. Trudno uczestniczy\u0107 w zaj\u0119ciach, gdy \u017co\u0142\u0105dek burczy albo gdy ze s\u0142abo\u015bci chce si\u0119 spa\u0107. Tutaj panuje zwyczaj spo\u017cywania posi\u0142ku raz dziennie wieczorem. Ten posi\u0142ek te\u017c bywa skromny, gdy\u017c \u017cywno\u015bci jest za ma\u0142o. Rodzice rano ruszaj\u0105 w pole i wracaj\u0105 wieczorem, przykro, \u017ce dzieci nie jedz\u0105 ca\u0142ymi dniami.<\/p>\n<h4>Marz\u0105 o ciep\u0142ym posi\u0142ku<\/h4>\n<p>Dlatego posi\u0142ek w przedszkolu jest niesamowicie wa\u017cny. W naszym klimacie niedo\u017cywienie wi\u0105\u017ce si\u0119 z brakiem odporno\u015bci. Dlatego dzieci \u0142atwo zapadaj\u0105 na malari\u0119 lub inne choroby tropikalne. Od szeregu ju\u017c lat wsp\u00f3\u0142pracuj\u0119 z <a href=\"https:\/\/www.maitri.pl\/adopcja-serca\/\" target=\"_blank\" rel=\"noopener\">Ruchem MAITRI<\/a>, kt\u00f3ry rozumiej\u0105c sytuacj\u0119 najbiedniejszych, przychodzi z pomoc\u0105 i poprzez dotacje ofiarowuje dzieciom gor\u0105c\u0105 straw\u0119. To pe\u0142nowarto\u015bciowe posi\u0142ki oraz mleko i ma\u0142e p\u0105czki, ry\u017c z sosem pomidorowym z kawa\u0142eczkami ryby, a nawet posi\u0142ki \u015bwi\u0105teczne z okazji Bo\u017cego Narodzenia, Wielkanocy, czy \u015bwi\u0119ta Jana Bosko, naszego szkolnego Patrona. Za t\u0119 jedno\u015b\u0107 z nami chc\u0119 serdecznie podzi\u0119kowa\u0107. Ona pomaga wierzy\u0107, \u017ce tutaj na odleg\u0142ych misjach, nie jest si\u0119 bezludn\u0105 \u201ewysp\u0105\u201d. Istniej\u0105 ludzie, kt\u00f3rych mi\u0142o\u015b\u0107 Bo\u017ca poci\u0105ga do czynienia dobra, do podzielenia si\u0119.<\/p>\n<h4>Codzienny kubek mleka<\/h4>\n<p>Dzi\u0119ki posi\u0142kom nasze dzieci w przedszkolu na chwil\u0119 zapominaj\u0105 o biedzie i g\u0142odzie. Przez te par\u0119 godzin \u017cyj\u0105 w innym, lepszym \u015bwiecie. Te dzieci, ubrane tutaj w jednakowe mundurki, nie czuj\u0105 si\u0119 gorsze, bo wszystko tu jest przeznaczone dla nich. Jeste\u015bmy na wschodzie Kamerunu, m\u00f3wimy o ma\u0142ej miejscowo\u015bci Doum\u00e9. Ci\u0119\u017cko tu o wod\u0119 pitn\u0105, kt\u00f3r\u0105 musz\u0105 przynie\u015b\u0107 dzieci na g\u0142owie z odleg\u0142ego \u017ar\u00f3d\u0142a. To codzienny obowi\u0105zek wszystkich dzieci. Kolejny raz pragn\u0119 podzi\u0119kowa\u0107 z g\u0142\u0119bi mego serca za ka\u017cdorazowy dar finansowy przes\u0142any na rzecz przedszkolak\u00f3w w Doum\u00e9. Zawsze jestem i pozostan\u0119 w wielkiej wdzi\u0119czno\u015bci dla ka\u017cdego, kto sk\u0142ada swe ma\u0142e grosze, aby inni mieli lepiej, aby dzieci mia\u0142y przys\u0142owiowy \u201ekubek mleka\u201d.<\/p>\n<p>Z g\u00f3ry dzi\u0119kuj\u0119 za przychylno\u015b\u0107 i dobro\u0107 serca, niech Pan B\u00f3g Wam za wszystko wynagrodzi.<\/p>\n<p>Wraz z darem modlitwy &#8211; Siostra Fabiana Leitgeber<\/p>\n<h4><strong>Kosztorys:<\/strong><\/h4>\n<table>\n<tbody>\n<tr>\n<td width=\"34\"><strong>LP<\/strong><\/td>\n<td width=\"223\"><strong>OPIS<\/strong><\/td>\n<td width=\"128\"><strong>ilo\u015b\u0107<\/strong><\/td>\n<td width=\"129\"><strong>Cena <\/strong><strong>w miejscowej walucie<\/strong><\/td>\n<td width=\"129\"><strong>Kwota <\/strong><strong>w miejscowej walucie<\/strong><\/td>\n<\/tr>\n<tr>\n<td width=\"34\">1<\/td>\n<td width=\"223\">Zakup \u017cywno\u015bci: Ry\u017c, makarony, chleb, begnes, na \u015bwi\u0119ta ryby lub po kawa\u0142ku mi\u0119sa, jajka, arachidy oraz inne produkty potrzebne do przygotowania: olej, przecier pomidorowy, maniok, banany<\/td>\n<td width=\"128\">200 dzieci na miesi\u0105c<\/td>\n<td width=\"129\">11.462,50 CFA<\/p>\n<p>na rok\/ 1 dziecko<\/p>\n<p>&nbsp;<\/td>\n<td width=\"129\">2.292.500<\/td>\n<\/tr>\n<tr>\n<td width=\"34\">2<\/td>\n<td width=\"223\">Paczki dla 50 najbiedniejszych maluch\u00f3w<\/td>\n<td width=\"128\">50 dzieci<\/td>\n<td width=\"129\">5.000<\/td>\n<td width=\"129\">250.000<\/td>\n<\/tr>\n<tr>\n<td width=\"34\">3<\/td>\n<td width=\"223\">Ubi\u00f3r i inne pomoce dla najbiedniejszych dzieci<\/td>\n<td width=\"128\">50 dzieci<\/td>\n<td width=\"129\">14.650<\/td>\n<td width=\"129\">732.500<\/td>\n<\/tr>\n<tr>\n<td width=\"34\"><strong>\u00a0<\/strong><\/td>\n<td width=\"223\"><strong>RAZEM<\/strong><\/td>\n<td width=\"128\"><strong>\u00a0<\/strong><\/td>\n<td width=\"129\"><strong>\u00a0<\/strong><\/td>\n<td width=\"129\"><strong>3.275.000 FR<\/strong><\/td>\n<\/tr>\n<\/tbody>\n<\/table>\n<p><em>Siostra Fabiana Leitgeber, <a href=\"http:\/\/www.u-pallotynek.pl\/\" target=\"_blank\" rel=\"noopener\">Zgromadzenie Si\u00f3str Misjonarek Apostolstwa Katolickiego<\/a><\/em><\/p>\n<p><b style=\"font-size: large; color: #ff0000;\">Kwota: 5560 \u20ac <\/b><\/p>\n<p>Przekazana kwota:\u00a0 3000\u20ac + 2560\u20ac w maju 22&prime;<\/p>\n<p style=\"text-align: justify;\"><strong>Podsumowanie w miejscowej walucie &#8211; 3.275.000 frank\u00f3w CFA<\/strong><\/p>\n<p style=\"text-align: justify;\" align=\"JUSTIFY\"><span style=\"color: #808080;\">Stowarzyszenie Ruchu\u00a0<em>Maitri<\/em> przeznacza do 10% otrzymanych \u015brodk\u00f3w na koszty funkcjonowania biura i pozyskiwanie funduszy pomocowych. <\/span><\/p>\n<h3 style=\"text-align: justify;\" align=\"JUSTIFY\"><span style=\"color: #808080;\">Pomoc w do\u017cywianiu 200 dzieci w przedszkolu w Doume w Kamerunie &#8211; o pomoc prosz\u0105 Siostry Pallotynki<\/span><\/h3>\n","protected":false},"excerpt":{"rendered":"<p><strong>Projekt:<\/strong> Siostra Fabiana Leitgeber, <a href=\"http:\/\/www.u-pallotynek.pl\/\" target=\"_blank\" rel=\"noopener\">Zgromadzenie Si\u00f3str Misjonarek Apostolstwa Katolickiego<\/a><br \/>\n<strong>Misja:<\/strong> Doume, <a href=\"https:\/\/www.maitri.pl\/gdzie-pomagamy\/\" target=\"_blank\" rel=\"noopener noreferrer\">Kamerun<\/a><br \/>\n<strong>Zbierana kwota:<\/strong> <span style=\"color: #ff0000;\"><strong>5560 \u20ac<\/strong><\/span><\/p>\n","protected":false},"featured_media":24116,"template":"","meta":[],"product_brand":[],"product_cat":[656],"product_tag":[676,658,847,867,689],"class_list":{"0":"post-24115","1":"product","2":"type-product","3":"status-publish","4":"has-post-thumbnail","6":"product_cat-bez-kategorii","7":"product_tag-dozywianie","8":"product_tag-kamerun","9":"product_tag-pallotynki","10":"product_tag-siostra-fabiana-leitgeber","11":"product_tag-zgromadzenie-siostr-misjonarek-apostolstwa-katolickiego","13":"first","14":"instock","15":"virtual","16":"purchasable","17":"product-type-simple"},"yoast_head":"<!-- This site is optimized with the Yoast SEO plugin v27.2 - https:\/\/yoast.com\/product\/yoast-seo-wordpress\/ -->\n<title>Pomoc w do\u017cywianiu 200 dzieci w przedszkolu w Doume<\/title>\n<meta name=\"description\" content=\"Pomoc w do\u017cywianiu 200 dzieci w przedszkolu w Doum. Plac\u00f3wk\u0119 w Kamerunie prowadz\u0105 Siostry Pallotynki. Ka\u017cda z\u0142ot\u00f3wka pomaga.\" \/>\n<meta name=\"robots\" content=\"index, follow, max-snippet:-1, max-image-preview:large, max-video-preview:-1\" \/>\n<link rel=\"canonical\" href=\"https:\/\/www.maitri.pl\/projekt\/pomoc-w-dozywianiu-dzieci-doume\/\" \/>\n<meta property=\"og:locale\" content=\"fr_FR\" \/>\n<meta property=\"og:type\" content=\"article\" \/>\n<meta property=\"og:title\" content=\"Pomoc w do\u017cywianiu 200 dzieci w przedszkolu w Doume\" \/>\n<meta property=\"og:description\" content=\"Pomoc w do\u017cywianiu 200 dzieci w przedszkolu w Doum. Plac\u00f3wk\u0119 w Kamerunie prowadz\u0105 Siostry Pallotynki. Ka\u017cda z\u0142ot\u00f3wka pomaga.\" \/>\n<meta property=\"og:url\" content=\"https:\/\/www.maitri.pl\/projekt\/pomoc-w-dozywianiu-dzieci-doume\/\" \/>\n<meta property=\"og:site_name\" content=\"Ruch Maitri - Adopcja Serca pomoc Afryce\" \/>\n<meta property=\"article:publisher\" content=\"https:\/\/www.facebook.com\/MAITRI.Adopcja.Serca.dzieci.Afryki\/\" \/>\n<meta property=\"article:modified_time\" content=\"2023-02-10T11:18:30+00:00\" \/>\n<meta property=\"og:image\" content=\"https:\/\/www.maitri.pl\/wp-content\/uploads\/2022\/01\/332-palls-1.jpg\" \/>\n\t<meta property=\"og:image:width\" content=\"576\" \/>\n\t<meta property=\"og:image:height\" content=\"768\" \/>\n\t<meta property=\"og:image:type\" content=\"image\/jpeg\" \/>\n<meta name=\"twitter:card\" content=\"summary_large_image\" \/>\n<meta name=\"twitter:label1\" content=\"Dur\u00e9e de lecture estim\u00e9e\" \/>\n\t<meta name=\"twitter:data1\" content=\"3 minutes\" \/>\n<script type=\"application\/ld+json\" class=\"yoast-schema-graph\">{\"@context\":\"https:\/\/schema.org\",\"@graph\":[{\"@type\":\"WebPage\",\"@id\":\"https:\/\/www.maitri.pl\/projekt\/pomoc-w-dozywianiu-dzieci-doume\/\",\"url\":\"https:\/\/www.maitri.pl\/projekt\/pomoc-w-dozywianiu-dzieci-doume\/\",\"name\":\"Pomoc w do\u017cywianiu 200 dzieci w przedszkolu w Doume\",\"isPartOf\":{\"@id\":\"https:\/\/www.maitri.pl\/#website\"},\"primaryImageOfPage\":{\"@id\":\"https:\/\/www.maitri.pl\/projekt\/pomoc-w-dozywianiu-dzieci-doume\/#primaryimage\"},\"image\":{\"@id\":\"https:\/\/www.maitri.pl\/projekt\/pomoc-w-dozywianiu-dzieci-doume\/#primaryimage\"},\"thumbnailUrl\":\"https:\/\/www.maitri.pl\/wp-content\/uploads\/2022\/01\/332-palls-1.jpg\",\"datePublished\":\"2022-01-24T13:29:39+00:00\",\"dateModified\":\"2023-02-10T11:18:30+00:00\",\"description\":\"Pomoc w do\u017cywianiu 200 dzieci w przedszkolu w Doum. Plac\u00f3wk\u0119 w Kamerunie prowadz\u0105 Siostry Pallotynki. Ka\u017cda z\u0142ot\u00f3wka pomaga.\",\"breadcrumb\":{\"@id\":\"https:\/\/www.maitri.pl\/projekt\/pomoc-w-dozywianiu-dzieci-doume\/#breadcrumb\"},\"inLanguage\":\"fr-FR\",\"potentialAction\":[{\"@type\":\"ReadAction\",\"target\":[\"https:\/\/www.maitri.pl\/projekt\/pomoc-w-dozywianiu-dzieci-doume\/\"]}]},{\"@type\":\"ImageObject\",\"inLanguage\":\"fr-FR\",\"@id\":\"https:\/\/www.maitri.pl\/projekt\/pomoc-w-dozywianiu-dzieci-doume\/#primaryimage\",\"url\":\"https:\/\/www.maitri.pl\/wp-content\/uploads\/2022\/01\/332-palls-1.jpg\",\"contentUrl\":\"https:\/\/www.maitri.pl\/wp-content\/uploads\/2022\/01\/332-palls-1.jpg\",\"width\":576,\"height\":768,\"caption\":\"dzieci Afryki pomoc Afryce do\u017cywianie Ruch Maitri Adocpja Serca Kamerun Doume 01\"},{\"@type\":\"BreadcrumbList\",\"@id\":\"https:\/\/www.maitri.pl\/projekt\/pomoc-w-dozywianiu-dzieci-doume\/#breadcrumb\",\"itemListElement\":[{\"@type\":\"ListItem\",\"position\":1,\"name\":\"Strona g\u0142\u00f3wna\",\"item\":\"https:\/\/www.maitri.pl\/\"},{\"@type\":\"ListItem\",\"position\":2,\"name\":\"Sklep\",\"item\":\"https:\/\/www.maitri.pl\/sklep\/\"},{\"@type\":\"ListItem\",\"position\":3,\"name\":\"Pomoc w do\u017cywianiu 200 dzieci w przedszkolu w Doume\"}]},{\"@type\":\"WebSite\",\"@id\":\"https:\/\/www.maitri.pl\/#website\",\"url\":\"https:\/\/www.maitri.pl\/\",\"name\":\"Adopcja Serca Maitri \u2013 pomoc dzieciom w Afryce\",\"description\":\"Adopcja Serca \u2013 adopcja na odleg\u0142o\u015b\u0107, pomoc Afryce, do\u017cywianie i edukacja w Afryce\",\"publisher\":{\"@id\":\"https:\/\/www.maitri.pl\/#organization\"},\"potentialAction\":[{\"@type\":\"SearchAction\",\"target\":{\"@type\":\"EntryPoint\",\"urlTemplate\":\"https:\/\/www.maitri.pl\/?s={search_term_string}\"},\"query-input\":{\"@type\":\"PropertyValueSpecification\",\"valueRequired\":true,\"valueName\":\"search_term_string\"}}],\"inLanguage\":\"fr-FR\"},{\"@type\":\"Organization\",\"@id\":\"https:\/\/www.maitri.pl\/#organization\",\"name\":\"Stowarzyszenie Ruchu Maitri\",\"url\":\"https:\/\/www.maitri.pl\/\",\"logo\":{\"@type\":\"ImageObject\",\"inLanguage\":\"fr-FR\",\"@id\":\"https:\/\/www.maitri.pl\/#\/schema\/logo\/image\/\",\"url\":\"https:\/\/www.maitri.pl\/wp-content\/uploads\/2020\/04\/duze_logo-81.png\",\"contentUrl\":\"https:\/\/www.maitri.pl\/wp-content\/uploads\/2020\/04\/duze_logo-81.png\",\"width\":339,\"height\":321,\"caption\":\"Stowarzyszenie Ruchu Maitri\"},\"image\":{\"@id\":\"https:\/\/www.maitri.pl\/#\/schema\/logo\/image\/\"},\"sameAs\":[\"https:\/\/www.facebook.com\/MAITRI.Adopcja.Serca.dzieci.Afryki\/\"]}]}<\/script>\n<!-- \/ Yoast SEO plugin. -->","yoast_head_json":{"title":"Pomoc w do\u017cywianiu 200 dzieci w przedszkolu w Doume","description":"Pomoc w do\u017cywianiu 200 dzieci w przedszkolu w Doum. Plac\u00f3wk\u0119 w Kamerunie prowadz\u0105 Siostry Pallotynki. Ka\u017cda z\u0142ot\u00f3wka pomaga.","robots":{"index":"index","follow":"follow","max-snippet":"max-snippet:-1","max-image-preview":"max-image-preview:large","max-video-preview":"max-video-preview:-1"},"canonical":"https:\/\/www.maitri.pl\/projekt\/pomoc-w-dozywianiu-dzieci-doume\/","og_locale":"fr_FR","og_type":"article","og_title":"Pomoc w do\u017cywianiu 200 dzieci w przedszkolu w Doume","og_description":"Pomoc w do\u017cywianiu 200 dzieci w przedszkolu w Doum. Plac\u00f3wk\u0119 w Kamerunie prowadz\u0105 Siostry Pallotynki. Ka\u017cda z\u0142ot\u00f3wka pomaga.","og_url":"https:\/\/www.maitri.pl\/projekt\/pomoc-w-dozywianiu-dzieci-doume\/","og_site_name":"Ruch Maitri - Adopcja Serca pomoc Afryce","article_publisher":"https:\/\/www.facebook.com\/MAITRI.Adopcja.Serca.dzieci.Afryki\/","article_modified_time":"2023-02-10T11:18:30+00:00","og_image":[{"width":576,"height":768,"url":"https:\/\/www.maitri.pl\/wp-content\/uploads\/2022\/01\/332-palls-1.jpg","type":"image\/jpeg"}],"twitter_card":"summary_large_image","twitter_misc":{"Dur\u00e9e de lecture estim\u00e9e":"3 minutes"},"schema":{"@context":"https:\/\/schema.org","@graph":[{"@type":"WebPage","@id":"https:\/\/www.maitri.pl\/projekt\/pomoc-w-dozywianiu-dzieci-doume\/","url":"https:\/\/www.maitri.pl\/projekt\/pomoc-w-dozywianiu-dzieci-doume\/","name":"Pomoc w do\u017cywianiu 200 dzieci w przedszkolu w Doume","isPartOf":{"@id":"https:\/\/www.maitri.pl\/#website"},"primaryImageOfPage":{"@id":"https:\/\/www.maitri.pl\/projekt\/pomoc-w-dozywianiu-dzieci-doume\/#primaryimage"},"image":{"@id":"https:\/\/www.maitri.pl\/projekt\/pomoc-w-dozywianiu-dzieci-doume\/#primaryimage"},"thumbnailUrl":"https:\/\/www.maitri.pl\/wp-content\/uploads\/2022\/01\/332-palls-1.jpg","datePublished":"2022-01-24T13:29:39+00:00","dateModified":"2023-02-10T11:18:30+00:00","description":"Pomoc w do\u017cywianiu 200 dzieci w przedszkolu w Doum. Plac\u00f3wk\u0119 w Kamerunie prowadz\u0105 Siostry Pallotynki. Ka\u017cda z\u0142ot\u00f3wka pomaga.","breadcrumb":{"@id":"https:\/\/www.maitri.pl\/projekt\/pomoc-w-dozywianiu-dzieci-doume\/#breadcrumb"},"inLanguage":"fr-FR","potentialAction":[{"@type":"ReadAction","target":["https:\/\/www.maitri.pl\/projekt\/pomoc-w-dozywianiu-dzieci-doume\/"]}]},{"@type":"ImageObject","inLanguage":"fr-FR","@id":"https:\/\/www.maitri.pl\/projekt\/pomoc-w-dozywianiu-dzieci-doume\/#primaryimage","url":"https:\/\/www.maitri.pl\/wp-content\/uploads\/2022\/01\/332-palls-1.jpg","contentUrl":"https:\/\/www.maitri.pl\/wp-content\/uploads\/2022\/01\/332-palls-1.jpg","width":576,"height":768,"caption":"dzieci Afryki pomoc Afryce do\u017cywianie Ruch Maitri Adocpja Serca Kamerun Doume 01"},{"@type":"BreadcrumbList","@id":"https:\/\/www.maitri.pl\/projekt\/pomoc-w-dozywianiu-dzieci-doume\/#breadcrumb","itemListElement":[{"@type":"ListItem","position":1,"name":"Strona g\u0142\u00f3wna","item":"https:\/\/www.maitri.pl\/"},{"@type":"ListItem","position":2,"name":"Sklep","item":"https:\/\/www.maitri.pl\/sklep\/"},{"@type":"ListItem","position":3,"name":"Pomoc w do\u017cywianiu 200 dzieci w przedszkolu w Doume"}]},{"@type":"WebSite","@id":"https:\/\/www.maitri.pl\/#website","url":"https:\/\/www.maitri.pl\/","name":"Adopcja Serca Maitri \u2013 pomoc dzieciom w Afryce","description":"Adopcja Serca \u2013 adopcja na odleg\u0142o\u015b\u0107, pomoc Afryce, do\u017cywianie i edukacja w Afryce","publisher":{"@id":"https:\/\/www.maitri.pl\/#organization"},"potentialAction":[{"@type":"SearchAction","target":{"@type":"EntryPoint","urlTemplate":"https:\/\/www.maitri.pl\/?s={search_term_string}"},"query-input":{"@type":"PropertyValueSpecification","valueRequired":true,"valueName":"search_term_string"}}],"inLanguage":"fr-FR"},{"@type":"Organization","@id":"https:\/\/www.maitri.pl\/#organization","name":"Stowarzyszenie Ruchu Maitri","url":"https:\/\/www.maitri.pl\/","logo":{"@type":"ImageObject","inLanguage":"fr-FR","@id":"https:\/\/www.maitri.pl\/#\/schema\/logo\/image\/","url":"https:\/\/www.maitri.pl\/wp-content\/uploads\/2020\/04\/duze_logo-81.png","contentUrl":"https:\/\/www.maitri.pl\/wp-content\/uploads\/2020\/04\/duze_logo-81.png","width":339,"height":321,"caption":"Stowarzyszenie Ruchu Maitri"},"image":{"@id":"https:\/\/www.maitri.pl\/#\/schema\/logo\/image\/"},"sameAs":["https:\/\/www.facebook.com\/MAITRI.Adopcja.Serca.dzieci.Afryki\/"]}]}},"_links":{"self":[{"href":"https:\/\/www.maitri.pl\/fr\/wp-json\/wp\/v2\/product\/24115","targetHints":{"allow":["GET"]}}],"collection":[{"href":"https:\/\/www.maitri.pl\/fr\/wp-json\/wp\/v2\/product"}],"about":[{"href":"https:\/\/www.maitri.pl\/fr\/wp-json\/wp\/v2\/types\/product"}],"wp:featuredmedia":[{"embeddable":true,"href":"https:\/\/www.maitri.pl\/fr\/wp-json\/wp\/v2\/media\/24116"}],"wp:attachment":[{"href":"https:\/\/www.maitri.pl\/fr\/wp-json\/wp\/v2\/media?parent=24115"}],"wp:term":[{"taxonomy":"product_brand","embeddable":true,"href":"https:\/\/www.maitri.pl\/fr\/wp-json\/wp\/v2\/product_brand?post=24115"},{"taxonomy":"product_cat","embeddable":true,"href":"https:\/\/www.maitri.pl\/fr\/wp-json\/wp\/v2\/product_cat?post=24115"},{"taxonomy":"product_tag","embeddable":true,"href":"https:\/\/www.maitri.pl\/fr\/wp-json\/wp\/v2\/product_tag?post=24115"}],"curies":[{"name":"wp","href":"https:\/\/api.w.org\/{rel}","templated":true}]}}