{"id":23946,"date":"2021-12-16T15:39:31","date_gmt":"2021-12-16T14:39:31","guid":{"rendered":"https:\/\/www.maitri.pl\/?post_type=product&#038;p=23946"},"modified":"2023-02-10T12:18:38","modified_gmt":"2023-02-10T11:18:38","slug":"dofinansowanie-na-zakup-lekow","status":"publish","type":"product","link":"https:\/\/www.maitri.pl\/fr\/projekt\/dofinansowanie-na-zakup-lekow\/","title":{"rendered":"Dofinansowanie na zakup lek\u00f3w i badania laboratoryjne dla przychodni w Bertoua-Tigaza"},"content":{"rendered":"<h4>Chorych nie sta\u0107 na leki<\/h4>\n<p>Od 35 lat nasze Zgromadzenie prowadzi przychodni\u0119 zdrowia w Bertoua-Tigaza w Kamerunie. Leczymy g\u0142\u00f3wnie ma\u0142e dzieci, kobiety w ci\u0105\u017cy i chorych na gru\u017alic\u0119. W rodzinach wielodzietnych jest bardzo du\u017co cierpi\u0105cych dzieci. Bywa tak, \u017ce matka przychodzi z dwojgiem dzieci, gdzie jednemu z nich trzeba natychmiast przetoczy\u0107 krew, a drugie te\u017c jest bardzo chore, ale nie otrzymuje \u017cadnego leczenia, poniewa\u017c matki nie sta\u0107 na op\u0142acenie koszt\u00f3w leczenia. Chcemy pom\u00f3c wszystkim potrzebuj\u0105cym, ale nie mamy z czego zakupi\u0107 niezb\u0119dnych lek\u00f3w. Prosimy o dofinansowanie zakupu medykament\u00f3w oraz wsparcie w op\u0142aceniu bada\u0144 laboratoryjnych, kt\u00f3rych wymaga wielu chorych. B\u0119dzie to ogromna pomoc dla naszej przychodni oraz tutejszej spo\u0142eczno\u015bci.<\/p>\n<h4>Prze\u015bladowani przez choroby<\/h4>\n<p>Przychodnia jest czynna od 7.30 do 16.00, a czasami i d\u0142u\u017cej. Personel sk\u0142ada si\u0119 z 8-osobowej ekipy. Codziennie przyjmujemy oko\u0142o 50 pacjent\u00f3w, zdarza si\u0119, \u017ce ich liczba jest wi\u0119ksza. Cz\u0119sto pacjentami s\u0105 uchod\u017acy z Centralnej Afryki, kt\u00f3rych te\u017c nie sta\u0107 na podstawowe leczenie. Zdarza si\u0119, \u017ce pacjenci przybywaj\u0105 z oddalonych wiosek. Aby przyby\u0107 do przychodni pokonuj\u0105 wiele kilometr\u00f3w. Prosz\u0105c Was o wsparcie, chcemy pom\u00f3c najbardziej potrzebuj\u0105cym, a szczeg\u00f3lnie dzieciom. Bardzo cz\u0119sto s\u0105 zaniedbane, zarobaczone, anemiczne. Du\u017co z nich ma infekcje dr\u00f3g oddechowych i uszu. Ta ostatnia cz\u0119sto na sta\u0142e uszkadza s\u0142uch. U wielu dzieci wyst\u0119puj\u0105 r\u00f3wnie\u017c choroby sk\u00f3ry, gdzie leczenie jest d\u0142ugotrwa\u0142e tzn. trwa od 6 miesi\u0119cy do nawet 1 roku. Chcemy, aby i te dzieci z najbiedniejszych rodzin mia\u0142y w miar\u0119 zapewnion\u0105 opiek\u0119 zdrowotn\u0105, zaopatrzenie w potrzebne leki, a co za tym idzie normalny rozw\u00f3j. prosimy o dofinansowanie na zakup lek\u00f3w, kt\u00f3re pomo\u017ce zmieni\u0107 na lepsze \u017cycie wielu potrzebuj\u0105cych.<\/p>\n<h4><strong>Kosztorys:<\/strong><\/h4>\n<table>\n<tbody>\n<tr>\n<td width=\"30\">LP<\/td>\n<td width=\"306\">OPIS<\/td>\n<td width=\"80\">ilo\u015b\u0107<\/td>\n<td width=\"106\">cena<\/td>\n<td width=\"137\">Kwota (w miejscowej walucie<\/td>\n<\/tr>\n<tr>\n<td width=\"30\">1<\/td>\n<td width=\"306\">Badania laboratoryjne<\/td>\n<td width=\"80\"><\/td>\n<td width=\"106\"><\/td>\n<td width=\"137\">350.000 FR<\/td>\n<\/tr>\n<tr>\n<td width=\"30\">2<\/td>\n<td width=\"306\">Lekarstwa<\/td>\n<td width=\"80\"><\/td>\n<td width=\"106\"><\/td>\n<td width=\"137\">950.000 FR<\/td>\n<\/tr>\n<tr>\n<td width=\"30\"><\/td>\n<td width=\"306\"><strong>PODSUMOWANIE<\/strong><\/td>\n<td width=\"80\"><strong>\u00a0<\/strong><\/td>\n<td width=\"106\"><strong>\u00a0<\/strong><\/td>\n<td width=\"137\"><strong>1.300.000 FR<\/strong><\/td>\n<\/tr>\n<\/tbody>\n<\/table>\n<p>Odpowiedzialna za projekt: Siostra <em>Alberta Str\u0119ciwilk, <a href=\"http:\/\/www.siostrypasjonistki.pl\/\" target=\"_blank\" rel=\"noopener noreferrer\">Zgromadzenie Si\u00f3str M\u0119ki Pana Naszego Jezusa Chrystusa<\/a>, <\/em>misja Bertoua, <a href=\"https:\/\/www.maitri.pl\/gdzie-pomagamy\/\" target=\"_blank\" rel=\"noopener noreferrer\">Kamerun<\/a><\/p>\n<p><b style=\"font-size: large; color: #ff0000;\">Kwota: 2220 \u20ac <\/b><\/p>\n<p><span style=\"color: #ff0000;\"><strong>Przekazana kwota 1500\u20ac<\/strong><\/span><\/p>\n<p style=\"text-align: justify;\" align=\"JUSTIFY\"><span style=\"color: #808080;\">Stowarzyszenie Ruchu\u00a0<em>Maitri<\/em> przeznacza do 10% otrzymanych \u015brodk\u00f3w na koszty funkcjonowania biura i pozyskiwanie funduszy pomocowych. <\/span><\/p>\n<h3 style=\"text-align: justify;\" align=\"JUSTIFY\"><span style=\"color: #808080;\">Dofinansowanie na zakup lek\u00f3w i badania laboratoryjne dla przychodni w Bertoua-Tigaza w Kamerunie<\/span><\/h3>\n","protected":false},"excerpt":{"rendered":"<p><strong>Projekt:<\/strong> Siostra <em>Alberta Str\u0119ciwilk, <a href=\"http:\/\/www.siostrypasjonistki.pl\/\" target=\"_blank\" rel=\"noopener noreferrer\">Zgromadzenie Si\u00f3str M\u0119ki Pana Naszego Jezusa Chrystusa<\/a><\/em><br \/>\n<strong>Misja:<\/strong> Bertoua, <a href=\"https:\/\/www.maitri.pl\/gdzie-pomagamy\/\" target=\"_blank\" rel=\"noopener noreferrer\">Kamerun<\/a><br \/>\n<strong>Zbierana kwota:<\/strong> <span style=\"color: #ff0000;\"><strong>2220 \u20ac<\/strong><\/span><\/p>\n","protected":false},"featured_media":23949,"template":"","meta":[],"product_brand":[],"product_cat":[656],"product_tag":[658,915,914,740],"class_list":{"0":"post-23946","1":"product","2":"type-product","3":"status-publish","4":"has-post-thumbnail","6":"product_cat-bez-kategorii","7":"product_tag-kamerun","8":"product_tag-pasjonistki","9":"product_tag-siostra-alberta-streciwilk","10":"product_tag-zgromadzenie-siostr-meki-pana-naszego-jezusa-chrystusa","12":"first","13":"instock","14":"virtual","15":"purchasable","16":"product-type-simple"},"yoast_head":"<!-- This site is optimized with the Yoast SEO plugin v27.2 - https:\/\/yoast.com\/product\/yoast-seo-wordpress\/ -->\n<title>Dofinansowanie na zakup lek\u00f3w i badania dla przychodni w Kamerunie<\/title>\n<meta name=\"description\" content=\"Dofinansowanie na zakup lek\u00f3w i badania laboratoryjne dla przychodni w Bertoua-Tigaza w Kamerunie. O pomoc prosz\u0105 Siostry Pasjonistki.\" \/>\n<meta name=\"robots\" content=\"index, follow, max-snippet:-1, max-image-preview:large, max-video-preview:-1\" \/>\n<link rel=\"canonical\" href=\"https:\/\/www.maitri.pl\/projekt\/dofinansowanie-na-zakup-lekow\/\" \/>\n<meta property=\"og:locale\" content=\"fr_FR\" \/>\n<meta property=\"og:type\" content=\"article\" \/>\n<meta property=\"og:title\" content=\"Dofinansowanie na zakup lek\u00f3w i badania dla przychodni w Kamerunie\" \/>\n<meta property=\"og:description\" content=\"Dofinansowanie na zakup lek\u00f3w i badania laboratoryjne dla przychodni w Bertoua-Tigaza w Kamerunie. O pomoc prosz\u0105 Siostry Pasjonistki.\" \/>\n<meta property=\"og:url\" content=\"https:\/\/www.maitri.pl\/projekt\/dofinansowanie-na-zakup-lekow\/\" \/>\n<meta property=\"og:site_name\" content=\"Ruch Maitri - Adopcja Serca pomoc Afryce\" \/>\n<meta property=\"article:publisher\" content=\"https:\/\/www.facebook.com\/MAITRI.Adopcja.Serca.dzieci.Afryki\/\" \/>\n<meta property=\"article:modified_time\" content=\"2023-02-10T11:18:38+00:00\" \/>\n<meta property=\"og:image\" content=\"https:\/\/www.maitri.pl\/wp-content\/uploads\/2021\/12\/123-pasjo.jpg\" \/>\n\t<meta property=\"og:image:width\" content=\"1856\" \/>\n\t<meta property=\"og:image:height\" content=\"1392\" \/>\n\t<meta property=\"og:image:type\" content=\"image\/jpeg\" \/>\n<meta name=\"twitter:card\" content=\"summary_large_image\" \/>\n<meta name=\"twitter:label1\" content=\"Dur\u00e9e de lecture estim\u00e9e\" \/>\n\t<meta name=\"twitter:data1\" content=\"2 minutes\" \/>\n<script type=\"application\/ld+json\" class=\"yoast-schema-graph\">{\"@context\":\"https:\/\/schema.org\",\"@graph\":[{\"@type\":\"WebPage\",\"@id\":\"https:\/\/www.maitri.pl\/projekt\/dofinansowanie-na-zakup-lekow\/\",\"url\":\"https:\/\/www.maitri.pl\/projekt\/dofinansowanie-na-zakup-lekow\/\",\"name\":\"Dofinansowanie na zakup lek\u00f3w i badania dla przychodni w Kamerunie\",\"isPartOf\":{\"@id\":\"https:\/\/www.maitri.pl\/#website\"},\"primaryImageOfPage\":{\"@id\":\"https:\/\/www.maitri.pl\/projekt\/dofinansowanie-na-zakup-lekow\/#primaryimage\"},\"image\":{\"@id\":\"https:\/\/www.maitri.pl\/projekt\/dofinansowanie-na-zakup-lekow\/#primaryimage\"},\"thumbnailUrl\":\"https:\/\/www.maitri.pl\/wp-content\/uploads\/2021\/12\/123-pasjo.jpg\",\"datePublished\":\"2021-12-16T14:39:31+00:00\",\"dateModified\":\"2023-02-10T11:18:38+00:00\",\"description\":\"Dofinansowanie na zakup lek\u00f3w i badania laboratoryjne dla przychodni w Bertoua-Tigaza w Kamerunie. O pomoc prosz\u0105 Siostry Pasjonistki.\",\"breadcrumb\":{\"@id\":\"https:\/\/www.maitri.pl\/projekt\/dofinansowanie-na-zakup-lekow\/#breadcrumb\"},\"inLanguage\":\"fr-FR\",\"potentialAction\":[{\"@type\":\"ReadAction\",\"target\":[\"https:\/\/www.maitri.pl\/projekt\/dofinansowanie-na-zakup-lekow\/\"]}]},{\"@type\":\"ImageObject\",\"inLanguage\":\"fr-FR\",\"@id\":\"https:\/\/www.maitri.pl\/projekt\/dofinansowanie-na-zakup-lekow\/#primaryimage\",\"url\":\"https:\/\/www.maitri.pl\/wp-content\/uploads\/2021\/12\/123-pasjo.jpg\",\"contentUrl\":\"https:\/\/www.maitri.pl\/wp-content\/uploads\/2021\/12\/123-pasjo.jpg\",\"width\":1856,\"height\":1392,\"caption\":\"dofinansowanie lek\u00f3w pomoc Afryce dzieci Afryki Adopcja Serca pomoc ubogim Ruch Maitri Kamerun 01\"},{\"@type\":\"BreadcrumbList\",\"@id\":\"https:\/\/www.maitri.pl\/projekt\/dofinansowanie-na-zakup-lekow\/#breadcrumb\",\"itemListElement\":[{\"@type\":\"ListItem\",\"position\":1,\"name\":\"Strona g\u0142\u00f3wna\",\"item\":\"https:\/\/www.maitri.pl\/\"},{\"@type\":\"ListItem\",\"position\":2,\"name\":\"Sklep\",\"item\":\"https:\/\/www.maitri.pl\/sklep\/\"},{\"@type\":\"ListItem\",\"position\":3,\"name\":\"Dofinansowanie na zakup lek\u00f3w i badania laboratoryjne dla przychodni w Bertoua-Tigaza\"}]},{\"@type\":\"WebSite\",\"@id\":\"https:\/\/www.maitri.pl\/#website\",\"url\":\"https:\/\/www.maitri.pl\/\",\"name\":\"Adopcja Serca Maitri \u2013 pomoc dzieciom w Afryce\",\"description\":\"Adopcja Serca \u2013 adopcja na odleg\u0142o\u015b\u0107, pomoc Afryce, do\u017cywianie i edukacja w Afryce\",\"publisher\":{\"@id\":\"https:\/\/www.maitri.pl\/#organization\"},\"potentialAction\":[{\"@type\":\"SearchAction\",\"target\":{\"@type\":\"EntryPoint\",\"urlTemplate\":\"https:\/\/www.maitri.pl\/?s={search_term_string}\"},\"query-input\":{\"@type\":\"PropertyValueSpecification\",\"valueRequired\":true,\"valueName\":\"search_term_string\"}}],\"inLanguage\":\"fr-FR\"},{\"@type\":\"Organization\",\"@id\":\"https:\/\/www.maitri.pl\/#organization\",\"name\":\"Stowarzyszenie Ruchu Maitri\",\"url\":\"https:\/\/www.maitri.pl\/\",\"logo\":{\"@type\":\"ImageObject\",\"inLanguage\":\"fr-FR\",\"@id\":\"https:\/\/www.maitri.pl\/#\/schema\/logo\/image\/\",\"url\":\"https:\/\/www.maitri.pl\/wp-content\/uploads\/2020\/04\/duze_logo-81.png\",\"contentUrl\":\"https:\/\/www.maitri.pl\/wp-content\/uploads\/2020\/04\/duze_logo-81.png\",\"width\":339,\"height\":321,\"caption\":\"Stowarzyszenie Ruchu Maitri\"},\"image\":{\"@id\":\"https:\/\/www.maitri.pl\/#\/schema\/logo\/image\/\"},\"sameAs\":[\"https:\/\/www.facebook.com\/MAITRI.Adopcja.Serca.dzieci.Afryki\/\"]}]}<\/script>\n<!-- \/ Yoast SEO plugin. -->","yoast_head_json":{"title":"Dofinansowanie na zakup lek\u00f3w i badania dla przychodni w Kamerunie","description":"Dofinansowanie na zakup lek\u00f3w i badania laboratoryjne dla przychodni w Bertoua-Tigaza w Kamerunie. O pomoc prosz\u0105 Siostry Pasjonistki.","robots":{"index":"index","follow":"follow","max-snippet":"max-snippet:-1","max-image-preview":"max-image-preview:large","max-video-preview":"max-video-preview:-1"},"canonical":"https:\/\/www.maitri.pl\/projekt\/dofinansowanie-na-zakup-lekow\/","og_locale":"fr_FR","og_type":"article","og_title":"Dofinansowanie na zakup lek\u00f3w i badania dla przychodni w Kamerunie","og_description":"Dofinansowanie na zakup lek\u00f3w i badania laboratoryjne dla przychodni w Bertoua-Tigaza w Kamerunie. O pomoc prosz\u0105 Siostry Pasjonistki.","og_url":"https:\/\/www.maitri.pl\/projekt\/dofinansowanie-na-zakup-lekow\/","og_site_name":"Ruch Maitri - Adopcja Serca pomoc Afryce","article_publisher":"https:\/\/www.facebook.com\/MAITRI.Adopcja.Serca.dzieci.Afryki\/","article_modified_time":"2023-02-10T11:18:38+00:00","og_image":[{"width":1856,"height":1392,"url":"https:\/\/www.maitri.pl\/wp-content\/uploads\/2021\/12\/123-pasjo.jpg","type":"image\/jpeg"}],"twitter_card":"summary_large_image","twitter_misc":{"Dur\u00e9e de lecture estim\u00e9e":"2 minutes"},"schema":{"@context":"https:\/\/schema.org","@graph":[{"@type":"WebPage","@id":"https:\/\/www.maitri.pl\/projekt\/dofinansowanie-na-zakup-lekow\/","url":"https:\/\/www.maitri.pl\/projekt\/dofinansowanie-na-zakup-lekow\/","name":"Dofinansowanie na zakup lek\u00f3w i badania dla przychodni w Kamerunie","isPartOf":{"@id":"https:\/\/www.maitri.pl\/#website"},"primaryImageOfPage":{"@id":"https:\/\/www.maitri.pl\/projekt\/dofinansowanie-na-zakup-lekow\/#primaryimage"},"image":{"@id":"https:\/\/www.maitri.pl\/projekt\/dofinansowanie-na-zakup-lekow\/#primaryimage"},"thumbnailUrl":"https:\/\/www.maitri.pl\/wp-content\/uploads\/2021\/12\/123-pasjo.jpg","datePublished":"2021-12-16T14:39:31+00:00","dateModified":"2023-02-10T11:18:38+00:00","description":"Dofinansowanie na zakup lek\u00f3w i badania laboratoryjne dla przychodni w Bertoua-Tigaza w Kamerunie. O pomoc prosz\u0105 Siostry Pasjonistki.","breadcrumb":{"@id":"https:\/\/www.maitri.pl\/projekt\/dofinansowanie-na-zakup-lekow\/#breadcrumb"},"inLanguage":"fr-FR","potentialAction":[{"@type":"ReadAction","target":["https:\/\/www.maitri.pl\/projekt\/dofinansowanie-na-zakup-lekow\/"]}]},{"@type":"ImageObject","inLanguage":"fr-FR","@id":"https:\/\/www.maitri.pl\/projekt\/dofinansowanie-na-zakup-lekow\/#primaryimage","url":"https:\/\/www.maitri.pl\/wp-content\/uploads\/2021\/12\/123-pasjo.jpg","contentUrl":"https:\/\/www.maitri.pl\/wp-content\/uploads\/2021\/12\/123-pasjo.jpg","width":1856,"height":1392,"caption":"dofinansowanie lek\u00f3w pomoc Afryce dzieci Afryki Adopcja Serca pomoc ubogim Ruch Maitri Kamerun 01"},{"@type":"BreadcrumbList","@id":"https:\/\/www.maitri.pl\/projekt\/dofinansowanie-na-zakup-lekow\/#breadcrumb","itemListElement":[{"@type":"ListItem","position":1,"name":"Strona g\u0142\u00f3wna","item":"https:\/\/www.maitri.pl\/"},{"@type":"ListItem","position":2,"name":"Sklep","item":"https:\/\/www.maitri.pl\/sklep\/"},{"@type":"ListItem","position":3,"name":"Dofinansowanie na zakup lek\u00f3w i badania laboratoryjne dla przychodni w Bertoua-Tigaza"}]},{"@type":"WebSite","@id":"https:\/\/www.maitri.pl\/#website","url":"https:\/\/www.maitri.pl\/","name":"Adopcja Serca Maitri \u2013 pomoc dzieciom w Afryce","description":"Adopcja Serca \u2013 adopcja na odleg\u0142o\u015b\u0107, pomoc Afryce, do\u017cywianie i edukacja w Afryce","publisher":{"@id":"https:\/\/www.maitri.pl\/#organization"},"potentialAction":[{"@type":"SearchAction","target":{"@type":"EntryPoint","urlTemplate":"https:\/\/www.maitri.pl\/?s={search_term_string}"},"query-input":{"@type":"PropertyValueSpecification","valueRequired":true,"valueName":"search_term_string"}}],"inLanguage":"fr-FR"},{"@type":"Organization","@id":"https:\/\/www.maitri.pl\/#organization","name":"Stowarzyszenie Ruchu Maitri","url":"https:\/\/www.maitri.pl\/","logo":{"@type":"ImageObject","inLanguage":"fr-FR","@id":"https:\/\/www.maitri.pl\/#\/schema\/logo\/image\/","url":"https:\/\/www.maitri.pl\/wp-content\/uploads\/2020\/04\/duze_logo-81.png","contentUrl":"https:\/\/www.maitri.pl\/wp-content\/uploads\/2020\/04\/duze_logo-81.png","width":339,"height":321,"caption":"Stowarzyszenie Ruchu Maitri"},"image":{"@id":"https:\/\/www.maitri.pl\/#\/schema\/logo\/image\/"},"sameAs":["https:\/\/www.facebook.com\/MAITRI.Adopcja.Serca.dzieci.Afryki\/"]}]}},"_links":{"self":[{"href":"https:\/\/www.maitri.pl\/fr\/wp-json\/wp\/v2\/product\/23946","targetHints":{"allow":["GET"]}}],"collection":[{"href":"https:\/\/www.maitri.pl\/fr\/wp-json\/wp\/v2\/product"}],"about":[{"href":"https:\/\/www.maitri.pl\/fr\/wp-json\/wp\/v2\/types\/product"}],"wp:featuredmedia":[{"embeddable":true,"href":"https:\/\/www.maitri.pl\/fr\/wp-json\/wp\/v2\/media\/23949"}],"wp:attachment":[{"href":"https:\/\/www.maitri.pl\/fr\/wp-json\/wp\/v2\/media?parent=23946"}],"wp:term":[{"taxonomy":"product_brand","embeddable":true,"href":"https:\/\/www.maitri.pl\/fr\/wp-json\/wp\/v2\/product_brand?post=23946"},{"taxonomy":"product_cat","embeddable":true,"href":"https:\/\/www.maitri.pl\/fr\/wp-json\/wp\/v2\/product_cat?post=23946"},{"taxonomy":"product_tag","embeddable":true,"href":"https:\/\/www.maitri.pl\/fr\/wp-json\/wp\/v2\/product_tag?post=23946"}],"curies":[{"name":"wp","href":"https:\/\/api.w.org\/{rel}","templated":true}]}}