{"id":23941,"date":"2021-12-16T15:38:58","date_gmt":"2021-12-16T14:38:58","guid":{"rendered":"https:\/\/www.maitri.pl\/?post_type=product&#038;p=23941"},"modified":"2023-02-10T12:18:46","modified_gmt":"2023-02-10T11:18:46","slug":"wyposazenie-kuchni-nepal","status":"publish","type":"product","link":"https:\/\/www.maitri.pl\/fr\/projekt\/wyposazenie-kuchni-nepal\/","title":{"rendered":"Wyposa\u017cenie kuchni przygotowuj\u0105cej posi\u0142ki dla do\u017cywianych dzieci w Nepalu"},"content":{"rendered":"<h4>\u017bywimy ubogie dzieci<\/h4>\n<p>Od ponad 2 lat prowadzimy w szkole do\u017cywianie 70 dzieci \u017cyj\u0105cych w ekstremalnej biedzie. Pochodz\u0105 z najni\u017cszych kast i cz\u0119sto nie dojadaj\u0105. Ich rodzic\u00f3w nie sta\u0107 na jedzenie i wykarmienie rodziny. W tej sytuacji ich rol\u0119 przej\u0119li\u015bmy my. Dzi\u0119ki wsparciu darczy\u0144c\u00f3w Maitri prowadzimy <a href=\"https:\/\/www.maitri.pl\/projekt\/posilek-dla-dziecka-kazda-zlotowka-pomaga\/\" target=\"_blank\" rel=\"noopener\">akcj\u0119 do\u017cywiania<\/a>. Na dzieci czeka codzienny obiad, dlatego ch\u0119tnie ucz\u0119szczaj\u0105 do szko\u0142y i nie g\u0142oduj\u0105. Program jest wspania\u0142y, wymaga kontynuacji. Potrzebne jest wyposa\u017cenie kuchni, bo to, kt\u00f3re mieli\u015bmy, w cz\u0119\u015bci si\u0119 wys\u0142u\u017cy\u0142o. Prosimy o \u015brodki na uzupe\u0142nienie sprz\u0119t\u00f3w kuchennych. Gotujemy codziennie, wi\u0119c zu\u017cycie jest du\u017ce.<\/p>\n<h4>Nie maj\u0105 na czym je\u015b\u0107<\/h4>\n<p>Przede wszystkim chcemy kupi\u0107 nowe pojemniki do przechowywania \u017cywno\u015bci. Do kluczowych potrzeb nale\u017c\u0105 nowe garnki oraz narz\u0119dzia do obr\u00f3bki \u017cywno\u015bci. Potrzebne s\u0105 nam r\u00f3wnie\u017c nowe talerze i kubki dla nowo przyj\u0119tych uczni\u00f3w pierwszej klasy. To dzieci, kt\u00f3re dopiero zostan\u0105 w\u0142\u0105czone do programu do\u017cywiania. Pozwoli to prowadzi\u0107 nasz program w higienicznych warunkach. Nowe wyposa\u017cenie kuchni pozwoli \u017cywi\u0107 wszystkich w tym samym czasie. Do tej pory musieli\u015bmy to robi\u0107 etapami, co utrudnia\u0142o prac\u0119. Teraz kuchnia b\u0119dzie w stanie wydawa\u0107 posi\u0142ki na czas przy zaanga\u017cowaniu tylko jednego kucharza. Jednocze\u015bnie dzi\u0119ki temu b\u0119dzie mo\u017cliwe przetwarzanie wi\u0119kszej ilo\u015bci produkt\u00f3w spo\u017cywczych.<\/p>\n<p>Miejsce: Shree Seti Devi Sec. School, Dahshinkali, Kathmandu, Nepal. Mie\u015bci si\u0119 tam kuchnia \u2013 jadalnia przygotowuj\u0105ca posi\u0142ki dla 85 dzieci.<\/p>\n<p>Aleksandra Kurnicka<\/p>\n<table>\n<tbody>\n<tr>\n<td width=\"33\">LP<\/td>\n<td width=\"282\"><strong>OPIS<\/strong><\/td>\n<td width=\"48\">Jednostki miary<\/td>\n<td width=\"111\"><strong>Cena<\/strong><\/p>\n<p>(w miejscowej walucie) npr<\/td>\n<td width=\"168\"><strong>Kwota\u00a0\u00a0\u00a0\u00a0\u00a0\u00a0\u00a0\u00a0\u00a0\u00a0\u00a0\u00a0\u00a0\u00a0\u00a0\u00a0\u00a0\u00a0\u00a0\u00a0\u00a0\u00a0\u00a0\u00a0\u00a0\u00a0 <\/strong>(w miejscowej walucie)<\/td>\n<\/tr>\n<tr>\n<td width=\"33\">1.<\/td>\n<td width=\"282\">Pojemniki na \u017cywno\u015b\u0107<\/p>\n<p>&nbsp;<\/td>\n<td width=\"48\">5<\/p>\n<p>&nbsp;<\/td>\n<td width=\"111\">1.600<\/p>\n<p>&nbsp;<\/td>\n<td width=\"168\">8.000<\/td>\n<\/tr>\n<tr>\n<td width=\"33\">2.<\/td>\n<td width=\"282\">Sprz\u0119t do obr\u00f3bki i wydawania \u017cywno\u015bci tj.: chochle, obieraczki, \u0142y\u017cki, tarki, etc<\/td>\n<td width=\"48\"><\/td>\n<td width=\"111\"><\/td>\n<td width=\"168\">25.000<\/td>\n<\/tr>\n<tr>\n<td width=\"33\">3.<\/td>\n<td width=\"282\">Urz\u0105dzenia do obr\u00f3bki \u017cywno\u015bci:<\/td>\n<td width=\"48\">3<\/td>\n<td width=\"111\">&nbsp;<\/p>\n<p>&nbsp;<\/td>\n<td width=\"168\">30.000<\/td>\n<\/tr>\n<tr>\n<td width=\"33\">4<\/td>\n<td width=\"282\">Talerze, kubki, \u0142y\u017cki<\/td>\n<td width=\"48\">30<\/td>\n<td width=\"111\">400<\/td>\n<td width=\"168\">12.000<\/td>\n<\/tr>\n<tr>\n<td width=\"33\">5<\/td>\n<td width=\"282\">Szybkowar<\/td>\n<td width=\"48\"><\/td>\n<td width=\"111\"><\/td>\n<td width=\"168\">15.000<\/td>\n<\/tr>\n<tr>\n<td width=\"33\"><\/td>\n<td width=\"282\"><strong>PODSUMOWANIE <\/strong>(w miejscowej walucie)<\/td>\n<td width=\"48\">&nbsp;<\/p>\n<p>&nbsp;<\/td>\n<td width=\"111\"><\/td>\n<td width=\"168\">90.000 npr<\/td>\n<\/tr>\n<\/tbody>\n<\/table>\n<p>Osoba odpowiedzialna: <em>Aleksandra\u00a0Kurnicka, <a href=\"https:\/\/www.facebook.com\/karunikatuitioncenterNEPAL\" target=\"_blank\" rel=\"noopener\">Karunika Foundation<\/a><\/em><\/p>\n<p><span style=\"color: #ff0000;\"><span style=\"font-size: large;\"><b>Wnioskowana kwota : 14.330 \u20ac<\/b><\/span><\/span><\/p>\n<p><span style=\"color: #999999;\">Stowarzyszenie Ruchu\u00a0<em>Maitri<\/em>\u00a0przeznacza do 10% otrzymanych \u015brodk\u00f3w na koszty funkcjonowania biura i pozyskiwanie funduszy pomocowych.<\/span><\/p>\n<h3><strong><span style=\"color: #999999;\">Wyposa\u017cenie kuchni przygotowuj\u0105cej posi\u0142ki dla do\u017cywianych dzieci w Nepalu<\/span><\/strong><\/h3>\n<p>&nbsp;<\/p>\n<p>&nbsp;<\/p>\n","protected":false},"excerpt":{"rendered":"<p><strong>Projekt: <\/strong><em>Aleksandra<\/em><em>\u00a0Kurnicka, <a href=\"https:\/\/www.facebook.com\/karunikatuitioncenterNEPAL\" target=\"_blank\" rel=\"noopener\">Karunika Foundation<\/a><\/em><br \/>\n<strong>Miejsce:<\/strong> Kathmandu, <a href=\"https:\/\/www.maitri.pl\/gdzie-pomagamy\/\" target=\"_blank\" rel=\"noopener\">Nepal<\/a><br \/>\n<strong>Kwota projektu: <span style=\"color: #ff0000;\">740\u20ac<\/span><\/strong><\/p>\n","protected":false},"featured_media":23944,"template":"","meta":[],"product_brand":[],"product_cat":[656],"product_tag":[670,676,672],"class_list":{"0":"post-23941","1":"product","2":"type-product","3":"status-publish","4":"has-post-thumbnail","6":"product_cat-bez-kategorii","7":"product_tag-aleksandra-kurnicka","8":"product_tag-dozywianie","9":"product_tag-nepal","11":"first","12":"instock","13":"virtual","14":"purchasable","15":"product-type-simple"},"yoast_head":"<!-- This site is optimized with the Yoast SEO plugin v27.2 - https:\/\/yoast.com\/product\/yoast-seo-wordpress\/ -->\n<title>Wyposa\u017cenie kuchni przygotowuj\u0105cej posi\u0142ki dla dzieci w Nepalu<\/title>\n<meta name=\"description\" content=\"Wyposa\u017cenie kuchni przygotowuj\u0105cej posi\u0142ki dla do\u017cywianych dzieci w Nepalu. Akcj\u0119 prowadzi Karunika Foundation. Codzienny obiad dla uczni\u00f3w.\" \/>\n<meta name=\"robots\" content=\"index, follow, max-snippet:-1, max-image-preview:large, max-video-preview:-1\" \/>\n<link rel=\"canonical\" href=\"https:\/\/www.maitri.pl\/projekt\/wyposazenie-kuchni-nepal\/\" \/>\n<meta property=\"og:locale\" content=\"fr_FR\" \/>\n<meta property=\"og:type\" content=\"article\" \/>\n<meta property=\"og:title\" content=\"Wyposa\u017cenie kuchni przygotowuj\u0105cej posi\u0142ki dla dzieci w Nepalu\" \/>\n<meta property=\"og:description\" content=\"Wyposa\u017cenie kuchni przygotowuj\u0105cej posi\u0142ki dla do\u017cywianych dzieci w Nepalu. Akcj\u0119 prowadzi Karunika Foundation. Codzienny obiad dla uczni\u00f3w.\" \/>\n<meta property=\"og:url\" content=\"https:\/\/www.maitri.pl\/projekt\/wyposazenie-kuchni-nepal\/\" \/>\n<meta property=\"og:site_name\" content=\"Ruch Maitri - Adopcja Serca pomoc Afryce\" \/>\n<meta property=\"article:publisher\" content=\"https:\/\/www.facebook.com\/MAITRI.Adopcja.Serca.dzieci.Afryki\/\" \/>\n<meta property=\"article:modified_time\" content=\"2023-02-10T11:18:46+00:00\" \/>\n<meta property=\"og:image\" content=\"https:\/\/www.maitri.pl\/wp-content\/uploads\/2021\/12\/23-kartc-2.jpg\" \/>\n\t<meta property=\"og:image:width\" content=\"1242\" \/>\n\t<meta property=\"og:image:height\" content=\"583\" \/>\n\t<meta property=\"og:image:type\" content=\"image\/jpeg\" \/>\n<meta name=\"twitter:card\" content=\"summary_large_image\" \/>\n<meta name=\"twitter:label1\" content=\"Dur\u00e9e de lecture estim\u00e9e\" \/>\n\t<meta name=\"twitter:data1\" content=\"2 minutes\" \/>\n<script type=\"application\/ld+json\" class=\"yoast-schema-graph\">{\"@context\":\"https:\/\/schema.org\",\"@graph\":[{\"@type\":\"WebPage\",\"@id\":\"https:\/\/www.maitri.pl\/projekt\/wyposazenie-kuchni-nepal\/\",\"url\":\"https:\/\/www.maitri.pl\/projekt\/wyposazenie-kuchni-nepal\/\",\"name\":\"Wyposa\u017cenie kuchni przygotowuj\u0105cej posi\u0142ki dla dzieci w Nepalu\",\"isPartOf\":{\"@id\":\"https:\/\/www.maitri.pl\/#website\"},\"primaryImageOfPage\":{\"@id\":\"https:\/\/www.maitri.pl\/projekt\/wyposazenie-kuchni-nepal\/#primaryimage\"},\"image\":{\"@id\":\"https:\/\/www.maitri.pl\/projekt\/wyposazenie-kuchni-nepal\/#primaryimage\"},\"thumbnailUrl\":\"https:\/\/www.maitri.pl\/wp-content\/uploads\/2021\/12\/23-kartc-2.jpg\",\"datePublished\":\"2021-12-16T14:38:58+00:00\",\"dateModified\":\"2023-02-10T11:18:46+00:00\",\"description\":\"Wyposa\u017cenie kuchni przygotowuj\u0105cej posi\u0142ki dla do\u017cywianych dzieci w Nepalu. Akcj\u0119 prowadzi Karunika Foundation. Codzienny obiad dla uczni\u00f3w.\",\"breadcrumb\":{\"@id\":\"https:\/\/www.maitri.pl\/projekt\/wyposazenie-kuchni-nepal\/#breadcrumb\"},\"inLanguage\":\"fr-FR\",\"potentialAction\":[{\"@type\":\"ReadAction\",\"target\":[\"https:\/\/www.maitri.pl\/projekt\/wyposazenie-kuchni-nepal\/\"]}]},{\"@type\":\"ImageObject\",\"inLanguage\":\"fr-FR\",\"@id\":\"https:\/\/www.maitri.pl\/projekt\/wyposazenie-kuchni-nepal\/#primaryimage\",\"url\":\"https:\/\/www.maitri.pl\/wp-content\/uploads\/2021\/12\/23-kartc-2.jpg\",\"contentUrl\":\"https:\/\/www.maitri.pl\/wp-content\/uploads\/2021\/12\/23-kartc-2.jpg\",\"width\":1242,\"height\":583,\"caption\":\"wyposa\u017cenie kuchni codzienny obiad g\u0142odnych nakarmi\u0107 Adopcja Serca Ruch Maitri pomoc ubogim pomoc dzieciom pomoc g\u0142oduj\u0105cym do\u017cywianie Nepal 02\"},{\"@type\":\"BreadcrumbList\",\"@id\":\"https:\/\/www.maitri.pl\/projekt\/wyposazenie-kuchni-nepal\/#breadcrumb\",\"itemListElement\":[{\"@type\":\"ListItem\",\"position\":1,\"name\":\"Strona g\u0142\u00f3wna\",\"item\":\"https:\/\/www.maitri.pl\/\"},{\"@type\":\"ListItem\",\"position\":2,\"name\":\"Sklep\",\"item\":\"https:\/\/www.maitri.pl\/sklep\/\"},{\"@type\":\"ListItem\",\"position\":3,\"name\":\"Wyposa\u017cenie kuchni przygotowuj\u0105cej posi\u0142ki dla do\u017cywianych dzieci w Nepalu\"}]},{\"@type\":\"WebSite\",\"@id\":\"https:\/\/www.maitri.pl\/#website\",\"url\":\"https:\/\/www.maitri.pl\/\",\"name\":\"Adopcja Serca Maitri \u2013 pomoc dzieciom w Afryce\",\"description\":\"Adopcja Serca \u2013 adopcja na odleg\u0142o\u015b\u0107, pomoc Afryce, do\u017cywianie i edukacja w Afryce\",\"publisher\":{\"@id\":\"https:\/\/www.maitri.pl\/#organization\"},\"potentialAction\":[{\"@type\":\"SearchAction\",\"target\":{\"@type\":\"EntryPoint\",\"urlTemplate\":\"https:\/\/www.maitri.pl\/?s={search_term_string}\"},\"query-input\":{\"@type\":\"PropertyValueSpecification\",\"valueRequired\":true,\"valueName\":\"search_term_string\"}}],\"inLanguage\":\"fr-FR\"},{\"@type\":\"Organization\",\"@id\":\"https:\/\/www.maitri.pl\/#organization\",\"name\":\"Stowarzyszenie Ruchu Maitri\",\"url\":\"https:\/\/www.maitri.pl\/\",\"logo\":{\"@type\":\"ImageObject\",\"inLanguage\":\"fr-FR\",\"@id\":\"https:\/\/www.maitri.pl\/#\/schema\/logo\/image\/\",\"url\":\"https:\/\/www.maitri.pl\/wp-content\/uploads\/2020\/04\/duze_logo-81.png\",\"contentUrl\":\"https:\/\/www.maitri.pl\/wp-content\/uploads\/2020\/04\/duze_logo-81.png\",\"width\":339,\"height\":321,\"caption\":\"Stowarzyszenie Ruchu Maitri\"},\"image\":{\"@id\":\"https:\/\/www.maitri.pl\/#\/schema\/logo\/image\/\"},\"sameAs\":[\"https:\/\/www.facebook.com\/MAITRI.Adopcja.Serca.dzieci.Afryki\/\"]}]}<\/script>\n<!-- \/ Yoast SEO plugin. -->","yoast_head_json":{"title":"Wyposa\u017cenie kuchni przygotowuj\u0105cej posi\u0142ki dla dzieci w Nepalu","description":"Wyposa\u017cenie kuchni przygotowuj\u0105cej posi\u0142ki dla do\u017cywianych dzieci w Nepalu. Akcj\u0119 prowadzi Karunika Foundation. Codzienny obiad dla uczni\u00f3w.","robots":{"index":"index","follow":"follow","max-snippet":"max-snippet:-1","max-image-preview":"max-image-preview:large","max-video-preview":"max-video-preview:-1"},"canonical":"https:\/\/www.maitri.pl\/projekt\/wyposazenie-kuchni-nepal\/","og_locale":"fr_FR","og_type":"article","og_title":"Wyposa\u017cenie kuchni przygotowuj\u0105cej posi\u0142ki dla dzieci w Nepalu","og_description":"Wyposa\u017cenie kuchni przygotowuj\u0105cej posi\u0142ki dla do\u017cywianych dzieci w Nepalu. Akcj\u0119 prowadzi Karunika Foundation. Codzienny obiad dla uczni\u00f3w.","og_url":"https:\/\/www.maitri.pl\/projekt\/wyposazenie-kuchni-nepal\/","og_site_name":"Ruch Maitri - Adopcja Serca pomoc Afryce","article_publisher":"https:\/\/www.facebook.com\/MAITRI.Adopcja.Serca.dzieci.Afryki\/","article_modified_time":"2023-02-10T11:18:46+00:00","og_image":[{"width":1242,"height":583,"url":"https:\/\/www.maitri.pl\/wp-content\/uploads\/2021\/12\/23-kartc-2.jpg","type":"image\/jpeg"}],"twitter_card":"summary_large_image","twitter_misc":{"Dur\u00e9e de lecture estim\u00e9e":"2 minutes"},"schema":{"@context":"https:\/\/schema.org","@graph":[{"@type":"WebPage","@id":"https:\/\/www.maitri.pl\/projekt\/wyposazenie-kuchni-nepal\/","url":"https:\/\/www.maitri.pl\/projekt\/wyposazenie-kuchni-nepal\/","name":"Wyposa\u017cenie kuchni przygotowuj\u0105cej posi\u0142ki dla dzieci w Nepalu","isPartOf":{"@id":"https:\/\/www.maitri.pl\/#website"},"primaryImageOfPage":{"@id":"https:\/\/www.maitri.pl\/projekt\/wyposazenie-kuchni-nepal\/#primaryimage"},"image":{"@id":"https:\/\/www.maitri.pl\/projekt\/wyposazenie-kuchni-nepal\/#primaryimage"},"thumbnailUrl":"https:\/\/www.maitri.pl\/wp-content\/uploads\/2021\/12\/23-kartc-2.jpg","datePublished":"2021-12-16T14:38:58+00:00","dateModified":"2023-02-10T11:18:46+00:00","description":"Wyposa\u017cenie kuchni przygotowuj\u0105cej posi\u0142ki dla do\u017cywianych dzieci w Nepalu. Akcj\u0119 prowadzi Karunika Foundation. Codzienny obiad dla uczni\u00f3w.","breadcrumb":{"@id":"https:\/\/www.maitri.pl\/projekt\/wyposazenie-kuchni-nepal\/#breadcrumb"},"inLanguage":"fr-FR","potentialAction":[{"@type":"ReadAction","target":["https:\/\/www.maitri.pl\/projekt\/wyposazenie-kuchni-nepal\/"]}]},{"@type":"ImageObject","inLanguage":"fr-FR","@id":"https:\/\/www.maitri.pl\/projekt\/wyposazenie-kuchni-nepal\/#primaryimage","url":"https:\/\/www.maitri.pl\/wp-content\/uploads\/2021\/12\/23-kartc-2.jpg","contentUrl":"https:\/\/www.maitri.pl\/wp-content\/uploads\/2021\/12\/23-kartc-2.jpg","width":1242,"height":583,"caption":"wyposa\u017cenie kuchni codzienny obiad g\u0142odnych nakarmi\u0107 Adopcja Serca Ruch Maitri pomoc ubogim pomoc dzieciom pomoc g\u0142oduj\u0105cym do\u017cywianie Nepal 02"},{"@type":"BreadcrumbList","@id":"https:\/\/www.maitri.pl\/projekt\/wyposazenie-kuchni-nepal\/#breadcrumb","itemListElement":[{"@type":"ListItem","position":1,"name":"Strona g\u0142\u00f3wna","item":"https:\/\/www.maitri.pl\/"},{"@type":"ListItem","position":2,"name":"Sklep","item":"https:\/\/www.maitri.pl\/sklep\/"},{"@type":"ListItem","position":3,"name":"Wyposa\u017cenie kuchni przygotowuj\u0105cej posi\u0142ki dla do\u017cywianych dzieci w Nepalu"}]},{"@type":"WebSite","@id":"https:\/\/www.maitri.pl\/#website","url":"https:\/\/www.maitri.pl\/","name":"Adopcja Serca Maitri \u2013 pomoc dzieciom w Afryce","description":"Adopcja Serca \u2013 adopcja na odleg\u0142o\u015b\u0107, pomoc Afryce, do\u017cywianie i edukacja w Afryce","publisher":{"@id":"https:\/\/www.maitri.pl\/#organization"},"potentialAction":[{"@type":"SearchAction","target":{"@type":"EntryPoint","urlTemplate":"https:\/\/www.maitri.pl\/?s={search_term_string}"},"query-input":{"@type":"PropertyValueSpecification","valueRequired":true,"valueName":"search_term_string"}}],"inLanguage":"fr-FR"},{"@type":"Organization","@id":"https:\/\/www.maitri.pl\/#organization","name":"Stowarzyszenie Ruchu Maitri","url":"https:\/\/www.maitri.pl\/","logo":{"@type":"ImageObject","inLanguage":"fr-FR","@id":"https:\/\/www.maitri.pl\/#\/schema\/logo\/image\/","url":"https:\/\/www.maitri.pl\/wp-content\/uploads\/2020\/04\/duze_logo-81.png","contentUrl":"https:\/\/www.maitri.pl\/wp-content\/uploads\/2020\/04\/duze_logo-81.png","width":339,"height":321,"caption":"Stowarzyszenie Ruchu Maitri"},"image":{"@id":"https:\/\/www.maitri.pl\/#\/schema\/logo\/image\/"},"sameAs":["https:\/\/www.facebook.com\/MAITRI.Adopcja.Serca.dzieci.Afryki\/"]}]}},"_links":{"self":[{"href":"https:\/\/www.maitri.pl\/fr\/wp-json\/wp\/v2\/product\/23941","targetHints":{"allow":["GET"]}}],"collection":[{"href":"https:\/\/www.maitri.pl\/fr\/wp-json\/wp\/v2\/product"}],"about":[{"href":"https:\/\/www.maitri.pl\/fr\/wp-json\/wp\/v2\/types\/product"}],"wp:featuredmedia":[{"embeddable":true,"href":"https:\/\/www.maitri.pl\/fr\/wp-json\/wp\/v2\/media\/23944"}],"wp:attachment":[{"href":"https:\/\/www.maitri.pl\/fr\/wp-json\/wp\/v2\/media?parent=23941"}],"wp:term":[{"taxonomy":"product_brand","embeddable":true,"href":"https:\/\/www.maitri.pl\/fr\/wp-json\/wp\/v2\/product_brand?post=23941"},{"taxonomy":"product_cat","embeddable":true,"href":"https:\/\/www.maitri.pl\/fr\/wp-json\/wp\/v2\/product_cat?post=23941"},{"taxonomy":"product_tag","embeddable":true,"href":"https:\/\/www.maitri.pl\/fr\/wp-json\/wp\/v2\/product_tag?post=23941"}],"curies":[{"name":"wp","href":"https:\/\/api.w.org\/{rel}","templated":true}]}}