{"id":23936,"date":"2021-12-16T15:38:23","date_gmt":"2021-12-16T14:38:23","guid":{"rendered":"https:\/\/www.maitri.pl\/?post_type=product&#038;p=23936"},"modified":"2023-02-10T12:19:02","modified_gmt":"2023-02-10T11:19:02","slug":"codzienny-obiad-dla-najbiedniejszych-dzieci","status":"publish","type":"product","link":"https:\/\/www.maitri.pl\/fr\/projekt\/codzienny-obiad-dla-najbiedniejszych-dzieci\/","title":{"rendered":"Codzienny obiad dla 85 najbiedniejszych dzieci z Karunika Foundation"},"content":{"rendered":"<h4>Jedyny posi\u0142ek to ten w szkole<\/h4>\n<p>Pom\u00f3\u017c dzieciom najbiedniejszych z biednych! Akcja jest kontynuacj\u0105 do\u017cywiania, prowadzonego od 2020 roku we wsp\u00f3\u0142pracy z Ruchem <a href=\"https:\/\/www.maitri.pl\/projekt\/posilek-dla-dziecka-kazda-zlotowka-pomaga\/\" target=\"_blank\" rel=\"noopener\">Maitri<\/a>. Program obejmuje dzieci, kt\u00f3re cz\u0119sto nie maj\u0105 ciep\u0142ego, pe\u0142nowarto\u015bciowego posi\u0142ku w domu. Ten darowany przez nas to ich codzienny obiad. Obecnie, po pandemii, wiele dzieci g\u0142oduje. Frekwencja w szkole jest w zasadzie w pe\u0142ni zapewniona dzi\u0119ki prowadzonemu do\u017cywianiu. Aby si\u0119 wy\u017cywi\u0107, obecnie ogromna liczba dzieci musi pracowa\u0107. Pog\u0142\u0119bia si\u0119 przez to analfabetyzm. Ponadto dziewczynki w wieku 9-12 lat wydawane s\u0105 za m\u0105\u017c, aby w rodzinach by\u0142a jedna buzia mniej do wykarmienia. Generalnie w Nepalu w ub\u00f3stwie \u017cyje ponad 70% spo\u0142ecze\u0144stwa.<\/p>\n<h4>Dzieci jak duchy<\/h4>\n<p>Wnioskujemy \u0142\u0105cznie o posi\u0142ki dla 85 dzieci na ca\u0142y rok. Skorzysta na tym wiele os\u00f3b. Nie tylko dzieci, lecz tak\u017ce ich rodziny. Wykszta\u0142cenie sprawia, \u017ce istnieje dla nich szansa na wyj\u015bcie ze skrajnego ub\u00f3stwa. Posi\u0142ek, kt\u00f3ry jedz\u0105 dzieci, stanowi ogromn\u0105 warto\u015b\u0107 zar\u00f3wno materialn\u0105, jak i duchow\u0105. Dzi\u0119ki niemu dzieci ucz\u0119szczaj\u0105 do szko\u0142y, nie choruj\u0105, s\u0105 aktywne, nie ot\u0119pia\u0142e, osi\u0105gaj\u0105 lepsze wyniki w nauce. Codzienny obiad to wielki dar dla tych dzieci. Wszystkie wywodz\u0105 si\u0119 z najni\u017cszej kasty. Przed obj\u0119ciem ich nasz\u0105 opiek\u0105 by\u0142y jak duchy, niewidoczne nawet we w\u0142asnych domach.<\/p>\n<h4>Tam nie ma niejadk\u00f3w<\/h4>\n<p>Gdy pewnego dnia grupa naszych dzieci mia\u0142a zaj\u0119cia poza szko\u0142\u0105, w po\u0142owie dnia pyta\u0142y, kiedy zawieziemy je do szko\u0142y. Martwi\u0142y si\u0119, \u017ce tego dnia mog\u0105 nie dosta\u0107 posi\u0142ku. Wiele nowych dzieci przyj\u0119tych do programu, dostaj\u0105c pe\u0142ny talerz, je na stoj\u0105co, blisko miejsca wydawania, bo licz\u0105, \u017ce mo\u017ce jeszcze dostan\u0105 dok\u0142adk\u0119. Do\u017cywianie dzieci to wspania\u0142a pomoc w tej niewyobra\u017calnej biedzie. Wsp\u00f3lnie mo\u017cemy im podarowa\u0107 codzienny obiad.<\/p>\n<p>Aleksandra Kurnicka<\/p>\n<h4><strong>Kosztorys:<\/strong><\/h4>\n<table>\n<tbody>\n<tr>\n<td width=\"34\">LP<\/td>\n<td width=\"229\">Opis<\/td>\n<td width=\"88\">Ilo\u015b\u0107 dzieci<\/td>\n<td width=\"118\">Cena posi\u0142ku w miejscowej walucie<\/td>\n<td width=\"189\">Kwota w miejscowej walucie<\/td>\n<\/tr>\n<tr>\n<td width=\"34\">1<\/td>\n<td width=\"229\">koszt jednego ciep\u0142ego pe\u0142nowarto\u015bciowego posi\u0142ku (ry\u017c, soczewica, warzywa), kt\u00f3ry b\u0119dzie podawany w okresie od 12\/2021-12\/2022r., 6 dni w tygodniu, dla dzieci w klasach od 1-7<\/td>\n<td width=\"88\">85<\/td>\n<td width=\"118\">60 npr<\/td>\n<td width=\"189\">5100 npr x 343 dni = 1.749.300 npr<\/td>\n<\/tr>\n<tr>\n<td width=\"34\"><strong>\u00a0<\/strong><\/td>\n<td width=\"229\"><strong>PODSUMOWANIE<\/strong><\/td>\n<td colspan=\"2\" width=\"206\"><strong>\u00a0<\/strong><\/td>\n<td width=\"189\"><strong>1.749.300 npr<\/strong><\/td>\n<\/tr>\n<\/tbody>\n<\/table>\n<p>Osoba odpowiedzialna: <em>Aleksandra\u00a0Kurnicka, <a href=\"https:\/\/www.facebook.com\/karunikatuitioncenterNEPAL\" target=\"_blank\" rel=\"noopener\">Karunika Foundation<\/a><\/em><\/p>\n<p><span style=\"color: #ff0000;\"><span style=\"font-size: large;\"><b>Wnioskowana kwota : 14.330 \u20ac Koszt\u00a0 jednego posi\u0142ku 2 z\u0142<br \/>\n<\/b><\/span><\/span><\/p>\n<p><span style=\"color: #999999;\">Stowarzyszenie Ruchu\u00a0<em>Maitri<\/em>\u00a0przeznacza do 10% otrzymanych \u015brodk\u00f3w na koszty funkcjonowania biura i pozyskiwanie funduszy pomocowych.<\/span><\/p>\n<h3><strong><span style=\"color: #999999;\">Codzienny obiad dla 85 najbiedniejszych dzieci z Karunika Foundation (Dakshinkali) w\u00a0 Nepalu<\/span><\/strong><\/h3>\n","protected":false},"excerpt":{"rendered":"<p><strong>Projekt: <\/strong><em>Aleksandra<\/em><em>\u00a0Kurnicka, <a href=\"https:\/\/www.facebook.com\/karunikatuitioncenterNEPAL\" target=\"_blank\" rel=\"noopener\">Karunika Foundation<\/a><\/em><br \/>\n<strong>Miejsce:<\/strong> Kathmandu, Nepal<br \/>\n<strong>Kwota projektu: <span style=\"color: #ff0000;\">14.330\u20ac <\/span><\/strong><\/p>\n<p><strong><span style=\"color: #ff0000;\">Koszt posi\u0142k\u00f3w dla jednego dziecka na miesi\u0105c = 40 z\u0142<br \/>\n<\/span><\/strong><\/p>\n","protected":false},"featured_media":23937,"template":"","meta":[],"product_brand":[],"product_cat":[656],"product_tag":[670,676,672],"class_list":{"0":"post-23936","1":"product","2":"type-product","3":"status-publish","4":"has-post-thumbnail","6":"product_cat-bez-kategorii","7":"product_tag-aleksandra-kurnicka","8":"product_tag-dozywianie","9":"product_tag-nepal","11":"first","12":"instock","13":"virtual","14":"purchasable","15":"product-type-simple"},"yoast_head":"<!-- This site is optimized with the Yoast SEO plugin v27.2 - https:\/\/yoast.com\/product\/yoast-seo-wordpress\/ -->\n<title>Codzienny obiad dla 85 najbiedniejszych dzieci z Karunika Foundation<\/title>\n<meta name=\"description\" content=\"Codzienny obiad dla 85 najbiedniejszych dzieci z Karunika Foundation (Dakshinkali). Podaruj ciep\u0142y posi\u0142ek podopiecznym o\u015brodka.\" \/>\n<meta name=\"robots\" content=\"index, follow, max-snippet:-1, max-image-preview:large, max-video-preview:-1\" \/>\n<link rel=\"canonical\" href=\"https:\/\/www.maitri.pl\/projekt\/codzienny-obiad-dla-najbiedniejszych-dzieci\/\" \/>\n<meta property=\"og:locale\" content=\"fr_FR\" \/>\n<meta property=\"og:type\" content=\"article\" \/>\n<meta property=\"og:title\" content=\"Codzienny obiad dla 85 najbiedniejszych dzieci z Karunika Foundation\" \/>\n<meta property=\"og:description\" content=\"Codzienny obiad dla 85 najbiedniejszych dzieci z Karunika Foundation (Dakshinkali). Podaruj ciep\u0142y posi\u0142ek podopiecznym o\u015brodka.\" \/>\n<meta property=\"og:url\" content=\"https:\/\/www.maitri.pl\/projekt\/codzienny-obiad-dla-najbiedniejszych-dzieci\/\" \/>\n<meta property=\"og:site_name\" content=\"Ruch Maitri - Adopcja Serca pomoc Afryce\" \/>\n<meta property=\"article:publisher\" content=\"https:\/\/www.facebook.com\/MAITRI.Adopcja.Serca.dzieci.Afryki\/\" \/>\n<meta property=\"article:modified_time\" content=\"2023-02-10T11:19:02+00:00\" \/>\n<meta property=\"og:image\" content=\"https:\/\/www.maitri.pl\/wp-content\/uploads\/2021\/12\/22-kartc_1.jpeg\" \/>\n\t<meta property=\"og:image:width\" content=\"1024\" \/>\n\t<meta property=\"og:image:height\" content=\"768\" \/>\n\t<meta property=\"og:image:type\" content=\"image\/jpeg\" \/>\n<meta name=\"twitter:card\" content=\"summary_large_image\" \/>\n<meta name=\"twitter:label1\" content=\"Dur\u00e9e de lecture estim\u00e9e\" \/>\n\t<meta name=\"twitter:data1\" content=\"2 minutes\" \/>\n<script type=\"application\/ld+json\" class=\"yoast-schema-graph\">{\"@context\":\"https:\/\/schema.org\",\"@graph\":[{\"@type\":\"WebPage\",\"@id\":\"https:\/\/www.maitri.pl\/projekt\/codzienny-obiad-dla-najbiedniejszych-dzieci\/\",\"url\":\"https:\/\/www.maitri.pl\/projekt\/codzienny-obiad-dla-najbiedniejszych-dzieci\/\",\"name\":\"Codzienny obiad dla 85 najbiedniejszych dzieci z Karunika Foundation\",\"isPartOf\":{\"@id\":\"https:\/\/www.maitri.pl\/#website\"},\"primaryImageOfPage\":{\"@id\":\"https:\/\/www.maitri.pl\/projekt\/codzienny-obiad-dla-najbiedniejszych-dzieci\/#primaryimage\"},\"image\":{\"@id\":\"https:\/\/www.maitri.pl\/projekt\/codzienny-obiad-dla-najbiedniejszych-dzieci\/#primaryimage\"},\"thumbnailUrl\":\"https:\/\/www.maitri.pl\/wp-content\/uploads\/2021\/12\/22-kartc_1.jpeg\",\"datePublished\":\"2021-12-16T14:38:23+00:00\",\"dateModified\":\"2023-02-10T11:19:02+00:00\",\"description\":\"Codzienny obiad dla 85 najbiedniejszych dzieci z Karunika Foundation (Dakshinkali). Podaruj ciep\u0142y posi\u0142ek podopiecznym o\u015brodka.\",\"breadcrumb\":{\"@id\":\"https:\/\/www.maitri.pl\/projekt\/codzienny-obiad-dla-najbiedniejszych-dzieci\/#breadcrumb\"},\"inLanguage\":\"fr-FR\",\"potentialAction\":[{\"@type\":\"ReadAction\",\"target\":[\"https:\/\/www.maitri.pl\/projekt\/codzienny-obiad-dla-najbiedniejszych-dzieci\/\"]}]},{\"@type\":\"ImageObject\",\"inLanguage\":\"fr-FR\",\"@id\":\"https:\/\/www.maitri.pl\/projekt\/codzienny-obiad-dla-najbiedniejszych-dzieci\/#primaryimage\",\"url\":\"https:\/\/www.maitri.pl\/wp-content\/uploads\/2021\/12\/22-kartc_1.jpeg\",\"contentUrl\":\"https:\/\/www.maitri.pl\/wp-content\/uploads\/2021\/12\/22-kartc_1.jpeg\",\"width\":1024,\"height\":768,\"caption\":\"codzienny obiad Nepal pomoc ubogim do\u017cywianie dzieci pomoc humanitarna Ruch Maitri Adopcja Serca 01\"},{\"@type\":\"BreadcrumbList\",\"@id\":\"https:\/\/www.maitri.pl\/projekt\/codzienny-obiad-dla-najbiedniejszych-dzieci\/#breadcrumb\",\"itemListElement\":[{\"@type\":\"ListItem\",\"position\":1,\"name\":\"Strona g\u0142\u00f3wna\",\"item\":\"https:\/\/www.maitri.pl\/\"},{\"@type\":\"ListItem\",\"position\":2,\"name\":\"Sklep\",\"item\":\"https:\/\/www.maitri.pl\/sklep\/\"},{\"@type\":\"ListItem\",\"position\":3,\"name\":\"Codzienny obiad dla 85 najbiedniejszych dzieci z Karunika Foundation\"}]},{\"@type\":\"WebSite\",\"@id\":\"https:\/\/www.maitri.pl\/#website\",\"url\":\"https:\/\/www.maitri.pl\/\",\"name\":\"Adopcja Serca Maitri \u2013 pomoc dzieciom w Afryce\",\"description\":\"Adopcja Serca \u2013 adopcja na odleg\u0142o\u015b\u0107, pomoc Afryce, do\u017cywianie i edukacja w Afryce\",\"publisher\":{\"@id\":\"https:\/\/www.maitri.pl\/#organization\"},\"potentialAction\":[{\"@type\":\"SearchAction\",\"target\":{\"@type\":\"EntryPoint\",\"urlTemplate\":\"https:\/\/www.maitri.pl\/?s={search_term_string}\"},\"query-input\":{\"@type\":\"PropertyValueSpecification\",\"valueRequired\":true,\"valueName\":\"search_term_string\"}}],\"inLanguage\":\"fr-FR\"},{\"@type\":\"Organization\",\"@id\":\"https:\/\/www.maitri.pl\/#organization\",\"name\":\"Stowarzyszenie Ruchu Maitri\",\"url\":\"https:\/\/www.maitri.pl\/\",\"logo\":{\"@type\":\"ImageObject\",\"inLanguage\":\"fr-FR\",\"@id\":\"https:\/\/www.maitri.pl\/#\/schema\/logo\/image\/\",\"url\":\"https:\/\/www.maitri.pl\/wp-content\/uploads\/2020\/04\/duze_logo-81.png\",\"contentUrl\":\"https:\/\/www.maitri.pl\/wp-content\/uploads\/2020\/04\/duze_logo-81.png\",\"width\":339,\"height\":321,\"caption\":\"Stowarzyszenie Ruchu Maitri\"},\"image\":{\"@id\":\"https:\/\/www.maitri.pl\/#\/schema\/logo\/image\/\"},\"sameAs\":[\"https:\/\/www.facebook.com\/MAITRI.Adopcja.Serca.dzieci.Afryki\/\"]}]}<\/script>\n<!-- \/ Yoast SEO plugin. -->","yoast_head_json":{"title":"Codzienny obiad dla 85 najbiedniejszych dzieci z Karunika Foundation","description":"Codzienny obiad dla 85 najbiedniejszych dzieci z Karunika Foundation (Dakshinkali). Podaruj ciep\u0142y posi\u0142ek podopiecznym o\u015brodka.","robots":{"index":"index","follow":"follow","max-snippet":"max-snippet:-1","max-image-preview":"max-image-preview:large","max-video-preview":"max-video-preview:-1"},"canonical":"https:\/\/www.maitri.pl\/projekt\/codzienny-obiad-dla-najbiedniejszych-dzieci\/","og_locale":"fr_FR","og_type":"article","og_title":"Codzienny obiad dla 85 najbiedniejszych dzieci z Karunika Foundation","og_description":"Codzienny obiad dla 85 najbiedniejszych dzieci z Karunika Foundation (Dakshinkali). Podaruj ciep\u0142y posi\u0142ek podopiecznym o\u015brodka.","og_url":"https:\/\/www.maitri.pl\/projekt\/codzienny-obiad-dla-najbiedniejszych-dzieci\/","og_site_name":"Ruch Maitri - Adopcja Serca pomoc Afryce","article_publisher":"https:\/\/www.facebook.com\/MAITRI.Adopcja.Serca.dzieci.Afryki\/","article_modified_time":"2023-02-10T11:19:02+00:00","og_image":[{"width":1024,"height":768,"url":"https:\/\/www.maitri.pl\/wp-content\/uploads\/2021\/12\/22-kartc_1.jpeg","type":"image\/jpeg"}],"twitter_card":"summary_large_image","twitter_misc":{"Dur\u00e9e de lecture estim\u00e9e":"2 minutes"},"schema":{"@context":"https:\/\/schema.org","@graph":[{"@type":"WebPage","@id":"https:\/\/www.maitri.pl\/projekt\/codzienny-obiad-dla-najbiedniejszych-dzieci\/","url":"https:\/\/www.maitri.pl\/projekt\/codzienny-obiad-dla-najbiedniejszych-dzieci\/","name":"Codzienny obiad dla 85 najbiedniejszych dzieci z Karunika Foundation","isPartOf":{"@id":"https:\/\/www.maitri.pl\/#website"},"primaryImageOfPage":{"@id":"https:\/\/www.maitri.pl\/projekt\/codzienny-obiad-dla-najbiedniejszych-dzieci\/#primaryimage"},"image":{"@id":"https:\/\/www.maitri.pl\/projekt\/codzienny-obiad-dla-najbiedniejszych-dzieci\/#primaryimage"},"thumbnailUrl":"https:\/\/www.maitri.pl\/wp-content\/uploads\/2021\/12\/22-kartc_1.jpeg","datePublished":"2021-12-16T14:38:23+00:00","dateModified":"2023-02-10T11:19:02+00:00","description":"Codzienny obiad dla 85 najbiedniejszych dzieci z Karunika Foundation (Dakshinkali). Podaruj ciep\u0142y posi\u0142ek podopiecznym o\u015brodka.","breadcrumb":{"@id":"https:\/\/www.maitri.pl\/projekt\/codzienny-obiad-dla-najbiedniejszych-dzieci\/#breadcrumb"},"inLanguage":"fr-FR","potentialAction":[{"@type":"ReadAction","target":["https:\/\/www.maitri.pl\/projekt\/codzienny-obiad-dla-najbiedniejszych-dzieci\/"]}]},{"@type":"ImageObject","inLanguage":"fr-FR","@id":"https:\/\/www.maitri.pl\/projekt\/codzienny-obiad-dla-najbiedniejszych-dzieci\/#primaryimage","url":"https:\/\/www.maitri.pl\/wp-content\/uploads\/2021\/12\/22-kartc_1.jpeg","contentUrl":"https:\/\/www.maitri.pl\/wp-content\/uploads\/2021\/12\/22-kartc_1.jpeg","width":1024,"height":768,"caption":"codzienny obiad Nepal pomoc ubogim do\u017cywianie dzieci pomoc humanitarna Ruch Maitri Adopcja Serca 01"},{"@type":"BreadcrumbList","@id":"https:\/\/www.maitri.pl\/projekt\/codzienny-obiad-dla-najbiedniejszych-dzieci\/#breadcrumb","itemListElement":[{"@type":"ListItem","position":1,"name":"Strona g\u0142\u00f3wna","item":"https:\/\/www.maitri.pl\/"},{"@type":"ListItem","position":2,"name":"Sklep","item":"https:\/\/www.maitri.pl\/sklep\/"},{"@type":"ListItem","position":3,"name":"Codzienny obiad dla 85 najbiedniejszych dzieci z Karunika Foundation"}]},{"@type":"WebSite","@id":"https:\/\/www.maitri.pl\/#website","url":"https:\/\/www.maitri.pl\/","name":"Adopcja Serca Maitri \u2013 pomoc dzieciom w Afryce","description":"Adopcja Serca \u2013 adopcja na odleg\u0142o\u015b\u0107, pomoc Afryce, do\u017cywianie i edukacja w Afryce","publisher":{"@id":"https:\/\/www.maitri.pl\/#organization"},"potentialAction":[{"@type":"SearchAction","target":{"@type":"EntryPoint","urlTemplate":"https:\/\/www.maitri.pl\/?s={search_term_string}"},"query-input":{"@type":"PropertyValueSpecification","valueRequired":true,"valueName":"search_term_string"}}],"inLanguage":"fr-FR"},{"@type":"Organization","@id":"https:\/\/www.maitri.pl\/#organization","name":"Stowarzyszenie Ruchu Maitri","url":"https:\/\/www.maitri.pl\/","logo":{"@type":"ImageObject","inLanguage":"fr-FR","@id":"https:\/\/www.maitri.pl\/#\/schema\/logo\/image\/","url":"https:\/\/www.maitri.pl\/wp-content\/uploads\/2020\/04\/duze_logo-81.png","contentUrl":"https:\/\/www.maitri.pl\/wp-content\/uploads\/2020\/04\/duze_logo-81.png","width":339,"height":321,"caption":"Stowarzyszenie Ruchu Maitri"},"image":{"@id":"https:\/\/www.maitri.pl\/#\/schema\/logo\/image\/"},"sameAs":["https:\/\/www.facebook.com\/MAITRI.Adopcja.Serca.dzieci.Afryki\/"]}]}},"_links":{"self":[{"href":"https:\/\/www.maitri.pl\/fr\/wp-json\/wp\/v2\/product\/23936","targetHints":{"allow":["GET"]}}],"collection":[{"href":"https:\/\/www.maitri.pl\/fr\/wp-json\/wp\/v2\/product"}],"about":[{"href":"https:\/\/www.maitri.pl\/fr\/wp-json\/wp\/v2\/types\/product"}],"wp:featuredmedia":[{"embeddable":true,"href":"https:\/\/www.maitri.pl\/fr\/wp-json\/wp\/v2\/media\/23937"}],"wp:attachment":[{"href":"https:\/\/www.maitri.pl\/fr\/wp-json\/wp\/v2\/media?parent=23936"}],"wp:term":[{"taxonomy":"product_brand","embeddable":true,"href":"https:\/\/www.maitri.pl\/fr\/wp-json\/wp\/v2\/product_brand?post=23936"},{"taxonomy":"product_cat","embeddable":true,"href":"https:\/\/www.maitri.pl\/fr\/wp-json\/wp\/v2\/product_cat?post=23936"},{"taxonomy":"product_tag","embeddable":true,"href":"https:\/\/www.maitri.pl\/fr\/wp-json\/wp\/v2\/product_tag?post=23936"}],"curies":[{"name":"wp","href":"https:\/\/api.w.org\/{rel}","templated":true}]}}