{"id":23927,"date":"2021-12-15T14:18:51","date_gmt":"2021-12-15T13:18:51","guid":{"rendered":"https:\/\/www.maitri.pl\/?post_type=product&#038;p=23927"},"modified":"2023-02-10T12:19:37","modified_gmt":"2023-02-10T11:19:37","slug":"posilki-dla-dzieci-w-kamerunie","status":"publish","type":"product","link":"https:\/\/www.maitri.pl\/fr\/projekt\/posilki-dla-dzieci-w-kamerunie\/","title":{"rendered":"Posi\u0142ki dla dzieci ze szko\u0142y podstawowej w Doume w Kamerunie"},"content":{"rendered":"<h4>Tam nie ma niejadk\u00f3w<\/h4>\n<p>Szko\u0142a podstawowa w Doume liczy w tym roku 465 dzieci. W\u015br\u00f3d nich s\u0105 podopieczni programu <a href=\"https:\/\/www.maitri.pl\/adopcja-serca\/\" target=\"_blank\" rel=\"noopener\">Adopcja Serca<\/a>. Spora cz\u0119\u015b\u0107 dzieci jest sierotami lub p\u00f3\u0142sierotami. Cz\u0119sto mieszkaj\u0105 u swoich bab\u0107, cio\u0107 lub wujk\u00f3w. Zdarza si\u0119 te\u017c, \u017ce przebywaj\u0105 u zupe\u0142nie obcych ludzi, poniewa\u017c nie maja nikogo bliskiego. Ich opiekunowie pracuj\u0105 ci\u0119\u017cko na polu, \u017ceby przynie\u015b\u0107 co\u015b do jedzenia, ale cz\u0119sto tej \u017cywno\u015bci jest za ma\u0142o. Dzieci przychodz\u0105 do szko\u0142y g\u0142odne. Na lekcjach trudno im si\u0119 skupi\u0107, bol\u0105 je z g\u0142odu brzuchy. W naszym klimacie niedo\u017cywienie wi\u0105\u017ce si\u0119 z brakiem odporno\u015bci i dzieci \u0142atwo zapadaj\u0105 na malari\u0119 lub inne choroby tropikalne. Aby zmniejszy\u0107 problem niedo\u017cywienia, chcia\u0142abym zapewni\u0107 w szkole ciep\u0142e posi\u0142ki dla dzieci. Gor\u0105ce jedzenie b\u0119dzie rozdawane 2 razy w tygodniu. W kolejne dni dzieci otrzymaj\u0105 po kubku mleka i chleb z mas\u0142em orzechowym, kt\u00f3re produkujemy sami, lub z margaryn\u0105.<\/p>\n<h4>Walka o przetrwanie<\/h4>\n<p>Problem niedo\u017cywiania dzieci jest wci\u0105\u017c aktualny we wschodniej cz\u0119\u015bci Kamerunu. Okres pandemii przyczynia si\u0119 do zwi\u0119kszenia tego problemu. Szczeg\u00f3lnie w czasie d\u0142ugich okres\u00f3w suszy wielodzietne rodziny walcz\u0105 o przetrwanie, bo ziemia jest za sucha i uzyskuje si\u0119 z niej niewystarczaj\u0105c\u0105 ilo\u015b\u0107 \u017cywno\u015bci. Pora deszczowa za\u015b to okres zasiew\u00f3w, wi\u0119c nie ma jeszcze jedzenia na polach. Nasza akcja do\u017cywiania jest wielk\u0105 pomoc\u0105 dla ca\u0142ych rodzin. Zdarza si\u0119, \u017ce dzieci wynosz\u0105 w kieszeniach ry\u017c dla swojego m\u0142odszego rodze\u0144stwa, kt\u00f3re zosta\u0142o w domu. Zauwa\u017cy\u0142am, \u017ce darmowe posi\u0142ki dla dzieci sprawiaj\u0105, \u017ce uczniowie s\u0105 bardziej o\u017cywieni, maj\u0105 wi\u0119cej energii, s\u0105 u\u015bmiechni\u0119ci i bardzo wdzi\u0119czni za ten dar. Niekt\u00f3re dzieci przychodz\u0105 do szko\u0142y w\u0142a\u015bnie dlatego, \u017ce mog\u0105 tu dosta\u0107 co\u015b do zjedzenia.<\/p>\n<p>Z g\u00f3ry dzi\u0119kuj\u0119 za przychylno\u015b\u0107 i dobro\u0107 serca, niech Pan B\u00f3g Wam za wszystko wynagrodzi.<\/p>\n<h4><strong>Kosztorys:<\/strong><\/h4>\n<table>\n<tbody>\n<tr>\n<td width=\"34\"><strong>LP<\/strong><\/td>\n<td width=\"223\"><strong>OPIS<\/strong><\/td>\n<td width=\"128\"><strong>ilo\u015b\u0107<\/strong><\/td>\n<td width=\"129\"><strong>Cena <\/strong><strong>w miejscowej walucie<\/strong><\/td>\n<td width=\"129\"><strong>Kwota <\/strong><strong>w miejscowej walucie<\/strong><\/td>\n<\/tr>\n<tr>\n<td width=\"34\"><\/td>\n<td width=\"223\">Ry\u017c 50 kg<\/td>\n<td width=\"128\">30 work\u00f3w<\/td>\n<td width=\"129\">23.000<\/td>\n<td width=\"129\">690.000<\/td>\n<\/tr>\n<tr>\n<td width=\"34\"><\/td>\n<td width=\"223\">Olej 15 l<\/td>\n<td width=\"128\">15 op.<\/td>\n<td width=\"129\">18.500<\/td>\n<td width=\"129\">277.500<\/td>\n<\/tr>\n<tr>\n<td width=\"34\"><\/td>\n<td width=\"223\">Sardynki 50 puszek<\/td>\n<td width=\"128\">15 karton\u00f3w<\/td>\n<td width=\"129\">18.500<\/td>\n<td width=\"129\">277.500<\/td>\n<\/tr>\n<tr>\n<td width=\"34\"><\/td>\n<td width=\"223\">Mleko w proszku 25 kg<\/td>\n<td width=\"128\">8 work\u00f3w<\/td>\n<td width=\"129\">85.000<\/td>\n<td width=\"129\">680.000<\/td>\n<\/tr>\n<tr>\n<td width=\"34\"><\/td>\n<td width=\"223\">Cukier 50 kg<\/td>\n<td width=\"128\">16 work\u00f3w<\/td>\n<td width=\"129\">34.000<\/td>\n<td width=\"129\">554.000<\/td>\n<\/tr>\n<tr>\n<td width=\"34\"><\/td>\n<td width=\"223\">Kukurydza 100 kg<\/td>\n<td width=\"128\">4 worki<\/td>\n<td width=\"129\">25.000<\/td>\n<td width=\"129\">100.000<\/td>\n<\/tr>\n<tr>\n<td width=\"34\"><\/td>\n<td width=\"223\">Orzeszki ziemne 50 kg<\/td>\n<td width=\"128\">18 work\u00f3w<\/td>\n<td width=\"129\">23.000<\/td>\n<td width=\"129\">414.000<\/td>\n<\/tr>\n<tr>\n<td width=\"34\"><\/td>\n<td width=\"223\">Koncentrat pomidorowy<\/td>\n<td width=\"128\">7 karton\u00f3w<\/td>\n<td width=\"129\">13.500<\/td>\n<td width=\"129\">94.500<\/td>\n<\/tr>\n<tr>\n<td width=\"34\"><\/td>\n<td width=\"223\">S\u00f3l<\/td>\n<td width=\"128\">1 worek<\/td>\n<td width=\"129\">3.500<\/td>\n<td width=\"129\">3.500<\/td>\n<\/tr>\n<tr>\n<td width=\"34\"><\/td>\n<td width=\"223\">Zapa\u0142ki 10 paczek<\/td>\n<td width=\"128\">4 opakowania<\/td>\n<td width=\"129\">750<\/td>\n<td width=\"129\">3.000<\/td>\n<\/tr>\n<tr>\n<td width=\"34\"><\/td>\n<td width=\"223\">Margaryna 10 kg<\/td>\n<td width=\"128\">16 wiaderek<\/td>\n<td width=\"129\">12.000<\/td>\n<td width=\"129\">192.000<\/td>\n<\/tr>\n<tr>\n<td width=\"34\"><\/td>\n<td width=\"223\"><\/td>\n<td width=\"128\"><\/td>\n<td width=\"129\"><\/td>\n<td width=\"129\"><\/td>\n<\/tr>\n<tr>\n<td width=\"34\"><strong>\u00a0<\/strong><\/td>\n<td width=\"223\"><strong>RAZEM<\/strong><\/td>\n<td width=\"128\"><strong>\u00a0<\/strong><\/td>\n<td width=\"129\"><strong>\u00a0<\/strong><\/td>\n<td width=\"129\"><strong>3.276.000 FR<\/strong><\/td>\n<\/tr>\n<\/tbody>\n<\/table>\n<p><em> Siostra Agnieszka D\u0105browska SAC, <a href=\"http:\/\/www.u-pallotynek.pl\/\" target=\"_blank\" rel=\"noopener\">Zgromadzenie Si\u00f3str Misjonarek Apostolstwa Katolickiego<\/a><\/em><\/p>\n<p><b style=\"font-size: large; color: #ff0000;\">Kwota: 5560 \u20ac <\/b><\/p>\n<p style=\"text-align: justify;\"><strong>Podsumowanie w miejscowej walucie &#8211; 3.276.000 frank\u00f3w CFA<\/strong><\/p>\n<p style=\"text-align: justify;\" align=\"JUSTIFY\"><span style=\"color: #808080;\">Stowarzyszenie Ruchu\u00a0<em>Maitri<\/em> przeznacza do 10% otrzymanych \u015brodk\u00f3w na koszty funkcjonowania biura i pozyskiwanie funduszy pomocowych. <\/span><\/p>\n<h3 style=\"text-align: justify;\" align=\"JUSTIFY\"><span style=\"color: #808080;\">Posi\u0142ki dla dzieci ze szko\u0142y podstawowej w Doume w Kamerunie &#8211; Siostry Pallotynki<\/span><\/h3>\n","protected":false},"excerpt":{"rendered":"<p><strong>Projekt:<\/strong> Siostra Agnieszka D\u0105browska, <a href=\"http:\/\/www.u-pallotynek.pl\/\" target=\"_blank\" rel=\"noopener\">Zgromadzenie Si\u00f3str Misjonarek Apostolstwa Katolickiego<\/a><br \/>\n<strong>Misja:<\/strong> Doume, <a href=\"https:\/\/www.maitri.pl\/gdzie-pomagamy\/\" target=\"_blank\" rel=\"noopener noreferrer\">Kamerun<\/a><br \/>\n<strong>Zbierana kwota:<\/strong> <span style=\"color: #ff0000;\"><strong>5560 \u20ac<\/strong><\/span><\/p>\n","protected":false},"featured_media":23930,"template":"","meta":[],"product_brand":[],"product_cat":[656],"product_tag":[687,676,658,847,689],"class_list":{"0":"post-23927","1":"product","2":"type-product","3":"status-publish","4":"has-post-thumbnail","6":"product_cat-bez-kategorii","7":"product_tag-doume","8":"product_tag-dozywianie","9":"product_tag-kamerun","10":"product_tag-pallotynki","11":"product_tag-zgromadzenie-siostr-misjonarek-apostolstwa-katolickiego","13":"first","14":"instock","15":"virtual","16":"purchasable","17":"product-type-simple"},"yoast_head":"<!-- This site is optimized with the Yoast SEO plugin v27.2 - https:\/\/yoast.com\/product\/yoast-seo-wordpress\/ -->\n<title>Posi\u0142ki dla dzieci ze szko\u0142y podstawowej w Doume w Kamerunie<\/title>\n<meta name=\"description\" content=\"Posi\u0142ki dla dzieci ze szko\u0142y podstawowej w Doume w Kamerunie. O wsparcie prosz\u0105 Siostry Pallotynki. Pomoc trafi do 460 uczni\u00f3w.\" \/>\n<meta name=\"robots\" content=\"index, follow, max-snippet:-1, max-image-preview:large, max-video-preview:-1\" \/>\n<link rel=\"canonical\" href=\"https:\/\/www.maitri.pl\/projekt\/posilki-dla-dzieci-w-kamerunie\/\" \/>\n<meta property=\"og:locale\" content=\"fr_FR\" \/>\n<meta property=\"og:type\" content=\"article\" \/>\n<meta property=\"og:title\" content=\"Posi\u0142ki dla dzieci ze szko\u0142y podstawowej w Doume w Kamerunie\" \/>\n<meta property=\"og:description\" content=\"Posi\u0142ki dla dzieci ze szko\u0142y podstawowej w Doume w Kamerunie. O wsparcie prosz\u0105 Siostry Pallotynki. Pomoc trafi do 460 uczni\u00f3w.\" \/>\n<meta property=\"og:url\" content=\"https:\/\/www.maitri.pl\/projekt\/posilki-dla-dzieci-w-kamerunie\/\" \/>\n<meta property=\"og:site_name\" content=\"Ruch Maitri - Adopcja Serca pomoc Afryce\" \/>\n<meta property=\"article:publisher\" content=\"https:\/\/www.facebook.com\/MAITRI.Adopcja.Serca.dzieci.Afryki\/\" \/>\n<meta property=\"article:modified_time\" content=\"2023-02-10T11:19:37+00:00\" \/>\n<meta property=\"og:image\" content=\"https:\/\/www.maitri.pl\/wp-content\/uploads\/2021\/12\/334-palls-.jpg\" \/>\n\t<meta property=\"og:image:width\" content=\"1024\" \/>\n\t<meta property=\"og:image:height\" content=\"768\" \/>\n\t<meta property=\"og:image:type\" content=\"image\/jpeg\" \/>\n<meta name=\"twitter:card\" content=\"summary_large_image\" \/>\n<meta name=\"twitter:label1\" content=\"Dur\u00e9e de lecture estim\u00e9e\" \/>\n\t<meta name=\"twitter:data1\" content=\"2 minutes\" \/>\n<script type=\"application\/ld+json\" class=\"yoast-schema-graph\">{\"@context\":\"https:\/\/schema.org\",\"@graph\":[{\"@type\":\"WebPage\",\"@id\":\"https:\/\/www.maitri.pl\/projekt\/posilki-dla-dzieci-w-kamerunie\/\",\"url\":\"https:\/\/www.maitri.pl\/projekt\/posilki-dla-dzieci-w-kamerunie\/\",\"name\":\"Posi\u0142ki dla dzieci ze szko\u0142y podstawowej w Doume w Kamerunie\",\"isPartOf\":{\"@id\":\"https:\/\/www.maitri.pl\/#website\"},\"primaryImageOfPage\":{\"@id\":\"https:\/\/www.maitri.pl\/projekt\/posilki-dla-dzieci-w-kamerunie\/#primaryimage\"},\"image\":{\"@id\":\"https:\/\/www.maitri.pl\/projekt\/posilki-dla-dzieci-w-kamerunie\/#primaryimage\"},\"thumbnailUrl\":\"https:\/\/www.maitri.pl\/wp-content\/uploads\/2021\/12\/334-palls-.jpg\",\"datePublished\":\"2021-12-15T13:18:51+00:00\",\"dateModified\":\"2023-02-10T11:19:37+00:00\",\"description\":\"Posi\u0142ki dla dzieci ze szko\u0142y podstawowej w Doume w Kamerunie. O wsparcie prosz\u0105 Siostry Pallotynki. Pomoc trafi do 460 uczni\u00f3w.\",\"breadcrumb\":{\"@id\":\"https:\/\/www.maitri.pl\/projekt\/posilki-dla-dzieci-w-kamerunie\/#breadcrumb\"},\"inLanguage\":\"fr-FR\",\"potentialAction\":[{\"@type\":\"ReadAction\",\"target\":[\"https:\/\/www.maitri.pl\/projekt\/posilki-dla-dzieci-w-kamerunie\/\"]}]},{\"@type\":\"ImageObject\",\"inLanguage\":\"fr-FR\",\"@id\":\"https:\/\/www.maitri.pl\/projekt\/posilki-dla-dzieci-w-kamerunie\/#primaryimage\",\"url\":\"https:\/\/www.maitri.pl\/wp-content\/uploads\/2021\/12\/334-palls-.jpg\",\"contentUrl\":\"https:\/\/www.maitri.pl\/wp-content\/uploads\/2021\/12\/334-palls-.jpg\",\"width\":1024,\"height\":768,\"caption\":\"posi\u0142ki dla dzieci ze szko\u0142y w Doume Adopcja Serca ruch Maitri dzieci Afryki pomoc dzieciom g\u0142odnych nakarmi\u0107 02\"},{\"@type\":\"BreadcrumbList\",\"@id\":\"https:\/\/www.maitri.pl\/projekt\/posilki-dla-dzieci-w-kamerunie\/#breadcrumb\",\"itemListElement\":[{\"@type\":\"ListItem\",\"position\":1,\"name\":\"Strona g\u0142\u00f3wna\",\"item\":\"https:\/\/www.maitri.pl\/\"},{\"@type\":\"ListItem\",\"position\":2,\"name\":\"Sklep\",\"item\":\"https:\/\/www.maitri.pl\/sklep\/\"},{\"@type\":\"ListItem\",\"position\":3,\"name\":\"Posi\u0142ki dla dzieci ze szko\u0142y podstawowej w Doume w Kamerunie\"}]},{\"@type\":\"WebSite\",\"@id\":\"https:\/\/www.maitri.pl\/#website\",\"url\":\"https:\/\/www.maitri.pl\/\",\"name\":\"Adopcja Serca Maitri \u2013 pomoc dzieciom w Afryce\",\"description\":\"Adopcja Serca \u2013 adopcja na odleg\u0142o\u015b\u0107, pomoc Afryce, do\u017cywianie i edukacja w Afryce\",\"publisher\":{\"@id\":\"https:\/\/www.maitri.pl\/#organization\"},\"potentialAction\":[{\"@type\":\"SearchAction\",\"target\":{\"@type\":\"EntryPoint\",\"urlTemplate\":\"https:\/\/www.maitri.pl\/?s={search_term_string}\"},\"query-input\":{\"@type\":\"PropertyValueSpecification\",\"valueRequired\":true,\"valueName\":\"search_term_string\"}}],\"inLanguage\":\"fr-FR\"},{\"@type\":\"Organization\",\"@id\":\"https:\/\/www.maitri.pl\/#organization\",\"name\":\"Stowarzyszenie Ruchu Maitri\",\"url\":\"https:\/\/www.maitri.pl\/\",\"logo\":{\"@type\":\"ImageObject\",\"inLanguage\":\"fr-FR\",\"@id\":\"https:\/\/www.maitri.pl\/#\/schema\/logo\/image\/\",\"url\":\"https:\/\/www.maitri.pl\/wp-content\/uploads\/2020\/04\/duze_logo-81.png\",\"contentUrl\":\"https:\/\/www.maitri.pl\/wp-content\/uploads\/2020\/04\/duze_logo-81.png\",\"width\":339,\"height\":321,\"caption\":\"Stowarzyszenie Ruchu Maitri\"},\"image\":{\"@id\":\"https:\/\/www.maitri.pl\/#\/schema\/logo\/image\/\"},\"sameAs\":[\"https:\/\/www.facebook.com\/MAITRI.Adopcja.Serca.dzieci.Afryki\/\"]}]}<\/script>\n<!-- \/ Yoast SEO plugin. -->","yoast_head_json":{"title":"Posi\u0142ki dla dzieci ze szko\u0142y podstawowej w Doume w Kamerunie","description":"Posi\u0142ki dla dzieci ze szko\u0142y podstawowej w Doume w Kamerunie. O wsparcie prosz\u0105 Siostry Pallotynki. Pomoc trafi do 460 uczni\u00f3w.","robots":{"index":"index","follow":"follow","max-snippet":"max-snippet:-1","max-image-preview":"max-image-preview:large","max-video-preview":"max-video-preview:-1"},"canonical":"https:\/\/www.maitri.pl\/projekt\/posilki-dla-dzieci-w-kamerunie\/","og_locale":"fr_FR","og_type":"article","og_title":"Posi\u0142ki dla dzieci ze szko\u0142y podstawowej w Doume w Kamerunie","og_description":"Posi\u0142ki dla dzieci ze szko\u0142y podstawowej w Doume w Kamerunie. O wsparcie prosz\u0105 Siostry Pallotynki. Pomoc trafi do 460 uczni\u00f3w.","og_url":"https:\/\/www.maitri.pl\/projekt\/posilki-dla-dzieci-w-kamerunie\/","og_site_name":"Ruch Maitri - Adopcja Serca pomoc Afryce","article_publisher":"https:\/\/www.facebook.com\/MAITRI.Adopcja.Serca.dzieci.Afryki\/","article_modified_time":"2023-02-10T11:19:37+00:00","og_image":[{"width":1024,"height":768,"url":"https:\/\/www.maitri.pl\/wp-content\/uploads\/2021\/12\/334-palls-.jpg","type":"image\/jpeg"}],"twitter_card":"summary_large_image","twitter_misc":{"Dur\u00e9e de lecture estim\u00e9e":"2 minutes"},"schema":{"@context":"https:\/\/schema.org","@graph":[{"@type":"WebPage","@id":"https:\/\/www.maitri.pl\/projekt\/posilki-dla-dzieci-w-kamerunie\/","url":"https:\/\/www.maitri.pl\/projekt\/posilki-dla-dzieci-w-kamerunie\/","name":"Posi\u0142ki dla dzieci ze szko\u0142y podstawowej w Doume w Kamerunie","isPartOf":{"@id":"https:\/\/www.maitri.pl\/#website"},"primaryImageOfPage":{"@id":"https:\/\/www.maitri.pl\/projekt\/posilki-dla-dzieci-w-kamerunie\/#primaryimage"},"image":{"@id":"https:\/\/www.maitri.pl\/projekt\/posilki-dla-dzieci-w-kamerunie\/#primaryimage"},"thumbnailUrl":"https:\/\/www.maitri.pl\/wp-content\/uploads\/2021\/12\/334-palls-.jpg","datePublished":"2021-12-15T13:18:51+00:00","dateModified":"2023-02-10T11:19:37+00:00","description":"Posi\u0142ki dla dzieci ze szko\u0142y podstawowej w Doume w Kamerunie. O wsparcie prosz\u0105 Siostry Pallotynki. Pomoc trafi do 460 uczni\u00f3w.","breadcrumb":{"@id":"https:\/\/www.maitri.pl\/projekt\/posilki-dla-dzieci-w-kamerunie\/#breadcrumb"},"inLanguage":"fr-FR","potentialAction":[{"@type":"ReadAction","target":["https:\/\/www.maitri.pl\/projekt\/posilki-dla-dzieci-w-kamerunie\/"]}]},{"@type":"ImageObject","inLanguage":"fr-FR","@id":"https:\/\/www.maitri.pl\/projekt\/posilki-dla-dzieci-w-kamerunie\/#primaryimage","url":"https:\/\/www.maitri.pl\/wp-content\/uploads\/2021\/12\/334-palls-.jpg","contentUrl":"https:\/\/www.maitri.pl\/wp-content\/uploads\/2021\/12\/334-palls-.jpg","width":1024,"height":768,"caption":"posi\u0142ki dla dzieci ze szko\u0142y w Doume Adopcja Serca ruch Maitri dzieci Afryki pomoc dzieciom g\u0142odnych nakarmi\u0107 02"},{"@type":"BreadcrumbList","@id":"https:\/\/www.maitri.pl\/projekt\/posilki-dla-dzieci-w-kamerunie\/#breadcrumb","itemListElement":[{"@type":"ListItem","position":1,"name":"Strona g\u0142\u00f3wna","item":"https:\/\/www.maitri.pl\/"},{"@type":"ListItem","position":2,"name":"Sklep","item":"https:\/\/www.maitri.pl\/sklep\/"},{"@type":"ListItem","position":3,"name":"Posi\u0142ki dla dzieci ze szko\u0142y podstawowej w Doume w Kamerunie"}]},{"@type":"WebSite","@id":"https:\/\/www.maitri.pl\/#website","url":"https:\/\/www.maitri.pl\/","name":"Adopcja Serca Maitri \u2013 pomoc dzieciom w Afryce","description":"Adopcja Serca \u2013 adopcja na odleg\u0142o\u015b\u0107, pomoc Afryce, do\u017cywianie i edukacja w Afryce","publisher":{"@id":"https:\/\/www.maitri.pl\/#organization"},"potentialAction":[{"@type":"SearchAction","target":{"@type":"EntryPoint","urlTemplate":"https:\/\/www.maitri.pl\/?s={search_term_string}"},"query-input":{"@type":"PropertyValueSpecification","valueRequired":true,"valueName":"search_term_string"}}],"inLanguage":"fr-FR"},{"@type":"Organization","@id":"https:\/\/www.maitri.pl\/#organization","name":"Stowarzyszenie Ruchu Maitri","url":"https:\/\/www.maitri.pl\/","logo":{"@type":"ImageObject","inLanguage":"fr-FR","@id":"https:\/\/www.maitri.pl\/#\/schema\/logo\/image\/","url":"https:\/\/www.maitri.pl\/wp-content\/uploads\/2020\/04\/duze_logo-81.png","contentUrl":"https:\/\/www.maitri.pl\/wp-content\/uploads\/2020\/04\/duze_logo-81.png","width":339,"height":321,"caption":"Stowarzyszenie Ruchu Maitri"},"image":{"@id":"https:\/\/www.maitri.pl\/#\/schema\/logo\/image\/"},"sameAs":["https:\/\/www.facebook.com\/MAITRI.Adopcja.Serca.dzieci.Afryki\/"]}]}},"_links":{"self":[{"href":"https:\/\/www.maitri.pl\/fr\/wp-json\/wp\/v2\/product\/23927","targetHints":{"allow":["GET"]}}],"collection":[{"href":"https:\/\/www.maitri.pl\/fr\/wp-json\/wp\/v2\/product"}],"about":[{"href":"https:\/\/www.maitri.pl\/fr\/wp-json\/wp\/v2\/types\/product"}],"wp:featuredmedia":[{"embeddable":true,"href":"https:\/\/www.maitri.pl\/fr\/wp-json\/wp\/v2\/media\/23930"}],"wp:attachment":[{"href":"https:\/\/www.maitri.pl\/fr\/wp-json\/wp\/v2\/media?parent=23927"}],"wp:term":[{"taxonomy":"product_brand","embeddable":true,"href":"https:\/\/www.maitri.pl\/fr\/wp-json\/wp\/v2\/product_brand?post=23927"},{"taxonomy":"product_cat","embeddable":true,"href":"https:\/\/www.maitri.pl\/fr\/wp-json\/wp\/v2\/product_cat?post=23927"},{"taxonomy":"product_tag","embeddable":true,"href":"https:\/\/www.maitri.pl\/fr\/wp-json\/wp\/v2\/product_tag?post=23927"}],"curies":[{"name":"wp","href":"https:\/\/api.w.org\/{rel}","templated":true}]}}