{"id":23920,"date":"2021-12-15T14:21:35","date_gmt":"2021-12-15T13:21:35","guid":{"rendered":"https:\/\/www.maitri.pl\/?post_type=product&#038;p=23920"},"modified":"2023-02-10T12:19:30","modified_gmt":"2023-02-10T11:19:30","slug":"glodnych-nakarmic-nkoum","status":"publish","type":"product","link":"https:\/\/www.maitri.pl\/fr\/projekt\/glodnych-nakarmic-nkoum\/","title":{"rendered":"G\u0142odnych nakarmi\u0107: do\u017cywianie 250 dzieci ze szko\u0142y podstawowej w Nkoum, Kamerun"},"content":{"rendered":"<h4>Nauka z pustym \u017co\u0142\u0105dkiem<\/h4>\n<p>Pracuj\u0119 w szkole podstawowej w Nkoum oddalonej o 25 km od stacji misyjnej w Doume. Jest to specyficzne \u015brodowisko. Po\u015br\u00f3d dzieci zapisanych do szko\u0142y widz\u0119 ogromn\u0105 potrzeb\u0119 wspomo\u017cenia ich poprzez ofiarowanie im ciep\u0142ego posi\u0142ku przynajmniej trzy razy w tygodniu. Dzieci cz\u0119sto przychodz\u0105\u00a0 do szko\u0142y z pustym \u017co\u0142\u0105dkiem, co utrudnia ich koncentracj\u0119 podczas lekcji. Dobrze znamy uczynki mi\u0142osierdzia: g\u0142odnych nakarmi\u0107, spragnionych napoi\u0107, nagich przyodzia\u0107, przybysz\u00f3w w dom przyj\u0105\u0107.\u00a0Za kwot\u0119, o kt\u00f3r\u0105 si\u0119 zwracam pragn\u0119 zakupi\u0107 \u017cywno\u015b\u0107: worki ry\u017cu, olej, planteny, maniok, ryby, jajka, orzeszki ziemne, fasol\u0119, a na \u015bwi\u0119ta bogatszy posi\u0142ek: po kawa\u0142ku mi\u0119sa + s\u0142odycze.<\/p>\n<h4>Dzieci\u0144stwo bez jedzenia<\/h4>\n<p>Zwracam si\u0119 z gor\u0105c\u0105 pro\u015bb\u0105 o pomoc w do\u017cywianiu dzieciak\u00f3w ze wzgl\u0119du na ich sytuacj\u0119 \u017cyciow\u0105. Gdy s\u0105 w szkole, ich rodzice trudz\u0105 si\u0119 uprawiaj\u0105c ziemi\u0119 z nadziej\u0105 na dobre plony. Niestety nadzieja nie zawsze si\u0119 zi\u015bci. W tym roku plony orzeszk\u00f3w ziemnych okaza\u0142y si\u0119 s\u0142abe. Rodzice ogromn\u0105 cz\u0119\u015b\u0107 czasu sp\u0119dzaj\u0105 poza wiosk\u0105, na polach bardzo odleg\u0142ych od dom\u00f3w. Dzieci pozostawione s\u0105 samym sobie, bez jedzenia. Problem dotyczy r\u00f3wnie\u017c podopiecznych programu <a href=\"https:\/\/www.maitri.pl\/adopcja-serca\/\" target=\"_blank\" rel=\"noopener\">Adopcja Serca<\/a>. Rodziny s\u0105 wielodzietne. Cz\u0119ste choroby s\u0105 prawdziwym wyzwaniem, gdy\u017c pog\u0142\u0119biaj\u0105 bied\u0119 i przyczyniaj\u0105 si\u0119 do przedwczesnej \u015bmierci.<\/p>\n<h4>Szko\u0142a w \u015brodku lasu<\/h4>\n<p>Ofiarowanie posi\u0142ku g\u0142odnym dzieciakom to prawdziwa rado\u015b\u0107. \u00ab\u00a0G\u0142odnych nakarmi\u0107\u00a0\u00bb to prawdziwe mi\u0142osierdzie. Po posi\u0142ku dzieciaki s\u0105 jakby na nowo narodzone, radosne, tryskaj\u0105ce energi\u0105, lepiej si\u0119 ws\u0142uchuj\u0105 w to co nauczyciele im przekazuj\u0105. Wy\u017cywienie dla 1 dziecka przez miesi\u0105c to koszt oko\u0142o 1,4 euro. Radosnego Dawc\u0119 B\u00f3g kocha, \u017cycz\u0119 wi\u0119c Pa\u0144stwu i sobie, aby\u015bmy byli naznaczeni tym pi\u0119knym mianem Radosnych Dawc\u00f3w, w obliczu dzieci ze wschodniej cz\u0119\u015bci Kamerunu.\u00a0Bardzo liczymy na Wasze zrozumienie i pomoc dla maluch\u00f3w ze szko\u0142y znajduj\u0105cej si\u0119 w lesie tropikalnym. Z serca dzi\u0119kuj\u0119 w imieniu dzieci, ich rodzic\u00f3w i w\u0142asnym.<\/p>\n<h4>Kosztorys:<\/h4>\n<table style=\"height: 174px;\" width=\"904\">\n<tbody>\n<tr>\n<td width=\"34\">Lp<\/td>\n<td width=\"223\">opis<\/td>\n<td width=\"98\">ilo\u015b\u0107<\/td>\n<td width=\"159\">cena<\/td>\n<td width=\"129\">Kwota w walucie lokalnej<\/td>\n<\/tr>\n<tr>\n<td width=\"34\">1<\/td>\n<td width=\"223\">Zakup \u017cywno\u015bci na 10 miesi\u0119cy<\/td>\n<td width=\"98\">250 dzieci<\/td>\n<td width=\"159\">800 CFA\/ 1 miesi\u0105c<\/td>\n<td width=\"129\">2.000.000 frank\u00f3w CFA<\/td>\n<\/tr>\n<\/tbody>\n<\/table>\n<p style=\"text-align: justify;\" align=\"JUSTIFY\"><em>s. Hanna Teresa Gnatowska, <a href=\"http:\/\/www.pallotynki.pl\/\" target=\"_blank\" rel=\"noopener noreferrer\">Zgromadzenie Si\u00f3str Apostolstwa Katolickiego (Pallotynki)<\/a>, misja Nkoum, Kamerun<\/em><\/p>\n<p style=\"text-align: justify;\" align=\"JUSTIFY\"><strong>Numer projektu 333\/PALLS<\/strong><\/p>\n<p style=\"text-align: justify;\" align=\"JUSTIFY\"><span style=\"color: #ff0000;\"><span style=\"font-size: large;\"><b>Kwota projektu: 3330 \u20ac\u00a0 Miesi\u0119czny koszt posi\u0142k\u00f3w (333\u20ac) ok 1600 z\u0142<br \/>\n<\/b><\/span><\/span><\/p>\n<p style=\"text-align: justify;\" align=\"JUSTIFY\"><span style=\"color: #808080;\">Stowarzyszenie Ruchu\u00a0<em>Maitri<\/em>\u00a0przeznacza do 10% otrzymanych \u015brodk\u00f3w na koszty funkcjonowania biura i pozyskiwanie funduszy pomocowych.<\/span><\/p>\n<h3 style=\"text-align: justify;\" align=\"JUSTIFY\"><span style=\"color: #808080;\">G\u0142odnych nakarmi\u0107: akcja do\u017cywiania 250 dzieci ze szko\u0142y podstawowej w Nkoum w Kamerunie<\/span><\/h3>\n","protected":false},"excerpt":{"rendered":"<p><strong>Projekt:\u00a0<\/strong> S. Hanna Teresa Gnatowska, <a href=\"http:\/\/www.pallotynki.pl\/\" target=\"_blank\" rel=\"noopener noreferrer\">Zgromadzenie Si\u00f3str Misjonarek Apostolstwa Katolickiego<\/a><br \/>\n<strong>Misja:<\/strong> Nkoum, <a href=\"https:\/\/www.maitri.pl\/gdzie-pomagamy\/\" target=\"_blank\" rel=\"noopener noreferrer\">Kamerun<\/a><br \/>\n<strong>Kwota projektu: <span style=\"color: #ff0000;\">3330 \u20ac<\/span><\/strong><\/p>\n<p><strong>Miesi\u0119czny koszt posi\u0142k\u00f3w dla 250 dzieci<\/strong>:<span style=\"color: #ff6600;\"><strong> ok 1600 z\u0142 (333 Euro)<\/strong><\/span><\/p>\n","protected":false},"featured_media":23921,"template":"","meta":[],"product_brand":[],"product_cat":[656],"product_tag":[676,658,847,913,689],"class_list":{"0":"post-23920","1":"product","2":"type-product","3":"status-publish","4":"has-post-thumbnail","6":"product_cat-bez-kategorii","7":"product_tag-dozywianie","8":"product_tag-kamerun","9":"product_tag-pallotynki","10":"product_tag-siostra-hanna-teresa-gnatowska","11":"product_tag-zgromadzenie-siostr-misjonarek-apostolstwa-katolickiego","13":"first","14":"instock","15":"virtual","16":"purchasable","17":"product-type-simple"},"yoast_head":"<!-- This site is optimized with the Yoast SEO plugin v27.2 - https:\/\/yoast.com\/product\/yoast-seo-wordpress\/ -->\n<title>G\u0142odnych nakarmi\u0107: do\u017cywianie 250 dzieci ze szko\u0142y w Nkoum<\/title>\n<meta name=\"description\" content=\"G\u0142odnych nakarmi\u0107: akcja do\u017cywiania 250 dzieci ze szko\u0142y podstawowej w Nkoum w Kamerunie. O pomoc prosz\u0105 Siostry Pallotynki.\" \/>\n<meta name=\"robots\" content=\"index, follow, max-snippet:-1, max-image-preview:large, max-video-preview:-1\" \/>\n<link rel=\"canonical\" href=\"https:\/\/www.maitri.pl\/projekt\/glodnych-nakarmic-nkoum\/\" \/>\n<meta property=\"og:locale\" content=\"fr_FR\" \/>\n<meta property=\"og:type\" content=\"article\" \/>\n<meta property=\"og:title\" content=\"G\u0142odnych nakarmi\u0107: do\u017cywianie 250 dzieci ze szko\u0142y w Nkoum\" \/>\n<meta property=\"og:description\" content=\"G\u0142odnych nakarmi\u0107: akcja do\u017cywiania 250 dzieci ze szko\u0142y podstawowej w Nkoum w Kamerunie. O pomoc prosz\u0105 Siostry Pallotynki.\" \/>\n<meta property=\"og:url\" content=\"https:\/\/www.maitri.pl\/projekt\/glodnych-nakarmic-nkoum\/\" \/>\n<meta property=\"og:site_name\" content=\"Ruch Maitri - Adopcja Serca pomoc Afryce\" \/>\n<meta property=\"article:publisher\" content=\"https:\/\/www.facebook.com\/MAITRI.Adopcja.Serca.dzieci.Afryki\/\" \/>\n<meta property=\"article:modified_time\" content=\"2023-02-10T11:19:30+00:00\" \/>\n<meta property=\"og:image\" content=\"https:\/\/www.maitri.pl\/wp-content\/uploads\/2021\/12\/333-palls.jpg\" \/>\n\t<meta property=\"og:image:width\" content=\"2372\" \/>\n\t<meta property=\"og:image:height\" content=\"1337\" \/>\n\t<meta property=\"og:image:type\" content=\"image\/jpeg\" \/>\n<meta name=\"twitter:card\" content=\"summary_large_image\" \/>\n<meta name=\"twitter:label1\" content=\"Dur\u00e9e de lecture estim\u00e9e\" \/>\n\t<meta name=\"twitter:data1\" content=\"2 minutes\" \/>\n<script type=\"application\/ld+json\" class=\"yoast-schema-graph\">{\"@context\":\"https:\/\/schema.org\",\"@graph\":[{\"@type\":\"WebPage\",\"@id\":\"https:\/\/www.maitri.pl\/projekt\/glodnych-nakarmic-nkoum\/\",\"url\":\"https:\/\/www.maitri.pl\/projekt\/glodnych-nakarmic-nkoum\/\",\"name\":\"G\u0142odnych nakarmi\u0107: do\u017cywianie 250 dzieci ze szko\u0142y w Nkoum\",\"isPartOf\":{\"@id\":\"https:\/\/www.maitri.pl\/#website\"},\"primaryImageOfPage\":{\"@id\":\"https:\/\/www.maitri.pl\/projekt\/glodnych-nakarmic-nkoum\/#primaryimage\"},\"image\":{\"@id\":\"https:\/\/www.maitri.pl\/projekt\/glodnych-nakarmic-nkoum\/#primaryimage\"},\"thumbnailUrl\":\"https:\/\/www.maitri.pl\/wp-content\/uploads\/2021\/12\/333-palls.jpg\",\"datePublished\":\"2021-12-15T13:21:35+00:00\",\"dateModified\":\"2023-02-10T11:19:30+00:00\",\"description\":\"G\u0142odnych nakarmi\u0107: akcja do\u017cywiania 250 dzieci ze szko\u0142y podstawowej w Nkoum w Kamerunie. O pomoc prosz\u0105 Siostry Pallotynki.\",\"breadcrumb\":{\"@id\":\"https:\/\/www.maitri.pl\/projekt\/glodnych-nakarmic-nkoum\/#breadcrumb\"},\"inLanguage\":\"fr-FR\",\"potentialAction\":[{\"@type\":\"ReadAction\",\"target\":[\"https:\/\/www.maitri.pl\/projekt\/glodnych-nakarmic-nkoum\/\"]}]},{\"@type\":\"ImageObject\",\"inLanguage\":\"fr-FR\",\"@id\":\"https:\/\/www.maitri.pl\/projekt\/glodnych-nakarmic-nkoum\/#primaryimage\",\"url\":\"https:\/\/www.maitri.pl\/wp-content\/uploads\/2021\/12\/333-palls.jpg\",\"contentUrl\":\"https:\/\/www.maitri.pl\/wp-content\/uploads\/2021\/12\/333-palls.jpg\",\"width\":2372,\"height\":1337,\"caption\":\"g\u0142odnych nakarmi\u0107 - pomoc ubogim Ruch Maitri Adopcja Serca dzieci Afryki do\u017cywianie pomoc g\u0142oduj\u0105cym 01\"},{\"@type\":\"BreadcrumbList\",\"@id\":\"https:\/\/www.maitri.pl\/projekt\/glodnych-nakarmic-nkoum\/#breadcrumb\",\"itemListElement\":[{\"@type\":\"ListItem\",\"position\":1,\"name\":\"Strona g\u0142\u00f3wna\",\"item\":\"https:\/\/www.maitri.pl\/\"},{\"@type\":\"ListItem\",\"position\":2,\"name\":\"Sklep\",\"item\":\"https:\/\/www.maitri.pl\/sklep\/\"},{\"@type\":\"ListItem\",\"position\":3,\"name\":\"G\u0142odnych nakarmi\u0107: do\u017cywianie 250 dzieci ze szko\u0142y podstawowej w Nkoum, Kamerun\"}]},{\"@type\":\"WebSite\",\"@id\":\"https:\/\/www.maitri.pl\/#website\",\"url\":\"https:\/\/www.maitri.pl\/\",\"name\":\"Adopcja Serca Maitri \u2013 pomoc dzieciom w Afryce\",\"description\":\"Adopcja Serca \u2013 adopcja na odleg\u0142o\u015b\u0107, pomoc Afryce, do\u017cywianie i edukacja w Afryce\",\"publisher\":{\"@id\":\"https:\/\/www.maitri.pl\/#organization\"},\"potentialAction\":[{\"@type\":\"SearchAction\",\"target\":{\"@type\":\"EntryPoint\",\"urlTemplate\":\"https:\/\/www.maitri.pl\/?s={search_term_string}\"},\"query-input\":{\"@type\":\"PropertyValueSpecification\",\"valueRequired\":true,\"valueName\":\"search_term_string\"}}],\"inLanguage\":\"fr-FR\"},{\"@type\":\"Organization\",\"@id\":\"https:\/\/www.maitri.pl\/#organization\",\"name\":\"Stowarzyszenie Ruchu Maitri\",\"url\":\"https:\/\/www.maitri.pl\/\",\"logo\":{\"@type\":\"ImageObject\",\"inLanguage\":\"fr-FR\",\"@id\":\"https:\/\/www.maitri.pl\/#\/schema\/logo\/image\/\",\"url\":\"https:\/\/www.maitri.pl\/wp-content\/uploads\/2020\/04\/duze_logo-81.png\",\"contentUrl\":\"https:\/\/www.maitri.pl\/wp-content\/uploads\/2020\/04\/duze_logo-81.png\",\"width\":339,\"height\":321,\"caption\":\"Stowarzyszenie Ruchu Maitri\"},\"image\":{\"@id\":\"https:\/\/www.maitri.pl\/#\/schema\/logo\/image\/\"},\"sameAs\":[\"https:\/\/www.facebook.com\/MAITRI.Adopcja.Serca.dzieci.Afryki\/\"]}]}<\/script>\n<!-- \/ Yoast SEO plugin. -->","yoast_head_json":{"title":"G\u0142odnych nakarmi\u0107: do\u017cywianie 250 dzieci ze szko\u0142y w Nkoum","description":"G\u0142odnych nakarmi\u0107: akcja do\u017cywiania 250 dzieci ze szko\u0142y podstawowej w Nkoum w Kamerunie. O pomoc prosz\u0105 Siostry Pallotynki.","robots":{"index":"index","follow":"follow","max-snippet":"max-snippet:-1","max-image-preview":"max-image-preview:large","max-video-preview":"max-video-preview:-1"},"canonical":"https:\/\/www.maitri.pl\/projekt\/glodnych-nakarmic-nkoum\/","og_locale":"fr_FR","og_type":"article","og_title":"G\u0142odnych nakarmi\u0107: do\u017cywianie 250 dzieci ze szko\u0142y w Nkoum","og_description":"G\u0142odnych nakarmi\u0107: akcja do\u017cywiania 250 dzieci ze szko\u0142y podstawowej w Nkoum w Kamerunie. O pomoc prosz\u0105 Siostry Pallotynki.","og_url":"https:\/\/www.maitri.pl\/projekt\/glodnych-nakarmic-nkoum\/","og_site_name":"Ruch Maitri - Adopcja Serca pomoc Afryce","article_publisher":"https:\/\/www.facebook.com\/MAITRI.Adopcja.Serca.dzieci.Afryki\/","article_modified_time":"2023-02-10T11:19:30+00:00","og_image":[{"width":2372,"height":1337,"url":"https:\/\/www.maitri.pl\/wp-content\/uploads\/2021\/12\/333-palls.jpg","type":"image\/jpeg"}],"twitter_card":"summary_large_image","twitter_misc":{"Dur\u00e9e de lecture estim\u00e9e":"2 minutes"},"schema":{"@context":"https:\/\/schema.org","@graph":[{"@type":"WebPage","@id":"https:\/\/www.maitri.pl\/projekt\/glodnych-nakarmic-nkoum\/","url":"https:\/\/www.maitri.pl\/projekt\/glodnych-nakarmic-nkoum\/","name":"G\u0142odnych nakarmi\u0107: do\u017cywianie 250 dzieci ze szko\u0142y w Nkoum","isPartOf":{"@id":"https:\/\/www.maitri.pl\/#website"},"primaryImageOfPage":{"@id":"https:\/\/www.maitri.pl\/projekt\/glodnych-nakarmic-nkoum\/#primaryimage"},"image":{"@id":"https:\/\/www.maitri.pl\/projekt\/glodnych-nakarmic-nkoum\/#primaryimage"},"thumbnailUrl":"https:\/\/www.maitri.pl\/wp-content\/uploads\/2021\/12\/333-palls.jpg","datePublished":"2021-12-15T13:21:35+00:00","dateModified":"2023-02-10T11:19:30+00:00","description":"G\u0142odnych nakarmi\u0107: akcja do\u017cywiania 250 dzieci ze szko\u0142y podstawowej w Nkoum w Kamerunie. O pomoc prosz\u0105 Siostry Pallotynki.","breadcrumb":{"@id":"https:\/\/www.maitri.pl\/projekt\/glodnych-nakarmic-nkoum\/#breadcrumb"},"inLanguage":"fr-FR","potentialAction":[{"@type":"ReadAction","target":["https:\/\/www.maitri.pl\/projekt\/glodnych-nakarmic-nkoum\/"]}]},{"@type":"ImageObject","inLanguage":"fr-FR","@id":"https:\/\/www.maitri.pl\/projekt\/glodnych-nakarmic-nkoum\/#primaryimage","url":"https:\/\/www.maitri.pl\/wp-content\/uploads\/2021\/12\/333-palls.jpg","contentUrl":"https:\/\/www.maitri.pl\/wp-content\/uploads\/2021\/12\/333-palls.jpg","width":2372,"height":1337,"caption":"g\u0142odnych nakarmi\u0107 - pomoc ubogim Ruch Maitri Adopcja Serca dzieci Afryki do\u017cywianie pomoc g\u0142oduj\u0105cym 01"},{"@type":"BreadcrumbList","@id":"https:\/\/www.maitri.pl\/projekt\/glodnych-nakarmic-nkoum\/#breadcrumb","itemListElement":[{"@type":"ListItem","position":1,"name":"Strona g\u0142\u00f3wna","item":"https:\/\/www.maitri.pl\/"},{"@type":"ListItem","position":2,"name":"Sklep","item":"https:\/\/www.maitri.pl\/sklep\/"},{"@type":"ListItem","position":3,"name":"G\u0142odnych nakarmi\u0107: do\u017cywianie 250 dzieci ze szko\u0142y podstawowej w Nkoum, Kamerun"}]},{"@type":"WebSite","@id":"https:\/\/www.maitri.pl\/#website","url":"https:\/\/www.maitri.pl\/","name":"Adopcja Serca Maitri \u2013 pomoc dzieciom w Afryce","description":"Adopcja Serca \u2013 adopcja na odleg\u0142o\u015b\u0107, pomoc Afryce, do\u017cywianie i edukacja w Afryce","publisher":{"@id":"https:\/\/www.maitri.pl\/#organization"},"potentialAction":[{"@type":"SearchAction","target":{"@type":"EntryPoint","urlTemplate":"https:\/\/www.maitri.pl\/?s={search_term_string}"},"query-input":{"@type":"PropertyValueSpecification","valueRequired":true,"valueName":"search_term_string"}}],"inLanguage":"fr-FR"},{"@type":"Organization","@id":"https:\/\/www.maitri.pl\/#organization","name":"Stowarzyszenie Ruchu Maitri","url":"https:\/\/www.maitri.pl\/","logo":{"@type":"ImageObject","inLanguage":"fr-FR","@id":"https:\/\/www.maitri.pl\/#\/schema\/logo\/image\/","url":"https:\/\/www.maitri.pl\/wp-content\/uploads\/2020\/04\/duze_logo-81.png","contentUrl":"https:\/\/www.maitri.pl\/wp-content\/uploads\/2020\/04\/duze_logo-81.png","width":339,"height":321,"caption":"Stowarzyszenie Ruchu Maitri"},"image":{"@id":"https:\/\/www.maitri.pl\/#\/schema\/logo\/image\/"},"sameAs":["https:\/\/www.facebook.com\/MAITRI.Adopcja.Serca.dzieci.Afryki\/"]}]}},"_links":{"self":[{"href":"https:\/\/www.maitri.pl\/fr\/wp-json\/wp\/v2\/product\/23920","targetHints":{"allow":["GET"]}}],"collection":[{"href":"https:\/\/www.maitri.pl\/fr\/wp-json\/wp\/v2\/product"}],"about":[{"href":"https:\/\/www.maitri.pl\/fr\/wp-json\/wp\/v2\/types\/product"}],"wp:featuredmedia":[{"embeddable":true,"href":"https:\/\/www.maitri.pl\/fr\/wp-json\/wp\/v2\/media\/23921"}],"wp:attachment":[{"href":"https:\/\/www.maitri.pl\/fr\/wp-json\/wp\/v2\/media?parent=23920"}],"wp:term":[{"taxonomy":"product_brand","embeddable":true,"href":"https:\/\/www.maitri.pl\/fr\/wp-json\/wp\/v2\/product_brand?post=23920"},{"taxonomy":"product_cat","embeddable":true,"href":"https:\/\/www.maitri.pl\/fr\/wp-json\/wp\/v2\/product_cat?post=23920"},{"taxonomy":"product_tag","embeddable":true,"href":"https:\/\/www.maitri.pl\/fr\/wp-json\/wp\/v2\/product_tag?post=23920"}],"curies":[{"name":"wp","href":"https:\/\/api.w.org\/{rel}","templated":true}]}}