{"id":23913,"date":"2021-12-15T14:22:35","date_gmt":"2021-12-15T13:22:35","guid":{"rendered":"https:\/\/www.maitri.pl\/?post_type=product&#038;p=23913"},"modified":"2023-02-10T12:19:22","modified_gmt":"2023-02-10T11:19:22","slug":"dostawa-oraz-montaz-generatora-pradu","status":"publish","type":"product","link":"https:\/\/www.maitri.pl\/fr\/projekt\/dostawa-oraz-montaz-generatora-pradu\/","title":{"rendered":"Monta\u017c generatora pr\u0105du dla szko\u0142y i internatu w Makabandilou"},"content":{"rendered":"<h4>P\u00f3\u0142 kraju bez pr\u0105du<\/h4>\n<p>Republika Konga to kraj ubogi, rozwijaj\u0105cy si\u0119. Problemy polityczne utrudniaj\u0105 rozw\u00f3j, a zam\u0119t i pandemia generuj\u0105 bied\u0119. Zaledwie 48 proc. populacji kraju ma dost\u0119p do elektryczno\u015bci. Problem wyst\u0119puje tak\u017ce na przedmie\u015bciach stolicy kraju Brazzaville. W\u0142a\u015bnie tam dzia\u0142a Szko\u0142a Si\u00f3str J\u00f3zefitek. Ci\u0105g\u0142y brak pr\u0105du to wielkie utrudnienie dla dzia\u0142ania szko\u0142y. Od ponad roku staramy si\u0119 zdoby\u0107 \u015brodki na zakup agregatu, aby szko\u0142a mog\u0142a dobrze funkcjonowa\u0107. Przy szkole dzia\u0142a internat dla dziewcz\u0105t. Niestety suma wydatk\u00f3w przekracza nasze mo\u017cliwo\u015bci. Koszt zakupu agregatora jest ogromny. Prosimy o \u015brodki na zakup, dostaw\u0119 oraz monta\u017c generatora pr\u0105du dla szko\u0142y i internatu.<\/p>\n<h4>Nauka w ciemno\u015bciach<\/h4>\n<p>Szko\u0142a \u015bw. J\u00f3zefa le\u017cy w Makabandilou, na peryferiach stolicy kraju Brazzaville. W tym roku szkolnym mamy pod opiek\u0105 a\u017c 400 uczni\u00f3w. Opr\u00f3cz kszta\u0142cenia dzieci prowadzimy r\u00f3wnie\u017c internat dla dziewcz\u0105t. Nasze uczennice i uczniowie wywodz\u0105 si\u0119 z r\u00f3\u017cnych \u015brodowisk, co wymaga dobrej formacji, a ci\u0105g\u0142y brak pr\u0105du bardzo to utrudnia. W\u015br\u00f3d naszych uczni\u00f3w s\u0105 r\u00f3wnie\u017c podopieczni programu <a href=\"https:\/\/www.maitri.pl\/adopcja-serca\/\" target=\"_blank\" rel=\"noopener\">Adopcja Serca<\/a>. Dlatego od dawna szukamy pomocy, aby zakupi\u0107 ten agregat, bo na pr\u0105d z miasta nie mo\u017cna liczy\u0107. Nigdy nie wiemy kiedy si\u0119 pojawi i na jak d\u0142ugo. Formacja m\u0142odzie\u017cy i nauka jest ogromn\u0105 nasz\u0105 trosk\u0105, to bardzo wa\u017cne dla przysz\u0142o\u015bci tego kraju \u2013 dobrze uformowana g\u0142owa do my\u015blenia i r\u0119ce do pracy. Z\u00a0 g\u00f3ry dzi\u0119kujemy za ka\u017cde wsparcie, kt\u00f3re przeznaczymy na zakup, dostaw\u0119 oraz monta\u017c generatora pr\u0105du dla szko\u0142y i internatu.<\/p>\n<h4><strong>Kosztorys:<\/strong><\/h4>\n<table>\n<tbody>\n<tr>\n<td width=\"34\">Lp.<\/td>\n<td width=\"257\">opis<\/td>\n<td width=\"72\">ilo\u015b\u0107<\/td>\n<td width=\"140\">cena<\/td>\n<td width=\"141\">Kwota<\/td>\n<\/tr>\n<tr>\n<td width=\"34\">1<\/td>\n<td width=\"257\">Faktura pro-forma na dostaw\u0119 i monta\u017c generatora<\/td>\n<td width=\"72\">\u00a01<\/td>\n<td width=\"140\">18.928.880 CFA<\/td>\n<td width=\"141\">18.928.880 CFA<\/td>\n<\/tr>\n<tr>\n<td width=\"34\"><\/td>\n<td width=\"257\"><strong>PODSUMOWANIE<\/strong><\/td>\n<td width=\"72\"><strong>\u00a0<\/strong><\/td>\n<td width=\"140\"><strong>\u00a0<\/strong><\/td>\n<td width=\"141\"><strong>18.928.880 CFA<\/strong><\/td>\n<\/tr>\n<\/tbody>\n<\/table>\n<p><em>s. Liliosa Romanek, <a href=\"https:\/\/www.jozefitki.pl\/\" target=\"_blank\" rel=\"noopener\">Zgromadzenie Si\u00f3str \u015bw. J\u00f3zefa<\/a>, Makabandilou, Republika Konga<\/em><\/p>\n<p>Numer projektu:\u00a0<strong>22\/JOZEF<\/strong><\/p>\n<p style=\"text-align: justify;\"><span style=\"color: #ff0000;\"><span style=\"font-size: large;\"><b>Kwota projektu: 20.390 \u20ac<\/b><\/span><\/span><\/p>\n<p style=\"text-align: justify;\"><span style=\"font-size: large;\"><em><span style=\"color: #999999;\"><span style=\"font-size: medium;\">Stowarzyszenie Ruchu Maitri przeznacza do 10% otrzymanych \u015brodk\u00f3w na koszty funkcjonowania biura i pozyskiwanie funduszy pomocowych.<\/span><\/span><\/em><\/span><\/p>\n<h3 style=\"text-align: justify;\" align=\"JUSTIFY\"><span style=\"color: #808080;\">J\u00f3zefitki: dostawa oraz monta\u017c generatora pr\u0105du dla szko\u0142y i internatu w Makabandilou w Republice Konga<\/span><\/h3>\n","protected":false},"excerpt":{"rendered":"<p><strong>Projekt:\u00a0<\/strong> <em>s. Liliosa Romanek, <a href=\"https:\/\/www.jozefitki.pl\/\" target=\"_blank\" rel=\"noopener\">Zgromadzenie Si\u00f3str \u015bw. J\u00f3zefa<\/a><\/em><br \/>\n<strong>Misja:<\/strong> Makabandilou, <a href=\"https:\/\/www.maitri.pl\/gdzie-pomagamy\/\" target=\"_blank\" rel=\"noopener\">Republika Konga<\/a><br \/>\n<strong>Kwota projektu: <span style=\"color: #ff0000;\">20.390 \u20ac<\/span><\/strong><\/p>\n","protected":false},"featured_media":23918,"template":"","meta":[],"product_brand":[],"product_cat":[656],"product_tag":[912,909,800],"class_list":{"0":"post-23913","1":"product","2":"type-product","3":"status-publish","4":"has-post-thumbnail","6":"product_cat-bez-kategorii","7":"product_tag-republika-konga","8":"product_tag-siostra-liliosa-romanek","9":"product_tag-zgromadzenie-siostr-sw-jozefa","11":"first","12":"instock","13":"virtual","14":"purchasable","15":"product-type-simple"},"yoast_head":"<!-- This site is optimized with the Yoast SEO plugin v27.2 - https:\/\/yoast.com\/product\/yoast-seo-wordpress\/ -->\n<title>Monta\u017c generatora pr\u0105du dla szko\u0142y w Makabandilou w Kongo<\/title>\n<meta name=\"description\" content=\"Dostawa oraz monta\u017c generatora pr\u0105du dla szko\u0142y i internatu w Makabandilou. Szko\u0142\u0119 prowadz\u0105 Siostry ze Zgromadzenia \u015bw. J\u00f3zefa.\" \/>\n<meta name=\"robots\" content=\"index, follow, max-snippet:-1, max-image-preview:large, max-video-preview:-1\" \/>\n<link rel=\"canonical\" href=\"https:\/\/www.maitri.pl\/projekt\/dostawa-oraz-montaz-generatora-pradu\/\" \/>\n<meta property=\"og:locale\" content=\"fr_FR\" \/>\n<meta property=\"og:type\" content=\"article\" \/>\n<meta property=\"og:title\" content=\"Monta\u017c generatora pr\u0105du dla szko\u0142y w Makabandilou w Kongo\" \/>\n<meta property=\"og:description\" content=\"Dostawa oraz monta\u017c generatora pr\u0105du dla szko\u0142y i internatu w Makabandilou. Szko\u0142\u0119 prowadz\u0105 Siostry ze Zgromadzenia \u015bw. J\u00f3zefa.\" \/>\n<meta property=\"og:url\" content=\"https:\/\/www.maitri.pl\/projekt\/dostawa-oraz-montaz-generatora-pradu\/\" \/>\n<meta property=\"og:site_name\" content=\"Ruch Maitri - Adopcja Serca pomoc Afryce\" \/>\n<meta property=\"article:publisher\" content=\"https:\/\/www.facebook.com\/MAITRI.Adopcja.Serca.dzieci.Afryki\/\" \/>\n<meta property=\"article:modified_time\" content=\"2023-02-10T11:19:22+00:00\" \/>\n<meta property=\"og:image\" content=\"https:\/\/www.maitri.pl\/wp-content\/uploads\/2021\/12\/IMG_3829.jpg\" \/>\n\t<meta property=\"og:image:width\" content=\"2189\" \/>\n\t<meta property=\"og:image:height\" content=\"1642\" \/>\n\t<meta property=\"og:image:type\" content=\"image\/jpeg\" \/>\n<meta name=\"twitter:card\" content=\"summary_large_image\" \/>\n<meta name=\"twitter:label1\" content=\"Dur\u00e9e de lecture estim\u00e9e\" \/>\n\t<meta name=\"twitter:data1\" content=\"2 minutes\" \/>\n<script type=\"application\/ld+json\" class=\"yoast-schema-graph\">{\"@context\":\"https:\/\/schema.org\",\"@graph\":[{\"@type\":\"WebPage\",\"@id\":\"https:\/\/www.maitri.pl\/projekt\/dostawa-oraz-montaz-generatora-pradu\/\",\"url\":\"https:\/\/www.maitri.pl\/projekt\/dostawa-oraz-montaz-generatora-pradu\/\",\"name\":\"Monta\u017c generatora pr\u0105du dla szko\u0142y w Makabandilou w Kongo\",\"isPartOf\":{\"@id\":\"https:\/\/www.maitri.pl\/#website\"},\"primaryImageOfPage\":{\"@id\":\"https:\/\/www.maitri.pl\/projekt\/dostawa-oraz-montaz-generatora-pradu\/#primaryimage\"},\"image\":{\"@id\":\"https:\/\/www.maitri.pl\/projekt\/dostawa-oraz-montaz-generatora-pradu\/#primaryimage\"},\"thumbnailUrl\":\"https:\/\/www.maitri.pl\/wp-content\/uploads\/2021\/12\/IMG_3829.jpg\",\"datePublished\":\"2021-12-15T13:22:35+00:00\",\"dateModified\":\"2023-02-10T11:19:22+00:00\",\"description\":\"Dostawa oraz monta\u017c generatora pr\u0105du dla szko\u0142y i internatu w Makabandilou. Szko\u0142\u0119 prowadz\u0105 Siostry ze Zgromadzenia \u015bw. J\u00f3zefa.\",\"breadcrumb\":{\"@id\":\"https:\/\/www.maitri.pl\/projekt\/dostawa-oraz-montaz-generatora-pradu\/#breadcrumb\"},\"inLanguage\":\"fr-FR\",\"potentialAction\":[{\"@type\":\"ReadAction\",\"target\":[\"https:\/\/www.maitri.pl\/projekt\/dostawa-oraz-montaz-generatora-pradu\/\"]}]},{\"@type\":\"ImageObject\",\"inLanguage\":\"fr-FR\",\"@id\":\"https:\/\/www.maitri.pl\/projekt\/dostawa-oraz-montaz-generatora-pradu\/#primaryimage\",\"url\":\"https:\/\/www.maitri.pl\/wp-content\/uploads\/2021\/12\/IMG_3829.jpg\",\"contentUrl\":\"https:\/\/www.maitri.pl\/wp-content\/uploads\/2021\/12\/IMG_3829.jpg\",\"width\":2189,\"height\":1642,\"caption\":\"monta\u017c generatora pr\u0105du Adopcja Serca dzieci do adopcji Ruch Maitri pomoc Afryce dzieci Afryki pomoc ubogim Kongo 03\"},{\"@type\":\"BreadcrumbList\",\"@id\":\"https:\/\/www.maitri.pl\/projekt\/dostawa-oraz-montaz-generatora-pradu\/#breadcrumb\",\"itemListElement\":[{\"@type\":\"ListItem\",\"position\":1,\"name\":\"Strona g\u0142\u00f3wna\",\"item\":\"https:\/\/www.maitri.pl\/\"},{\"@type\":\"ListItem\",\"position\":2,\"name\":\"Sklep\",\"item\":\"https:\/\/www.maitri.pl\/sklep\/\"},{\"@type\":\"ListItem\",\"position\":3,\"name\":\"Monta\u017c generatora pr\u0105du dla szko\u0142y i internatu w Makabandilou\"}]},{\"@type\":\"WebSite\",\"@id\":\"https:\/\/www.maitri.pl\/#website\",\"url\":\"https:\/\/www.maitri.pl\/\",\"name\":\"Adopcja Serca Maitri \u2013 pomoc dzieciom w Afryce\",\"description\":\"Adopcja Serca \u2013 adopcja na odleg\u0142o\u015b\u0107, pomoc Afryce, do\u017cywianie i edukacja w Afryce\",\"publisher\":{\"@id\":\"https:\/\/www.maitri.pl\/#organization\"},\"potentialAction\":[{\"@type\":\"SearchAction\",\"target\":{\"@type\":\"EntryPoint\",\"urlTemplate\":\"https:\/\/www.maitri.pl\/?s={search_term_string}\"},\"query-input\":{\"@type\":\"PropertyValueSpecification\",\"valueRequired\":true,\"valueName\":\"search_term_string\"}}],\"inLanguage\":\"fr-FR\"},{\"@type\":\"Organization\",\"@id\":\"https:\/\/www.maitri.pl\/#organization\",\"name\":\"Stowarzyszenie Ruchu Maitri\",\"url\":\"https:\/\/www.maitri.pl\/\",\"logo\":{\"@type\":\"ImageObject\",\"inLanguage\":\"fr-FR\",\"@id\":\"https:\/\/www.maitri.pl\/#\/schema\/logo\/image\/\",\"url\":\"https:\/\/www.maitri.pl\/wp-content\/uploads\/2020\/04\/duze_logo-81.png\",\"contentUrl\":\"https:\/\/www.maitri.pl\/wp-content\/uploads\/2020\/04\/duze_logo-81.png\",\"width\":339,\"height\":321,\"caption\":\"Stowarzyszenie Ruchu Maitri\"},\"image\":{\"@id\":\"https:\/\/www.maitri.pl\/#\/schema\/logo\/image\/\"},\"sameAs\":[\"https:\/\/www.facebook.com\/MAITRI.Adopcja.Serca.dzieci.Afryki\/\"]}]}<\/script>\n<!-- \/ Yoast SEO plugin. -->","yoast_head_json":{"title":"Monta\u017c generatora pr\u0105du dla szko\u0142y w Makabandilou w Kongo","description":"Dostawa oraz monta\u017c generatora pr\u0105du dla szko\u0142y i internatu w Makabandilou. Szko\u0142\u0119 prowadz\u0105 Siostry ze Zgromadzenia \u015bw. J\u00f3zefa.","robots":{"index":"index","follow":"follow","max-snippet":"max-snippet:-1","max-image-preview":"max-image-preview:large","max-video-preview":"max-video-preview:-1"},"canonical":"https:\/\/www.maitri.pl\/projekt\/dostawa-oraz-montaz-generatora-pradu\/","og_locale":"fr_FR","og_type":"article","og_title":"Monta\u017c generatora pr\u0105du dla szko\u0142y w Makabandilou w Kongo","og_description":"Dostawa oraz monta\u017c generatora pr\u0105du dla szko\u0142y i internatu w Makabandilou. Szko\u0142\u0119 prowadz\u0105 Siostry ze Zgromadzenia \u015bw. J\u00f3zefa.","og_url":"https:\/\/www.maitri.pl\/projekt\/dostawa-oraz-montaz-generatora-pradu\/","og_site_name":"Ruch Maitri - Adopcja Serca pomoc Afryce","article_publisher":"https:\/\/www.facebook.com\/MAITRI.Adopcja.Serca.dzieci.Afryki\/","article_modified_time":"2023-02-10T11:19:22+00:00","og_image":[{"width":2189,"height":1642,"url":"https:\/\/www.maitri.pl\/wp-content\/uploads\/2021\/12\/IMG_3829.jpg","type":"image\/jpeg"}],"twitter_card":"summary_large_image","twitter_misc":{"Dur\u00e9e de lecture estim\u00e9e":"2 minutes"},"schema":{"@context":"https:\/\/schema.org","@graph":[{"@type":"WebPage","@id":"https:\/\/www.maitri.pl\/projekt\/dostawa-oraz-montaz-generatora-pradu\/","url":"https:\/\/www.maitri.pl\/projekt\/dostawa-oraz-montaz-generatora-pradu\/","name":"Monta\u017c generatora pr\u0105du dla szko\u0142y w Makabandilou w Kongo","isPartOf":{"@id":"https:\/\/www.maitri.pl\/#website"},"primaryImageOfPage":{"@id":"https:\/\/www.maitri.pl\/projekt\/dostawa-oraz-montaz-generatora-pradu\/#primaryimage"},"image":{"@id":"https:\/\/www.maitri.pl\/projekt\/dostawa-oraz-montaz-generatora-pradu\/#primaryimage"},"thumbnailUrl":"https:\/\/www.maitri.pl\/wp-content\/uploads\/2021\/12\/IMG_3829.jpg","datePublished":"2021-12-15T13:22:35+00:00","dateModified":"2023-02-10T11:19:22+00:00","description":"Dostawa oraz monta\u017c generatora pr\u0105du dla szko\u0142y i internatu w Makabandilou. Szko\u0142\u0119 prowadz\u0105 Siostry ze Zgromadzenia \u015bw. J\u00f3zefa.","breadcrumb":{"@id":"https:\/\/www.maitri.pl\/projekt\/dostawa-oraz-montaz-generatora-pradu\/#breadcrumb"},"inLanguage":"fr-FR","potentialAction":[{"@type":"ReadAction","target":["https:\/\/www.maitri.pl\/projekt\/dostawa-oraz-montaz-generatora-pradu\/"]}]},{"@type":"ImageObject","inLanguage":"fr-FR","@id":"https:\/\/www.maitri.pl\/projekt\/dostawa-oraz-montaz-generatora-pradu\/#primaryimage","url":"https:\/\/www.maitri.pl\/wp-content\/uploads\/2021\/12\/IMG_3829.jpg","contentUrl":"https:\/\/www.maitri.pl\/wp-content\/uploads\/2021\/12\/IMG_3829.jpg","width":2189,"height":1642,"caption":"monta\u017c generatora pr\u0105du Adopcja Serca dzieci do adopcji Ruch Maitri pomoc Afryce dzieci Afryki pomoc ubogim Kongo 03"},{"@type":"BreadcrumbList","@id":"https:\/\/www.maitri.pl\/projekt\/dostawa-oraz-montaz-generatora-pradu\/#breadcrumb","itemListElement":[{"@type":"ListItem","position":1,"name":"Strona g\u0142\u00f3wna","item":"https:\/\/www.maitri.pl\/"},{"@type":"ListItem","position":2,"name":"Sklep","item":"https:\/\/www.maitri.pl\/sklep\/"},{"@type":"ListItem","position":3,"name":"Monta\u017c generatora pr\u0105du dla szko\u0142y i internatu w Makabandilou"}]},{"@type":"WebSite","@id":"https:\/\/www.maitri.pl\/#website","url":"https:\/\/www.maitri.pl\/","name":"Adopcja Serca Maitri \u2013 pomoc dzieciom w Afryce","description":"Adopcja Serca \u2013 adopcja na odleg\u0142o\u015b\u0107, pomoc Afryce, do\u017cywianie i edukacja w Afryce","publisher":{"@id":"https:\/\/www.maitri.pl\/#organization"},"potentialAction":[{"@type":"SearchAction","target":{"@type":"EntryPoint","urlTemplate":"https:\/\/www.maitri.pl\/?s={search_term_string}"},"query-input":{"@type":"PropertyValueSpecification","valueRequired":true,"valueName":"search_term_string"}}],"inLanguage":"fr-FR"},{"@type":"Organization","@id":"https:\/\/www.maitri.pl\/#organization","name":"Stowarzyszenie Ruchu Maitri","url":"https:\/\/www.maitri.pl\/","logo":{"@type":"ImageObject","inLanguage":"fr-FR","@id":"https:\/\/www.maitri.pl\/#\/schema\/logo\/image\/","url":"https:\/\/www.maitri.pl\/wp-content\/uploads\/2020\/04\/duze_logo-81.png","contentUrl":"https:\/\/www.maitri.pl\/wp-content\/uploads\/2020\/04\/duze_logo-81.png","width":339,"height":321,"caption":"Stowarzyszenie Ruchu Maitri"},"image":{"@id":"https:\/\/www.maitri.pl\/#\/schema\/logo\/image\/"},"sameAs":["https:\/\/www.facebook.com\/MAITRI.Adopcja.Serca.dzieci.Afryki\/"]}]}},"_links":{"self":[{"href":"https:\/\/www.maitri.pl\/fr\/wp-json\/wp\/v2\/product\/23913","targetHints":{"allow":["GET"]}}],"collection":[{"href":"https:\/\/www.maitri.pl\/fr\/wp-json\/wp\/v2\/product"}],"about":[{"href":"https:\/\/www.maitri.pl\/fr\/wp-json\/wp\/v2\/types\/product"}],"wp:featuredmedia":[{"embeddable":true,"href":"https:\/\/www.maitri.pl\/fr\/wp-json\/wp\/v2\/media\/23918"}],"wp:attachment":[{"href":"https:\/\/www.maitri.pl\/fr\/wp-json\/wp\/v2\/media?parent=23913"}],"wp:term":[{"taxonomy":"product_brand","embeddable":true,"href":"https:\/\/www.maitri.pl\/fr\/wp-json\/wp\/v2\/product_brand?post=23913"},{"taxonomy":"product_cat","embeddable":true,"href":"https:\/\/www.maitri.pl\/fr\/wp-json\/wp\/v2\/product_cat?post=23913"},{"taxonomy":"product_tag","embeddable":true,"href":"https:\/\/www.maitri.pl\/fr\/wp-json\/wp\/v2\/product_tag?post=23913"}],"curies":[{"name":"wp","href":"https:\/\/api.w.org\/{rel}","templated":true}]}}