{"id":23908,"date":"2021-12-15T14:24:59","date_gmt":"2021-12-15T13:24:59","guid":{"rendered":"https:\/\/www.maitri.pl\/?post_type=product&#038;p=23908"},"modified":"2023-02-10T12:19:12","modified_gmt":"2023-02-10T11:19:12","slug":"jozefitiki-dozywianie-makabandilou-kongo","status":"publish","type":"product","link":"https:\/\/www.maitri.pl\/fr\/projekt\/jozefitiki-dozywianie-makabandilou-kongo\/","title":{"rendered":"J\u00f3zefitki prosz\u0105 o pomoc w akcji do\u017cywiania 20 uczni\u00f3w z Makabandilou"},"content":{"rendered":"<h4>Konflikty i n\u0119dza<\/h4>\n<p>Makabandilou to ubogie przedmie\u015bcie dwumilionowego miasta Brazzaville, stolicy Republiki Konga. Kraj wci\u0105\u017c podnosi si\u0119 ze skutk\u00f3w wojny domowej z pocz\u0105tku wieku, kt\u00f3ra co kilka lat rozpala si\u0119 na nowo pod postaci\u0105 kolejnych rebelii. W tych warunkach bardzo wiele os\u00f3b zosta\u0142o pozbawionych dachu nad g\u0142ow\u0105 i uciek\u0142o do miast. Dlatego w Makabandilou panuje bieda. W szkole \u015bw. J\u00f3zefa mamy du\u017c\u0105 liczb\u0119 ubogich dzieci. Szko\u0142\u0119 od lat prowadz\u0105 Siostry J\u00f3zefitki.<\/p>\n<h4>Podaruj posi\u0142ek najubo\u017cszym dzieciom<\/h4>\n<p>Widz\u0105c dooko\u0142a nas morze biedy, zauwa\u017camy ogromn\u0105 potrzeb\u0119 podarowa\u0107 posi\u0142ek dzieciom z najbiedniejszych rodzin. Niekt\u00f3rzy uczniowie naszej szko\u0142y nie maj\u0105 nic do jedzenia. Dzieci przychodz\u0105 do szko\u0142y g\u0142odne. Ucz\u0105 si\u0119 w naszej szkole za darmo, bo rodzic\u00f3w nie sta\u0107 na posy\u0142anie ich do szko\u0142y. Mimo to robi\u0105 du\u017ce post\u0119py w nauce. Ucz\u0105 si\u0119 one bardzo dobrze, ale cz\u0119sto nie maj\u0105 nic do jedzenia.<\/p>\n<h4>Ci\u0119\u017cko patrze\u0107 na ich g\u0142\u00f3d<\/h4>\n<p>Dlatego zwracam si\u0119 do Maitri, kt\u00f3rzy ju\u017c pomagacie wielu dzieciom w op\u0142aceniu szko\u0142y poprzez program <a href=\"https:\/\/www.maitri.pl\/adopcja-serca\/\" target=\"_blank\" rel=\"noopener\">Adopcja Serca<\/a>. Teraz prosz\u0119 jeszcze o pomoc w nakarmieniu tych najubo\u017cszych dzieci, kt\u00f3re nie maj\u0105 szans na posi\u0142ek w domu rodzinnym. Akcj\u0119 do\u017cywiania przeprowadz\u0105 Siostry J\u00f3zefitki.\u00a0Licz\u0119 na t\u0119 pomoc, bo ci\u0119\u017cko jest patrze\u0107, gdy te dzieci chodz\u0105 smutne, bo nie maj\u0105 co zje\u015b\u0107 na \u015bniadanie ani na obiad. Ta pomoc dla nich jest bardzo wa\u017cna. Drodzy ofiarodawcy Ruchu Maitri, Wasza nagroda b\u0119dzie wielka. Pilnej pomocy potrzebuje 20 uczni\u00f3w z Makabandilou. Dzi\u0119kujemy za okazane dobre serce.<\/p>\n<h4><strong>Kosztorys:<\/strong><\/h4>\n<table>\n<tbody>\n<tr>\n<td width=\"34\">Lp.<\/td>\n<td width=\"163\">Opis<\/td>\n<td width=\"120\">Liczba uczni\u00f3w<\/td>\n<td width=\"94\">ilo\u015b\u0107<\/td>\n<td width=\"92\">cena<\/td>\n<td width=\"140\">Kwota<\/td>\n<\/tr>\n<tr>\n<td width=\"34\">1<\/td>\n<td width=\"163\">\u015aniadanie<\/td>\n<td width=\"120\">20 uczni\u00f3w<\/td>\n<td width=\"94\">\u00a022<\/td>\n<td width=\"92\">500 CFA<\/td>\n<td width=\"140\">220.000 CFA<\/td>\n<\/tr>\n<tr>\n<td width=\"34\">2<\/td>\n<td width=\"163\">Obiad<\/td>\n<td width=\"120\">20 uczni\u00f3w<\/td>\n<td width=\"94\">22<\/td>\n<td width=\"92\">1000 CFA<\/td>\n<td width=\"140\">440.000 CFA<\/td>\n<\/tr>\n<tr>\n<td width=\"34\"><\/td>\n<td width=\"163\"><strong>PODSUMOWANIE<\/strong><\/td>\n<td width=\"120\"><strong>\u00a0<\/strong><\/td>\n<td width=\"94\"><strong>\u00a0<\/strong><\/td>\n<td width=\"92\"><strong>\u00a0<\/strong><\/td>\n<td width=\"140\"><strong>660.000 CFA<\/strong><\/td>\n<\/tr>\n<\/tbody>\n<\/table>\n<p><em>s. Liliosa Romanek, <a href=\"https:\/\/www.jozefitki.pl\/\" target=\"_blank\" rel=\"noopener\">Zgromadzenie Si\u00f3str \u015bw. J\u00f3zefa<\/a><\/em><\/p>\n<p>Numer projektu:\u00a0<strong>21\/JOZEF<\/strong><\/p>\n<p style=\"text-align: justify;\"><span style=\"color: #ff0000;\"><span style=\"font-size: large;\"><b>Kwota projektu : 1100 \u20ac <\/b><\/span><\/span><\/p>\n<p style=\"text-align: justify;\"><span style=\"color: #ff0000;\"><span style=\"font-size: large;\"><b>Przekazana kwota 1100\u20ac<br \/>\n<\/b><\/span><\/span><\/p>\n<p style=\"text-align: justify;\"><span style=\"font-size: large;\"><em><span style=\"color: #999999;\"><span style=\"font-size: medium;\">Stowarzyszenie Ruchu Maitri przeznacza do 10% otrzymanych \u015brodk\u00f3w na koszty funkcjonowania biura i pozyskiwanie funduszy pomocowych.<\/span><\/span><\/em><\/span><\/p>\n<h3 style=\"text-align: justify;\" align=\"JUSTIFY\"><span style=\"color: #808080;\">J\u00f3zefitki prosz\u0105 o pomoc w akcji do\u017cywiania 20 uczni\u00f3w z Makabandilou<\/span><\/h3>\n","protected":false},"excerpt":{"rendered":"<p><strong>Projekt:\u00a0<\/strong> <em>s. Liliosa Romanek, <a href=\"https:\/\/www.jozefitki.pl\/\" target=\"_blank\" rel=\"noopener\">Zgromadzenie Si\u00f3str \u015bw. J\u00f3zefa<\/a><\/em><br \/>\n<strong>Misja:<\/strong> Makabandilou, <a href=\"https:\/\/www.maitri.pl\/gdzie-pomagamy\/\" target=\"_blank\" rel=\"noopener\">Republika Konga<\/a><br \/>\n<strong>Kwota projektu: <span style=\"color: #ff0000;\">1100 \u20ac<\/span><\/strong><\/p>\n","protected":false},"featured_media":23909,"template":"","meta":[],"product_brand":[],"product_cat":[656],"product_tag":[676,911,910,909,800],"class_list":{"0":"post-23908","1":"product","2":"type-product","3":"status-publish","4":"has-post-thumbnail","6":"product_cat-bez-kategorii","7":"product_tag-dozywianie","8":"product_tag-kongo","9":"product_tag-makabandilou","10":"product_tag-siostra-liliosa-romanek","11":"product_tag-zgromadzenie-siostr-sw-jozefa","13":"first","14":"instock","15":"virtual","16":"purchasable","17":"product-type-simple"},"yoast_head":"<!-- This site is optimized with the Yoast SEO plugin v27.2 - https:\/\/yoast.com\/product\/yoast-seo-wordpress\/ -->\n<title>J\u00f3zefitki prosz\u0105 o pomoc w akcji do\u017cywiania 20 uczni\u00f3w z Makabandilou<\/title>\n<meta name=\"description\" content=\"J\u00f3zefitki prowadz\u0105 szko\u0142\u0119 w Makabandilou w Republice Konga. Prosz\u0105 o pomoc w akcji do\u017cywiania 20 uczni\u00f3w, kt\u00f3rzy s\u0105 niedo\u017cywieni.\" \/>\n<meta name=\"robots\" content=\"index, follow, max-snippet:-1, max-image-preview:large, max-video-preview:-1\" \/>\n<link rel=\"canonical\" href=\"https:\/\/www.maitri.pl\/projekt\/jozefitiki-dozywianie-makabandilou-kongo\/\" \/>\n<meta property=\"og:locale\" content=\"fr_FR\" \/>\n<meta property=\"og:type\" content=\"article\" \/>\n<meta property=\"og:title\" content=\"J\u00f3zefitki prosz\u0105 o pomoc w akcji do\u017cywiania 20 uczni\u00f3w z Makabandilou\" \/>\n<meta property=\"og:description\" content=\"J\u00f3zefitki prowadz\u0105 szko\u0142\u0119 w Makabandilou w Republice Konga. Prosz\u0105 o pomoc w akcji do\u017cywiania 20 uczni\u00f3w, kt\u00f3rzy s\u0105 niedo\u017cywieni.\" \/>\n<meta property=\"og:url\" content=\"https:\/\/www.maitri.pl\/projekt\/jozefitiki-dozywianie-makabandilou-kongo\/\" \/>\n<meta property=\"og:site_name\" content=\"Ruch Maitri - Adopcja Serca pomoc Afryce\" \/>\n<meta property=\"article:publisher\" content=\"https:\/\/www.facebook.com\/MAITRI.Adopcja.Serca.dzieci.Afryki\/\" \/>\n<meta property=\"article:modified_time\" content=\"2023-02-10T11:19:12+00:00\" \/>\n<meta property=\"og:image\" content=\"https:\/\/www.maitri.pl\/wp-content\/uploads\/2021\/12\/21-jozef-scaled.jpg\" \/>\n\t<meta property=\"og:image:width\" content=\"2560\" \/>\n\t<meta property=\"og:image:height\" content=\"1920\" \/>\n\t<meta property=\"og:image:type\" content=\"image\/jpeg\" \/>\n<meta name=\"twitter:card\" content=\"summary_large_image\" \/>\n<meta name=\"twitter:label1\" content=\"Dur\u00e9e de lecture estim\u00e9e\" \/>\n\t<meta name=\"twitter:data1\" content=\"2 minutes\" \/>\n<script type=\"application\/ld+json\" class=\"yoast-schema-graph\">{\"@context\":\"https:\/\/schema.org\",\"@graph\":[{\"@type\":\"WebPage\",\"@id\":\"https:\/\/www.maitri.pl\/projekt\/jozefitiki-dozywianie-makabandilou-kongo\/\",\"url\":\"https:\/\/www.maitri.pl\/projekt\/jozefitiki-dozywianie-makabandilou-kongo\/\",\"name\":\"J\u00f3zefitki prosz\u0105 o pomoc w akcji do\u017cywiania 20 uczni\u00f3w z Makabandilou\",\"isPartOf\":{\"@id\":\"https:\/\/www.maitri.pl\/#website\"},\"primaryImageOfPage\":{\"@id\":\"https:\/\/www.maitri.pl\/projekt\/jozefitiki-dozywianie-makabandilou-kongo\/#primaryimage\"},\"image\":{\"@id\":\"https:\/\/www.maitri.pl\/projekt\/jozefitiki-dozywianie-makabandilou-kongo\/#primaryimage\"},\"thumbnailUrl\":\"https:\/\/www.maitri.pl\/wp-content\/uploads\/2021\/12\/21-jozef-scaled.jpg\",\"datePublished\":\"2021-12-15T13:24:59+00:00\",\"dateModified\":\"2023-02-10T11:19:12+00:00\",\"description\":\"J\u00f3zefitki prowadz\u0105 szko\u0142\u0119 w Makabandilou w Republice Konga. Prosz\u0105 o pomoc w akcji do\u017cywiania 20 uczni\u00f3w, kt\u00f3rzy s\u0105 niedo\u017cywieni.\",\"breadcrumb\":{\"@id\":\"https:\/\/www.maitri.pl\/projekt\/jozefitiki-dozywianie-makabandilou-kongo\/#breadcrumb\"},\"inLanguage\":\"fr-FR\",\"potentialAction\":[{\"@type\":\"ReadAction\",\"target\":[\"https:\/\/www.maitri.pl\/projekt\/jozefitiki-dozywianie-makabandilou-kongo\/\"]}]},{\"@type\":\"ImageObject\",\"inLanguage\":\"fr-FR\",\"@id\":\"https:\/\/www.maitri.pl\/projekt\/jozefitiki-dozywianie-makabandilou-kongo\/#primaryimage\",\"url\":\"https:\/\/www.maitri.pl\/wp-content\/uploads\/2021\/12\/21-jozef-scaled.jpg\",\"contentUrl\":\"https:\/\/www.maitri.pl\/wp-content\/uploads\/2021\/12\/21-jozef-scaled.jpg\",\"width\":2560,\"height\":1920,\"caption\":\"j\u00f3zefitki Ruch Maitri Adopcja Serca do\u017cywianie dzieci Afryki pomoc ubogim Kongo 01\"},{\"@type\":\"BreadcrumbList\",\"@id\":\"https:\/\/www.maitri.pl\/projekt\/jozefitiki-dozywianie-makabandilou-kongo\/#breadcrumb\",\"itemListElement\":[{\"@type\":\"ListItem\",\"position\":1,\"name\":\"Strona g\u0142\u00f3wna\",\"item\":\"https:\/\/www.maitri.pl\/\"},{\"@type\":\"ListItem\",\"position\":2,\"name\":\"Sklep\",\"item\":\"https:\/\/www.maitri.pl\/sklep\/\"},{\"@type\":\"ListItem\",\"position\":3,\"name\":\"J\u00f3zefitki prosz\u0105 o pomoc w akcji do\u017cywiania 20 uczni\u00f3w z Makabandilou\"}]},{\"@type\":\"WebSite\",\"@id\":\"https:\/\/www.maitri.pl\/#website\",\"url\":\"https:\/\/www.maitri.pl\/\",\"name\":\"Adopcja Serca Maitri \u2013 pomoc dzieciom w Afryce\",\"description\":\"Adopcja Serca \u2013 adopcja na odleg\u0142o\u015b\u0107, pomoc Afryce, do\u017cywianie i edukacja w Afryce\",\"publisher\":{\"@id\":\"https:\/\/www.maitri.pl\/#organization\"},\"potentialAction\":[{\"@type\":\"SearchAction\",\"target\":{\"@type\":\"EntryPoint\",\"urlTemplate\":\"https:\/\/www.maitri.pl\/?s={search_term_string}\"},\"query-input\":{\"@type\":\"PropertyValueSpecification\",\"valueRequired\":true,\"valueName\":\"search_term_string\"}}],\"inLanguage\":\"fr-FR\"},{\"@type\":\"Organization\",\"@id\":\"https:\/\/www.maitri.pl\/#organization\",\"name\":\"Stowarzyszenie Ruchu Maitri\",\"url\":\"https:\/\/www.maitri.pl\/\",\"logo\":{\"@type\":\"ImageObject\",\"inLanguage\":\"fr-FR\",\"@id\":\"https:\/\/www.maitri.pl\/#\/schema\/logo\/image\/\",\"url\":\"https:\/\/www.maitri.pl\/wp-content\/uploads\/2020\/04\/duze_logo-81.png\",\"contentUrl\":\"https:\/\/www.maitri.pl\/wp-content\/uploads\/2020\/04\/duze_logo-81.png\",\"width\":339,\"height\":321,\"caption\":\"Stowarzyszenie Ruchu Maitri\"},\"image\":{\"@id\":\"https:\/\/www.maitri.pl\/#\/schema\/logo\/image\/\"},\"sameAs\":[\"https:\/\/www.facebook.com\/MAITRI.Adopcja.Serca.dzieci.Afryki\/\"]}]}<\/script>\n<!-- \/ Yoast SEO plugin. -->","yoast_head_json":{"title":"J\u00f3zefitki prosz\u0105 o pomoc w akcji do\u017cywiania 20 uczni\u00f3w z Makabandilou","description":"J\u00f3zefitki prowadz\u0105 szko\u0142\u0119 w Makabandilou w Republice Konga. Prosz\u0105 o pomoc w akcji do\u017cywiania 20 uczni\u00f3w, kt\u00f3rzy s\u0105 niedo\u017cywieni.","robots":{"index":"index","follow":"follow","max-snippet":"max-snippet:-1","max-image-preview":"max-image-preview:large","max-video-preview":"max-video-preview:-1"},"canonical":"https:\/\/www.maitri.pl\/projekt\/jozefitiki-dozywianie-makabandilou-kongo\/","og_locale":"fr_FR","og_type":"article","og_title":"J\u00f3zefitki prosz\u0105 o pomoc w akcji do\u017cywiania 20 uczni\u00f3w z Makabandilou","og_description":"J\u00f3zefitki prowadz\u0105 szko\u0142\u0119 w Makabandilou w Republice Konga. Prosz\u0105 o pomoc w akcji do\u017cywiania 20 uczni\u00f3w, kt\u00f3rzy s\u0105 niedo\u017cywieni.","og_url":"https:\/\/www.maitri.pl\/projekt\/jozefitiki-dozywianie-makabandilou-kongo\/","og_site_name":"Ruch Maitri - Adopcja Serca pomoc Afryce","article_publisher":"https:\/\/www.facebook.com\/MAITRI.Adopcja.Serca.dzieci.Afryki\/","article_modified_time":"2023-02-10T11:19:12+00:00","og_image":[{"width":2560,"height":1920,"url":"https:\/\/www.maitri.pl\/wp-content\/uploads\/2021\/12\/21-jozef-scaled.jpg","type":"image\/jpeg"}],"twitter_card":"summary_large_image","twitter_misc":{"Dur\u00e9e de lecture estim\u00e9e":"2 minutes"},"schema":{"@context":"https:\/\/schema.org","@graph":[{"@type":"WebPage","@id":"https:\/\/www.maitri.pl\/projekt\/jozefitiki-dozywianie-makabandilou-kongo\/","url":"https:\/\/www.maitri.pl\/projekt\/jozefitiki-dozywianie-makabandilou-kongo\/","name":"J\u00f3zefitki prosz\u0105 o pomoc w akcji do\u017cywiania 20 uczni\u00f3w z Makabandilou","isPartOf":{"@id":"https:\/\/www.maitri.pl\/#website"},"primaryImageOfPage":{"@id":"https:\/\/www.maitri.pl\/projekt\/jozefitiki-dozywianie-makabandilou-kongo\/#primaryimage"},"image":{"@id":"https:\/\/www.maitri.pl\/projekt\/jozefitiki-dozywianie-makabandilou-kongo\/#primaryimage"},"thumbnailUrl":"https:\/\/www.maitri.pl\/wp-content\/uploads\/2021\/12\/21-jozef-scaled.jpg","datePublished":"2021-12-15T13:24:59+00:00","dateModified":"2023-02-10T11:19:12+00:00","description":"J\u00f3zefitki prowadz\u0105 szko\u0142\u0119 w Makabandilou w Republice Konga. Prosz\u0105 o pomoc w akcji do\u017cywiania 20 uczni\u00f3w, kt\u00f3rzy s\u0105 niedo\u017cywieni.","breadcrumb":{"@id":"https:\/\/www.maitri.pl\/projekt\/jozefitiki-dozywianie-makabandilou-kongo\/#breadcrumb"},"inLanguage":"fr-FR","potentialAction":[{"@type":"ReadAction","target":["https:\/\/www.maitri.pl\/projekt\/jozefitiki-dozywianie-makabandilou-kongo\/"]}]},{"@type":"ImageObject","inLanguage":"fr-FR","@id":"https:\/\/www.maitri.pl\/projekt\/jozefitiki-dozywianie-makabandilou-kongo\/#primaryimage","url":"https:\/\/www.maitri.pl\/wp-content\/uploads\/2021\/12\/21-jozef-scaled.jpg","contentUrl":"https:\/\/www.maitri.pl\/wp-content\/uploads\/2021\/12\/21-jozef-scaled.jpg","width":2560,"height":1920,"caption":"j\u00f3zefitki Ruch Maitri Adopcja Serca do\u017cywianie dzieci Afryki pomoc ubogim Kongo 01"},{"@type":"BreadcrumbList","@id":"https:\/\/www.maitri.pl\/projekt\/jozefitiki-dozywianie-makabandilou-kongo\/#breadcrumb","itemListElement":[{"@type":"ListItem","position":1,"name":"Strona g\u0142\u00f3wna","item":"https:\/\/www.maitri.pl\/"},{"@type":"ListItem","position":2,"name":"Sklep","item":"https:\/\/www.maitri.pl\/sklep\/"},{"@type":"ListItem","position":3,"name":"J\u00f3zefitki prosz\u0105 o pomoc w akcji do\u017cywiania 20 uczni\u00f3w z Makabandilou"}]},{"@type":"WebSite","@id":"https:\/\/www.maitri.pl\/#website","url":"https:\/\/www.maitri.pl\/","name":"Adopcja Serca Maitri \u2013 pomoc dzieciom w Afryce","description":"Adopcja Serca \u2013 adopcja na odleg\u0142o\u015b\u0107, pomoc Afryce, do\u017cywianie i edukacja w Afryce","publisher":{"@id":"https:\/\/www.maitri.pl\/#organization"},"potentialAction":[{"@type":"SearchAction","target":{"@type":"EntryPoint","urlTemplate":"https:\/\/www.maitri.pl\/?s={search_term_string}"},"query-input":{"@type":"PropertyValueSpecification","valueRequired":true,"valueName":"search_term_string"}}],"inLanguage":"fr-FR"},{"@type":"Organization","@id":"https:\/\/www.maitri.pl\/#organization","name":"Stowarzyszenie Ruchu Maitri","url":"https:\/\/www.maitri.pl\/","logo":{"@type":"ImageObject","inLanguage":"fr-FR","@id":"https:\/\/www.maitri.pl\/#\/schema\/logo\/image\/","url":"https:\/\/www.maitri.pl\/wp-content\/uploads\/2020\/04\/duze_logo-81.png","contentUrl":"https:\/\/www.maitri.pl\/wp-content\/uploads\/2020\/04\/duze_logo-81.png","width":339,"height":321,"caption":"Stowarzyszenie Ruchu Maitri"},"image":{"@id":"https:\/\/www.maitri.pl\/#\/schema\/logo\/image\/"},"sameAs":["https:\/\/www.facebook.com\/MAITRI.Adopcja.Serca.dzieci.Afryki\/"]}]}},"_links":{"self":[{"href":"https:\/\/www.maitri.pl\/fr\/wp-json\/wp\/v2\/product\/23908","targetHints":{"allow":["GET"]}}],"collection":[{"href":"https:\/\/www.maitri.pl\/fr\/wp-json\/wp\/v2\/product"}],"about":[{"href":"https:\/\/www.maitri.pl\/fr\/wp-json\/wp\/v2\/types\/product"}],"wp:featuredmedia":[{"embeddable":true,"href":"https:\/\/www.maitri.pl\/fr\/wp-json\/wp\/v2\/media\/23909"}],"wp:attachment":[{"href":"https:\/\/www.maitri.pl\/fr\/wp-json\/wp\/v2\/media?parent=23908"}],"wp:term":[{"taxonomy":"product_brand","embeddable":true,"href":"https:\/\/www.maitri.pl\/fr\/wp-json\/wp\/v2\/product_brand?post=23908"},{"taxonomy":"product_cat","embeddable":true,"href":"https:\/\/www.maitri.pl\/fr\/wp-json\/wp\/v2\/product_cat?post=23908"},{"taxonomy":"product_tag","embeddable":true,"href":"https:\/\/www.maitri.pl\/fr\/wp-json\/wp\/v2\/product_tag?post=23908"}],"curies":[{"name":"wp","href":"https:\/\/api.w.org\/{rel}","templated":true}]}}