{"id":23751,"date":"2021-12-08T15:26:44","date_gmt":"2021-12-08T14:26:44","guid":{"rendered":"https:\/\/www.maitri.pl\/?post_type=product&#038;p=23751"},"modified":"2023-02-10T12:20:40","modified_gmt":"2023-02-10T11:20:40","slug":"budowa-szkoly-w-rwandzie","status":"publish","type":"product","link":"https:\/\/www.maitri.pl\/fr\/projekt\/budowa-szkoly-w-rwandzie\/","title":{"rendered":"Pomoc w budowie szko\u0142y w Rwandzie"},"content":{"rendered":"<h4>Od 44 lat w Rwandzie<\/h4>\n<p>Pomoc w budowie szko\u0142y w Rwandzie. Siostry Misjonarki Pallotynki, pracuj\u0105 w Rwandzie i D.R. Kongo od 1977 r. W 2016 roku zosta\u0142a powo\u0142ana do \u017cycia nowa prowincja Zgromadzenia Si\u00f3str Pallotynek &#8211; Rwanda, DR Kongo, Uganda. Zgromadzenie prowadzi ju\u017c szko\u0142\u0119 St. Vincent Pallotti School z 3 poziomami nauczania w Masaka w Rwandzie.\u00a0 Bazuj\u0105c na tych do\u015bwiadczeniach postanowi\u0142y\u015bmy przyczyni\u0107 si\u0119 do rozwi\u0105zania problemu braku dost\u0119pu do dobrej edukacji w Ruhango, gdzie le\u017cy jedna z naszych misji.\u00a0 Zacz\u0119\u0142y\u015bmy od pozyskania terenu i zbudowania przedszkola, kt\u00f3re zosta\u0142o uruchomione w 2020 roku. Obecnie chcia\u0142yby\u015bmy zbudowa\u0107 Szko\u0142\u0119 Podstawow\u0105, w kt\u00f3rej te dzieci mog\u0142yby kontynuowa\u0107 nauk\u0119. Wychodzi to naprzeciw potrzebom rodzic\u00f3w, kt\u00f3rzy maj\u0105c swoje dzieci w naszym przedszkolu zastanawiaj\u0105 si\u0119, gdzie ich dzieci b\u0119d\u0105 mog\u0142y kontynuowa\u0107 nauk\u0119, a tak\u017ce innych rodzic\u00f3w z okolicy, kt\u00f3rzy chcieliby pos\u0142a\u0107 swoje dzieci do szko\u0142y.<\/p>\n<h4>Nie sta\u0107 ich na szko\u0142\u0119<\/h4>\n<p>Ludzie, kt\u00f3rych ze wzgl\u0119du na ich niskie dochody nie sta\u0107 na czesne w istniej\u0105cych prywatnych szko\u0142ach,\u00a0 martwi\u0105 si\u0119 jako\u015bci\u0105 edukacji w regionie. Chcieliby zapewni\u0107 dzieciom lepsz\u0105 przysz\u0142o\u015b\u0107. Nierzadko dzieci porzucaj\u0105 szko\u0142\u0119 i trafiaj\u0105 na ulice, a ich szanse na pomy\u015bln\u0105 przysz\u0142o\u015b\u0107 od najm\u0142odszych lat malej\u0105 \u2013 hamuje to rozw\u00f3j kraju jako ca\u0142o\u015bci. Bierzemy takie dzieci pod opiek\u0119 w programie <a href=\"https:\/\/www.maitri.pl\/adopcja-serca\/\" target=\"_blank\" rel=\"noopener\">Adopcja Serca<\/a>. Budowa szko\u0142y w Ruhango zapewni\u0142aby wysokiej jako\u015bci edukacj\u0119 w regionie, a tak\u0105 wysok\u0105 jako\u015b\u0107 nauczania, kt\u00f3r\u0105 zapewniaj\u0105 szko\u0142y katolickie.<\/p>\n<h4>G\u0142\u00f3wne cele projektu<\/h4>\n<ul>\n<li>Zapewnienie dzieciom dobrego wykszta\u0142cenia podstawowego z wysoko wykwalifikowan\u0105 kadr\u0105 nauczycielsk\u0105.<\/li>\n<li>Zmniejszenie, a nawet wyeliminowanie problemu porzucania szko\u0142y podstawowej.<\/li>\n<li>Zapewnienie dzieciom z rodzin ubogich lub dotkni\u0119tych HIV\/AIDS i\/lub zaka\u017conych \u0142atwego dost\u0119pu do edukacji w szkole podstawowej bez konieczno\u015bci pokonywania d\u0142ugich dystans\u00f3w.<\/li>\n<\/ul>\n<p>Budowa szko\u0142y realizowana b\u0119dzie etapami, w pierwszej fazie chcemy wybudowa\u0107 budynek z 6 salami lekcyjnymi, zapleczem sanitarnym, ogrodzeniem, administracj\u0105, kuchni\u0105 oraz zakupi\u0107 niezb\u0119dny sprz\u0119t. Bior\u0105c pod uwag\u0119 ograniczenia naszych \u015brodk\u00f3w finansowych i nasze zaanga\u017cowanie w r\u00f3\u017cnych dziedzinach apostolatu, jako zgromadzenie nie jeste\u015bmy w stanie pokry\u0107 wszystkich wydatk\u00f3w zwi\u0105zanych z realizacj\u0105 tego projektu we w\u0142asnym zakresie. Od tych ma\u0142ych obecnie dzieci zale\u017cy rozw\u00f3j i przysz\u0142o\u015b\u0107 naszego kraju. Czy to dzie\u0142o dojdzie do skutku zale\u017cy w ogromnej mierze od ludzi dobrej woli, my bardzo ufamy, \u017ce takich ludzie nie brakuje.<\/p>\n<p>W imieniu beneficjent\u00f3w Szko\u0142y Podstawowej, dzieci i rodzic\u00f3w, dzi\u0119kujemy z g\u00f3ry za pozytywne rozpatrzenie naszej pro\u015bby. Zapewniamy nasze szczere zjednoczenie w modlitwie.<\/p>\n<h4>Kosztorys:<\/h4>\n<table>\n<tbody>\n<tr>\n<td width=\"42\">Lp.<\/td>\n<td width=\"162\"><\/td>\n<td width=\"278\">Budynek:<\/td>\n<td width=\"161\">Kwota (franki rwandyjskie)<\/td>\n<td width=\"161\">Kwota (Euro)<\/td>\n<\/tr>\n<tr>\n<td width=\"42\">1<\/td>\n<td width=\"162\">BUDOWA<\/td>\n<td width=\"278\">szkolny 6 klas<\/td>\n<td width=\"161\">87.951.350<\/td>\n<td width=\"161\">87 951 \u20ac<\/td>\n<\/tr>\n<tr>\n<td width=\"42\">2<\/td>\n<td width=\"162\"><\/td>\n<td width=\"278\">administracyjny<\/td>\n<td width=\"161\">31.732.025<\/td>\n<td width=\"161\">31 732 \u20ac<\/td>\n<\/tr>\n<tr>\n<td width=\"42\">3<\/td>\n<td width=\"162\"><\/td>\n<td width=\"278\">umywalnia + toalety<\/td>\n<td width=\"161\">26.864.280<\/td>\n<td width=\"161\">26 864 \u20ac<\/td>\n<\/tr>\n<tr>\n<td width=\"42\">4<\/td>\n<td width=\"162\"><\/td>\n<td width=\"278\">ogrodzenie<\/td>\n<td width=\"161\">49.943.500<\/td>\n<td width=\"161\">49 952 \u20ac<\/td>\n<\/tr>\n<tr>\n<td width=\"42\">5<\/td>\n<td width=\"162\"><\/td>\n<td width=\"278\">kuchnia<\/td>\n<td width=\"161\">29.722.460<\/td>\n<td width=\"161\">29 722 \u20ac<\/td>\n<\/tr>\n<tr>\n<td width=\"42\"><\/td>\n<td width=\"162\"><\/td>\n<td width=\"278\"><\/td>\n<td width=\"161\"><\/td>\n<td width=\"161\"><strong>\u00a0<\/strong><\/td>\n<\/tr>\n<tr>\n<td width=\"42\">1<\/td>\n<td width=\"162\">URZ\u0104DZENIA I SPRZ\u0118T<\/td>\n<td width=\"278\">Meble<\/td>\n<td width=\"161\">14.519.900<\/td>\n<td width=\"161\">14 520 \u20ac<\/td>\n<\/tr>\n<tr>\n<td width=\"42\">2<\/td>\n<td width=\"162\"><\/td>\n<td width=\"278\">Monitoring<\/td>\n<td width=\"161\">1.765.870<\/td>\n<td width=\"161\">1 766 \u20ac<\/td>\n<\/tr>\n<tr>\n<td width=\"42\">3<\/td>\n<td width=\"162\"><\/td>\n<td width=\"278\">Instalacja piorunochronu<\/td>\n<td width=\"161\">8.439.000<\/td>\n<td width=\"161\">8 439 \u20ac<\/td>\n<\/tr>\n<tr>\n<td width=\"42\">4<\/td>\n<td width=\"162\"><\/td>\n<td width=\"278\">Sprz\u0119t elektroniczny, komputery<\/td>\n<td width=\"161\">19.750.000<\/td>\n<td width=\"161\">19 750 \u20ac<\/td>\n<\/tr>\n<tr>\n<td width=\"42\">5<\/td>\n<td width=\"162\"><\/td>\n<td width=\"278\">Wyposa\u017cenie kuchni<\/td>\n<td width=\"161\">1.410.500<\/td>\n<td width=\"161\">1 411 \u20ac<\/td>\n<\/tr>\n<tr>\n<td width=\"42\">6<\/td>\n<td width=\"162\"><\/td>\n<td width=\"278\">Wyposa\u017cenie umywalni i toalet<\/td>\n<td width=\"161\">6.150.640<\/td>\n<td width=\"161\">6 151\u20ac<\/td>\n<\/tr>\n<tr>\n<td width=\"42\">7<\/td>\n<td width=\"162\"><\/td>\n<td width=\"278\">Zbiorniki na wod\u0119<\/td>\n<td width=\"161\">7.250.500<\/td>\n<td width=\"161\">7 251 \u20ac<\/td>\n<\/tr>\n<tr>\n<td width=\"42\"><\/td>\n<td width=\"162\">INNE<\/td>\n<td width=\"278\"><\/td>\n<td width=\"161\"><\/td>\n<td width=\"161\">30\u00a0000 \u20ac<\/td>\n<\/tr>\n<tr>\n<td width=\"42\"><\/td>\n<td width=\"162\"><strong>R A Z E M<\/strong><\/td>\n<td width=\"278\"><\/td>\n<td width=\"161\">285.500.025<\/td>\n<td width=\"161\"><strong>315 510 \u20ac<\/strong><\/td>\n<\/tr>\n<\/tbody>\n<\/table>\n<p style=\"text-align: justify;\" align=\"JUSTIFY\"><strong>Numer projektu: 305\/PALLS<\/strong><\/p>\n<p style=\"text-align: justify;\" align=\"JUSTIFY\"><span style=\"color: #ff0000;\"><span style=\"font-size: large;\"><b>Kwota projektu: 315.510 \u20ac<\/b><\/span><\/span><\/p>\n<p><em>s. Angeline Kambugu, <a href=\"http:\/\/www.pallotynki.pl\/\" target=\"_blank\" rel=\"noopener noreferrer\">Zgromadzenie Si\u00f3str Misjonarek Apostolstwa Katolickiego Prowincja Rwanda- DR Kongo &#8211; Uganda<\/a><\/em><\/p>\n<h3 style=\"text-align: justify;\" align=\"JUSTIFY\"><span style=\"color: #808080;\">Projekt uzyska\u0142 finansowanie we wsp\u00f3\u0142pracy ze szwajcarsk\u0105 <a href=\"https:\/\/fondation-amani.ch\/\">Fundacj\u0105 Amani<\/a>. Zako\u0144czenie budowy planowane jest w jesieni 2022.<br \/>\n<\/span><\/h3>\n","protected":false},"excerpt":{"rendered":"<p><strong>Projekt:\u00a0<\/strong> <em>s. Angeline Kambugu, <a href=\"http:\/\/www.pallotynki.pl\/\" target=\"_blank\" rel=\"noopener noreferrer\">Zgromadzenie Si\u00f3str Misjonarek Apostolstwa Katolickiego<\/a><\/em><br \/>\n<strong>Misja:<\/strong> Ruhango, <a href=\"https:\/\/www.maitri.pl\/gdzie-pomagamy\/\" target=\"_blank\" rel=\"noopener noreferrer\">Rwanda<\/a><br \/>\n<strong>Kwota projektu: <span style=\"color: #ff0000;\">315.510 \u20ac<\/span><\/strong><\/p>\n","protected":false},"featured_media":23770,"template":"","meta":[],"product_brand":[],"product_cat":[656],"product_tag":[847,907,707,908],"class_list":{"0":"post-23751","1":"product","2":"type-product","3":"status-publish","4":"has-post-thumbnail","6":"product_cat-bez-kategorii","7":"product_tag-pallotynki","8":"product_tag-ruhango","9":"product_tag-rwanda","10":"product_tag-siostra-angeline-kambugu","12":"first","13":"instock","14":"virtual","15":"purchasable","16":"product-type-simple"},"yoast_head":"<!-- This site is optimized with the Yoast SEO plugin v27.2 - https:\/\/yoast.com\/product\/yoast-seo-wordpress\/ -->\n<title>Pomoc w budowie szko\u0142y w Rwandzie<\/title>\n<meta name=\"description\" content=\"Budowa szko\u0142y w Rwandzie. Razem mo\u017cemy podarowa\u0107 szko\u0142\u0119 setkom dzieciak\u00f3w z Rwandy. Projekt prowadzony przez Siostry Pallotynki\" \/>\n<meta name=\"robots\" content=\"index, follow, max-snippet:-1, max-image-preview:large, max-video-preview:-1\" \/>\n<link rel=\"canonical\" href=\"https:\/\/www.maitri.pl\/projekt\/budowa-szkoly-w-rwandzie\/\" \/>\n<meta property=\"og:locale\" content=\"fr_FR\" \/>\n<meta property=\"og:type\" content=\"article\" \/>\n<meta property=\"og:title\" content=\"Pomoc w budowie szko\u0142y w Rwandzie\" \/>\n<meta property=\"og:description\" content=\"Budowa szko\u0142y w Rwandzie. Razem mo\u017cemy podarowa\u0107 szko\u0142\u0119 setkom dzieciak\u00f3w z Rwandy. Projekt prowadzony przez Siostry Pallotynki\" \/>\n<meta property=\"og:url\" content=\"https:\/\/www.maitri.pl\/projekt\/budowa-szkoly-w-rwandzie\/\" \/>\n<meta property=\"og:site_name\" content=\"Ruch Maitri - Adopcja Serca pomoc Afryce\" \/>\n<meta property=\"article:publisher\" content=\"https:\/\/www.facebook.com\/MAITRI.Adopcja.Serca.dzieci.Afryki\/\" \/>\n<meta property=\"article:modified_time\" content=\"2023-02-10T11:20:40+00:00\" \/>\n<meta property=\"og:image\" content=\"https:\/\/www.maitri.pl\/wp-content\/uploads\/2021\/12\/1-WhatsApp-Image-2021-09-28-at-13.44.38.jpg\" \/>\n\t<meta property=\"og:image:width\" content=\"810\" \/>\n\t<meta property=\"og:image:height\" content=\"1080\" \/>\n\t<meta property=\"og:image:type\" content=\"image\/jpeg\" \/>\n<meta name=\"twitter:card\" content=\"summary_large_image\" \/>\n<meta name=\"twitter:label1\" content=\"Dur\u00e9e de lecture estim\u00e9e\" \/>\n\t<meta name=\"twitter:data1\" content=\"4 minutes\" \/>\n<script type=\"application\/ld+json\" class=\"yoast-schema-graph\">{\"@context\":\"https:\/\/schema.org\",\"@graph\":[{\"@type\":\"WebPage\",\"@id\":\"https:\/\/www.maitri.pl\/projekt\/budowa-szkoly-w-rwandzie\/\",\"url\":\"https:\/\/www.maitri.pl\/projekt\/budowa-szkoly-w-rwandzie\/\",\"name\":\"Pomoc w budowie szko\u0142y w Rwandzie\",\"isPartOf\":{\"@id\":\"https:\/\/www.maitri.pl\/#website\"},\"primaryImageOfPage\":{\"@id\":\"https:\/\/www.maitri.pl\/projekt\/budowa-szkoly-w-rwandzie\/#primaryimage\"},\"image\":{\"@id\":\"https:\/\/www.maitri.pl\/projekt\/budowa-szkoly-w-rwandzie\/#primaryimage\"},\"thumbnailUrl\":\"https:\/\/www.maitri.pl\/wp-content\/uploads\/2021\/12\/1-WhatsApp-Image-2021-09-28-at-13.44.38.jpg\",\"datePublished\":\"2021-12-08T14:26:44+00:00\",\"dateModified\":\"2023-02-10T11:20:40+00:00\",\"description\":\"Budowa szko\u0142y w Rwandzie. Razem mo\u017cemy podarowa\u0107 szko\u0142\u0119 setkom dzieciak\u00f3w z Rwandy. Projekt prowadzony przez Siostry Pallotynki\",\"breadcrumb\":{\"@id\":\"https:\/\/www.maitri.pl\/projekt\/budowa-szkoly-w-rwandzie\/#breadcrumb\"},\"inLanguage\":\"fr-FR\",\"potentialAction\":[{\"@type\":\"ReadAction\",\"target\":[\"https:\/\/www.maitri.pl\/projekt\/budowa-szkoly-w-rwandzie\/\"]}]},{\"@type\":\"ImageObject\",\"inLanguage\":\"fr-FR\",\"@id\":\"https:\/\/www.maitri.pl\/projekt\/budowa-szkoly-w-rwandzie\/#primaryimage\",\"url\":\"https:\/\/www.maitri.pl\/wp-content\/uploads\/2021\/12\/1-WhatsApp-Image-2021-09-28-at-13.44.38.jpg\",\"contentUrl\":\"https:\/\/www.maitri.pl\/wp-content\/uploads\/2021\/12\/1-WhatsApp-Image-2021-09-28-at-13.44.38.jpg\",\"width\":810,\"height\":1080,\"caption\":\"Misjonarki prosz\u0105 o pomoc w budowie szko\u0142y w Rwandzie Ruch Maitri Adopcja Serca Rwanda pallotynki pomoc ubogim 01\"},{\"@type\":\"BreadcrumbList\",\"@id\":\"https:\/\/www.maitri.pl\/projekt\/budowa-szkoly-w-rwandzie\/#breadcrumb\",\"itemListElement\":[{\"@type\":\"ListItem\",\"position\":1,\"name\":\"Strona g\u0142\u00f3wna\",\"item\":\"https:\/\/www.maitri.pl\/\"},{\"@type\":\"ListItem\",\"position\":2,\"name\":\"Sklep\",\"item\":\"https:\/\/www.maitri.pl\/sklep\/\"},{\"@type\":\"ListItem\",\"position\":3,\"name\":\"Pomoc w budowie szko\u0142y w Rwandzie\"}]},{\"@type\":\"WebSite\",\"@id\":\"https:\/\/www.maitri.pl\/#website\",\"url\":\"https:\/\/www.maitri.pl\/\",\"name\":\"Adopcja Serca Maitri \u2013 pomoc dzieciom w Afryce\",\"description\":\"Adopcja Serca \u2013 adopcja na odleg\u0142o\u015b\u0107, pomoc Afryce, do\u017cywianie i edukacja w Afryce\",\"publisher\":{\"@id\":\"https:\/\/www.maitri.pl\/#organization\"},\"potentialAction\":[{\"@type\":\"SearchAction\",\"target\":{\"@type\":\"EntryPoint\",\"urlTemplate\":\"https:\/\/www.maitri.pl\/?s={search_term_string}\"},\"query-input\":{\"@type\":\"PropertyValueSpecification\",\"valueRequired\":true,\"valueName\":\"search_term_string\"}}],\"inLanguage\":\"fr-FR\"},{\"@type\":\"Organization\",\"@id\":\"https:\/\/www.maitri.pl\/#organization\",\"name\":\"Stowarzyszenie Ruchu Maitri\",\"url\":\"https:\/\/www.maitri.pl\/\",\"logo\":{\"@type\":\"ImageObject\",\"inLanguage\":\"fr-FR\",\"@id\":\"https:\/\/www.maitri.pl\/#\/schema\/logo\/image\/\",\"url\":\"https:\/\/www.maitri.pl\/wp-content\/uploads\/2020\/04\/duze_logo-81.png\",\"contentUrl\":\"https:\/\/www.maitri.pl\/wp-content\/uploads\/2020\/04\/duze_logo-81.png\",\"width\":339,\"height\":321,\"caption\":\"Stowarzyszenie Ruchu Maitri\"},\"image\":{\"@id\":\"https:\/\/www.maitri.pl\/#\/schema\/logo\/image\/\"},\"sameAs\":[\"https:\/\/www.facebook.com\/MAITRI.Adopcja.Serca.dzieci.Afryki\/\"]}]}<\/script>\n<!-- \/ Yoast SEO plugin. -->","yoast_head_json":{"title":"Pomoc w budowie szko\u0142y w Rwandzie","description":"Budowa szko\u0142y w Rwandzie. Razem mo\u017cemy podarowa\u0107 szko\u0142\u0119 setkom dzieciak\u00f3w z Rwandy. Projekt prowadzony przez Siostry Pallotynki","robots":{"index":"index","follow":"follow","max-snippet":"max-snippet:-1","max-image-preview":"max-image-preview:large","max-video-preview":"max-video-preview:-1"},"canonical":"https:\/\/www.maitri.pl\/projekt\/budowa-szkoly-w-rwandzie\/","og_locale":"fr_FR","og_type":"article","og_title":"Pomoc w budowie szko\u0142y w Rwandzie","og_description":"Budowa szko\u0142y w Rwandzie. Razem mo\u017cemy podarowa\u0107 szko\u0142\u0119 setkom dzieciak\u00f3w z Rwandy. Projekt prowadzony przez Siostry Pallotynki","og_url":"https:\/\/www.maitri.pl\/projekt\/budowa-szkoly-w-rwandzie\/","og_site_name":"Ruch Maitri - Adopcja Serca pomoc Afryce","article_publisher":"https:\/\/www.facebook.com\/MAITRI.Adopcja.Serca.dzieci.Afryki\/","article_modified_time":"2023-02-10T11:20:40+00:00","og_image":[{"width":810,"height":1080,"url":"https:\/\/www.maitri.pl\/wp-content\/uploads\/2021\/12\/1-WhatsApp-Image-2021-09-28-at-13.44.38.jpg","type":"image\/jpeg"}],"twitter_card":"summary_large_image","twitter_misc":{"Dur\u00e9e de lecture estim\u00e9e":"4 minutes"},"schema":{"@context":"https:\/\/schema.org","@graph":[{"@type":"WebPage","@id":"https:\/\/www.maitri.pl\/projekt\/budowa-szkoly-w-rwandzie\/","url":"https:\/\/www.maitri.pl\/projekt\/budowa-szkoly-w-rwandzie\/","name":"Pomoc w budowie szko\u0142y w Rwandzie","isPartOf":{"@id":"https:\/\/www.maitri.pl\/#website"},"primaryImageOfPage":{"@id":"https:\/\/www.maitri.pl\/projekt\/budowa-szkoly-w-rwandzie\/#primaryimage"},"image":{"@id":"https:\/\/www.maitri.pl\/projekt\/budowa-szkoly-w-rwandzie\/#primaryimage"},"thumbnailUrl":"https:\/\/www.maitri.pl\/wp-content\/uploads\/2021\/12\/1-WhatsApp-Image-2021-09-28-at-13.44.38.jpg","datePublished":"2021-12-08T14:26:44+00:00","dateModified":"2023-02-10T11:20:40+00:00","description":"Budowa szko\u0142y w Rwandzie. Razem mo\u017cemy podarowa\u0107 szko\u0142\u0119 setkom dzieciak\u00f3w z Rwandy. Projekt prowadzony przez Siostry Pallotynki","breadcrumb":{"@id":"https:\/\/www.maitri.pl\/projekt\/budowa-szkoly-w-rwandzie\/#breadcrumb"},"inLanguage":"fr-FR","potentialAction":[{"@type":"ReadAction","target":["https:\/\/www.maitri.pl\/projekt\/budowa-szkoly-w-rwandzie\/"]}]},{"@type":"ImageObject","inLanguage":"fr-FR","@id":"https:\/\/www.maitri.pl\/projekt\/budowa-szkoly-w-rwandzie\/#primaryimage","url":"https:\/\/www.maitri.pl\/wp-content\/uploads\/2021\/12\/1-WhatsApp-Image-2021-09-28-at-13.44.38.jpg","contentUrl":"https:\/\/www.maitri.pl\/wp-content\/uploads\/2021\/12\/1-WhatsApp-Image-2021-09-28-at-13.44.38.jpg","width":810,"height":1080,"caption":"Misjonarki prosz\u0105 o pomoc w budowie szko\u0142y w Rwandzie Ruch Maitri Adopcja Serca Rwanda pallotynki pomoc ubogim 01"},{"@type":"BreadcrumbList","@id":"https:\/\/www.maitri.pl\/projekt\/budowa-szkoly-w-rwandzie\/#breadcrumb","itemListElement":[{"@type":"ListItem","position":1,"name":"Strona g\u0142\u00f3wna","item":"https:\/\/www.maitri.pl\/"},{"@type":"ListItem","position":2,"name":"Sklep","item":"https:\/\/www.maitri.pl\/sklep\/"},{"@type":"ListItem","position":3,"name":"Pomoc w budowie szko\u0142y w Rwandzie"}]},{"@type":"WebSite","@id":"https:\/\/www.maitri.pl\/#website","url":"https:\/\/www.maitri.pl\/","name":"Adopcja Serca Maitri \u2013 pomoc dzieciom w Afryce","description":"Adopcja Serca \u2013 adopcja na odleg\u0142o\u015b\u0107, pomoc Afryce, do\u017cywianie i edukacja w Afryce","publisher":{"@id":"https:\/\/www.maitri.pl\/#organization"},"potentialAction":[{"@type":"SearchAction","target":{"@type":"EntryPoint","urlTemplate":"https:\/\/www.maitri.pl\/?s={search_term_string}"},"query-input":{"@type":"PropertyValueSpecification","valueRequired":true,"valueName":"search_term_string"}}],"inLanguage":"fr-FR"},{"@type":"Organization","@id":"https:\/\/www.maitri.pl\/#organization","name":"Stowarzyszenie Ruchu Maitri","url":"https:\/\/www.maitri.pl\/","logo":{"@type":"ImageObject","inLanguage":"fr-FR","@id":"https:\/\/www.maitri.pl\/#\/schema\/logo\/image\/","url":"https:\/\/www.maitri.pl\/wp-content\/uploads\/2020\/04\/duze_logo-81.png","contentUrl":"https:\/\/www.maitri.pl\/wp-content\/uploads\/2020\/04\/duze_logo-81.png","width":339,"height":321,"caption":"Stowarzyszenie Ruchu Maitri"},"image":{"@id":"https:\/\/www.maitri.pl\/#\/schema\/logo\/image\/"},"sameAs":["https:\/\/www.facebook.com\/MAITRI.Adopcja.Serca.dzieci.Afryki\/"]}]}},"_links":{"self":[{"href":"https:\/\/www.maitri.pl\/fr\/wp-json\/wp\/v2\/product\/23751","targetHints":{"allow":["GET"]}}],"collection":[{"href":"https:\/\/www.maitri.pl\/fr\/wp-json\/wp\/v2\/product"}],"about":[{"href":"https:\/\/www.maitri.pl\/fr\/wp-json\/wp\/v2\/types\/product"}],"wp:featuredmedia":[{"embeddable":true,"href":"https:\/\/www.maitri.pl\/fr\/wp-json\/wp\/v2\/media\/23770"}],"wp:attachment":[{"href":"https:\/\/www.maitri.pl\/fr\/wp-json\/wp\/v2\/media?parent=23751"}],"wp:term":[{"taxonomy":"product_brand","embeddable":true,"href":"https:\/\/www.maitri.pl\/fr\/wp-json\/wp\/v2\/product_brand?post=23751"},{"taxonomy":"product_cat","embeddable":true,"href":"https:\/\/www.maitri.pl\/fr\/wp-json\/wp\/v2\/product_cat?post=23751"},{"taxonomy":"product_tag","embeddable":true,"href":"https:\/\/www.maitri.pl\/fr\/wp-json\/wp\/v2\/product_tag?post=23751"}],"curies":[{"name":"wp","href":"https:\/\/api.w.org\/{rel}","templated":true}]}}