{"id":23549,"date":"2021-10-25T10:44:39","date_gmt":"2021-10-25T08:44:39","guid":{"rendered":"https:\/\/www.maitri.pl\/?post_type=product&#038;p=23549"},"modified":"2023-02-10T12:20:59","modified_gmt":"2023-02-10T11:20:59","slug":"posilek-dla-dziecka-kazda-zlotowka-pomaga","status":"publish","type":"product","link":"https:\/\/www.maitri.pl\/fr\/projekt\/posilek-dla-dziecka-kazda-zlotowka-pomaga\/","title":{"rendered":"Posi\u0142ek dla dziecka &#8211; ka\u017cda z\u0142ot\u00f3wka pomaga!"},"content":{"rendered":"<h4>Uratuj je od g\u0142odu!<\/h4>\n<p>Je\u017celi chcesz dzi\u015b zrobi\u0107 co\u015b dobrego, ale nie masz pewno\u015bci, w kt\u00f3r\u0105 akcj\u0119 charytatywn\u0105 si\u0119 zaanga\u017cowa\u0107 &#8211; mamy rozwi\u0105zanie. Razem z nami mo\u017cesz pom\u00f3c ratowa\u0107 od g\u0142odu najm\u0142odszych mieszka\u0144c\u00f3w Afryki. Uczniowie szk\u00f3\u0142 i przedszkoli po\u0142o\u017conych na bezdro\u017cach nie zawsze maj\u0105 szans\u0119 na posi\u0142ek. W takich miejscowo\u015bciach, jak Buraniro (Burundi), Dimako (Kamerun), Ngaoundaye (Republika \u015arodkowoafryka\u0144ska), czy Nyakinama (Rwanda), potrzebuj\u0105cych s\u0105 setki. Posi\u0142ek dla dziecka to akcja, kt\u00f3ra pozwoli zwalczy\u0107 g\u0142\u00f3d u najbardziej wra\u017cliwych na jego efekty. Program <a href=\"https:\/\/www.maitri.pl\/adopcja-serca\/\" target=\"_blank\" rel=\"noopener\">Adopcja Serca<\/a> to nie jedyna forma wsparcia. Wsp\u00f3lnie chod\u017amy na pomoc g\u0142oduj\u0105cym!<\/p>\n<h4>Dr\u0119czone przez niedo\u017cywienie<\/h4>\n<p>Dzieci ucz\u0119szczaj\u0105ce do szk\u00f3\u0142 i przedszkoli z regu\u0142y nie jedz\u0105 \u017cadnego porannego posi\u0142ku. Rodzice i opiekunowie z powodu ub\u00f3stwa nie s\u0105 w stanie zapewni\u0107 im \u015bniadania. Je\u015bli jedz\u0105, to tylko jeden wieczorny posi\u0142ek dziennie. W trakcie zaj\u0119\u0107 dzieci s\u0105 g\u0142odne i maj\u0105 problemy z aktywnym udzia\u0142em i koncentracj\u0105. Wiele zag\u0142odzonych dzieci jest w\u015br\u00f3d sierot oraz w obozach uchod\u017ac\u00f3w. Dzieje si\u0119 tak cz\u0119sto wtedy, gdy \u017cyj\u0105 same, bez opieki doros\u0142ych. Organizm pozbawiony bia\u0142ka, zasilany ubogo w w\u0119glowodany \u201ezjada sam siebie\u201d, wynikiem jest opuchlizna g\u0142odowa (<a href=\"https:\/\/pl.wikipedia.org\/wiki\/Kwashiorkor\" target=\"_blank\" rel=\"noopener noreferrer\">kwashiorkor<\/a>). Inn\u0105 chorob\u0105 rozpoznawan\u0105 u zag\u0142odzonych dzieci jest marazm, wi\u0105\u017c\u0105cy si\u0119 z znacznie op\u00f3\u017anionym rozwojem fizycznym i intelektualnym dziecka.<\/p>\n<h4>Ty te\u017c mo\u017cesz pom\u00f3c!<\/h4>\n<p>Szansa dla nich jest jedzenie w szkole. Posi\u0142ek dla dziecka kosztuje \u015brednio ok. 10z\u0142 dziennie. To r\u00f3wnowarto\u015b\u0107 dw\u00f3ch, trzech bochenk\u00f3w chleba w Polsce. Za tak niewielk\u0105 kwot\u0119 mo\u017cesz ufundowa\u0107 pe\u0142ny talerz warto\u015bciowego po\u017cywienia dla afryka\u0144skiego dziecka. Razem z nami mo\u017cesz\u00a0wsp\u00f3lnie wspiera\u0107 akcje do\u017cywiania dzieci w plac\u00f3wkach o\u015bwiatowych. Wystarczy, \u017ce jak najwi\u0119ksza liczba os\u00f3b przeka\u017ce nawet skromne \u015brodki &#8211; po kilka, kilkana\u015bcie os\u00f3b. W ramach akcji do\u017cywiania dzieci wsp\u00f3\u0142pracujemy z plac\u00f3wkami misyjnymi w kilku krajach afryka\u0144skich tj. Rwanda , DR Konga, Burundi, Madagaskar, Kamerun, pomoc trafia tak\u017ce do Nepalu i Syrii. Dzi\u0119ki pomocy darczy\u0144c\u00f3w Maitri tysi\u0105ce dzieciak\u00f3w mog\u0105 otrzyma\u0107 codziennie ciep\u0142y posi\u0142ek. Do\u0142\u0105cz do pomagaj\u0105cych!<\/p>\n<p>&nbsp;<\/p>\n","protected":false},"excerpt":{"rendered":"<p>Uratuj je od g\u0142odu! Je\u017celi chcesz dzi\u015b zrobi\u0107 co\u015b dobrego, ale nie masz pewno\u015bci, w kt\u00f3r\u0105 akcj\u0119 charytatywn\u0105 si\u0119 zaanga\u017cowa\u0107 &#8211; mamy rozwi\u0105zanie. Razem z nami mo\u017cesz pom\u00f3c ratowa\u0107 od g\u0142odu najm\u0142odszych mieszka\u0144c\u00f3w Afryki. Uczniowie szk\u00f3\u0142 i przedszkoli po\u0142o\u017conych na bezdro\u017cach nie zawsze maj\u0105 szans\u0119 na posi\u0142ek. W takich miejscowo\u015bciach, jak Buraniro (Burundi), Dimako (Kamerun),&#8230;<\/p>\n","protected":false},"featured_media":23550,"template":"","meta":[],"product_brand":[],"product_cat":[656],"product_tag":[667,676,690,658,693,672,906,707,728],"class_list":{"0":"post-23549","1":"product","2":"type-product","3":"status-publish","4":"has-post-thumbnail","6":"product_cat-bez-kategorii","7":"product_tag-burundi","8":"product_tag-dozywianie","9":"product_tag-dr-kongo","10":"product_tag-kamerun","11":"product_tag-madagaskar","12":"product_tag-nepal","13":"product_tag-posilek","14":"product_tag-rwanda","15":"product_tag-syria","17":"first","18":"instock","19":"virtual","20":"purchasable","21":"product-type-simple"},"yoast_head":"<!-- This site is optimized with the Yoast SEO plugin v27.2 - https:\/\/yoast.com\/product\/yoast-seo-wordpress\/ -->\n<title>Posi\u0142ek dla dziecka - ka\u017cda z\u0142ot\u00f3wka pomaga - do\u0142\u0105cz do akcji!<\/title>\n<meta name=\"description\" content=\"Posi\u0142ek dla dziecka kosztuje \u015brednio ok. 10z\u0142 dziennie. Ka\u017cda z\u0142ot\u00f3wka pomaga. Do\u0142\u0105cz do akcji do\u017cywiania w Afryce i Azji.\" \/>\n<meta name=\"robots\" content=\"index, follow, max-snippet:-1, max-image-preview:large, max-video-preview:-1\" \/>\n<link rel=\"canonical\" href=\"https:\/\/www.maitri.pl\/projekt\/posilek-dla-dziecka-kazda-zlotowka-pomaga\/\" \/>\n<meta property=\"og:locale\" content=\"fr_FR\" \/>\n<meta property=\"og:type\" content=\"article\" \/>\n<meta property=\"og:title\" content=\"Posi\u0142ek dla dziecka - ka\u017cda z\u0142ot\u00f3wka pomaga - do\u0142\u0105cz do akcji!\" \/>\n<meta property=\"og:description\" content=\"Posi\u0142ek dla dziecka kosztuje \u015brednio ok. 10z\u0142 dziennie. Ka\u017cda z\u0142ot\u00f3wka pomaga. Do\u0142\u0105cz do akcji do\u017cywiania w Afryce i Azji.\" \/>\n<meta property=\"og:url\" content=\"https:\/\/www.maitri.pl\/projekt\/posilek-dla-dziecka-kazda-zlotowka-pomaga\/\" \/>\n<meta property=\"og:site_name\" content=\"Ruch Maitri - Adopcja Serca pomoc Afryce\" \/>\n<meta property=\"article:publisher\" content=\"https:\/\/www.facebook.com\/MAITRI.Adopcja.Serca.dzieci.Afryki\/\" \/>\n<meta property=\"article:modified_time\" content=\"2023-02-10T11:20:59+00:00\" \/>\n<meta property=\"og:image\" content=\"https:\/\/www.maitri.pl\/wp-content\/uploads\/2021\/10\/DSC0021-gourai-boulai.jpg\" \/>\n\t<meta property=\"og:image:width\" content=\"2256\" \/>\n\t<meta property=\"og:image:height\" content=\"1500\" \/>\n\t<meta property=\"og:image:type\" content=\"image\/jpeg\" \/>\n<meta name=\"twitter:card\" content=\"summary_large_image\" \/>\n<meta name=\"twitter:label1\" content=\"Dur\u00e9e de lecture estim\u00e9e\" \/>\n\t<meta name=\"twitter:data1\" content=\"2 minutes\" \/>\n<script type=\"application\/ld+json\" class=\"yoast-schema-graph\">{\"@context\":\"https:\/\/schema.org\",\"@graph\":[{\"@type\":\"WebPage\",\"@id\":\"https:\/\/www.maitri.pl\/projekt\/posilek-dla-dziecka-kazda-zlotowka-pomaga\/\",\"url\":\"https:\/\/www.maitri.pl\/projekt\/posilek-dla-dziecka-kazda-zlotowka-pomaga\/\",\"name\":\"Posi\u0142ek dla dziecka - ka\u017cda z\u0142ot\u00f3wka pomaga - do\u0142\u0105cz do akcji!\",\"isPartOf\":{\"@id\":\"https:\/\/www.maitri.pl\/#website\"},\"primaryImageOfPage\":{\"@id\":\"https:\/\/www.maitri.pl\/projekt\/posilek-dla-dziecka-kazda-zlotowka-pomaga\/#primaryimage\"},\"image\":{\"@id\":\"https:\/\/www.maitri.pl\/projekt\/posilek-dla-dziecka-kazda-zlotowka-pomaga\/#primaryimage\"},\"thumbnailUrl\":\"https:\/\/www.maitri.pl\/wp-content\/uploads\/2021\/10\/DSC0021-gourai-boulai.jpg\",\"datePublished\":\"2021-10-25T08:44:39+00:00\",\"dateModified\":\"2023-02-10T11:20:59+00:00\",\"description\":\"Posi\u0142ek dla dziecka kosztuje \u015brednio ok. 10z\u0142 dziennie. Ka\u017cda z\u0142ot\u00f3wka pomaga. Do\u0142\u0105cz do akcji do\u017cywiania w Afryce i Azji.\",\"breadcrumb\":{\"@id\":\"https:\/\/www.maitri.pl\/projekt\/posilek-dla-dziecka-kazda-zlotowka-pomaga\/#breadcrumb\"},\"inLanguage\":\"fr-FR\",\"potentialAction\":[{\"@type\":\"ReadAction\",\"target\":[\"https:\/\/www.maitri.pl\/projekt\/posilek-dla-dziecka-kazda-zlotowka-pomaga\/\"]}]},{\"@type\":\"ImageObject\",\"inLanguage\":\"fr-FR\",\"@id\":\"https:\/\/www.maitri.pl\/projekt\/posilek-dla-dziecka-kazda-zlotowka-pomaga\/#primaryimage\",\"url\":\"https:\/\/www.maitri.pl\/wp-content\/uploads\/2021\/10\/DSC0021-gourai-boulai.jpg\",\"contentUrl\":\"https:\/\/www.maitri.pl\/wp-content\/uploads\/2021\/10\/DSC0021-gourai-boulai.jpg\",\"width\":2256,\"height\":1500,\"caption\":\"Posi\u0142ek dla dziecka - ka\u017cda z\u0142ot\u00f3wka pomaga! Ruch Maitri pomoc Afryce Adopcja Serca pomoc ubogim pomoc humanitarna 01\"},{\"@type\":\"BreadcrumbList\",\"@id\":\"https:\/\/www.maitri.pl\/projekt\/posilek-dla-dziecka-kazda-zlotowka-pomaga\/#breadcrumb\",\"itemListElement\":[{\"@type\":\"ListItem\",\"position\":1,\"name\":\"Strona g\u0142\u00f3wna\",\"item\":\"https:\/\/www.maitri.pl\/\"},{\"@type\":\"ListItem\",\"position\":2,\"name\":\"Sklep\",\"item\":\"https:\/\/www.maitri.pl\/sklep\/\"},{\"@type\":\"ListItem\",\"position\":3,\"name\":\"Posi\u0142ek dla dziecka &#8211; ka\u017cda z\u0142ot\u00f3wka pomaga!\"}]},{\"@type\":\"WebSite\",\"@id\":\"https:\/\/www.maitri.pl\/#website\",\"url\":\"https:\/\/www.maitri.pl\/\",\"name\":\"Adopcja Serca Maitri \u2013 pomoc dzieciom w Afryce\",\"description\":\"Adopcja Serca \u2013 adopcja na odleg\u0142o\u015b\u0107, pomoc Afryce, do\u017cywianie i edukacja w Afryce\",\"publisher\":{\"@id\":\"https:\/\/www.maitri.pl\/#organization\"},\"potentialAction\":[{\"@type\":\"SearchAction\",\"target\":{\"@type\":\"EntryPoint\",\"urlTemplate\":\"https:\/\/www.maitri.pl\/?s={search_term_string}\"},\"query-input\":{\"@type\":\"PropertyValueSpecification\",\"valueRequired\":true,\"valueName\":\"search_term_string\"}}],\"inLanguage\":\"fr-FR\"},{\"@type\":\"Organization\",\"@id\":\"https:\/\/www.maitri.pl\/#organization\",\"name\":\"Stowarzyszenie Ruchu Maitri\",\"url\":\"https:\/\/www.maitri.pl\/\",\"logo\":{\"@type\":\"ImageObject\",\"inLanguage\":\"fr-FR\",\"@id\":\"https:\/\/www.maitri.pl\/#\/schema\/logo\/image\/\",\"url\":\"https:\/\/www.maitri.pl\/wp-content\/uploads\/2020\/04\/duze_logo-81.png\",\"contentUrl\":\"https:\/\/www.maitri.pl\/wp-content\/uploads\/2020\/04\/duze_logo-81.png\",\"width\":339,\"height\":321,\"caption\":\"Stowarzyszenie Ruchu Maitri\"},\"image\":{\"@id\":\"https:\/\/www.maitri.pl\/#\/schema\/logo\/image\/\"},\"sameAs\":[\"https:\/\/www.facebook.com\/MAITRI.Adopcja.Serca.dzieci.Afryki\/\"]}]}<\/script>\n<!-- \/ Yoast SEO plugin. -->","yoast_head_json":{"title":"Posi\u0142ek dla dziecka - ka\u017cda z\u0142ot\u00f3wka pomaga - do\u0142\u0105cz do akcji!","description":"Posi\u0142ek dla dziecka kosztuje \u015brednio ok. 10z\u0142 dziennie. Ka\u017cda z\u0142ot\u00f3wka pomaga. Do\u0142\u0105cz do akcji do\u017cywiania w Afryce i Azji.","robots":{"index":"index","follow":"follow","max-snippet":"max-snippet:-1","max-image-preview":"max-image-preview:large","max-video-preview":"max-video-preview:-1"},"canonical":"https:\/\/www.maitri.pl\/projekt\/posilek-dla-dziecka-kazda-zlotowka-pomaga\/","og_locale":"fr_FR","og_type":"article","og_title":"Posi\u0142ek dla dziecka - ka\u017cda z\u0142ot\u00f3wka pomaga - do\u0142\u0105cz do akcji!","og_description":"Posi\u0142ek dla dziecka kosztuje \u015brednio ok. 10z\u0142 dziennie. Ka\u017cda z\u0142ot\u00f3wka pomaga. Do\u0142\u0105cz do akcji do\u017cywiania w Afryce i Azji.","og_url":"https:\/\/www.maitri.pl\/projekt\/posilek-dla-dziecka-kazda-zlotowka-pomaga\/","og_site_name":"Ruch Maitri - Adopcja Serca pomoc Afryce","article_publisher":"https:\/\/www.facebook.com\/MAITRI.Adopcja.Serca.dzieci.Afryki\/","article_modified_time":"2023-02-10T11:20:59+00:00","og_image":[{"width":2256,"height":1500,"url":"https:\/\/www.maitri.pl\/wp-content\/uploads\/2021\/10\/DSC0021-gourai-boulai.jpg","type":"image\/jpeg"}],"twitter_card":"summary_large_image","twitter_misc":{"Dur\u00e9e de lecture estim\u00e9e":"2 minutes"},"schema":{"@context":"https:\/\/schema.org","@graph":[{"@type":"WebPage","@id":"https:\/\/www.maitri.pl\/projekt\/posilek-dla-dziecka-kazda-zlotowka-pomaga\/","url":"https:\/\/www.maitri.pl\/projekt\/posilek-dla-dziecka-kazda-zlotowka-pomaga\/","name":"Posi\u0142ek dla dziecka - ka\u017cda z\u0142ot\u00f3wka pomaga - do\u0142\u0105cz do akcji!","isPartOf":{"@id":"https:\/\/www.maitri.pl\/#website"},"primaryImageOfPage":{"@id":"https:\/\/www.maitri.pl\/projekt\/posilek-dla-dziecka-kazda-zlotowka-pomaga\/#primaryimage"},"image":{"@id":"https:\/\/www.maitri.pl\/projekt\/posilek-dla-dziecka-kazda-zlotowka-pomaga\/#primaryimage"},"thumbnailUrl":"https:\/\/www.maitri.pl\/wp-content\/uploads\/2021\/10\/DSC0021-gourai-boulai.jpg","datePublished":"2021-10-25T08:44:39+00:00","dateModified":"2023-02-10T11:20:59+00:00","description":"Posi\u0142ek dla dziecka kosztuje \u015brednio ok. 10z\u0142 dziennie. Ka\u017cda z\u0142ot\u00f3wka pomaga. Do\u0142\u0105cz do akcji do\u017cywiania w Afryce i Azji.","breadcrumb":{"@id":"https:\/\/www.maitri.pl\/projekt\/posilek-dla-dziecka-kazda-zlotowka-pomaga\/#breadcrumb"},"inLanguage":"fr-FR","potentialAction":[{"@type":"ReadAction","target":["https:\/\/www.maitri.pl\/projekt\/posilek-dla-dziecka-kazda-zlotowka-pomaga\/"]}]},{"@type":"ImageObject","inLanguage":"fr-FR","@id":"https:\/\/www.maitri.pl\/projekt\/posilek-dla-dziecka-kazda-zlotowka-pomaga\/#primaryimage","url":"https:\/\/www.maitri.pl\/wp-content\/uploads\/2021\/10\/DSC0021-gourai-boulai.jpg","contentUrl":"https:\/\/www.maitri.pl\/wp-content\/uploads\/2021\/10\/DSC0021-gourai-boulai.jpg","width":2256,"height":1500,"caption":"Posi\u0142ek dla dziecka - ka\u017cda z\u0142ot\u00f3wka pomaga! Ruch Maitri pomoc Afryce Adopcja Serca pomoc ubogim pomoc humanitarna 01"},{"@type":"BreadcrumbList","@id":"https:\/\/www.maitri.pl\/projekt\/posilek-dla-dziecka-kazda-zlotowka-pomaga\/#breadcrumb","itemListElement":[{"@type":"ListItem","position":1,"name":"Strona g\u0142\u00f3wna","item":"https:\/\/www.maitri.pl\/"},{"@type":"ListItem","position":2,"name":"Sklep","item":"https:\/\/www.maitri.pl\/sklep\/"},{"@type":"ListItem","position":3,"name":"Posi\u0142ek dla dziecka &#8211; ka\u017cda z\u0142ot\u00f3wka pomaga!"}]},{"@type":"WebSite","@id":"https:\/\/www.maitri.pl\/#website","url":"https:\/\/www.maitri.pl\/","name":"Adopcja Serca Maitri \u2013 pomoc dzieciom w Afryce","description":"Adopcja Serca \u2013 adopcja na odleg\u0142o\u015b\u0107, pomoc Afryce, do\u017cywianie i edukacja w Afryce","publisher":{"@id":"https:\/\/www.maitri.pl\/#organization"},"potentialAction":[{"@type":"SearchAction","target":{"@type":"EntryPoint","urlTemplate":"https:\/\/www.maitri.pl\/?s={search_term_string}"},"query-input":{"@type":"PropertyValueSpecification","valueRequired":true,"valueName":"search_term_string"}}],"inLanguage":"fr-FR"},{"@type":"Organization","@id":"https:\/\/www.maitri.pl\/#organization","name":"Stowarzyszenie Ruchu Maitri","url":"https:\/\/www.maitri.pl\/","logo":{"@type":"ImageObject","inLanguage":"fr-FR","@id":"https:\/\/www.maitri.pl\/#\/schema\/logo\/image\/","url":"https:\/\/www.maitri.pl\/wp-content\/uploads\/2020\/04\/duze_logo-81.png","contentUrl":"https:\/\/www.maitri.pl\/wp-content\/uploads\/2020\/04\/duze_logo-81.png","width":339,"height":321,"caption":"Stowarzyszenie Ruchu Maitri"},"image":{"@id":"https:\/\/www.maitri.pl\/#\/schema\/logo\/image\/"},"sameAs":["https:\/\/www.facebook.com\/MAITRI.Adopcja.Serca.dzieci.Afryki\/"]}]}},"_links":{"self":[{"href":"https:\/\/www.maitri.pl\/fr\/wp-json\/wp\/v2\/product\/23549","targetHints":{"allow":["GET"]}}],"collection":[{"href":"https:\/\/www.maitri.pl\/fr\/wp-json\/wp\/v2\/product"}],"about":[{"href":"https:\/\/www.maitri.pl\/fr\/wp-json\/wp\/v2\/types\/product"}],"wp:featuredmedia":[{"embeddable":true,"href":"https:\/\/www.maitri.pl\/fr\/wp-json\/wp\/v2\/media\/23550"}],"wp:attachment":[{"href":"https:\/\/www.maitri.pl\/fr\/wp-json\/wp\/v2\/media?parent=23549"}],"wp:term":[{"taxonomy":"product_brand","embeddable":true,"href":"https:\/\/www.maitri.pl\/fr\/wp-json\/wp\/v2\/product_brand?post=23549"},{"taxonomy":"product_cat","embeddable":true,"href":"https:\/\/www.maitri.pl\/fr\/wp-json\/wp\/v2\/product_cat?post=23549"},{"taxonomy":"product_tag","embeddable":true,"href":"https:\/\/www.maitri.pl\/fr\/wp-json\/wp\/v2\/product_tag?post=23549"}],"curies":[{"name":"wp","href":"https:\/\/api.w.org\/{rel}","templated":true}]}}