{"id":23541,"date":"2021-10-25T10:21:39","date_gmt":"2021-10-25T08:21:39","guid":{"rendered":"https:\/\/www.maitri.pl\/?post_type=product&#038;p=23541"},"modified":"2023-02-10T12:22:10","modified_gmt":"2023-02-10T11:22:10","slug":"pomoc-w-dozywianiu-ponad-200-dzieci-z-przedszkola-w-dimako","status":"publish","type":"product","link":"https:\/\/www.maitri.pl\/fr\/projekt\/pomoc-w-dozywianiu-ponad-200-dzieci-z-przedszkola-w-dimako\/","title":{"rendered":"Pomoc w do\u017cywianiu ponad 200 dzieci z przedszkola w Dimako"},"content":{"rendered":"<h4>Jedyna okazja na jedzenie<\/h4>\n<p>Ju\u017c blisko 10 lat MAITRI wspomaga nasze przedszkole w do\u017cywianiu dzieci. Dzi\u0119ki Waszej pomocy ka\u017cdego dnia dzieci z przedszkola dostaj\u0105 skromny posi\u0142ek. Dwa razy w tygodniu otrzymuj\u0105 co\u015b, co przypomina kaszk\u0119 na bazie naszych kameru\u0144skich m\u0105k, manioku oraz kukurydzy, p\u0105czki kameru\u0144skie i dwa razy w tygodniu ry\u017c z dodatkami, jak sardynki, pomidory albo herbatniki z mlekiem. Zwracam si\u0119 z pro\u015bb\u0105 o kontynuowanie tej pomocy w naszym przedszkolu. Jest wielk\u0105 rado\u015bci\u0105 spogl\u0105da\u0107 na dzieci, kt\u00f3re ch\u0119tnie spo\u017cywaj\u0105 posi\u0142ek <a href=\"https:\/\/www.maitri.pl\/adopcja-serca\/\" target=\"_blank\" rel=\"noopener\">w szkole<\/a>. Dzi\u0119ki temu nie s\u0105 g\u0142odne. Dla wielu dzieci to jedyna taka okazja by si\u0119 naje\u015b\u0107 i nie by\u0107 g\u0142odnym przez reszt\u0119 dnia.<\/p>\n<h4>Dro\u017cyzna w kraju<\/h4>\n<p>Z powodu pandemii daje si\u0119 zauwa\u017cy\u0107 wzrost cen \u017cywno\u015bci. Problem g\u0142odu w\u015br\u00f3d tutejszej ludno\u015bci pog\u0142\u0119bia si\u0119. Dzieci kameru\u0144skie cz\u0119sto id\u0105 do przedszkola g\u0142odne. Niekt\u00f3re z nich przybywaj\u0105 z odleg\u0142ych wiosek, oddalonych nawet o 15 km od Dimako. Bardzo du\u017co naszych dzieci pochodzi z biednych rodzin oraz z rodzin uchod\u017ac\u00f3w z teren\u00f3w Kamerunu obj\u0119tych wojn\u0105. Rodzic\u00f3w nie sta\u0107 na to, by dziecko wzi\u0119\u0142o z sob\u0105 cokolwiek do zjedzenia. Ten przedszkolny posi\u0142ek jest dla nich zbawienny, same zauwa\u017camy \u017ce dzieci kt\u00f3re do nas zacz\u0119\u0142y chodzi\u0107 do przedszkola, na pocz\u0105tku by\u0142y smutne i chorowite, a ju\u017c po tygodniu s\u0105 radosne i na pewno mniej zapadaj\u0105 na choroby.<\/p>\n<h4>Nieprzerwana pomoc<\/h4>\n<p>Dlatego wdzi\u0119czne za dobrodziejstwa dla najm\u0142odszych, jeszcze raz wyra\u017camy ogromn\u0105 wdzi\u0119czno\u015b\u0107 za wsp\u00f3\u0142prac\u0119 wieloletni\u0105 i za to, \u017ce zawsze mo\u017cemy na Was liczy\u0107. Nasz\u0105 wdzi\u0119czno\u015b\u0107 wyra\u017camy ka\u017cdego dnia w modlitwie za Was i nasi najm\u0142odsi te\u017c o Was pami\u0119taj\u0105. W imieniu naszych dzieci, ich opiekun\u00f3w, nauczycieli i swoim w\u0142asnym wyra\u017cam moj\u0105 ogromn\u0105 wdzi\u0119czno\u015b\u0107 za wasz\u0105 hojn\u0105 i ka\u017cdorazow\u0105 pomoc \u2013 ilekro\u0107 jej potrzebujemy. Prosimy o wsparcie dla dzieci z przedszkola w Dimako.<\/p>\n<h4><strong>Kosztorys:<\/strong><\/h4>\n<table>\n<tbody>\n<tr>\n<td width=\"34\">Lp.<\/td>\n<td width=\"291\">OPIS<\/td>\n<td width=\"91\">ilo\u015b\u0107<\/td>\n<td width=\"128\">Cena w miejscowej walucie<\/td>\n<td width=\"99\">Kwota w miejscowej walucie<\/td>\n<\/tr>\n<tr>\n<td width=\"34\">1<\/td>\n<td width=\"291\">Bouille (mieszanka m\u0105k)<\/td>\n<td width=\"91\">300 kg<\/td>\n<td width=\"128\">1.500<\/td>\n<td width=\"99\">450.000<\/td>\n<\/tr>\n<tr>\n<td width=\"34\">2<\/td>\n<td width=\"291\">Ry\u017c<\/td>\n<td width=\"91\">600 kg<\/td>\n<td width=\"128\">50kg\/ 22.000<\/td>\n<td width=\"99\">264.000<\/td>\n<\/tr>\n<tr>\n<td width=\"34\">3<\/td>\n<td width=\"291\">M\u0105ka<\/td>\n<td width=\"91\">300 kg<\/td>\n<td width=\"128\">50kg\/ 20.000<\/td>\n<td width=\"99\">120.000<\/td>\n<\/tr>\n<tr>\n<td width=\"34\">4<\/td>\n<td width=\"291\">Olej<\/td>\n<td width=\"91\">200 l<\/td>\n<td width=\"128\">20 l\/ 22.000<\/td>\n<td width=\"99\">220.000<\/td>\n<\/tr>\n<tr>\n<td width=\"34\">5<\/td>\n<td width=\"291\">Sardynki<\/td>\n<td width=\"91\">10 paczek<\/td>\n<td width=\"128\">17.000<\/td>\n<td width=\"99\">170.000<\/td>\n<\/tr>\n<tr>\n<td width=\"34\">6<\/td>\n<td width=\"291\">Cukier<\/td>\n<td width=\"91\">250 kg<\/td>\n<td width=\"128\">25 kg\/ 35.000<\/td>\n<td width=\"99\">350.000<\/td>\n<\/tr>\n<tr>\n<td width=\"34\">7<\/td>\n<td width=\"291\">Mleko<\/td>\n<td width=\"91\">75 kg<\/td>\n<td width=\"128\">25 kg\/ 80.000<\/td>\n<td width=\"99\">240.000<\/td>\n<\/tr>\n<tr>\n<td width=\"34\">8<\/td>\n<td width=\"291\">Przecier pomidorowy<\/td>\n<td width=\"91\">10 paczek<\/td>\n<td width=\"128\">4.500<\/td>\n<td width=\"99\">45.000<\/td>\n<\/tr>\n<tr>\n<td width=\"34\">9<\/td>\n<td width=\"291\">Dodatki (cebula, jarzyny, przyprawy, s\u00f3l)<\/td>\n<td width=\"91\"><\/td>\n<td width=\"128\"><\/td>\n<td width=\"99\">100.000<\/td>\n<\/tr>\n<tr>\n<td width=\"34\">10<\/td>\n<td width=\"291\">Wynagrodzenie kucharek<\/td>\n<td width=\"91\">10 miesi\u0119cy<\/td>\n<td width=\"128\">47.500<\/td>\n<td width=\"99\">475.000<\/td>\n<\/tr>\n<tr>\n<td width=\"34\">11<\/td>\n<td width=\"291\">Transport<\/td>\n<td width=\"91\"><\/td>\n<td width=\"128\"><\/td>\n<td width=\"99\">80.000<\/td>\n<\/tr>\n<tr>\n<td width=\"34\">12<\/td>\n<td width=\"291\">Drewno do kuchni<\/td>\n<td width=\"91\"><\/td>\n<td width=\"128\"><\/td>\n<td width=\"99\">50.000<\/td>\n<\/tr>\n<tr>\n<td width=\"34\">13<\/td>\n<td width=\"291\">Herbatniki, soki<\/td>\n<td width=\"91\">20 pude\u0142ek<\/td>\n<td width=\"128\">4.500<\/td>\n<td width=\"99\">90.000<\/td>\n<\/tr>\n<tr>\n<td width=\"34\"><strong>\u00a0<\/strong><\/td>\n<td width=\"291\"><strong>PODSUMOWANIE<\/strong><\/td>\n<td width=\"91\"><strong>\u00a0<\/strong><\/td>\n<td width=\"128\"><strong>\u00a0<\/strong><\/td>\n<td width=\"99\"><strong>2.654.000 FR<\/strong><\/td>\n<\/tr>\n<\/tbody>\n<\/table>\n<p><em>s. Wirgilia Bondel, <a href=\"http:\/\/www.karmelitanki.pl\/\" target=\"_blank\" rel=\"noopener noreferrer\">Zgromadzenie Si\u00f3str Karmelitanek Dzieci\u0105tka Jezus<\/a><\/em><\/p>\n<p><strong>Podsumowanie w miejscowej walucie: 2.654.000 frank\u00f3w CFA<\/strong><\/p>\n<p>Numer projektu:\u00a0<strong>111\/KARML<\/strong><\/p>\n<p style=\"text-align: justify;\"><span style=\"color: #ff0000;\"><span style=\"font-size: large;\"><b>Kwota projektu : 4440 \u20ac<\/b><\/span><\/span><\/p>\n<h3 style=\"text-align: center;\">Zbi\u00f3rka zako\u0144czona. Zebrana kwota: 3330 <b>\u20ac.<\/b><\/h3>\n<p style=\"text-align: justify;\"><span style=\"font-size: large;\"><em><span style=\"color: #999999;\"><span style=\"font-size: medium;\">Stowarzyszenie Ruchu Maitri przeznacza do 10% otrzymanych \u015brodk\u00f3w na koszty funkcjonowania biura i pozyskiwanie funduszy pomocowych.<\/span><\/span><\/em><\/span><\/p>\n<h3 style=\"text-align: justify;\" align=\"JUSTIFY\"><span style=\"color: #808080;\">Pomoc w do\u017cywianiu ponad 200 dzieci z przedszkola w Dimako w Kamerunie<\/span><\/h3>\n","protected":false},"excerpt":{"rendered":"<p><strong>Projekt:\u00a0<\/strong> <em>s. Wirgilia Bondel, <a href=\"http:\/\/www.karmelitanki.pl\/\" target=\"_blank\" rel=\"noopener noreferrer\">Zgromadzenie Si\u00f3str Karmelitanek Dzieci\u0105tka Jezus<\/a><\/em><br \/>\n<strong>Misja:<\/strong> Dimako, <a href=\"https:\/\/www.maitri.pl\/gdzie-pomagamy\/\" target=\"_blank\" rel=\"noopener noreferrer\">Kamerun<\/a><br \/>\n<strong>Kwota projektu: <span style=\"color: #ff0000;\">4440 \u20ac<\/span><\/strong><\/p>\n","protected":false},"featured_media":23542,"template":"","meta":[],"product_brand":[],"product_cat":[656],"product_tag":[675,658,680,677],"class_list":{"0":"post-23541","1":"product","2":"type-product","3":"status-publish","4":"has-post-thumbnail","6":"product_cat-bez-kategorii","7":"product_tag-dimako","8":"product_tag-kamerun","9":"product_tag-siostra-wirgilia-bondel","10":"product_tag-zgromadzenie-siostr-karmelitanek-dzieciatka-jezus","12":"first","13":"instock","14":"virtual","15":"purchasable","16":"product-type-simple"},"yoast_head":"<!-- This site is optimized with the Yoast SEO plugin v27.2 - https:\/\/yoast.com\/product\/yoast-seo-wordpress\/ -->\n<title>Pomoc w do\u017cywianiu ponad 200 dzieci z przedszkola w Dimako<\/title>\n<meta name=\"description\" content=\"Pomoc w do\u017cywianiu ponad 200 dzieci z przedszkola w Dimako. O pomoc apeluj\u0105 Siostry Karmelitanki. Ka\u017cda z\u0142ot\u00f3wka si\u0119 liczy!\" \/>\n<meta name=\"robots\" content=\"index, follow, max-snippet:-1, max-image-preview:large, max-video-preview:-1\" \/>\n<link rel=\"canonical\" href=\"https:\/\/www.maitri.pl\/projekt\/pomoc-w-dozywianiu-ponad-200-dzieci-z-przedszkola-w-dimako\/\" \/>\n<meta property=\"og:locale\" content=\"fr_FR\" \/>\n<meta property=\"og:type\" content=\"article\" \/>\n<meta property=\"og:title\" content=\"Pomoc w do\u017cywianiu ponad 200 dzieci z przedszkola w Dimako\" \/>\n<meta property=\"og:description\" content=\"Pomoc w do\u017cywianiu ponad 200 dzieci z przedszkola w Dimako. O pomoc apeluj\u0105 Siostry Karmelitanki. Ka\u017cda z\u0142ot\u00f3wka si\u0119 liczy!\" \/>\n<meta property=\"og:url\" content=\"https:\/\/www.maitri.pl\/projekt\/pomoc-w-dozywianiu-ponad-200-dzieci-z-przedszkola-w-dimako\/\" \/>\n<meta property=\"og:site_name\" content=\"Ruch Maitri - Adopcja Serca pomoc Afryce\" \/>\n<meta property=\"article:publisher\" content=\"https:\/\/www.facebook.com\/MAITRI.Adopcja.Serca.dzieci.Afryki\/\" \/>\n<meta property=\"article:modified_time\" content=\"2023-02-10T11:22:10+00:00\" \/>\n<meta property=\"og:image\" content=\"https:\/\/www.maitri.pl\/wp-content\/uploads\/2021\/10\/111-projekt.png\" \/>\n\t<meta property=\"og:image:width\" content=\"461\" \/>\n\t<meta property=\"og:image:height\" content=\"446\" \/>\n\t<meta property=\"og:image:type\" content=\"image\/png\" \/>\n<meta name=\"twitter:card\" content=\"summary_large_image\" \/>\n<meta name=\"twitter:label1\" content=\"Dur\u00e9e de lecture estim\u00e9e\" \/>\n\t<meta name=\"twitter:data1\" content=\"2 minutes\" \/>\n<script type=\"application\/ld+json\" class=\"yoast-schema-graph\">{\"@context\":\"https:\/\/schema.org\",\"@graph\":[{\"@type\":\"WebPage\",\"@id\":\"https:\/\/www.maitri.pl\/projekt\/pomoc-w-dozywianiu-ponad-200-dzieci-z-przedszkola-w-dimako\/\",\"url\":\"https:\/\/www.maitri.pl\/projekt\/pomoc-w-dozywianiu-ponad-200-dzieci-z-przedszkola-w-dimako\/\",\"name\":\"Pomoc w do\u017cywianiu ponad 200 dzieci z przedszkola w Dimako\",\"isPartOf\":{\"@id\":\"https:\/\/www.maitri.pl\/#website\"},\"primaryImageOfPage\":{\"@id\":\"https:\/\/www.maitri.pl\/projekt\/pomoc-w-dozywianiu-ponad-200-dzieci-z-przedszkola-w-dimako\/#primaryimage\"},\"image\":{\"@id\":\"https:\/\/www.maitri.pl\/projekt\/pomoc-w-dozywianiu-ponad-200-dzieci-z-przedszkola-w-dimako\/#primaryimage\"},\"thumbnailUrl\":\"https:\/\/www.maitri.pl\/wp-content\/uploads\/2021\/10\/111-projekt.png\",\"datePublished\":\"2021-10-25T08:21:39+00:00\",\"dateModified\":\"2023-02-10T11:22:10+00:00\",\"description\":\"Pomoc w do\u017cywianiu ponad 200 dzieci z przedszkola w Dimako. O pomoc apeluj\u0105 Siostry Karmelitanki. Ka\u017cda z\u0142ot\u00f3wka si\u0119 liczy!\",\"breadcrumb\":{\"@id\":\"https:\/\/www.maitri.pl\/projekt\/pomoc-w-dozywianiu-ponad-200-dzieci-z-przedszkola-w-dimako\/#breadcrumb\"},\"inLanguage\":\"fr-FR\",\"potentialAction\":[{\"@type\":\"ReadAction\",\"target\":[\"https:\/\/www.maitri.pl\/projekt\/pomoc-w-dozywianiu-ponad-200-dzieci-z-przedszkola-w-dimako\/\"]}]},{\"@type\":\"ImageObject\",\"inLanguage\":\"fr-FR\",\"@id\":\"https:\/\/www.maitri.pl\/projekt\/pomoc-w-dozywianiu-ponad-200-dzieci-z-przedszkola-w-dimako\/#primaryimage\",\"url\":\"https:\/\/www.maitri.pl\/wp-content\/uploads\/2021\/10\/111-projekt.png\",\"contentUrl\":\"https:\/\/www.maitri.pl\/wp-content\/uploads\/2021\/10\/111-projekt.png\",\"width\":461,\"height\":446,\"caption\":\"Pomoc w do\u017cywianiu ponad 200 dzieci z przedszkola w Dimako pomoc Afryce pomoc ubogim Ruch Maitri Adopcja Serca pomoc humanitarna 01\"},{\"@type\":\"BreadcrumbList\",\"@id\":\"https:\/\/www.maitri.pl\/projekt\/pomoc-w-dozywianiu-ponad-200-dzieci-z-przedszkola-w-dimako\/#breadcrumb\",\"itemListElement\":[{\"@type\":\"ListItem\",\"position\":1,\"name\":\"Strona g\u0142\u00f3wna\",\"item\":\"https:\/\/www.maitri.pl\/\"},{\"@type\":\"ListItem\",\"position\":2,\"name\":\"Sklep\",\"item\":\"https:\/\/www.maitri.pl\/sklep\/\"},{\"@type\":\"ListItem\",\"position\":3,\"name\":\"Pomoc w do\u017cywianiu ponad 200 dzieci z przedszkola w Dimako\"}]},{\"@type\":\"WebSite\",\"@id\":\"https:\/\/www.maitri.pl\/#website\",\"url\":\"https:\/\/www.maitri.pl\/\",\"name\":\"Adopcja Serca Maitri \u2013 pomoc dzieciom w Afryce\",\"description\":\"Adopcja Serca \u2013 adopcja na odleg\u0142o\u015b\u0107, pomoc Afryce, do\u017cywianie i edukacja w Afryce\",\"publisher\":{\"@id\":\"https:\/\/www.maitri.pl\/#organization\"},\"potentialAction\":[{\"@type\":\"SearchAction\",\"target\":{\"@type\":\"EntryPoint\",\"urlTemplate\":\"https:\/\/www.maitri.pl\/?s={search_term_string}\"},\"query-input\":{\"@type\":\"PropertyValueSpecification\",\"valueRequired\":true,\"valueName\":\"search_term_string\"}}],\"inLanguage\":\"fr-FR\"},{\"@type\":\"Organization\",\"@id\":\"https:\/\/www.maitri.pl\/#organization\",\"name\":\"Stowarzyszenie Ruchu Maitri\",\"url\":\"https:\/\/www.maitri.pl\/\",\"logo\":{\"@type\":\"ImageObject\",\"inLanguage\":\"fr-FR\",\"@id\":\"https:\/\/www.maitri.pl\/#\/schema\/logo\/image\/\",\"url\":\"https:\/\/www.maitri.pl\/wp-content\/uploads\/2020\/04\/duze_logo-81.png\",\"contentUrl\":\"https:\/\/www.maitri.pl\/wp-content\/uploads\/2020\/04\/duze_logo-81.png\",\"width\":339,\"height\":321,\"caption\":\"Stowarzyszenie Ruchu Maitri\"},\"image\":{\"@id\":\"https:\/\/www.maitri.pl\/#\/schema\/logo\/image\/\"},\"sameAs\":[\"https:\/\/www.facebook.com\/MAITRI.Adopcja.Serca.dzieci.Afryki\/\"]}]}<\/script>\n<!-- \/ Yoast SEO plugin. -->","yoast_head_json":{"title":"Pomoc w do\u017cywianiu ponad 200 dzieci z przedszkola w Dimako","description":"Pomoc w do\u017cywianiu ponad 200 dzieci z przedszkola w Dimako. O pomoc apeluj\u0105 Siostry Karmelitanki. Ka\u017cda z\u0142ot\u00f3wka si\u0119 liczy!","robots":{"index":"index","follow":"follow","max-snippet":"max-snippet:-1","max-image-preview":"max-image-preview:large","max-video-preview":"max-video-preview:-1"},"canonical":"https:\/\/www.maitri.pl\/projekt\/pomoc-w-dozywianiu-ponad-200-dzieci-z-przedszkola-w-dimako\/","og_locale":"fr_FR","og_type":"article","og_title":"Pomoc w do\u017cywianiu ponad 200 dzieci z przedszkola w Dimako","og_description":"Pomoc w do\u017cywianiu ponad 200 dzieci z przedszkola w Dimako. O pomoc apeluj\u0105 Siostry Karmelitanki. Ka\u017cda z\u0142ot\u00f3wka si\u0119 liczy!","og_url":"https:\/\/www.maitri.pl\/projekt\/pomoc-w-dozywianiu-ponad-200-dzieci-z-przedszkola-w-dimako\/","og_site_name":"Ruch Maitri - Adopcja Serca pomoc Afryce","article_publisher":"https:\/\/www.facebook.com\/MAITRI.Adopcja.Serca.dzieci.Afryki\/","article_modified_time":"2023-02-10T11:22:10+00:00","og_image":[{"width":461,"height":446,"url":"https:\/\/www.maitri.pl\/wp-content\/uploads\/2021\/10\/111-projekt.png","type":"image\/png"}],"twitter_card":"summary_large_image","twitter_misc":{"Dur\u00e9e de lecture estim\u00e9e":"2 minutes"},"schema":{"@context":"https:\/\/schema.org","@graph":[{"@type":"WebPage","@id":"https:\/\/www.maitri.pl\/projekt\/pomoc-w-dozywianiu-ponad-200-dzieci-z-przedszkola-w-dimako\/","url":"https:\/\/www.maitri.pl\/projekt\/pomoc-w-dozywianiu-ponad-200-dzieci-z-przedszkola-w-dimako\/","name":"Pomoc w do\u017cywianiu ponad 200 dzieci z przedszkola w Dimako","isPartOf":{"@id":"https:\/\/www.maitri.pl\/#website"},"primaryImageOfPage":{"@id":"https:\/\/www.maitri.pl\/projekt\/pomoc-w-dozywianiu-ponad-200-dzieci-z-przedszkola-w-dimako\/#primaryimage"},"image":{"@id":"https:\/\/www.maitri.pl\/projekt\/pomoc-w-dozywianiu-ponad-200-dzieci-z-przedszkola-w-dimako\/#primaryimage"},"thumbnailUrl":"https:\/\/www.maitri.pl\/wp-content\/uploads\/2021\/10\/111-projekt.png","datePublished":"2021-10-25T08:21:39+00:00","dateModified":"2023-02-10T11:22:10+00:00","description":"Pomoc w do\u017cywianiu ponad 200 dzieci z przedszkola w Dimako. O pomoc apeluj\u0105 Siostry Karmelitanki. Ka\u017cda z\u0142ot\u00f3wka si\u0119 liczy!","breadcrumb":{"@id":"https:\/\/www.maitri.pl\/projekt\/pomoc-w-dozywianiu-ponad-200-dzieci-z-przedszkola-w-dimako\/#breadcrumb"},"inLanguage":"fr-FR","potentialAction":[{"@type":"ReadAction","target":["https:\/\/www.maitri.pl\/projekt\/pomoc-w-dozywianiu-ponad-200-dzieci-z-przedszkola-w-dimako\/"]}]},{"@type":"ImageObject","inLanguage":"fr-FR","@id":"https:\/\/www.maitri.pl\/projekt\/pomoc-w-dozywianiu-ponad-200-dzieci-z-przedszkola-w-dimako\/#primaryimage","url":"https:\/\/www.maitri.pl\/wp-content\/uploads\/2021\/10\/111-projekt.png","contentUrl":"https:\/\/www.maitri.pl\/wp-content\/uploads\/2021\/10\/111-projekt.png","width":461,"height":446,"caption":"Pomoc w do\u017cywianiu ponad 200 dzieci z przedszkola w Dimako pomoc Afryce pomoc ubogim Ruch Maitri Adopcja Serca pomoc humanitarna 01"},{"@type":"BreadcrumbList","@id":"https:\/\/www.maitri.pl\/projekt\/pomoc-w-dozywianiu-ponad-200-dzieci-z-przedszkola-w-dimako\/#breadcrumb","itemListElement":[{"@type":"ListItem","position":1,"name":"Strona g\u0142\u00f3wna","item":"https:\/\/www.maitri.pl\/"},{"@type":"ListItem","position":2,"name":"Sklep","item":"https:\/\/www.maitri.pl\/sklep\/"},{"@type":"ListItem","position":3,"name":"Pomoc w do\u017cywianiu ponad 200 dzieci z przedszkola w Dimako"}]},{"@type":"WebSite","@id":"https:\/\/www.maitri.pl\/#website","url":"https:\/\/www.maitri.pl\/","name":"Adopcja Serca Maitri \u2013 pomoc dzieciom w Afryce","description":"Adopcja Serca \u2013 adopcja na odleg\u0142o\u015b\u0107, pomoc Afryce, do\u017cywianie i edukacja w Afryce","publisher":{"@id":"https:\/\/www.maitri.pl\/#organization"},"potentialAction":[{"@type":"SearchAction","target":{"@type":"EntryPoint","urlTemplate":"https:\/\/www.maitri.pl\/?s={search_term_string}"},"query-input":{"@type":"PropertyValueSpecification","valueRequired":true,"valueName":"search_term_string"}}],"inLanguage":"fr-FR"},{"@type":"Organization","@id":"https:\/\/www.maitri.pl\/#organization","name":"Stowarzyszenie Ruchu Maitri","url":"https:\/\/www.maitri.pl\/","logo":{"@type":"ImageObject","inLanguage":"fr-FR","@id":"https:\/\/www.maitri.pl\/#\/schema\/logo\/image\/","url":"https:\/\/www.maitri.pl\/wp-content\/uploads\/2020\/04\/duze_logo-81.png","contentUrl":"https:\/\/www.maitri.pl\/wp-content\/uploads\/2020\/04\/duze_logo-81.png","width":339,"height":321,"caption":"Stowarzyszenie Ruchu Maitri"},"image":{"@id":"https:\/\/www.maitri.pl\/#\/schema\/logo\/image\/"},"sameAs":["https:\/\/www.facebook.com\/MAITRI.Adopcja.Serca.dzieci.Afryki\/"]}]}},"_links":{"self":[{"href":"https:\/\/www.maitri.pl\/fr\/wp-json\/wp\/v2\/product\/23541","targetHints":{"allow":["GET"]}}],"collection":[{"href":"https:\/\/www.maitri.pl\/fr\/wp-json\/wp\/v2\/product"}],"about":[{"href":"https:\/\/www.maitri.pl\/fr\/wp-json\/wp\/v2\/types\/product"}],"wp:featuredmedia":[{"embeddable":true,"href":"https:\/\/www.maitri.pl\/fr\/wp-json\/wp\/v2\/media\/23542"}],"wp:attachment":[{"href":"https:\/\/www.maitri.pl\/fr\/wp-json\/wp\/v2\/media?parent=23541"}],"wp:term":[{"taxonomy":"product_brand","embeddable":true,"href":"https:\/\/www.maitri.pl\/fr\/wp-json\/wp\/v2\/product_brand?post=23541"},{"taxonomy":"product_cat","embeddable":true,"href":"https:\/\/www.maitri.pl\/fr\/wp-json\/wp\/v2\/product_cat?post=23541"},{"taxonomy":"product_tag","embeddable":true,"href":"https:\/\/www.maitri.pl\/fr\/wp-json\/wp\/v2\/product_tag?post=23541"}],"curies":[{"name":"wp","href":"https:\/\/api.w.org\/{rel}","templated":true}]}}