{"id":23534,"date":"2021-10-25T10:31:11","date_gmt":"2021-10-25T08:31:11","guid":{"rendered":"https:\/\/www.maitri.pl\/?post_type=product&#038;p=23534"},"modified":"2023-02-10T12:21:09","modified_gmt":"2023-02-10T11:21:09","slug":"dzieci-ze-szkoly-podstawowej-dimako","status":"publish","type":"product","link":"https:\/\/www.maitri.pl\/fr\/projekt\/dzieci-ze-szkoly-podstawowej-dimako\/","title":{"rendered":"Nakarm dzieci ze Szko\u0142y Podstawowej Dzieci\u0105tka Jezus w Dimako"},"content":{"rendered":"<h4>Posi\u0142ek ka\u017cdego dnia!<\/h4>\n<p>Jak wielkim dobrem jest do\u017cywianie dzieci w afryka\u0144skich realiach, chyba nie trzeba nikogo przekonywa\u0107. Ka\u017cdego dnia staramy si\u0119 zapewni\u0107 dzieciom w szkole skromny posi\u0142ek. Dla wielu naszych dzieci ten szkolny posi\u0142ek jest g\u0142\u00f3wnym posi\u0142kiem dnia. A niekt\u00f3re dzieci czeka po szkole jeszcze d\u0142uga droga z powrotem do domu w pe\u0142nym s\u0142o\u0144cu. Razem z nami nakarm dzieci ze Szko\u0142y Podstawowej Dzieci\u0105tka Jezus w Dimako!<\/p>\n<h4>Zbawienny posi\u0142ek<\/h4>\n<p>Dzieci w Kamerunie cz\u0119sto id\u0105 do szko\u0142y g\u0142odne. Niekt\u00f3re z nich przybywaj\u0105 z odleg\u0142ych wiosek oddalonych nawet o 15 km od szko\u0142y. Ten szkolny posi\u0142ek jest dla nich zbawienny. G\u0142\u00f3d na pewno nie pozwala na dobr\u0105 koncentracj\u0119, a nasze <a href=\"https:\/\/www.maitri.pl\/adopcja-serca\/\" target=\"_blank\" rel=\"noopener\">dzieci maj\u0105 najlepsze wyniki<\/a> w por\u00f3wnaniu z innymi szko\u0142ami w mie\u015bcie. Jedn\u0105 z przyczyn tego sukcesu jest w\u0142a\u015bnie ten posi\u0142ek. Nasze dzieci nie s\u0105 g\u0142odne w szkole i mog\u0105 bez trudu przyswaja\u0107 sobie przekazywan\u0105 im wiedz\u0119.<\/p>\n<h4>Nakarmimy 300 dzieci<\/h4>\n<p>Dlatego wdzi\u0119czne za te dobrodziejstwa, jeszcze raz wyra\u017camy ogromn\u0105 wdzi\u0119czno\u015b\u0107 za wieloletni\u0105 wsp\u00f3\u0142prac\u0119 i za to, \u017ce zawsze mo\u017cemy na Was liczy\u0107. Nasz\u0105 wdzi\u0119czno\u015b\u0107 wyra\u017camy ka\u017cdego dnia w modlitwie za Was, i nasi najm\u0142odsi te\u017c o Was pami\u0119taj\u0105. Do\u017cywianiem jest obj\u0119tych ok. 300 dzieci ze Szko\u0142y Podstawowej przez okres 10 miesi\u0119cy. Na do\u017cywianie 1 dziecka przez miesi\u0105c potrzeba tylko oko\u0142o 1,5 euro. To tak niewiele, \u017ceby dziecko nie by\u0142o g\u0142odne przez ca\u0142y miesi\u0105c. Prosimy o wsparcie naszego projektu.<\/p>\n<h4><strong>Kosztorys:<\/strong><\/h4>\n<table>\n<tbody>\n<tr>\n<td width=\"38\">Lp.<\/td>\n<td width=\"261\">OPIS<\/td>\n<td width=\"94\">ilo\u015b\u0107<\/td>\n<td width=\"121\">Cena w miejscowej walucie<\/td>\n<td width=\"129\">Kwota w miejscowej walucie<\/td>\n<\/tr>\n<tr>\n<td width=\"38\">1<\/td>\n<td width=\"261\">Bouille (mieszanka m\u0105ki)<\/td>\n<td width=\"94\">350 kg<\/td>\n<td width=\"121\">1.500<\/td>\n<td width=\"129\">525.000<\/td>\n<\/tr>\n<tr>\n<td width=\"38\">2<\/td>\n<td width=\"261\">Ry\u017c<\/td>\n<td width=\"94\">700 kg<\/td>\n<td width=\"121\">20.000\/ 50 kg<\/td>\n<td width=\"129\">280.000<\/td>\n<\/tr>\n<tr>\n<td width=\"38\">3<\/td>\n<td width=\"261\">M\u0105ka<\/td>\n<td width=\"94\">400 kg<\/td>\n<td width=\"121\">20.000\/ 50 kg<\/td>\n<td width=\"129\">60.000<\/td>\n<\/tr>\n<tr>\n<td width=\"38\">4<\/td>\n<td width=\"261\">Olej<\/td>\n<td width=\"94\">300 l<\/td>\n<td width=\"121\">20l\/ 22.000<\/td>\n<td width=\"129\">300.000<\/td>\n<\/tr>\n<tr>\n<td width=\"38\">5<\/td>\n<td width=\"261\">Sardynki<\/td>\n<td width=\"94\">19 paczek<\/td>\n<td width=\"121\">17.000<\/td>\n<td width=\"129\">323.000<\/td>\n<\/tr>\n<tr>\n<td width=\"38\">6<\/td>\n<td width=\"261\">Cukier<\/td>\n<td width=\"94\">275 kg<\/td>\n<td width=\"121\">35.000\/ 25 kg<\/td>\n<td width=\"129\">385.000<\/td>\n<\/tr>\n<tr>\n<td width=\"38\">7<\/td>\n<td width=\"261\">s\u0142odycze<\/td>\n<td width=\"94\">30 paczek<\/td>\n<td width=\"121\">5.000<\/td>\n<td width=\"129\">150.000<\/td>\n<\/tr>\n<tr>\n<td width=\"38\">8<\/td>\n<td width=\"261\">Przecier pomidorowy<\/td>\n<td width=\"94\">20 paczek<\/td>\n<td width=\"121\">4.500<\/td>\n<td width=\"129\">90.000<\/td>\n<\/tr>\n<tr>\n<td width=\"38\">9<\/td>\n<td width=\"261\">Dodatki (cebula, jarzyny, przyprawy, s\u00f3l, dro\u017cd\u017ce)<\/td>\n<td width=\"94\"><\/td>\n<td width=\"121\"><\/td>\n<td width=\"129\">180.000<\/td>\n<\/tr>\n<tr>\n<td width=\"38\">10<\/td>\n<td width=\"261\">Wynagrodzenie kucharek<\/td>\n<td width=\"94\">10 miesi\u0119cy<\/td>\n<td width=\"121\">45.000<\/td>\n<td width=\"129\">450.000<\/td>\n<\/tr>\n<tr>\n<td width=\"38\">11<\/td>\n<td width=\"261\">Transport<\/td>\n<td width=\"94\"><\/td>\n<td width=\"121\"><\/td>\n<td width=\"129\">80.000<\/td>\n<\/tr>\n<tr>\n<td width=\"38\">12<\/td>\n<td width=\"261\">Drewno do kuchni<\/td>\n<td width=\"94\"><\/td>\n<td width=\"121\"><\/td>\n<td width=\"129\">50.000<\/td>\n<\/tr>\n<tr>\n<td width=\"38\"><strong>\u00a0<\/strong><\/td>\n<td width=\"261\"><strong>PODSUMOWANIE<\/strong><\/td>\n<td width=\"94\"><strong>\u00a0<\/strong><\/td>\n<td width=\"121\"><strong>\u00a0<\/strong><\/td>\n<td width=\"129\"><strong>2.973.000 FR<\/strong><\/td>\n<\/tr>\n<\/tbody>\n<\/table>\n<p><em>s. Wirgilia Bondel, <a href=\"http:\/\/www.karmelitanki.pl\/\" target=\"_blank\" rel=\"noopener noreferrer\">Zgromadzenie Si\u00f3str Karmelitanek Dzieci\u0105tka Jezus<\/a><\/em><\/p>\n<p><strong>Podsumowanie w miejscowej walucie: 2.973.000 frank\u00f3w CFA<\/strong><\/p>\n<p>Numer projektu:\u00a0<strong>110\/KARML<\/strong><\/p>\n<p style=\"text-align: justify;\"><span style=\"color: #ff0000;\"><span style=\"font-size: large;\"><b>Kwota projektu : 5000 \u20ac<\/b><\/span><\/span><\/p>\n<p style=\"text-align: justify;\"><span style=\"font-size: large;\"><em><span style=\"color: #999999;\"><span style=\"font-size: medium;\">Stowarzyszenie Ruchu Maitri przeznacza do 10% otrzymanych \u015brodk\u00f3w na koszty funkcjonowania biura i pozyskiwanie funduszy pomocowych.<\/span><\/span><\/em><\/span><\/p>\n<h3 style=\"text-align: center;\"><strong>Zbi\u00f3rka zako\u0144czona. Zebrana kwota: 3330,00 \u20ac.<\/strong><\/h3>\n<h3 style=\"text-align: justify;\" align=\"JUSTIFY\"><span style=\"color: #808080;\">Nakarm dzieci ze Szko\u0142y Podstawowej Dzieci\u0105tka Jezus w Dimako w Kamerunie<\/span><\/h3>\n","protected":false},"excerpt":{"rendered":"<p><strong>Projekt:\u00a0<\/strong> <em>s. Wirgilia Bondel, <a href=\"http:\/\/www.karmelitanki.pl\/\" target=\"_blank\" rel=\"noopener noreferrer\">Zgromadzenie Si\u00f3str Karmelitanek Dzieci\u0105tka Jezus<\/a><\/em><br \/>\n<strong>Misja:<\/strong> Dimako, <a href=\"https:\/\/www.maitri.pl\/gdzie-pomagamy\/\" target=\"_blank\" rel=\"noopener noreferrer\">Kamerun<\/a><br \/>\n<strong>Kwota projektu: <span style=\"color: #ff0000;\">5000 \u20ac<\/span><\/strong><\/p>\n","protected":false},"featured_media":23535,"template":"","meta":[],"product_brand":[],"product_cat":[656],"product_tag":[675,676,658,680,677],"class_list":{"0":"post-23534","1":"product","2":"type-product","3":"status-publish","4":"has-post-thumbnail","6":"product_cat-bez-kategorii","7":"product_tag-dimako","8":"product_tag-dozywianie","9":"product_tag-kamerun","10":"product_tag-siostra-wirgilia-bondel","11":"product_tag-zgromadzenie-siostr-karmelitanek-dzieciatka-jezus","13":"first","14":"instock","15":"virtual","16":"purchasable","17":"product-type-simple"},"yoast_head":"<!-- This site is optimized with the Yoast SEO plugin v27.2 - https:\/\/yoast.com\/product\/yoast-seo-wordpress\/ -->\n<title>Nakarm dzieci ze Szko\u0142y Podstawowej Dzieci\u0105tka Jezus w Dimako<\/title>\n<meta name=\"description\" content=\"Nakarm dzieci ze Szko\u0142y Podstawowej Dzieci\u0105tka Jezus w Dimako. Siostry Karmelitanki z Kamerunu apeluj\u0105 o wsparcie akcji do\u017cywiania.\" \/>\n<meta name=\"robots\" content=\"index, follow, max-snippet:-1, max-image-preview:large, max-video-preview:-1\" \/>\n<link rel=\"canonical\" href=\"https:\/\/www.maitri.pl\/projekt\/dzieci-ze-szkoly-podstawowej-dimako\/\" \/>\n<meta property=\"og:locale\" content=\"fr_FR\" \/>\n<meta property=\"og:type\" content=\"article\" \/>\n<meta property=\"og:title\" content=\"Nakarm dzieci ze Szko\u0142y Podstawowej Dzieci\u0105tka Jezus w Dimako\" \/>\n<meta property=\"og:description\" content=\"Nakarm dzieci ze Szko\u0142y Podstawowej Dzieci\u0105tka Jezus w Dimako. Siostry Karmelitanki z Kamerunu apeluj\u0105 o wsparcie akcji do\u017cywiania.\" \/>\n<meta property=\"og:url\" content=\"https:\/\/www.maitri.pl\/projekt\/dzieci-ze-szkoly-podstawowej-dimako\/\" \/>\n<meta property=\"og:site_name\" content=\"Ruch Maitri - Adopcja Serca pomoc Afryce\" \/>\n<meta property=\"article:publisher\" content=\"https:\/\/www.facebook.com\/MAITRI.Adopcja.Serca.dzieci.Afryki\/\" \/>\n<meta property=\"article:modified_time\" content=\"2023-02-10T11:21:09+00:00\" \/>\n<meta property=\"og:image\" content=\"https:\/\/www.maitri.pl\/wp-content\/uploads\/2021\/10\/110-karml_1-scaled.jpg\" \/>\n\t<meta property=\"og:image:width\" content=\"2560\" \/>\n\t<meta property=\"og:image:height\" content=\"1443\" \/>\n\t<meta property=\"og:image:type\" content=\"image\/jpeg\" \/>\n<meta name=\"twitter:card\" content=\"summary_large_image\" \/>\n<meta name=\"twitter:label1\" content=\"Dur\u00e9e de lecture estim\u00e9e\" \/>\n\t<meta name=\"twitter:data1\" content=\"2 minutes\" \/>\n<script type=\"application\/ld+json\" class=\"yoast-schema-graph\">{\"@context\":\"https:\/\/schema.org\",\"@graph\":[{\"@type\":\"WebPage\",\"@id\":\"https:\/\/www.maitri.pl\/projekt\/dzieci-ze-szkoly-podstawowej-dimako\/\",\"url\":\"https:\/\/www.maitri.pl\/projekt\/dzieci-ze-szkoly-podstawowej-dimako\/\",\"name\":\"Nakarm dzieci ze Szko\u0142y Podstawowej Dzieci\u0105tka Jezus w Dimako\",\"isPartOf\":{\"@id\":\"https:\/\/www.maitri.pl\/#website\"},\"primaryImageOfPage\":{\"@id\":\"https:\/\/www.maitri.pl\/projekt\/dzieci-ze-szkoly-podstawowej-dimako\/#primaryimage\"},\"image\":{\"@id\":\"https:\/\/www.maitri.pl\/projekt\/dzieci-ze-szkoly-podstawowej-dimako\/#primaryimage\"},\"thumbnailUrl\":\"https:\/\/www.maitri.pl\/wp-content\/uploads\/2021\/10\/110-karml_1-scaled.jpg\",\"datePublished\":\"2021-10-25T08:31:11+00:00\",\"dateModified\":\"2023-02-10T11:21:09+00:00\",\"description\":\"Nakarm dzieci ze Szko\u0142y Podstawowej Dzieci\u0105tka Jezus w Dimako. Siostry Karmelitanki z Kamerunu apeluj\u0105 o wsparcie akcji do\u017cywiania.\",\"breadcrumb\":{\"@id\":\"https:\/\/www.maitri.pl\/projekt\/dzieci-ze-szkoly-podstawowej-dimako\/#breadcrumb\"},\"inLanguage\":\"fr-FR\",\"potentialAction\":[{\"@type\":\"ReadAction\",\"target\":[\"https:\/\/www.maitri.pl\/projekt\/dzieci-ze-szkoly-podstawowej-dimako\/\"]}]},{\"@type\":\"ImageObject\",\"inLanguage\":\"fr-FR\",\"@id\":\"https:\/\/www.maitri.pl\/projekt\/dzieci-ze-szkoly-podstawowej-dimako\/#primaryimage\",\"url\":\"https:\/\/www.maitri.pl\/wp-content\/uploads\/2021\/10\/110-karml_1-scaled.jpg\",\"contentUrl\":\"https:\/\/www.maitri.pl\/wp-content\/uploads\/2021\/10\/110-karml_1-scaled.jpg\",\"width\":2560,\"height\":1443,\"caption\":\"Nakarm dzieci ze Szko\u0142y Podstawowej Dzieci\u0105tka Jezus w Dimako 01 Ruch Maitri Adopcja Serca pomoc Afryce 01\"},{\"@type\":\"BreadcrumbList\",\"@id\":\"https:\/\/www.maitri.pl\/projekt\/dzieci-ze-szkoly-podstawowej-dimako\/#breadcrumb\",\"itemListElement\":[{\"@type\":\"ListItem\",\"position\":1,\"name\":\"Strona g\u0142\u00f3wna\",\"item\":\"https:\/\/www.maitri.pl\/\"},{\"@type\":\"ListItem\",\"position\":2,\"name\":\"Sklep\",\"item\":\"https:\/\/www.maitri.pl\/sklep\/\"},{\"@type\":\"ListItem\",\"position\":3,\"name\":\"Nakarm dzieci ze Szko\u0142y Podstawowej Dzieci\u0105tka Jezus w Dimako\"}]},{\"@type\":\"WebSite\",\"@id\":\"https:\/\/www.maitri.pl\/#website\",\"url\":\"https:\/\/www.maitri.pl\/\",\"name\":\"Adopcja Serca Maitri \u2013 pomoc dzieciom w Afryce\",\"description\":\"Adopcja Serca \u2013 adopcja na odleg\u0142o\u015b\u0107, pomoc Afryce, do\u017cywianie i edukacja w Afryce\",\"publisher\":{\"@id\":\"https:\/\/www.maitri.pl\/#organization\"},\"potentialAction\":[{\"@type\":\"SearchAction\",\"target\":{\"@type\":\"EntryPoint\",\"urlTemplate\":\"https:\/\/www.maitri.pl\/?s={search_term_string}\"},\"query-input\":{\"@type\":\"PropertyValueSpecification\",\"valueRequired\":true,\"valueName\":\"search_term_string\"}}],\"inLanguage\":\"fr-FR\"},{\"@type\":\"Organization\",\"@id\":\"https:\/\/www.maitri.pl\/#organization\",\"name\":\"Stowarzyszenie Ruchu Maitri\",\"url\":\"https:\/\/www.maitri.pl\/\",\"logo\":{\"@type\":\"ImageObject\",\"inLanguage\":\"fr-FR\",\"@id\":\"https:\/\/www.maitri.pl\/#\/schema\/logo\/image\/\",\"url\":\"https:\/\/www.maitri.pl\/wp-content\/uploads\/2020\/04\/duze_logo-81.png\",\"contentUrl\":\"https:\/\/www.maitri.pl\/wp-content\/uploads\/2020\/04\/duze_logo-81.png\",\"width\":339,\"height\":321,\"caption\":\"Stowarzyszenie Ruchu Maitri\"},\"image\":{\"@id\":\"https:\/\/www.maitri.pl\/#\/schema\/logo\/image\/\"},\"sameAs\":[\"https:\/\/www.facebook.com\/MAITRI.Adopcja.Serca.dzieci.Afryki\/\"]}]}<\/script>\n<!-- \/ Yoast SEO plugin. -->","yoast_head_json":{"title":"Nakarm dzieci ze Szko\u0142y Podstawowej Dzieci\u0105tka Jezus w Dimako","description":"Nakarm dzieci ze Szko\u0142y Podstawowej Dzieci\u0105tka Jezus w Dimako. Siostry Karmelitanki z Kamerunu apeluj\u0105 o wsparcie akcji do\u017cywiania.","robots":{"index":"index","follow":"follow","max-snippet":"max-snippet:-1","max-image-preview":"max-image-preview:large","max-video-preview":"max-video-preview:-1"},"canonical":"https:\/\/www.maitri.pl\/projekt\/dzieci-ze-szkoly-podstawowej-dimako\/","og_locale":"fr_FR","og_type":"article","og_title":"Nakarm dzieci ze Szko\u0142y Podstawowej Dzieci\u0105tka Jezus w Dimako","og_description":"Nakarm dzieci ze Szko\u0142y Podstawowej Dzieci\u0105tka Jezus w Dimako. Siostry Karmelitanki z Kamerunu apeluj\u0105 o wsparcie akcji do\u017cywiania.","og_url":"https:\/\/www.maitri.pl\/projekt\/dzieci-ze-szkoly-podstawowej-dimako\/","og_site_name":"Ruch Maitri - Adopcja Serca pomoc Afryce","article_publisher":"https:\/\/www.facebook.com\/MAITRI.Adopcja.Serca.dzieci.Afryki\/","article_modified_time":"2023-02-10T11:21:09+00:00","og_image":[{"width":2560,"height":1443,"url":"https:\/\/www.maitri.pl\/wp-content\/uploads\/2021\/10\/110-karml_1-scaled.jpg","type":"image\/jpeg"}],"twitter_card":"summary_large_image","twitter_misc":{"Dur\u00e9e de lecture estim\u00e9e":"2 minutes"},"schema":{"@context":"https:\/\/schema.org","@graph":[{"@type":"WebPage","@id":"https:\/\/www.maitri.pl\/projekt\/dzieci-ze-szkoly-podstawowej-dimako\/","url":"https:\/\/www.maitri.pl\/projekt\/dzieci-ze-szkoly-podstawowej-dimako\/","name":"Nakarm dzieci ze Szko\u0142y Podstawowej Dzieci\u0105tka Jezus w Dimako","isPartOf":{"@id":"https:\/\/www.maitri.pl\/#website"},"primaryImageOfPage":{"@id":"https:\/\/www.maitri.pl\/projekt\/dzieci-ze-szkoly-podstawowej-dimako\/#primaryimage"},"image":{"@id":"https:\/\/www.maitri.pl\/projekt\/dzieci-ze-szkoly-podstawowej-dimako\/#primaryimage"},"thumbnailUrl":"https:\/\/www.maitri.pl\/wp-content\/uploads\/2021\/10\/110-karml_1-scaled.jpg","datePublished":"2021-10-25T08:31:11+00:00","dateModified":"2023-02-10T11:21:09+00:00","description":"Nakarm dzieci ze Szko\u0142y Podstawowej Dzieci\u0105tka Jezus w Dimako. Siostry Karmelitanki z Kamerunu apeluj\u0105 o wsparcie akcji do\u017cywiania.","breadcrumb":{"@id":"https:\/\/www.maitri.pl\/projekt\/dzieci-ze-szkoly-podstawowej-dimako\/#breadcrumb"},"inLanguage":"fr-FR","potentialAction":[{"@type":"ReadAction","target":["https:\/\/www.maitri.pl\/projekt\/dzieci-ze-szkoly-podstawowej-dimako\/"]}]},{"@type":"ImageObject","inLanguage":"fr-FR","@id":"https:\/\/www.maitri.pl\/projekt\/dzieci-ze-szkoly-podstawowej-dimako\/#primaryimage","url":"https:\/\/www.maitri.pl\/wp-content\/uploads\/2021\/10\/110-karml_1-scaled.jpg","contentUrl":"https:\/\/www.maitri.pl\/wp-content\/uploads\/2021\/10\/110-karml_1-scaled.jpg","width":2560,"height":1443,"caption":"Nakarm dzieci ze Szko\u0142y Podstawowej Dzieci\u0105tka Jezus w Dimako 01 Ruch Maitri Adopcja Serca pomoc Afryce 01"},{"@type":"BreadcrumbList","@id":"https:\/\/www.maitri.pl\/projekt\/dzieci-ze-szkoly-podstawowej-dimako\/#breadcrumb","itemListElement":[{"@type":"ListItem","position":1,"name":"Strona g\u0142\u00f3wna","item":"https:\/\/www.maitri.pl\/"},{"@type":"ListItem","position":2,"name":"Sklep","item":"https:\/\/www.maitri.pl\/sklep\/"},{"@type":"ListItem","position":3,"name":"Nakarm dzieci ze Szko\u0142y Podstawowej Dzieci\u0105tka Jezus w Dimako"}]},{"@type":"WebSite","@id":"https:\/\/www.maitri.pl\/#website","url":"https:\/\/www.maitri.pl\/","name":"Adopcja Serca Maitri \u2013 pomoc dzieciom w Afryce","description":"Adopcja Serca \u2013 adopcja na odleg\u0142o\u015b\u0107, pomoc Afryce, do\u017cywianie i edukacja w Afryce","publisher":{"@id":"https:\/\/www.maitri.pl\/#organization"},"potentialAction":[{"@type":"SearchAction","target":{"@type":"EntryPoint","urlTemplate":"https:\/\/www.maitri.pl\/?s={search_term_string}"},"query-input":{"@type":"PropertyValueSpecification","valueRequired":true,"valueName":"search_term_string"}}],"inLanguage":"fr-FR"},{"@type":"Organization","@id":"https:\/\/www.maitri.pl\/#organization","name":"Stowarzyszenie Ruchu Maitri","url":"https:\/\/www.maitri.pl\/","logo":{"@type":"ImageObject","inLanguage":"fr-FR","@id":"https:\/\/www.maitri.pl\/#\/schema\/logo\/image\/","url":"https:\/\/www.maitri.pl\/wp-content\/uploads\/2020\/04\/duze_logo-81.png","contentUrl":"https:\/\/www.maitri.pl\/wp-content\/uploads\/2020\/04\/duze_logo-81.png","width":339,"height":321,"caption":"Stowarzyszenie Ruchu Maitri"},"image":{"@id":"https:\/\/www.maitri.pl\/#\/schema\/logo\/image\/"},"sameAs":["https:\/\/www.facebook.com\/MAITRI.Adopcja.Serca.dzieci.Afryki\/"]}]}},"_links":{"self":[{"href":"https:\/\/www.maitri.pl\/fr\/wp-json\/wp\/v2\/product\/23534","targetHints":{"allow":["GET"]}}],"collection":[{"href":"https:\/\/www.maitri.pl\/fr\/wp-json\/wp\/v2\/product"}],"about":[{"href":"https:\/\/www.maitri.pl\/fr\/wp-json\/wp\/v2\/types\/product"}],"wp:featuredmedia":[{"embeddable":true,"href":"https:\/\/www.maitri.pl\/fr\/wp-json\/wp\/v2\/media\/23535"}],"wp:attachment":[{"href":"https:\/\/www.maitri.pl\/fr\/wp-json\/wp\/v2\/media?parent=23534"}],"wp:term":[{"taxonomy":"product_brand","embeddable":true,"href":"https:\/\/www.maitri.pl\/fr\/wp-json\/wp\/v2\/product_brand?post=23534"},{"taxonomy":"product_cat","embeddable":true,"href":"https:\/\/www.maitri.pl\/fr\/wp-json\/wp\/v2\/product_cat?post=23534"},{"taxonomy":"product_tag","embeddable":true,"href":"https:\/\/www.maitri.pl\/fr\/wp-json\/wp\/v2\/product_tag?post=23534"}],"curies":[{"name":"wp","href":"https:\/\/api.w.org\/{rel}","templated":true}]}}